{"id":1813,"date":"2024-04-02T02:28:40","date_gmt":"2024-04-02T02:28:40","guid":{"rendered":"https:\/\/lightgrey-porpoise-816575.hostingersite.com\/?post_type=product&#038;p=1813"},"modified":"2024-04-02T02:34:38","modified_gmt":"2024-04-02T02:34:38","slug":"powder-elevator-hopper-conveyor","status":"publish","type":"product","link":"https:\/\/swoer.com\/pl\/manufacturer\/powder-elevator-hopper-conveyor\/","title":{"rendered":"Przeno\u015bnik zasypowy przeno\u015bnika proszkowego"},"content":{"rendered":"<p>Do\u015bwiadcz bezproblemowego transportu materia\u0142\u00f3w dzi\u0119ki naszemu przeno\u015bnikowi z przeno\u015bnikiem proszkowym. Zaprojektowany z my\u015bl\u0105 o wydajno\u015bci i niezawodno\u015bci, nasz system usprawnia przenoszenie sproszkowanych materia\u0142\u00f3w, zapewniaj\u0105c p\u0142ynny przep\u0142yw pracy i zoptymalizowane procesy produkcyjne. Usprawnij swoje operacje dzi\u0119ki naszemu najnowocze\u015bniejszemu rozwi\u0105zaniu.<\/p>\n\t<div id=\"gap-1708158743\" class=\"gap-element clearfix\" style=\"display:block; height:auto;\">\n\t\t\n<style>\n#gap-1708158743 {\n  padding-top: 30px;\n}\n<\/style>\n\t<\/div>\n\t\n<h2>Opis:<\/h2>\n<table style=\"border-collapse: collapse; width: 585.77pt;\" border=\"0\" width=\"781\" cellspacing=\"0\" cellpadding=\"0\">\n<tbody>\n<tr style=\"height: 32.00pt;\">\n<td class=\"et3\" style=\"height: 32.00pt; width: 145.50pt;\" width=\"194\" height=\"42\">Nazwa produktu<\/td>\n<td class=\"et4\" style=\"width: 440.25pt;\" width=\"587\">Przeno\u015bnik zasypowy przeno\u015bnika proszkowego<\/td>\n<\/tr>\n<tr style=\"height: 32.00pt;\">\n<td class=\"et3\" style=\"height: 32.00pt;\" height=\"42\">Nazwa handlowa<\/td>\n<td class=\"et4\">PRZE\u015aMIECH<\/td>\n<\/tr>\n<tr style=\"height: 32.00pt;\">\n<td class=\"et3\" style=\"height: 32.00pt;\" height=\"42\">Wymiar (L*W*H)<\/td>\n<td class=\"et4\">Wytworzone na zam\u00f3wienie<\/td>\n<\/tr>\n<tr style=\"height: 32.00pt;\">\n<td class=\"et3\" style=\"height: 32.00pt;\" height=\"42\">Waga<\/td>\n<td class=\"et4\">Wytworzone na zam\u00f3wienie<\/td>\n<\/tr>\n<tr style=\"height: 32.00pt;\">\n<td class=\"et3\" style=\"height: 32.00pt;\" height=\"42\">Kolor<\/td>\n<td class=\"et4\">Wymagania klienta<\/td>\n<\/tr>\n<tr style=\"height: 32.00pt;\">\n<td class=\"et3\" style=\"height: 32.00pt;\" height=\"42\">Wydajno\u015b\u0107 (t\/h)<\/td>\n<td class=\"et4\">0,1-6 t\/h<\/td>\n<\/tr>\n<tr style=\"height: 32.00pt;\">\n<td class=\"et3\" style=\"height: 32.00pt;\" height=\"42\">Napi\u0119cie<\/td>\n<td class=\"et4\">85-260 V<\/td>\n<\/tr>\n<tr style=\"height: 32.00pt;\">\n<td class=\"et3\" style=\"height: 32.00pt;\" height=\"42\">Cz\u0119stotliwo\u015b\u0107<\/td>\n<td class=\"et4\">40-400 Hz<\/td>\n<\/tr>\n<tr style=\"height: 32.00pt;\">\n<td class=\"et3\" style=\"height: 32.00pt;\" height=\"42\">Gwarancja<\/td>\n<td class=\"et4\">1 rok<\/td>\n<\/tr>\n<tr style=\"height: 32.00pt;\">\n<td class=\"et3\" style=\"height: 32.00pt;\" height=\"42\">MOQ<\/td>\n<td class=\"et4\">1 zestaw<\/td>\n<\/tr>\n<tr style=\"height: 32.00pt;\">\n<td class=\"et3\" style=\"height: 32.00pt;\" height=\"42\">Czas realizacji<\/td>\n<td class=\"et4\">7-10 dni<\/td>\n<\/tr>\n<tr style=\"height: 32.00pt;\">\n<td class=\"et3\" style=\"height: 32.00pt;\" height=\"42\">7-10 dni<\/td>\n<td class=\"et4\">Pud\u0142o ze sklejki<\/td>\n<\/tr>\n<tr style=\"height: 32.00pt;\">\n<td class=\"et3\" style=\"height: 32.00pt;\" height=\"42\">Termin p\u0142atno\u015bci<\/td>\n<td class=\"et4\">T\/T 40% Depozyt i saldo przed wysy\u0142k\u0105<\/td>\n<\/tr>\n<tr style=\"height: 32.00pt;\">\n<td class=\"et3\" style=\"height: 32.00pt;\" height=\"42\">Miejsce pochodzenia<\/td>\n<td class=\"et4\">Guangdong, Chiny<\/td>\n<\/tr>\n<\/tbody>\n<\/table>\n\t<div id=\"gap-920694855\" class=\"gap-element clearfix\" style=\"display:block; height:auto;\">\n\t\t\n<style>\n#gap-920694855 {\n  padding-top: 30px;\n}\n<\/style>\n\t<\/div>\n\t\n<h2>Cz\u0119sto zadawane pytania:<\/h2>\n<p><strong>1. W jaki spos\u00f3b przeno\u015bnik z przeno\u015bnikiem proszkowym usprawnia proces transportu materia\u0142\u00f3w?<\/strong><\/p>\n<p>Nasz przeno\u015bnik z przeno\u015bnikiem proszkowym u\u0142atwia bezproblemowe i wydajne przenoszenie sproszkowanych materia\u0142\u00f3w, minimalizuj\u0105c r\u0119czn\u0105 obs\u0142ug\u0119 i optymalizuj\u0105c przep\u0142yw pracy. Zapewnia sp\u00f3jny i niezawodny transport, redukuj\u0105c przestoje i zwi\u0119kszaj\u0105c og\u00f3ln\u0105 produktywno\u015b\u0107 operacji.<\/p>\n<p><strong>2. Czy ten system przeno\u015bnik\u00f3w mo\u017ce pomie\u015bci\u0107 r\u00f3\u017cne rodzaje materia\u0142\u00f3w sproszkowanych?<\/strong><\/p>\n<p>Absolutnie. Nasz przeno\u015bnik zasypowy z przeno\u015bnikiem proszkowym jest wszechstronny i zaprojektowany do obs\u0142ugi szerokiej gamy materia\u0142\u00f3w w proszku, w tym mi\u0119dzy innymi m\u0105ki, cukru, przypraw i proszk\u00f3w farmaceutycznych. Jego elastyczna konstrukcja zapewnia optymaln\u0105 wydajno\u015b\u0107 w r\u00f3\u017cnych bran\u017cach i zastosowaniach.<\/p>\n<p><strong>3. Czy system przeno\u015bnik\u00f3w jest \u0142atwy w instalacji i integracji z moj\u0105 istniej\u0105c\u0105 konfiguracj\u0105?<\/strong><\/p>\n<p>Tak, instalacja i integracja to proste procesy. Nasz zesp\u00f3\u0142 zapewnia kompleksowe wsparcie, aby zapewni\u0107 bezproblemow\u0105 instalacj\u0119 i integracj\u0119 przeno\u015bnika leja proszkowego z istniej\u0105c\u0105 lini\u0105 produkcyjn\u0105. Naszym priorytetem s\u0105 minimalne zak\u0142\u00f3cenia w Twojej dzia\u0142alno\u015bci, dzi\u0119ki czemu mo\u017cesz szybko czerpa\u0107 korzy\u015bci ze zwi\u0119kszonej wydajno\u015bci transportu materia\u0142\u00f3w.<\/p>\n<p><strong>4. W jaki spos\u00f3b ten system przeno\u015bnik\u00f3w przyczynia si\u0119 do bezpiecze\u0144stwa w miejscu pracy?<\/strong><\/p>\n<p>Przeno\u015bnik z przeno\u015bnikiem proszkowym minimalizuje r\u0119czne przenoszenie sproszkowanych materia\u0142\u00f3w, zmniejszaj\u0105c ryzyko wypadk\u00f3w w miejscu pracy i obra\u017ce\u0144 zwi\u0105zanych z podnoszeniem i transportem ci\u0119\u017ckich \u0142adunk\u00f3w. Jego zautomatyzowane dzia\u0142anie zapewnia kontrolowany i bezpieczny transfer materia\u0142\u00f3w, promuj\u0105c bezpieczniejsze \u015brodowisko pracy dla Twoich pracownik\u00f3w.<\/p>\n<p><strong>5. Jakiego rodzaju konserwacja jest wymagana dla tego systemu przeno\u015bnik\u00f3w?<\/strong><\/p>\n<p>Nasz przeno\u015bnik z przeno\u015bnikiem proszkowym zosta\u0142 zaprojektowany z my\u015bl\u0105 o niezawodno\u015bci i minimalnych wymaganiach konserwacyjnych. Aby zapewni\u0107 optymaln\u0105 wydajno\u015b\u0107 i trwa\u0142o\u015b\u0107, zaleca si\u0119 regularne kontrole i konserwacj\u0119 zapobiegawcz\u0105. Nasz zesp\u00f3\u0142 zapewnia ci\u0105g\u0142e wsparcie i pomoc, aby pom\u00f3c Ci utrzyma\u0107 system przeno\u015bnik\u00f3w w doskona\u0142ym stanie.<\/p>","protected":false},"excerpt":{"rendered":"<p>Zoptymalizuj obs\u0142ug\u0119 materia\u0142\u00f3w dzi\u0119ki naszemu przeno\u015bnikowi z przeno\u015bnikiem proszkowym. Usprawnione i niezawodne, zapewniaj\u0105ce wydajn\u0105 produkcj\u0119.<\/p>","protected":false},"featured_media":1814,"comment_status":"open","ping_status":"closed","template":"","meta":[],"product_cat":[38],"product_tag":[],"yoast_head":"<!-- This site is optimized with the Yoast SEO plugin v22.2 - https:\/\/yoast.com\/wordpress\/plugins\/seo\/ -->\n<title>Powder Elevator Hopper Conveyor - SWOER<\/title>\n<meta name=\"robots\" content=\"index, follow, max-snippet:-1, max-image-preview:large, max-video-preview:-1\" \/>\n<link rel=\"canonical\" href=\"https:\/\/swoer.com\/pl\/manufacturer\/powder-elevator-hopper-conveyor\/\" \/>\n<meta property=\"og:locale\" content=\"pl_PL\" \/>\n<meta property=\"og:type\" content=\"article\" \/>\n<meta property=\"og:title\" content=\"Powder Elevator Hopper Conveyor - SWOER\" \/>\n<meta property=\"og:description\" content=\"Optimize material handling with our Powder Elevator Hopper Conveyor. Streamlined and reliable for efficient production.\" \/>\n<meta property=\"og:url\" content=\"https:\/\/swoer.com\/pl\/manufacturer\/powder-elevator-hopper-conveyor\/\" \/>\n<meta property=\"og:site_name\" content=\"SWOER\" \/>\n<meta property=\"article:modified_time\" content=\"2024-04-02T02:34:38+00:00\" \/>\n<meta property=\"og:image\" content=\"https:\/\/swoer.com\/wp-content\/uploads\/2024\/04\/Powder-elevator-hopper-conveyor-Flour-screw-conveyor.webp\" \/>\n\t<meta property=\"og:image:width\" content=\"1000\" \/>\n\t<meta property=\"og:image:height\" content=\"1000\" \/>\n\t<meta property=\"og:image:type\" content=\"image\/webp\" \/>\n<meta name=\"twitter:card\" content=\"summary_large_image\" \/>\n<meta name=\"twitter:label1\" content=\"Szacowany czas czytania\" \/>\n\t<meta name=\"twitter:data1\" content=\"1 minuta\" \/>\n<script type=\"application\/ld+json\" class=\"yoast-schema-graph\">{\"@context\":\"https:\/\/schema.org\",\"@graph\":[{\"@type\":\"WebPage\",\"@id\":\"https:\/\/swoer.com\/manufacturer\/powder-elevator-hopper-conveyor\/\",\"url\":\"https:\/\/swoer.com\/manufacturer\/powder-elevator-hopper-conveyor\/\",\"name\":\"Powder Elevator Hopper Conveyor - SWOER\",\"isPartOf\":{\"@id\":\"https:\/\/swoer.com\/#website\"},\"primaryImageOfPage\":{\"@id\":\"https:\/\/swoer.com\/manufacturer\/powder-elevator-hopper-conveyor\/#primaryimage\"},\"image\":{\"@id\":\"https:\/\/swoer.com\/manufacturer\/powder-elevator-hopper-conveyor\/#primaryimage\"},\"thumbnailUrl\":\"https:\/\/swoer.com\/wp-content\/uploads\/2024\/04\/Powder-elevator-hopper-conveyor-Flour-screw-conveyor.webp\",\"datePublished\":\"2024-04-02T02:28:40+00:00\",\"dateModified\":\"2024-04-02T02:34:38+00:00\",\"breadcrumb\":{\"@id\":\"https:\/\/swoer.com\/manufacturer\/powder-elevator-hopper-conveyor\/#breadcrumb\"},\"inLanguage\":\"pl-PL\",\"potentialAction\":[{\"@type\":\"ReadAction\",\"target\":[\"https:\/\/swoer.com\/manufacturer\/powder-elevator-hopper-conveyor\/\"]}]},{\"@type\":\"ImageObject\",\"inLanguage\":\"pl-PL\",\"@id\":\"https:\/\/swoer.com\/manufacturer\/powder-elevator-hopper-conveyor\/#primaryimage\",\"url\":\"https:\/\/swoer.com\/wp-content\/uploads\/2024\/04\/Powder-elevator-hopper-conveyor-Flour-screw-conveyor.webp\",\"contentUrl\":\"https:\/\/swoer.com\/wp-content\/uploads\/2024\/04\/Powder-elevator-hopper-conveyor-Flour-screw-conveyor.webp\",\"width\":1000,\"height\":1000,\"caption\":\"Powder elevator hopper conveyor - Flour screw conveyor\"},{\"@type\":\"BreadcrumbList\",\"@id\":\"https:\/\/swoer.com\/manufacturer\/powder-elevator-hopper-conveyor\/#breadcrumb\",\"itemListElement\":[{\"@type\":\"ListItem\",\"position\":1,\"name\":\"Home\",\"item\":\"https:\/\/swoer.com\/\"},{\"@type\":\"ListItem\",\"position\":2,\"name\":\"Shop\",\"item\":\"https:\/\/swoer.com\/shop\/\"},{\"@type\":\"ListItem\",\"position\":3,\"name\":\"Powder Elevator Hopper Conveyor\"}]},{\"@type\":\"WebSite\",\"@id\":\"https:\/\/swoer.com\/#website\",\"url\":\"https:\/\/swoer.com\/\",\"name\":\"SWOER\",\"description\":\"Swoer is the top 3 vibratory bowl feeder manufacturer in China\",\"potentialAction\":[{\"@type\":\"SearchAction\",\"target\":{\"@type\":\"EntryPoint\",\"urlTemplate\":\"https:\/\/swoer.com\/?s={search_term_string}\"},\"query-input\":\"required name=search_term_string\"}],\"inLanguage\":\"pl-PL\"}]}<\/script>\n<!-- \/ Yoast SEO plugin. -->","yoast_head_json":{"title":"Powder Elevator Hopper Conveyor - SWOER","robots":{"index":"index","follow":"follow","max-snippet":"max-snippet:-1","max-image-preview":"max-image-preview:large","max-video-preview":"max-video-preview:-1"},"canonical":"https:\/\/swoer.com\/pl\/manufacturer\/powder-elevator-hopper-conveyor\/","og_locale":"pl_PL","og_type":"article","og_title":"Powder Elevator Hopper Conveyor - SWOER","og_description":"Optimize material handling with our Powder Elevator Hopper Conveyor. Streamlined and reliable for efficient production.","og_url":"https:\/\/swoer.com\/pl\/manufacturer\/powder-elevator-hopper-conveyor\/","og_site_name":"SWOER","article_modified_time":"2024-04-02T02:34:38+00:00","og_image":[{"width":1000,"height":1000,"url":"https:\/\/swoer.com\/wp-content\/uploads\/2024\/04\/Powder-elevator-hopper-conveyor-Flour-screw-conveyor.webp","type":"image\/webp"}],"twitter_card":"summary_large_image","twitter_misc":{"Szacowany czas czytania":"1 minuta"},"schema":{"@context":"https:\/\/schema.org","@graph":[{"@type":"WebPage","@id":"https:\/\/swoer.com\/manufacturer\/powder-elevator-hopper-conveyor\/","url":"https:\/\/swoer.com\/manufacturer\/powder-elevator-hopper-conveyor\/","name":"Powder Elevator Hopper Conveyor - SWOER","isPartOf":{"@id":"https:\/\/swoer.com\/#website"},"primaryImageOfPage":{"@id":"https:\/\/swoer.com\/manufacturer\/powder-elevator-hopper-conveyor\/#primaryimage"},"image":{"@id":"https:\/\/swoer.com\/manufacturer\/powder-elevator-hopper-conveyor\/#primaryimage"},"thumbnailUrl":"https:\/\/swoer.com\/wp-content\/uploads\/2024\/04\/Powder-elevator-hopper-conveyor-Flour-screw-conveyor.webp","datePublished":"2024-04-02T02:28:40+00:00","dateModified":"2024-04-02T02:34:38+00:00","breadcrumb":{"@id":"https:\/\/swoer.com\/manufacturer\/powder-elevator-hopper-conveyor\/#breadcrumb"},"inLanguage":"pl-PL","potentialAction":[{"@type":"ReadAction","target":["https:\/\/swoer.com\/manufacturer\/powder-elevator-hopper-conveyor\/"]}]},{"@type":"ImageObject","inLanguage":"pl-PL","@id":"https:\/\/swoer.com\/manufacturer\/powder-elevator-hopper-conveyor\/#primaryimage","url":"https:\/\/swoer.com\/wp-content\/uploads\/2024\/04\/Powder-elevator-hopper-conveyor-Flour-screw-conveyor.webp","contentUrl":"https:\/\/swoer.com\/wp-content\/uploads\/2024\/04\/Powder-elevator-hopper-conveyor-Flour-screw-conveyor.webp","width":1000,"height":1000,"caption":"Powder elevator hopper conveyor - Flour screw conveyor"},{"@type":"BreadcrumbList","@id":"https:\/\/swoer.com\/manufacturer\/powder-elevator-hopper-conveyor\/#breadcrumb","itemListElement":[{"@type":"ListItem","position":1,"name":"Home","item":"https:\/\/swoer.com\/"},{"@type":"ListItem","position":2,"name":"Shop","item":"https:\/\/swoer.com\/shop\/"},{"@type":"ListItem","position":3,"name":"Powder Elevator Hopper Conveyor"}]},{"@type":"WebSite","@id":"https:\/\/swoer.com\/#website","url":"https:\/\/swoer.com\/","name":"SWOER","description":"Swoer is the top 3 vibratory bowl feeder manufacturer in China","potentialAction":[{"@type":"SearchAction","target":{"@type":"EntryPoint","urlTemplate":"https:\/\/swoer.com\/?s={search_term_string}"},"query-input":"required name=search_term_string"}],"inLanguage":"pl-PL"}]}},"_links":{"self":[{"href":"https:\/\/swoer.com\/pl\/wp-json\/wp\/v2\/product\/1813"}],"collection":[{"href":"https:\/\/swoer.com\/pl\/wp-json\/wp\/v2\/product"}],"about":[{"href":"https:\/\/swoer.com\/pl\/wp-json\/wp\/v2\/types\/product"}],"replies":[{"embeddable":true,"href":"https:\/\/swoer.com\/pl\/wp-json\/wp\/v2\/comments?post=1813"}],"wp:featuredmedia":[{"embeddable":true,"href":"https:\/\/swoer.com\/pl\/wp-json\/wp\/v2\/media\/1814"}],"wp:attachment":[{"href":"https:\/\/swoer.com\/pl\/wp-json\/wp\/v2\/media?parent=1813"}],"wp:term":[{"taxonomy":"product_cat","embeddable":true,"href":"https:\/\/swoer.com\/pl\/wp-json\/wp\/v2\/product_cat?post=1813"},{"taxonomy":"product_tag","embeddable":true,"href":"https:\/\/swoer.com\/pl\/wp-json\/wp\/v2\/product_tag?post=1813"}],"curies":[{"name":"wp","href":"https:\/\/api.w.org\/{rel}","templated":true}]}}