{"id":1811,"date":"2024-04-02T02:11:28","date_gmt":"2024-04-02T02:11:28","guid":{"rendered":"https:\/\/lightgrey-porpoise-816575.hostingersite.com\/?post_type=product&#038;p=1811"},"modified":"2024-04-02T02:24:04","modified_gmt":"2024-04-02T02:24:04","slug":"bucket-hopper-elevator-fully-automatic-lifting-hopper-feeder","status":"publish","type":"product","link":"https:\/\/swoer.com\/pl\/manufacturer\/bucket-hopper-elevator-fully-automatic-lifting-hopper-feeder\/","title":{"rendered":"Przeno\u015bnik kube\u0142kowy W pe\u0142ni automatyczny podajnik kosza podnosz\u0105cego"},"content":{"rendered":"<h2>Opis:<\/h2>\n<table style=\"border-collapse: collapse; width: 585.77pt;\" border=\"0\" width=\"781\" cellspacing=\"0\" cellpadding=\"0\">\n<tbody>\n<tr style=\"height: 32.00pt;\">\n<td class=\"et3\" style=\"height: 32.00pt; width: 145.50pt;\" width=\"194\" height=\"42\">Nazwa produktu<\/td>\n<td class=\"et4\" style=\"width: 440.25pt;\" width=\"587\">Przeno\u015bnik kube\u0142kowy W pe\u0142ni automatyczny podajnik kosza podnosz\u0105cego<\/td>\n<\/tr>\n<tr style=\"height: 32.00pt;\">\n<td class=\"et3\" style=\"height: 32.00pt;\" height=\"42\">Nazwa handlowa<\/td>\n<td class=\"et4\">PRZE\u015aMIECH<\/td>\n<\/tr>\n<tr style=\"height: 32.00pt;\">\n<td class=\"et3\" style=\"height: 32.00pt;\" height=\"42\">Wymiar (L*W*H)<\/td>\n<td class=\"et4\">Wytworzone na zam\u00f3wienie<\/td>\n<\/tr>\n<tr style=\"height: 32.00pt;\">\n<td class=\"et3\" style=\"height: 32.00pt;\" height=\"42\">Waga<\/td>\n<td class=\"et4\">Wytworzone na zam\u00f3wienie<\/td>\n<\/tr>\n<tr style=\"height: 32.00pt;\">\n<td class=\"et3\" style=\"height: 32.00pt;\" height=\"42\">Kolor<\/td>\n<td class=\"et4\">Wymagania klienta<\/td>\n<\/tr>\n<tr style=\"height: 32.00pt;\">\n<td class=\"et3\" style=\"height: 32.00pt;\" height=\"42\">Wydajno\u015b\u0107 (t\/h)<\/td>\n<td class=\"et4\">0,1-6 t\/h<\/td>\n<\/tr>\n<tr style=\"height: 32.00pt;\">\n<td class=\"et3\" style=\"height: 32.00pt;\" height=\"42\">Napi\u0119cie<\/td>\n<td class=\"et4\">85-260 V<\/td>\n<\/tr>\n<tr style=\"height: 32.00pt;\">\n<td class=\"et3\" style=\"height: 32.00pt;\" height=\"42\">Cz\u0119stotliwo\u015b\u0107<\/td>\n<td class=\"et4\">40-400 Hz<\/td>\n<\/tr>\n<tr style=\"height: 32.00pt;\">\n<td class=\"et3\" style=\"height: 32.00pt;\" height=\"42\">Gwarancja<\/td>\n<td class=\"et4\">1 rok<\/td>\n<\/tr>\n<tr style=\"height: 32.00pt;\">\n<td class=\"et3\" style=\"height: 32.00pt;\" height=\"42\">MOQ<\/td>\n<td class=\"et4\">1 zestaw<\/td>\n<\/tr>\n<tr style=\"height: 32.00pt;\">\n<td class=\"et3\" style=\"height: 32.00pt;\" height=\"42\">Czas realizacji<\/td>\n<td class=\"et4\">7-10 dni<\/td>\n<\/tr>\n<tr style=\"height: 32.00pt;\">\n<td class=\"et3\" style=\"height: 32.00pt;\" height=\"42\">7-10 dni<\/td>\n<td class=\"et4\">Pud\u0142o ze sklejki<\/td>\n<\/tr>\n<tr style=\"height: 32.00pt;\">\n<td class=\"et3\" style=\"height: 32.00pt;\" height=\"42\">Termin p\u0142atno\u015bci<\/td>\n<td class=\"et4\">T\/T 40% Depozyt i saldo przed wysy\u0142k\u0105<\/td>\n<\/tr>\n<tr style=\"height: 32.00pt;\">\n<td class=\"et3\" style=\"height: 32.00pt;\" height=\"42\">Miejsce pochodzenia<\/td>\n<td class=\"et4\">Guangdong, Chiny<\/td>\n<\/tr>\n<\/tbody>\n<\/table>\n\t<div id=\"gap-389249223\" class=\"gap-element clearfix\" style=\"display:block; height:auto;\">\n\t\t\n<style>\n#gap-389249223 {\n  padding-top: 30px;\n}\n<\/style>\n\t<\/div>\n\t\n<h2>Cz\u0119sto zadawane pytania:<\/h2>\n<p><strong>1. Jakie korzy\u015bci w pe\u0142ni automatyczna funkcja ma dla mojego procesu produkcyjnego?<\/strong><\/p>\n<p>Nasz w pe\u0142ni automatyczny podajnik kube\u0142kowy z podno\u015bnikiem koszowym eliminuje potrzeb\u0119 r\u0119cznej interwencji, zapewniaj\u0105c ci\u0105g\u0142e podawanie materia\u0142u bez przerw. Ta funkcja optymalizuje wydajno\u015b\u0107 produkcji, redukuj\u0105c przestoje i koszty pracy, jednocze\u015bnie zwi\u0119kszaj\u0105c og\u00f3ln\u0105 sp\u00f3jno\u015b\u0107 przep\u0142ywu pracy.<\/p>\n<p><strong>2. Czy ten system mo\u017ce efektywnie obs\u0142ugiwa\u0107 r\u00f3\u017cne rodzaje materia\u0142\u00f3w?<\/strong><\/p>\n<p>Absolutnie. Nasz system zosta\u0142 zaprojektowany tak, aby obs\u0142ugiwa\u0107 szerok\u0105 gam\u0119 materia\u0142\u00f3w, od granulek po proszki, z precyzj\u0105 i niezawodno\u015bci\u0105. Niezale\u017cnie od tego, czy pracujesz z substancjami delikatnymi czy \u015bciernymi, nasz podajnik z przeno\u015bnikiem kube\u0142kowym zapewnia sta\u0142\u0105 wydajno\u015b\u0107, minimalizuj\u0105c straty materia\u0142u i maksymalizuj\u0105c wydajno\u015b\u0107 produkcji.<\/p>\n<p><strong>3. W jaki spos\u00f3b podajnik podnosz\u0105cy zwi\u0119ksza elastyczno\u015b\u0107 operacyjn\u0105?<\/strong><\/p>\n<p>Element podajnika zasypowego podnoszonego naszego systemu pozwala na bezproblemow\u0105 integracj\u0119 z r\u00f3\u017cnymi konfiguracjami produkcyjnymi. Jego wszechstronno\u015b\u0107 umo\u017cliwia \u0142atw\u0105 regulacj\u0119 w celu dostosowania do r\u00f3\u017cnych pr\u0119dko\u015bci przep\u0142ywu materia\u0142u, zapewniaj\u0105c optymalne warunki podawania dla r\u00f3\u017cnorodnych wymaga\u0144 produkcyjnych. Ta elastyczno\u015b\u0107 umo\u017cliwia szybkie dostosowanie si\u0119 do zmieniaj\u0105cych si\u0119 wymaga\u0144 produkcyjnych, maksymalizuj\u0105c wykorzystanie zasob\u00f3w i wydajno\u015b\u0107.<\/p>\n<p><strong>4. Jakiego rodzaju konserwacja jest wymagana dla tego systemu?<\/strong><\/p>\n<p>Nasz w pe\u0142ni automatyczny podajnik kube\u0142kowy do podnoszenia zosta\u0142 zaprojektowany z my\u015bl\u0105 o niezawodno\u015bci i minimalnych wymaganiach konserwacyjnych. Aby zapewni\u0107 sta\u0142\u0105 wydajno\u015b\u0107 i trwa\u0142o\u015b\u0107, zaleca si\u0119 przeprowadzanie rutynowych inspekcji i konserwacji zapobiegawczej. Nasz zesp\u00f3\u0142 zapewnia kompleksowe wsparcie, w tym harmonogramy konserwacji i pomoc techniczn\u0105, aby utrzyma\u0107 najwy\u017csz\u0105 wydajno\u015b\u0107 systemu.<\/p>\n<p><strong>5. W jaki spos\u00f3b ten system przyczynia si\u0119 do bezpiecze\u0144stwa w miejscu pracy?<\/strong><\/p>\n<p>Automatyzuj\u0105c procesy transportu materia\u0142\u00f3w, nasz system zmniejsza potrzeb\u0119 pracy fizycznej, minimalizuj\u0105c ryzyko wypadk\u00f3w i obra\u017ce\u0144 w miejscu pracy. Dodatkowo jego w pe\u0142ni zautomatyzowana praca zapewnia p\u0142ynne i kontrolowane podawanie materia\u0142u, zwi\u0119kszaj\u0105c bezpiecze\u0144stwo operatora i promuj\u0105c bezpieczne \u015brodowisko pracy.<\/p>","protected":false},"excerpt":{"rendered":"<p>Zwi\u0119ksz wydajno\u015b\u0107 dzi\u0119ki naszemu w pe\u0142ni automatycznemu podajnikowi z przeno\u015bnikiem kube\u0142kowym. Usprawnij obs\u0142ug\u0119 materia\u0142\u00f3w, aby zapewni\u0107 p\u0142ynny przep\u0142yw pracy w produkcji. Maksymalizacja produktywno\u015bci bez wysi\u0142ku.<\/p>","protected":false},"featured_media":1812,"comment_status":"open","ping_status":"closed","template":"","meta":[],"product_cat":[38],"product_tag":[],"yoast_head":"<!-- This site is optimized with the Yoast SEO plugin v22.2 - https:\/\/yoast.com\/wordpress\/plugins\/seo\/ -->\n<title>Bucket Hopper Elevator Fully Automatic Lifting Hopper Feeder - SWOER<\/title>\n<meta name=\"robots\" content=\"index, follow, max-snippet:-1, max-image-preview:large, max-video-preview:-1\" \/>\n<link rel=\"canonical\" href=\"https:\/\/swoer.com\/pl\/manufacturer\/bucket-hopper-elevator-fully-automatic-lifting-hopper-feeder\/\" \/>\n<meta property=\"og:locale\" content=\"pl_PL\" \/>\n<meta property=\"og:type\" content=\"article\" \/>\n<meta property=\"og:title\" content=\"Bucket Hopper Elevator Fully Automatic Lifting Hopper Feeder - SWOER\" \/>\n<meta property=\"og:description\" content=\"Bolster efficiency with our fully automatic Bucket Hopper Elevator Feeder. Streamline material handling for seamless production workflows. Maximize productivity effortlessly.\" \/>\n<meta property=\"og:url\" content=\"https:\/\/swoer.com\/pl\/manufacturer\/bucket-hopper-elevator-fully-automatic-lifting-hopper-feeder\/\" \/>\n<meta property=\"og:site_name\" content=\"SWOER\" \/>\n<meta property=\"article:modified_time\" content=\"2024-04-02T02:24:04+00:00\" \/>\n<meta property=\"og:image\" content=\"https:\/\/swoer.com\/wp-content\/uploads\/2024\/04\/Bucket-Hopper-Elevator-Fully-Automatic-Lifting-Hopper-Feeder.webp\" \/>\n\t<meta property=\"og:image:width\" content=\"1000\" \/>\n\t<meta property=\"og:image:height\" content=\"1000\" \/>\n\t<meta property=\"og:image:type\" content=\"image\/webp\" \/>\n<meta name=\"twitter:card\" content=\"summary_large_image\" \/>\n<meta name=\"twitter:label1\" content=\"Szacowany czas czytania\" \/>\n\t<meta name=\"twitter:data1\" content=\"1 minuta\" \/>\n<script type=\"application\/ld+json\" class=\"yoast-schema-graph\">{\"@context\":\"https:\/\/schema.org\",\"@graph\":[{\"@type\":\"WebPage\",\"@id\":\"https:\/\/swoer.com\/manufacturer\/bucket-hopper-elevator-fully-automatic-lifting-hopper-feeder\/\",\"url\":\"https:\/\/swoer.com\/manufacturer\/bucket-hopper-elevator-fully-automatic-lifting-hopper-feeder\/\",\"name\":\"Bucket Hopper Elevator Fully Automatic Lifting Hopper Feeder - SWOER\",\"isPartOf\":{\"@id\":\"https:\/\/swoer.com\/#website\"},\"primaryImageOfPage\":{\"@id\":\"https:\/\/swoer.com\/manufacturer\/bucket-hopper-elevator-fully-automatic-lifting-hopper-feeder\/#primaryimage\"},\"image\":{\"@id\":\"https:\/\/swoer.com\/manufacturer\/bucket-hopper-elevator-fully-automatic-lifting-hopper-feeder\/#primaryimage\"},\"thumbnailUrl\":\"https:\/\/swoer.com\/wp-content\/uploads\/2024\/04\/Bucket-Hopper-Elevator-Fully-Automatic-Lifting-Hopper-Feeder.webp\",\"datePublished\":\"2024-04-02T02:11:28+00:00\",\"dateModified\":\"2024-04-02T02:24:04+00:00\",\"breadcrumb\":{\"@id\":\"https:\/\/swoer.com\/manufacturer\/bucket-hopper-elevator-fully-automatic-lifting-hopper-feeder\/#breadcrumb\"},\"inLanguage\":\"pl-PL\",\"potentialAction\":[{\"@type\":\"ReadAction\",\"target\":[\"https:\/\/swoer.com\/manufacturer\/bucket-hopper-elevator-fully-automatic-lifting-hopper-feeder\/\"]}]},{\"@type\":\"ImageObject\",\"inLanguage\":\"pl-PL\",\"@id\":\"https:\/\/swoer.com\/manufacturer\/bucket-hopper-elevator-fully-automatic-lifting-hopper-feeder\/#primaryimage\",\"url\":\"https:\/\/swoer.com\/wp-content\/uploads\/2024\/04\/Bucket-Hopper-Elevator-Fully-Automatic-Lifting-Hopper-Feeder.webp\",\"contentUrl\":\"https:\/\/swoer.com\/wp-content\/uploads\/2024\/04\/Bucket-Hopper-Elevator-Fully-Automatic-Lifting-Hopper-Feeder.webp\",\"width\":1000,\"height\":1000,\"caption\":\"Bucket Hopper Elevator Fully Automatic Lifting Hopper Feeder\"},{\"@type\":\"BreadcrumbList\",\"@id\":\"https:\/\/swoer.com\/manufacturer\/bucket-hopper-elevator-fully-automatic-lifting-hopper-feeder\/#breadcrumb\",\"itemListElement\":[{\"@type\":\"ListItem\",\"position\":1,\"name\":\"Home\",\"item\":\"https:\/\/swoer.com\/\"},{\"@type\":\"ListItem\",\"position\":2,\"name\":\"Shop\",\"item\":\"https:\/\/swoer.com\/shop\/\"},{\"@type\":\"ListItem\",\"position\":3,\"name\":\"Bucket Hopper Elevator Fully Automatic Lifting Hopper Feeder\"}]},{\"@type\":\"WebSite\",\"@id\":\"https:\/\/swoer.com\/#website\",\"url\":\"https:\/\/swoer.com\/\",\"name\":\"SWOER\",\"description\":\"Swoer is the top 3 vibratory bowl feeder manufacturer in China\",\"potentialAction\":[{\"@type\":\"SearchAction\",\"target\":{\"@type\":\"EntryPoint\",\"urlTemplate\":\"https:\/\/swoer.com\/?s={search_term_string}\"},\"query-input\":\"required name=search_term_string\"}],\"inLanguage\":\"pl-PL\"}]}<\/script>\n<!-- \/ Yoast SEO plugin. -->","yoast_head_json":{"title":"Bucket Hopper Elevator Fully Automatic Lifting Hopper Feeder - SWOER","robots":{"index":"index","follow":"follow","max-snippet":"max-snippet:-1","max-image-preview":"max-image-preview:large","max-video-preview":"max-video-preview:-1"},"canonical":"https:\/\/swoer.com\/pl\/manufacturer\/bucket-hopper-elevator-fully-automatic-lifting-hopper-feeder\/","og_locale":"pl_PL","og_type":"article","og_title":"Bucket Hopper Elevator Fully Automatic Lifting Hopper Feeder - SWOER","og_description":"Bolster efficiency with our fully automatic Bucket Hopper Elevator Feeder. Streamline material handling for seamless production workflows. Maximize productivity effortlessly.","og_url":"https:\/\/swoer.com\/pl\/manufacturer\/bucket-hopper-elevator-fully-automatic-lifting-hopper-feeder\/","og_site_name":"SWOER","article_modified_time":"2024-04-02T02:24:04+00:00","og_image":[{"width":1000,"height":1000,"url":"https:\/\/swoer.com\/wp-content\/uploads\/2024\/04\/Bucket-Hopper-Elevator-Fully-Automatic-Lifting-Hopper-Feeder.webp","type":"image\/webp"}],"twitter_card":"summary_large_image","twitter_misc":{"Szacowany czas czytania":"1 minuta"},"schema":{"@context":"https:\/\/schema.org","@graph":[{"@type":"WebPage","@id":"https:\/\/swoer.com\/manufacturer\/bucket-hopper-elevator-fully-automatic-lifting-hopper-feeder\/","url":"https:\/\/swoer.com\/manufacturer\/bucket-hopper-elevator-fully-automatic-lifting-hopper-feeder\/","name":"Bucket Hopper Elevator Fully Automatic Lifting Hopper Feeder - SWOER","isPartOf":{"@id":"https:\/\/swoer.com\/#website"},"primaryImageOfPage":{"@id":"https:\/\/swoer.com\/manufacturer\/bucket-hopper-elevator-fully-automatic-lifting-hopper-feeder\/#primaryimage"},"image":{"@id":"https:\/\/swoer.com\/manufacturer\/bucket-hopper-elevator-fully-automatic-lifting-hopper-feeder\/#primaryimage"},"thumbnailUrl":"https:\/\/swoer.com\/wp-content\/uploads\/2024\/04\/Bucket-Hopper-Elevator-Fully-Automatic-Lifting-Hopper-Feeder.webp","datePublished":"2024-04-02T02:11:28+00:00","dateModified":"2024-04-02T02:24:04+00:00","breadcrumb":{"@id":"https:\/\/swoer.com\/manufacturer\/bucket-hopper-elevator-fully-automatic-lifting-hopper-feeder\/#breadcrumb"},"inLanguage":"pl-PL","potentialAction":[{"@type":"ReadAction","target":["https:\/\/swoer.com\/manufacturer\/bucket-hopper-elevator-fully-automatic-lifting-hopper-feeder\/"]}]},{"@type":"ImageObject","inLanguage":"pl-PL","@id":"https:\/\/swoer.com\/manufacturer\/bucket-hopper-elevator-fully-automatic-lifting-hopper-feeder\/#primaryimage","url":"https:\/\/swoer.com\/wp-content\/uploads\/2024\/04\/Bucket-Hopper-Elevator-Fully-Automatic-Lifting-Hopper-Feeder.webp","contentUrl":"https:\/\/swoer.com\/wp-content\/uploads\/2024\/04\/Bucket-Hopper-Elevator-Fully-Automatic-Lifting-Hopper-Feeder.webp","width":1000,"height":1000,"caption":"Bucket Hopper Elevator Fully Automatic Lifting Hopper Feeder"},{"@type":"BreadcrumbList","@id":"https:\/\/swoer.com\/manufacturer\/bucket-hopper-elevator-fully-automatic-lifting-hopper-feeder\/#breadcrumb","itemListElement":[{"@type":"ListItem","position":1,"name":"Home","item":"https:\/\/swoer.com\/"},{"@type":"ListItem","position":2,"name":"Shop","item":"https:\/\/swoer.com\/shop\/"},{"@type":"ListItem","position":3,"name":"Bucket Hopper Elevator Fully Automatic Lifting Hopper Feeder"}]},{"@type":"WebSite","@id":"https:\/\/swoer.com\/#website","url":"https:\/\/swoer.com\/","name":"SWOER","description":"Swoer is the top 3 vibratory bowl feeder manufacturer in China","potentialAction":[{"@type":"SearchAction","target":{"@type":"EntryPoint","urlTemplate":"https:\/\/swoer.com\/?s={search_term_string}"},"query-input":"required name=search_term_string"}],"inLanguage":"pl-PL"}]}},"_links":{"self":[{"href":"https:\/\/swoer.com\/pl\/wp-json\/wp\/v2\/product\/1811"}],"collection":[{"href":"https:\/\/swoer.com\/pl\/wp-json\/wp\/v2\/product"}],"about":[{"href":"https:\/\/swoer.com\/pl\/wp-json\/wp\/v2\/types\/product"}],"replies":[{"embeddable":true,"href":"https:\/\/swoer.com\/pl\/wp-json\/wp\/v2\/comments?post=1811"}],"wp:featuredmedia":[{"embeddable":true,"href":"https:\/\/swoer.com\/pl\/wp-json\/wp\/v2\/media\/1812"}],"wp:attachment":[{"href":"https:\/\/swoer.com\/pl\/wp-json\/wp\/v2\/media?parent=1811"}],"wp:term":[{"taxonomy":"product_cat","embeddable":true,"href":"https:\/\/swoer.com\/pl\/wp-json\/wp\/v2\/product_cat?post=1811"},{"taxonomy":"product_tag","embeddable":true,"href":"https:\/\/swoer.com\/pl\/wp-json\/wp\/v2\/product_tag?post=1811"}],"curies":[{"name":"wp","href":"https:\/\/api.w.org\/{rel}","templated":true}]}}