{"id":1806,"date":"2024-04-02T01:56:57","date_gmt":"2024-04-02T01:56:57","guid":{"rendered":"https:\/\/lightgrey-porpoise-816575.hostingersite.com\/?post_type=product&#038;p=1806"},"modified":"2024-04-02T02:06:28","modified_gmt":"2024-04-02T02:06:28","slug":"hopper-elevator-conveyor-automation","status":"publish","type":"product","link":"https:\/\/swoer.com\/pl\/manufacturer\/hopper-elevator-conveyor-automation\/","title":{"rendered":"Automatyzacja przeno\u015bnika zasypowego"},"content":{"rendered":"<p>Do\u015bwiadcz bezproblemowej wydajno\u015bci transportu materia\u0142\u00f3w dzi\u0119ki naszemu najnowocze\u015bniejszemu rozwi\u0105zaniu do automatyzacji przeno\u015bnik\u00f3w zasypowych. Zaprojektowany z my\u015bl\u0105 o niezawodno\u015bci i precyzji, nasz system optymalizuje przep\u0142yw pracy, p\u0142ynnie przenosz\u0105c materia\u0142y pomi\u0119dzy r\u00f3\u017cnymi etapami produkcji. Zaprojektowany w oparciu o zaawansowan\u0105 technologi\u0119 pneumatyczn\u0105, zapewnia p\u0142ynny i wydajny ruch w pionie, zwi\u0119kszaj\u0105c produktywno\u015b\u0107 i minimalizuj\u0105c przestoje. Zaufaj naszej wiedzy specjalistycznej, aby usprawni\u0107 swoje operacje i podnie\u015b\u0107 swoje mo\u017cliwo\u015bci produkcyjne.<\/p>\n<h2>Opis:<\/h2>\n<table style=\"border-collapse: collapse; width: 464.27pt;\" border=\"0\" width=\"619\" cellspacing=\"0\" cellpadding=\"0\">\n<tbody>\n<tr style=\"height: 32.00pt;\">\n<td class=\"et3\" style=\"height: 32.00pt; width: 145.50pt;\" width=\"194\" height=\"42\">Nazwa produktu<\/td>\n<td class=\"et4\" style=\"width: 318.75pt;\" width=\"425\">Automatyzacja przeno\u015bnika zasypowego<\/td>\n<\/tr>\n<tr style=\"height: 32.00pt;\">\n<td class=\"et3\" style=\"height: 32.00pt;\" height=\"42\">Nazwa handlowa<\/td>\n<td class=\"et4\">PRZE\u015aMIECH<\/td>\n<\/tr>\n<tr style=\"height: 32.00pt;\">\n<td class=\"et3\" style=\"height: 32.00pt;\" height=\"42\">Wymiar (L*W*H)<\/td>\n<td class=\"et4\">2200*1000*1500mm<\/td>\n<\/tr>\n<tr style=\"height: 32.00pt;\">\n<td class=\"et3\" style=\"height: 32.00pt;\" height=\"42\">Waga<\/td>\n<td class=\"et4\">120 kg<\/td>\n<\/tr>\n<tr style=\"height: 32.00pt;\">\n<td class=\"et3\" style=\"height: 32.00pt;\" height=\"42\">Kolor<\/td>\n<td class=\"et4\">Wymagania klienta<\/td>\n<\/tr>\n<tr style=\"height: 32.00pt;\">\n<td class=\"et3\" style=\"height: 32.00pt;\" height=\"42\">Wydajno\u015b\u0107 (t\/h)<\/td>\n<td class=\"et4\">0,1-6 t\/h<\/td>\n<\/tr>\n<tr style=\"height: 32.00pt;\">\n<td class=\"et3\" style=\"height: 32.00pt;\" height=\"42\">Napi\u0119cie<\/td>\n<td class=\"et4\">85-260 V<\/td>\n<\/tr>\n<tr style=\"height: 32.00pt;\">\n<td class=\"et3\" style=\"height: 32.00pt;\" height=\"42\">Cz\u0119stotliwo\u015b\u0107<\/td>\n<td class=\"et4\">40-400 Hz<\/td>\n<\/tr>\n<tr style=\"height: 32.00pt;\">\n<td class=\"et3\" style=\"height: 32.00pt;\" height=\"42\">Gwarancja<\/td>\n<td class=\"et4\">1 rok<\/td>\n<\/tr>\n<tr style=\"height: 32.00pt;\">\n<td class=\"et3\" style=\"height: 32.00pt;\" height=\"42\">MOQ<\/td>\n<td class=\"et4\">1 zestaw<\/td>\n<\/tr>\n<tr style=\"height: 32.00pt;\">\n<td class=\"et3\" style=\"height: 32.00pt;\" height=\"42\">Czas realizacji<\/td>\n<td class=\"et4\">7-10 dni<\/td>\n<\/tr>\n<tr style=\"height: 32.00pt;\">\n<td class=\"et3\" style=\"height: 32.00pt;\" height=\"42\">7-10 dni<\/td>\n<td class=\"et4\">Pud\u0142o ze sklejki<\/td>\n<\/tr>\n<tr style=\"height: 32.00pt;\">\n<td class=\"et3\" style=\"height: 32.00pt;\" height=\"42\">Termin p\u0142atno\u015bci<\/td>\n<td class=\"et4\">T\/T 40% Depozyt i saldo przed wysy\u0142k\u0105<\/td>\n<\/tr>\n<tr style=\"height: 32.00pt;\">\n<td class=\"et3\" style=\"height: 32.00pt;\" height=\"42\">Miejsce pochodzenia<\/td>\n<td class=\"et4\">Guangdong, Chiny<\/td>\n<\/tr>\n<\/tbody>\n<\/table>\n<h2>Cz\u0119sto zadawane pytania:<\/h2>\n\t<div id=\"gap-575235389\" class=\"gap-element clearfix\" style=\"display:block; height:auto;\">\n\t\t\n<style>\n#gap-575235389 {\n  padding-top: 30px;\n}\n<\/style>\n\t<\/div>\n\t\n<p><strong>1. W jaki spos\u00f3b automatyzacja przeno\u015bnika ta\u015bmowego zwi\u0119ksza produktywno\u015b\u0107?<\/strong><\/p>\n<p>Nasza automatyka przeno\u015bnik\u00f3w zasypowych usprawnia procesy transportu materia\u0142\u00f3w, zapewniaj\u0105c p\u0142ynny transfer mi\u0119dzy etapami produkcji. Automatyzuj\u0105c te zadania, eliminuje w\u0105skie gard\u0142a, ogranicza prac\u0119 r\u0119czn\u0105 i optymalizuje wydajno\u015b\u0107 przep\u0142ywu pracy, ostatecznie zwi\u0119kszaj\u0105c og\u00f3ln\u0105 produktywno\u015b\u0107.<\/p>\n<p><strong>2. Czy system jest niezawodny i trwa\u0142y przy ci\u0105g\u0142ej pracy?<\/strong><\/p>\n<p>Absolutnie. Zaprojektowany z solidnych komponent\u00f3w i zaawansowanej technologii automatyzacji, nasz system przeno\u015bnik\u00f3w z przeno\u015bnikiem zasypowym jest zbudowany tak, aby wytrzyma\u0107 rygorystyczne warunki przemys\u0142owe. Od produkcji wielkoseryjnej po dzia\u0142anie 24 godziny na dob\u0119, 7 dni w tygodniu, niezawodno\u015b\u0107 jest podstaw\u0105 naszego projektu, zapewniaj\u0105c nieprzerwan\u0105 prac\u0119.<\/p>\n<p><strong>3. Czy system mo\u017cna dostosowa\u0107 do konkretnych wymaga\u0144 produkcyjnych?<\/strong><\/p>\n<p>Tak, elastyczno\u015b\u0107 jest kluczem. Rozumiemy, \u017ce ka\u017cdy zak\u0142ad produkcyjny ma unikalne potrzeby. Nasz\u0105 automatyzacj\u0119 przeno\u015bnik\u00f3w zasypowych mo\u017cna dostosowa\u0107 do r\u00f3\u017cnych typ\u00f3w materia\u0142\u00f3w, uk\u0142ad\u00f3w produkcyjnych i wymaga\u0144 dotycz\u0105cych przepustowo\u015bci. Niezale\u017cnie od tego, czy potrzebujesz okre\u015blonych wymiar\u00f3w, dostosowania pr\u0119dko\u015bci czy integracji z istniej\u0105cymi systemami, oferujemy konfigurowalne rozwi\u0105zania, kt\u00f3re dok\u0142adnie spe\u0142ni\u0105 Twoje wymagania.<\/p>\n<p><strong>4. W jaki spos\u00f3b system automatyki wp\u0142ywa na bezpiecze\u0144stwo pracownik\u00f3w?<\/strong><\/p>\n<p>Bezpiecze\u0144stwo jest najwa\u017cniejsze w ka\u017cdym \u015brodowisku produkcyjnym. Nasza automatyzacja przeno\u015bnik\u00f3w zasypowych zmniejsza potrzeb\u0119 r\u0119cznego przenoszenia materia\u0142\u00f3w, minimalizuj\u0105c ryzyko wypadk\u00f3w w miejscu pracy i powtarzaj\u0105cych si\u0119 uraz\u00f3w zwi\u0105zanych z przeci\u0105\u017ceniem. Automatyzuj\u0105c te procesy, tworzy bezpieczniejsze \u015brodowisko pracy dla Twojego zespo\u0142u, umo\u017cliwiaj\u0105c mu skupienie si\u0119 na zadaniach wymagaj\u0105cych wi\u0119kszej wiedzy i warto\u015bci dodanej.<\/p>\n<p><strong>5. Jakiego rodzaju us\u0142ugi wsparcia technicznego i konserwacji \u015bwiadczycie?<\/strong><\/p>\n<p>Priorytetem jest dla nas satysfakcja klienta i d\u0142ugoterminowy sukces. Nasz zesp\u00f3\u0142 ekspert\u00f3w oferuje kompleksowe wsparcie techniczne i us\u0142ugi konserwacyjne, aby zapewni\u0107 sprawne dzia\u0142anie systemu przeno\u015bnik\u00f3w ta\u015bmowych. Od wst\u0119pnej instalacji i szkolenia po bie\u017c\u0105c\u0105 konserwacj\u0119 i rozwi\u0105zywanie problem\u00f3w \u2013 naszym celem jest zapewnienie szybkiej pomocy i maksymalizacja czasu sprawno\u015bci Twojego sprz\u0119tu.<\/p>","protected":false},"excerpt":{"rendered":"<p>Zoptymalizuj produkcj\u0119 dzi\u0119ki naszej automatyzacji przeno\u015bnik\u00f3w zasypowych. Efektywna obs\u0142uga materia\u0142\u00f3w i p\u0142ynny przep\u0142yw pracy. Zaufaj naszej wiedzy i zwi\u0119ksz produktywno\u015b\u0107.<\/p>","protected":false},"featured_media":1807,"comment_status":"open","ping_status":"closed","template":"","meta":[],"product_cat":[38],"product_tag":[],"yoast_head":"<!-- This site is optimized with the Yoast SEO plugin v22.2 - https:\/\/yoast.com\/wordpress\/plugins\/seo\/ -->\n<title>Hopper Elevator Conveyor Automation - SWOER<\/title>\n<meta name=\"robots\" content=\"index, follow, max-snippet:-1, max-image-preview:large, max-video-preview:-1\" \/>\n<link rel=\"canonical\" href=\"https:\/\/swoer.com\/pl\/manufacturer\/hopper-elevator-conveyor-automation\/\" \/>\n<meta property=\"og:locale\" content=\"pl_PL\" \/>\n<meta property=\"og:type\" content=\"article\" \/>\n<meta property=\"og:title\" content=\"Hopper Elevator Conveyor Automation - SWOER\" \/>\n<meta property=\"og:description\" content=\"Optimize production with our Hopper Elevator Conveyor Automation. Efficient material handling, and seamless workflow. Trust our expertise to boost productivity.\" \/>\n<meta property=\"og:url\" content=\"https:\/\/swoer.com\/pl\/manufacturer\/hopper-elevator-conveyor-automation\/\" \/>\n<meta property=\"og:site_name\" content=\"SWOER\" \/>\n<meta property=\"article:modified_time\" content=\"2024-04-02T02:06:28+00:00\" \/>\n<meta property=\"og:image\" content=\"https:\/\/swoer.com\/wp-content\/uploads\/2024\/04\/Hopper-Elevator-Conveyor-Automation.webp\" \/>\n\t<meta property=\"og:image:width\" content=\"1000\" \/>\n\t<meta property=\"og:image:height\" content=\"1000\" \/>\n\t<meta property=\"og:image:type\" content=\"image\/webp\" \/>\n<meta name=\"twitter:card\" content=\"summary_large_image\" \/>\n<meta name=\"twitter:label1\" content=\"Szacowany czas czytania\" \/>\n\t<meta name=\"twitter:data1\" content=\"1 minuta\" \/>\n<script type=\"application\/ld+json\" class=\"yoast-schema-graph\">{\"@context\":\"https:\/\/schema.org\",\"@graph\":[{\"@type\":\"WebPage\",\"@id\":\"https:\/\/swoer.com\/manufacturer\/hopper-elevator-conveyor-automation\/\",\"url\":\"https:\/\/swoer.com\/manufacturer\/hopper-elevator-conveyor-automation\/\",\"name\":\"Hopper Elevator Conveyor Automation - SWOER\",\"isPartOf\":{\"@id\":\"https:\/\/swoer.com\/#website\"},\"primaryImageOfPage\":{\"@id\":\"https:\/\/swoer.com\/manufacturer\/hopper-elevator-conveyor-automation\/#primaryimage\"},\"image\":{\"@id\":\"https:\/\/swoer.com\/manufacturer\/hopper-elevator-conveyor-automation\/#primaryimage\"},\"thumbnailUrl\":\"https:\/\/swoer.com\/wp-content\/uploads\/2024\/04\/Hopper-Elevator-Conveyor-Automation.webp\",\"datePublished\":\"2024-04-02T01:56:57+00:00\",\"dateModified\":\"2024-04-02T02:06:28+00:00\",\"breadcrumb\":{\"@id\":\"https:\/\/swoer.com\/manufacturer\/hopper-elevator-conveyor-automation\/#breadcrumb\"},\"inLanguage\":\"pl-PL\",\"potentialAction\":[{\"@type\":\"ReadAction\",\"target\":[\"https:\/\/swoer.com\/manufacturer\/hopper-elevator-conveyor-automation\/\"]}]},{\"@type\":\"ImageObject\",\"inLanguage\":\"pl-PL\",\"@id\":\"https:\/\/swoer.com\/manufacturer\/hopper-elevator-conveyor-automation\/#primaryimage\",\"url\":\"https:\/\/swoer.com\/wp-content\/uploads\/2024\/04\/Hopper-Elevator-Conveyor-Automation.webp\",\"contentUrl\":\"https:\/\/swoer.com\/wp-content\/uploads\/2024\/04\/Hopper-Elevator-Conveyor-Automation.webp\",\"width\":1000,\"height\":1000,\"caption\":\"Hopper Elevator Conveyor Automation\"},{\"@type\":\"BreadcrumbList\",\"@id\":\"https:\/\/swoer.com\/manufacturer\/hopper-elevator-conveyor-automation\/#breadcrumb\",\"itemListElement\":[{\"@type\":\"ListItem\",\"position\":1,\"name\":\"Home\",\"item\":\"https:\/\/swoer.com\/\"},{\"@type\":\"ListItem\",\"position\":2,\"name\":\"Shop\",\"item\":\"https:\/\/swoer.com\/shop\/\"},{\"@type\":\"ListItem\",\"position\":3,\"name\":\"Hopper Elevator Conveyor Automation\"}]},{\"@type\":\"WebSite\",\"@id\":\"https:\/\/swoer.com\/#website\",\"url\":\"https:\/\/swoer.com\/\",\"name\":\"SWOER\",\"description\":\"Swoer is the top 3 vibratory bowl feeder manufacturer in China\",\"potentialAction\":[{\"@type\":\"SearchAction\",\"target\":{\"@type\":\"EntryPoint\",\"urlTemplate\":\"https:\/\/swoer.com\/?s={search_term_string}\"},\"query-input\":\"required name=search_term_string\"}],\"inLanguage\":\"pl-PL\"}]}<\/script>\n<!-- \/ Yoast SEO plugin. -->","yoast_head_json":{"title":"Hopper Elevator Conveyor Automation - SWOER","robots":{"index":"index","follow":"follow","max-snippet":"max-snippet:-1","max-image-preview":"max-image-preview:large","max-video-preview":"max-video-preview:-1"},"canonical":"https:\/\/swoer.com\/pl\/manufacturer\/hopper-elevator-conveyor-automation\/","og_locale":"pl_PL","og_type":"article","og_title":"Hopper Elevator Conveyor Automation - SWOER","og_description":"Optimize production with our Hopper Elevator Conveyor Automation. Efficient material handling, and seamless workflow. Trust our expertise to boost productivity.","og_url":"https:\/\/swoer.com\/pl\/manufacturer\/hopper-elevator-conveyor-automation\/","og_site_name":"SWOER","article_modified_time":"2024-04-02T02:06:28+00:00","og_image":[{"width":1000,"height":1000,"url":"https:\/\/swoer.com\/wp-content\/uploads\/2024\/04\/Hopper-Elevator-Conveyor-Automation.webp","type":"image\/webp"}],"twitter_card":"summary_large_image","twitter_misc":{"Szacowany czas czytania":"1 minuta"},"schema":{"@context":"https:\/\/schema.org","@graph":[{"@type":"WebPage","@id":"https:\/\/swoer.com\/manufacturer\/hopper-elevator-conveyor-automation\/","url":"https:\/\/swoer.com\/manufacturer\/hopper-elevator-conveyor-automation\/","name":"Hopper Elevator Conveyor Automation - SWOER","isPartOf":{"@id":"https:\/\/swoer.com\/#website"},"primaryImageOfPage":{"@id":"https:\/\/swoer.com\/manufacturer\/hopper-elevator-conveyor-automation\/#primaryimage"},"image":{"@id":"https:\/\/swoer.com\/manufacturer\/hopper-elevator-conveyor-automation\/#primaryimage"},"thumbnailUrl":"https:\/\/swoer.com\/wp-content\/uploads\/2024\/04\/Hopper-Elevator-Conveyor-Automation.webp","datePublished":"2024-04-02T01:56:57+00:00","dateModified":"2024-04-02T02:06:28+00:00","breadcrumb":{"@id":"https:\/\/swoer.com\/manufacturer\/hopper-elevator-conveyor-automation\/#breadcrumb"},"inLanguage":"pl-PL","potentialAction":[{"@type":"ReadAction","target":["https:\/\/swoer.com\/manufacturer\/hopper-elevator-conveyor-automation\/"]}]},{"@type":"ImageObject","inLanguage":"pl-PL","@id":"https:\/\/swoer.com\/manufacturer\/hopper-elevator-conveyor-automation\/#primaryimage","url":"https:\/\/swoer.com\/wp-content\/uploads\/2024\/04\/Hopper-Elevator-Conveyor-Automation.webp","contentUrl":"https:\/\/swoer.com\/wp-content\/uploads\/2024\/04\/Hopper-Elevator-Conveyor-Automation.webp","width":1000,"height":1000,"caption":"Hopper Elevator Conveyor Automation"},{"@type":"BreadcrumbList","@id":"https:\/\/swoer.com\/manufacturer\/hopper-elevator-conveyor-automation\/#breadcrumb","itemListElement":[{"@type":"ListItem","position":1,"name":"Home","item":"https:\/\/swoer.com\/"},{"@type":"ListItem","position":2,"name":"Shop","item":"https:\/\/swoer.com\/shop\/"},{"@type":"ListItem","position":3,"name":"Hopper Elevator Conveyor Automation"}]},{"@type":"WebSite","@id":"https:\/\/swoer.com\/#website","url":"https:\/\/swoer.com\/","name":"SWOER","description":"Swoer is the top 3 vibratory bowl feeder manufacturer in China","potentialAction":[{"@type":"SearchAction","target":{"@type":"EntryPoint","urlTemplate":"https:\/\/swoer.com\/?s={search_term_string}"},"query-input":"required name=search_term_string"}],"inLanguage":"pl-PL"}]}},"_links":{"self":[{"href":"https:\/\/swoer.com\/pl\/wp-json\/wp\/v2\/product\/1806"}],"collection":[{"href":"https:\/\/swoer.com\/pl\/wp-json\/wp\/v2\/product"}],"about":[{"href":"https:\/\/swoer.com\/pl\/wp-json\/wp\/v2\/types\/product"}],"replies":[{"embeddable":true,"href":"https:\/\/swoer.com\/pl\/wp-json\/wp\/v2\/comments?post=1806"}],"wp:featuredmedia":[{"embeddable":true,"href":"https:\/\/swoer.com\/pl\/wp-json\/wp\/v2\/media\/1807"}],"wp:attachment":[{"href":"https:\/\/swoer.com\/pl\/wp-json\/wp\/v2\/media?parent=1806"}],"wp:term":[{"taxonomy":"product_cat","embeddable":true,"href":"https:\/\/swoer.com\/pl\/wp-json\/wp\/v2\/product_cat?post=1806"},{"taxonomy":"product_tag","embeddable":true,"href":"https:\/\/swoer.com\/pl\/wp-json\/wp\/v2\/product_tag?post=1806"}],"curies":[{"name":"wp","href":"https:\/\/api.w.org\/{rel}","templated":true}]}}