{"id":1793,"date":"2024-04-01T03:57:20","date_gmt":"2024-04-01T03:57:20","guid":{"rendered":"https:\/\/lightgrey-porpoise-816575.hostingersite.com\/?post_type=product&#038;p=1793"},"modified":"2024-06-13T00:44:49","modified_gmt":"2024-06-13T00:44:49","slug":"white-caps-centrifugal-feeder","status":"publish","type":"product","link":"https:\/\/swoer.com\/pl\/manufacturer\/white-caps-centrifugal-feeder\/","title":{"rendered":"Podajnik od\u015brodkowy White Caps | Od\u015brodkowy podajnik ko\u0142pakowy"},"content":{"rendered":"<p>Usprawnij swoje operacje przemys\u0142owe dzi\u0119ki naszym najwy\u017cszej klasy podajnikom od\u015brodkowym, zaprojektowanym z my\u015bl\u0105 o usprawnieniu transportu materia\u0142\u00f3w i zapewnieniu sta\u0142ej jako\u015bci produktu. Nasze innowacyjne podajniki wykorzystuj\u0105 si\u0142\u0119 od\u015brodkow\u0105 do precyzyjnego rozprowadzania i rozpraszania materia\u0142\u00f3w sypkich, maksymalizuj\u0105c wydajno\u015b\u0107 i minimalizuj\u0105c straty. Niezale\u017cnie od tego, czy masz do czynienia z proszkami, granulkami czy drobnymi substancjami sta\u0142ymi, nasze podajniki od\u015brodkowe oferuj\u0105 niezr\u00f3wnan\u0105 wydajno\u015b\u0107 i niezawodno\u015b\u0107.<\/p>\n<h2>Opis:<\/h2>\n<table style=\"border-collapse: collapse; width: 488.27pt;\" border=\"0\" width=\"651\" cellspacing=\"0\" cellpadding=\"0\">\n<tbody>\n<tr style=\"height: 30.00pt;\">\n<td class=\"et3\" style=\"height: 30.00pt; width: 210.75pt;\" width=\"281\" height=\"40\">Nazwa<\/td>\n<td class=\"et3\" style=\"width: 277.50pt;\" width=\"370\">Podajnik od\u015brodkowy White Caps<\/td>\n<\/tr>\n<tr style=\"height: 29.00pt;\">\n<td class=\"et3\" style=\"height: 29.00pt;\" height=\"38\">Marka<\/td>\n<td class=\"et3\">PRZE\u015aMIECH<\/td>\n<\/tr>\n<tr style=\"height: 25.00pt;\">\n<td class=\"et3\" style=\"height: 25.00pt;\" height=\"33\">Materia\u0142<\/td>\n<td class=\"et3\">SUS304, tworzywo sztuczne<\/td>\n<\/tr>\n<tr style=\"height: 30.00pt;\">\n<td class=\"et3\" style=\"height: 30.00pt;\" height=\"40\">Rozmiar<\/td>\n<td class=\"et3\">Zwyczaj<\/td>\n<\/tr>\n<tr style=\"height: 30.00pt;\">\n<td class=\"et3\" style=\"height: 30.00pt;\" height=\"40\">Funkcjonowa\u0107<\/td>\n<td class=\"et3\">Materia\u0142 transportowy<\/td>\n<\/tr>\n<tr style=\"height: 30.00pt;\">\n<td class=\"et3\" style=\"height: 30.00pt;\" height=\"40\">Stosowanie<\/td>\n<td class=\"et3\">Sortownik, licz<\/td>\n<\/tr>\n<tr style=\"height: 28.00pt;\">\n<td class=\"et3\" style=\"height: 28.00pt;\" height=\"37\">Korzy\u015b\u0107<\/td>\n<td class=\"et3\">Oszcz\u0119dzaj zasoby ludzkie<\/td>\n<\/tr>\n<tr style=\"height: 32.00pt;\">\n<td class=\"et3\" style=\"height: 32.00pt;\" height=\"42\">Typ maszyny<\/td>\n<td class=\"et3\">Kompletny zestaw<\/td>\n<\/tr>\n<tr style=\"height: 29.00pt;\">\n<td class=\"et3\" style=\"height: 29.00pt;\" height=\"38\">Przedmiot<\/td>\n<td class=\"et3\">Sprz\u0119t automatyczny<\/td>\n<\/tr>\n<tr style=\"height: 33.00pt;\">\n<td class=\"et3\" style=\"height: 33.00pt;\" height=\"44\">Obowi\u0105zuj\u0105ce bran\u017ce<\/td>\n<td class=\"et3\">Zak\u0142ad produkcyjny, gospodarstwa rolne, przemys\u0142owe<\/td>\n<\/tr>\n<tr style=\"height: 31.00pt;\">\n<td class=\"et3\" style=\"height: 31.00pt;\" height=\"41\">Zapewniona obs\u0142uga posprzeda\u017cna<\/td>\n<td class=\"et3\">Wsparcie techniczne wideo, wsparcie online<\/td>\n<\/tr>\n<\/tbody>\n<\/table>\n\t<div id=\"gap-1812560215\" class=\"gap-element clearfix\" style=\"display:block; height:auto;\">\n\t\t\n<style>\n#gap-1812560215 {\n  padding-top: 30px;\n}\n<\/style>\n\t<\/div>\n\t\n<h2>Kluczowe cechy:<\/h2>\n<ul>\n<li>Precyzyjne i r\u00f3wnomierne podawanie: Nasze podajniki od\u015brodkowe zapewniaj\u0105 sp\u00f3jny i r\u00f3wnomierny przep\u0142yw materia\u0142u, zapobiegaj\u0105c blokadom i niesp\u00f3jno\u015bciom produktu.<\/li>\n<li>Wi\u0119ksza wydajno\u015b\u0107: Zmniejsz straty materia\u0142u i przestoje dzi\u0119ki zdolno\u015bci naszych podajnik\u00f3w do dok\u0142adnej kontroli dystrybucji materia\u0142u.<\/li>\n<li>Delikatne obchodzenie si\u0119 z produktami: Zachowaj integralno\u015b\u0107 delikatnych produkt\u00f3w dzi\u0119ki delikatnym mechanizmom obs\u0142ugi naszych podajnik\u00f3w.<\/li>\n<li>Wszechstronne zastosowania: Nasze podajniki od\u015brodkowe s\u0105 odpowiednie dla wielu ga\u0142\u0119zi przemys\u0142u, w tym przetw\u00f3rstwa spo\u017cywczego, farmaceutyki, chemikali\u00f3w i innych.<\/li>\n<\/ul>\n<h2><\/h2>\n<h2>Korzy\u015bci:<\/h2>\n<ul>\n<li>Wi\u0119ksza produktywno\u015b\u0107: Zwi\u0119ksz wydajno\u015b\u0107 produkcji dzi\u0119ki zdolno\u015bci naszych podajnik\u00f3w do utrzymywania sta\u0142ego przep\u0142ywu materia\u0142u.<\/li>\n<li>Mniejsze straty materia\u0142u: Zminimalizuj straty materia\u0142u i zaoszcz\u0119d\u017a pieni\u0105dze dzi\u0119ki precyzyjnym mo\u017cliwo\u015bciom dystrybucji naszych podajnik\u00f3w.<\/li>\n<li>Zwi\u0119kszona jako\u015b\u0107 produktu: Zapewnij sta\u0142\u0105 jako\u015b\u0107 produktu dzi\u0119ki zdolno\u015bci naszych podajnik\u00f3w do delikatnego obchodzenia si\u0119 z materia\u0142ami.<\/li>\n<li>Usprawnione operacje: Upro\u015b\u0107 procesy transportu materia\u0142\u00f3w dzi\u0119ki przyjaznej dla u\u017cytkownika konstrukcji i niezawodnej wydajno\u015bci naszych podajnik\u00f3w.<\/li>\n<li>Zainwestuj w od\u015brodkowe podajniki ko\u0142pakowe, aby zapewni\u0107 doskona\u0142\u0105 obs\u0142ug\u0119 materia\u0142u<\/li>\n<\/ul>\n<p>Nasze podajniki od\u015brodkowe stanowi\u0105 kulminacj\u0119 najnowocze\u015bniejszej technologii i wiedzy in\u017cynieryjnej, zapewniaj\u0105c wyj\u0105tkow\u0105 wydajno\u015b\u0107 i warto\u015b\u0107. Skontaktuj si\u0119 z nami ju\u017c dzi\u015b, aby dowiedzie\u0107 si\u0119 wi\u0119cej o tym, jak nasze podajniki od\u015brodkowe mog\u0105 zrewolucjonizowa\u0107 Twoje procesy przemys\u0142owe.<\/p>","protected":false},"excerpt":{"rendered":"<p>Nasz podajnik od\u015brodkowy White Caps oferuje profesjonalne i niezawodne rozwi\u0105zania. Dostosowane pr\u0119dko\u015bci do specyfikacji klienta, ze szczeg\u00f3\u0142owym modelem 3D CAD dla bezproblemowej integracji. Zaufaj naszej wiedzy i niezawodnemu dzia\u0142aniu.<\/p>","protected":false},"featured_media":1794,"comment_status":"open","ping_status":"closed","template":"","meta":[],"product_cat":[36],"product_tag":[],"yoast_head":"<!-- This site is optimized with the Yoast SEO plugin v22.2 - https:\/\/yoast.com\/wordpress\/plugins\/seo\/ -->\n<title>White Caps Centrifugal Feeder | Centrifugal Cap Feeder<\/title>\n<meta name=\"description\" content=\"Discover high-efficiency centrifugal cap feeders designed for precision and speed in automated production lines. Enhance your manufacturing process with reliable and customizable cap feeding solutions.\" \/>\n<meta name=\"robots\" content=\"index, follow, max-snippet:-1, max-image-preview:large, max-video-preview:-1\" \/>\n<link rel=\"canonical\" href=\"https:\/\/swoer.com\/pl\/manufacturer\/white-caps-centrifugal-feeder\/\" \/>\n<meta property=\"og:locale\" content=\"pl_PL\" \/>\n<meta property=\"og:type\" content=\"article\" \/>\n<meta property=\"og:title\" content=\"White Caps Centrifugal Feeder | Centrifugal Cap Feeder\" \/>\n<meta property=\"og:description\" content=\"Discover high-efficiency centrifugal cap feeders designed for precision and speed in automated production lines. Enhance your manufacturing process with reliable and customizable cap feeding solutions.\" \/>\n<meta property=\"og:url\" content=\"https:\/\/swoer.com\/pl\/manufacturer\/white-caps-centrifugal-feeder\/\" \/>\n<meta property=\"og:site_name\" content=\"SWOER\" \/>\n<meta property=\"article:modified_time\" content=\"2024-06-13T00:44:49+00:00\" \/>\n<meta property=\"og:image\" content=\"https:\/\/swoer.com\/wp-content\/uploads\/2024\/04\/white-caps-centrifugal-feeder.webp\" \/>\n\t<meta property=\"og:image:width\" content=\"1000\" \/>\n\t<meta property=\"og:image:height\" content=\"1000\" \/>\n\t<meta property=\"og:image:type\" content=\"image\/webp\" \/>\n<meta name=\"twitter:card\" content=\"summary_large_image\" \/>\n<meta name=\"twitter:label1\" content=\"Szacowany czas czytania\" \/>\n\t<meta name=\"twitter:data1\" content=\"2 minuty\" \/>\n<script type=\"application\/ld+json\" class=\"yoast-schema-graph\">{\"@context\":\"https:\/\/schema.org\",\"@graph\":[{\"@type\":\"WebPage\",\"@id\":\"https:\/\/swoer.com\/manufacturer\/white-caps-centrifugal-feeder\/\",\"url\":\"https:\/\/swoer.com\/manufacturer\/white-caps-centrifugal-feeder\/\",\"name\":\"White Caps Centrifugal Feeder | Centrifugal Cap Feeder\",\"isPartOf\":{\"@id\":\"https:\/\/swoer.com\/#website\"},\"primaryImageOfPage\":{\"@id\":\"https:\/\/swoer.com\/manufacturer\/white-caps-centrifugal-feeder\/#primaryimage\"},\"image\":{\"@id\":\"https:\/\/swoer.com\/manufacturer\/white-caps-centrifugal-feeder\/#primaryimage\"},\"thumbnailUrl\":\"https:\/\/swoer.com\/wp-content\/uploads\/2024\/04\/white-caps-centrifugal-feeder.webp\",\"datePublished\":\"2024-04-01T03:57:20+00:00\",\"dateModified\":\"2024-06-13T00:44:49+00:00\",\"description\":\"Discover high-efficiency centrifugal cap feeders designed for precision and speed in automated production lines. Enhance your manufacturing process with reliable and customizable cap feeding solutions.\",\"breadcrumb\":{\"@id\":\"https:\/\/swoer.com\/manufacturer\/white-caps-centrifugal-feeder\/#breadcrumb\"},\"inLanguage\":\"pl-PL\",\"potentialAction\":[{\"@type\":\"ReadAction\",\"target\":[\"https:\/\/swoer.com\/manufacturer\/white-caps-centrifugal-feeder\/\"]}]},{\"@type\":\"ImageObject\",\"inLanguage\":\"pl-PL\",\"@id\":\"https:\/\/swoer.com\/manufacturer\/white-caps-centrifugal-feeder\/#primaryimage\",\"url\":\"https:\/\/swoer.com\/wp-content\/uploads\/2024\/04\/white-caps-centrifugal-feeder.webp\",\"contentUrl\":\"https:\/\/swoer.com\/wp-content\/uploads\/2024\/04\/white-caps-centrifugal-feeder.webp\",\"width\":1000,\"height\":1000,\"caption\":\"white caps centrifugal feeder\"},{\"@type\":\"BreadcrumbList\",\"@id\":\"https:\/\/swoer.com\/manufacturer\/white-caps-centrifugal-feeder\/#breadcrumb\",\"itemListElement\":[{\"@type\":\"ListItem\",\"position\":1,\"name\":\"Home\",\"item\":\"https:\/\/swoer.com\/\"},{\"@type\":\"ListItem\",\"position\":2,\"name\":\"Shop\",\"item\":\"https:\/\/swoer.com\/shop\/\"},{\"@type\":\"ListItem\",\"position\":3,\"name\":\"White Caps Centrifugal Feeder | Centrifugal Cap Feeder\"}]},{\"@type\":\"WebSite\",\"@id\":\"https:\/\/swoer.com\/#website\",\"url\":\"https:\/\/swoer.com\/\",\"name\":\"SWOER\",\"description\":\"Swoer is the top 3 vibratory bowl feeder manufacturer in China\",\"potentialAction\":[{\"@type\":\"SearchAction\",\"target\":{\"@type\":\"EntryPoint\",\"urlTemplate\":\"https:\/\/swoer.com\/?s={search_term_string}\"},\"query-input\":\"required name=search_term_string\"}],\"inLanguage\":\"pl-PL\"}]}<\/script>\n<!-- \/ Yoast SEO plugin. -->","yoast_head_json":{"title":"White Caps Centrifugal Feeder | Centrifugal Cap Feeder","description":"Discover high-efficiency centrifugal cap feeders designed for precision and speed in automated production lines. Enhance your manufacturing process with reliable and customizable cap feeding solutions.","robots":{"index":"index","follow":"follow","max-snippet":"max-snippet:-1","max-image-preview":"max-image-preview:large","max-video-preview":"max-video-preview:-1"},"canonical":"https:\/\/swoer.com\/pl\/manufacturer\/white-caps-centrifugal-feeder\/","og_locale":"pl_PL","og_type":"article","og_title":"White Caps Centrifugal Feeder | Centrifugal Cap Feeder","og_description":"Discover high-efficiency centrifugal cap feeders designed for precision and speed in automated production lines. Enhance your manufacturing process with reliable and customizable cap feeding solutions.","og_url":"https:\/\/swoer.com\/pl\/manufacturer\/white-caps-centrifugal-feeder\/","og_site_name":"SWOER","article_modified_time":"2024-06-13T00:44:49+00:00","og_image":[{"width":1000,"height":1000,"url":"https:\/\/swoer.com\/wp-content\/uploads\/2024\/04\/white-caps-centrifugal-feeder.webp","type":"image\/webp"}],"twitter_card":"summary_large_image","twitter_misc":{"Szacowany czas czytania":"2 minuty"},"schema":{"@context":"https:\/\/schema.org","@graph":[{"@type":"WebPage","@id":"https:\/\/swoer.com\/manufacturer\/white-caps-centrifugal-feeder\/","url":"https:\/\/swoer.com\/manufacturer\/white-caps-centrifugal-feeder\/","name":"White Caps Centrifugal Feeder | Centrifugal Cap Feeder","isPartOf":{"@id":"https:\/\/swoer.com\/#website"},"primaryImageOfPage":{"@id":"https:\/\/swoer.com\/manufacturer\/white-caps-centrifugal-feeder\/#primaryimage"},"image":{"@id":"https:\/\/swoer.com\/manufacturer\/white-caps-centrifugal-feeder\/#primaryimage"},"thumbnailUrl":"https:\/\/swoer.com\/wp-content\/uploads\/2024\/04\/white-caps-centrifugal-feeder.webp","datePublished":"2024-04-01T03:57:20+00:00","dateModified":"2024-06-13T00:44:49+00:00","description":"Discover high-efficiency centrifugal cap feeders designed for precision and speed in automated production lines. Enhance your manufacturing process with reliable and customizable cap feeding solutions.","breadcrumb":{"@id":"https:\/\/swoer.com\/manufacturer\/white-caps-centrifugal-feeder\/#breadcrumb"},"inLanguage":"pl-PL","potentialAction":[{"@type":"ReadAction","target":["https:\/\/swoer.com\/manufacturer\/white-caps-centrifugal-feeder\/"]}]},{"@type":"ImageObject","inLanguage":"pl-PL","@id":"https:\/\/swoer.com\/manufacturer\/white-caps-centrifugal-feeder\/#primaryimage","url":"https:\/\/swoer.com\/wp-content\/uploads\/2024\/04\/white-caps-centrifugal-feeder.webp","contentUrl":"https:\/\/swoer.com\/wp-content\/uploads\/2024\/04\/white-caps-centrifugal-feeder.webp","width":1000,"height":1000,"caption":"white caps centrifugal feeder"},{"@type":"BreadcrumbList","@id":"https:\/\/swoer.com\/manufacturer\/white-caps-centrifugal-feeder\/#breadcrumb","itemListElement":[{"@type":"ListItem","position":1,"name":"Home","item":"https:\/\/swoer.com\/"},{"@type":"ListItem","position":2,"name":"Shop","item":"https:\/\/swoer.com\/shop\/"},{"@type":"ListItem","position":3,"name":"White Caps Centrifugal Feeder | Centrifugal Cap Feeder"}]},{"@type":"WebSite","@id":"https:\/\/swoer.com\/#website","url":"https:\/\/swoer.com\/","name":"SWOER","description":"Swoer is the top 3 vibratory bowl feeder manufacturer in China","potentialAction":[{"@type":"SearchAction","target":{"@type":"EntryPoint","urlTemplate":"https:\/\/swoer.com\/?s={search_term_string}"},"query-input":"required name=search_term_string"}],"inLanguage":"pl-PL"}]}},"_links":{"self":[{"href":"https:\/\/swoer.com\/pl\/wp-json\/wp\/v2\/product\/1793"}],"collection":[{"href":"https:\/\/swoer.com\/pl\/wp-json\/wp\/v2\/product"}],"about":[{"href":"https:\/\/swoer.com\/pl\/wp-json\/wp\/v2\/types\/product"}],"replies":[{"embeddable":true,"href":"https:\/\/swoer.com\/pl\/wp-json\/wp\/v2\/comments?post=1793"}],"wp:featuredmedia":[{"embeddable":true,"href":"https:\/\/swoer.com\/pl\/wp-json\/wp\/v2\/media\/1794"}],"wp:attachment":[{"href":"https:\/\/swoer.com\/pl\/wp-json\/wp\/v2\/media?parent=1793"}],"wp:term":[{"taxonomy":"product_cat","embeddable":true,"href":"https:\/\/swoer.com\/pl\/wp-json\/wp\/v2\/product_cat?post=1793"},{"taxonomy":"product_tag","embeddable":true,"href":"https:\/\/swoer.com\/pl\/wp-json\/wp\/v2\/product_tag?post=1793"}],"curies":[{"name":"wp","href":"https:\/\/api.w.org\/{rel}","templated":true}]}}