{"id":1734,"date":"2024-03-30T03:41:31","date_gmt":"2024-03-30T03:41:31","guid":{"rendered":"https:\/\/lightgrey-porpoise-816575.hostingersite.com\/?post_type=product&#038;p=1734"},"modified":"2024-08-01T14:04:40","modified_gmt":"2024-08-01T06:04:40","slug":"washer-bowl-feeder-automation","status":"publish","type":"product","link":"https:\/\/swoer.com\/pl\/manufacturer\/washer-bowl-feeder-automation\/","title":{"rendered":"Podajnik wibracyjny z podk\u0142adk\u0105"},"content":{"rendered":"<p>W SWOER specjalizujemy si\u0119 w produkcji system\u00f3w automatyki podajnika misowego. Dostosowujemy nasze systemy tak, aby pasowa\u0142y do unikalnych cech cz\u0119\u015bci i specyficznych wymaga\u0144 klienta. Tworzymy niestandardowe rozwi\u0105zania, kt\u00f3re p\u0142ynnie integruj\u0105 si\u0119 z procesami produkcyjnymi. Nasze rozwi\u0105zania zapewniaj\u0105 optymaln\u0105 wydajno\u015b\u0107 i efektywno\u015b\u0107.<\/p>\n<p>Priorytetem jest dla nas dostosowanie wszystkich komponent\u00f3w, w tym podk\u0142adek. Wychodzimy naprzeciw Twoim potrzebom, gwarantuj\u0105c precyzj\u0119 i niezawodno\u015b\u0107.<\/p>\n<p>Co wi\u0119cej, SWOER oferuje konkurencyjne ceny fabryczne bez uszczerbku dla jako\u015bci. Nasze ekonomiczne rozwi\u0105zania zwi\u0119kszaj\u0105 mo\u017cliwo\u015bci produkcyjne. Maj\u0105c SWOER jako partnera, mo\u017cesz oczekiwa\u0107 system\u00f3w dostosowanych do indywidualnych potrzeb, kt\u00f3re zapewniaj\u0105 warto\u015b\u0107, niezawodno\u015b\u0107 i wydajno\u015b\u0107 po przyst\u0119pnych cenach.<\/p>\n\t<div id=\"gap-901506919\" class=\"gap-element clearfix\" style=\"display:block; height:auto;\">\n\t\t\n<style>\n#gap-901506919 {\n  padding-top: 30px;\n}\n<\/style>\n\t<\/div>\n\t\n<h2>Parametr podajnika miskowego:<\/h2>\n<table width=\"684\">\n<tbody>\n<tr>\n<td width=\"183\">Nazwa produktu<\/td>\n<td width=\"501\">Podajnik wibracyjny z podk\u0142adk\u0105<\/td>\n<\/tr>\n<tr>\n<td>Materia\u0142<\/td>\n<td>\u00a0SUS201\/304<\/td>\n<\/tr>\n<tr>\n<td>Specjalno\u015b\u0107 materia\u0142owa<\/td>\n<td>Stop do kucia na zimno, wysoka wytrzyma\u0142o\u015b\u0107, wysoka twardo\u015b\u0107<\/td>\n<\/tr>\n<tr>\n<td>Napi\u0119cie<\/td>\n<td>220 V<\/td>\n<\/tr>\n<tr>\n<td>Moc<\/td>\n<td>65 W \/ 150 W \/ 180 W \/ 220 W \/ 350 W<\/td>\n<\/tr>\n<tr>\n<td>Uwierzytelnianie<\/td>\n<td>CE, ROHS, ISO9001<\/td>\n<\/tr>\n<tr>\n<td>Gwarancja<\/td>\n<td>1 rok gwarancji<\/td>\n<\/tr>\n<tr>\n<td>MOQ<\/td>\n<td>1 zestaw<\/td>\n<\/tr>\n<tr>\n<td>Czas realizacji<\/td>\n<td>10-14 dni<\/td>\n<\/tr>\n<tr>\n<td>Termin p\u0142atno\u015bci<\/td>\n<td>T\/T 40% Depozyt i saldo przed wysy\u0142k\u0105<\/td>\n<\/tr>\n<tr>\n<td>Orygina\u0142 miejsca<\/td>\n<td>Chiny<\/td>\n<\/tr>\n<\/tbody>\n<\/table>\n\t<div id=\"gap-668297847\" class=\"gap-element clearfix\" style=\"display:block; height:auto;\">\n\t\t\n<style>\n#gap-668297847 {\n  padding-top: 30px;\n}\n<\/style>\n\t<\/div>\n\t\n<h3>Szczeg\u00f3\u0142y pralki:<\/h3>\n\t<div class=\"img has-hover x md-x lg-x y md-y lg-y\" id=\"image_583136852\">\n\t\t\t\t\t\t\t\t<div class=\"img-inner dark\" >\n\t\t\t<img loading=\"lazy\" decoding=\"async\" width=\"800\" height=\"278\" src=\"https:\/\/swoer.com\/wp-content\/uploads\/2024\/03\/washer-detail.webp\" class=\"attachment-original size-original\" alt=\"szczeg\u00f3\u0142 podk\u0142adki\" srcset=\"https:\/\/swoer.com\/wp-content\/uploads\/2024\/03\/washer-detail.webp 800w, https:\/\/swoer.com\/wp-content\/uploads\/2024\/03\/washer-detail-300x104.webp 300w, https:\/\/swoer.com\/wp-content\/uploads\/2024\/03\/washer-detail-768x267.webp 768w, https:\/\/swoer.com\/wp-content\/uploads\/2024\/03\/washer-detail-600x209.webp 600w\" sizes=\"(max-width: 800px) 100vw, 800px\" \/>\t\t\t\t\t\t\n\t\t\t\t\t<\/div>\n\t\t\t\t\t\t\t\t\n<style>\n#image_583136852 {\n  width: 62%;\n}\n<\/style>\n\t<\/div>\n\t\n\t<div id=\"gap-191156265\" class=\"gap-element clearfix\" style=\"display:block; height:auto;\">\n\t\t\n<style>\n#gap-191156265 {\n  padding-top: 30px;\n}\n<\/style>\n\t<\/div>\n\t\n<h3><strong>Zalety naszych podajnik\u00f3w do pralek:<\/strong><\/h3>\n<ul>\n<li><strong>Zwi\u0119kszona wydajno\u015b\u0107: <\/strong>Podawaj tysi\u0105ce cz\u0119\u015bci na godzin\u0119<\/li>\n<li><strong>Mo\u017cliwo\u015b\u0107 dostosowania: <\/strong>Dostosowane do konkretnych cz\u0119\u015bci i linii produkcyjnej<\/li>\n<li><strong>Niezawodny:<\/strong>\u00a0Zbudowany z my\u015bl\u0105 o trwa\u0142o\u015bci i utrzymaniu sta\u0142ej wydajno\u015bci<\/li>\n<li><strong>Szybka dostawa:<\/strong>\u00a0Szybko zdob\u0105d\u017a swoj\u0105 maszyn\u0119<\/li>\n<li><strong>Certyfikat bezpiecze\u0144stwa: <\/strong>Certyfikaty CE i UL dla Twojego spokoju ducha<\/li>\n<\/ul>\n<p><strong>\u00a0<\/strong><\/p>\n<h3><strong>Szukasz niezawodnego podajnika myjni? <\/strong><\/h3>\n<p>SWOER oferuje specjalnie zaprojektowane podajniki misowe, aby dok\u0142adnie spe\u0142ni\u0107 Twoje potrzeby. Nasze maszyny posiadaj\u0105 certyfikaty CE i UL, co zapewnia bezpiecze\u0144stwo i jako\u015b\u0107.<\/p>\n<p>Nasz do\u015bwiadczony zesp\u00f3\u0142 in\u017cynier\u00f3w b\u0119dzie wsp\u00f3\u0142pracowa\u0107 z Tob\u0105 w celu zaprojektowania rozwi\u0105zania spe\u0142niaj\u0105cego Twoje specyficzne wymagania. Niezale\u017cnie od tego, czy potrzebujesz zasili\u0107 ma\u0142e, czy du\u017ce podk\u0142adki, mamy wiedz\u0119 specjalistyczn\u0105, kt\u00f3ra poradzi sobie z Twoim projektem.<\/p>\n<p><strong>Nie czekaj! Skontaktuj si\u0119 z nami ju\u017c dzi\u015b, aby poprosi\u0107 o wycen\u0119 i dowiedzie\u0107 si\u0119 wi\u0119cej o korzy\u015bciach, jakie nasze podajniki do pralek mog\u0105 przynie\u015b\u0107 Twojej firmie.<\/strong><\/p>\n\n<div class=\"wpcf7 no-js\" id=\"wpcf7-f5-o1\" lang=\"en-US\" dir=\"ltr\">\n<div class=\"screen-reader-response\"><p role=\"status\" aria-live=\"polite\" aria-atomic=\"true\"><\/p> <ul><\/ul><\/div>\n<form action=\"\/pl\/wp-json\/wp\/v2\/product\/1734#wpcf7-f5-o1\" method=\"post\" class=\"wpcf7-form init\" aria-label=\"Formularz kontaktowy\" novalidate=\"novalidate\" data-status=\"init\" data-trp-original-action=\"\/pl\/wp-json\/wp\/v2\/product\/1734#wpcf7-f5-o1\">\n<div style=\"display: none;\">\n<input type=\"hidden\" name=\"_wpcf7\" value=\"5\" \/>\n<input type=\"hidden\" name=\"_wpcf7_version\" value=\"5.9.2\" \/>\n<input type=\"hidden\" name=\"_wpcf7_locale\" value=\"en_US\" \/>\n<input type=\"hidden\" name=\"_wpcf7_unit_tag\" value=\"wpcf7-f5-o1\" \/>\n<input type=\"hidden\" name=\"_wpcf7_container_post\" value=\"0\" \/>\n<input type=\"hidden\" name=\"_wpcf7_posted_data_hash\" value=\"\" \/>\n<\/div>\n<div class='custom_contact_style'>\n\t<p><label> Twoje imi\u0119<br \/>\n<span class=\"wpcf7-form-control-wrap\" data-name=\"your-name\"><input size=\"40\" class=\"wpcf7-form-control wpcf7-text wpcf7-validates-as-required\" autocomplete=\"name\" aria-required=\"true\" aria-invalid=\"false\" value=\"\" type=\"text\" name=\"your-name\" \/><\/span> <\/label>\n\t<\/p>\n\t<p><label> Tw\u00f3j email<br \/>\n<span class=\"wpcf7-form-control-wrap\" data-name=\"your-email\"><input size=\"40\" class=\"wpcf7-form-control wpcf7-email wpcf7-validates-as-required wpcf7-text wpcf7-validates-as-email\" autocomplete=\"email\" aria-required=\"true\" aria-invalid=\"false\" value=\"\" type=\"email\" name=\"your-email\" \/><\/span> <\/label>\n\t<\/p>\n\t<p><label> Twoja wiadomo\u015b\u0107 (opcjonalnie)<br \/>\n<span class=\"wpcf7-form-control-wrap\" data-name=\"your-message\"><textarea cols=\"40\" rows=\"10\" class=\"wpcf7-form-control wpcf7-textarea\" aria-invalid=\"false\" name=\"your-message\"><\/textarea><\/span> <\/label>\n\t<\/p>\n\t<div style=\"margin-bottom:10px;\">\n\t\t<p><span class=\"wpcf7-form-control-wrap kc_captcha cf7ic-toggle\" data-name=\"kc_captcha\"><span class=\"wpcf7-form-control wpcf7-radio\"><span class=\"captcha-image\" style=\"display: none;\"><span class=\"cf7ic_instructions\">Udowodnij, \u017ce jeste\u015b cz\u0142owiekiem, wybieraj\u0105c opcj\u0119<span> house<\/span>.<\/span><label><input aria-label=\"1\" type=\"radio\" name=\"kc_captcha\" value=\"bot\" \/><svg aria-hidden=\"true\" role=\"img\" xmlns=\"http:\/\/www.w3.org\/2000\/svg\" viewbox=\"0 0 576 512\"><path fill=\"currentColor\" d=\"M415 24c-53 0-103 42-127 65-24-23-74-65-127-65C70 24 16 77 16 166c0 72 67 133 69 135l187 181c9 8 23 8 32 0l187-180c2-3 69-64 69-136 0-89-54-142-145-142z\"\/><\/svg><\/label><label><input aria-label=\"2\" type=\"radio\" name=\"kc_captcha\" value=\"kc_human\" \/><svg aria-hidden=\"true\" role=\"img\" xmlns=\"http:\/\/www.w3.org\/2000\/svg\" viewbox=\"0 0 576 512\"><path fill=\"currentColor\" d=\"M488 313v143c0 13-11 24-24 24H348c-7 0-12-5-12-12V356c0-7-5-12-12-12h-72c-7 0-12 5-12 12v112c0 7-5 12-12 12H112c-13 0-24-11-24-24V313c0-4 2-7 4-10l188-154c5-4 11-4 16 0l188 154c2 3 4 6 4 10zm84-61l-84-69V44c0-6-5-12-12-12h-56c-7 0-12 6-12 12v73l-89-74a48 48 0 00-61 0L4 252c-5 4-5 12-1 17l25 31c5 5 12 5 17 1l235-193c5-4 11-4 16 0l235 193c5 5 13 4 17-1l25-31c4-6 4-13-1-17z\"\/><\/svg><\/label><label><input aria-label=\"3\" type=\"radio\" name=\"kc_captcha\" value=\"bot\" \/><svg aria-hidden=\"true\" role=\"img\" xmlns=\"http:\/\/www.w3.org\/2000\/svg\" viewbox=\"0 0 512 512\"><path fill=\"currentColor\" d=\"M500 168h-55l-8-21a127 127 0 00-120-83H195a127 127 0 00-120 83l-8 21H12c-8 0-14 8-11 16l8 24a12 12 0 0011 8h29a64 64 0 00-33 56v48c0 16 6 31 16 42v62c0 13 11 24 24 24h48c13 0 24-11 24-24v-40h256v40c0 13 11 24 24 24h48c13 0 24-11 24-24v-62c10-11 16-26 16-42v-48c0-24-13-45-33-56h29a12 12 0 0011-8l8-24c3-8-3-16-11-16zm-365 2c9-25 33-42 60-42h122c27 0 51 17 60 42l15 38H120l15-38zM88 328a32 32 0 010-64c18 0 48 30 48 48s-30 16-48 16zm336 0c-18 0-48 2-48-16s30-48 48-48 32 14 32 32-14 32-32 32z\"\/><\/svg><\/label>\r\n    <\/span>\r\n    <span style=\"display:none\">\r\n        <input type=\"text\" name=\"kc_honeypot\">\r\n    <\/span><\/span><\/span>\n\t\t<\/p>\n\t<\/div>\n\t<p><input class=\"wpcf7-form-control wpcf7-submit has-spinner\" type=\"submit\" value=\"Sk\u0142ada\u0107\" \/>\n\t<\/p>\n<\/div><div class=\"wpcf7-response-output\" aria-hidden=\"true\"><\/div>\n<input type=\"hidden\" name=\"trp-form-language\" value=\"pl\"\/><\/form>\n<\/div>","protected":false},"excerpt":{"rendered":"<p><strong>Wydajne podawanie myjek za pomoc\u0105 naszego niestandardowego podajnika misowego.<\/strong> Usprawnij swoj\u0105 lini\u0119 monta\u017cow\u0105 dzi\u0119ki naszym niezawodnym i szybkim rozwi\u0105zaniom.<\/p>\n<p>Je\u015bli chcesz pozna\u0107 ceny podajnik\u00f3w misowych, skontaktuj si\u0119 z nami.<\/p>","protected":false},"featured_media":1735,"comment_status":"open","ping_status":"closed","template":"","meta":[],"product_cat":[37],"product_tag":[],"yoast_head":"<!-- This site is optimized with the Yoast SEO plugin v22.2 - https:\/\/yoast.com\/wordpress\/plugins\/seo\/ -->\n<title>Washer Vibratory Bowl Feeder | Vibro Feeder Parts for Washer<\/title>\n<meta name=\"description\" content=\"Custom high-speed vibratory bowl feeder for washer. CE &amp; UL certified for safety. Tailored solutions by our experienced team. Fast delivery guaranteed.\" \/>\n<meta name=\"robots\" content=\"index, follow, max-snippet:-1, max-image-preview:large, max-video-preview:-1\" \/>\n<link rel=\"canonical\" href=\"https:\/\/swoer.com\/pl\/manufacturer\/washer-bowl-feeder-automation\/\" \/>\n<meta property=\"og:locale\" content=\"pl_PL\" \/>\n<meta property=\"og:type\" content=\"article\" \/>\n<meta property=\"og:title\" content=\"Washer Vibratory Bowl Feeder | Vibro Feeder Parts for Washer\" \/>\n<meta property=\"og:description\" content=\"Custom high-speed vibratory bowl feeder for washer. CE &amp; UL certified for safety. Tailored solutions by our experienced team. Fast delivery guaranteed.\" \/>\n<meta property=\"og:url\" content=\"https:\/\/swoer.com\/pl\/manufacturer\/washer-bowl-feeder-automation\/\" \/>\n<meta property=\"og:site_name\" content=\"SWOER\" \/>\n<meta property=\"article:modified_time\" content=\"2024-08-01T06:04:40+00:00\" \/>\n<meta property=\"og:image\" content=\"https:\/\/swoer.com\/wp-content\/uploads\/2024\/03\/washer-bowl-feeder-automation.webp\" \/>\n\t<meta property=\"og:image:width\" content=\"1000\" \/>\n\t<meta property=\"og:image:height\" content=\"1000\" \/>\n\t<meta property=\"og:image:type\" content=\"image\/webp\" \/>\n<meta name=\"twitter:card\" content=\"summary_large_image\" \/>\n<meta name=\"twitter:label1\" content=\"Szacowany czas czytania\" \/>\n\t<meta name=\"twitter:data1\" content=\"2 minuty\" \/>\n<script type=\"application\/ld+json\" class=\"yoast-schema-graph\">{\"@context\":\"https:\/\/schema.org\",\"@graph\":[{\"@type\":\"WebPage\",\"@id\":\"https:\/\/swoer.com\/manufacturer\/washer-bowl-feeder-automation\/\",\"url\":\"https:\/\/swoer.com\/manufacturer\/washer-bowl-feeder-automation\/\",\"name\":\"Washer Vibratory Bowl Feeder | Vibro Feeder Parts for Washer\",\"isPartOf\":{\"@id\":\"https:\/\/swoer.com\/#website\"},\"primaryImageOfPage\":{\"@id\":\"https:\/\/swoer.com\/manufacturer\/washer-bowl-feeder-automation\/#primaryimage\"},\"image\":{\"@id\":\"https:\/\/swoer.com\/manufacturer\/washer-bowl-feeder-automation\/#primaryimage\"},\"thumbnailUrl\":\"https:\/\/swoer.com\/wp-content\/uploads\/2024\/03\/washer-bowl-feeder-automation.webp\",\"datePublished\":\"2024-03-30T03:41:31+00:00\",\"dateModified\":\"2024-08-01T06:04:40+00:00\",\"description\":\"Custom high-speed vibratory bowl feeder for washer. CE & UL certified for safety. Tailored solutions by our experienced team. Fast delivery guaranteed.\",\"breadcrumb\":{\"@id\":\"https:\/\/swoer.com\/manufacturer\/washer-bowl-feeder-automation\/#breadcrumb\"},\"inLanguage\":\"pl-PL\",\"potentialAction\":[{\"@type\":\"ReadAction\",\"target\":[\"https:\/\/swoer.com\/manufacturer\/washer-bowl-feeder-automation\/\"]}]},{\"@type\":\"ImageObject\",\"inLanguage\":\"pl-PL\",\"@id\":\"https:\/\/swoer.com\/manufacturer\/washer-bowl-feeder-automation\/#primaryimage\",\"url\":\"https:\/\/swoer.com\/wp-content\/uploads\/2024\/03\/washer-bowl-feeder-automation.webp\",\"contentUrl\":\"https:\/\/swoer.com\/wp-content\/uploads\/2024\/03\/washer-bowl-feeder-automation.webp\",\"width\":1000,\"height\":1000,\"caption\":\"washer bowl feeder automation\"},{\"@type\":\"BreadcrumbList\",\"@id\":\"https:\/\/swoer.com\/manufacturer\/washer-bowl-feeder-automation\/#breadcrumb\",\"itemListElement\":[{\"@type\":\"ListItem\",\"position\":1,\"name\":\"Home\",\"item\":\"https:\/\/swoer.com\/\"},{\"@type\":\"ListItem\",\"position\":2,\"name\":\"Shop\",\"item\":\"https:\/\/swoer.com\/shop\/\"},{\"@type\":\"ListItem\",\"position\":3,\"name\":\"Washer Vibratory Bowl Feeder\"}]},{\"@type\":\"WebSite\",\"@id\":\"https:\/\/swoer.com\/#website\",\"url\":\"https:\/\/swoer.com\/\",\"name\":\"SWOER\",\"description\":\"Swoer is the top 3 vibratory bowl feeder manufacturer in China\",\"potentialAction\":[{\"@type\":\"SearchAction\",\"target\":{\"@type\":\"EntryPoint\",\"urlTemplate\":\"https:\/\/swoer.com\/?s={search_term_string}\"},\"query-input\":\"required name=search_term_string\"}],\"inLanguage\":\"pl-PL\"}]}<\/script>\n<!-- \/ Yoast SEO plugin. -->","yoast_head_json":{"title":"Washer Vibratory Bowl Feeder | Vibro Feeder Parts for Washer","description":"Custom high-speed vibratory bowl feeder for washer. CE & UL certified for safety. Tailored solutions by our experienced team. Fast delivery guaranteed.","robots":{"index":"index","follow":"follow","max-snippet":"max-snippet:-1","max-image-preview":"max-image-preview:large","max-video-preview":"max-video-preview:-1"},"canonical":"https:\/\/swoer.com\/pl\/manufacturer\/washer-bowl-feeder-automation\/","og_locale":"pl_PL","og_type":"article","og_title":"Washer Vibratory Bowl Feeder | Vibro Feeder Parts for Washer","og_description":"Custom high-speed vibratory bowl feeder for washer. CE & UL certified for safety. Tailored solutions by our experienced team. Fast delivery guaranteed.","og_url":"https:\/\/swoer.com\/pl\/manufacturer\/washer-bowl-feeder-automation\/","og_site_name":"SWOER","article_modified_time":"2024-08-01T06:04:40+00:00","og_image":[{"width":1000,"height":1000,"url":"https:\/\/swoer.com\/wp-content\/uploads\/2024\/03\/washer-bowl-feeder-automation.webp","type":"image\/webp"}],"twitter_card":"summary_large_image","twitter_misc":{"Szacowany czas czytania":"2 minuty"},"schema":{"@context":"https:\/\/schema.org","@graph":[{"@type":"WebPage","@id":"https:\/\/swoer.com\/manufacturer\/washer-bowl-feeder-automation\/","url":"https:\/\/swoer.com\/manufacturer\/washer-bowl-feeder-automation\/","name":"Washer Vibratory Bowl Feeder | Vibro Feeder Parts for Washer","isPartOf":{"@id":"https:\/\/swoer.com\/#website"},"primaryImageOfPage":{"@id":"https:\/\/swoer.com\/manufacturer\/washer-bowl-feeder-automation\/#primaryimage"},"image":{"@id":"https:\/\/swoer.com\/manufacturer\/washer-bowl-feeder-automation\/#primaryimage"},"thumbnailUrl":"https:\/\/swoer.com\/wp-content\/uploads\/2024\/03\/washer-bowl-feeder-automation.webp","datePublished":"2024-03-30T03:41:31+00:00","dateModified":"2024-08-01T06:04:40+00:00","description":"Custom high-speed vibratory bowl feeder for washer. CE & UL certified for safety. Tailored solutions by our experienced team. Fast delivery guaranteed.","breadcrumb":{"@id":"https:\/\/swoer.com\/manufacturer\/washer-bowl-feeder-automation\/#breadcrumb"},"inLanguage":"pl-PL","potentialAction":[{"@type":"ReadAction","target":["https:\/\/swoer.com\/manufacturer\/washer-bowl-feeder-automation\/"]}]},{"@type":"ImageObject","inLanguage":"pl-PL","@id":"https:\/\/swoer.com\/manufacturer\/washer-bowl-feeder-automation\/#primaryimage","url":"https:\/\/swoer.com\/wp-content\/uploads\/2024\/03\/washer-bowl-feeder-automation.webp","contentUrl":"https:\/\/swoer.com\/wp-content\/uploads\/2024\/03\/washer-bowl-feeder-automation.webp","width":1000,"height":1000,"caption":"washer bowl feeder automation"},{"@type":"BreadcrumbList","@id":"https:\/\/swoer.com\/manufacturer\/washer-bowl-feeder-automation\/#breadcrumb","itemListElement":[{"@type":"ListItem","position":1,"name":"Home","item":"https:\/\/swoer.com\/"},{"@type":"ListItem","position":2,"name":"Shop","item":"https:\/\/swoer.com\/shop\/"},{"@type":"ListItem","position":3,"name":"Washer Vibratory Bowl Feeder"}]},{"@type":"WebSite","@id":"https:\/\/swoer.com\/#website","url":"https:\/\/swoer.com\/","name":"SWOER","description":"Swoer is the top 3 vibratory bowl feeder manufacturer in China","potentialAction":[{"@type":"SearchAction","target":{"@type":"EntryPoint","urlTemplate":"https:\/\/swoer.com\/?s={search_term_string}"},"query-input":"required name=search_term_string"}],"inLanguage":"pl-PL"}]}},"_links":{"self":[{"href":"https:\/\/swoer.com\/pl\/wp-json\/wp\/v2\/product\/1734"}],"collection":[{"href":"https:\/\/swoer.com\/pl\/wp-json\/wp\/v2\/product"}],"about":[{"href":"https:\/\/swoer.com\/pl\/wp-json\/wp\/v2\/types\/product"}],"replies":[{"embeddable":true,"href":"https:\/\/swoer.com\/pl\/wp-json\/wp\/v2\/comments?post=1734"}],"wp:featuredmedia":[{"embeddable":true,"href":"https:\/\/swoer.com\/pl\/wp-json\/wp\/v2\/media\/1735"}],"wp:attachment":[{"href":"https:\/\/swoer.com\/pl\/wp-json\/wp\/v2\/media?parent=1734"}],"wp:term":[{"taxonomy":"product_cat","embeddable":true,"href":"https:\/\/swoer.com\/pl\/wp-json\/wp\/v2\/product_cat?post=1734"},{"taxonomy":"product_tag","embeddable":true,"href":"https:\/\/swoer.com\/pl\/wp-json\/wp\/v2\/product_tag?post=1734"}],"curies":[{"name":"wp","href":"https:\/\/api.w.org\/{rel}","templated":true}]}}