{"id":1730,"date":"2024-03-30T03:32:35","date_gmt":"2024-03-30T03:32:35","guid":{"rendered":"https:\/\/lightgrey-porpoise-816575.hostingersite.com\/?post_type=product&#038;p=1730"},"modified":"2024-08-03T14:36:48","modified_gmt":"2024-08-03T06:36:48","slug":"part-feeding-systems-for-springs","status":"publish","type":"product","link":"https:\/\/swoer.com\/pl\/manufacturer\/part-feeding-systems-for-springs\/","title":{"rendered":"Systemy podawania cz\u0119\u015bci do spr\u0119\u017cyn"},"content":{"rendered":"<p>Obs\u0142uga spr\u0119\u017cyn w automatyce przemys\u0142owej stwarza wyj\u0105tkowe wyzwania. Spr\u0119\u017cyny r\u00f3\u017cni\u0105 si\u0119 kszta\u0142tem i rozmiarem, co sprawia, \u017ce ich zasilanie jest skomplikowanym zadaniem. W SWOER oferujemy zaawansowane rozwi\u0105zania dla tych specyficznych potrzeb.<\/p>\n<h2>Parametr podajnika miskowego:<\/h2>\n<table width=\"684\">\n<tbody>\n<tr>\n<td width=\"183\">Nazwa produktu<\/td>\n<td width=\"501\">Systemy podawania cz\u0119\u015bci do spr\u0119\u017cyn<\/td>\n<\/tr>\n<tr>\n<td>Materia\u0142<\/td>\n<td>\u00a0SUS201\/304<\/td>\n<\/tr>\n<tr>\n<td>Specjalno\u015b\u0107 materia\u0142owa<\/td>\n<td>Stop do kucia na zimno, wysoka wytrzyma\u0142o\u015b\u0107, wysoka twardo\u015b\u0107<\/td>\n<\/tr>\n<tr>\n<td>Napi\u0119cie<\/td>\n<td>220 V<\/td>\n<\/tr>\n<tr>\n<td>Moc<\/td>\n<td>65 W \/ 150 W \/ 180 W \/ 220 W \/ 350 W<\/td>\n<\/tr>\n<tr>\n<td>Uwierzytelnianie<\/td>\n<td>CE, ROHS, ISO9001<\/td>\n<\/tr>\n<tr>\n<td>Gwarancja<\/td>\n<td>1 rok gwarancji<\/td>\n<\/tr>\n<tr>\n<td>MOQ<\/td>\n<td>1 zestaw<\/td>\n<\/tr>\n<tr>\n<td>Czas realizacji<\/td>\n<td>10-14 dni<\/td>\n<\/tr>\n<tr>\n<td>Termin p\u0142atno\u015bci<\/td>\n<td>T\/T 40% Depozyt i saldo przed wysy\u0142k\u0105<\/td>\n<\/tr>\n<tr>\n<td>Orygina\u0142 miejsca<\/td>\n<td>Chiny<\/td>\n<\/tr>\n<\/tbody>\n<\/table>\n\t<div id=\"gap-2090502609\" class=\"gap-element clearfix\" style=\"display:block; height:auto;\">\n\t\t\n<style>\n#gap-2090502609 {\n  padding-top: 30px;\n}\n<\/style>\n\t<\/div>\n\t\n<h2>Szczeg\u00f3\u0142y spr\u0119\u017cyn:<\/h2>\n\t<div class=\"img has-hover x md-x lg-x y md-y lg-y\" id=\"image_809092802\">\n\t\t\t\t\t\t\t\t<div class=\"img-inner dark\" >\n\t\t\t<img loading=\"lazy\" decoding=\"async\" width=\"448\" height=\"304\" src=\"https:\/\/swoer.com\/wp-content\/uploads\/2024\/03\/spring-detail.webp\" class=\"attachment-original size-original\" alt=\"wiosenny detal\" srcset=\"https:\/\/swoer.com\/wp-content\/uploads\/2024\/03\/spring-detail.webp 448w, https:\/\/swoer.com\/wp-content\/uploads\/2024\/03\/spring-detail-300x204.webp 300w\" sizes=\"(max-width: 448px) 100vw, 448px\" \/>\t\t\t\t\t\t\n\t\t\t\t\t<\/div>\n\t\t\t\t\t\t\t\t\n<style>\n#image_809092802 {\n  width: 45%;\n}\n<\/style>\n\t<\/div>\n\t\n<h2>Wyzwania zwi\u0105zane ze \u017ar\u00f3d\u0142ami zasilaj\u0105cymi<\/h2>\n<p>Spr\u0119\u017cyny, niezale\u017cnie od tego, czy s\u0105 \u015bciskane, rozci\u0105gane czy skr\u0119cane, stwarzaj\u0105 kilka problem\u00f3w:<\/p>\n<ol>\n<li><strong>Zmienno\u015b\u0107:<\/strong> Spr\u0119\u017cyny s\u0105 dost\u0119pne w r\u00f3\u017cnych \u015brednicach, d\u0142ugo\u015bciach i konfiguracjach zwoj\u00f3w, co komplikuje proces podawania.<\/li>\n<li><strong>Spl\u0105tanie i nak\u0142adanie si\u0119:<\/strong> Spr\u0119\u017cyny mog\u0105 \u0142atwo si\u0119 spl\u0105ta\u0107 lub nak\u0142ada\u0107 na siebie, powoduj\u0105c blokady i przestoje.<\/li>\n<li><strong>Delikatna obs\u0142uga:<\/strong> Spr\u0119\u017cyny s\u0105 delikatne i niew\u0142a\u015bciwa obs\u0142uga mo\u017ce je zdeformowa\u0107, co prowadzi do uszkodze\u0144.<\/li>\n<\/ol>\n<h3>\u00a0<\/h3>\n<h2>Szukasz niezawodnego podajnika spr\u0119\u017cynowego?<\/h2>\n<p>SWOER oferuje specjalnie zaprojektowane podajniki misowe, aby dok\u0142adnie spe\u0142ni\u0107 Twoje potrzeby. Nasze maszyny posiadaj\u0105 certyfikaty CE i UL, co zapewnia bezpiecze\u0144stwo i jako\u015b\u0107.<\/p>\n<h3>\u00a0<\/h3>\n<h3><strong>Zalety naszych karmnik\u00f3w spr\u0119\u017cynowych:<\/strong><\/h3>\n<ul>\n<li><strong>Zwi\u0119kszona wydajno\u015b\u0107: <\/strong>Podawaj tysi\u0105ce cz\u0119\u015bci na godzin\u0119<\/li>\n<li><strong>Mo\u017cliwo\u015b\u0107 dostosowania: <\/strong>Dostosowane do konkretnych cz\u0119\u015bci i linii produkcyjnej<\/li>\n<li><strong>Niezawodny: <\/strong>Zbudowany z my\u015bl\u0105 o trwa\u0142o\u015bci i utrzymaniu sta\u0142ej wydajno\u015bci<\/li>\n<li><strong>Szybka dostawa: <\/strong>Szybko zdob\u0105d\u017a swoj\u0105 maszyn\u0119<\/li>\n<li><strong>Certyfikat bezpiecze\u0144stwa: <\/strong>Certyfikaty CE i UL dla Twojego spokoju ducha<\/li>\n<\/ul>\n<p><strong>Nasz do\u015bwiadczony zesp\u00f3\u0142 in\u017cynier\u00f3w b\u0119dzie wsp\u00f3\u0142pracowa\u0107 z Tob\u0105 w celu zaprojektowania rozwi\u0105zania spe\u0142niaj\u0105cego Twoje specyficzne wymagania.<\/strong>\u00a0Niezale\u017cnie od tego, czy potrzebujesz zasili\u0107 ma\u0142e, czy du\u017ce spr\u0119\u017cyny, mamy wiedz\u0119 specjalistyczn\u0105, kt\u00f3ra poradzi sobie z Twoim projektem.<\/p>\n<p><strong>Nie czekaj!<\/strong>\u00a0Skontaktuj si\u0119 z nami ju\u017c dzi\u015b, aby poprosi\u0107 o wycen\u0119 i dowiedzie\u0107 si\u0119 wi\u0119cej o korzy\u015bciach, jakie nasze podajniki spr\u0119\u017cynowe mog\u0105 przynie\u015b\u0107 Twojej firmie.<\/p>\n\n<div class=\"wpcf7 no-js\" id=\"wpcf7-f5-o1\" lang=\"en-US\" dir=\"ltr\">\n<div class=\"screen-reader-response\"><p role=\"status\" aria-live=\"polite\" aria-atomic=\"true\"><\/p> <ul><\/ul><\/div>\n<form action=\"\/pl\/wp-json\/wp\/v2\/product\/1730#wpcf7-f5-o1\" method=\"post\" class=\"wpcf7-form init\" aria-label=\"Formularz kontaktowy\" novalidate=\"novalidate\" data-status=\"init\" data-trp-original-action=\"\/pl\/wp-json\/wp\/v2\/product\/1730#wpcf7-f5-o1\">\n<div style=\"display: none;\">\n<input type=\"hidden\" name=\"_wpcf7\" value=\"5\" \/>\n<input type=\"hidden\" name=\"_wpcf7_version\" value=\"5.9.2\" \/>\n<input type=\"hidden\" name=\"_wpcf7_locale\" value=\"en_US\" \/>\n<input type=\"hidden\" name=\"_wpcf7_unit_tag\" value=\"wpcf7-f5-o1\" \/>\n<input type=\"hidden\" name=\"_wpcf7_container_post\" value=\"0\" \/>\n<input type=\"hidden\" name=\"_wpcf7_posted_data_hash\" value=\"\" \/>\n<\/div>\n<div class='custom_contact_style'>\n\t<p><label> Twoje imi\u0119<br \/>\n<span class=\"wpcf7-form-control-wrap\" data-name=\"your-name\"><input size=\"40\" class=\"wpcf7-form-control wpcf7-text wpcf7-validates-as-required\" autocomplete=\"name\" aria-required=\"true\" aria-invalid=\"false\" value=\"\" type=\"text\" name=\"your-name\" \/><\/span> <\/label>\n\t<\/p>\n\t<p><label> Tw\u00f3j email<br \/>\n<span class=\"wpcf7-form-control-wrap\" data-name=\"your-email\"><input size=\"40\" class=\"wpcf7-form-control wpcf7-email wpcf7-validates-as-required wpcf7-text wpcf7-validates-as-email\" autocomplete=\"email\" aria-required=\"true\" aria-invalid=\"false\" value=\"\" type=\"email\" name=\"your-email\" \/><\/span> <\/label>\n\t<\/p>\n\t<p><label> Twoja wiadomo\u015b\u0107 (opcjonalnie)<br \/>\n<span class=\"wpcf7-form-control-wrap\" data-name=\"your-message\"><textarea cols=\"40\" rows=\"10\" class=\"wpcf7-form-control wpcf7-textarea\" aria-invalid=\"false\" name=\"your-message\"><\/textarea><\/span> <\/label>\n\t<\/p>\n\t<div style=\"margin-bottom:10px;\">\n\t\t<p><span class=\"wpcf7-form-control-wrap kc_captcha cf7ic-toggle\" data-name=\"kc_captcha\"><span class=\"wpcf7-form-control wpcf7-radio\"><span class=\"captcha-image\" style=\"display: none;\"><span class=\"cf7ic_instructions\">Udowodnij, \u017ce jeste\u015b cz\u0142owiekiem, wybieraj\u0105c opcj\u0119<span> house<\/span>.<\/span><label><input aria-label=\"1\" type=\"radio\" name=\"kc_captcha\" value=\"bot\" \/><svg aria-hidden=\"true\" role=\"img\" xmlns=\"http:\/\/www.w3.org\/2000\/svg\" viewbox=\"0 0 576 512\"><path fill=\"currentColor\" d=\"M415 24c-53 0-103 42-127 65-24-23-74-65-127-65C70 24 16 77 16 166c0 72 67 133 69 135l187 181c9 8 23 8 32 0l187-180c2-3 69-64 69-136 0-89-54-142-145-142z\"\/><\/svg><\/label><label><input aria-label=\"2\" type=\"radio\" name=\"kc_captcha\" value=\"kc_human\" \/><svg aria-hidden=\"true\" role=\"img\" xmlns=\"http:\/\/www.w3.org\/2000\/svg\" viewbox=\"0 0 576 512\"><path fill=\"currentColor\" d=\"M488 313v143c0 13-11 24-24 24H348c-7 0-12-5-12-12V356c0-7-5-12-12-12h-72c-7 0-12 5-12 12v112c0 7-5 12-12 12H112c-13 0-24-11-24-24V313c0-4 2-7 4-10l188-154c5-4 11-4 16 0l188 154c2 3 4 6 4 10zm84-61l-84-69V44c0-6-5-12-12-12h-56c-7 0-12 6-12 12v73l-89-74a48 48 0 00-61 0L4 252c-5 4-5 12-1 17l25 31c5 5 12 5 17 1l235-193c5-4 11-4 16 0l235 193c5 5 13 4 17-1l25-31c4-6 4-13-1-17z\"\/><\/svg><\/label><label><input aria-label=\"3\" type=\"radio\" name=\"kc_captcha\" value=\"bot\" \/><svg aria-hidden=\"true\" role=\"img\" xmlns=\"http:\/\/www.w3.org\/2000\/svg\" viewbox=\"0 0 512 512\"><path fill=\"currentColor\" d=\"M350 99c-54 0-98-35-166-35-25 0-47 4-68 12a56 56 0 004-24C118 24 95 1 66 0a56 56 0 00-34 102v386c0 13 11 24 24 24h16c13 0 24-11 24-24v-94c28-12 64-23 114-23 54 0 98 35 166 35 48 0 86-16 122-41 9-6 14-15 14-26V96c0-23-24-39-45-29-35 16-77 32-117 32z\"\/><\/svg><\/label>\r\n    <\/span>\r\n    <span style=\"display:none\">\r\n        <input type=\"text\" name=\"kc_honeypot\">\r\n    <\/span><\/span><\/span>\n\t\t<\/p>\n\t<\/div>\n\t<p><input class=\"wpcf7-form-control wpcf7-submit has-spinner\" type=\"submit\" value=\"Sk\u0142ada\u0107\" \/>\n\t<\/p>\n<\/div><div class=\"wpcf7-response-output\" aria-hidden=\"true\"><\/div>\n<input type=\"hidden\" name=\"trp-form-language\" value=\"pl\"\/><\/form>\n<\/div>","protected":false},"excerpt":{"rendered":"<p>Niestandardowe podajniki wibracyjne firmy SWOER zapewniaj\u0105 precyzyjne i wydajne rozwi\u0105zania w zakresie obs\u0142ugi i orientowania spr\u0119\u017cyn w procesach produkcyjnych.<\/p>\n<p>Je\u015bli chcesz pozna\u0107 ceny podajnik\u00f3w misowych, skontaktuj si\u0119 z nami.<\/p>","protected":false},"featured_media":1731,"comment_status":"open","ping_status":"closed","template":"","meta":[],"product_cat":[37],"product_tag":[],"yoast_head":"<!-- This site is optimized with the Yoast SEO plugin v22.2 - https:\/\/yoast.com\/wordpress\/plugins\/seo\/ -->\n<title>Part Feeding Systems for Springs | Bowl Feeder for Springs<\/title>\n<meta name=\"description\" content=\"Looking for reliable spring part feeding solutions? Our systems ensure consistent part delivery, reducing downtime and improving product quality. Contact us today!\" \/>\n<meta name=\"robots\" content=\"index, follow, max-snippet:-1, max-image-preview:large, max-video-preview:-1\" \/>\n<link rel=\"canonical\" href=\"https:\/\/swoer.com\/pl\/manufacturer\/part-feeding-systems-for-springs\/\" \/>\n<meta property=\"og:locale\" content=\"pl_PL\" \/>\n<meta property=\"og:type\" content=\"article\" \/>\n<meta property=\"og:title\" content=\"Part Feeding Systems for Springs | Bowl Feeder for Springs\" \/>\n<meta property=\"og:description\" content=\"Looking for reliable spring part feeding solutions? Our systems ensure consistent part delivery, reducing downtime and improving product quality. Contact us today!\" \/>\n<meta property=\"og:url\" content=\"https:\/\/swoer.com\/pl\/manufacturer\/part-feeding-systems-for-springs\/\" \/>\n<meta property=\"og:site_name\" content=\"SWOER\" \/>\n<meta property=\"article:modified_time\" content=\"2024-08-03T06:36:48+00:00\" \/>\n<meta property=\"og:image\" content=\"https:\/\/swoer.com\/wp-content\/uploads\/2024\/03\/springs-bowl-feeder-machine.webp\" \/>\n\t<meta property=\"og:image:width\" content=\"1000\" \/>\n\t<meta property=\"og:image:height\" content=\"1000\" \/>\n\t<meta property=\"og:image:type\" content=\"image\/webp\" \/>\n<meta name=\"twitter:card\" content=\"summary_large_image\" \/>\n<meta name=\"twitter:label1\" content=\"Szacowany czas czytania\" \/>\n\t<meta name=\"twitter:data1\" content=\"2 minuty\" \/>\n<script type=\"application\/ld+json\" class=\"yoast-schema-graph\">{\"@context\":\"https:\/\/schema.org\",\"@graph\":[{\"@type\":\"WebPage\",\"@id\":\"https:\/\/swoer.com\/manufacturer\/part-feeding-systems-for-springs\/\",\"url\":\"https:\/\/swoer.com\/manufacturer\/part-feeding-systems-for-springs\/\",\"name\":\"Part Feeding Systems for Springs | Bowl Feeder for Springs\",\"isPartOf\":{\"@id\":\"https:\/\/swoer.com\/#website\"},\"primaryImageOfPage\":{\"@id\":\"https:\/\/swoer.com\/manufacturer\/part-feeding-systems-for-springs\/#primaryimage\"},\"image\":{\"@id\":\"https:\/\/swoer.com\/manufacturer\/part-feeding-systems-for-springs\/#primaryimage\"},\"thumbnailUrl\":\"https:\/\/swoer.com\/wp-content\/uploads\/2024\/03\/springs-bowl-feeder-machine.webp\",\"datePublished\":\"2024-03-30T03:32:35+00:00\",\"dateModified\":\"2024-08-03T06:36:48+00:00\",\"description\":\"Looking for reliable spring part feeding solutions? Our systems ensure consistent part delivery, reducing downtime and improving product quality. Contact us today!\",\"breadcrumb\":{\"@id\":\"https:\/\/swoer.com\/manufacturer\/part-feeding-systems-for-springs\/#breadcrumb\"},\"inLanguage\":\"pl-PL\",\"potentialAction\":[{\"@type\":\"ReadAction\",\"target\":[\"https:\/\/swoer.com\/manufacturer\/part-feeding-systems-for-springs\/\"]}]},{\"@type\":\"ImageObject\",\"inLanguage\":\"pl-PL\",\"@id\":\"https:\/\/swoer.com\/manufacturer\/part-feeding-systems-for-springs\/#primaryimage\",\"url\":\"https:\/\/swoer.com\/wp-content\/uploads\/2024\/03\/springs-bowl-feeder-machine.webp\",\"contentUrl\":\"https:\/\/swoer.com\/wp-content\/uploads\/2024\/03\/springs-bowl-feeder-machine.webp\",\"width\":1000,\"height\":1000,\"caption\":\"springs bowl feeder machine\"},{\"@type\":\"BreadcrumbList\",\"@id\":\"https:\/\/swoer.com\/manufacturer\/part-feeding-systems-for-springs\/#breadcrumb\",\"itemListElement\":[{\"@type\":\"ListItem\",\"position\":1,\"name\":\"Home\",\"item\":\"https:\/\/swoer.com\/\"},{\"@type\":\"ListItem\",\"position\":2,\"name\":\"Shop\",\"item\":\"https:\/\/swoer.com\/shop\/\"},{\"@type\":\"ListItem\",\"position\":3,\"name\":\"Part Feeding Systems for Springs\"}]},{\"@type\":\"WebSite\",\"@id\":\"https:\/\/swoer.com\/#website\",\"url\":\"https:\/\/swoer.com\/\",\"name\":\"SWOER\",\"description\":\"Swoer is the top 3 vibratory bowl feeder manufacturer in China\",\"potentialAction\":[{\"@type\":\"SearchAction\",\"target\":{\"@type\":\"EntryPoint\",\"urlTemplate\":\"https:\/\/swoer.com\/?s={search_term_string}\"},\"query-input\":\"required name=search_term_string\"}],\"inLanguage\":\"pl-PL\"}]}<\/script>\n<!-- \/ Yoast SEO plugin. -->","yoast_head_json":{"title":"Part Feeding Systems for Springs | Bowl Feeder for Springs","description":"Looking for reliable spring part feeding solutions? Our systems ensure consistent part delivery, reducing downtime and improving product quality. Contact us today!","robots":{"index":"index","follow":"follow","max-snippet":"max-snippet:-1","max-image-preview":"max-image-preview:large","max-video-preview":"max-video-preview:-1"},"canonical":"https:\/\/swoer.com\/pl\/manufacturer\/part-feeding-systems-for-springs\/","og_locale":"pl_PL","og_type":"article","og_title":"Part Feeding Systems for Springs | Bowl Feeder for Springs","og_description":"Looking for reliable spring part feeding solutions? Our systems ensure consistent part delivery, reducing downtime and improving product quality. Contact us today!","og_url":"https:\/\/swoer.com\/pl\/manufacturer\/part-feeding-systems-for-springs\/","og_site_name":"SWOER","article_modified_time":"2024-08-03T06:36:48+00:00","og_image":[{"width":1000,"height":1000,"url":"https:\/\/swoer.com\/wp-content\/uploads\/2024\/03\/springs-bowl-feeder-machine.webp","type":"image\/webp"}],"twitter_card":"summary_large_image","twitter_misc":{"Szacowany czas czytania":"2 minuty"},"schema":{"@context":"https:\/\/schema.org","@graph":[{"@type":"WebPage","@id":"https:\/\/swoer.com\/manufacturer\/part-feeding-systems-for-springs\/","url":"https:\/\/swoer.com\/manufacturer\/part-feeding-systems-for-springs\/","name":"Part Feeding Systems for Springs | Bowl Feeder for Springs","isPartOf":{"@id":"https:\/\/swoer.com\/#website"},"primaryImageOfPage":{"@id":"https:\/\/swoer.com\/manufacturer\/part-feeding-systems-for-springs\/#primaryimage"},"image":{"@id":"https:\/\/swoer.com\/manufacturer\/part-feeding-systems-for-springs\/#primaryimage"},"thumbnailUrl":"https:\/\/swoer.com\/wp-content\/uploads\/2024\/03\/springs-bowl-feeder-machine.webp","datePublished":"2024-03-30T03:32:35+00:00","dateModified":"2024-08-03T06:36:48+00:00","description":"Looking for reliable spring part feeding solutions? Our systems ensure consistent part delivery, reducing downtime and improving product quality. Contact us today!","breadcrumb":{"@id":"https:\/\/swoer.com\/manufacturer\/part-feeding-systems-for-springs\/#breadcrumb"},"inLanguage":"pl-PL","potentialAction":[{"@type":"ReadAction","target":["https:\/\/swoer.com\/manufacturer\/part-feeding-systems-for-springs\/"]}]},{"@type":"ImageObject","inLanguage":"pl-PL","@id":"https:\/\/swoer.com\/manufacturer\/part-feeding-systems-for-springs\/#primaryimage","url":"https:\/\/swoer.com\/wp-content\/uploads\/2024\/03\/springs-bowl-feeder-machine.webp","contentUrl":"https:\/\/swoer.com\/wp-content\/uploads\/2024\/03\/springs-bowl-feeder-machine.webp","width":1000,"height":1000,"caption":"springs bowl feeder machine"},{"@type":"BreadcrumbList","@id":"https:\/\/swoer.com\/manufacturer\/part-feeding-systems-for-springs\/#breadcrumb","itemListElement":[{"@type":"ListItem","position":1,"name":"Home","item":"https:\/\/swoer.com\/"},{"@type":"ListItem","position":2,"name":"Shop","item":"https:\/\/swoer.com\/shop\/"},{"@type":"ListItem","position":3,"name":"Part Feeding Systems for Springs"}]},{"@type":"WebSite","@id":"https:\/\/swoer.com\/#website","url":"https:\/\/swoer.com\/","name":"SWOER","description":"Swoer is the top 3 vibratory bowl feeder manufacturer in China","potentialAction":[{"@type":"SearchAction","target":{"@type":"EntryPoint","urlTemplate":"https:\/\/swoer.com\/?s={search_term_string}"},"query-input":"required name=search_term_string"}],"inLanguage":"pl-PL"}]}},"_links":{"self":[{"href":"https:\/\/swoer.com\/pl\/wp-json\/wp\/v2\/product\/1730"}],"collection":[{"href":"https:\/\/swoer.com\/pl\/wp-json\/wp\/v2\/product"}],"about":[{"href":"https:\/\/swoer.com\/pl\/wp-json\/wp\/v2\/types\/product"}],"replies":[{"embeddable":true,"href":"https:\/\/swoer.com\/pl\/wp-json\/wp\/v2\/comments?post=1730"}],"wp:featuredmedia":[{"embeddable":true,"href":"https:\/\/swoer.com\/pl\/wp-json\/wp\/v2\/media\/1731"}],"wp:attachment":[{"href":"https:\/\/swoer.com\/pl\/wp-json\/wp\/v2\/media?parent=1730"}],"wp:term":[{"taxonomy":"product_cat","embeddable":true,"href":"https:\/\/swoer.com\/pl\/wp-json\/wp\/v2\/product_cat?post=1730"},{"taxonomy":"product_tag","embeddable":true,"href":"https:\/\/swoer.com\/pl\/wp-json\/wp\/v2\/product_tag?post=1730"}],"curies":[{"name":"wp","href":"https:\/\/api.w.org\/{rel}","templated":true}]}}