{"id":1712,"date":"2024-03-29T09:06:43","date_gmt":"2024-03-29T09:06:43","guid":{"rendered":"https:\/\/lightgrey-porpoise-816575.hostingersite.com\/?post_type=product&#038;p=1712"},"modified":"2024-08-01T10:37:40","modified_gmt":"2024-08-01T02:37:40","slug":"m8-22-hex-nuts-bowl-feeder-manufacturers","status":"publish","type":"product","link":"https:\/\/swoer.com\/pl\/manufacturer\/m8-22-hex-nuts-bowl-feeder-manufacturers\/","title":{"rendered":"Podajnik wibracyjny z nakr\u0119tkami sze\u015bciok\u0105tnymi M8-22"},"content":{"rendered":"<p>SWOER jest wiod\u0105cym producentem podajnik\u00f3w misowych z nakr\u0119tkami sze\u015bciok\u0105tnymi M8-22, dostarczaj\u0105cym precyzyjnie zaprojektowane rozwi\u0105zania dostosowane do wymaga\u0144 nowoczesnej produkcji. Nasza wiedza specjalistyczna w zakresie technologii podajnik\u00f3w wibracyjnych zapewnia wydajn\u0105 i niezawodn\u0105 obs\u0142ug\u0119 cz\u0119\u015bci, optymalizuj\u0105c procesy produkcyjne w celu uzyskania maksymalnej produktywno\u015bci. Dzi\u0119ki SWOER mo\u017cesz zaufa\u0107 wysokiej jako\u015bci wykonaniu, innowacyjnemu projektowi i wyj\u0105tkowej wydajno\u015bci, co czyni nas preferowanym wyborem dla producent\u00f3w podajnik\u00f3w misowych z nakr\u0119tkami sze\u015bciok\u0105tnymi M8-22.<\/p>\n\t<div id=\"gap-1903528452\" class=\"gap-element clearfix\" style=\"display:block; height:auto;\">\n\t\t\n<style>\n#gap-1903528452 {\n  padding-top: 30px;\n}\n<\/style>\n\t<\/div>\n\t\n<h2>Dane techniczne podajnika miskowego:<\/h2>\n<table width=\"684\">\n<tbody>\n<tr>\n<td width=\"183\">Nazwa produktu<\/td>\n<td width=\"501\">Producenci podajnik\u00f3w misowych z nakr\u0119tkami sze\u015bciok\u0105tnymi M8-22<\/td>\n<\/tr>\n<tr>\n<td>Materia\u0142<\/td>\n<td>\u00a0SUS201\/304<\/td>\n<\/tr>\n<tr>\n<td>Specjalno\u015b\u0107 materia\u0142owa<\/td>\n<td>Stop do kucia na zimno, wysoka wytrzyma\u0142o\u015b\u0107, wysoka twardo\u015b\u0107<\/td>\n<\/tr>\n<tr>\n<td>Napi\u0119cie<\/td>\n<td>220 V<\/td>\n<\/tr>\n<tr>\n<td>Moc<\/td>\n<td>65 W \/ 150 W \/ 180 W \/ 220 W \/ 350 W<\/td>\n<\/tr>\n<tr>\n<td>Uwierzytelnianie<\/td>\n<td>CE, ROHS, ISO9001<\/td>\n<\/tr>\n<tr>\n<td>Gwarancja<\/td>\n<td>1 rok gwarancji<\/td>\n<\/tr>\n<tr>\n<td>MOQ<\/td>\n<td>1 zestaw<\/td>\n<\/tr>\n<tr>\n<td>Czas realizacji<\/td>\n<td>10-14 dni<\/td>\n<\/tr>\n<tr>\n<td>Termin p\u0142atno\u015bci<\/td>\n<td>T\/T 40% Depozyt i saldo przed wysy\u0142k\u0105<\/td>\n<\/tr>\n<tr>\n<td>Orygina\u0142 miejsca<\/td>\n<td>Chiny<\/td>\n<\/tr>\n<\/tbody>\n<\/table>\n\t<div id=\"gap-1208271799\" class=\"gap-element clearfix\" style=\"display:block; height:auto;\">\n\t\t\n<style>\n#gap-1208271799 {\n  padding-top: 30px;\n}\n<\/style>\n\t<\/div>\n\t\n<h3><strong>Potrzebujesz niezawodnego podajnika nakr\u0119tek sze\u015bciok\u0105tnych M8-22?<\/strong>\u00a0<\/h3>\n<p>SWOER oferuje rozwi\u0105zania dostosowane do Twoich potrzeb. Nasze podajniki wibracyjne zaprojektowano z my\u015bl\u0105 o zwi\u0119kszeniu wydajno\u015bci produkcji i skr\u00f3ceniu przestoj\u00f3w.<\/p>\n<h3><strong>Chcesz dowiedzie\u0107 si\u0119 wi\u0119cej?<\/strong>\u00a0<\/h3>\n<p>Skontaktuj si\u0119 z nami ju\u017c dzi\u015b, aby om\u00f3wi\u0107 Twoje specyficzne wymagania. Przygotujemy dla Ciebie indywidualn\u0105 wycen\u0119 i odpowiemy na wszelkie pytania.<\/p>\n<h3><strong>Najwa\u017cniejsze cechy naszego podajnika nakr\u0119tek sze\u015bciok\u0105tnych M8-22:<\/strong><\/h3>\n<ul>\n<li><strong>Wysoka pr\u0119dko\u015b\u0107:<\/strong>Podawaj tysi\u0105ce cz\u0119\u015bci na godzin\u0119<\/li>\n<li><strong>Mo\u017cliwo\u015b\u0107 dostosowania:<\/strong>Dostosowane do konkretnych cz\u0119\u015bci i linii produkcyjnej<\/li>\n<li><strong>Niezawodny:<\/strong>Zbudowany z my\u015bl\u0105 o trwa\u0142o\u015bci i utrzymaniu sta\u0142ej wydajno\u015bci<\/li>\n<li><strong>Cicha praca:<\/strong>Minimalizuje zanieczyszczenie ha\u0142asem w miejscu pracy<\/li>\n<\/ul>\n\t<div id=\"gap-1497137556\" class=\"gap-element clearfix\" style=\"display:block; height:auto;\">\n\t\t\n<style>\n#gap-1497137556 {\n  padding-top: 30px;\n}\n<\/style>\n\t<\/div>\n\t\n<h3 style=\"text-align: center;\"><strong>Nie czekaj!<\/strong>\u00a0Skontaktuj si\u0119 z nami dzi\u015b, aby rozpocz\u0105\u0107.<\/h3>\n\n<div class=\"wpcf7 no-js\" id=\"wpcf7-f5-o1\" lang=\"en-US\" dir=\"ltr\">\n<div class=\"screen-reader-response\"><p role=\"status\" aria-live=\"polite\" aria-atomic=\"true\"><\/p> <ul><\/ul><\/div>\n<form action=\"\/pl\/wp-json\/wp\/v2\/product\/1712#wpcf7-f5-o1\" method=\"post\" class=\"wpcf7-form init\" aria-label=\"Formularz kontaktowy\" novalidate=\"novalidate\" data-status=\"init\" data-trp-original-action=\"\/pl\/wp-json\/wp\/v2\/product\/1712#wpcf7-f5-o1\">\n<div style=\"display: none;\">\n<input type=\"hidden\" name=\"_wpcf7\" value=\"5\" \/>\n<input type=\"hidden\" name=\"_wpcf7_version\" value=\"5.9.2\" \/>\n<input type=\"hidden\" name=\"_wpcf7_locale\" value=\"en_US\" \/>\n<input type=\"hidden\" name=\"_wpcf7_unit_tag\" value=\"wpcf7-f5-o1\" \/>\n<input type=\"hidden\" name=\"_wpcf7_container_post\" value=\"0\" \/>\n<input type=\"hidden\" name=\"_wpcf7_posted_data_hash\" value=\"\" \/>\n<\/div>\n<div class='custom_contact_style'>\n\t<p><label> Twoje imi\u0119<br \/>\n<span class=\"wpcf7-form-control-wrap\" data-name=\"your-name\"><input size=\"40\" class=\"wpcf7-form-control wpcf7-text wpcf7-validates-as-required\" autocomplete=\"name\" aria-required=\"true\" aria-invalid=\"false\" value=\"\" type=\"text\" name=\"your-name\" \/><\/span> <\/label>\n\t<\/p>\n\t<p><label> Tw\u00f3j email<br \/>\n<span class=\"wpcf7-form-control-wrap\" data-name=\"your-email\"><input size=\"40\" class=\"wpcf7-form-control wpcf7-email wpcf7-validates-as-required wpcf7-text wpcf7-validates-as-email\" autocomplete=\"email\" aria-required=\"true\" aria-invalid=\"false\" value=\"\" type=\"email\" name=\"your-email\" \/><\/span> <\/label>\n\t<\/p>\n\t<p><label> Twoja wiadomo\u015b\u0107 (opcjonalnie)<br \/>\n<span class=\"wpcf7-form-control-wrap\" data-name=\"your-message\"><textarea cols=\"40\" rows=\"10\" class=\"wpcf7-form-control wpcf7-textarea\" aria-invalid=\"false\" name=\"your-message\"><\/textarea><\/span> <\/label>\n\t<\/p>\n\t<div style=\"margin-bottom:10px;\">\n\t\t<p><span class=\"wpcf7-form-control-wrap kc_captcha cf7ic-toggle\" data-name=\"kc_captcha\"><span class=\"wpcf7-form-control wpcf7-radio\"><span class=\"captcha-image\" style=\"display: none;\"><span class=\"cf7ic_instructions\">Udowodnij, \u017ce jeste\u015b cz\u0142owiekiem, wybieraj\u0105c opcj\u0119<span> plane<\/span>.<\/span><label><input aria-label=\"1\" type=\"radio\" name=\"kc_captcha\" value=\"bot\" \/><svg aria-hidden=\"true\" role=\"img\" xmlns=\"http:\/\/www.w3.org\/2000\/svg\" viewbox=\"0 0 576 512\"><path fill=\"currentColor\" d=\"M415 24c-53 0-103 42-127 65-24-23-74-65-127-65C70 24 16 77 16 166c0 72 67 133 69 135l187 181c9 8 23 8 32 0l187-180c2-3 69-64 69-136 0-89-54-142-145-142z\"\/><\/svg><\/label><label><input aria-label=\"2\" type=\"radio\" name=\"kc_captcha\" value=\"bot\" \/><svg aria-hidden=\"true\" role=\"img\" xmlns=\"http:\/\/www.w3.org\/2000\/svg\" viewbox=\"0 0 576 512\"><path fill=\"currentColor\" d=\"M488 313v143c0 13-11 24-24 24H348c-7 0-12-5-12-12V356c0-7-5-12-12-12h-72c-7 0-12 5-12 12v112c0 7-5 12-12 12H112c-13 0-24-11-24-24V313c0-4 2-7 4-10l188-154c5-4 11-4 16 0l188 154c2 3 4 6 4 10zm84-61l-84-69V44c0-6-5-12-12-12h-56c-7 0-12 6-12 12v73l-89-74a48 48 0 00-61 0L4 252c-5 4-5 12-1 17l25 31c5 5 12 5 17 1l235-193c5-4 11-4 16 0l235 193c5 5 13 4 17-1l25-31c4-6 4-13-1-17z\"\/><\/svg><\/label><label><input aria-label=\"3\" type=\"radio\" name=\"kc_captcha\" value=\"kc_human\" \/><svg aria-hidden=\"true\" role=\"img\" xmlns=\"http:\/\/www.w3.org\/2000\/svg\" viewbox=\"0 0 576 512\"><path fill=\"currentColor\" d=\"M472 200H360L256 6a12 12 0 00-10-6h-58c-8 0-14 7-12 15l34 185H100l-35-58a12 12 0 00-10-6H12c-8 0-13 7-12 14l21 106L0 362c-1 7 4 14 12 14h43c4 0 8-2 10-6l35-58h110l-34 185c-2 8 4 15 12 15h58a12 12 0 0010-6l104-194h112c57 0 104-25 104-56s-47-56-104-56z\"\/><\/svg><\/label>\r\n    <\/span>\r\n    <span style=\"display:none\">\r\n        <input type=\"text\" name=\"kc_honeypot\">\r\n    <\/span><\/span><\/span>\n\t\t<\/p>\n\t<\/div>\n\t<p><input class=\"wpcf7-form-control wpcf7-submit has-spinner\" type=\"submit\" value=\"Sk\u0142ada\u0107\" \/>\n\t<\/p>\n<\/div><div class=\"wpcf7-response-output\" aria-hidden=\"true\"><\/div>\n<input type=\"hidden\" name=\"trp-form-language\" value=\"pl\"\/><\/form>\n<\/div>","protected":false},"excerpt":{"rendered":"<p>Wydajne podawanie nakr\u0119tek sze\u015bciok\u0105tnych M8-22 za pomoc\u0105 naszego niestandardowego podajnika wibracyjnego. Usprawnij swoj\u0105 lini\u0119 monta\u017cow\u0105 dzi\u0119ki naszym niezawodnym i konfigurowalnym rozwi\u0105zaniom.<\/p>","protected":false},"featured_media":1713,"comment_status":"open","ping_status":"closed","template":"","meta":[],"product_cat":[37],"product_tag":[],"yoast_head":"<!-- This site is optimized with the Yoast SEO plugin v22.2 - https:\/\/yoast.com\/wordpress\/plugins\/seo\/ -->\n<title>Automatic M8-22 Hex Nut Feeding System | Vibratory Bowl Feeder<\/title>\n<meta name=\"description\" content=\"M8-22 hex nut vibratory bowl feeder, Custom solutions are available to meet your specific requirements. Increase production efficiency and reduce labor costs.\" \/>\n<meta name=\"robots\" content=\"index, follow, max-snippet:-1, max-image-preview:large, max-video-preview:-1\" \/>\n<link rel=\"canonical\" href=\"https:\/\/swoer.com\/pl\/manufacturer\/m8-22-hex-nuts-bowl-feeder-manufacturers\/\" \/>\n<meta property=\"og:locale\" content=\"pl_PL\" \/>\n<meta property=\"og:type\" content=\"article\" \/>\n<meta property=\"og:title\" content=\"Automatic M8-22 Hex Nut Feeding System | Vibratory Bowl Feeder\" \/>\n<meta property=\"og:description\" content=\"M8-22 hex nut vibratory bowl feeder, Custom solutions are available to meet your specific requirements. Increase production efficiency and reduce labor costs.\" \/>\n<meta property=\"og:url\" content=\"https:\/\/swoer.com\/pl\/manufacturer\/m8-22-hex-nuts-bowl-feeder-manufacturers\/\" \/>\n<meta property=\"og:site_name\" content=\"SWOER\" \/>\n<meta property=\"article:modified_time\" content=\"2024-08-01T02:37:40+00:00\" \/>\n<meta property=\"og:image\" content=\"https:\/\/swoer.com\/wp-content\/uploads\/2024\/03\/M8-22-Hex-Nuts-Bowl-Feeder-Manufacturers.webp\" \/>\n\t<meta property=\"og:image:width\" content=\"1000\" \/>\n\t<meta property=\"og:image:height\" content=\"1000\" \/>\n\t<meta property=\"og:image:type\" content=\"image\/webp\" \/>\n<meta name=\"twitter:card\" content=\"summary_large_image\" \/>\n<meta name=\"twitter:label1\" content=\"Szacowany czas czytania\" \/>\n\t<meta name=\"twitter:data1\" content=\"1 minuta\" \/>\n<script type=\"application\/ld+json\" class=\"yoast-schema-graph\">{\"@context\":\"https:\/\/schema.org\",\"@graph\":[{\"@type\":\"WebPage\",\"@id\":\"https:\/\/swoer.com\/manufacturer\/m8-22-hex-nuts-bowl-feeder-manufacturers\/\",\"url\":\"https:\/\/swoer.com\/manufacturer\/m8-22-hex-nuts-bowl-feeder-manufacturers\/\",\"name\":\"Automatic M8-22 Hex Nut Feeding System | Vibratory Bowl Feeder\",\"isPartOf\":{\"@id\":\"https:\/\/swoer.com\/#website\"},\"primaryImageOfPage\":{\"@id\":\"https:\/\/swoer.com\/manufacturer\/m8-22-hex-nuts-bowl-feeder-manufacturers\/#primaryimage\"},\"image\":{\"@id\":\"https:\/\/swoer.com\/manufacturer\/m8-22-hex-nuts-bowl-feeder-manufacturers\/#primaryimage\"},\"thumbnailUrl\":\"https:\/\/swoer.com\/wp-content\/uploads\/2024\/03\/M8-22-Hex-Nuts-Bowl-Feeder-Manufacturers.webp\",\"datePublished\":\"2024-03-29T09:06:43+00:00\",\"dateModified\":\"2024-08-01T02:37:40+00:00\",\"description\":\"M8-22 hex nut vibratory bowl feeder, Custom solutions are available to meet your specific requirements. Increase production efficiency and reduce labor costs.\",\"breadcrumb\":{\"@id\":\"https:\/\/swoer.com\/manufacturer\/m8-22-hex-nuts-bowl-feeder-manufacturers\/#breadcrumb\"},\"inLanguage\":\"pl-PL\",\"potentialAction\":[{\"@type\":\"ReadAction\",\"target\":[\"https:\/\/swoer.com\/manufacturer\/m8-22-hex-nuts-bowl-feeder-manufacturers\/\"]}]},{\"@type\":\"ImageObject\",\"inLanguage\":\"pl-PL\",\"@id\":\"https:\/\/swoer.com\/manufacturer\/m8-22-hex-nuts-bowl-feeder-manufacturers\/#primaryimage\",\"url\":\"https:\/\/swoer.com\/wp-content\/uploads\/2024\/03\/M8-22-Hex-Nuts-Bowl-Feeder-Manufacturers.webp\",\"contentUrl\":\"https:\/\/swoer.com\/wp-content\/uploads\/2024\/03\/M8-22-Hex-Nuts-Bowl-Feeder-Manufacturers.webp\",\"width\":1000,\"height\":1000,\"caption\":\"M8-22 Hex Nuts Bowl Feeder Manufacturers\"},{\"@type\":\"BreadcrumbList\",\"@id\":\"https:\/\/swoer.com\/manufacturer\/m8-22-hex-nuts-bowl-feeder-manufacturers\/#breadcrumb\",\"itemListElement\":[{\"@type\":\"ListItem\",\"position\":1,\"name\":\"Home\",\"item\":\"https:\/\/swoer.com\/\"},{\"@type\":\"ListItem\",\"position\":2,\"name\":\"Shop\",\"item\":\"https:\/\/swoer.com\/shop\/\"},{\"@type\":\"ListItem\",\"position\":3,\"name\":\"M8-22 Hex Nuts Vibratory Bowl Feeder\"}]},{\"@type\":\"WebSite\",\"@id\":\"https:\/\/swoer.com\/#website\",\"url\":\"https:\/\/swoer.com\/\",\"name\":\"SWOER\",\"description\":\"Swoer is the top 3 vibratory bowl feeder manufacturer in China\",\"potentialAction\":[{\"@type\":\"SearchAction\",\"target\":{\"@type\":\"EntryPoint\",\"urlTemplate\":\"https:\/\/swoer.com\/?s={search_term_string}\"},\"query-input\":\"required name=search_term_string\"}],\"inLanguage\":\"pl-PL\"}]}<\/script>\n<!-- \/ Yoast SEO plugin. -->","yoast_head_json":{"title":"Automatic M8-22 Hex Nut Feeding System | Vibratory Bowl Feeder","description":"M8-22 hex nut vibratory bowl feeder, Custom solutions are available to meet your specific requirements. Increase production efficiency and reduce labor costs.","robots":{"index":"index","follow":"follow","max-snippet":"max-snippet:-1","max-image-preview":"max-image-preview:large","max-video-preview":"max-video-preview:-1"},"canonical":"https:\/\/swoer.com\/pl\/manufacturer\/m8-22-hex-nuts-bowl-feeder-manufacturers\/","og_locale":"pl_PL","og_type":"article","og_title":"Automatic M8-22 Hex Nut Feeding System | Vibratory Bowl Feeder","og_description":"M8-22 hex nut vibratory bowl feeder, Custom solutions are available to meet your specific requirements. Increase production efficiency and reduce labor costs.","og_url":"https:\/\/swoer.com\/pl\/manufacturer\/m8-22-hex-nuts-bowl-feeder-manufacturers\/","og_site_name":"SWOER","article_modified_time":"2024-08-01T02:37:40+00:00","og_image":[{"width":1000,"height":1000,"url":"https:\/\/swoer.com\/wp-content\/uploads\/2024\/03\/M8-22-Hex-Nuts-Bowl-Feeder-Manufacturers.webp","type":"image\/webp"}],"twitter_card":"summary_large_image","twitter_misc":{"Szacowany czas czytania":"1 minuta"},"schema":{"@context":"https:\/\/schema.org","@graph":[{"@type":"WebPage","@id":"https:\/\/swoer.com\/manufacturer\/m8-22-hex-nuts-bowl-feeder-manufacturers\/","url":"https:\/\/swoer.com\/manufacturer\/m8-22-hex-nuts-bowl-feeder-manufacturers\/","name":"Automatic M8-22 Hex Nut Feeding System | Vibratory Bowl Feeder","isPartOf":{"@id":"https:\/\/swoer.com\/#website"},"primaryImageOfPage":{"@id":"https:\/\/swoer.com\/manufacturer\/m8-22-hex-nuts-bowl-feeder-manufacturers\/#primaryimage"},"image":{"@id":"https:\/\/swoer.com\/manufacturer\/m8-22-hex-nuts-bowl-feeder-manufacturers\/#primaryimage"},"thumbnailUrl":"https:\/\/swoer.com\/wp-content\/uploads\/2024\/03\/M8-22-Hex-Nuts-Bowl-Feeder-Manufacturers.webp","datePublished":"2024-03-29T09:06:43+00:00","dateModified":"2024-08-01T02:37:40+00:00","description":"M8-22 hex nut vibratory bowl feeder, Custom solutions are available to meet your specific requirements. Increase production efficiency and reduce labor costs.","breadcrumb":{"@id":"https:\/\/swoer.com\/manufacturer\/m8-22-hex-nuts-bowl-feeder-manufacturers\/#breadcrumb"},"inLanguage":"pl-PL","potentialAction":[{"@type":"ReadAction","target":["https:\/\/swoer.com\/manufacturer\/m8-22-hex-nuts-bowl-feeder-manufacturers\/"]}]},{"@type":"ImageObject","inLanguage":"pl-PL","@id":"https:\/\/swoer.com\/manufacturer\/m8-22-hex-nuts-bowl-feeder-manufacturers\/#primaryimage","url":"https:\/\/swoer.com\/wp-content\/uploads\/2024\/03\/M8-22-Hex-Nuts-Bowl-Feeder-Manufacturers.webp","contentUrl":"https:\/\/swoer.com\/wp-content\/uploads\/2024\/03\/M8-22-Hex-Nuts-Bowl-Feeder-Manufacturers.webp","width":1000,"height":1000,"caption":"M8-22 Hex Nuts Bowl Feeder Manufacturers"},{"@type":"BreadcrumbList","@id":"https:\/\/swoer.com\/manufacturer\/m8-22-hex-nuts-bowl-feeder-manufacturers\/#breadcrumb","itemListElement":[{"@type":"ListItem","position":1,"name":"Home","item":"https:\/\/swoer.com\/"},{"@type":"ListItem","position":2,"name":"Shop","item":"https:\/\/swoer.com\/shop\/"},{"@type":"ListItem","position":3,"name":"M8-22 Hex Nuts Vibratory Bowl Feeder"}]},{"@type":"WebSite","@id":"https:\/\/swoer.com\/#website","url":"https:\/\/swoer.com\/","name":"SWOER","description":"Swoer is the top 3 vibratory bowl feeder manufacturer in China","potentialAction":[{"@type":"SearchAction","target":{"@type":"EntryPoint","urlTemplate":"https:\/\/swoer.com\/?s={search_term_string}"},"query-input":"required name=search_term_string"}],"inLanguage":"pl-PL"}]}},"_links":{"self":[{"href":"https:\/\/swoer.com\/pl\/wp-json\/wp\/v2\/product\/1712"}],"collection":[{"href":"https:\/\/swoer.com\/pl\/wp-json\/wp\/v2\/product"}],"about":[{"href":"https:\/\/swoer.com\/pl\/wp-json\/wp\/v2\/types\/product"}],"replies":[{"embeddable":true,"href":"https:\/\/swoer.com\/pl\/wp-json\/wp\/v2\/comments?post=1712"}],"wp:featuredmedia":[{"embeddable":true,"href":"https:\/\/swoer.com\/pl\/wp-json\/wp\/v2\/media\/1713"}],"wp:attachment":[{"href":"https:\/\/swoer.com\/pl\/wp-json\/wp\/v2\/media?parent=1712"}],"wp:term":[{"taxonomy":"product_cat","embeddable":true,"href":"https:\/\/swoer.com\/pl\/wp-json\/wp\/v2\/product_cat?post=1712"},{"taxonomy":"product_tag","embeddable":true,"href":"https:\/\/swoer.com\/pl\/wp-json\/wp\/v2\/product_tag?post=1712"}],"curies":[{"name":"wp","href":"https:\/\/api.w.org\/{rel}","templated":true}]}}