{"id":1823,"date":"2024-04-02T07:05:58","date_gmt":"2024-04-02T07:05:58","guid":{"rendered":"https:\/\/lightgrey-porpoise-816575.hostingersite.com\/?page_id=1823"},"modified":"2024-12-02T17:21:30","modified_gmt":"2024-12-02T09:21:30","slug":"automatic-rivet-machine","status":"publish","type":"page","link":"https:\/\/swoer.com\/pl\/automatic-rivet-machine\/","title":{"rendered":"Automatyczna maszyna do podawania \u015brub"},"content":{"rendered":"<section class=\"section\" id=\"section_1752682755\">\n\t\t<div class=\"bg section-bg fill bg-fill  bg-loaded\" >\n\n\t\t\t\n\t\t\t\n\t\t\t\n\t<div class=\"is-border\"\n\t\tstyle=\"border-color:rgb(235, 235, 235);border-width:1px 0px 0px 0px;\">\n\t<\/div>\n\n\t\t<\/div>\n\n\t\t\n\n\t\t<div class=\"section-content relative\">\n\t\t\t\n<div class=\"row row-large align-middle align-center\"  id=\"row-1162924272\">\n\n\t<div id=\"col-1087890467\" class=\"col medium-6 small-12 large-6\"  >\n\t\t\t\t<div class=\"col-inner text-center\"  >\n\t\t\t\n\t\t\t\n<h2><strong><b>Producent automatycznych podajnik\u00f3w \u015brubowych<\/b><\/strong><\/h2>\n<p style=\"text-align: left;\">Specjalizuj\u0105ca si\u0119 od ponad dekady w bran\u017cy nitowania i mocowania, SWOER jest zaufan\u0105 mark\u0105 w dziedzinie zautomatyzowanych rozwi\u0105za\u0144 w zakresie mocowania.<\/p>\n<p style=\"text-align: left;\">Automatyczne podajniki \u015brub SWOER, zaprojektowane przez CN SWOER CO., LTD, zrewolucjonizowa\u0142y proces nitowania poprzez automatyczne przetwarzanie nit\u00f3w. Wykorzystanie tej technologii mo\u017ce zaoszcz\u0119dzi\u0107 Twojej firmie ponad 30% koszt\u00f3w pracy.<\/p>\n<p style=\"text-align: left;\">W odr\u00f3\u017cnieniu od standardowych nitownic automatycznych, maszyna SWOER oferuje w pe\u0142ni zautomatyzowane rozwi\u0105zanie. Dawno min\u0119\u0142y czasy r\u0119cznego \u0142adowania nit\u00f3w lub kontrolowania po\u0142o\u017cenia dyszy; nasza maszyna poradzi sobie ze wszystkim. Za pomoc\u0105 spr\u0119\u017conego powietrza bez wysi\u0142ku transportuje nity ruroci\u0105giem do dyszy. Dzi\u0119ki automatycznej nitownicy SWOER r\u0119czne ci\u0105gni\u0119cie nit\u00f3w staje si\u0119 przesz\u0142o\u015bci\u0105, rozpoczynaj\u0105c now\u0105 er\u0119 automatyzacji w bran\u017cy z\u0142\u0105czy.<\/p>\n\t\t<\/div>\n\t\t\t\t\t<\/div>\n\n\t\n\n\t<div id=\"col-700705016\" class=\"col medium-6 small-12 large-6\"  >\n\t\t\t\t<div class=\"col-inner box-shadow-2 box-shadow-5-hover\" style=\"background-color:rgb(255, 255, 255);\" >\n\t\t\t\n\t\t\t\n\t<div class=\"img has-hover x md-x lg-x y md-y lg-y\" id=\"image_45369524\">\n\t\t\t\t\t\t\t\t<div class=\"img-inner image-cover dark\" style=\"padding-top:75%;\">\n\t\t\t<img loading=\"lazy\" decoding=\"async\" width=\"554\" height=\"412\" src=\"https:\/\/swoer.com\/wp-content\/uploads\/2024\/04\/automatic-rivet-guns.webp\" class=\"attachment-original size-original\" alt=\"automatyczne pistolety do nitowania\" srcset=\"https:\/\/swoer.com\/wp-content\/uploads\/2024\/04\/automatic-rivet-guns.webp 554w, https:\/\/swoer.com\/wp-content\/uploads\/2024\/04\/automatic-rivet-guns-300x223.webp 300w\" sizes=\"(max-width: 554px) 100vw, 554px\" \/>\t\t\t\t\t\t\n\t\t\t\t\t<\/div>\n\t\t\t\t\t\t\t\t\n<style>\n#image_45369524 {\n  width: 100%;\n}\n<\/style>\n\t<\/div>\n\t\n<a href=\"https:\/\/swoer.com\/pl\/contact\/\" target=\"_self\" class=\"button primary\"  style=\"border-radius:99px;\">\n    <span>Skontaktuj si\u0119 z nami<\/span>\n  <\/a>\n\n\t\t<\/div>\n\t\t\t\t\n<style>\n#col-700705016 > .col-inner {\n  padding: 15px 15px 15px 15px;\n}\n<\/style>\n\t<\/div>\n\n\t\n<\/div>\n\t\t<\/div>\n\n\t\t\n<style>\n#section_1752682755 {\n  padding-top: 59px;\n  padding-bottom: 59px;\n  min-height: 300px;\n  background-color: rgb(228, 228, 228);\n}\n#section_1752682755 .ux-shape-divider--top svg {\n  height: 150px;\n  --divider-top-width: 100%;\n}\n#section_1752682755 .ux-shape-divider--bottom svg {\n  height: 150px;\n  --divider-width: 100%;\n}\n<\/style>\n\t<\/section>\n\t\n\t<section class=\"section\" id=\"section_1017021055\">\n\t\t<div class=\"bg section-bg fill bg-fill  bg-loaded\" >\n\n\t\t\t\n\t\t\t\n\t\t\t\n\n\t\t<\/div>\n\n\t\t\n\n\t\t<div class=\"section-content relative\">\n\t\t\t\n<h2 style=\"text-align: center;\"><strong><b>Automatyczna maszyna do podawania \u015brub <\/b><\/strong><strong><b>P<\/b><\/strong><strong><b>produkt <\/b><\/strong><strong><b>C<\/b><\/strong><strong><b>opozycja<\/b><\/strong><\/h2>\n<p style=\"text-align: center;\">Automatyczny podajnik \u015brub SWOER sk\u0142ada si\u0119 z maszyny g\u0142\u00f3wnej i zespo\u0142u nitownicy.<\/p>\n<div class=\"row\"  id=\"row-504956266\">\n\n\t<div id=\"col-1929200907\" class=\"col medium-6 small-12 large-6\"  >\n\t\t\t\t<div class=\"col-inner\"  >\n\t\t\t\n\t\t\t\n\t<div class=\"img has-hover x md-x lg-x y md-y lg-y\" id=\"image_1245136635\">\n\t\t\t\t\t\t\t\t<div class=\"img-inner dark\" >\n\t\t\t<img loading=\"lazy\" decoding=\"async\" width=\"554\" height=\"275\" src=\"https:\/\/swoer.com\/wp-content\/uploads\/2024\/04\/automatic-rivet-machine.webp\" class=\"attachment-original size-original\" alt=\"automatyczna maszyna do nitowania\" srcset=\"https:\/\/swoer.com\/wp-content\/uploads\/2024\/04\/automatic-rivet-machine.webp 554w, https:\/\/swoer.com\/wp-content\/uploads\/2024\/04\/automatic-rivet-machine-300x149.webp 300w\" sizes=\"(max-width: 554px) 100vw, 554px\" \/>\t\t\t\t\t\t\n\t\t\t\t\t<\/div>\n\t\t\t\t\t\t\t\t\n<style>\n#image_1245136635 {\n  width: 98%;\n}\n<\/style>\n\t<\/div>\n\t\n<p><strong>Komputer hosta obejmuje system ruchu maszyny, system sterowania maszyn\u0105 i system wykrywania.<\/strong><\/p>\n<p>Zadaniem uk\u0142adu ruchu maszyny jest organizowanie nit\u00f3w od nieuporz\u0105dkowanego u\u0142o\u017cenia do ich sekwencyjnego rozdzielania i dostarczanie nit\u00f3w pojedynczo do dyszy pistoletu nituj\u0105cego w okre\u015blonym kierunku; system sterowania maszyn\u0105 ma za zadanie kontrolowa\u0107 ustawione dzia\u0142ania ka\u017cdego elementu maszyny. Operacja; system detekcji ma za zadanie wykry\u0107, czy maszyna dzia\u0142a stabilnie zgodnie z ustawionym programem.<\/p>\n\t\t<\/div>\n\t\t\t\t\t<\/div>\n\n\t\n\n\t<div id=\"col-456131802\" class=\"col medium-6 small-12 large-6\"  >\n\t\t\t\t<div class=\"col-inner\"  >\n\t\t\t\n\t\t\t\n\t<div class=\"img has-hover x md-x lg-x y md-y lg-y\" id=\"image_1095396206\">\n\t\t\t\t\t\t\t\t<div class=\"img-inner dark\" >\n\t\t\t<img loading=\"lazy\" decoding=\"async\" width=\"554\" height=\"275\" src=\"https:\/\/swoer.com\/wp-content\/uploads\/2024\/04\/Automatic-nail-pulling-machine-factory-line.webp\" class=\"attachment-original size-original\" alt=\"Linia fabryczna automatycznej maszyny do wyci\u0105gania gwo\u017adzi\" srcset=\"https:\/\/swoer.com\/wp-content\/uploads\/2024\/04\/Automatic-nail-pulling-machine-factory-line.webp 554w, https:\/\/swoer.com\/wp-content\/uploads\/2024\/04\/Automatic-nail-pulling-machine-factory-line-300x149.webp 300w\" sizes=\"(max-width: 554px) 100vw, 554px\" \/>\t\t\t\t\t\t\n\t\t\t\t\t<\/div>\n\t\t\t\t\t\t\t\t\n<style>\n#image_1095396206 {\n  width: 100%;\n}\n<\/style>\n\t<\/div>\n\t\n<p><strong>Zesp\u00f3\u0142 pistoletu do nitowania sk\u0142ada si\u0119 z pistoletu do nitowania, mechanizmu przyjmuj\u0105cego nit oraz mechanizmu zbieraj\u0105cego i wyj\u015bciowego sygna\u0142u.<\/strong><\/p>\n<p>Pistolet do nitowania ma kluczowe znaczenie podczas nitowania, zar\u00f3wno r\u0119cznego, jak i automatycznego. Sterowany przez komputer g\u0142\u00f3wny mechanizm przyjmowania nit\u00f3w \u0142aduje nity z ruroci\u0105gu do dyszy nitowej, co jest podstawow\u0105 technologi\u0105 automatycznej nitownicy. Dodatkowo mechanizm zbierania i wysy\u0142ania sygna\u0142\u00f3w uruchamia prac\u0119 maszyny poprzez zbieranie i wysy\u0142anie sygna\u0142\u00f3w.<\/p>\n\t\t<\/div>\n\t\t\t\t\t<\/div>\n\n\t\n<\/div>\n\t\t<\/div>\n\n\t\t\n<style>\n#section_1017021055 {\n  padding-top: 30px;\n  padding-bottom: 30px;\n}\n#section_1017021055 .ux-shape-divider--top svg {\n  height: 150px;\n  --divider-top-width: 100%;\n}\n#section_1017021055 .ux-shape-divider--bottom svg {\n  height: 150px;\n  --divider-width: 100%;\n}\n<\/style>\n\t<\/section>\n\t\n\t<section class=\"section\" id=\"section_1356509930\">\n\t\t<div class=\"bg section-bg fill bg-fill  bg-loaded\" >\n\n\t\t\t\n\t\t\t\n\t\t\t\n\n\t\t<\/div>\n\n\t\t\n\n\t\t<div class=\"section-content relative\">\n\t\t\t\n<h2 style=\"text-align: center;\"><strong><b>Automatyczny <\/b><\/strong><strong><b>Nitowanie <\/b><\/strong><strong><b>M<\/b><\/strong><strong><b>b\u00f3l<\/b><\/strong><strong><b>\u00a0S<\/b><\/strong><strong><b>pecyfikacje<\/b><\/strong><\/h2>\n<table>\n<tbody>\n<tr>\n<td width=\"85\">Specyfikacja<\/td>\n<td width=\"89\">Wymiar<\/p>\n<p>(mm)<\/td>\n<td width=\"67\">Napi\u0119cie<\/td>\n<td width=\"62\">Robocze ci\u015bnienie powietrza<\/td>\n<td width=\"54\">Waga<\/td>\n<td width=\"77\">Pr\u0119dko\u015b\u0107 podawania gwo\u017adzi (ziarno\/min)<\/td>\n<td width=\"85\">Maksymalna specyfikacja gwo\u017adzia<\/td>\n<td width=\"45\">Ha\u0142as (dB)<\/td>\n<\/tr>\n<tr>\n<td width=\"85\">SW-MDJ-240<\/td>\n<td width=\"89\">440*350*420<\/td>\n<td width=\"67\">220<\/td>\n<td width=\"62\">3.2<\/td>\n<td width=\"54\">40<\/td>\n<td width=\"77\">40-60<\/td>\n<td width=\"85\">3,4\u2264d\uff1c3<\/td>\n<td width=\"45\">40<\/td>\n<\/tr>\n<tr>\n<td width=\"85\">SW-MDJ-300<\/td>\n<td width=\"89\">440*350*420<\/td>\n<td width=\"67\">220<\/td>\n<td width=\"62\">3.4<\/td>\n<td width=\"54\">46<\/td>\n<td width=\"77\">40-55<\/td>\n<td width=\"85\">3\u2264d\u22643,2<\/td>\n<td width=\"45\">40<\/td>\n<\/tr>\n<tr>\n<td width=\"85\">SW-MDJ-320<\/td>\n<td width=\"89\">440*350*420<\/td>\n<td width=\"67\">220<\/td>\n<td width=\"62\">3.6<\/td>\n<td width=\"54\">50<\/td>\n<td width=\"77\">40-50<\/td>\n<td width=\"85\">3,2\u2264d\uff1c3,7<\/td>\n<td width=\"45\">40<\/td>\n<\/tr>\n<tr>\n<td width=\"85\">SW-MDJ-400<\/td>\n<td width=\"89\">440*350*420<\/td>\n<td width=\"67\">220<\/td>\n<td width=\"62\">3.8<\/td>\n<td width=\"54\">56<\/td>\n<td width=\"77\">40<\/td>\n<td width=\"85\">3,7\u2264d\u22644,4<\/td>\n<td width=\"45\">40<\/td>\n<\/tr>\n<tr>\n<td width=\"85\">SW-MDJ-480<\/td>\n<td width=\"89\">440*350*420<\/td>\n<td width=\"67\">220<\/td>\n<td width=\"62\">4<\/td>\n<td width=\"54\">58<\/td>\n<td width=\"77\">35-40<\/td>\n<td width=\"85\">4,5\u2264d\u22645,0<\/td>\n<td width=\"45\">40<\/td>\n<\/tr>\n<\/tbody>\n<\/table>\n<p><strong><b>Notatka:<\/b><\/strong>\u00a0Konkretny model nale\u017cy okre\u015bli\u0107 na podstawie rzeczywistych specyfikacji nitu. Ta tabela ma charakter wy\u0142\u0105cznie informacyjny.<\/p>\n\t\t<\/div>\n\n\t\t\n<style>\n#section_1356509930 {\n  padding-top: 30px;\n  padding-bottom: 30px;\n}\n#section_1356509930 .ux-shape-divider--top svg {\n  height: 150px;\n  --divider-top-width: 100%;\n}\n#section_1356509930 .ux-shape-divider--bottom svg {\n  height: 150px;\n  --divider-width: 100%;\n}\n<\/style>\n\t<\/section>\n\t\n\t<section class=\"section\" id=\"section_1019622777\">\n\t\t<div class=\"bg section-bg fill bg-fill  bg-loaded\" >\n\n\t\t\t\n\t\t\t\n\t\t\t\n\n\t\t<\/div>\n\n\t\t\n\n\t\t<div class=\"section-content relative\">\n\t\t\t\n<h2 style=\"text-align: center;\"><strong><b>PRZE\u015aMIECH <\/b><\/strong><strong><b>R<\/b><\/strong><strong><b>ivet<\/b><\/strong><strong><b>ing<\/b><\/strong><strong><b>\u00a0<\/b><\/strong><strong><b>M<\/b><\/strong><strong><b>b\u00f3l <\/b><\/strong><strong><b>W<\/b><\/strong><strong><b>orkowanie <\/b><\/strong><strong><b>P<\/b><\/strong><strong><b>zasada i <\/b><\/strong><strong><b>F<\/b><\/strong><strong><b>namaszczenie<\/b><\/strong><\/h2>\n<h3><strong><b>Zasada:<\/b><\/strong><\/h3>\n<p>Nity s\u0105 zasysane do dyszy pistoletu do nitowania w oparciu o podci\u015bnienie w dyszy pistoletu do nitowania; Automatyczna nitownica SWOER jest zautomatyzowan\u0105 wersj\u0105 automatycznego pistoletu do nitowania.<\/p>\n<p>Opiera si\u0119 na maszynie, kt\u00f3ra automatycznie uk\u0142ada i rozdziela nity, a spr\u0119\u017cone powietrze wykorzystuje energi\u0119 do automatycznego transportu nit\u00f3w przez rury do dyszy pistoletu do nitowania.<\/p>\n<h3><strong><b>Funkcjonowa\u0107:<\/b><\/strong><\/h3>\n<p>Dzi\u0119ki automatycznej maszynie do wci\u0105gania gwo\u017adzi SWOER mo\u017cna wykonywa\u0107 trudne zadania, kt\u00f3re w du\u017cym stopniu wymagaj\u0105 wykwalifikowanych r\u0105k pracownik\u00f3w<\/p>\n<p>R\u0119czne operacje wbijania gwo\u017adzi mo\u017cna przekszta\u0142ci\u0107 w operacje zautomatyzowane lub bezza\u0142ogowe.<\/p>\n<h3><strong><b>Efekt:<\/b><\/strong><\/h3>\n<ol>\n<li><strong><b> Oszcz\u0119dzaj pracownik\u00f3w i u\u0142atwiaj zarz\u0105dzanie<\/b><\/strong><\/li>\n<\/ol>\n<p>Szybko\u015b\u0107 wbijania gwo\u017adzi jest du\u017ca, jedna osoba mo\u017ce wykona\u0107 prac\u0119 dw\u00f3ch os\u00f3b, a pracownik\u00f3w jest mniej, co zmniejsza koszty zarz\u0105dzania lub p\u0142ace.<\/p>\n<ol start=\"2\">\n<li><strong><b> Wysoka wydajno\u015b\u0107 i oszcz\u0119dno\u015b\u0107 koszt\u00f3w<\/b><\/strong><\/li>\n<\/ol>\n<p>Nie ma potrzeby r\u0119cznego wyjmowania nit\u00f3w, co pozwala zaoszcz\u0119dzi\u0107 czas na wbijaniu gwo\u017adzi. Wydajno\u015b\u0107 jest zwi\u0119kszona w por\u00f3wnaniu do orygina\u0142u, dzienna produkcja jest realizowana przed terminem, a wielko\u015b\u0107 produkcji jest zmniejszona. Koniec z nadgodzinami w kr\u00f3tkich godzinach pracy.<\/p>\n<ol start=\"3\">\n<li><strong><b> Super czyste i dobrej jako\u015bci<\/b><\/strong><\/li>\n<\/ol>\n<p>Nit jest automatycznie przesy\u0142any do dyszy pistoletu, nie trzeba go bra\u0107 r\u0119cznie, co zmniejsza wt\u00f3rne zanieczyszczenie; trzymaj produkt lew\u0105 r\u0119k\u0105, nie musisz si\u0119 martwi\u0107. Rozmieszczenie otwor\u00f3w jest nier\u00f3wne, co powoduje zmniejszenie wydajno\u015bci lub dodatkowe poprawki.<\/p>\n<ol start=\"4\">\n<li><strong><b> Nie trzeba bra\u0107 tego r\u0119cznie, \u0142atwiej<\/b><\/strong><\/li>\n<\/ol>\n<p>Lewa r\u0119ka nie musi pracowa\u0107 i mo\u017ce trzyma\u0107 produkt, co znacznie zmniejsza pracoch\u0142onno\u015b\u0107 pracownik\u00f3w.<\/p>\n<ol start=\"5\">\n<li><strong><b> Nie trzeba mie\u0107 do\u015bwiadczenia, \u0142atwo si\u0119 nauczy\u0107<\/b><\/strong><\/li>\n<\/ol>\n<p>Mo\u017ce by\u0107 obs\u0142ugiwany zar\u00f3wno przez do\u015bwiadczone, jak i do\u015bwiadczone r\u0119ce, i nie jest wymagane \u017cadne szkolenie. Mog\u0105 rozpocz\u0105\u0107 prac\u0119 natychmiast; nie ma potrzeby martwi\u0107 si\u0119 o utrat\u0119 produkcji przez do\u015bwiadczone r\u0119ce.<\/p>\n\t\t<\/div>\n\n\t\t\n<style>\n#section_1019622777 {\n  padding-top: 30px;\n  padding-bottom: 30px;\n}\n#section_1019622777 .ux-shape-divider--top svg {\n  height: 150px;\n  --divider-top-width: 100%;\n}\n#section_1019622777 .ux-shape-divider--bottom svg {\n  height: 150px;\n  --divider-width: 100%;\n}\n<\/style>\n\t<\/section>\n\t\n\t<section class=\"section\" id=\"section_1117737056\">\n\t\t<div class=\"bg section-bg fill bg-fill  bg-loaded\" >\n\n\t\t\t\n\t\t\t\n\t\t\t\n\n\t\t<\/div>\n\n\t\t\n\n\t\t<div class=\"section-content relative\">\n\t\t\t\n<h2 style=\"text-align: center;\"><strong><b>Zakres <\/b><\/strong><strong><b>A<\/b><\/strong><strong><b>zastosowanie <\/b><\/strong><strong><b>Paznokie\u0107<\/b><\/strong><\/h2>\n\t<div class=\"img has-hover x md-x lg-x y md-y lg-y\" id=\"image_1129968108\">\n\t\t\t\t\t\t\t\t<div class=\"img-inner dark\" >\n\t\t\t<img loading=\"lazy\" decoding=\"async\" width=\"553\" height=\"156\" src=\"https:\/\/swoer.com\/wp-content\/uploads\/2024\/04\/Scope-of-Application-of-The-Nail.webp\" class=\"attachment-original size-original\" alt=\"Zakres zastosowania gwo\u017adzia\" srcset=\"https:\/\/swoer.com\/wp-content\/uploads\/2024\/04\/Scope-of-Application-of-The-Nail.webp 553w, https:\/\/swoer.com\/wp-content\/uploads\/2024\/04\/Scope-of-Application-of-The-Nail-300x85.webp 300w\" sizes=\"(max-width: 553px) 100vw, 553px\" \/>\t\t\t\t\t\t\n\t\t\t\t\t<\/div>\n\t\t\t\t\t\t\t\t\n<style>\n#image_1129968108 {\n  width: 100%;\n}\n<\/style>\n\t<\/div>\n\t\n<table>\n<tbody>\n<tr>\n<td colspan=\"3\" width=\"568\">\n<h4 style=\"text-align: center;\"><strong>Zakres zastosowa\u0144 nit\u00f3w (jednostka: mm)<\/strong><\/h4>\n<\/td>\n<\/tr>\n<tr>\n<td width=\"189\">Nazwa Kod<\/td>\n<td width=\"189\">Minimalny rozmiar<\/td>\n<td width=\"189\">Najwi\u0119kszy rozmiar<\/td>\n<\/tr>\n<tr>\n<td width=\"189\">\u015arednica rurki nitu A<\/td>\n<td width=\"189\">2.4<\/td>\n<td width=\"189\">4.8<\/td>\n<\/tr>\n<tr>\n<td width=\"189\">D\u0142ugo\u015b\u0107 rurki nitu B<\/td>\n<td width=\"189\">2<\/td>\n<td width=\"189\">15<\/td>\n<\/tr>\n<tr>\n<td width=\"189\">\u015arednica ronda kapelusza C<\/td>\n<td width=\"189\">4<\/td>\n<td width=\"189\">9.5<\/td>\n<\/tr>\n<tr>\n<td width=\"189\">\u015arednica rdzenia ci\u0105gn\u0105cego D<\/td>\n<td width=\"189\">1.4<\/td>\n<td width=\"189\">3<\/td>\n<\/tr>\n<tr>\n<td width=\"189\">D\u0142ugo\u015b\u0107 rdzenia ci\u0105gn\u0105cego E<\/td>\n<td width=\"189\">24<\/td>\n<td width=\"189\">36<\/td>\n<\/tr>\n<tr>\n<td width=\"189\">Ca\u0142kowita d\u0142ugo\u015b\u0107 nitu F<\/td>\n<td width=\"189\">28<\/td>\n<td width=\"189\">48<\/td>\n<\/tr>\n<\/tbody>\n<\/table>\n<p><strong><b>Notatka:<\/b><\/strong><\/p>\n<ol>\n<li>Wymiary zewn\u0119trzne nit\u00f3w musz\u0105 mie\u015bci\u0107 si\u0119 w tym zakresie.<\/li>\n<li>Niekt\u00f3re specjalne nity: gdy d\u0142ugo\u015b\u0107 rurki nituj\u0105cej jest wi\u0119ksza ni\u017c 13 mm, d\u0142ugo\u015b\u0107 rdzenia musi by\u0107 wi\u0119ksza ni\u017c 28 mm; gdy d\u0142ugo\u015b\u0107 rurki nituj\u0105cej wynosi 17 mm, d\u0142ugo\u015b\u0107 rdzenia nie mo\u017ce by\u0107 mniejsza ni\u017c 26 mm.<\/li>\n<li>Wymagania dotycz\u0105ce rodzaju nit\u00f3w: Nity ze stali nierdzewnej wymagaj\u0105 niskiej czysto\u015bci, podczas gdy inne nity, takie jak gwo\u017adzie \u017celazne i gwo\u017adzie stalowe, nie maj\u0105 \u017cadnych wymaga\u0144.<\/li>\n<\/ol>\n\t\t<\/div>\n\n\t\t\n<style>\n#section_1117737056 {\n  padding-top: 30px;\n  padding-bottom: 30px;\n}\n#section_1117737056 .ux-shape-divider--top svg {\n  height: 150px;\n  --divider-top-width: 100%;\n}\n#section_1117737056 .ux-shape-divider--bottom svg {\n  height: 150px;\n  --divider-width: 100%;\n}\n<\/style>\n\t<\/section>\n\t\n\t<section class=\"section\" id=\"section_463782571\">\n\t\t<div class=\"bg section-bg fill bg-fill  bg-loaded\" >\n\n\t\t\t\n\t\t\t\n\t\t\t\n\n\t\t<\/div>\n\n\t\t\n\n\t\t<div class=\"section-content relative\">\n\t\t\t\n<h2 style=\"text-align: center;\"><strong><b>Pole aplikacji<\/b><\/strong><\/h2>\n<p>Automatyczna nitownica SWOER nadaje si\u0119 do operacji nitowania polegaj\u0105cego na \u0142\u0105czeniu dw\u00f3ch lub wi\u0119cej warstw paneli z r\u00f3\u017cnych materia\u0142\u00f3w i o r\u00f3\u017cnych grubo\u015bciach za pomoc\u0105 nit\u00f3w. Jest szeroko stosowany w podwoziach, szafach, o\u015bwietleniu, samochodach, statkach, samolotach, ma\u0142ym sprz\u0119cie gospodarstwa domowego, operacjach wyci\u0105gania gwo\u017adzi w serwerach, piekarnikach elektrycznych, kuchenkach mikrofalowych, opakowaniach alkoholi i innych ga\u0142\u0119ziach przemys\u0142u.<\/p>\n\t<div class=\"img has-hover x md-x lg-x y md-y lg-y\" id=\"image_539844140\">\n\t\t\t\t\t\t\t\t<div class=\"img-inner dark\" >\n\t\t\t<img loading=\"lazy\" decoding=\"async\" width=\"553\" height=\"212\" src=\"https:\/\/swoer.com\/wp-content\/uploads\/2024\/04\/automatic-riveting-machine-application-field.webp\" class=\"attachment-original size-original\" alt=\"pole zastosowania automatycznej maszyny do nitowania\" srcset=\"https:\/\/swoer.com\/wp-content\/uploads\/2024\/04\/automatic-riveting-machine-application-field.webp 553w, https:\/\/swoer.com\/wp-content\/uploads\/2024\/04\/automatic-riveting-machine-application-field-300x115.webp 300w\" sizes=\"(max-width: 553px) 100vw, 553px\" \/>\t\t\t\t\t\t\n\t\t\t\t\t<\/div>\n\t\t\t\t\t\t\t\t\n<style>\n#image_539844140 {\n  width: 100%;\n}\n<\/style>\n\t<\/div>\n\t\n\t\t<\/div>\n\n\t\t\n<style>\n#section_463782571 {\n  padding-top: 30px;\n  padding-bottom: 30px;\n}\n#section_463782571 .ux-shape-divider--top svg {\n  height: 150px;\n  --divider-top-width: 100%;\n}\n#section_463782571 .ux-shape-divider--bottom svg {\n  height: 150px;\n  --divider-width: 100%;\n}\n<\/style>\n\t<\/section>","protected":false},"excerpt":{"rendered":"","protected":false},"author":1,"featured_media":0,"parent":0,"menu_order":0,"comment_status":"closed","ping_status":"closed","template":"","meta":{"footnotes":""},"yoast_head":"<!-- This site is optimized with the Yoast SEO plugin v22.2 - https:\/\/yoast.com\/wordpress\/plugins\/seo\/ -->\n<title>Auto Screw Feeder Machine - SWOER<\/title>\n<meta name=\"description\" content=\"Swoer is a professional manufacturer of auto screw feeder machine.\" \/>\n<meta name=\"robots\" content=\"index, follow, max-snippet:-1, max-image-preview:large, max-video-preview:-1\" \/>\n<link rel=\"canonical\" href=\"https:\/\/swoer.com\/pl\/automatic-rivet-machine\/\" \/>\n<meta property=\"og:locale\" content=\"pl_PL\" \/>\n<meta property=\"og:type\" content=\"article\" \/>\n<meta property=\"og:title\" content=\"Auto Screw Feeder Machine - SWOER\" \/>\n<meta property=\"og:description\" content=\"Swoer is a professional manufacturer of auto screw feeder machine.\" \/>\n<meta property=\"og:url\" content=\"https:\/\/swoer.com\/pl\/automatic-rivet-machine\/\" \/>\n<meta property=\"og:site_name\" content=\"SWOER\" \/>\n<meta property=\"article:modified_time\" content=\"2024-12-02T09:21:30+00:00\" \/>\n<meta name=\"twitter:card\" content=\"summary_large_image\" \/>\n<meta name=\"twitter:label1\" content=\"Szacowany czas czytania\" \/>\n\t<meta name=\"twitter:data1\" content=\"5 minut\" \/>\n<script type=\"application\/ld+json\" class=\"yoast-schema-graph\">{\"@context\":\"https:\/\/schema.org\",\"@graph\":[{\"@type\":\"WebPage\",\"@id\":\"https:\/\/swoer.com\/automatic-rivet-machine\/\",\"url\":\"https:\/\/swoer.com\/automatic-rivet-machine\/\",\"name\":\"Auto Screw Feeder Machine - SWOER\",\"isPartOf\":{\"@id\":\"https:\/\/swoer.com\/#website\"},\"datePublished\":\"2024-04-02T07:05:58+00:00\",\"dateModified\":\"2024-12-02T09:21:30+00:00\",\"description\":\"Swoer is a professional manufacturer of auto screw feeder machine.\",\"breadcrumb\":{\"@id\":\"https:\/\/swoer.com\/automatic-rivet-machine\/#breadcrumb\"},\"inLanguage\":\"pl-PL\",\"potentialAction\":[{\"@type\":\"ReadAction\",\"target\":[\"https:\/\/swoer.com\/automatic-rivet-machine\/\"]}]},{\"@type\":\"BreadcrumbList\",\"@id\":\"https:\/\/swoer.com\/automatic-rivet-machine\/#breadcrumb\",\"itemListElement\":[{\"@type\":\"ListItem\",\"position\":1,\"name\":\"Home\",\"item\":\"https:\/\/swoer.com\/\"},{\"@type\":\"ListItem\",\"position\":2,\"name\":\"Auto Screw Feeder Machine\"}]},{\"@type\":\"WebSite\",\"@id\":\"https:\/\/swoer.com\/#website\",\"url\":\"https:\/\/swoer.com\/\",\"name\":\"SWOER\",\"description\":\"Swoer is the top 3 vibratory bowl feeder manufacturer in China\",\"potentialAction\":[{\"@type\":\"SearchAction\",\"target\":{\"@type\":\"EntryPoint\",\"urlTemplate\":\"https:\/\/swoer.com\/?s={search_term_string}\"},\"query-input\":\"required name=search_term_string\"}],\"inLanguage\":\"pl-PL\"}]}<\/script>\n<!-- \/ Yoast SEO plugin. -->","yoast_head_json":{"title":"Auto Screw Feeder Machine - SWOER","description":"Swoer is a professional manufacturer of auto screw feeder machine.","robots":{"index":"index","follow":"follow","max-snippet":"max-snippet:-1","max-image-preview":"max-image-preview:large","max-video-preview":"max-video-preview:-1"},"canonical":"https:\/\/swoer.com\/pl\/automatic-rivet-machine\/","og_locale":"pl_PL","og_type":"article","og_title":"Auto Screw Feeder Machine - SWOER","og_description":"Swoer is a professional manufacturer of auto screw feeder machine.","og_url":"https:\/\/swoer.com\/pl\/automatic-rivet-machine\/","og_site_name":"SWOER","article_modified_time":"2024-12-02T09:21:30+00:00","twitter_card":"summary_large_image","twitter_misc":{"Szacowany czas czytania":"5 minut"},"schema":{"@context":"https:\/\/schema.org","@graph":[{"@type":"WebPage","@id":"https:\/\/swoer.com\/automatic-rivet-machine\/","url":"https:\/\/swoer.com\/automatic-rivet-machine\/","name":"Auto Screw Feeder Machine - SWOER","isPartOf":{"@id":"https:\/\/swoer.com\/#website"},"datePublished":"2024-04-02T07:05:58+00:00","dateModified":"2024-12-02T09:21:30+00:00","description":"Swoer is a professional manufacturer of auto screw feeder machine.","breadcrumb":{"@id":"https:\/\/swoer.com\/automatic-rivet-machine\/#breadcrumb"},"inLanguage":"pl-PL","potentialAction":[{"@type":"ReadAction","target":["https:\/\/swoer.com\/automatic-rivet-machine\/"]}]},{"@type":"BreadcrumbList","@id":"https:\/\/swoer.com\/automatic-rivet-machine\/#breadcrumb","itemListElement":[{"@type":"ListItem","position":1,"name":"Home","item":"https:\/\/swoer.com\/"},{"@type":"ListItem","position":2,"name":"Auto Screw Feeder Machine"}]},{"@type":"WebSite","@id":"https:\/\/swoer.com\/#website","url":"https:\/\/swoer.com\/","name":"SWOER","description":"Swoer is the top 3 vibratory bowl feeder manufacturer in China","potentialAction":[{"@type":"SearchAction","target":{"@type":"EntryPoint","urlTemplate":"https:\/\/swoer.com\/?s={search_term_string}"},"query-input":"required name=search_term_string"}],"inLanguage":"pl-PL"}]}},"_links":{"self":[{"href":"https:\/\/swoer.com\/pl\/wp-json\/wp\/v2\/pages\/1823"}],"collection":[{"href":"https:\/\/swoer.com\/pl\/wp-json\/wp\/v2\/pages"}],"about":[{"href":"https:\/\/swoer.com\/pl\/wp-json\/wp\/v2\/types\/page"}],"author":[{"embeddable":true,"href":"https:\/\/swoer.com\/pl\/wp-json\/wp\/v2\/users\/1"}],"replies":[{"embeddable":true,"href":"https:\/\/swoer.com\/pl\/wp-json\/wp\/v2\/comments?post=1823"}],"version-history":[{"count":15,"href":"https:\/\/swoer.com\/pl\/wp-json\/wp\/v2\/pages\/1823\/revisions"}],"predecessor-version":[{"id":2952,"href":"https:\/\/swoer.com\/pl\/wp-json\/wp\/v2\/pages\/1823\/revisions\/2952"}],"wp:attachment":[{"href":"https:\/\/swoer.com\/pl\/wp-json\/wp\/v2\/media?parent=1823"}],"curies":[{"name":"wp","href":"https:\/\/api.w.org\/{rel}","templated":true}]}}