{"id":3090,"date":"2025-03-05T15:55:13","date_gmt":"2025-03-05T07:55:13","guid":{"rendered":"https:\/\/swoer.com\/?post_type=product&#038;p=3090"},"modified":"2025-03-06T10:55:06","modified_gmt":"2025-03-06T02:55:06","slug":"pneumatic-feeder-with-an-escapement","status":"publish","type":"product","link":"https:\/\/swoer.com\/it\/manufacturer\/pneumatic-feeder-with-an-escapement\/","title":{"rendered":"Alimentatore pneumatico con scappamento | Alimentatore vibrante"},"content":{"rendered":"<section class=\"section\" id=\"section_756320347\">\n\t\t<div class=\"bg section-bg fill bg-fill  bg-loaded\" >\n\n\t\t\t\n\t\t\t\n\t\t\t\n\n\t\t<\/div>\n\n\t\t\n\n\t\t<div class=\"section-content relative\">\n\t\t\t\n<h2>Specifica<\/h2>\n<table width=\"874\">\n<tbody>\n<tr>\n<td width=\"183\">nome del prodotto<\/td>\n<td width=\"691\">Alimentatore pneumatico con scappamento | Alimentatore vibrante<\/td>\n<\/tr>\n<tr>\n<td>Materiale<\/td>\n<td>\u00a0SUS201\/304<\/td>\n<\/tr>\n<tr>\n<td>Specialit\u00e0 materiale<\/td>\n<td>Lega per forgiatura con trattamento a freddo, elevata resistenza, elevata durezza<\/td>\n<\/tr>\n<tr>\n<td>Voltaggio<\/td>\n<td>220 V<\/td>\n<\/tr>\n<tr>\n<td>Energia<\/td>\n<td>65 W\/150 W\/180 W\/220 W\/350 W<\/td>\n<\/tr>\n<tr>\n<td>Autenticazione<\/td>\n<td>CE, ROHS, ISO9001<\/td>\n<\/tr>\n<tr>\n<td>Garanzia<\/td>\n<td>1 anno di garanzia<\/td>\n<\/tr>\n<tr>\n<td>MOQ<\/td>\n<td>1 set<\/td>\n<\/tr>\n<tr>\n<td>Tempi di consegna<\/td>\n<td>10-14 giorni<\/td>\n<\/tr>\n<tr>\n<td>Termine di pagamento<\/td>\n<td>T\/T 40% Deposito e saldo prima della spedizione<\/td>\n<\/tr>\n<tr>\n<td>Originale del luogo<\/td>\n<td>Cina<\/td>\n<\/tr>\n<\/tbody>\n<\/table>\n\t\t<\/div>\n\n\t\t\n<style>\n#section_756320347 {\n  padding-top: 30px;\n  padding-bottom: 30px;\n}\n#section_756320347 .ux-shape-divider--top svg {\n  height: 150px;\n  --divider-top-width: 100%;\n}\n#section_756320347 .ux-shape-divider--bottom svg {\n  height: 150px;\n  --divider-width: 100%;\n}\n<\/style>\n\t<\/section>\n\t\n\t<section class=\"section\" id=\"section_759193390\">\n\t\t<div class=\"bg section-bg fill bg-fill  bg-loaded\" >\n\n\t\t\t\n\t\t\t\n\t\t\t\n\n\t\t<\/div>\n\n\t\t\n\n\t\t<div class=\"section-content relative\">\n\t\t\t\n<h2>Vantaggi personalizzati di SWOER<\/h2>\n<ol>\n<li><strong>Ingegneria precisa per prestazioni migliori<\/strong><br \/>\nSWOER progetta contenitori di alimentazione vibranti con scappamenti per una distribuzione fluida e precisa dei pezzi. Le nostre soluzioni personalizzate massimizzano l&#039;efficienza della tua linea di produzione.<\/li>\n<li><strong>Soluzioni personalizzate per tutti i tipi di parti<\/strong><br \/>\nChe si tratti di parti in plastica fragili, piccoli componenti metallici o prodotti farmaceutici, SWOER personalizza ogni ciotola di alimentazione in base alle esigenze di produzione.<\/li>\n<li><strong>Costruito per durare e durare a lungo<\/strong><br \/>\nLe ciotole per mangiatoie SWOER sono realizzate con materiali e finiture di alta qualit\u00e0, come il rivestimento in gomma e l&#039;alluminio anodizzato, per durare pi\u00f9 a lungo e resistere all&#039;usura tipica della produzione ad alto volume.<\/li>\n<li><strong>Meccanismo di scappamento per un&#039;alimentazione precisa<\/strong><br \/>\nI nostri progetti di scappamento separano accuratamente le parti, riducendo i tempi di fermo e migliorando la presentazione delle parti. Ci\u00f2 aumenta la velocit\u00e0 di produzione e riduce la possibilit\u00e0 di errori.<\/li>\n<li><strong>Regolazioni rapide per una facile installazione<\/strong><br \/>\nSWOER offre componenti personalizzati che consentono di adattare rapidamente l&#039;alimentatore a diverse parti o configurazioni della linea di produzione, semplificandone l&#039;adattamento quando necessario.<\/li>\n<li><strong>Facile integrazione con i sistemi esistenti<\/strong><br \/>\nI nostri alimentatori vibranti con scappamento sono progettati per funzionare con le vostre attuali apparecchiature, cos\u00ec potrete aggiornare il vostro sistema senza problemi e garantire che tutto funzioni senza problemi.<\/li>\n<li><strong>Conveniente per un ROI migliore<\/strong><br \/>\nGli alimentatori vibranti personalizzati di SWOER migliorano la movimentazione dei pezzi, riducono gli sprechi e le interruzioni, garantendo un migliore ritorno sull&#039;investimento.<\/li>\n<li><strong>Aiuto esperto e supporto continuo<\/strong><br \/>\nIl nostro team di esperti lavora a stretto contatto con voi per comprendere le vostre esigenze e suggerire le migliori soluzioni di alimentazione. Forniamo inoltre supporto continuo per mantenere il vostro sistema in funzione senza problemi.<\/li>\n<\/ol>\n\t\t<\/div>\n\n\t\t\n<style>\n#section_759193390 {\n  padding-top: 30px;\n  padding-bottom: 30px;\n}\n#section_759193390 .ux-shape-divider--top svg {\n  height: 150px;\n  --divider-top-width: 100%;\n}\n#section_759193390 .ux-shape-divider--bottom svg {\n  height: 150px;\n  --divider-width: 100%;\n}\n<\/style>\n\t<\/section>\n\t\n\t<section class=\"section\" id=\"section_1368735564\">\n\t\t<div class=\"bg section-bg fill bg-fill  bg-loaded\" >\n\n\t\t\t\n\t\t\t\n\t\t\t\n\n\t\t<\/div>\n\n\t\t\n\n\t\t<div class=\"section-content relative\">\n\t\t\t\n<h2 style=\"text-align: center;\">Contattaci<\/h2>\n\t<div id=\"gap-1079449228\" class=\"gap-element clearfix\" style=\"display:block; height:auto;\">\n\t\t\n<style>\n#gap-1079449228 {\n  padding-top: 30px;\n}\n<\/style>\n\t<\/div>\n\t\n\n<div class=\"wpcf7 no-js\" id=\"wpcf7-f280-o1\" lang=\"en-US\" dir=\"ltr\">\n<div class=\"screen-reader-response\"><p role=\"status\" aria-live=\"polite\" aria-atomic=\"true\"><\/p> <ul><\/ul><\/div>\n<form action=\"\/it\/wp-json\/wp\/v2\/product\/3090#wpcf7-f280-o1\" method=\"post\" class=\"wpcf7-form init\" aria-label=\"Modulo di Contatto\" novalidate=\"novalidate\" data-status=\"init\" data-trp-original-action=\"\/it\/wp-json\/wp\/v2\/product\/3090#wpcf7-f280-o1\">\n<div style=\"display: none;\">\n<input type=\"hidden\" name=\"_wpcf7\" value=\"280\" \/>\n<input type=\"hidden\" name=\"_wpcf7_version\" value=\"5.9.2\" \/>\n<input type=\"hidden\" name=\"_wpcf7_locale\" value=\"en_US\" \/>\n<input type=\"hidden\" name=\"_wpcf7_unit_tag\" value=\"wpcf7-f280-o1\" \/>\n<input type=\"hidden\" name=\"_wpcf7_container_post\" value=\"0\" \/>\n<input type=\"hidden\" name=\"_wpcf7_posted_data_hash\" value=\"\" \/>\n<\/div>\n<div class='custom_contact_style'>\n\t<div class=\"row row-small\">\n\t\t<div class=\"col medium-6 small-12 large-6\">\n\t\t\t<div class=\"col-inner\">\n\t\t\t\t<p><span class=\"wpcf7-form-control-wrap\" data-name=\"your-name\"><input size=\"40\" class=\"wpcf7-form-control wpcf7-text wpcf7-validates-as-required\" aria-required=\"true\" aria-invalid=\"false\" placeholder=\"Nome*\" value=\"\" type=\"text\" name=\"your-name\" \/><\/span>\n\t\t\t\t<\/p>\n\t\t\t<\/div>\n\t\t<\/div>\n\t\t<div class=\"col medium-6 small-12 large-6\">\n\t\t\t<div class=\"col-inner\">\n\t\t\t\t<p><span class=\"wpcf7-form-control-wrap\" data-name=\"your-email\"><input size=\"40\" class=\"wpcf7-form-control wpcf7-email wpcf7-validates-as-required wpcf7-text wpcf7-validates-as-email\" aria-required=\"true\" aria-invalid=\"false\" placeholder=\"E-mail*\" value=\"\" type=\"email\" name=\"your-email\" \/><\/span>\n\t\t\t\t<\/p>\n\t\t\t<\/div>\n\t\t<\/div>\n\t<\/div>\n\t<div class='cus_contact_form_bottom'>\n\t\t<p><span class=\"wpcf7-form-control-wrap\" data-name=\"your-phone\"><input size=\"40\" class=\"wpcf7-form-control wpcf7-text\" aria-invalid=\"false\" placeholder=\"Telefono\" value=\"\" type=\"text\" name=\"your-phone\" \/><\/span>\n\t\t<\/p>\n\t<\/div>\n\t<div class='cus_contact_form_bottom'>\n\t\t<p><span class=\"wpcf7-form-control-wrap\" data-name=\"your-country\"><input size=\"40\" class=\"wpcf7-form-control wpcf7-text\" aria-invalid=\"false\" placeholder=\"Paese\" value=\"\" type=\"text\" name=\"your-country\" \/><\/span>\n\t\t<\/p>\n\t<\/div>\n\t<p><span class=\"wpcf7-form-control-wrap\" data-name=\"your-message\"><textarea cols=\"40\" rows=\"10\" class=\"wpcf7-form-control wpcf7-textarea wpcf7-validates-as-required\" aria-required=\"true\" aria-invalid=\"false\" placeholder=\"Il tuo messaggio *\" name=\"your-message\"><\/textarea><\/span>\n\t<\/p>\n\t<div style=\"margin-bottom:10px;\">\n\t\t<p><span class=\"wpcf7-form-control-wrap kc_captcha cf7ic-toggle\" data-name=\"kc_captcha\"><span class=\"wpcf7-form-control wpcf7-radio\"><span class=\"captcha-image\" style=\"display: none;\"><span class=\"cf7ic_instructions\">Dimostra di essere umano selezionando il file<span> chiave<\/span>.<\/span><label><input aria-label=\"1\" type=\"radio\" name=\"kc_captcha\" value=\"bot\" \/><svg aria-hidden=\"true\" role=\"img\" xmlns=\"http:\/\/www.w3.org\/2000\/svg\" viewbox=\"0 0 576 512\"><path fill=\"currentColor\" d=\"M415 24c-53 0-103 42-127 65-24-23-74-65-127-65C70 24 16 77 16 166c0 72 67 133 69 135l187 181c9 8 23 8 32 0l187-180c2-3 69-64 69-136 0-89-54-142-145-142z\"\/><\/svg><\/label><label><input aria-label=\"2\" type=\"radio\" name=\"kc_captcha\" value=\"bot\" \/><svg aria-hidden=\"true\" role=\"img\" xmlns=\"http:\/\/www.w3.org\/2000\/svg\" viewbox=\"0 0 576 512\"><path fill=\"currentColor\" d=\"M259 18l-65 132-146 22c-26 3-37 36-18 54l106 103-25 146c-5 26 23 46 46 33l131-68 131 68c23 13 51-7 46-33l-25-146 106-103c19-18 8-51-18-54l-146-22-65-132a32 32 0 00-58 0z\"\/><\/svg><\/label><label><input aria-label=\"3\" type=\"radio\" name=\"kc_captcha\" value=\"kc_human\" \/><svg aria-hidden=\"true\" role=\"img\" xmlns=\"http:\/\/www.w3.org\/2000\/svg\" viewbox=\"0 0 512 512\"><path fill=\"currentColor\" d=\"M512 176a176 176 0 01-209 173l-24 27a24 24 0 01-18 8h-37v40c0 13-11 24-24 24h-40v40c0 13-11 24-24 24H24c-13 0-24-11-24-24v-78c0-6 3-13 7-17l162-162a176 176 0 11343-55zm-176-48a48 48 0 1096 0 48 48 0 00-96 0z\"\/><\/svg><\/label>\r\n    <\/span>\r\n    <span style=\"display:none\">\r\n        <input type=\"text\" name=\"kc_honeypot\">\r\n    <\/span><\/span><\/span>\n\t\t<\/p>\n\t<\/div>\n\t<p><input class=\"wpcf7-form-control wpcf7-submit has-spinner\" type=\"submit\" value=\"Invia messaggio\" \/>\n\t<\/p>\n<\/div><div class=\"wpcf7-response-output\" aria-hidden=\"true\"><\/div>\n<input type=\"hidden\" name=\"trp-form-language\" value=\"it\"\/><\/form>\n<\/div>\n\n\t\t<\/div>\n\n\t\t\n<style>\n#section_1368735564 {\n  padding-top: 30px;\n  padding-bottom: 30px;\n}\n#section_1368735564 .ux-shape-divider--top svg {\n  height: 150px;\n  --divider-top-width: 100%;\n}\n#section_1368735564 .ux-shape-divider--bottom svg {\n  height: 150px;\n  --divider-width: 100%;\n}\n<\/style>\n\t<\/section>","protected":false},"excerpt":{"rendered":"<p>L&#039;alimentatore pneumatico con scappamento di SWOER \u00e8 progettato per un&#039;alimentazione fluida e precisa dei pezzi. In qualit\u00e0 di produttore affidabile di alimentatori vibranti, forniamo soluzioni personalizzate per soddisfare le tue esigenze di automazione. I nostri alimentatori garantiscono prestazioni stabili ed efficienti per settori come automotive, elettronica e dispositivi medici. Contatta SWOER oggi stesso per soluzioni di alimentazione personalizzate per migliorare la tua produzione!<\/p>","protected":false},"featured_media":3091,"comment_status":"open","ping_status":"closed","template":"","meta":[],"product_cat":[37],"product_tag":[],"yoast_head":"<!-- This site is optimized with the Yoast SEO plugin v22.2 - https:\/\/yoast.com\/wordpress\/plugins\/seo\/ -->\n<title>Pneumatic Feeder with an Escapement | Vibratory Feeder - SWOER<\/title>\n<meta name=\"description\" content=\"Swoer is a Chinese manufacturer with rich experience in producing custom vibratory feeder bowls with escapement, reliable quality, and favorable factory prices.\" \/>\n<meta name=\"robots\" content=\"index, follow, max-snippet:-1, max-image-preview:large, max-video-preview:-1\" \/>\n<link rel=\"canonical\" href=\"https:\/\/swoer.com\/it\/manufacturer\/pneumatic-feeder-with-an-escapement\/\" \/>\n<meta property=\"og:locale\" content=\"it_IT\" \/>\n<meta property=\"og:type\" content=\"article\" \/>\n<meta property=\"og:title\" content=\"Pneumatic Feeder with an Escapement | Vibratory Feeder - SWOER\" \/>\n<meta property=\"og:description\" content=\"Swoer is a Chinese manufacturer with rich experience in producing custom vibratory feeder bowls with escapement, reliable quality, and favorable factory prices.\" \/>\n<meta property=\"og:url\" content=\"https:\/\/swoer.com\/it\/manufacturer\/pneumatic-feeder-with-an-escapement\/\" \/>\n<meta property=\"og:site_name\" content=\"SWOER\" \/>\n<meta property=\"article:modified_time\" content=\"2025-03-06T02:55:06+00:00\" \/>\n<meta property=\"og:image\" content=\"https:\/\/swoer.com\/wp-content\/uploads\/2024\/12\/Vibratory-Feeder-Bowl-with-an-Escapement.webp\" \/>\n\t<meta property=\"og:image:width\" content=\"1000\" \/>\n\t<meta property=\"og:image:height\" content=\"1000\" \/>\n\t<meta property=\"og:image:type\" content=\"image\/webp\" \/>\n<meta name=\"twitter:card\" content=\"summary_large_image\" \/>\n<meta name=\"twitter:label1\" content=\"Tempo di lettura stimato\" \/>\n\t<meta name=\"twitter:data1\" content=\"2 minuti\" \/>\n<script type=\"application\/ld+json\" class=\"yoast-schema-graph\">{\"@context\":\"https:\/\/schema.org\",\"@graph\":[{\"@type\":\"WebPage\",\"@id\":\"https:\/\/swoer.com\/manufacturer\/pneumatic-feeder-with-an-escapement\/\",\"url\":\"https:\/\/swoer.com\/manufacturer\/pneumatic-feeder-with-an-escapement\/\",\"name\":\"Pneumatic Feeder with an Escapement | Vibratory Feeder - SWOER\",\"isPartOf\":{\"@id\":\"https:\/\/swoer.com\/#website\"},\"primaryImageOfPage\":{\"@id\":\"https:\/\/swoer.com\/manufacturer\/pneumatic-feeder-with-an-escapement\/#primaryimage\"},\"image\":{\"@id\":\"https:\/\/swoer.com\/manufacturer\/pneumatic-feeder-with-an-escapement\/#primaryimage\"},\"thumbnailUrl\":\"https:\/\/swoer.com\/wp-content\/uploads\/2024\/12\/Vibratory-Feeder-Bowl-with-an-Escapement.webp\",\"datePublished\":\"2025-03-05T07:55:13+00:00\",\"dateModified\":\"2025-03-06T02:55:06+00:00\",\"description\":\"Swoer is a Chinese manufacturer with rich experience in producing custom vibratory feeder bowls with escapement, reliable quality, and favorable factory prices.\",\"breadcrumb\":{\"@id\":\"https:\/\/swoer.com\/manufacturer\/pneumatic-feeder-with-an-escapement\/#breadcrumb\"},\"inLanguage\":\"it-IT\",\"potentialAction\":[{\"@type\":\"ReadAction\",\"target\":[\"https:\/\/swoer.com\/manufacturer\/pneumatic-feeder-with-an-escapement\/\"]}]},{\"@type\":\"ImageObject\",\"inLanguage\":\"it-IT\",\"@id\":\"https:\/\/swoer.com\/manufacturer\/pneumatic-feeder-with-an-escapement\/#primaryimage\",\"url\":\"https:\/\/swoer.com\/wp-content\/uploads\/2024\/12\/Vibratory-Feeder-Bowl-with-an-Escapement.webp\",\"contentUrl\":\"https:\/\/swoer.com\/wp-content\/uploads\/2024\/12\/Vibratory-Feeder-Bowl-with-an-Escapement.webp\",\"width\":1000,\"height\":1000,\"caption\":\"Vibratory Feeder Bowl with an Escapement\"},{\"@type\":\"BreadcrumbList\",\"@id\":\"https:\/\/swoer.com\/manufacturer\/pneumatic-feeder-with-an-escapement\/#breadcrumb\",\"itemListElement\":[{\"@type\":\"ListItem\",\"position\":1,\"name\":\"Home\",\"item\":\"https:\/\/swoer.com\/\"},{\"@type\":\"ListItem\",\"position\":2,\"name\":\"Shop\",\"item\":\"https:\/\/swoer.com\/shop\/\"},{\"@type\":\"ListItem\",\"position\":3,\"name\":\"Pneumatic Feeder with an Escapement | Vibratory Feeder\"}]},{\"@type\":\"WebSite\",\"@id\":\"https:\/\/swoer.com\/#website\",\"url\":\"https:\/\/swoer.com\/\",\"name\":\"SWOER\",\"description\":\"Swoer is the top 3 vibratory bowl feeder manufacturer in China\",\"potentialAction\":[{\"@type\":\"SearchAction\",\"target\":{\"@type\":\"EntryPoint\",\"urlTemplate\":\"https:\/\/swoer.com\/?s={search_term_string}\"},\"query-input\":\"required name=search_term_string\"}],\"inLanguage\":\"it-IT\"}]}<\/script>\n<!-- \/ Yoast SEO plugin. -->","yoast_head_json":{"title":"Pneumatic Feeder with an Escapement | Vibratory Feeder - SWOER","description":"Swoer is a Chinese manufacturer with rich experience in producing custom vibratory feeder bowls with escapement, reliable quality, and favorable factory prices.","robots":{"index":"index","follow":"follow","max-snippet":"max-snippet:-1","max-image-preview":"max-image-preview:large","max-video-preview":"max-video-preview:-1"},"canonical":"https:\/\/swoer.com\/it\/manufacturer\/pneumatic-feeder-with-an-escapement\/","og_locale":"it_IT","og_type":"article","og_title":"Pneumatic Feeder with an Escapement | Vibratory Feeder - SWOER","og_description":"Swoer is a Chinese manufacturer with rich experience in producing custom vibratory feeder bowls with escapement, reliable quality, and favorable factory prices.","og_url":"https:\/\/swoer.com\/it\/manufacturer\/pneumatic-feeder-with-an-escapement\/","og_site_name":"SWOER","article_modified_time":"2025-03-06T02:55:06+00:00","og_image":[{"width":1000,"height":1000,"url":"https:\/\/swoer.com\/wp-content\/uploads\/2024\/12\/Vibratory-Feeder-Bowl-with-an-Escapement.webp","type":"image\/webp"}],"twitter_card":"summary_large_image","twitter_misc":{"Tempo di lettura stimato":"2 minuti"},"schema":{"@context":"https:\/\/schema.org","@graph":[{"@type":"WebPage","@id":"https:\/\/swoer.com\/manufacturer\/pneumatic-feeder-with-an-escapement\/","url":"https:\/\/swoer.com\/manufacturer\/pneumatic-feeder-with-an-escapement\/","name":"Pneumatic Feeder with an Escapement | Vibratory Feeder - SWOER","isPartOf":{"@id":"https:\/\/swoer.com\/#website"},"primaryImageOfPage":{"@id":"https:\/\/swoer.com\/manufacturer\/pneumatic-feeder-with-an-escapement\/#primaryimage"},"image":{"@id":"https:\/\/swoer.com\/manufacturer\/pneumatic-feeder-with-an-escapement\/#primaryimage"},"thumbnailUrl":"https:\/\/swoer.com\/wp-content\/uploads\/2024\/12\/Vibratory-Feeder-Bowl-with-an-Escapement.webp","datePublished":"2025-03-05T07:55:13+00:00","dateModified":"2025-03-06T02:55:06+00:00","description":"Swoer is a Chinese manufacturer with rich experience in producing custom vibratory feeder bowls with escapement, reliable quality, and favorable factory prices.","breadcrumb":{"@id":"https:\/\/swoer.com\/manufacturer\/pneumatic-feeder-with-an-escapement\/#breadcrumb"},"inLanguage":"it-IT","potentialAction":[{"@type":"ReadAction","target":["https:\/\/swoer.com\/manufacturer\/pneumatic-feeder-with-an-escapement\/"]}]},{"@type":"ImageObject","inLanguage":"it-IT","@id":"https:\/\/swoer.com\/manufacturer\/pneumatic-feeder-with-an-escapement\/#primaryimage","url":"https:\/\/swoer.com\/wp-content\/uploads\/2024\/12\/Vibratory-Feeder-Bowl-with-an-Escapement.webp","contentUrl":"https:\/\/swoer.com\/wp-content\/uploads\/2024\/12\/Vibratory-Feeder-Bowl-with-an-Escapement.webp","width":1000,"height":1000,"caption":"Vibratory Feeder Bowl with an Escapement"},{"@type":"BreadcrumbList","@id":"https:\/\/swoer.com\/manufacturer\/pneumatic-feeder-with-an-escapement\/#breadcrumb","itemListElement":[{"@type":"ListItem","position":1,"name":"Home","item":"https:\/\/swoer.com\/"},{"@type":"ListItem","position":2,"name":"Shop","item":"https:\/\/swoer.com\/shop\/"},{"@type":"ListItem","position":3,"name":"Pneumatic Feeder with an Escapement | Vibratory Feeder"}]},{"@type":"WebSite","@id":"https:\/\/swoer.com\/#website","url":"https:\/\/swoer.com\/","name":"SWOER","description":"Swoer is the top 3 vibratory bowl feeder manufacturer in China","potentialAction":[{"@type":"SearchAction","target":{"@type":"EntryPoint","urlTemplate":"https:\/\/swoer.com\/?s={search_term_string}"},"query-input":"required name=search_term_string"}],"inLanguage":"it-IT"}]}},"_links":{"self":[{"href":"https:\/\/swoer.com\/it\/wp-json\/wp\/v2\/product\/3090"}],"collection":[{"href":"https:\/\/swoer.com\/it\/wp-json\/wp\/v2\/product"}],"about":[{"href":"https:\/\/swoer.com\/it\/wp-json\/wp\/v2\/types\/product"}],"replies":[{"embeddable":true,"href":"https:\/\/swoer.com\/it\/wp-json\/wp\/v2\/comments?post=3090"}],"wp:featuredmedia":[{"embeddable":true,"href":"https:\/\/swoer.com\/it\/wp-json\/wp\/v2\/media\/3091"}],"wp:attachment":[{"href":"https:\/\/swoer.com\/it\/wp-json\/wp\/v2\/media?parent=3090"}],"wp:term":[{"taxonomy":"product_cat","embeddable":true,"href":"https:\/\/swoer.com\/it\/wp-json\/wp\/v2\/product_cat?post=3090"},{"taxonomy":"product_tag","embeddable":true,"href":"https:\/\/swoer.com\/it\/wp-json\/wp\/v2\/product_tag?post=3090"}],"curies":[{"name":"wp","href":"https:\/\/api.w.org\/{rel}","templated":true}]}}