{"id":2798,"date":"2024-11-06T22:05:54","date_gmt":"2024-11-06T14:05:54","guid":{"rendered":"https:\/\/swoer.com\/?post_type=product&#038;p=2798"},"modified":"2025-03-21T09:07:14","modified_gmt":"2025-03-21T01:07:14","slug":"two-tracks-vibratory-bowl-feeder-for-plastic-parts","status":"publish","type":"product","link":"https:\/\/swoer.com\/it\/manufacturer\/two-tracks-vibratory-bowl-feeder-for-plastic-parts\/","title":{"rendered":"Alimentatore vibrante a due piste per parti in plastica"},"content":{"rendered":"<h2>Specifica<\/h2>\n<table width=\"874\">\n<tbody>\n<tr>\n<td width=\"183\">nome del prodotto<\/td>\n<td width=\"691\">Alimentatore vibrante a due piste per parti in plastica<\/td>\n<\/tr>\n<tr>\n<td>Materiale<\/td>\n<td>\u00a0SUS201\/304<\/td>\n<\/tr>\n<tr>\n<td>Specialit\u00e0 materiale<\/td>\n<td>Lega per forgiatura con trattamento a freddo, elevata resistenza, elevata durezza<\/td>\n<\/tr>\n<tr>\n<td>Voltaggio<\/td>\n<td>220 V<\/td>\n<\/tr>\n<tr>\n<td>Energia<\/td>\n<td>65 W\/150 W\/180 W\/220 W\/350 W<\/td>\n<\/tr>\n<tr>\n<td>Autenticazione<\/td>\n<td>CE, ROHS, ISO9001<\/td>\n<\/tr>\n<tr>\n<td>Garanzia<\/td>\n<td>1 anno di garanzia<\/td>\n<\/tr>\n<tr>\n<td>MOQ<\/td>\n<td>1 set<\/td>\n<\/tr>\n<tr>\n<td>Tempi di consegna<\/td>\n<td>10-14 giorni<\/td>\n<\/tr>\n<tr>\n<td>Termine di pagamento<\/td>\n<td>T\/T 40% Deposito e saldo prima della spedizione<\/td>\n<\/tr>\n<tr>\n<td>Originale del luogo<\/td>\n<td>Cina<\/td>\n<\/tr>\n<\/tbody>\n<\/table>\n\t<div id=\"gap-1553517689\" class=\"gap-element clearfix\" style=\"display:block; height:auto;\">\n\t\t\n<style>\n#gap-1553517689 {\n  padding-top: 30px;\n}\n<\/style>\n\t<\/div>\n\t\n<h2>Caratteristiche<\/h2>\n<ol>\n<li><strong>Design a doppio binario<\/strong>: Gestisce pi\u00f9 parti in plastica contemporaneamente, migliorando l&#039;efficienza produttiva.<\/li>\n<li><strong>Aumento della velocit\u00e0 di produzione<\/strong>: Riduce significativamente i cicli di produzione per soddisfare le richieste di elevata produttivit\u00e0.<\/li>\n<li><strong>Tempi di inattivit\u00e0 ridotti<\/strong>: Ottimizza il trasferimento dei materiali, riduce la frequenza della manutenzione e garantisce una produzione continua.<\/li>\n<li><strong>Forte compatibilit\u00e0<\/strong>: Si integra facilmente in vari sistemi di automazione, aumentando l&#039;efficienza complessiva.<\/li>\n<li><strong>Orientamento preciso<\/strong>: Garantisce il posizionamento preciso dei pezzi durante il trasporto, riducendo al minimo errori e sprechi.<\/li>\n<li><strong>Durata<\/strong>: Realizzato con materiali di alta qualit\u00e0 per un utilizzo a lungo termine, riducendo la frequenza di sostituzione.<\/li>\n<li><strong>Salvaspazio<\/strong>: La struttura a doppio binario occupa meno spazio, ottimizzando la disposizione della fabbrica.<\/li>\n<\/ol>\n\t<div id=\"gap-426106867\" class=\"gap-element clearfix\" style=\"display:block; height:auto;\">\n\t\t\n<style>\n#gap-426106867 {\n  padding-top: 30px;\n}\n<\/style>\n\t<\/div>\n\t\n<h3><strong>Contatta subito i nostri ingegneri<\/strong><\/h3>\n<p>Personalizza l&#039;alimentatore vibrante in base alla forma e alle dimensioni dei tuoi pezzi e alla velocit\u00e0 di cui hai bisogno.<\/p>\n\n<div class=\"wpcf7 no-js\" id=\"wpcf7-f5-o1\" lang=\"en-US\" dir=\"ltr\">\n<div class=\"screen-reader-response\"><p role=\"status\" aria-live=\"polite\" aria-atomic=\"true\"><\/p> <ul><\/ul><\/div>\n<form action=\"\/it\/wp-json\/wp\/v2\/product\/2798#wpcf7-f5-o1\" method=\"post\" class=\"wpcf7-form init\" aria-label=\"Modulo di Contatto\" novalidate=\"novalidate\" data-status=\"init\" data-trp-original-action=\"\/it\/wp-json\/wp\/v2\/product\/2798#wpcf7-f5-o1\">\n<div style=\"display: none;\">\n<input type=\"hidden\" name=\"_wpcf7\" value=\"5\" \/>\n<input type=\"hidden\" name=\"_wpcf7_version\" value=\"5.9.2\" \/>\n<input type=\"hidden\" name=\"_wpcf7_locale\" value=\"en_US\" \/>\n<input type=\"hidden\" name=\"_wpcf7_unit_tag\" value=\"wpcf7-f5-o1\" \/>\n<input type=\"hidden\" name=\"_wpcf7_container_post\" value=\"0\" \/>\n<input type=\"hidden\" name=\"_wpcf7_posted_data_hash\" value=\"\" \/>\n<\/div>\n<div class='custom_contact_style'>\n\t<p><label> Il tuo nome<br \/>\n<span class=\"wpcf7-form-control-wrap\" data-name=\"your-name\"><input size=\"40\" class=\"wpcf7-form-control wpcf7-text wpcf7-validates-as-required\" autocomplete=\"name\" aria-required=\"true\" aria-invalid=\"false\" value=\"\" type=\"text\" name=\"your-name\" \/><\/span> <\/label>\n\t<\/p>\n\t<p><label> La tua email<br \/>\n<span class=\"wpcf7-form-control-wrap\" data-name=\"your-email\"><input size=\"40\" class=\"wpcf7-form-control wpcf7-email wpcf7-validates-as-required wpcf7-text wpcf7-validates-as-email\" autocomplete=\"email\" aria-required=\"true\" aria-invalid=\"false\" value=\"\" type=\"email\" name=\"your-email\" \/><\/span> <\/label>\n\t<\/p>\n\t<p><label> Il tuo messaggio (facoltativo)<br \/>\n<span class=\"wpcf7-form-control-wrap\" data-name=\"your-message\"><textarea cols=\"40\" rows=\"10\" class=\"wpcf7-form-control wpcf7-textarea\" aria-invalid=\"false\" name=\"your-message\"><\/textarea><\/span> <\/label>\n\t<\/p>\n\t<div style=\"margin-bottom:10px;\">\n\t\t<p><span class=\"wpcf7-form-control-wrap kc_captcha cf7ic-toggle\" data-name=\"kc_captcha\"><span class=\"wpcf7-form-control wpcf7-radio\"><span class=\"captcha-image\" style=\"display: none;\"><span class=\"cf7ic_instructions\">Dimostra di essere umano selezionando il file<span> heart<\/span>.<\/span><label><input aria-label=\"1\" type=\"radio\" name=\"kc_captcha\" value=\"kc_human\" \/><svg aria-hidden=\"true\" role=\"img\" xmlns=\"http:\/\/www.w3.org\/2000\/svg\" viewbox=\"0 0 576 512\"><path fill=\"currentColor\" d=\"M415 24c-53 0-103 42-127 65-24-23-74-65-127-65C70 24 16 77 16 166c0 72 67 133 69 135l187 181c9 8 23 8 32 0l187-180c2-3 69-64 69-136 0-89-54-142-145-142z\"\/><\/svg><\/label><label><input aria-label=\"2\" type=\"radio\" name=\"kc_captcha\" value=\"bot\" \/><svg aria-hidden=\"true\" role=\"img\" xmlns=\"http:\/\/www.w3.org\/2000\/svg\" viewbox=\"0 0 512 512\"><path fill=\"currentColor\" d=\"M500 168h-55l-8-21a127 127 0 00-120-83H195a127 127 0 00-120 83l-8 21H12c-8 0-14 8-11 16l8 24a12 12 0 0011 8h29a64 64 0 00-33 56v48c0 16 6 31 16 42v62c0 13 11 24 24 24h48c13 0 24-11 24-24v-40h256v40c0 13 11 24 24 24h48c13 0 24-11 24-24v-62c10-11 16-26 16-42v-48c0-24-13-45-33-56h29a12 12 0 0011-8l8-24c3-8-3-16-11-16zm-365 2c9-25 33-42 60-42h122c27 0 51 17 60 42l15 38H120l15-38zM88 328a32 32 0 010-64c18 0 48 30 48 48s-30 16-48 16zm336 0c-18 0-48 2-48-16s30-48 48-48 32 14 32 32-14 32-32 32z\"\/><\/svg><\/label><label><input aria-label=\"3\" type=\"radio\" name=\"kc_captcha\" value=\"bot\" \/><svg aria-hidden=\"true\" role=\"img\" xmlns=\"http:\/\/www.w3.org\/2000\/svg\" viewbox=\"0 0 384 512\"><path fill=\"currentColor\" d=\"M377 375l-83-87h34c21 0 32-25 17-40l-82-88h33c21 0 32-25 18-40L210 8c-10-11-26-11-36 0L70 120c-14 15-3 40 18 40h33l-82 88c-15 15-4 40 17 40h34L7 375c-15 16-4 41 17 41h120c0 33-11 49-34 68-12 9-5 28 10 28h144c15 0 22-19 10-28-20-16-34-32-34-68h120c21 0 32-25 17-41z\"\/><\/svg><\/label>\r\n    <\/span>\r\n    <span style=\"display:none\">\r\n        <input type=\"text\" name=\"kc_honeypot\">\r\n    <\/span><\/span><\/span>\n\t\t<\/p>\n\t<\/div>\n\t<p><input class=\"wpcf7-form-control wpcf7-submit has-spinner\" type=\"submit\" value=\"Invia\" \/>\n\t<\/p>\n<\/div><div class=\"wpcf7-response-output\" aria-hidden=\"true\"><\/div>\n<input type=\"hidden\" name=\"trp-form-language\" value=\"it\"\/><\/form>\n<\/div>","protected":false},"excerpt":{"rendered":"<p>Il Two-Track Vibratory Bowl Feeder di SWOER utilizza un sistema a doppio binario per gestire contemporaneamente le parti in plastica, aumentando notevolmente la velocit\u00e0 di produzione. In qualit\u00e0 di primo produttore cinese di alimentatori vibranti, SWOER \u00e8 nota per fornire soluzioni di automazione durevoli e precise, su misura per le tue esigenze di produzione.<\/p>","protected":false},"featured_media":2799,"comment_status":"open","ping_status":"closed","template":"","meta":[],"product_cat":[37],"product_tag":[],"yoast_head":"<!-- This site is optimized with the Yoast SEO plugin v22.2 - https:\/\/yoast.com\/wordpress\/plugins\/seo\/ -->\n<title>Two Tracks Vibratory Feeder | Vibratory Feeder for Plastic Parts<\/title>\n<meta name=\"description\" content=\"SWOER\u2019s Two Tracks Vibratory Bowl Feeder for plastic parts speeds up production, reduces downtime, and fits seamlessly into various automation systems.\" \/>\n<meta name=\"robots\" content=\"index, follow, max-snippet:-1, max-image-preview:large, max-video-preview:-1\" \/>\n<link rel=\"canonical\" href=\"https:\/\/swoer.com\/it\/manufacturer\/two-tracks-vibratory-bowl-feeder-for-plastic-parts\/\" \/>\n<meta property=\"og:locale\" content=\"it_IT\" \/>\n<meta property=\"og:type\" content=\"article\" \/>\n<meta property=\"og:title\" content=\"Two Tracks Vibratory Feeder | Vibratory Feeder for Plastic Parts\" \/>\n<meta property=\"og:description\" content=\"SWOER\u2019s Two Tracks Vibratory Bowl Feeder for plastic parts speeds up production, reduces downtime, and fits seamlessly into various automation systems.\" \/>\n<meta property=\"og:url\" content=\"https:\/\/swoer.com\/it\/manufacturer\/two-tracks-vibratory-bowl-feeder-for-plastic-parts\/\" \/>\n<meta property=\"og:site_name\" content=\"SWOER\" \/>\n<meta property=\"article:modified_time\" content=\"2025-03-21T01:07:14+00:00\" \/>\n<meta property=\"og:image\" content=\"https:\/\/swoer.com\/wp-content\/uploads\/2024\/10\/Two-Tracks-Vibratory-Bowl-Feeder-for-Plastic-Parts-.webp\" \/>\n\t<meta property=\"og:image:width\" content=\"1000\" \/>\n\t<meta property=\"og:image:height\" content=\"1000\" \/>\n\t<meta property=\"og:image:type\" content=\"image\/webp\" \/>\n<meta name=\"twitter:card\" content=\"summary_large_image\" \/>\n<meta name=\"twitter:label1\" content=\"Tempo di lettura stimato\" \/>\n\t<meta name=\"twitter:data1\" content=\"1 minuto\" \/>\n<script type=\"application\/ld+json\" class=\"yoast-schema-graph\">{\"@context\":\"https:\/\/schema.org\",\"@graph\":[{\"@type\":\"WebPage\",\"@id\":\"https:\/\/swoer.com\/manufacturer\/two-tracks-vibratory-bowl-feeder-for-plastic-parts\/\",\"url\":\"https:\/\/swoer.com\/manufacturer\/two-tracks-vibratory-bowl-feeder-for-plastic-parts\/\",\"name\":\"Two Tracks Vibratory Feeder | Vibratory Feeder for Plastic Parts\",\"isPartOf\":{\"@id\":\"https:\/\/swoer.com\/#website\"},\"primaryImageOfPage\":{\"@id\":\"https:\/\/swoer.com\/manufacturer\/two-tracks-vibratory-bowl-feeder-for-plastic-parts\/#primaryimage\"},\"image\":{\"@id\":\"https:\/\/swoer.com\/manufacturer\/two-tracks-vibratory-bowl-feeder-for-plastic-parts\/#primaryimage\"},\"thumbnailUrl\":\"https:\/\/swoer.com\/wp-content\/uploads\/2024\/10\/Two-Tracks-Vibratory-Bowl-Feeder-for-Plastic-Parts-.webp\",\"datePublished\":\"2024-11-06T14:05:54+00:00\",\"dateModified\":\"2025-03-21T01:07:14+00:00\",\"description\":\"SWOER\u2019s Two Tracks Vibratory Bowl Feeder for plastic parts speeds up production, reduces downtime, and fits seamlessly into various automation systems.\",\"breadcrumb\":{\"@id\":\"https:\/\/swoer.com\/manufacturer\/two-tracks-vibratory-bowl-feeder-for-plastic-parts\/#breadcrumb\"},\"inLanguage\":\"it-IT\",\"potentialAction\":[{\"@type\":\"ReadAction\",\"target\":[\"https:\/\/swoer.com\/manufacturer\/two-tracks-vibratory-bowl-feeder-for-plastic-parts\/\"]}]},{\"@type\":\"ImageObject\",\"inLanguage\":\"it-IT\",\"@id\":\"https:\/\/swoer.com\/manufacturer\/two-tracks-vibratory-bowl-feeder-for-plastic-parts\/#primaryimage\",\"url\":\"https:\/\/swoer.com\/wp-content\/uploads\/2024\/10\/Two-Tracks-Vibratory-Bowl-Feeder-for-Plastic-Parts-.webp\",\"contentUrl\":\"https:\/\/swoer.com\/wp-content\/uploads\/2024\/10\/Two-Tracks-Vibratory-Bowl-Feeder-for-Plastic-Parts-.webp\",\"width\":1000,\"height\":1000,\"caption\":\"Two Tracks Vibratory Bowl Feeder for Plastic Parts\"},{\"@type\":\"BreadcrumbList\",\"@id\":\"https:\/\/swoer.com\/manufacturer\/two-tracks-vibratory-bowl-feeder-for-plastic-parts\/#breadcrumb\",\"itemListElement\":[{\"@type\":\"ListItem\",\"position\":1,\"name\":\"Home\",\"item\":\"https:\/\/swoer.com\/\"},{\"@type\":\"ListItem\",\"position\":2,\"name\":\"Shop\",\"item\":\"https:\/\/swoer.com\/shop\/\"},{\"@type\":\"ListItem\",\"position\":3,\"name\":\"Two Tracks Vibratory Bowl Feeder for Plastic Parts\"}]},{\"@type\":\"WebSite\",\"@id\":\"https:\/\/swoer.com\/#website\",\"url\":\"https:\/\/swoer.com\/\",\"name\":\"SWOER\",\"description\":\"Swoer is the top 3 vibratory bowl feeder manufacturer in China\",\"potentialAction\":[{\"@type\":\"SearchAction\",\"target\":{\"@type\":\"EntryPoint\",\"urlTemplate\":\"https:\/\/swoer.com\/?s={search_term_string}\"},\"query-input\":\"required name=search_term_string\"}],\"inLanguage\":\"it-IT\"}]}<\/script>\n<!-- \/ Yoast SEO plugin. -->","yoast_head_json":{"title":"Two Tracks Vibratory Feeder | Vibratory Feeder for Plastic Parts","description":"SWOER\u2019s Two Tracks Vibratory Bowl Feeder for plastic parts speeds up production, reduces downtime, and fits seamlessly into various automation systems.","robots":{"index":"index","follow":"follow","max-snippet":"max-snippet:-1","max-image-preview":"max-image-preview:large","max-video-preview":"max-video-preview:-1"},"canonical":"https:\/\/swoer.com\/it\/manufacturer\/two-tracks-vibratory-bowl-feeder-for-plastic-parts\/","og_locale":"it_IT","og_type":"article","og_title":"Two Tracks Vibratory Feeder | Vibratory Feeder for Plastic Parts","og_description":"SWOER\u2019s Two Tracks Vibratory Bowl Feeder for plastic parts speeds up production, reduces downtime, and fits seamlessly into various automation systems.","og_url":"https:\/\/swoer.com\/it\/manufacturer\/two-tracks-vibratory-bowl-feeder-for-plastic-parts\/","og_site_name":"SWOER","article_modified_time":"2025-03-21T01:07:14+00:00","og_image":[{"width":1000,"height":1000,"url":"https:\/\/swoer.com\/wp-content\/uploads\/2024\/10\/Two-Tracks-Vibratory-Bowl-Feeder-for-Plastic-Parts-.webp","type":"image\/webp"}],"twitter_card":"summary_large_image","twitter_misc":{"Tempo di lettura stimato":"1 minuto"},"schema":{"@context":"https:\/\/schema.org","@graph":[{"@type":"WebPage","@id":"https:\/\/swoer.com\/manufacturer\/two-tracks-vibratory-bowl-feeder-for-plastic-parts\/","url":"https:\/\/swoer.com\/manufacturer\/two-tracks-vibratory-bowl-feeder-for-plastic-parts\/","name":"Two Tracks Vibratory Feeder | Vibratory Feeder for Plastic Parts","isPartOf":{"@id":"https:\/\/swoer.com\/#website"},"primaryImageOfPage":{"@id":"https:\/\/swoer.com\/manufacturer\/two-tracks-vibratory-bowl-feeder-for-plastic-parts\/#primaryimage"},"image":{"@id":"https:\/\/swoer.com\/manufacturer\/two-tracks-vibratory-bowl-feeder-for-plastic-parts\/#primaryimage"},"thumbnailUrl":"https:\/\/swoer.com\/wp-content\/uploads\/2024\/10\/Two-Tracks-Vibratory-Bowl-Feeder-for-Plastic-Parts-.webp","datePublished":"2024-11-06T14:05:54+00:00","dateModified":"2025-03-21T01:07:14+00:00","description":"SWOER\u2019s Two Tracks Vibratory Bowl Feeder for plastic parts speeds up production, reduces downtime, and fits seamlessly into various automation systems.","breadcrumb":{"@id":"https:\/\/swoer.com\/manufacturer\/two-tracks-vibratory-bowl-feeder-for-plastic-parts\/#breadcrumb"},"inLanguage":"it-IT","potentialAction":[{"@type":"ReadAction","target":["https:\/\/swoer.com\/manufacturer\/two-tracks-vibratory-bowl-feeder-for-plastic-parts\/"]}]},{"@type":"ImageObject","inLanguage":"it-IT","@id":"https:\/\/swoer.com\/manufacturer\/two-tracks-vibratory-bowl-feeder-for-plastic-parts\/#primaryimage","url":"https:\/\/swoer.com\/wp-content\/uploads\/2024\/10\/Two-Tracks-Vibratory-Bowl-Feeder-for-Plastic-Parts-.webp","contentUrl":"https:\/\/swoer.com\/wp-content\/uploads\/2024\/10\/Two-Tracks-Vibratory-Bowl-Feeder-for-Plastic-Parts-.webp","width":1000,"height":1000,"caption":"Two Tracks Vibratory Bowl Feeder for Plastic Parts"},{"@type":"BreadcrumbList","@id":"https:\/\/swoer.com\/manufacturer\/two-tracks-vibratory-bowl-feeder-for-plastic-parts\/#breadcrumb","itemListElement":[{"@type":"ListItem","position":1,"name":"Home","item":"https:\/\/swoer.com\/"},{"@type":"ListItem","position":2,"name":"Shop","item":"https:\/\/swoer.com\/shop\/"},{"@type":"ListItem","position":3,"name":"Two Tracks Vibratory Bowl Feeder for Plastic Parts"}]},{"@type":"WebSite","@id":"https:\/\/swoer.com\/#website","url":"https:\/\/swoer.com\/","name":"SWOER","description":"Swoer is the top 3 vibratory bowl feeder manufacturer in China","potentialAction":[{"@type":"SearchAction","target":{"@type":"EntryPoint","urlTemplate":"https:\/\/swoer.com\/?s={search_term_string}"},"query-input":"required name=search_term_string"}],"inLanguage":"it-IT"}]}},"_links":{"self":[{"href":"https:\/\/swoer.com\/it\/wp-json\/wp\/v2\/product\/2798"}],"collection":[{"href":"https:\/\/swoer.com\/it\/wp-json\/wp\/v2\/product"}],"about":[{"href":"https:\/\/swoer.com\/it\/wp-json\/wp\/v2\/types\/product"}],"replies":[{"embeddable":true,"href":"https:\/\/swoer.com\/it\/wp-json\/wp\/v2\/comments?post=2798"}],"wp:featuredmedia":[{"embeddable":true,"href":"https:\/\/swoer.com\/it\/wp-json\/wp\/v2\/media\/2799"}],"wp:attachment":[{"href":"https:\/\/swoer.com\/it\/wp-json\/wp\/v2\/media?parent=2798"}],"wp:term":[{"taxonomy":"product_cat","embeddable":true,"href":"https:\/\/swoer.com\/it\/wp-json\/wp\/v2\/product_cat?post=2798"},{"taxonomy":"product_tag","embeddable":true,"href":"https:\/\/swoer.com\/it\/wp-json\/wp\/v2\/product_tag?post=2798"}],"curies":[{"name":"wp","href":"https:\/\/api.w.org\/{rel}","templated":true}]}}