{"id":2522,"date":"2024-08-20T22:30:31","date_gmt":"2024-08-20T14:30:31","guid":{"rendered":"https:\/\/swoer.com\/?post_type=product&#038;p=2522"},"modified":"2024-11-19T17:08:30","modified_gmt":"2024-11-19T09:08:30","slug":"screw-rotary-visual-screening-machine-with-ccd-inspection","status":"publish","type":"product","link":"https:\/\/swoer.com\/it\/manufacturer\/screw-rotary-visual-screening-machine-with-ccd-inspection\/","title":{"rendered":"Macchina di screening visivo rotativo a vite con ispezione CCD"},"content":{"rendered":"<p>La macchina di screening visivo a tavola girevole \u00e8 un dispositivo di ispezione automatizzato progettato per rilevare dimensioni, aspetto e altri difetti in varie parti. Il meccanismo di alimentazione, come una piastra vibrante, trasporta automaticamente le parti alla tavola girevole in vetro, dove la stazione di ispezione visiva elabora le immagini. Il controller di movimento assicura che la tavola girevole in vetro ruoti a una velocit\u00e0 costante, fornisce un feedback dell&#039;encoder sulla posizione del materiale e confronta le posizioni dell&#039;hardware per controllare la telecamera CCD e il dispositivo di soffiaggio in pi\u00f9 stazioni. Ci\u00f2 consente l&#039;ispezione e lo screening completamente automatizzati di aspetto, dimensioni e altri aspetti. La macchina di screening visivo a tavola girevole \u00e8 ampiamente utilizzata nell&#039;elettronica 3C, nelle batterie al litio, nei componenti elettronici, nei semiconduttori, nell&#039;hardware e in altri settori della produzione industriale.<\/p>\n<h2><\/h2>\n<h2>Introduzione al Motion Controller<\/h2>\n<p>Pu\u00f2 eseguire funzioni complesse di controllo del movimento come l&#039;interpolazione lineare e l&#039;interpolazione circolare. Gestisce anche l&#039;elaborazione continua della traiettoria e supporta l&#039;ingresso latch ad alta velocit\u00e0 IO. Inoltre, offre un output preciso e un output di sincronizzazione della posizione (PSO). Ci\u00f2 lo rende ideale per apparecchiature di screening visivo a tavola girevole con 2-8 stazioni di ispezione visiva.<\/p>\n\t<div class=\"img has-hover x md-x lg-x y md-y lg-y\" id=\"image_1817727879\">\n\t\t\t\t\t\t\t\t<div class=\"img-inner dark\" >\n\t\t\t<img loading=\"lazy\" decoding=\"async\" width=\"800\" height=\"500\" src=\"https:\/\/swoer.com\/wp-content\/uploads\/2024\/08\/Motion-Controller-Introduction.webp\" class=\"attachment-original size-original\" alt=\"Introduzione al controller di movimento\" srcset=\"https:\/\/swoer.com\/wp-content\/uploads\/2024\/08\/Motion-Controller-Introduction.webp 800w, https:\/\/swoer.com\/wp-content\/uploads\/2024\/08\/Motion-Controller-Introduction-300x188.webp 300w, https:\/\/swoer.com\/wp-content\/uploads\/2024\/08\/Motion-Controller-Introduction-768x480.webp 768w, https:\/\/swoer.com\/wp-content\/uploads\/2024\/08\/Motion-Controller-Introduction-18x12.webp 18w, https:\/\/swoer.com\/wp-content\/uploads\/2024\/08\/Motion-Controller-Introduction-600x375.webp 600w\" sizes=\"(max-width: 800px) 100vw, 800px\" \/>\t\t\t\t\t\t\n\t\t\t\t\t<\/div>\n\t\t\t\t\t\t\t\t\n<style>\n#image_1817727879 {\n  width: 100%;\n}\n<\/style>\n\t<\/div>\n\t\n<h3>\u00a0Vantaggi dell&#039;applicazione del controller nella macchina di screening visivo a tavola girevole<\/h3>\n<ol>\n<li>Pu\u00f2 controllare il giradischi in tempo reale e registrare la posizione di feedback dell&#039;encoder;<\/li>\n<li>La porta di ingresso ad alta velocit\u00e0 si collega al sensore, rilevando e registrando le posizioni dei componenti.<\/li>\n<li>L&#039;uscita hardware PSO si collega a 2-8 telecamere per il volo visivo, il rilevamento e la misurazione.<\/li>\n<li>L&#039;uscita hardware del PSO si collega anche all&#039;aeroporto per lo screening e la classificazione dei risultati delle ispezioni visive.<\/li>\n<\/ol>\n\t<div class=\"img has-hover x md-x lg-x y md-y lg-y\" id=\"image_1647068379\">\n\t\t\t\t\t\t\t\t<div class=\"img-inner dark\" >\n\t\t\t<img loading=\"lazy\" decoding=\"async\" width=\"1062\" height=\"446\" src=\"https:\/\/swoer.com\/wp-content\/uploads\/2024\/08\/Schematic-diagram-of-visual-screening-function.webp\" class=\"attachment-original size-original\" alt=\"Diagramma schematico della funzione di screening visivo\" srcset=\"https:\/\/swoer.com\/wp-content\/uploads\/2024\/08\/Schematic-diagram-of-visual-screening-function.webp 1062w, https:\/\/swoer.com\/wp-content\/uploads\/2024\/08\/Schematic-diagram-of-visual-screening-function-300x126.webp 300w, https:\/\/swoer.com\/wp-content\/uploads\/2024\/08\/Schematic-diagram-of-visual-screening-function-1024x430.webp 1024w, https:\/\/swoer.com\/wp-content\/uploads\/2024\/08\/Schematic-diagram-of-visual-screening-function-768x323.webp 768w, https:\/\/swoer.com\/wp-content\/uploads\/2024\/08\/Schematic-diagram-of-visual-screening-function-18x8.webp 18w, https:\/\/swoer.com\/wp-content\/uploads\/2024\/08\/Schematic-diagram-of-visual-screening-function-600x252.webp 600w\" sizes=\"(max-width: 1062px) 100vw, 1062px\" \/>\t\t\t\t\t\t\n\t\t\t\t\t<\/div>\n\t\t\t\t\t\t\t\t\n<style>\n#image_1647068379 {\n  width: 100%;\n}\n<\/style>\n\t<\/div>\n\t\n\t<div id=\"gap-964848630\" class=\"gap-element clearfix\" style=\"display:block; height:auto;\">\n\t\t\n<style>\n#gap-964848630 {\n  padding-top: 30px;\n}\n<\/style>\n\t<\/div>\n\t\n<h2>Principio della macchina di screening visivo a tavola girevole in vetro<\/h2>\n<ol>\n<li>\n<h3>Principio di funzionamento<\/h3>\n<\/li>\n<\/ol>\n<p>Innanzitutto, la piastra vibrante trasporta le parti al piatto girevole in vetro ad alta trasparenza. Quindi, il sensore rileva le parti in arrivo e il controller ne registra la posizione utilizzando la porta di ingresso latch ad alta velocit\u00e0.<\/p>\n<p>Quando la piattaforma girevole raggiunge la stazione di ispezione visiva, il controller attiva la telecamera per scattare foto attraverso la porta di uscita ad alta velocit\u00e0.<\/p>\n<p>quindi esegue operazioni di elaborazione delle immagini e infine rileva e scherma automaticamente in base agli standard di ispezione preimpostati,<\/p>\n<p>e rifiuta i prodotti difettosi.<\/p>\n<ol start=\"2\">\n<li>\n<h3>Principio del sistema di controllo del movimento<\/h3>\n<\/li>\n<\/ol>\n<p>Rispetto alla tradizionale soluzione PLC+touch screen, il sistema basato sul motion controller offre una migliore integrazione, una risposta pi\u00f9 rapida e una maggiore efficienza.<\/p>\n<p>Quando il piatto girevole in vetro si muove rapidamente, l&#039;hardware attiva la telecamera per le riprese visive. Elabora le immagini e restituisce i risultati dello screening in tempo reale, migliorando notevolmente la velocit\u00e0 di ispezione.<\/p>\n\t<div class=\"img has-hover x md-x lg-x y md-y lg-y\" id=\"image_1560829432\">\n\t\t\t\t\t\t\t\t<div class=\"img-inner dark\" >\n\t\t\t<img loading=\"lazy\" decoding=\"async\" width=\"800\" height=\"500\" src=\"https:\/\/swoer.com\/wp-content\/uploads\/2024\/08\/Control-system-principle.webp\" class=\"attachment-original size-original\" alt=\"Principio del sistema di controllo\" srcset=\"https:\/\/swoer.com\/wp-content\/uploads\/2024\/08\/Control-system-principle.webp 800w, https:\/\/swoer.com\/wp-content\/uploads\/2024\/08\/Control-system-principle-300x188.webp 300w, https:\/\/swoer.com\/wp-content\/uploads\/2024\/08\/Control-system-principle-768x480.webp 768w, https:\/\/swoer.com\/wp-content\/uploads\/2024\/08\/Control-system-principle-18x12.webp 18w, https:\/\/swoer.com\/wp-content\/uploads\/2024\/08\/Control-system-principle-600x375.webp 600w\" sizes=\"(max-width: 800px) 100vw, 800px\" \/>\t\t\t\t\t\t\n\t\t\t\t\t<\/div>\n\t\t\t\t\t\t\t\t\n<style>\n#image_1560829432 {\n  width: 100%;\n}\n<\/style>\n\t<\/div>\n\t\n\t<div id=\"gap-486296031\" class=\"gap-element clearfix\" style=\"display:block; height:auto;\">\n\t\t\n<style>\n#gap-486296031 {\n  padding-top: 30px;\n}\n<\/style>\n\t<\/div>\n\t\n<ol start=\"3\">\n<li>\n<h3>Principio del sistema visivo<\/h3>\n<\/li>\n<\/ol>\n<p>Il tempo di risposta della telecamera, l&#039;esposizione, i pixel e il controllo della sorgente luminosa devono soddisfare i requisiti di velocit\u00e0 del piatto girevole. Ci\u00f2 garantisce che le riprese visive, la misurazione e l&#039;ispezione corrispondano alla velocit\u00e0 di movimento delle diverse parti.<\/p>\n\t<div id=\"gap-273453548\" class=\"gap-element clearfix\" style=\"display:block; height:auto;\">\n\t\t\n<style>\n#gap-273453548 {\n  padding-top: 30px;\n}\n<\/style>\n\t<\/div>\n\t\n<h2>Applicazione del controller di movimento e della visione nelle apparecchiature di screening visivo a tavola girevole<\/h2>\n<ol>\n<li>\n<h3>Flusso di azione del sistema<\/h3>\n<\/li>\n<\/ol>\n<ul>\n<li><strong>Gli ispettori caricano i prodotti da esaminare<\/strong><\/li>\n<\/ul>\n<p>Selezionare la piastra vibrante in base al tipo di materiale. La piastra vibrante trasporta le parti al piatto girevole in vetro ad alta trasparenza. Il piatto girevole ruota quindi a una velocit\u00e0 costante impostata.<\/p>\n\t<div class=\"img has-hover x md-x lg-x y md-y lg-y\" id=\"image_575324280\">\n\t\t\t\t\t\t\t\t<div class=\"img-inner dark\" >\n\t\t\t<img loading=\"lazy\" decoding=\"async\" width=\"800\" height=\"500\" src=\"https:\/\/swoer.com\/wp-content\/uploads\/2024\/08\/Loading-of-products-to-be-inspected.webp\" class=\"attachment-original size-original\" alt=\"Caricamento dei prodotti da ispezionare\" srcset=\"https:\/\/swoer.com\/wp-content\/uploads\/2024\/08\/Loading-of-products-to-be-inspected.webp 800w, https:\/\/swoer.com\/wp-content\/uploads\/2024\/08\/Loading-of-products-to-be-inspected-300x188.webp 300w, https:\/\/swoer.com\/wp-content\/uploads\/2024\/08\/Loading-of-products-to-be-inspected-768x480.webp 768w, https:\/\/swoer.com\/wp-content\/uploads\/2024\/08\/Loading-of-products-to-be-inspected-18x12.webp 18w, https:\/\/swoer.com\/wp-content\/uploads\/2024\/08\/Loading-of-products-to-be-inspected-600x375.webp 600w\" sizes=\"(max-width: 800px) 100vw, 800px\" \/>\t\t\t\t\t\t\n\t\t\t\t\t<\/div>\n\t\t\t\t\t\t\t\t\n<style>\n#image_575324280 {\n  width: 100%;\n}\n<\/style>\n\t<\/div>\n\t\n\t<div id=\"gap-1841550699\" class=\"gap-element clearfix\" style=\"display:block; height:auto;\">\n\t\t\n<style>\n#gap-1841550699 {\n  padding-top: 30px;\n}\n<\/style>\n\t<\/div>\n\t\n<ul>\n<li><strong>Rilevamento dei materiali e registrazione delle posizioni<\/strong><\/li>\n<\/ul>\n<p>Quando il sensore rileva il materiale, la porta di aggancio ad alta velocit\u00e0 basata sul sensore laser registra la posizione corrente del materiale;<\/p>\n\t<div class=\"img has-hover x md-x lg-x y md-y lg-y\" id=\"image_1697769521\">\n\t\t\t\t\t\t\t\t<div class=\"img-inner dark\" >\n\t\t\t<img loading=\"lazy\" decoding=\"async\" width=\"800\" height=\"500\" src=\"https:\/\/swoer.com\/wp-content\/uploads\/2024\/08\/Senses-material-and-records-position.webp\" class=\"attachment-original size-original\" alt=\"\" srcset=\"https:\/\/swoer.com\/wp-content\/uploads\/2024\/08\/Senses-material-and-records-position.webp 800w, https:\/\/swoer.com\/wp-content\/uploads\/2024\/08\/Senses-material-and-records-position-300x188.webp 300w, https:\/\/swoer.com\/wp-content\/uploads\/2024\/08\/Senses-material-and-records-position-768x480.webp 768w, https:\/\/swoer.com\/wp-content\/uploads\/2024\/08\/Senses-material-and-records-position-18x12.webp 18w, https:\/\/swoer.com\/wp-content\/uploads\/2024\/08\/Senses-material-and-records-position-600x375.webp 600w\" sizes=\"(max-width: 800px) 100vw, 800px\" \/>\t\t\t\t\t\t\n\t\t\t\t\t<\/div>\n\t\t\t\t\t\t\t\t\n<style>\n#image_1697769521 {\n  width: 100%;\n}\n<\/style>\n\t<\/div>\n\t\n\t<div id=\"gap-472475781\" class=\"gap-element clearfix\" style=\"display:block; height:auto;\">\n\t\t\n<style>\n#gap-472475781 {\n  padding-top: 30px;\n}\n<\/style>\n\t<\/div>\n\t\n<ul>\n<li><strong>La fotocamera attiva lo scatto fotografico<\/strong><\/li>\n<\/ul>\n<p>Il sistema calcola la posizione di ogni telecamera utilizzando la porta di aggancio ad alta velocit\u00e0. L&#039;output di confronto della posizione hardware del controller di movimento attiva quindi la telecamera per le riprese in volo visivo.<\/p>\n\t<div class=\"img has-hover x md-x lg-x y md-y lg-y\" id=\"image_2085700762\">\n\t\t\t\t\t\t\t\t<div class=\"img-inner dark\" >\n\t\t\t<img loading=\"lazy\" decoding=\"async\" width=\"800\" height=\"500\" src=\"https:\/\/swoer.com\/wp-content\/uploads\/2024\/08\/Camera-triggers-photo-taking.webp\" class=\"attachment-original size-original\" alt=\"La fotocamera attiva lo scatto della foto\" srcset=\"https:\/\/swoer.com\/wp-content\/uploads\/2024\/08\/Camera-triggers-photo-taking.webp 800w, https:\/\/swoer.com\/wp-content\/uploads\/2024\/08\/Camera-triggers-photo-taking-300x188.webp 300w, https:\/\/swoer.com\/wp-content\/uploads\/2024\/08\/Camera-triggers-photo-taking-768x480.webp 768w, https:\/\/swoer.com\/wp-content\/uploads\/2024\/08\/Camera-triggers-photo-taking-18x12.webp 18w, https:\/\/swoer.com\/wp-content\/uploads\/2024\/08\/Camera-triggers-photo-taking-600x375.webp 600w\" sizes=\"(max-width: 800px) 100vw, 800px\" \/>\t\t\t\t\t\t\n\t\t\t\t\t<\/div>\n\t\t\t\t\t\t\t\t\n<style>\n#image_2085700762 {\n  width: 100%;\n}\n<\/style>\n\t<\/div>\n\t\n\t<div id=\"gap-382631206\" class=\"gap-element clearfix\" style=\"display:block; height:auto;\">\n\t\t\n<style>\n#gap-382631206 {\n  padding-top: 30px;\n}\n<\/style>\n\t<\/div>\n\t\n<ul>\n<li><strong>\u00a0Elaborazione del sistema visivo<\/strong><\/li>\n<\/ul>\n<p>Eseguire l&#039;ispezione visiva, la misurazione, il riconoscimento e altre funzioni sulle immagini del materiale fotografato e trasmettere segnali OK o NG al controller di movimento; screening con soffiaggio d&#039;aria.<\/p>\n\t<div class=\"img has-hover x md-x lg-x y md-y lg-y\" id=\"image_535426795\">\n\t\t\t\t\t\t\t\t<div class=\"img-inner dark\" >\n\t\t\t<img loading=\"lazy\" decoding=\"async\" width=\"800\" height=\"500\" src=\"https:\/\/swoer.com\/wp-content\/uploads\/2024\/08\/Vision-Processing-System.webp\" class=\"attachment-original size-original\" alt=\"Sistema di elaborazione della visione\" srcset=\"https:\/\/swoer.com\/wp-content\/uploads\/2024\/08\/Vision-Processing-System.webp 800w, https:\/\/swoer.com\/wp-content\/uploads\/2024\/08\/Vision-Processing-System-300x188.webp 300w, https:\/\/swoer.com\/wp-content\/uploads\/2024\/08\/Vision-Processing-System-768x480.webp 768w, https:\/\/swoer.com\/wp-content\/uploads\/2024\/08\/Vision-Processing-System-18x12.webp 18w, https:\/\/swoer.com\/wp-content\/uploads\/2024\/08\/Vision-Processing-System-600x375.webp 600w\" sizes=\"(max-width: 800px) 100vw, 800px\" \/>\t\t\t\t\t\t\n\t\t\t\t\t<\/div>\n\t\t\t\t\t\t\t\t\n<style>\n#image_535426795 {\n  width: 100%;\n}\n<\/style>\n\t<\/div>\n\t\n<p>Il sistema visivo invia i risultati al controller di movimento e il sensore fornisce la posizione del materiale. Il sistema calcola la posizione dell&#039;uscita dell&#039;aria e utilizza l&#039;output di confronto della posizione hardware del controller di movimento per controllare l&#039;uscita dell&#039;aria per lo screening di prodotti buoni e cattivi.<\/p>\n\t<div class=\"img has-hover x md-x lg-x y md-y lg-y\" id=\"image_181476164\">\n\t\t\t\t\t\t\t\t<div class=\"img-inner dark\" >\n\t\t\t<img loading=\"lazy\" decoding=\"async\" width=\"800\" height=\"500\" src=\"https:\/\/swoer.com\/wp-content\/uploads\/2024\/08\/Screening-of-good-and-bad-products.webp\" class=\"attachment-original size-original\" alt=\"Screening di prodotti buoni e cattivi\" srcset=\"https:\/\/swoer.com\/wp-content\/uploads\/2024\/08\/Screening-of-good-and-bad-products.webp 800w, https:\/\/swoer.com\/wp-content\/uploads\/2024\/08\/Screening-of-good-and-bad-products-300x188.webp 300w, https:\/\/swoer.com\/wp-content\/uploads\/2024\/08\/Screening-of-good-and-bad-products-768x480.webp 768w, https:\/\/swoer.com\/wp-content\/uploads\/2024\/08\/Screening-of-good-and-bad-products-18x12.webp 18w, https:\/\/swoer.com\/wp-content\/uploads\/2024\/08\/Screening-of-good-and-bad-products-600x375.webp 600w\" sizes=\"(max-width: 800px) 100vw, 800px\" \/>\t\t\t\t\t\t\n\t\t\t\t\t<\/div>\n\t\t\t\t\t\t\t\t\n<style>\n#image_181476164 {\n  width: 100%;\n}\n<\/style>\n\t<\/div>\n\t\n<ol start=\"2\">\n<li>\n<h3>Vantaggi della soluzione<\/h3>\n<\/li>\n<\/ol>\n<ul>\n<li>Risultati dei test stabili con elevata coerenza;<\/li>\n<li>Esaminare e classificare automaticamente i prodotti difettosi e rimuoverli per migliorare la qualit\u00e0 del prodotto;<\/li>\n<li>Rispetto al tiro statico, il tiro visivo volante riduce il CT della macchina e migliora l&#039;efficienza;<\/li>\n<li>Una persona che aziona una macchina pu\u00f2 sostituire 2-6 operazioni manuali e migliorare la capacit\u00e0 produttiva;<\/li>\n<li>Monitorare ogni processo di ispezione della produzione per garantirne l&#039;affidabilit\u00e0 e l&#039;efficacia.<\/li>\n<li>Rispetto alla tradizionale soluzione PLC+touch screen, offre una maggiore integrazione, un miglior rapporto costi-benefici, una risposta pi\u00f9 rapida e una maggiore efficienza.<\/li>\n<\/ul>","protected":false},"excerpt":{"rendered":"<p>Le nostre macchine di screening visivo a tavola girevole offrono un&#039;ispezione automatizzata avanzata per verificare le dimensioni, l&#039;aspetto e i difetti dei pezzi.<\/p>\n<p>Perfetto per settori quali l&#039;elettronica, i semiconduttori e la produzione di hardware.<\/p>","protected":false},"featured_media":2897,"comment_status":"open","ping_status":"closed","template":"","meta":[],"product_cat":[113],"product_tag":[],"yoast_head":"<!-- This site is optimized with the Yoast SEO plugin v22.2 - https:\/\/yoast.com\/wordpress\/plugins\/seo\/ -->\n<title>Screw Rotary Visual Screening Machine with CCD Inspection - SWOER<\/title>\n<meta name=\"description\" content=\"High-quality turntable visual screening machines are designed for precise automated inspection of parts&#039; size, appearance, and defects.\" \/>\n<meta name=\"robots\" content=\"index, follow, max-snippet:-1, max-image-preview:large, max-video-preview:-1\" \/>\n<link rel=\"canonical\" href=\"https:\/\/swoer.com\/it\/manufacturer\/screw-rotary-visual-screening-machine-with-ccd-inspection\/\" \/>\n<meta property=\"og:locale\" content=\"it_IT\" \/>\n<meta property=\"og:type\" content=\"article\" \/>\n<meta property=\"og:title\" content=\"Screw Rotary Visual Screening Machine with CCD Inspection - SWOER\" \/>\n<meta property=\"og:description\" content=\"High-quality turntable visual screening machines are designed for precise automated inspection of parts&#039; size, appearance, and defects.\" \/>\n<meta property=\"og:url\" content=\"https:\/\/swoer.com\/it\/manufacturer\/screw-rotary-visual-screening-machine-with-ccd-inspection\/\" \/>\n<meta property=\"og:site_name\" content=\"SWOER\" \/>\n<meta property=\"article:modified_time\" content=\"2024-11-19T09:08:30+00:00\" \/>\n<meta property=\"og:image\" content=\"https:\/\/swoer.com\/wp-content\/uploads\/2024\/08\/Screw-Rotary-Visual-Screening-machine-with-CCD-inspection.webp\" \/>\n\t<meta property=\"og:image:width\" content=\"1000\" \/>\n\t<meta property=\"og:image:height\" content=\"1000\" \/>\n\t<meta property=\"og:image:type\" content=\"image\/webp\" \/>\n<meta name=\"twitter:card\" content=\"summary_large_image\" \/>\n<meta name=\"twitter:label1\" content=\"Tempo di lettura stimato\" \/>\n\t<meta name=\"twitter:data1\" content=\"4 minuti\" \/>\n<script type=\"application\/ld+json\" class=\"yoast-schema-graph\">{\"@context\":\"https:\/\/schema.org\",\"@graph\":[{\"@type\":\"WebPage\",\"@id\":\"https:\/\/swoer.com\/manufacturer\/screw-rotary-visual-screening-machine-with-ccd-inspection\/\",\"url\":\"https:\/\/swoer.com\/manufacturer\/screw-rotary-visual-screening-machine-with-ccd-inspection\/\",\"name\":\"Screw Rotary Visual Screening Machine with CCD Inspection - SWOER\",\"isPartOf\":{\"@id\":\"https:\/\/swoer.com\/#website\"},\"primaryImageOfPage\":{\"@id\":\"https:\/\/swoer.com\/manufacturer\/screw-rotary-visual-screening-machine-with-ccd-inspection\/#primaryimage\"},\"image\":{\"@id\":\"https:\/\/swoer.com\/manufacturer\/screw-rotary-visual-screening-machine-with-ccd-inspection\/#primaryimage\"},\"thumbnailUrl\":\"https:\/\/swoer.com\/wp-content\/uploads\/2024\/08\/Screw-Rotary-Visual-Screening-machine-with-CCD-inspection.webp\",\"datePublished\":\"2024-08-20T14:30:31+00:00\",\"dateModified\":\"2024-11-19T09:08:30+00:00\",\"description\":\"High-quality turntable visual screening machines are designed for precise automated inspection of parts' size, appearance, and defects.\",\"breadcrumb\":{\"@id\":\"https:\/\/swoer.com\/manufacturer\/screw-rotary-visual-screening-machine-with-ccd-inspection\/#breadcrumb\"},\"inLanguage\":\"it-IT\",\"potentialAction\":[{\"@type\":\"ReadAction\",\"target\":[\"https:\/\/swoer.com\/manufacturer\/screw-rotary-visual-screening-machine-with-ccd-inspection\/\"]}]},{\"@type\":\"ImageObject\",\"inLanguage\":\"it-IT\",\"@id\":\"https:\/\/swoer.com\/manufacturer\/screw-rotary-visual-screening-machine-with-ccd-inspection\/#primaryimage\",\"url\":\"https:\/\/swoer.com\/wp-content\/uploads\/2024\/08\/Screw-Rotary-Visual-Screening-machine-with-CCD-inspection.webp\",\"contentUrl\":\"https:\/\/swoer.com\/wp-content\/uploads\/2024\/08\/Screw-Rotary-Visual-Screening-machine-with-CCD-inspection.webp\",\"width\":1000,\"height\":1000,\"caption\":\"Screw Rotary Visual Screening machine with CCD inspection\"},{\"@type\":\"BreadcrumbList\",\"@id\":\"https:\/\/swoer.com\/manufacturer\/screw-rotary-visual-screening-machine-with-ccd-inspection\/#breadcrumb\",\"itemListElement\":[{\"@type\":\"ListItem\",\"position\":1,\"name\":\"Home\",\"item\":\"https:\/\/swoer.com\/\"},{\"@type\":\"ListItem\",\"position\":2,\"name\":\"Shop\",\"item\":\"https:\/\/swoer.com\/shop\/\"},{\"@type\":\"ListItem\",\"position\":3,\"name\":\"Screw Rotary Visual Screening Machine with CCD Inspection\"}]},{\"@type\":\"WebSite\",\"@id\":\"https:\/\/swoer.com\/#website\",\"url\":\"https:\/\/swoer.com\/\",\"name\":\"SWOER\",\"description\":\"Swoer is the top 3 vibratory bowl feeder manufacturer in China\",\"potentialAction\":[{\"@type\":\"SearchAction\",\"target\":{\"@type\":\"EntryPoint\",\"urlTemplate\":\"https:\/\/swoer.com\/?s={search_term_string}\"},\"query-input\":\"required name=search_term_string\"}],\"inLanguage\":\"it-IT\"}]}<\/script>\n<!-- \/ Yoast SEO plugin. -->","yoast_head_json":{"title":"Screw Rotary Visual Screening Machine with CCD Inspection - SWOER","description":"High-quality turntable visual screening machines are designed for precise automated inspection of parts' size, appearance, and defects.","robots":{"index":"index","follow":"follow","max-snippet":"max-snippet:-1","max-image-preview":"max-image-preview:large","max-video-preview":"max-video-preview:-1"},"canonical":"https:\/\/swoer.com\/it\/manufacturer\/screw-rotary-visual-screening-machine-with-ccd-inspection\/","og_locale":"it_IT","og_type":"article","og_title":"Screw Rotary Visual Screening Machine with CCD Inspection - SWOER","og_description":"High-quality turntable visual screening machines are designed for precise automated inspection of parts' size, appearance, and defects.","og_url":"https:\/\/swoer.com\/it\/manufacturer\/screw-rotary-visual-screening-machine-with-ccd-inspection\/","og_site_name":"SWOER","article_modified_time":"2024-11-19T09:08:30+00:00","og_image":[{"width":1000,"height":1000,"url":"https:\/\/swoer.com\/wp-content\/uploads\/2024\/08\/Screw-Rotary-Visual-Screening-machine-with-CCD-inspection.webp","type":"image\/webp"}],"twitter_card":"summary_large_image","twitter_misc":{"Tempo di lettura stimato":"4 minuti"},"schema":{"@context":"https:\/\/schema.org","@graph":[{"@type":"WebPage","@id":"https:\/\/swoer.com\/manufacturer\/screw-rotary-visual-screening-machine-with-ccd-inspection\/","url":"https:\/\/swoer.com\/manufacturer\/screw-rotary-visual-screening-machine-with-ccd-inspection\/","name":"Screw Rotary Visual Screening Machine with CCD Inspection - SWOER","isPartOf":{"@id":"https:\/\/swoer.com\/#website"},"primaryImageOfPage":{"@id":"https:\/\/swoer.com\/manufacturer\/screw-rotary-visual-screening-machine-with-ccd-inspection\/#primaryimage"},"image":{"@id":"https:\/\/swoer.com\/manufacturer\/screw-rotary-visual-screening-machine-with-ccd-inspection\/#primaryimage"},"thumbnailUrl":"https:\/\/swoer.com\/wp-content\/uploads\/2024\/08\/Screw-Rotary-Visual-Screening-machine-with-CCD-inspection.webp","datePublished":"2024-08-20T14:30:31+00:00","dateModified":"2024-11-19T09:08:30+00:00","description":"High-quality turntable visual screening machines are designed for precise automated inspection of parts' size, appearance, and defects.","breadcrumb":{"@id":"https:\/\/swoer.com\/manufacturer\/screw-rotary-visual-screening-machine-with-ccd-inspection\/#breadcrumb"},"inLanguage":"it-IT","potentialAction":[{"@type":"ReadAction","target":["https:\/\/swoer.com\/manufacturer\/screw-rotary-visual-screening-machine-with-ccd-inspection\/"]}]},{"@type":"ImageObject","inLanguage":"it-IT","@id":"https:\/\/swoer.com\/manufacturer\/screw-rotary-visual-screening-machine-with-ccd-inspection\/#primaryimage","url":"https:\/\/swoer.com\/wp-content\/uploads\/2024\/08\/Screw-Rotary-Visual-Screening-machine-with-CCD-inspection.webp","contentUrl":"https:\/\/swoer.com\/wp-content\/uploads\/2024\/08\/Screw-Rotary-Visual-Screening-machine-with-CCD-inspection.webp","width":1000,"height":1000,"caption":"Screw Rotary Visual Screening machine with CCD inspection"},{"@type":"BreadcrumbList","@id":"https:\/\/swoer.com\/manufacturer\/screw-rotary-visual-screening-machine-with-ccd-inspection\/#breadcrumb","itemListElement":[{"@type":"ListItem","position":1,"name":"Home","item":"https:\/\/swoer.com\/"},{"@type":"ListItem","position":2,"name":"Shop","item":"https:\/\/swoer.com\/shop\/"},{"@type":"ListItem","position":3,"name":"Screw Rotary Visual Screening Machine with CCD Inspection"}]},{"@type":"WebSite","@id":"https:\/\/swoer.com\/#website","url":"https:\/\/swoer.com\/","name":"SWOER","description":"Swoer is the top 3 vibratory bowl feeder manufacturer in China","potentialAction":[{"@type":"SearchAction","target":{"@type":"EntryPoint","urlTemplate":"https:\/\/swoer.com\/?s={search_term_string}"},"query-input":"required name=search_term_string"}],"inLanguage":"it-IT"}]}},"_links":{"self":[{"href":"https:\/\/swoer.com\/it\/wp-json\/wp\/v2\/product\/2522"}],"collection":[{"href":"https:\/\/swoer.com\/it\/wp-json\/wp\/v2\/product"}],"about":[{"href":"https:\/\/swoer.com\/it\/wp-json\/wp\/v2\/types\/product"}],"replies":[{"embeddable":true,"href":"https:\/\/swoer.com\/it\/wp-json\/wp\/v2\/comments?post=2522"}],"wp:featuredmedia":[{"embeddable":true,"href":"https:\/\/swoer.com\/it\/wp-json\/wp\/v2\/media\/2897"}],"wp:attachment":[{"href":"https:\/\/swoer.com\/it\/wp-json\/wp\/v2\/media?parent=2522"}],"wp:term":[{"taxonomy":"product_cat","embeddable":true,"href":"https:\/\/swoer.com\/it\/wp-json\/wp\/v2\/product_cat?post=2522"},{"taxonomy":"product_tag","embeddable":true,"href":"https:\/\/swoer.com\/it\/wp-json\/wp\/v2\/product_tag?post=2522"}],"curies":[{"name":"wp","href":"https:\/\/api.w.org\/{rel}","templated":true}]}}