{"id":2332,"date":"2024-07-11T02:33:28","date_gmt":"2024-07-11T02:33:28","guid":{"rendered":"https:\/\/swoer.com\/?post_type=product&#038;p=2332"},"modified":"2024-08-16T12:01:29","modified_gmt":"2024-08-16T04:01:29","slug":"vibratory-hopper-controller-sdvc311-m","status":"publish","type":"product","link":"https:\/\/swoer.com\/it\/manufacturer\/vibratory-hopper-controller-sdvc311-m\/","title":{"rendered":"Controller vibrante per tramoggia SDVC311-M"},"content":{"rendered":"<h2>caratteristiche del prodotto<\/h2>\n<p>Il controller dell&#039;alimentatore di vibrazioni con modulazione di frequenza digitale serie SDVC311 \u00e8 un controller di uscita compatto e universale che offre prestazioni uniche con la pi\u00f9 recente tecnologia elettronica e un design accurato. Le caratteristiche principali includono:<\/p>\n<ul>\n<li><strong>Gamma di frequenza di uscita:<\/strong> Da 5,0 Hz a 400,0 Hz con precisione di 0,1 Hz.<\/li>\n<li><strong>Funzione freno:<\/strong> Arresta rapidamente la pedana vibrante spostando la corrente di 180\u00b0 durante il processo di chiusura lenta.<\/li>\n<li>La porta fotoelettrica intelligente supporta sensori fotoelettrici, sensori di commutazione NPN o PNP.<\/li>\n<li>La porta di arresto completo del materiale supporta i tipi di adattamento NPN, PNP o automatico.<\/li>\n<li>La porta di uscita di controllo supporta la modalit\u00e0 di uscita NPN, PNP o push-pull.<\/li>\n<li><strong>Funzioni di protezione complete:<\/strong> protezione da cortocircuito per l&#039;uscita principale, protezione da sovracorrente, protezione da surriscaldamento, protezione da sottotensione\/sovratensione dell&#039;alimentatore, protezione da cortocircuito uscita di controllo, protezione da cortocircuito uscita 24V, protezione da cortocircuito uscita 5V controllo velocit\u00e0.<\/li>\n<\/ul>\n<p><strong>Rispetto al controller SDVC31-M, questo prodotto mostra miglioramenti significativi delle prestazioni:<\/strong><\/p>\n<ol>\n<li>La frequenza di uscita \u00e8 aumentata da 40,0-400,0 Hz.<\/li>\n<li>Il ritardo massimo di accensione\/spegnimento per le porte fotoelettriche intelligenti e di arresto completo del materiale \u00e8 aumentato da 20,0 secondi a 99,9 secondi.<\/li>\n<li>Nuova funzione di chiusura lenta: 0,0~10,0 secondi per arrestare lentamente la pedana vibrante.<\/li>\n<li>Nuova funzione freno: 0~100 cicli di freno per arrestare rapidamente la pedana vibrante.<\/li>\n<li>Aggiunto il supporto del sensore PNP alla porta fotoelettrica intelligente.<\/li>\n<li>Porta di arresto completo del materiale aggiornata dalla selezione NPN e PNP all&#039;impostazione software, inclusa la modalit\u00e0 automatica.<\/li>\n<li>Porta di uscita di controllo aggiornata dall&#039;uscita NPN alle modalit\u00e0 NPN, PNP e push-pull.<\/li>\n<li>Ritardo di attivazione\/disattivazione della nuova porta di uscita di controllo: 0,0~99,9 secondi.<\/li>\n<li>Nuova modalit\u00e0 di uscita di controllo: modalit\u00e0 di ritardo e modalit\u00e0 di mantenimento.<\/li>\n<li>Nuova funzione di misurazione per monitorare la temperatura, la tensione del bus, la corrente di uscita, la tensione della porta A di controllo della velocit\u00e0 analogica, la tensione del segnale della porta B, la tensione del segnale della porta C, la tensione di uscita della porta D e la tensione di uscita di 24 V.<\/li>\n<\/ol>\n\t<div id=\"gap-1523458627\" class=\"gap-element clearfix\" style=\"display:block; height:auto;\">\n\t\t\n<style>\n#gap-1523458627 {\n  padding-top: 30px;\n}\n<\/style>\n\t<\/div>\n\t\n<h2>Specifica tecnica<\/h2>\n<table width=\"767\">\n<tbody>\n<tr>\n<td rowspan=\"2\" width=\"225\">Articolo<\/td>\n<td colspan=\"3\" width=\"216\">Allineare<\/td>\n<td rowspan=\"2\" width=\"72\">Unit\u00e0<\/td>\n<td rowspan=\"2\" width=\"254\">Descrizione<\/td>\n<\/tr>\n<tr>\n<td>Minimo<\/td>\n<td>Tipico<\/td>\n<td>Massimo<\/td>\n<\/tr>\n<tr>\n<td>Tensione di ingresso<\/td>\n<td>85<\/td>\n<td>220<\/td>\n<td>260<\/td>\n<td>V<\/td>\n<td>Valore effettivo AC<\/td>\n<\/tr>\n<tr>\n<td>Intervallo di regolazione della tensione di uscita<\/td>\n<td>0<\/td>\n<td><\/td>\n<td>260<\/td>\n<td>V<\/td>\n<td>Meno di 150% di tensione in ingresso<\/td>\n<\/tr>\n<tr>\n<td>Precisione della regolazione della tensione<\/td>\n<td colspan=\"3\">1<\/td>\n<td>V<\/td>\n<td><\/td>\n<\/tr>\n<tr>\n<td>Precisione della regolazione della tensione<\/td>\n<td>0<\/td>\n<td><\/td>\n<td>10<\/td>\n<td><\/td>\n<td>Vout\/Vin<\/td>\n<\/tr>\n<tr>\n<td rowspan=\"2\">Intervallo di regolazione della corrente di uscita<\/td>\n<td>0<\/td>\n<td><\/td>\n<td>1.5<\/td>\n<td>UN<\/td>\n<td>SDVC311-LS<\/td>\n<\/tr>\n<tr>\n<td>0<\/td>\n<td><\/td>\n<td>3<\/td>\n<td>VA<\/td>\n<td>SDVC311-LM<\/td>\n<\/tr>\n<tr>\n<td rowspan=\"2\">Potenza di uscita<\/td>\n<td>0<\/td>\n<td><\/td>\n<td>330<\/td>\n<td>VA<\/td>\n<td>SDVC311-LS<\/td>\n<\/tr>\n<tr>\n<td>0<\/td>\n<td><\/td>\n<td>660<\/td>\n<td>VA<\/td>\n<td>SDVC311-LM<\/td>\n<\/tr>\n<tr>\n<td>Frequenza di uscita<\/td>\n<td>40\/5.0<\/td>\n<td><\/td>\n<td>400<\/td>\n<td>Hz<\/td>\n<td><\/td>\n<\/tr>\n<tr>\n<td>Precisione della regolazione della frequenza<\/td>\n<td colspan=\"3\">0.1<\/td>\n<td>Hz<\/td>\n<td><\/td>\n<\/tr>\n<tr>\n<td>Forma d&#039;onda di uscita<\/td>\n<td colspan=\"3\">seno<\/td>\n<td><\/td>\n<td><\/td>\n<\/tr>\n<tr>\n<td>Orario di inizio lento<\/td>\n<td>0<\/td>\n<td><\/td>\n<td>10<\/td>\n<td>S<\/td>\n<td>Impostazione di fabbrica 0,5<\/td>\n<\/tr>\n<tr>\n<td>Intervallo di tempo di ritardo<\/td>\n<td>0<\/td>\n<td><\/td>\n<td>20\/99.9<\/td>\n<td>S<\/td>\n<td>Impostazione di fabbrica 0.2<\/td>\n<\/tr>\n<tr>\n<td>Precisione del tempo di ritardo<\/td>\n<td colspan=\"3\">0.1<\/td>\n<td>S<\/td>\n<td><\/td>\n<\/tr>\n<tr>\n<td>Temperatura di protezione dal surriscaldamento<\/td>\n<td>58<\/td>\n<td>60<\/td>\n<td>66<\/td>\n<td>\u2103<\/td>\n<td><\/td>\n<\/tr>\n<tr>\n<td>Tensione di uscita di controllo CC<\/td>\n<td>0<\/td>\n<td><\/td>\n<td>400<\/td>\n<td>V<\/td>\n<td><\/td>\n<\/tr>\n<tr>\n<td>Corrente di uscita di controllo CC<\/td>\n<td>22<\/td>\n<td>24<\/td>\n<td>26<\/td>\n<td>ma<\/td>\n<td><\/td>\n<\/tr>\n<tr>\n<td>Modello di controllo analogico<\/td>\n<td colspan=\"3\">1 &#8211; 5<\/td>\n<td>V<\/td>\n<td>Voltaggio del controllo remoto della velocit\u00e0<\/td>\n<\/tr>\n<tr>\n<td>Segnale di controllo digitale<\/td>\n<td colspan=\"3\">24<\/td>\n<td>V<\/td>\n<td>Commutare il controllo del segnale<\/td>\n<\/tr>\n<tr>\n<td>Metodo di regolazione<\/td>\n<td colspan=\"3\">6<\/td>\n<td>chiave<\/td>\n<td><\/td>\n<\/tr>\n<tr>\n<td>Consumo energetico a vuoto<\/td>\n<td><\/td>\n<td>3<\/td>\n<td><\/td>\n<td>W<\/td>\n<td><\/td>\n<\/tr>\n<tr>\n<td>Modalit\u00e0 display<\/td>\n<td colspan=\"3\">5<\/td>\n<td>cifra<\/td>\n<td>Tubo digitale LED<\/td>\n<\/tr>\n<tr>\n<td>Temperatura dell&#039;ambiente salariale<\/td>\n<td>0<\/td>\n<td>25<\/td>\n<td>40<\/td>\n<td>\u2103<\/td>\n<td rowspan=\"3\">Nessuna condensa<\/td>\n<\/tr>\n<tr>\n<td>Umidit\u00e0 dell&#039;ambiente salariale<\/td>\n<td>10<\/td>\n<td>60<\/td>\n<td>85<\/td>\n<td>%<\/td>\n<\/tr>\n<tr>\n<td>Temperatura di conservazione<\/td>\n<td>-20<\/td>\n<td>25<\/td>\n<td>85<\/td>\n<td>\u2103<\/td>\n<\/tr>\n<\/tbody>\n<\/table>\n\t<div id=\"gap-448659511\" class=\"gap-element clearfix\" style=\"display:block; height:auto;\">\n\t\t\n<style>\n#gap-448659511 {\n  padding-top: 30px;\n}\n<\/style>\n\t<\/div>\n\t\n<p><strong><b>Dimensioni:<\/b><\/strong>\u00a0Lunghezza 94,5 mm \u00d7 Larghezza 53,6 mm \u00d7 Altezza 190 mm<\/p>\n\t<div class=\"img has-hover x md-x lg-x y md-y lg-y\" id=\"image_2127874467\">\n\t\t\t\t\t\t\t\t<div class=\"img-inner dark\" >\n\t\t\t<img loading=\"lazy\" decoding=\"async\" width=\"770\" height=\"829\" src=\"https:\/\/swoer.com\/wp-content\/uploads\/2024\/07\/Product-Dimensions.webp\" class=\"attachment-original size-original\" alt=\"Dimensioni del prodotto\" srcset=\"https:\/\/swoer.com\/wp-content\/uploads\/2024\/07\/Product-Dimensions.webp 770w, https:\/\/swoer.com\/wp-content\/uploads\/2024\/07\/Product-Dimensions-279x300.webp 279w, https:\/\/swoer.com\/wp-content\/uploads\/2024\/07\/Product-Dimensions-768x827.webp 768w, https:\/\/swoer.com\/wp-content\/uploads\/2024\/07\/Product-Dimensions-11x12.webp 11w, https:\/\/swoer.com\/wp-content\/uploads\/2024\/07\/Product-Dimensions-600x646.webp 600w\" sizes=\"(max-width: 770px) 100vw, 770px\" \/>\t\t\t\t\t\t\n\t\t\t\t\t<\/div>\n\t\t\t\t\t\t\t\t\n<style>\n#image_2127874467 {\n  width: 58%;\n}\n<\/style>\n\t<\/div>","protected":false},"excerpt":{"rendered":"<p>Il controller vibrante della tramoggia SDVC311-M \u00e8 progettato per un&#039;alimentazione precisa ed efficiente del materiale in varie applicazioni di automazione. Con la sua ampia gamma di frequenze (da 5,0 Hz a 400,0 Hz), l&#039;elevata precisione (0,1 Hz) e il supporto del sensore intelligente, SDVC311-M garantisce una gestione ottimale dei materiali.<\/p>","protected":false},"featured_media":2489,"comment_status":"open","ping_status":"closed","template":"","meta":[],"product_cat":[45],"product_tag":[],"yoast_head":"<!-- This site is optimized with the Yoast SEO plugin v22.2 - https:\/\/yoast.com\/wordpress\/plugins\/seo\/ -->\n<title>Vibratory Hopper Controller SDVC311-M - SWOER<\/title>\n<meta name=\"description\" content=\"SDVC311-M vibratory hopper controller features introduction.\" \/>\n<meta name=\"robots\" content=\"index, follow, max-snippet:-1, max-image-preview:large, max-video-preview:-1\" \/>\n<link rel=\"canonical\" href=\"https:\/\/swoer.com\/it\/manufacturer\/vibratory-hopper-controller-sdvc311-m\/\" \/>\n<meta property=\"og:locale\" content=\"it_IT\" \/>\n<meta property=\"og:type\" content=\"article\" \/>\n<meta property=\"og:title\" content=\"Vibratory Hopper Controller SDVC311-M - SWOER\" \/>\n<meta property=\"og:description\" content=\"SDVC311-M vibratory hopper controller features introduction.\" \/>\n<meta property=\"og:url\" content=\"https:\/\/swoer.com\/it\/manufacturer\/vibratory-hopper-controller-sdvc311-m\/\" \/>\n<meta property=\"og:site_name\" content=\"SWOER\" \/>\n<meta property=\"article:modified_time\" content=\"2024-08-16T04:01:29+00:00\" \/>\n<meta property=\"og:image\" content=\"https:\/\/swoer.com\/wp-content\/uploads\/2024\/07\/Vibratory-Hopper-Controller-SDVC311-M-1.webp\" \/>\n\t<meta property=\"og:image:width\" content=\"1000\" \/>\n\t<meta property=\"og:image:height\" content=\"1000\" \/>\n\t<meta property=\"og:image:type\" content=\"image\/webp\" \/>\n<meta name=\"twitter:card\" content=\"summary_large_image\" \/>\n<meta name=\"twitter:label1\" content=\"Tempo di lettura stimato\" \/>\n\t<meta name=\"twitter:data1\" content=\"3 minuti\" \/>\n<script type=\"application\/ld+json\" class=\"yoast-schema-graph\">{\"@context\":\"https:\/\/schema.org\",\"@graph\":[{\"@type\":\"WebPage\",\"@id\":\"https:\/\/swoer.com\/manufacturer\/vibratory-hopper-controller-sdvc311-m\/\",\"url\":\"https:\/\/swoer.com\/manufacturer\/vibratory-hopper-controller-sdvc311-m\/\",\"name\":\"Vibratory Hopper Controller SDVC311-M - SWOER\",\"isPartOf\":{\"@id\":\"https:\/\/swoer.com\/#website\"},\"primaryImageOfPage\":{\"@id\":\"https:\/\/swoer.com\/manufacturer\/vibratory-hopper-controller-sdvc311-m\/#primaryimage\"},\"image\":{\"@id\":\"https:\/\/swoer.com\/manufacturer\/vibratory-hopper-controller-sdvc311-m\/#primaryimage\"},\"thumbnailUrl\":\"https:\/\/swoer.com\/wp-content\/uploads\/2024\/07\/Vibratory-Hopper-Controller-SDVC311-M-1.webp\",\"datePublished\":\"2024-07-11T02:33:28+00:00\",\"dateModified\":\"2024-08-16T04:01:29+00:00\",\"description\":\"SDVC311-M vibratory hopper controller features introduction.\",\"breadcrumb\":{\"@id\":\"https:\/\/swoer.com\/manufacturer\/vibratory-hopper-controller-sdvc311-m\/#breadcrumb\"},\"inLanguage\":\"it-IT\",\"potentialAction\":[{\"@type\":\"ReadAction\",\"target\":[\"https:\/\/swoer.com\/manufacturer\/vibratory-hopper-controller-sdvc311-m\/\"]}]},{\"@type\":\"ImageObject\",\"inLanguage\":\"it-IT\",\"@id\":\"https:\/\/swoer.com\/manufacturer\/vibratory-hopper-controller-sdvc311-m\/#primaryimage\",\"url\":\"https:\/\/swoer.com\/wp-content\/uploads\/2024\/07\/Vibratory-Hopper-Controller-SDVC311-M-1.webp\",\"contentUrl\":\"https:\/\/swoer.com\/wp-content\/uploads\/2024\/07\/Vibratory-Hopper-Controller-SDVC311-M-1.webp\",\"width\":1000,\"height\":1000,\"caption\":\"Vibratory Hopper Controller SDVC311-M\"},{\"@type\":\"BreadcrumbList\",\"@id\":\"https:\/\/swoer.com\/manufacturer\/vibratory-hopper-controller-sdvc311-m\/#breadcrumb\",\"itemListElement\":[{\"@type\":\"ListItem\",\"position\":1,\"name\":\"Home\",\"item\":\"https:\/\/swoer.com\/\"},{\"@type\":\"ListItem\",\"position\":2,\"name\":\"Shop\",\"item\":\"https:\/\/swoer.com\/shop\/\"},{\"@type\":\"ListItem\",\"position\":3,\"name\":\"Vibratory Hopper Controller SDVC311-M\"}]},{\"@type\":\"WebSite\",\"@id\":\"https:\/\/swoer.com\/#website\",\"url\":\"https:\/\/swoer.com\/\",\"name\":\"SWOER\",\"description\":\"Swoer is the top 3 vibratory bowl feeder manufacturer in China\",\"potentialAction\":[{\"@type\":\"SearchAction\",\"target\":{\"@type\":\"EntryPoint\",\"urlTemplate\":\"https:\/\/swoer.com\/?s={search_term_string}\"},\"query-input\":\"required name=search_term_string\"}],\"inLanguage\":\"it-IT\"}]}<\/script>\n<!-- \/ Yoast SEO plugin. -->","yoast_head_json":{"title":"Vibratory Hopper Controller SDVC311-M - SWOER","description":"SDVC311-M vibratory hopper controller features introduction.","robots":{"index":"index","follow":"follow","max-snippet":"max-snippet:-1","max-image-preview":"max-image-preview:large","max-video-preview":"max-video-preview:-1"},"canonical":"https:\/\/swoer.com\/it\/manufacturer\/vibratory-hopper-controller-sdvc311-m\/","og_locale":"it_IT","og_type":"article","og_title":"Vibratory Hopper Controller SDVC311-M - SWOER","og_description":"SDVC311-M vibratory hopper controller features introduction.","og_url":"https:\/\/swoer.com\/it\/manufacturer\/vibratory-hopper-controller-sdvc311-m\/","og_site_name":"SWOER","article_modified_time":"2024-08-16T04:01:29+00:00","og_image":[{"width":1000,"height":1000,"url":"https:\/\/swoer.com\/wp-content\/uploads\/2024\/07\/Vibratory-Hopper-Controller-SDVC311-M-1.webp","type":"image\/webp"}],"twitter_card":"summary_large_image","twitter_misc":{"Tempo di lettura stimato":"3 minuti"},"schema":{"@context":"https:\/\/schema.org","@graph":[{"@type":"WebPage","@id":"https:\/\/swoer.com\/manufacturer\/vibratory-hopper-controller-sdvc311-m\/","url":"https:\/\/swoer.com\/manufacturer\/vibratory-hopper-controller-sdvc311-m\/","name":"Vibratory Hopper Controller SDVC311-M - SWOER","isPartOf":{"@id":"https:\/\/swoer.com\/#website"},"primaryImageOfPage":{"@id":"https:\/\/swoer.com\/manufacturer\/vibratory-hopper-controller-sdvc311-m\/#primaryimage"},"image":{"@id":"https:\/\/swoer.com\/manufacturer\/vibratory-hopper-controller-sdvc311-m\/#primaryimage"},"thumbnailUrl":"https:\/\/swoer.com\/wp-content\/uploads\/2024\/07\/Vibratory-Hopper-Controller-SDVC311-M-1.webp","datePublished":"2024-07-11T02:33:28+00:00","dateModified":"2024-08-16T04:01:29+00:00","description":"SDVC311-M vibratory hopper controller features introduction.","breadcrumb":{"@id":"https:\/\/swoer.com\/manufacturer\/vibratory-hopper-controller-sdvc311-m\/#breadcrumb"},"inLanguage":"it-IT","potentialAction":[{"@type":"ReadAction","target":["https:\/\/swoer.com\/manufacturer\/vibratory-hopper-controller-sdvc311-m\/"]}]},{"@type":"ImageObject","inLanguage":"it-IT","@id":"https:\/\/swoer.com\/manufacturer\/vibratory-hopper-controller-sdvc311-m\/#primaryimage","url":"https:\/\/swoer.com\/wp-content\/uploads\/2024\/07\/Vibratory-Hopper-Controller-SDVC311-M-1.webp","contentUrl":"https:\/\/swoer.com\/wp-content\/uploads\/2024\/07\/Vibratory-Hopper-Controller-SDVC311-M-1.webp","width":1000,"height":1000,"caption":"Vibratory Hopper Controller SDVC311-M"},{"@type":"BreadcrumbList","@id":"https:\/\/swoer.com\/manufacturer\/vibratory-hopper-controller-sdvc311-m\/#breadcrumb","itemListElement":[{"@type":"ListItem","position":1,"name":"Home","item":"https:\/\/swoer.com\/"},{"@type":"ListItem","position":2,"name":"Shop","item":"https:\/\/swoer.com\/shop\/"},{"@type":"ListItem","position":3,"name":"Vibratory Hopper Controller SDVC311-M"}]},{"@type":"WebSite","@id":"https:\/\/swoer.com\/#website","url":"https:\/\/swoer.com\/","name":"SWOER","description":"Swoer is the top 3 vibratory bowl feeder manufacturer in China","potentialAction":[{"@type":"SearchAction","target":{"@type":"EntryPoint","urlTemplate":"https:\/\/swoer.com\/?s={search_term_string}"},"query-input":"required name=search_term_string"}],"inLanguage":"it-IT"}]}},"_links":{"self":[{"href":"https:\/\/swoer.com\/it\/wp-json\/wp\/v2\/product\/2332"}],"collection":[{"href":"https:\/\/swoer.com\/it\/wp-json\/wp\/v2\/product"}],"about":[{"href":"https:\/\/swoer.com\/it\/wp-json\/wp\/v2\/types\/product"}],"replies":[{"embeddable":true,"href":"https:\/\/swoer.com\/it\/wp-json\/wp\/v2\/comments?post=2332"}],"wp:featuredmedia":[{"embeddable":true,"href":"https:\/\/swoer.com\/it\/wp-json\/wp\/v2\/media\/2489"}],"wp:attachment":[{"href":"https:\/\/swoer.com\/it\/wp-json\/wp\/v2\/media?parent=2332"}],"wp:term":[{"taxonomy":"product_cat","embeddable":true,"href":"https:\/\/swoer.com\/it\/wp-json\/wp\/v2\/product_cat?post=2332"},{"taxonomy":"product_tag","embeddable":true,"href":"https:\/\/swoer.com\/it\/wp-json\/wp\/v2\/product_tag?post=2332"}],"curies":[{"name":"wp","href":"https:\/\/api.w.org\/{rel}","templated":true}]}}