{"id":2326,"date":"2024-07-10T02:07:49","date_gmt":"2024-07-10T02:07:49","guid":{"rendered":"https:\/\/swoer.com\/?post_type=product&#038;p=2326"},"modified":"2024-08-16T14:01:56","modified_gmt":"2024-08-16T06:01:56","slug":"vibratory-bowl-feeder-speed-controller-dvc34-xlr","status":"publish","type":"product","link":"https:\/\/swoer.com\/it\/manufacturer\/vibratory-bowl-feeder-speed-controller-dvc34-xlr\/","title":{"rendered":"Regolatore di velocit\u00e0 dell&#039;alimentatore a vasca vibrante DVC34-XLR"},"content":{"rendered":"<h2><strong><b>Caratteristiche DVC34-XLR<\/b><\/strong><\/h2>\n<ul>\n<li>Stabilizzazione automatica della velocit\u00e0<\/li>\n<li>Regolazione automatica della frequenza<\/li>\n<li>Ricerca automatica della frequenza<\/li>\n<li>Uscita sincrona<\/li>\n<li>Preimpostazione della velocit\u00e0<\/li>\n<li>Stabilizzazione automatica della tensione ad alta precisione<\/li>\n<li>Protezione digitale dal surriscaldamento<\/li>\n<li>Autoadattamento del sensore<\/li>\n<li>Controllo remoto della velocit\u00e0<\/li>\n<li>Uscita di controllo CC<\/li>\n<li>Blocco della tastiera<\/li>\n<li>Impostazione della tensione di uscita massima<\/li>\n<li>Spegnimento pieno\/vuoto del materiale con sensore a doppio interruttore<\/li>\n<li>Funzione di conteggio<\/li>\n<li>485 comunicazione<\/li>\n<\/ul>\n\t<div id=\"gap-1763725766\" class=\"gap-element clearfix\" style=\"display:block; height:auto;\">\n\t\t\n<style>\n#gap-1763725766 {\n  padding-top: 30px;\n}\n<\/style>\n\t<\/div>\n\t\n<h2><strong><b>DVC34-XLR<\/b><\/strong><strong><b>\u00a0<\/b><\/strong><strong><b>Funzione<\/b><\/strong><\/h2>\n<p>Questa serie di controllori, progettata per l&#039;alimentazione a vibrazione nell&#039;automazione, integra una tecnologia elettronica avanzata. Fornisce funzioni pratiche e di facile utilizzo:<\/p>\n<ol>\n<li><strong>Modulazione automatica della frequenza:<\/strong> Il controller regola la frequenza in tempo reale, garantendo il funzionamento ottimale dell&#039;alimentatore.<\/li>\n<li><strong>Stabilizzazione automatica della velocit\u00e0:<\/strong> Poich\u00e9 il controller regola la tensione in tempo reale, assicura che la velocit\u00e0 di alimentazione rimanga costante. Che la quantit\u00e0 di pezzi in lavorazione aumenti o diminuisca, questa caratteristica mantiene prestazioni costanti, migliorando cos\u00ec l&#039;efficienza complessiva.<\/li>\n<li><strong>Ricerca automatica della frequenza:<\/strong> La funzione infallibile identifica rapidamente la frequenza ottimale e i parametri correlati, migliorando la praticit\u00e0 dell&#039;utente.<\/li>\n<li><strong>Stabilizzazione automatica della tensione:<\/strong> Se la stabilizzazione della velocit\u00e0 non \u00e8 attivata, il controller elimina le fluttuazioni di velocit\u00e0 dovute alle variazioni dell&#039;alimentazione elettrica, prevenendo gli effetti della frequenza di battimento.<\/li>\n<li><strong>Uscita sincrona:<\/strong> Pi\u00f9 controller sincronizzano le loro uscite in frequenza e fase, evitando problemi di frequenza di battimento e problemi correlati.<\/li>\n<li><strong>Arresto materiale pieno\/vuoto:<\/strong> L&#039;ingresso del sensore consente al controller di gestire l&#039;arresto in base ai livelli del materiale, offrendo orari di avvio, ritardi e impostazioni logiche personalizzabili.<\/li>\n<li><strong>Adattamento del sensore:<\/strong> Oltre alle altre caratteristiche, il controller si adatta perfettamente sia ai sensori di commutazione NPN che PNP. Questa regolazione automatica assicura compatibilit\u00e0 e affidabilit\u00e0, indipendentemente dal tipo di sensore utilizzato.<\/li>\n<li><strong>Partenza lenta:<\/strong> All&#039;avvio, il controller aumenta gradualmente la tensione, evitando danni dovuti a scosse improvvise.<\/li>\n<li><strong>Velocit\u00e0 preimpostata:<\/strong> Gli utenti possono scegliere tra quattro tensioni di uscita preimpostate tramite segnali di controllo esterni.<\/li>\n<li><strong>Funzione di accelerazione:<\/strong> Questa caratteristica aumenta la tensione di uscita fino a 150% della tensione di ingresso.<\/li>\n<li><strong>Impostazione della tensione di uscita massima:<\/strong> Gli utenti possono impostare un limite di tensione, prevenendo danni accidentali dovuti a tensione eccessiva.<\/li>\n<li><strong>Indice della forma d&#039;onda:<\/strong> Questo parametro bilancia l&#039;efficienza del controller con la massima potenza in uscita.<\/li>\n<li><strong>Controllo remoto della velocit\u00e0:<\/strong> Gli utenti possono controllare la tensione o la velocit\u00e0 esternamente tramite un potenziometro, un PLC o un segnale di potenza.<\/li>\n<li><strong>Uscita di controllo 24 V CC:<\/strong> Il segnale di controllo viene emesso tramite un transistor, consentendo il controllo diretto di dispositivi come le elettrovalvole.<\/li>\n<li><strong>Interruttore di uscita:<\/strong> Un pulsante touch sul pannello consente l&#039;avvio\/arresto immediato della macchina, semplificando il debug dell&#039;apparecchiatura.<\/li>\n<li><strong>Blocco tastiera:<\/strong> Tenendo premuto il pulsante on\/off si bloccano tutte le funzioni, impedendo l&#039;azionamento accidentale.<\/li>\n<li><strong>Password parametro:<\/strong> Gli utenti possono impostare una password per bloccare i parametri, proteggendoli da modifiche non autorizzate.<\/li>\n<li><strong>Ripristinare le impostazioni predefinite:<\/strong> Questa funzione ripristina rapidamente i parametri ai valori predefiniti di fabbrica, reimpostando il controller.<\/li>\n<li><strong>Comunicazione 485:<\/strong> Gli utenti possono regolare da remoto le impostazioni del controller tramite comunicazione 485.<\/li>\n<\/ol>\n\t<div id=\"gap-177012534\" class=\"gap-element clearfix\" style=\"display:block; height:auto;\">\n\t\t\n<style>\n#gap-177012534 {\n  padding-top: 30px;\n}\n<\/style>\n\t<\/div>\n\t\n<h2>Specifica tecnica<\/h2>\n<table width=\"767\">\n<tbody>\n<tr>\n<td rowspan=\"2\" width=\"225\">Articolo<\/td>\n<td colspan=\"3\" width=\"216\">Allineare<\/td>\n<td rowspan=\"2\" width=\"72\">Unit\u00e0<\/td>\n<td rowspan=\"2\" width=\"254\">Descrizione<\/td>\n<\/tr>\n<tr>\n<td>Minimo<\/td>\n<td>Tipico<\/td>\n<td>Massimo<\/td>\n<\/tr>\n<tr>\n<td>Tensione di ingresso<\/td>\n<td>85<\/td>\n<td>220<\/td>\n<td>260<\/td>\n<td>V<\/td>\n<td>Valore effettivo AC<\/td>\n<\/tr>\n<tr>\n<td>Intervallo di regolazione della tensione di uscita<\/td>\n<td>0<\/td>\n<td><\/td>\n<td>260<\/td>\n<td>V<\/td>\n<td>Meno di 150% di tensione in ingresso<\/td>\n<\/tr>\n<tr>\n<td>Precisione della regolazione della tensione<\/td>\n<td colspan=\"3\">1<\/td>\n<td>V<\/td>\n<td><\/td>\n<\/tr>\n<tr>\n<td>Precisione della regolazione della tensione<\/td>\n<td>0<\/td>\n<td><\/td>\n<td>10<\/td>\n<td><\/td>\n<td>Vout\/Vin<\/td>\n<\/tr>\n<tr>\n<td>Tempo di risposta della regolazione della tensione<\/td>\n<td>0.0025<\/td>\n<td><\/td>\n<td>0.04<\/td>\n<td>S<\/td>\n<td>Un decimo del ciclo di tensione di uscita<\/td>\n<\/tr>\n<tr>\n<td rowspan=\"2\">Intervallo di regolazione della corrente di uscita<\/td>\n<td rowspan=\"2\">0<\/td>\n<td rowspan=\"2\"><\/td>\n<td rowspan=\"2\">6<\/td>\n<td rowspan=\"2\">UN<\/td>\n<td rowspan=\"2\" width=\"254\">SDVC34-XLR<br \/>\nSDVC34-XLRJ<\/td>\n<\/tr>\n<tr>\n<td rowspan=\"2\"><\/td>\n<td rowspan=\"2\"><\/td>\n<td rowspan=\"2\"><\/td>\n<td rowspan=\"2\"><\/td>\n<td rowspan=\"2\"><\/td>\n<td rowspan=\"2\" width=\"254\"><\/td>\n<\/tr>\n<tr>\n<td>Frequenza di uscita<\/td>\n<td>25<\/td>\n<td><\/td>\n<td>400<\/td>\n<td>Hz<\/td>\n<td><\/td>\n<\/tr>\n<tr>\n<td>Precisione della regolazione della frequenza<\/td>\n<td colspan=\"3\">0.1<\/td>\n<td>Hz<\/td>\n<td><\/td>\n<\/tr>\n<tr>\n<td>Forma d&#039;onda di uscita<\/td>\n<td colspan=\"3\">seno<\/td>\n<td><\/td>\n<td><\/td>\n<\/tr>\n<tr>\n<td>Orario di inizio lento<\/td>\n<td>0<\/td>\n<td><\/td>\n<td>10<\/td>\n<td>S<\/td>\n<td>Impostazione di fabbrica 0,5<\/td>\n<\/tr>\n<tr>\n<td>Intervallo di tempo di ritardo<\/td>\n<td>0<\/td>\n<td><\/td>\n<td>20<\/td>\n<td>S<\/td>\n<td>Impostazione di fabbrica 0.2<\/td>\n<\/tr>\n<tr>\n<td>Precisione del tempo di ritardo<\/td>\n<td colspan=\"3\">0.1<\/td>\n<td>S<\/td>\n<td><\/td>\n<\/tr>\n<tr>\n<td>Temperatura di protezione dal surriscaldamento<\/td>\n<td>60<\/td>\n<td>65<\/td>\n<td>65<\/td>\n<td>\u2103<\/td>\n<td><\/td>\n<\/tr>\n<tr>\n<td>Tensione di uscita di controllo CC<\/td>\n<td>22<\/td>\n<td>24<\/td>\n<td>26<\/td>\n<td>V<\/td>\n<td><\/td>\n<\/tr>\n<tr>\n<td>Corrente di uscita di controllo CC<\/td>\n<td>0<\/td>\n<td><\/td>\n<td>200<\/td>\n<td>ma<\/td>\n<td><\/td>\n<\/tr>\n<tr>\n<td>Modello di controllo analogico<\/td>\n<td colspan=\"3\">1- 5<\/td>\n<td>V<\/td>\n<td>Voltaggio del controllo remoto della velocit\u00e0<\/td>\n<\/tr>\n<tr>\n<td>Segnale di controllo digitale<\/td>\n<td colspan=\"3\">24<\/td>\n<td>V<\/td>\n<td>Commutare il controllo del segnale<\/td>\n<\/tr>\n<tr>\n<td>Metodo di regolazione<\/td>\n<td colspan=\"3\">6<\/td>\n<td>chiave<\/td>\n<td><\/td>\n<\/tr>\n<tr>\n<td>Consumo energetico a vuoto<\/td>\n<td><\/td>\n<td>7<\/td>\n<td><\/td>\n<td>W<\/td>\n<td><\/td>\n<\/tr>\n<tr>\n<td>Modalit\u00e0 display<\/td>\n<td colspan=\"3\">5<\/td>\n<td>cifra<\/td>\n<td>Tubo digitale LED<\/td>\n<\/tr>\n<tr>\n<td>Temperatura dell&#039;ambiente salariale<\/td>\n<td>0<\/td>\n<td>25<\/td>\n<td>40<\/td>\n<td>\u2103<\/td>\n<td rowspan=\"2\">Nessuna condensa<\/td>\n<\/tr>\n<tr>\n<td>Umidit\u00e0 dell&#039;ambiente salariale<\/td>\n<td>10<\/td>\n<td>60<\/td>\n<td>85<\/td>\n<td>%<\/td>\n<\/tr>\n<\/tbody>\n<\/table>\n\t<div id=\"gap-2029371103\" class=\"gap-element clearfix\" style=\"display:block; height:auto;\">\n\t\t\n<style>\n#gap-2029371103 {\n  padding-top: 30px;\n}\n<\/style>\n\t<\/div>\n\t\n\t<div class=\"img has-hover x md-x lg-x y md-y lg-y\" id=\"image_10172485\">\n\t\t\t\t\t\t\t\t<div class=\"img-inner dark\" >\n\t\t\t<img loading=\"lazy\" decoding=\"async\" width=\"814\" height=\"575\" src=\"https:\/\/swoer.com\/wp-content\/uploads\/2024\/07\/DVC34-XLRDimensions.webp\" class=\"attachment-original size-original\" alt=\"DVC34-XLRDimensioni\" srcset=\"https:\/\/swoer.com\/wp-content\/uploads\/2024\/07\/DVC34-XLRDimensions.webp 814w, https:\/\/swoer.com\/wp-content\/uploads\/2024\/07\/DVC34-XLRDimensions-300x212.webp 300w, https:\/\/swoer.com\/wp-content\/uploads\/2024\/07\/DVC34-XLRDimensions-768x543.webp 768w, https:\/\/swoer.com\/wp-content\/uploads\/2024\/07\/DVC34-XLRDimensions-18x12.webp 18w, https:\/\/swoer.com\/wp-content\/uploads\/2024\/07\/DVC34-XLRDimensions-600x424.webp 600w\" sizes=\"(max-width: 814px) 100vw, 814px\" \/>\t\t\t\t\t\t\n\t\t\t\t\t<\/div>\n\t\t\t\t\t\t\t\t\n<style>\n#image_10172485 {\n  width: 60%;\n}\n<\/style>\n\t<\/div>","protected":false},"excerpt":{"rendered":"<p>Il controller di velocit\u00e0 dell&#039;alimentatore a vasca vibrante DVC34-XLR \u00e8 un controller potente e versatile che pu\u00f2 essere utilizzato con un&#039;ampia variet\u00e0 di alimentatori a vasca vibrante. \u00c8 ricco di funzionalit\u00e0 che lo rendono facile da usare e garantiscono un controllo preciso dell&#039;alimentatore.<\/p>","protected":false},"featured_media":2493,"comment_status":"open","ping_status":"closed","template":"","meta":[],"product_cat":[45],"product_tag":[],"yoast_head":"<!-- This site is optimized with the Yoast SEO plugin v22.2 - https:\/\/yoast.com\/wordpress\/plugins\/seo\/ -->\n<title>Vibratory Bowl Feeder Speed Controller DVC34-XLR - SWOER<\/title>\n<meta name=\"description\" content=\"The DVC34-XLR Speed Controller offers precise control with features like automatic speed stabilization, frequency adjustment, sensor self-adaptation, remote control, and 485 communication for reliable performance.\" \/>\n<meta name=\"robots\" content=\"index, follow, max-snippet:-1, max-image-preview:large, max-video-preview:-1\" \/>\n<link rel=\"canonical\" href=\"https:\/\/swoer.com\/it\/manufacturer\/vibratory-bowl-feeder-speed-controller-dvc34-xlr\/\" \/>\n<meta property=\"og:locale\" content=\"it_IT\" \/>\n<meta property=\"og:type\" content=\"article\" \/>\n<meta property=\"og:title\" content=\"Vibratory Bowl Feeder Speed Controller DVC34-XLR - SWOER\" \/>\n<meta property=\"og:description\" content=\"The DVC34-XLR Speed Controller offers precise control with features like automatic speed stabilization, frequency adjustment, sensor self-adaptation, remote control, and 485 communication for reliable performance.\" \/>\n<meta property=\"og:url\" content=\"https:\/\/swoer.com\/it\/manufacturer\/vibratory-bowl-feeder-speed-controller-dvc34-xlr\/\" \/>\n<meta property=\"og:site_name\" content=\"SWOER\" \/>\n<meta property=\"article:modified_time\" content=\"2024-08-16T06:01:56+00:00\" \/>\n<meta property=\"og:image\" content=\"https:\/\/swoer.com\/wp-content\/uploads\/2024\/07\/Vibratory-Feeder-Controller-SDVC34-XLR.webp\" \/>\n\t<meta property=\"og:image:width\" content=\"1000\" \/>\n\t<meta property=\"og:image:height\" content=\"1000\" \/>\n\t<meta property=\"og:image:type\" content=\"image\/webp\" \/>\n<meta name=\"twitter:card\" content=\"summary_large_image\" \/>\n<meta name=\"twitter:label1\" content=\"Tempo di lettura stimato\" \/>\n\t<meta name=\"twitter:data1\" content=\"3 minuti\" \/>\n<script type=\"application\/ld+json\" class=\"yoast-schema-graph\">{\"@context\":\"https:\/\/schema.org\",\"@graph\":[{\"@type\":\"WebPage\",\"@id\":\"https:\/\/swoer.com\/manufacturer\/vibratory-bowl-feeder-speed-controller-dvc34-xlr\/\",\"url\":\"https:\/\/swoer.com\/manufacturer\/vibratory-bowl-feeder-speed-controller-dvc34-xlr\/\",\"name\":\"Vibratory Bowl Feeder Speed Controller DVC34-XLR - SWOER\",\"isPartOf\":{\"@id\":\"https:\/\/swoer.com\/#website\"},\"primaryImageOfPage\":{\"@id\":\"https:\/\/swoer.com\/manufacturer\/vibratory-bowl-feeder-speed-controller-dvc34-xlr\/#primaryimage\"},\"image\":{\"@id\":\"https:\/\/swoer.com\/manufacturer\/vibratory-bowl-feeder-speed-controller-dvc34-xlr\/#primaryimage\"},\"thumbnailUrl\":\"https:\/\/swoer.com\/wp-content\/uploads\/2024\/07\/Vibratory-Feeder-Controller-SDVC34-XLR.webp\",\"datePublished\":\"2024-07-10T02:07:49+00:00\",\"dateModified\":\"2024-08-16T06:01:56+00:00\",\"description\":\"The DVC34-XLR Speed Controller offers precise control with features like automatic speed stabilization, frequency adjustment, sensor self-adaptation, remote control, and 485 communication for reliable performance.\",\"breadcrumb\":{\"@id\":\"https:\/\/swoer.com\/manufacturer\/vibratory-bowl-feeder-speed-controller-dvc34-xlr\/#breadcrumb\"},\"inLanguage\":\"it-IT\",\"potentialAction\":[{\"@type\":\"ReadAction\",\"target\":[\"https:\/\/swoer.com\/manufacturer\/vibratory-bowl-feeder-speed-controller-dvc34-xlr\/\"]}]},{\"@type\":\"ImageObject\",\"inLanguage\":\"it-IT\",\"@id\":\"https:\/\/swoer.com\/manufacturer\/vibratory-bowl-feeder-speed-controller-dvc34-xlr\/#primaryimage\",\"url\":\"https:\/\/swoer.com\/wp-content\/uploads\/2024\/07\/Vibratory-Feeder-Controller-SDVC34-XLR.webp\",\"contentUrl\":\"https:\/\/swoer.com\/wp-content\/uploads\/2024\/07\/Vibratory-Feeder-Controller-SDVC34-XLR.webp\",\"width\":1000,\"height\":1000,\"caption\":\"Vibratory Feeder Controller SDVC34-XLR\"},{\"@type\":\"BreadcrumbList\",\"@id\":\"https:\/\/swoer.com\/manufacturer\/vibratory-bowl-feeder-speed-controller-dvc34-xlr\/#breadcrumb\",\"itemListElement\":[{\"@type\":\"ListItem\",\"position\":1,\"name\":\"Home\",\"item\":\"https:\/\/swoer.com\/\"},{\"@type\":\"ListItem\",\"position\":2,\"name\":\"Shop\",\"item\":\"https:\/\/swoer.com\/shop\/\"},{\"@type\":\"ListItem\",\"position\":3,\"name\":\"Vibratory Bowl Feeder Speed Controller DVC34-XLR\"}]},{\"@type\":\"WebSite\",\"@id\":\"https:\/\/swoer.com\/#website\",\"url\":\"https:\/\/swoer.com\/\",\"name\":\"SWOER\",\"description\":\"Swoer is the top 3 vibratory bowl feeder manufacturer in China\",\"potentialAction\":[{\"@type\":\"SearchAction\",\"target\":{\"@type\":\"EntryPoint\",\"urlTemplate\":\"https:\/\/swoer.com\/?s={search_term_string}\"},\"query-input\":\"required name=search_term_string\"}],\"inLanguage\":\"it-IT\"}]}<\/script>\n<!-- \/ Yoast SEO plugin. -->","yoast_head_json":{"title":"Vibratory Bowl Feeder Speed Controller DVC34-XLR - SWOER","description":"The DVC34-XLR Speed Controller offers precise control with features like automatic speed stabilization, frequency adjustment, sensor self-adaptation, remote control, and 485 communication for reliable performance.","robots":{"index":"index","follow":"follow","max-snippet":"max-snippet:-1","max-image-preview":"max-image-preview:large","max-video-preview":"max-video-preview:-1"},"canonical":"https:\/\/swoer.com\/it\/manufacturer\/vibratory-bowl-feeder-speed-controller-dvc34-xlr\/","og_locale":"it_IT","og_type":"article","og_title":"Vibratory Bowl Feeder Speed Controller DVC34-XLR - SWOER","og_description":"The DVC34-XLR Speed Controller offers precise control with features like automatic speed stabilization, frequency adjustment, sensor self-adaptation, remote control, and 485 communication for reliable performance.","og_url":"https:\/\/swoer.com\/it\/manufacturer\/vibratory-bowl-feeder-speed-controller-dvc34-xlr\/","og_site_name":"SWOER","article_modified_time":"2024-08-16T06:01:56+00:00","og_image":[{"width":1000,"height":1000,"url":"https:\/\/swoer.com\/wp-content\/uploads\/2024\/07\/Vibratory-Feeder-Controller-SDVC34-XLR.webp","type":"image\/webp"}],"twitter_card":"summary_large_image","twitter_misc":{"Tempo di lettura stimato":"3 minuti"},"schema":{"@context":"https:\/\/schema.org","@graph":[{"@type":"WebPage","@id":"https:\/\/swoer.com\/manufacturer\/vibratory-bowl-feeder-speed-controller-dvc34-xlr\/","url":"https:\/\/swoer.com\/manufacturer\/vibratory-bowl-feeder-speed-controller-dvc34-xlr\/","name":"Vibratory Bowl Feeder Speed Controller DVC34-XLR - SWOER","isPartOf":{"@id":"https:\/\/swoer.com\/#website"},"primaryImageOfPage":{"@id":"https:\/\/swoer.com\/manufacturer\/vibratory-bowl-feeder-speed-controller-dvc34-xlr\/#primaryimage"},"image":{"@id":"https:\/\/swoer.com\/manufacturer\/vibratory-bowl-feeder-speed-controller-dvc34-xlr\/#primaryimage"},"thumbnailUrl":"https:\/\/swoer.com\/wp-content\/uploads\/2024\/07\/Vibratory-Feeder-Controller-SDVC34-XLR.webp","datePublished":"2024-07-10T02:07:49+00:00","dateModified":"2024-08-16T06:01:56+00:00","description":"The DVC34-XLR Speed Controller offers precise control with features like automatic speed stabilization, frequency adjustment, sensor self-adaptation, remote control, and 485 communication for reliable performance.","breadcrumb":{"@id":"https:\/\/swoer.com\/manufacturer\/vibratory-bowl-feeder-speed-controller-dvc34-xlr\/#breadcrumb"},"inLanguage":"it-IT","potentialAction":[{"@type":"ReadAction","target":["https:\/\/swoer.com\/manufacturer\/vibratory-bowl-feeder-speed-controller-dvc34-xlr\/"]}]},{"@type":"ImageObject","inLanguage":"it-IT","@id":"https:\/\/swoer.com\/manufacturer\/vibratory-bowl-feeder-speed-controller-dvc34-xlr\/#primaryimage","url":"https:\/\/swoer.com\/wp-content\/uploads\/2024\/07\/Vibratory-Feeder-Controller-SDVC34-XLR.webp","contentUrl":"https:\/\/swoer.com\/wp-content\/uploads\/2024\/07\/Vibratory-Feeder-Controller-SDVC34-XLR.webp","width":1000,"height":1000,"caption":"Vibratory Feeder Controller SDVC34-XLR"},{"@type":"BreadcrumbList","@id":"https:\/\/swoer.com\/manufacturer\/vibratory-bowl-feeder-speed-controller-dvc34-xlr\/#breadcrumb","itemListElement":[{"@type":"ListItem","position":1,"name":"Home","item":"https:\/\/swoer.com\/"},{"@type":"ListItem","position":2,"name":"Shop","item":"https:\/\/swoer.com\/shop\/"},{"@type":"ListItem","position":3,"name":"Vibratory Bowl Feeder Speed Controller DVC34-XLR"}]},{"@type":"WebSite","@id":"https:\/\/swoer.com\/#website","url":"https:\/\/swoer.com\/","name":"SWOER","description":"Swoer is the top 3 vibratory bowl feeder manufacturer in China","potentialAction":[{"@type":"SearchAction","target":{"@type":"EntryPoint","urlTemplate":"https:\/\/swoer.com\/?s={search_term_string}"},"query-input":"required name=search_term_string"}],"inLanguage":"it-IT"}]}},"_links":{"self":[{"href":"https:\/\/swoer.com\/it\/wp-json\/wp\/v2\/product\/2326"}],"collection":[{"href":"https:\/\/swoer.com\/it\/wp-json\/wp\/v2\/product"}],"about":[{"href":"https:\/\/swoer.com\/it\/wp-json\/wp\/v2\/types\/product"}],"replies":[{"embeddable":true,"href":"https:\/\/swoer.com\/it\/wp-json\/wp\/v2\/comments?post=2326"}],"wp:featuredmedia":[{"embeddable":true,"href":"https:\/\/swoer.com\/it\/wp-json\/wp\/v2\/media\/2493"}],"wp:attachment":[{"href":"https:\/\/swoer.com\/it\/wp-json\/wp\/v2\/media?parent=2326"}],"wp:term":[{"taxonomy":"product_cat","embeddable":true,"href":"https:\/\/swoer.com\/it\/wp-json\/wp\/v2\/product_cat?post=2326"},{"taxonomy":"product_tag","embeddable":true,"href":"https:\/\/swoer.com\/it\/wp-json\/wp\/v2\/product_tag?post=2326"}],"curies":[{"name":"wp","href":"https:\/\/api.w.org\/{rel}","templated":true}]}}