{"id":2260,"date":"2024-07-02T07:47:38","date_gmt":"2024-07-02T07:47:38","guid":{"rendered":"https:\/\/swoer.com\/?post_type=product&#038;p=2260"},"modified":"2024-08-16T14:23:50","modified_gmt":"2024-08-16T06:23:50","slug":"variable-frequency-digital-controller-for-vibratory-feeder-sdvc31-l-4-5a","status":"publish","type":"product","link":"https:\/\/swoer.com\/it\/manufacturer\/variable-frequency-digital-controller-for-vibratory-feeder-sdvc31-l-4-5a\/","title":{"rendered":"Controller digitale a frequenza variabile per alimentatore vibrante SDVC31-L 4.5A"},"content":{"rendered":"<h2><strong><b>Caratteristiche<\/b><\/strong><\/h2>\n<ol>\n<li>Stabilizzazione automatica della tensione ad alta precisione<\/li>\n<li>Avvio lento regolabile<\/li>\n<li>Spegnimento interruttore sensore pieno\/vuoto<\/li>\n<li>Sensore fotoelettrico spegnimento pieno\/vuoto<\/li>\n<li>Controllo remoto della velocit\u00e0<\/li>\n<li>Uscita di controllo CC<\/li>\n<\/ol>\n<h2><strong><b>Funzioni base<\/b><\/strong><\/h2>\n<ul>\n<li><strong>Regolazione della frequenza<\/strong>: Gli utenti possono regolare la frequenza di uscita del controller per trovare la frequenza operativa ottimale del corpo vibrante, ottenendo un effetto di alimentazione pi\u00f9 fluido, silenzioso e con risparmio energetico.<\/li>\n<li><strong>Regolazione automatica della tensione ad alta precisione:<\/strong> Il circuito di regolazione della tensione digitale integrato pu\u00f2 eliminare automaticamente le variazioni di velocit\u00e0 di alimentazione causate dalle fluttuazioni della tensione di alimentazione.<\/li>\n<li><strong>Avvio lento regolabile:<\/strong> All&#039;avvio, la tensione di uscita aumenter\u00e0 gradualmente da zero alla tensione preimpostata per eliminare l&#039;impatto sull&#039;alimentatore a tazza vibrante. Gli utenti possono preimpostare digitalmente l&#039;orario di avvio lento. Supporta sensori di tipo NPN o controllo remoto dello spegnimento pieno\/vuoto tramite PLC.<\/li>\n<li><strong>Spegnimento sensore pieno\/vuoto interruttore:<\/strong> Supporta il sensore di tipo NPN o il controllo remoto dello spegnimento pieno\/vuoto tramite PLC.<\/li>\n<li><strong>Spegnimento sensore fotoelettrico pieno\/vuoto:<\/strong> Supporta il controllo dello spegnimento pieno\/vuoto del sensore fotoelettrico di controripresa.<\/li>\n<li><strong>Controllo remoto della velocit\u00e0<\/strong>: Gli utenti possono controllare a distanza la tensione di uscita direttamente utilizzando un potenziometro esterno, un PLC o un segnale di tensione 1~5V.<\/li>\n<li><strong>Uscita di controllo CC:<\/strong> Il controller pu\u00f2 emettere un segnale di controllo CC a bassa tensione per far funzionare apparecchiature come le elettrovalvole con il controller.<\/li>\n<li><strong>Blocco tastiera:<\/strong> premere a lungo il tasto di accensione\/spegnimento per bloccare tutti i tasti per impedire agli utenti di operare per errore.<\/li>\n<li><strong>Impostazione della tensione di uscita massima:<\/strong> impostare la tensione massima regolabile per impedire agli utenti di operare per errore e di emettere una tensione eccessiva per danneggiare l&#039;apparecchiatura di vibrazione.<\/li>\n<li><strong>Protezione dal surriscaldamento:<\/strong> quando la temperatura operativa del controller \u00e8 troppo alta, l&#039;uscita si arrester\u00e0 per autoprotezione.<\/li>\n<li><strong>Protezione da sovracorrente:<\/strong> quando la corrente operativa del controller supera la corrente nominale, l&#039;uscita si fermer\u00e0 per proteggere il controller e l&#039;apparecchiatura vibrante.<\/li>\n<li><strong>Protezione da cortocircuito recuperabile:<\/strong> quando si verifica un cortocircuito all&#039;estremit\u00e0 di uscita, il controller interromper\u00e0 l&#039;uscita e il fusibile non verr\u00e0 bruciato per proteggere il controller e l&#039;attrezzatura per le vibrazioni. Dopo che l&#039;estremit\u00e0 di uscita non \u00e8 pi\u00f9 cortocircuitata, il controller pu\u00f2 funzionare nuovamente normalmente dopo l&#039;accensione.<\/li>\n<\/ul>\n<h2>Specifica tecnica<\/h2>\n<table width=\"767\">\n<tbody>\n<tr>\n<td rowspan=\"2\" width=\"225\">Articolo<\/td>\n<td colspan=\"3\" width=\"216\">Allineare<\/td>\n<td rowspan=\"2\" width=\"72\">Unit\u00e0<\/td>\n<td rowspan=\"2\" width=\"254\">Descrizione<\/td>\n<\/tr>\n<tr>\n<td>Minimo<\/td>\n<td>Tipico<\/td>\n<td>Massimo<\/td>\n<\/tr>\n<tr>\n<td>Tensione di ingresso<\/td>\n<td>85<\/td>\n<td>220<\/td>\n<td>260<\/td>\n<td>V<\/td>\n<td>Valore effettivo AC<\/td>\n<\/tr>\n<tr>\n<td>Intervallo di regolazione della tensione di uscita<\/td>\n<td>0<\/td>\n<td><\/td>\n<td>260<\/td>\n<td>V<\/td>\n<td>Meno di 150% di tensione in ingresso<\/td>\n<\/tr>\n<tr>\n<td>Precisione della regolazione della tensione<\/td>\n<td colspan=\"3\">1<\/td>\n<td>V<\/td>\n<td><\/td>\n<\/tr>\n<tr>\n<td>Precisione della regolazione della tensione<\/td>\n<td>0<\/td>\n<td><\/td>\n<td>10<\/td>\n<td><\/td>\n<td>Vout\/Vin<\/td>\n<\/tr>\n<tr>\n<td>Tempo di risposta della regolazione della tensione<\/td>\n<td>0.0025<\/td>\n<td><\/td>\n<td>0.025<\/td>\n<td>S<\/td>\n<td>Un decimo del ciclo di tensione di uscita<\/td>\n<\/tr>\n<tr>\n<td rowspan=\"2\">Intervallo di regolazione della corrente di uscita<\/td>\n<td>0<\/td>\n<td><\/td>\n<td>4.5<\/td>\n<td>UN<\/td>\n<td>SDVC31-L-alta potenza<\/td>\n<\/tr>\n<tr>\n<td>0<\/td>\n<td><\/td>\n<td>6<\/td>\n<td>VA<\/td>\n<td>Maggiore potenza SDVC31-XL<\/td>\n<\/tr>\n<tr>\n<td rowspan=\"2\">Potenza di uscita<\/td>\n<td>0<\/td>\n<td><\/td>\n<td>990<\/td>\n<td>VA<\/td>\n<td>SDVC31-L-alta potenza<\/td>\n<\/tr>\n<tr>\n<td>0<\/td>\n<td><\/td>\n<td>1320<\/td>\n<td>VA<\/td>\n<td>Maggiore potenza SDVC31-XL<\/td>\n<\/tr>\n<tr>\n<td>Frequenza di uscita<\/td>\n<td>40<\/td>\n<td><\/td>\n<td>400<\/td>\n<td>Hz<\/td>\n<td><\/td>\n<\/tr>\n<tr>\n<td>Precisione della regolazione della frequenza<\/td>\n<td colspan=\"3\">0.1<\/td>\n<td>Hz<\/td>\n<td><\/td>\n<\/tr>\n<tr>\n<td>Forma d&#039;onda di uscita<\/td>\n<td colspan=\"3\">seno<\/td>\n<td><\/td>\n<td><\/td>\n<\/tr>\n<tr>\n<td>Orario di inizio lento<\/td>\n<td>0<\/td>\n<td><\/td>\n<td>10<\/td>\n<td>S<\/td>\n<td>Impostazione di fabbrica 0,5<\/td>\n<\/tr>\n<tr>\n<td>Intervallo di tempo di ritardo<\/td>\n<td>0<\/td>\n<td><\/td>\n<td>20<\/td>\n<td>S<\/td>\n<td>Impostazione di fabbrica 0.2<\/td>\n<\/tr>\n<tr>\n<td>Precisione del tempo di ritardo<\/td>\n<td colspan=\"3\">0.1<\/td>\n<td>S<\/td>\n<td><\/td>\n<\/tr>\n<tr>\n<td>Temperatura di protezione dal surriscaldamento<\/td>\n<td>60<\/td>\n<td>65<\/td>\n<td>65<\/td>\n<td>\u2103<\/td>\n<td><\/td>\n<\/tr>\n<tr>\n<td>Tensione di uscita di controllo CC<\/td>\n<td>22<\/td>\n<td>24<\/td>\n<td>26<\/td>\n<td>V<\/td>\n<td><\/td>\n<\/tr>\n<tr>\n<td>Corrente di uscita di controllo CC<\/td>\n<td>0<\/td>\n<td><\/td>\n<td>200<\/td>\n<td>ma<\/td>\n<td><\/td>\n<\/tr>\n<tr>\n<td>Modello di controllo analogico<\/td>\n<td colspan=\"3\">1-5<\/td>\n<td>V<\/td>\n<td>Voltaggio del controllo remoto della velocit\u00e0<\/td>\n<\/tr>\n<tr>\n<td>Segnale di controllo digitale<\/td>\n<td colspan=\"3\">24<\/td>\n<td>V<\/td>\n<td>Commutare il controllo del segnale<\/td>\n<\/tr>\n<tr>\n<td>Metodo di regolazione<\/td>\n<td colspan=\"3\">6<\/td>\n<td>chiave<\/td>\n<td><\/td>\n<\/tr>\n<tr>\n<td>Consumo energetico a vuoto<\/td>\n<td><\/td>\n<td>3<\/td>\n<td><\/td>\n<td>W<\/td>\n<td><\/td>\n<\/tr>\n<tr>\n<td>Modalit\u00e0 display<\/td>\n<td colspan=\"3\">5<\/td>\n<td>cifra<\/td>\n<td>Tubo digitale LED<\/td>\n<\/tr>\n<tr>\n<td>Temperatura dell&#039;ambiente salariale<\/td>\n<td>0<\/td>\n<td>25<\/td>\n<td>40<\/td>\n<td>\u2103<\/td>\n<td rowspan=\"2\">Nessuna condensa<\/td>\n<\/tr>\n<tr>\n<td>Umidit\u00e0 dell&#039;ambiente salariale<\/td>\n<td>10<\/td>\n<td>60<\/td>\n<td>85<\/td>\n<td>%<\/td>\n<\/tr>\n<\/tbody>\n<\/table>\n\t<div id=\"gap-1249917840\" class=\"gap-element clearfix\" style=\"display:block; height:auto;\">\n\t\t\n<style>\n#gap-1249917840 {\n  padding-top: 30px;\n}\n<\/style>\n\t<\/div>\n\t\n<h2><strong><b>Dimensioni e peso<\/b><\/strong><\/h2>\n<ul>\n<li>Dimensioni: 190 mm di lunghezza x 147,8 mm di larghezza x 94,5 mm di altezza<\/li>\n<li>Peso: 1675 g (esclusi accessori)<\/li>\n<\/ul>\n\t<div id=\"gap-2007042448\" class=\"gap-element clearfix\" style=\"display:block; height:auto;\">\n\t\t\n<style>\n#gap-2007042448 {\n  padding-top: 30px;\n}\n<\/style>\n\t<\/div>\n\t\n<h2>Dimensioni SDVC31-L 4,5 A<\/h2>\n\t<div class=\"img has-hover x md-x lg-x y md-y lg-y\" id=\"image_313252675\">\n\t\t\t\t\t\t\t\t<div class=\"img-inner dark\" >\n\t\t\t<img loading=\"lazy\" decoding=\"async\" width=\"800\" height=\"595\" src=\"https:\/\/swoer.com\/wp-content\/uploads\/2024\/07\/SDVC31-L-4.5A-Dimensions.webp\" class=\"attachment-original size-original\" alt=\"Dimensioni SDVC31-L 4,5 A\" srcset=\"https:\/\/swoer.com\/wp-content\/uploads\/2024\/07\/SDVC31-L-4.5A-Dimensions.webp 800w, https:\/\/swoer.com\/wp-content\/uploads\/2024\/07\/SDVC31-L-4.5A-Dimensions-300x223.webp 300w, https:\/\/swoer.com\/wp-content\/uploads\/2024\/07\/SDVC31-L-4.5A-Dimensions-768x571.webp 768w, https:\/\/swoer.com\/wp-content\/uploads\/2024\/07\/SDVC31-L-4.5A-Dimensions-16x12.webp 16w, https:\/\/swoer.com\/wp-content\/uploads\/2024\/07\/SDVC31-L-4.5A-Dimensions-600x446.webp 600w\" sizes=\"(max-width: 800px) 100vw, 800px\" \/>\t\t\t\t\t\t\n\t\t\t\t\t<\/div>\n\t\t\t\t\t\t\t\t\n<style>\n#image_313252675 {\n  width: 64%;\n}\n<\/style>\n\t<\/div>","protected":false},"excerpt":{"rendered":"<p>Questo <strong>Controller dell&#039;alimentatore vibrante<\/strong> offre un controllo eccezionale per le vostre applicazioni di alimentazione. Dotato di stabilizzazione automatica della tensione ad alta precisione, avvio lento regolabile, opzioni di spegnimento del sensore pieno\/vuoto, controllo remoto della velocit\u00e0 e uscita di controllo CC, garantisce un&#039;alimentazione fluida, silenziosa ed efficiente dal punto di vista energetico.<\/p>","protected":false},"featured_media":2517,"comment_status":"open","ping_status":"closed","template":"","meta":[],"product_cat":[45],"product_tag":[],"yoast_head":"<!-- This site is optimized with the Yoast SEO plugin v22.2 - https:\/\/yoast.com\/wordpress\/plugins\/seo\/ -->\n<title>Variable Frequency Digital Controller for Vibratory Feeder SDVC31-L 4.5A - SWOER<\/title>\n<meta name=\"description\" content=\"High-Precision Vibratory Feeder Controller SDVC31-L 4.5A with Automatic Voltage Regulation, Adjustable Slow Start, Sensor Full\/Empty Shutdown, Remote Speed Control &amp; DC Control Output. Optimize feeding efficiency for quieter &amp; energy-saving operation in various industries.\" \/>\n<meta name=\"robots\" content=\"index, follow, max-snippet:-1, max-image-preview:large, max-video-preview:-1\" \/>\n<link rel=\"canonical\" href=\"https:\/\/swoer.com\/it\/manufacturer\/variable-frequency-digital-controller-for-vibratory-feeder-sdvc31-l-4-5a\/\" \/>\n<meta property=\"og:locale\" content=\"it_IT\" \/>\n<meta property=\"og:type\" content=\"article\" \/>\n<meta property=\"og:title\" content=\"Variable Frequency Digital Controller for Vibratory Feeder SDVC31-L 4.5A - SWOER\" \/>\n<meta property=\"og:description\" content=\"High-Precision Vibratory Feeder Controller SDVC31-L 4.5A with Automatic Voltage Regulation, Adjustable Slow Start, Sensor Full\/Empty Shutdown, Remote Speed Control &amp; DC Control Output. Optimize feeding efficiency for quieter &amp; energy-saving operation in various industries.\" \/>\n<meta property=\"og:url\" content=\"https:\/\/swoer.com\/it\/manufacturer\/variable-frequency-digital-controller-for-vibratory-feeder-sdvc31-l-4-5a\/\" \/>\n<meta property=\"og:site_name\" content=\"SWOER\" \/>\n<meta property=\"article:modified_time\" content=\"2024-08-16T06:23:50+00:00\" \/>\n<meta property=\"og:image\" content=\"https:\/\/swoer.com\/wp-content\/uploads\/2024\/07\/Bowl-Feeder-Controller-SDVC31-M-3.0A-2.webp\" \/>\n\t<meta property=\"og:image:width\" content=\"1000\" \/>\n\t<meta property=\"og:image:height\" content=\"1000\" \/>\n\t<meta property=\"og:image:type\" content=\"image\/webp\" \/>\n<meta name=\"twitter:card\" content=\"summary_large_image\" \/>\n<meta name=\"twitter:label1\" content=\"Tempo di lettura stimato\" \/>\n\t<meta name=\"twitter:data1\" content=\"3 minuti\" \/>\n<script type=\"application\/ld+json\" class=\"yoast-schema-graph\">{\"@context\":\"https:\/\/schema.org\",\"@graph\":[{\"@type\":\"WebPage\",\"@id\":\"https:\/\/swoer.com\/manufacturer\/variable-frequency-digital-controller-for-vibratory-feeder-sdvc31-l-4-5a\/\",\"url\":\"https:\/\/swoer.com\/manufacturer\/variable-frequency-digital-controller-for-vibratory-feeder-sdvc31-l-4-5a\/\",\"name\":\"Variable Frequency Digital Controller for Vibratory Feeder SDVC31-L 4.5A - SWOER\",\"isPartOf\":{\"@id\":\"https:\/\/swoer.com\/#website\"},\"primaryImageOfPage\":{\"@id\":\"https:\/\/swoer.com\/manufacturer\/variable-frequency-digital-controller-for-vibratory-feeder-sdvc31-l-4-5a\/#primaryimage\"},\"image\":{\"@id\":\"https:\/\/swoer.com\/manufacturer\/variable-frequency-digital-controller-for-vibratory-feeder-sdvc31-l-4-5a\/#primaryimage\"},\"thumbnailUrl\":\"https:\/\/swoer.com\/wp-content\/uploads\/2024\/07\/Bowl-Feeder-Controller-SDVC31-M-3.0A-2.webp\",\"datePublished\":\"2024-07-02T07:47:38+00:00\",\"dateModified\":\"2024-08-16T06:23:50+00:00\",\"description\":\"High-Precision Vibratory Feeder Controller SDVC31-L 4.5A with Automatic Voltage Regulation, Adjustable Slow Start, Sensor Full\/Empty Shutdown, Remote Speed Control & DC Control Output. Optimize feeding efficiency for quieter & energy-saving operation in various industries.\",\"breadcrumb\":{\"@id\":\"https:\/\/swoer.com\/manufacturer\/variable-frequency-digital-controller-for-vibratory-feeder-sdvc31-l-4-5a\/#breadcrumb\"},\"inLanguage\":\"it-IT\",\"potentialAction\":[{\"@type\":\"ReadAction\",\"target\":[\"https:\/\/swoer.com\/manufacturer\/variable-frequency-digital-controller-for-vibratory-feeder-sdvc31-l-4-5a\/\"]}]},{\"@type\":\"ImageObject\",\"inLanguage\":\"it-IT\",\"@id\":\"https:\/\/swoer.com\/manufacturer\/variable-frequency-digital-controller-for-vibratory-feeder-sdvc31-l-4-5a\/#primaryimage\",\"url\":\"https:\/\/swoer.com\/wp-content\/uploads\/2024\/07\/Bowl-Feeder-Controller-SDVC31-M-3.0A-2.webp\",\"contentUrl\":\"https:\/\/swoer.com\/wp-content\/uploads\/2024\/07\/Bowl-Feeder-Controller-SDVC31-M-3.0A-2.webp\",\"width\":1000,\"height\":1000,\"caption\":\"Bowl Feeder Controller SDVC31-M 3.0A\"},{\"@type\":\"BreadcrumbList\",\"@id\":\"https:\/\/swoer.com\/manufacturer\/variable-frequency-digital-controller-for-vibratory-feeder-sdvc31-l-4-5a\/#breadcrumb\",\"itemListElement\":[{\"@type\":\"ListItem\",\"position\":1,\"name\":\"Home\",\"item\":\"https:\/\/swoer.com\/\"},{\"@type\":\"ListItem\",\"position\":2,\"name\":\"Shop\",\"item\":\"https:\/\/swoer.com\/shop\/\"},{\"@type\":\"ListItem\",\"position\":3,\"name\":\"Variable Frequency Digital Controller for Vibratory Feeder SDVC31-L 4.5A\"}]},{\"@type\":\"WebSite\",\"@id\":\"https:\/\/swoer.com\/#website\",\"url\":\"https:\/\/swoer.com\/\",\"name\":\"SWOER\",\"description\":\"Swoer is the top 3 vibratory bowl feeder manufacturer in China\",\"potentialAction\":[{\"@type\":\"SearchAction\",\"target\":{\"@type\":\"EntryPoint\",\"urlTemplate\":\"https:\/\/swoer.com\/?s={search_term_string}\"},\"query-input\":\"required name=search_term_string\"}],\"inLanguage\":\"it-IT\"}]}<\/script>\n<!-- \/ Yoast SEO plugin. -->","yoast_head_json":{"title":"Variable Frequency Digital Controller for Vibratory Feeder SDVC31-L 4.5A - SWOER","description":"High-Precision Vibratory Feeder Controller SDVC31-L 4.5A with Automatic Voltage Regulation, Adjustable Slow Start, Sensor Full\/Empty Shutdown, Remote Speed Control & DC Control Output. Optimize feeding efficiency for quieter & energy-saving operation in various industries.","robots":{"index":"index","follow":"follow","max-snippet":"max-snippet:-1","max-image-preview":"max-image-preview:large","max-video-preview":"max-video-preview:-1"},"canonical":"https:\/\/swoer.com\/it\/manufacturer\/variable-frequency-digital-controller-for-vibratory-feeder-sdvc31-l-4-5a\/","og_locale":"it_IT","og_type":"article","og_title":"Variable Frequency Digital Controller for Vibratory Feeder SDVC31-L 4.5A - SWOER","og_description":"High-Precision Vibratory Feeder Controller SDVC31-L 4.5A with Automatic Voltage Regulation, Adjustable Slow Start, Sensor Full\/Empty Shutdown, Remote Speed Control & DC Control Output. Optimize feeding efficiency for quieter & energy-saving operation in various industries.","og_url":"https:\/\/swoer.com\/it\/manufacturer\/variable-frequency-digital-controller-for-vibratory-feeder-sdvc31-l-4-5a\/","og_site_name":"SWOER","article_modified_time":"2024-08-16T06:23:50+00:00","og_image":[{"width":1000,"height":1000,"url":"https:\/\/swoer.com\/wp-content\/uploads\/2024\/07\/Bowl-Feeder-Controller-SDVC31-M-3.0A-2.webp","type":"image\/webp"}],"twitter_card":"summary_large_image","twitter_misc":{"Tempo di lettura stimato":"3 minuti"},"schema":{"@context":"https:\/\/schema.org","@graph":[{"@type":"WebPage","@id":"https:\/\/swoer.com\/manufacturer\/variable-frequency-digital-controller-for-vibratory-feeder-sdvc31-l-4-5a\/","url":"https:\/\/swoer.com\/manufacturer\/variable-frequency-digital-controller-for-vibratory-feeder-sdvc31-l-4-5a\/","name":"Variable Frequency Digital Controller for Vibratory Feeder SDVC31-L 4.5A - SWOER","isPartOf":{"@id":"https:\/\/swoer.com\/#website"},"primaryImageOfPage":{"@id":"https:\/\/swoer.com\/manufacturer\/variable-frequency-digital-controller-for-vibratory-feeder-sdvc31-l-4-5a\/#primaryimage"},"image":{"@id":"https:\/\/swoer.com\/manufacturer\/variable-frequency-digital-controller-for-vibratory-feeder-sdvc31-l-4-5a\/#primaryimage"},"thumbnailUrl":"https:\/\/swoer.com\/wp-content\/uploads\/2024\/07\/Bowl-Feeder-Controller-SDVC31-M-3.0A-2.webp","datePublished":"2024-07-02T07:47:38+00:00","dateModified":"2024-08-16T06:23:50+00:00","description":"High-Precision Vibratory Feeder Controller SDVC31-L 4.5A with Automatic Voltage Regulation, Adjustable Slow Start, Sensor Full\/Empty Shutdown, Remote Speed Control & DC Control Output. Optimize feeding efficiency for quieter & energy-saving operation in various industries.","breadcrumb":{"@id":"https:\/\/swoer.com\/manufacturer\/variable-frequency-digital-controller-for-vibratory-feeder-sdvc31-l-4-5a\/#breadcrumb"},"inLanguage":"it-IT","potentialAction":[{"@type":"ReadAction","target":["https:\/\/swoer.com\/manufacturer\/variable-frequency-digital-controller-for-vibratory-feeder-sdvc31-l-4-5a\/"]}]},{"@type":"ImageObject","inLanguage":"it-IT","@id":"https:\/\/swoer.com\/manufacturer\/variable-frequency-digital-controller-for-vibratory-feeder-sdvc31-l-4-5a\/#primaryimage","url":"https:\/\/swoer.com\/wp-content\/uploads\/2024\/07\/Bowl-Feeder-Controller-SDVC31-M-3.0A-2.webp","contentUrl":"https:\/\/swoer.com\/wp-content\/uploads\/2024\/07\/Bowl-Feeder-Controller-SDVC31-M-3.0A-2.webp","width":1000,"height":1000,"caption":"Bowl Feeder Controller SDVC31-M 3.0A"},{"@type":"BreadcrumbList","@id":"https:\/\/swoer.com\/manufacturer\/variable-frequency-digital-controller-for-vibratory-feeder-sdvc31-l-4-5a\/#breadcrumb","itemListElement":[{"@type":"ListItem","position":1,"name":"Home","item":"https:\/\/swoer.com\/"},{"@type":"ListItem","position":2,"name":"Shop","item":"https:\/\/swoer.com\/shop\/"},{"@type":"ListItem","position":3,"name":"Variable Frequency Digital Controller for Vibratory Feeder SDVC31-L 4.5A"}]},{"@type":"WebSite","@id":"https:\/\/swoer.com\/#website","url":"https:\/\/swoer.com\/","name":"SWOER","description":"Swoer is the top 3 vibratory bowl feeder manufacturer in China","potentialAction":[{"@type":"SearchAction","target":{"@type":"EntryPoint","urlTemplate":"https:\/\/swoer.com\/?s={search_term_string}"},"query-input":"required name=search_term_string"}],"inLanguage":"it-IT"}]}},"_links":{"self":[{"href":"https:\/\/swoer.com\/it\/wp-json\/wp\/v2\/product\/2260"}],"collection":[{"href":"https:\/\/swoer.com\/it\/wp-json\/wp\/v2\/product"}],"about":[{"href":"https:\/\/swoer.com\/it\/wp-json\/wp\/v2\/types\/product"}],"replies":[{"embeddable":true,"href":"https:\/\/swoer.com\/it\/wp-json\/wp\/v2\/comments?post=2260"}],"wp:featuredmedia":[{"embeddable":true,"href":"https:\/\/swoer.com\/it\/wp-json\/wp\/v2\/media\/2517"}],"wp:attachment":[{"href":"https:\/\/swoer.com\/it\/wp-json\/wp\/v2\/media?parent=2260"}],"wp:term":[{"taxonomy":"product_cat","embeddable":true,"href":"https:\/\/swoer.com\/it\/wp-json\/wp\/v2\/product_cat?post=2260"},{"taxonomy":"product_tag","embeddable":true,"href":"https:\/\/swoer.com\/it\/wp-json\/wp\/v2\/product_tag?post=2260"}],"curies":[{"name":"wp","href":"https:\/\/api.w.org\/{rel}","templated":true}]}}