{"id":2232,"date":"2024-06-17T07:01:40","date_gmt":"2024-06-17T07:01:40","guid":{"rendered":"https:\/\/swoer.com\/?post_type=product&#038;p=2232"},"modified":"2024-06-22T05:43:45","modified_gmt":"2024-06-22T05:43:45","slug":"ccd-visual-inspection","status":"publish","type":"product","link":"https:\/\/swoer.com\/it\/manufacturer\/ccd-visual-inspection\/","title":{"rendered":"Ispezione visiva del CCD"},"content":{"rendered":"<h2><strong><b>Prodotto <\/b><\/strong><strong><b>IO<\/b><\/strong><strong><b>informazioni<\/b><\/strong><\/h2>\n<table>\n<tbody>\n<tr>\n<td width=\"224\">\u00a0Nome del prodotto<\/td>\n<td width=\"377\">Ispezione visiva del CCD<\/td>\n<\/tr>\n<tr>\n<td width=\"224\">\u00a0Modello<\/td>\n<td width=\"377\">SW-80305<\/td>\n<\/tr>\n<tr>\n<td width=\"224\">\u00a0Marca<\/td>\n<td width=\"377\">GIURARE<\/td>\n<\/tr>\n<tr>\n<td width=\"224\">\u00a0Voltaggio<\/td>\n<td width=\"377\">\u00a0220 V<\/td>\n<\/tr>\n<tr>\n<td width=\"224\">\u00a0Energia<\/td>\n<td width=\"377\">\u00a065 W\/150 W\/180 W\/220 W\/350 W<\/td>\n<\/tr>\n<tr>\n<td width=\"224\">\u00a0Autenticazione<\/td>\n<td width=\"377\">\u00a0CE, ROHS, ISO9001<\/td>\n<\/tr>\n<tr>\n<td width=\"224\">\u00a0Garanzia<\/td>\n<td width=\"377\">\u00a01 anno di garanzia<\/td>\n<\/tr>\n<tr>\n<td width=\"224\">\u00a0MOQ<\/td>\n<td width=\"377\">\u00a01 set<\/td>\n<\/tr>\n<tr>\n<td width=\"224\">\u00a0Tempi di consegna<\/td>\n<td width=\"377\">\u00a010-14 giorni<\/td>\n<\/tr>\n<tr>\n<td width=\"224\">\u00a0Termine di pagamento<\/td>\n<td width=\"377\">\u00a0T\/T 40% Deposito e saldo prima della spedizione<\/td>\n<\/tr>\n<tr>\n<td width=\"224\">\u00a0Originale del luogo<\/td>\n<td width=\"377\">\u00a0Cina<\/td>\n<\/tr>\n<\/tbody>\n<\/table>\n\t<div id=\"gap-59345542\" class=\"gap-element clearfix\" style=\"display:block; height:auto;\">\n\t\t\n<style>\n#gap-59345542 {\n  padding-top: 30px;\n}\n<\/style>\n\t<\/div>\n\t\n<h2><strong><b>Elenchi prodotti<\/b><\/strong><\/h2>\n<table>\n<tbody>\n<tr>\n<td width=\"276\"><strong><b>Calcolatore industriale<\/b><\/strong><\/td>\n<td width=\"276\">1 set<\/td>\n<\/tr>\n<tr>\n<td width=\"276\"><strong><b>Display da 8 pollici<\/b><\/strong><\/td>\n<td width=\"276\">1 set<\/td>\n<\/tr>\n<tr>\n<td width=\"276\"><strong><b>C<\/b><\/strong><strong><b>amera<\/b><\/strong><\/td>\n<td width=\"276\">1 set<\/td>\n<\/tr>\n<tr>\n<td width=\"276\"><strong><b>Lente<\/b><\/strong><\/td>\n<td width=\"276\">1 set<\/td>\n<\/tr>\n<tr>\n<td width=\"276\"><strong><b>l<\/b><\/strong><strong><b>fonte di luce<\/b><\/strong><\/td>\n<td width=\"276\">1 set<\/td>\n<\/tr>\n<tr>\n<td width=\"276\"><strong><b>Staffa di fissaggio sorgente luminosa della telecamera<\/b><\/strong><\/td>\n<td width=\"276\">1 set<\/td>\n<\/tr>\n<\/tbody>\n<\/table>\n\t<div id=\"gap-426126693\" class=\"gap-element clearfix\" style=\"display:block; height:auto;\">\n\t\t\n<style>\n#gap-426126693 {\n  padding-top: 30px;\n}\n<\/style>\n\t<\/div>\n\t\n<h3 data-sourcepos=\"11:1-11:17\"><strong>Caratteristiche principali:<\/strong><\/h3>\n<ul data-sourcepos=\"13:1-21:31\">\n<li data-sourcepos=\"13:1-14:0\">\n<p data-sourcepos=\"13:3-13:143\"><strong>Meccanismo di attivazione interno:<\/strong> Sfrutta un trigger interno per l&#039;acquisizione di immagini precisa e sincronizzata, garantendo tempi di ispezione ottimali.<\/p>\n<\/li>\n<li data-sourcepos=\"15:1-16:0\">\n<p data-sourcepos=\"15:3-15:165\"><strong>Identificazione multitraccia:<\/strong> Identifica e traccia simultaneamente fino a 4 oggetti, massimizzando la produttivit\u00e0 delle ispezioni e gestendo configurazioni di prodotto complesse.<\/p>\n<\/li>\n<li data-sourcepos=\"17:1-18:0\">\n<p data-sourcepos=\"17:3-17:149\"><strong>Velocit\u00e0 di riconoscimento rapidissima:<\/strong> Elabora l&#039;impressionante quantit\u00e0 di 900-1200 pezzi al minuto, mantenendo il passo anche con le linee di produzione pi\u00f9 esigenti.<\/p>\n<\/li>\n<li data-sourcepos=\"19:1-20:0\">\n<p data-sourcepos=\"19:3-19:152\"><strong>Eccezionale precisione di riconoscimento:<\/strong> Raggiunge un notevole tasso di riconoscimento di 99.99%, riducendo al minimo i falsi positivi e garantendo l&#039;integrit\u00e0 del prodotto.<\/p>\n<\/li>\n<li data-sourcepos=\"21:1-21:31\">\n<p data-sourcepos=\"21:3-21:31\"><strong>Rapporto materiale inverso trascurabile:<\/strong> Mantiene un rapporto di materiale inverso eccezionalmente basso, inferiore a 0,0001%, riducendo gli sprechi e ottimizzando l&#039;utilizzo delle risorse.<\/p>\n<\/li>\n<li data-sourcepos=\"23:1-24:0\">\n<p data-sourcepos=\"23:3-23:146\"><strong>Funzione di assistenza remota:<\/strong> Fornisce supporto remoto in tempo reale per la risoluzione dei problemi e la manutenzione, garantendo una rapida risoluzione di eventuali problemi.<\/p>\n<\/li>\n<li data-sourcepos=\"25:1-26:0\">\n<p data-sourcepos=\"25:3-25:165\"><strong>Cambio prodotto con un clic:<\/strong> Passa facilmente da un&#039;attivit\u00e0 all&#039;altra di ispezione del prodotto con un solo clic, riducendo al minimo i tempi di inattivit\u00e0 e massimizzando l&#039;efficienza.<\/p>\n<\/li>\n<li data-sourcepos=\"27:1-28:0\">\n<p data-sourcepos=\"27:3-27:135\"><strong>Installazione plug-and-play:<\/strong> Elimina la necessit\u00e0 di debug complessi, garantendo un processo di configurazione senza interruzioni e riducendo al minimo i tempi di inattivit\u00e0.<\/p>\n<\/li>\n<\/ul>\n<p data-sourcepos=\"29:1-29:118\"><strong>Il nostro sistema di ispezione visiva CCD si integra perfettamente nelle vostre linee di produzione esistenti, consentendovi di ottenere:<\/strong><\/p>\n<ul data-sourcepos=\"31:1-36:0\">\n<li data-sourcepos=\"31:1-32:0\">\n<p data-sourcepos=\"31:3-31:150\"><strong>Qualit\u00e0 del prodotto migliorata:<\/strong> Rileva ed elimina i difetti con eccezionale precisione, garantendo una qualit\u00e0 costante del prodotto e la soddisfazione del cliente.<\/p>\n<\/li>\n<li data-sourcepos=\"33:1-34:0\">\n<p data-sourcepos=\"33:3-33:158\"><strong>Maggiore efficienza produttiva:<\/strong> Semplifica i processi di ispezione e riduci al minimo i tempi di inattivit\u00e0, aumentando la produzione complessiva e soddisfacendo le richieste dei clienti.<\/p>\n<\/li>\n<li data-sourcepos=\"35:1-36:0\">\n<p data-sourcepos=\"35:3-35:115\"><strong>Costi operativi ridotti:<\/strong> Riduci al minimo gli sprechi e le rilavorazioni, riducendo i costi di produzione e massimizzando la redditivit\u00e0.<\/p>\n<\/li>\n<\/ul>\n<p data-sourcepos=\"37:1-37:218\">Se desideri migliorare le tue capacit\u00e0 di ispezione dei prodotti e rivoluzionare i tuoi processi di controllo qualit\u00e0, il nostro sistema di ispezione visiva CCD \u00e8 la soluzione che stavi aspettando. Contattaci oggi per sperimentare il potere di trasformazione della precisione e dell&#039;efficienza.<\/p>","protected":false},"excerpt":{"rendered":"<p>Rivoluziona la tua linea di produzione con il nostro sistema di ispezione visiva CCD all&#039;avanguardia, progettato per semplificare i processi di ispezione, garantire la qualit\u00e0 del prodotto e massimizzare l&#039;efficienza. Questa soluzione sofisticata vanta una gamma completa di funzionalit\u00e0 che ti consentono di ottenere risultati superiori.<\/p>","protected":false},"featured_media":2233,"comment_status":"open","ping_status":"closed","template":"","meta":[],"product_cat":[58],"product_tag":[],"yoast_head":"<!-- This site is optimized with the Yoast SEO plugin v22.2 - https:\/\/yoast.com\/wordpress\/plugins\/seo\/ -->\n<title>CCD Visual Inspection - SWOER<\/title>\n<meta name=\"description\" content=\"Elevate your product quality control with our cutting-edge CCD Visual Inspection system, featuring high-speed recognition, exceptional accuracy, and seamless integration for unparalleled efficiency and product integrity.\" \/>\n<meta name=\"robots\" content=\"index, follow, max-snippet:-1, max-image-preview:large, max-video-preview:-1\" \/>\n<link rel=\"canonical\" href=\"https:\/\/swoer.com\/it\/manufacturer\/ccd-visual-inspection\/\" \/>\n<meta property=\"og:locale\" content=\"it_IT\" \/>\n<meta property=\"og:type\" content=\"article\" \/>\n<meta property=\"og:title\" content=\"CCD Visual Inspection - SWOER\" \/>\n<meta property=\"og:description\" content=\"Elevate your product quality control with our cutting-edge CCD Visual Inspection system, featuring high-speed recognition, exceptional accuracy, and seamless integration for unparalleled efficiency and product integrity.\" \/>\n<meta property=\"og:url\" content=\"https:\/\/swoer.com\/it\/manufacturer\/ccd-visual-inspection\/\" \/>\n<meta property=\"og:site_name\" content=\"SWOER\" \/>\n<meta property=\"article:modified_time\" content=\"2024-06-22T05:43:45+00:00\" \/>\n<meta property=\"og:image\" content=\"https:\/\/swoer.com\/wp-content\/uploads\/2024\/06\/CCD-Visual-Inspection.jpg\" \/>\n\t<meta property=\"og:image:width\" content=\"1000\" \/>\n\t<meta property=\"og:image:height\" content=\"1000\" \/>\n\t<meta property=\"og:image:type\" content=\"image\/jpeg\" \/>\n<meta name=\"twitter:card\" content=\"summary_large_image\" \/>\n<meta name=\"twitter:label1\" content=\"Tempo di lettura stimato\" \/>\n\t<meta name=\"twitter:data1\" content=\"2 minuti\" \/>\n<script type=\"application\/ld+json\" class=\"yoast-schema-graph\">{\"@context\":\"https:\/\/schema.org\",\"@graph\":[{\"@type\":\"WebPage\",\"@id\":\"https:\/\/swoer.com\/manufacturer\/ccd-visual-inspection\/\",\"url\":\"https:\/\/swoer.com\/manufacturer\/ccd-visual-inspection\/\",\"name\":\"CCD Visual Inspection - SWOER\",\"isPartOf\":{\"@id\":\"https:\/\/swoer.com\/#website\"},\"primaryImageOfPage\":{\"@id\":\"https:\/\/swoer.com\/manufacturer\/ccd-visual-inspection\/#primaryimage\"},\"image\":{\"@id\":\"https:\/\/swoer.com\/manufacturer\/ccd-visual-inspection\/#primaryimage\"},\"thumbnailUrl\":\"https:\/\/swoer.com\/wp-content\/uploads\/2024\/06\/CCD-Visual-Inspection.jpg\",\"datePublished\":\"2024-06-17T07:01:40+00:00\",\"dateModified\":\"2024-06-22T05:43:45+00:00\",\"description\":\"Elevate your product quality control with our cutting-edge CCD Visual Inspection system, featuring high-speed recognition, exceptional accuracy, and seamless integration for unparalleled efficiency and product integrity.\",\"breadcrumb\":{\"@id\":\"https:\/\/swoer.com\/manufacturer\/ccd-visual-inspection\/#breadcrumb\"},\"inLanguage\":\"it-IT\",\"potentialAction\":[{\"@type\":\"ReadAction\",\"target\":[\"https:\/\/swoer.com\/manufacturer\/ccd-visual-inspection\/\"]}]},{\"@type\":\"ImageObject\",\"inLanguage\":\"it-IT\",\"@id\":\"https:\/\/swoer.com\/manufacturer\/ccd-visual-inspection\/#primaryimage\",\"url\":\"https:\/\/swoer.com\/wp-content\/uploads\/2024\/06\/CCD-Visual-Inspection.jpg\",\"contentUrl\":\"https:\/\/swoer.com\/wp-content\/uploads\/2024\/06\/CCD-Visual-Inspection.jpg\",\"width\":1000,\"height\":1000,\"caption\":\"CCD Visual Inspection\"},{\"@type\":\"BreadcrumbList\",\"@id\":\"https:\/\/swoer.com\/manufacturer\/ccd-visual-inspection\/#breadcrumb\",\"itemListElement\":[{\"@type\":\"ListItem\",\"position\":1,\"name\":\"Home\",\"item\":\"https:\/\/swoer.com\/\"},{\"@type\":\"ListItem\",\"position\":2,\"name\":\"Shop\",\"item\":\"https:\/\/swoer.com\/shop\/\"},{\"@type\":\"ListItem\",\"position\":3,\"name\":\"CCD Visual Inspection\"}]},{\"@type\":\"WebSite\",\"@id\":\"https:\/\/swoer.com\/#website\",\"url\":\"https:\/\/swoer.com\/\",\"name\":\"SWOER\",\"description\":\"Swoer is the top 3 vibratory bowl feeder manufacturer in China\",\"potentialAction\":[{\"@type\":\"SearchAction\",\"target\":{\"@type\":\"EntryPoint\",\"urlTemplate\":\"https:\/\/swoer.com\/?s={search_term_string}\"},\"query-input\":\"required name=search_term_string\"}],\"inLanguage\":\"it-IT\"}]}<\/script>\n<!-- \/ Yoast SEO plugin. -->","yoast_head_json":{"title":"CCD Visual Inspection - SWOER","description":"Elevate your product quality control with our cutting-edge CCD Visual Inspection system, featuring high-speed recognition, exceptional accuracy, and seamless integration for unparalleled efficiency and product integrity.","robots":{"index":"index","follow":"follow","max-snippet":"max-snippet:-1","max-image-preview":"max-image-preview:large","max-video-preview":"max-video-preview:-1"},"canonical":"https:\/\/swoer.com\/it\/manufacturer\/ccd-visual-inspection\/","og_locale":"it_IT","og_type":"article","og_title":"CCD Visual Inspection - SWOER","og_description":"Elevate your product quality control with our cutting-edge CCD Visual Inspection system, featuring high-speed recognition, exceptional accuracy, and seamless integration for unparalleled efficiency and product integrity.","og_url":"https:\/\/swoer.com\/it\/manufacturer\/ccd-visual-inspection\/","og_site_name":"SWOER","article_modified_time":"2024-06-22T05:43:45+00:00","og_image":[{"width":1000,"height":1000,"url":"https:\/\/swoer.com\/wp-content\/uploads\/2024\/06\/CCD-Visual-Inspection.jpg","type":"image\/jpeg"}],"twitter_card":"summary_large_image","twitter_misc":{"Tempo di lettura stimato":"2 minuti"},"schema":{"@context":"https:\/\/schema.org","@graph":[{"@type":"WebPage","@id":"https:\/\/swoer.com\/manufacturer\/ccd-visual-inspection\/","url":"https:\/\/swoer.com\/manufacturer\/ccd-visual-inspection\/","name":"CCD Visual Inspection - SWOER","isPartOf":{"@id":"https:\/\/swoer.com\/#website"},"primaryImageOfPage":{"@id":"https:\/\/swoer.com\/manufacturer\/ccd-visual-inspection\/#primaryimage"},"image":{"@id":"https:\/\/swoer.com\/manufacturer\/ccd-visual-inspection\/#primaryimage"},"thumbnailUrl":"https:\/\/swoer.com\/wp-content\/uploads\/2024\/06\/CCD-Visual-Inspection.jpg","datePublished":"2024-06-17T07:01:40+00:00","dateModified":"2024-06-22T05:43:45+00:00","description":"Elevate your product quality control with our cutting-edge CCD Visual Inspection system, featuring high-speed recognition, exceptional accuracy, and seamless integration for unparalleled efficiency and product integrity.","breadcrumb":{"@id":"https:\/\/swoer.com\/manufacturer\/ccd-visual-inspection\/#breadcrumb"},"inLanguage":"it-IT","potentialAction":[{"@type":"ReadAction","target":["https:\/\/swoer.com\/manufacturer\/ccd-visual-inspection\/"]}]},{"@type":"ImageObject","inLanguage":"it-IT","@id":"https:\/\/swoer.com\/manufacturer\/ccd-visual-inspection\/#primaryimage","url":"https:\/\/swoer.com\/wp-content\/uploads\/2024\/06\/CCD-Visual-Inspection.jpg","contentUrl":"https:\/\/swoer.com\/wp-content\/uploads\/2024\/06\/CCD-Visual-Inspection.jpg","width":1000,"height":1000,"caption":"CCD Visual Inspection"},{"@type":"BreadcrumbList","@id":"https:\/\/swoer.com\/manufacturer\/ccd-visual-inspection\/#breadcrumb","itemListElement":[{"@type":"ListItem","position":1,"name":"Home","item":"https:\/\/swoer.com\/"},{"@type":"ListItem","position":2,"name":"Shop","item":"https:\/\/swoer.com\/shop\/"},{"@type":"ListItem","position":3,"name":"CCD Visual Inspection"}]},{"@type":"WebSite","@id":"https:\/\/swoer.com\/#website","url":"https:\/\/swoer.com\/","name":"SWOER","description":"Swoer is the top 3 vibratory bowl feeder manufacturer in China","potentialAction":[{"@type":"SearchAction","target":{"@type":"EntryPoint","urlTemplate":"https:\/\/swoer.com\/?s={search_term_string}"},"query-input":"required name=search_term_string"}],"inLanguage":"it-IT"}]}},"_links":{"self":[{"href":"https:\/\/swoer.com\/it\/wp-json\/wp\/v2\/product\/2232"}],"collection":[{"href":"https:\/\/swoer.com\/it\/wp-json\/wp\/v2\/product"}],"about":[{"href":"https:\/\/swoer.com\/it\/wp-json\/wp\/v2\/types\/product"}],"replies":[{"embeddable":true,"href":"https:\/\/swoer.com\/it\/wp-json\/wp\/v2\/comments?post=2232"}],"wp:featuredmedia":[{"embeddable":true,"href":"https:\/\/swoer.com\/it\/wp-json\/wp\/v2\/media\/2233"}],"wp:attachment":[{"href":"https:\/\/swoer.com\/it\/wp-json\/wp\/v2\/media?parent=2232"}],"wp:term":[{"taxonomy":"product_cat","embeddable":true,"href":"https:\/\/swoer.com\/it\/wp-json\/wp\/v2\/product_cat?post=2232"},{"taxonomy":"product_tag","embeddable":true,"href":"https:\/\/swoer.com\/it\/wp-json\/wp\/v2\/product_tag?post=2232"}],"curies":[{"name":"wp","href":"https:\/\/api.w.org\/{rel}","templated":true}]}}