{"id":1979,"date":"2024-04-13T07:33:22","date_gmt":"2024-04-13T07:33:22","guid":{"rendered":"https:\/\/swoer.com\/?post_type=product&#038;p=1979"},"modified":"2024-04-13T09:01:56","modified_gmt":"2024-04-13T09:01:56","slug":"vibratory-bowl-feeder-controller-sdvc31-xlr","status":"publish","type":"product","link":"https:\/\/swoer.com\/it\/manufacturer\/vibratory-bowl-feeder-controller-sdvc31-xlr\/","title":{"rendered":"Controller alimentatore a vasca vibrante SDVC31-XLR"},"content":{"rendered":"<h2><strong><b>Caratteristiche:<\/b><\/strong><\/h2>\n<p><strong><b>Certificato CE<\/b><\/strong><strong><b>, <\/b><\/strong><strong><b>A norma RoHS.<\/b><\/strong><\/p>\n<p><strong><b>Regolazione della frequenza:\u00a0<\/b><\/strong>La frequenza di uscita del controller pu\u00f2 essere regolata manualmente sulla frequenza di risonanza dell&#039;alimentatore vibrante per ottenere un effetto di alimentazione fluido, silenzioso e a risparmio energetico.<\/p>\n<p><strong><b>Regolazione automatica della tensione ad alta precisione:<\/b><\/strong>\u00a0Il circuito digitale interno di regolazione della tensione pu\u00f2 eliminare la variazione della velocit\u00e0 di alimentazione causata dalla fluttuazione della tensione di rete.<\/p>\n<p><strong><b>Avvio graduale regolabile nel tempo:<\/b><\/strong>\u00a0Il controller aumenter\u00e0 delicatamente la tensione di uscita da 0 al valore preimpostato all&#039;accensione per evitare scosse improvvise. L&#039;ora di avvio graduale pu\u00f2 essere preimpostata digitalmente.<\/p>\n<p><strong><b>Accensione\/spegnimento del sensore:\u00a0<\/b><\/strong>\u00c8 possibile collegare 1 sensore interruttore NPN o PLC per accendere\/spegnere il controller.<\/p>\n<p><strong><b>Controllo ON\/OFF del sensore fotoelettrico:<\/b><\/strong>\u00a0Il sensore fotoelettrico intelligente CUH pu\u00f2 essere collegato per accendere\/spegnere il controller.<\/p>\n<p><strong><b>Controllo remoto della velocit\u00e0:<\/b><\/strong>\u00a0La tensione di uscita del controller pu\u00f2 essere regolata in remoto tramite un potenziometro esterno, un PLC o un segnale 1-5 V CC.<\/p>\n<p><strong><b>Uscita di controllo CC:<\/b><\/strong>\u00a0Il controller pu\u00f2 emettere alimentazione CC a bassa tensione associata al controllo ON\/OFF del controller per azionare un solenoide o altri dispositivi esterni.<\/p>\n<p><strong><b>Blocco tastiera:<\/b><\/strong>\u00a0Bloccare tutti i pulsanti sulla tastiera per evitare operazioni errate premendo il pulsante ON\/OFF e tenendolo premuto per 2 secondi.<\/p>\n<p><strong><b>Protezione dal surriscaldamento:\u00a0<\/b><\/strong>Se la temperatura interna del controller diventa troppo alta, il controller interromper\u00e0 la sua uscita per proteggersi.<\/p>\n<p><strong><b>Protezione da sovracorrente:<\/b><\/strong>\u00a0Se la corrente di uscita supera il valore nominale, il controller interromper\u00e0 la sua uscita per proteggere se stesso e il carico.<\/p>\n<p><strong><b>Protezione da cortocircuito ripristinabile:<\/b><\/strong>\u00a0Se l&#039;uscita del controller \u00e8 in cortocircuito, il controller spegner\u00e0 la sua uscita per proteggere se stesso e il carico. Ma il fusibile all&#039;interno non verr\u00e0 bruciato. Quindi, quando non c&#039;\u00e8 cortocircuito sul lato di uscita, il controller funzioner\u00e0 di nuovo dopo l&#039;accensione.<\/p>\n<p><strong><b>Tensione di uscita massima regolabile:<\/b><\/strong>\u00a0La tensione di uscita massima regolabile pu\u00f2 essere preimpostata per proteggere il carico da danni causati da una tensione troppo elevata.<\/p>\n<h2><strong><b>Accessori standard:<\/b><\/strong><\/h2>\n<p>Cavo di alimentazione in ingresso (1,5 m) *1<\/p>\n<p>Cavo di alimentazione in uscita (1,5 m) *1<\/p>\n<p>Nota: il cavo di alimentazione in ingresso pu\u00f2 essere personalizzato per adattarsi alla presa del proprio paese.<\/p>\n<h2><strong><b>Accessori opzionali:<\/b><\/strong><\/h2>\n<p>Sensore fotoelettrico intelligente (1,5 m)<\/p>\n<h2 class=\"p\"><strong><span class=\"15\">Dimensioni e peso:<\/span><\/strong><\/h2>\n<p class=\"p\">Dimensioni: 190*53,6*94,5(L*P*A, mm)<\/p>\n<p class=\"p\">Peso: SDVC31-S: 610 g (senza accessori)<\/p>\n<h2><strong><b>Specifica tecnica<\/b><\/strong><\/h2>\n<table width=\"710\">\n<tbody>\n<tr>\n<td rowspan=\"2\" width=\"242\">Articolo<\/td>\n<td colspan=\"3\" width=\"216\">Allineare<\/td>\n<td rowspan=\"2\" width=\"72\">Unit\u00e0<\/td>\n<td rowspan=\"2\" width=\"180\">Descrizione<\/td>\n<\/tr>\n<tr>\n<td width=\"72\">minimo<\/td>\n<td width=\"72\">Tipico<\/td>\n<td width=\"72\">Massimo<\/td>\n<\/tr>\n<tr>\n<td width=\"242\">Tensione di ingresso<\/td>\n<td width=\"72\">85<\/td>\n<td width=\"72\">220<\/td>\n<td width=\"72\">260<\/td>\n<td width=\"72\">V<\/td>\n<td width=\"180\">AVRMS<\/td>\n<\/tr>\n<tr>\n<td width=\"242\">Intervallo di tensione di uscita regolabile<\/td>\n<td width=\"72\">0<\/td>\n<td width=\"72\">&#8212;<\/td>\n<td width=\"72\">260<\/td>\n<td width=\"72\">V<\/td>\n<td width=\"180\">Inferiore a 150% della tensione di ingresso<\/td>\n<\/tr>\n<tr>\n<td width=\"242\">Precisione di regolazione della tensione<\/td>\n<td colspan=\"3\" width=\"216\">1<\/td>\n<td width=\"72\">V<\/td>\n<td width=\"180\"><\/td>\n<\/tr>\n<tr>\n<td width=\"242\">Precisione della regolazione della tensione<\/td>\n<td width=\"72\">0<\/td>\n<td width=\"72\">&#8212;<\/td>\n<td width=\"72\">10<\/td>\n<td width=\"72\">%<\/td>\n<td width=\"180\">\u25b3Vout\/\u25b3Vin<\/td>\n<\/tr>\n<tr>\n<td width=\"242\">Tempo di risposta della regolazione della tensione<\/td>\n<td width=\"72\">0.0025<\/td>\n<td width=\"72\">&#8212;<\/td>\n<td width=\"72\">0.025<\/td>\n<td width=\"72\">S<\/td>\n<td width=\"180\">il periodo della tensione di uscita<\/td>\n<\/tr>\n<tr>\n<td rowspan=\"2\" width=\"242\">Intervallo di corrente di uscita regolabile<\/td>\n<td width=\"72\">0<\/td>\n<td width=\"72\">&#8212;<\/td>\n<td width=\"72\">1.5<\/td>\n<td width=\"72\">UN<\/td>\n<td width=\"180\">Bassa potenza<\/td>\n<\/tr>\n<tr>\n<td width=\"72\">0<\/td>\n<td width=\"72\">&#8212;<\/td>\n<td width=\"72\">3<\/td>\n<td width=\"72\">UN<\/td>\n<td width=\"180\">Potenza media<\/td>\n<\/tr>\n<tr>\n<td rowspan=\"2\" width=\"242\">Potenza di uscita<\/td>\n<td width=\"72\">0<\/td>\n<td width=\"72\">&#8212;<\/td>\n<td width=\"72\">330<\/td>\n<td width=\"72\">VA<\/td>\n<td width=\"180\">Bassa potenza<\/td>\n<\/tr>\n<tr>\n<td width=\"72\">0<\/td>\n<td width=\"72\">&#8212;<\/td>\n<td width=\"72\">660<\/td>\n<td width=\"72\">VA<\/td>\n<td width=\"180\">Potenza media<\/td>\n<\/tr>\n<tr>\n<td width=\"242\">Frequenza di uscita<\/td>\n<td width=\"72\">40<\/td>\n<td width=\"72\">&#8212;<\/td>\n<td width=\"72\">400<\/td>\n<td width=\"72\">Hz<\/td>\n<td width=\"180\"><\/td>\n<\/tr>\n<tr>\n<td width=\"242\">Precisione della regolazione della frequenza<\/td>\n<td colspan=\"3\" width=\"216\">0.1<\/td>\n<td width=\"72\">Hz<\/td>\n<td width=\"180\"><\/td>\n<\/tr>\n<tr>\n<td width=\"242\">Forma d&#039;onda di uscita<\/td>\n<td colspan=\"3\" width=\"216\">seno<\/td>\n<td width=\"72\"><\/td>\n<td width=\"180\"><\/td>\n<\/tr>\n<tr>\n<td width=\"242\">Orario di avvio graduale<\/td>\n<td width=\"72\">0<\/td>\n<td width=\"72\">&#8212;<\/td>\n<td width=\"72\">10<\/td>\n<td width=\"72\">S<\/td>\n<td width=\"180\">Valore predefinito di fabbrica: 0,5<\/td>\n<\/tr>\n<tr>\n<td width=\"242\">Intervallo di tempo di ritardo di accensione\/spegnimento<\/td>\n<td width=\"72\">0<\/td>\n<td width=\"72\">&#8212;<\/td>\n<td width=\"72\">20<\/td>\n<td width=\"72\">S<\/td>\n<td width=\"180\">Valore predefinito di fabbrica: 0,2<\/td>\n<\/tr>\n<tr>\n<td width=\"242\">Precisione del tempo di ritardo di accensione\/spegnimento<\/td>\n<td colspan=\"3\" width=\"216\">0.1<\/td>\n<td width=\"72\">S<\/td>\n<td width=\"180\"><\/td>\n<\/tr>\n<tr>\n<td width=\"242\">Temperatura di attivazione della protezione da surriscaldamento<\/td>\n<td width=\"72\">58<\/td>\n<td width=\"72\">60<\/td>\n<td width=\"72\">66<\/td>\n<td width=\"72\">\u2103<\/td>\n<td width=\"180\"><\/td>\n<\/tr>\n<tr>\n<td width=\"242\">Corrente di uscita di controllo CC<\/td>\n<td width=\"72\">0<\/td>\n<td width=\"72\">&#8212;<\/td>\n<td width=\"72\">200<\/td>\n<td width=\"72\">ma<\/td>\n<td width=\"180\"><\/td>\n<\/tr>\n<tr>\n<td width=\"242\">Segnale di controllo analogico<\/td>\n<td colspan=\"3\" width=\"216\">1-5<\/td>\n<td width=\"72\">V<\/td>\n<td width=\"180\">Tensione di controllo della velocit\u00e0 di rete<\/td>\n<\/tr>\n<tr>\n<td width=\"242\">Segnale di controllo digitale<\/td>\n<td colspan=\"3\" width=\"216\">24<\/td>\n<td width=\"72\">V<\/td>\n<td width=\"180\">Segnale di commutazione<\/td>\n<\/tr>\n<tr>\n<td width=\"242\">Metodo di regolazione<\/td>\n<td colspan=\"3\" width=\"216\">6<\/td>\n<td width=\"72\">Pulsante<\/td>\n<td width=\"180\"><\/td>\n<\/tr>\n<tr>\n<td width=\"242\">Consumo energetico in modalit\u00e0 standby<\/td>\n<td width=\"72\">&#8212;<\/td>\n<td width=\"72\">3<\/td>\n<td width=\"72\"><\/td>\n<td width=\"72\">W<\/td>\n<td width=\"180\"><\/td>\n<\/tr>\n<tr>\n<td width=\"242\">Metodo di visualizzazione<\/td>\n<td colspan=\"3\" width=\"216\">5<\/td>\n<td width=\"72\">Cifra<\/td>\n<td width=\"180\">Tubi digitali LED<\/td>\n<\/tr>\n<tr>\n<td width=\"242\">Temperatura ambiente<\/td>\n<td width=\"72\">0<\/td>\n<td width=\"72\">25<\/td>\n<td width=\"72\">40<\/td>\n<td width=\"72\">\u2103<\/td>\n<td rowspan=\"2\" width=\"180\">Nessuna condensa<\/td>\n<\/tr>\n<tr>\n<td width=\"242\">Umidit\u00e0 ambientale<\/td>\n<td width=\"72\">10<\/td>\n<td width=\"72\">60<\/td>\n<td width=\"72\">85<\/td>\n<td width=\"72\">%<\/td>\n<\/tr>\n<\/tbody>\n<\/table>","protected":false},"excerpt":{"rendered":"<p>Il controller dell&#039;alimentatore a vasca vibrante SDVC31-XLR: certificato CE, offre la regolazione manuale della frequenza per un&#039;alimentazione regolare e la regolazione automatica della tensione per la stabilit\u00e0.<\/p>\n<p>Dispone di avvio graduale, controlli del sensore e protezioni di sicurezza. Include cavi standard.<\/p>\n<p>Dimensioni: 190<em>53.6<\/em>94,5 mm; Peso: 610 g (senza accessori).<\/p>","protected":false},"featured_media":1980,"comment_status":"open","ping_status":"closed","template":"","meta":[],"product_cat":[45],"product_tag":[],"yoast_head":"<!-- This site is optimized with the Yoast SEO plugin v22.2 - https:\/\/yoast.com\/wordpress\/plugins\/seo\/ -->\n<title>Vibratory Bowl Feeder Controller SDVC31-XLR - SWOER<\/title>\n<meta name=\"robots\" content=\"index, follow, max-snippet:-1, max-image-preview:large, max-video-preview:-1\" \/>\n<link rel=\"canonical\" href=\"https:\/\/swoer.com\/it\/manufacturer\/vibratory-bowl-feeder-controller-sdvc31-xlr\/\" \/>\n<meta property=\"og:locale\" content=\"it_IT\" \/>\n<meta property=\"og:type\" content=\"article\" \/>\n<meta property=\"og:title\" content=\"Vibratory Bowl Feeder Controller SDVC31-XLR - SWOER\" \/>\n<meta property=\"og:description\" content=\"The vibratory bowl feeder controller SDVC31-XLR: CE-certified, it offers manual frequency adjustment for smooth feeding and automatic voltage regulation for stability.  Features soft start, sensor controls, and safety protections. Includes standard cables.  Dimensions: 19053.694.5mm; Weight: 610g (without accessories).\" \/>\n<meta property=\"og:url\" content=\"https:\/\/swoer.com\/it\/manufacturer\/vibratory-bowl-feeder-controller-sdvc31-xlr\/\" \/>\n<meta property=\"og:site_name\" content=\"SWOER\" \/>\n<meta property=\"article:modified_time\" content=\"2024-04-13T09:01:56+00:00\" \/>\n<meta property=\"og:image\" content=\"https:\/\/swoer.com\/wp-content\/uploads\/2024\/04\/vibratory-bowl-feeder-controller-SDVC31-XLR.webp\" \/>\n\t<meta property=\"og:image:width\" content=\"1000\" \/>\n\t<meta property=\"og:image:height\" content=\"1000\" \/>\n\t<meta property=\"og:image:type\" content=\"image\/webp\" \/>\n<meta name=\"twitter:card\" content=\"summary_large_image\" \/>\n<meta name=\"twitter:label1\" content=\"Tempo di lettura stimato\" \/>\n\t<meta name=\"twitter:data1\" content=\"3 minuti\" \/>\n<script type=\"application\/ld+json\" class=\"yoast-schema-graph\">{\"@context\":\"https:\/\/schema.org\",\"@graph\":[{\"@type\":\"WebPage\",\"@id\":\"https:\/\/swoer.com\/manufacturer\/vibratory-bowl-feeder-controller-sdvc31-xlr\/\",\"url\":\"https:\/\/swoer.com\/manufacturer\/vibratory-bowl-feeder-controller-sdvc31-xlr\/\",\"name\":\"Vibratory Bowl Feeder Controller SDVC31-XLR - SWOER\",\"isPartOf\":{\"@id\":\"https:\/\/swoer.com\/#website\"},\"primaryImageOfPage\":{\"@id\":\"https:\/\/swoer.com\/manufacturer\/vibratory-bowl-feeder-controller-sdvc31-xlr\/#primaryimage\"},\"image\":{\"@id\":\"https:\/\/swoer.com\/manufacturer\/vibratory-bowl-feeder-controller-sdvc31-xlr\/#primaryimage\"},\"thumbnailUrl\":\"https:\/\/swoer.com\/wp-content\/uploads\/2024\/04\/vibratory-bowl-feeder-controller-SDVC31-XLR.webp\",\"datePublished\":\"2024-04-13T07:33:22+00:00\",\"dateModified\":\"2024-04-13T09:01:56+00:00\",\"breadcrumb\":{\"@id\":\"https:\/\/swoer.com\/manufacturer\/vibratory-bowl-feeder-controller-sdvc31-xlr\/#breadcrumb\"},\"inLanguage\":\"it-IT\",\"potentialAction\":[{\"@type\":\"ReadAction\",\"target\":[\"https:\/\/swoer.com\/manufacturer\/vibratory-bowl-feeder-controller-sdvc31-xlr\/\"]}]},{\"@type\":\"ImageObject\",\"inLanguage\":\"it-IT\",\"@id\":\"https:\/\/swoer.com\/manufacturer\/vibratory-bowl-feeder-controller-sdvc31-xlr\/#primaryimage\",\"url\":\"https:\/\/swoer.com\/wp-content\/uploads\/2024\/04\/vibratory-bowl-feeder-controller-SDVC31-XLR.webp\",\"contentUrl\":\"https:\/\/swoer.com\/wp-content\/uploads\/2024\/04\/vibratory-bowl-feeder-controller-SDVC31-XLR.webp\",\"width\":1000,\"height\":1000,\"caption\":\"vibratory bowl feeder controller SDVC31-XLR\"},{\"@type\":\"BreadcrumbList\",\"@id\":\"https:\/\/swoer.com\/manufacturer\/vibratory-bowl-feeder-controller-sdvc31-xlr\/#breadcrumb\",\"itemListElement\":[{\"@type\":\"ListItem\",\"position\":1,\"name\":\"Home\",\"item\":\"https:\/\/swoer.com\/\"},{\"@type\":\"ListItem\",\"position\":2,\"name\":\"Shop\",\"item\":\"https:\/\/swoer.com\/shop\/\"},{\"@type\":\"ListItem\",\"position\":3,\"name\":\"Vibratory Bowl Feeder Controller SDVC31-XLR\"}]},{\"@type\":\"WebSite\",\"@id\":\"https:\/\/swoer.com\/#website\",\"url\":\"https:\/\/swoer.com\/\",\"name\":\"SWOER\",\"description\":\"Swoer is the top 3 vibratory bowl feeder manufacturer in China\",\"potentialAction\":[{\"@type\":\"SearchAction\",\"target\":{\"@type\":\"EntryPoint\",\"urlTemplate\":\"https:\/\/swoer.com\/?s={search_term_string}\"},\"query-input\":\"required name=search_term_string\"}],\"inLanguage\":\"it-IT\"}]}<\/script>\n<!-- \/ Yoast SEO plugin. -->","yoast_head_json":{"title":"Vibratory Bowl Feeder Controller SDVC31-XLR - SWOER","robots":{"index":"index","follow":"follow","max-snippet":"max-snippet:-1","max-image-preview":"max-image-preview:large","max-video-preview":"max-video-preview:-1"},"canonical":"https:\/\/swoer.com\/it\/manufacturer\/vibratory-bowl-feeder-controller-sdvc31-xlr\/","og_locale":"it_IT","og_type":"article","og_title":"Vibratory Bowl Feeder Controller SDVC31-XLR - SWOER","og_description":"The vibratory bowl feeder controller SDVC31-XLR: CE-certified, it offers manual frequency adjustment for smooth feeding and automatic voltage regulation for stability.  Features soft start, sensor controls, and safety protections. Includes standard cables.  Dimensions: 19053.694.5mm; Weight: 610g (without accessories).","og_url":"https:\/\/swoer.com\/it\/manufacturer\/vibratory-bowl-feeder-controller-sdvc31-xlr\/","og_site_name":"SWOER","article_modified_time":"2024-04-13T09:01:56+00:00","og_image":[{"width":1000,"height":1000,"url":"https:\/\/swoer.com\/wp-content\/uploads\/2024\/04\/vibratory-bowl-feeder-controller-SDVC31-XLR.webp","type":"image\/webp"}],"twitter_card":"summary_large_image","twitter_misc":{"Tempo di lettura stimato":"3 minuti"},"schema":{"@context":"https:\/\/schema.org","@graph":[{"@type":"WebPage","@id":"https:\/\/swoer.com\/manufacturer\/vibratory-bowl-feeder-controller-sdvc31-xlr\/","url":"https:\/\/swoer.com\/manufacturer\/vibratory-bowl-feeder-controller-sdvc31-xlr\/","name":"Vibratory Bowl Feeder Controller SDVC31-XLR - SWOER","isPartOf":{"@id":"https:\/\/swoer.com\/#website"},"primaryImageOfPage":{"@id":"https:\/\/swoer.com\/manufacturer\/vibratory-bowl-feeder-controller-sdvc31-xlr\/#primaryimage"},"image":{"@id":"https:\/\/swoer.com\/manufacturer\/vibratory-bowl-feeder-controller-sdvc31-xlr\/#primaryimage"},"thumbnailUrl":"https:\/\/swoer.com\/wp-content\/uploads\/2024\/04\/vibratory-bowl-feeder-controller-SDVC31-XLR.webp","datePublished":"2024-04-13T07:33:22+00:00","dateModified":"2024-04-13T09:01:56+00:00","breadcrumb":{"@id":"https:\/\/swoer.com\/manufacturer\/vibratory-bowl-feeder-controller-sdvc31-xlr\/#breadcrumb"},"inLanguage":"it-IT","potentialAction":[{"@type":"ReadAction","target":["https:\/\/swoer.com\/manufacturer\/vibratory-bowl-feeder-controller-sdvc31-xlr\/"]}]},{"@type":"ImageObject","inLanguage":"it-IT","@id":"https:\/\/swoer.com\/manufacturer\/vibratory-bowl-feeder-controller-sdvc31-xlr\/#primaryimage","url":"https:\/\/swoer.com\/wp-content\/uploads\/2024\/04\/vibratory-bowl-feeder-controller-SDVC31-XLR.webp","contentUrl":"https:\/\/swoer.com\/wp-content\/uploads\/2024\/04\/vibratory-bowl-feeder-controller-SDVC31-XLR.webp","width":1000,"height":1000,"caption":"vibratory bowl feeder controller SDVC31-XLR"},{"@type":"BreadcrumbList","@id":"https:\/\/swoer.com\/manufacturer\/vibratory-bowl-feeder-controller-sdvc31-xlr\/#breadcrumb","itemListElement":[{"@type":"ListItem","position":1,"name":"Home","item":"https:\/\/swoer.com\/"},{"@type":"ListItem","position":2,"name":"Shop","item":"https:\/\/swoer.com\/shop\/"},{"@type":"ListItem","position":3,"name":"Vibratory Bowl Feeder Controller SDVC31-XLR"}]},{"@type":"WebSite","@id":"https:\/\/swoer.com\/#website","url":"https:\/\/swoer.com\/","name":"SWOER","description":"Swoer is the top 3 vibratory bowl feeder manufacturer in China","potentialAction":[{"@type":"SearchAction","target":{"@type":"EntryPoint","urlTemplate":"https:\/\/swoer.com\/?s={search_term_string}"},"query-input":"required name=search_term_string"}],"inLanguage":"it-IT"}]}},"_links":{"self":[{"href":"https:\/\/swoer.com\/it\/wp-json\/wp\/v2\/product\/1979"}],"collection":[{"href":"https:\/\/swoer.com\/it\/wp-json\/wp\/v2\/product"}],"about":[{"href":"https:\/\/swoer.com\/it\/wp-json\/wp\/v2\/types\/product"}],"replies":[{"embeddable":true,"href":"https:\/\/swoer.com\/it\/wp-json\/wp\/v2\/comments?post=1979"}],"wp:featuredmedia":[{"embeddable":true,"href":"https:\/\/swoer.com\/it\/wp-json\/wp\/v2\/media\/1980"}],"wp:attachment":[{"href":"https:\/\/swoer.com\/it\/wp-json\/wp\/v2\/media?parent=1979"}],"wp:term":[{"taxonomy":"product_cat","embeddable":true,"href":"https:\/\/swoer.com\/it\/wp-json\/wp\/v2\/product_cat?post=1979"},{"taxonomy":"product_tag","embeddable":true,"href":"https:\/\/swoer.com\/it\/wp-json\/wp\/v2\/product_tag?post=1979"}],"curies":[{"name":"wp","href":"https:\/\/api.w.org\/{rel}","templated":true}]}}