{"id":1806,"date":"2024-04-02T01:56:57","date_gmt":"2024-04-02T01:56:57","guid":{"rendered":"https:\/\/lightgrey-porpoise-816575.hostingersite.com\/?post_type=product&#038;p=1806"},"modified":"2024-04-02T02:06:28","modified_gmt":"2024-04-02T02:06:28","slug":"hopper-elevator-conveyor-automation","status":"publish","type":"product","link":"https:\/\/swoer.com\/it\/manufacturer\/hopper-elevator-conveyor-automation\/","title":{"rendered":"Automazione del trasportatore con elevatore a tramoggia"},"content":{"rendered":"<p>Sperimenta l&#039;efficienza della movimentazione dei materiali senza soluzione di continuit\u00e0 con la nostra soluzione all&#039;avanguardia di automazione dei trasportatori con elevatore a tramoggia. Progettato per garantire affidabilit\u00e0 e precisione, il nostro sistema ottimizza il flusso di lavoro trasferendo senza soluzione di continuit\u00e0 i materiali tra le varie fasi della produzione. Progettato con tecnologia pneumatica avanzata, garantisce un movimento verticale fluido ed efficiente, migliorando la produttivit\u00e0 e riducendo al minimo i tempi di fermo. Affidati alla nostra esperienza per semplificare le tue operazioni ed elevare le tue capacit\u00e0 di produzione.<\/p>\n<h2>Descrizione:<\/h2>\n<table style=\"border-collapse: collapse; width: 464.27pt;\" border=\"0\" width=\"619\" cellspacing=\"0\" cellpadding=\"0\">\n<tbody>\n<tr style=\"height: 32.00pt;\">\n<td class=\"et3\" style=\"height: 32.00pt; width: 145.50pt;\" width=\"194\" height=\"42\">Nome del prodotto<\/td>\n<td class=\"et4\" style=\"width: 318.75pt;\" width=\"425\">Automazione del trasportatore con elevatore a tramoggia<\/td>\n<\/tr>\n<tr style=\"height: 32.00pt;\">\n<td class=\"et3\" style=\"height: 32.00pt;\" height=\"42\">Marchio<\/td>\n<td class=\"et4\">GIURARE<\/td>\n<\/tr>\n<tr style=\"height: 32.00pt;\">\n<td class=\"et3\" style=\"height: 32.00pt;\" height=\"42\">Dimensione (L*W*H)<\/td>\n<td class=\"et4\">2200*1000*1500 mm<\/td>\n<\/tr>\n<tr style=\"height: 32.00pt;\">\n<td class=\"et3\" style=\"height: 32.00pt;\" height=\"42\">Peso<\/td>\n<td class=\"et4\">120 kg<\/td>\n<\/tr>\n<tr style=\"height: 32.00pt;\">\n<td class=\"et3\" style=\"height: 32.00pt;\" height=\"42\">Colore<\/td>\n<td class=\"et4\">Requisiti del cliente<\/td>\n<\/tr>\n<tr style=\"height: 32.00pt;\">\n<td class=\"et3\" style=\"height: 32.00pt;\" height=\"42\">Capacit\u00e0 (t\/ora)<\/td>\n<td class=\"et4\">0,1-6t\/ora<\/td>\n<\/tr>\n<tr style=\"height: 32.00pt;\">\n<td class=\"et3\" style=\"height: 32.00pt;\" height=\"42\">Voltaggio<\/td>\n<td class=\"et4\">85-260 V<\/td>\n<\/tr>\n<tr style=\"height: 32.00pt;\">\n<td class=\"et3\" style=\"height: 32.00pt;\" height=\"42\">Frequenza<\/td>\n<td class=\"et4\">40-400Hz<\/td>\n<\/tr>\n<tr style=\"height: 32.00pt;\">\n<td class=\"et3\" style=\"height: 32.00pt;\" height=\"42\">Garanzia<\/td>\n<td class=\"et4\">1 anno<\/td>\n<\/tr>\n<tr style=\"height: 32.00pt;\">\n<td class=\"et3\" style=\"height: 32.00pt;\" height=\"42\">MOQ<\/td>\n<td class=\"et4\">1 set<\/td>\n<\/tr>\n<tr style=\"height: 32.00pt;\">\n<td class=\"et3\" style=\"height: 32.00pt;\" height=\"42\">Tempi di consegna<\/td>\n<td class=\"et4\">7-10 giorni<\/td>\n<\/tr>\n<tr style=\"height: 32.00pt;\">\n<td class=\"et3\" style=\"height: 32.00pt;\" height=\"42\">7-10 giorni<\/td>\n<td class=\"et4\">Scatola di compensato<\/td>\n<\/tr>\n<tr style=\"height: 32.00pt;\">\n<td class=\"et3\" style=\"height: 32.00pt;\" height=\"42\">Termine di pagamento<\/td>\n<td class=\"et4\">T\/T 40% Deposito e saldo prima della spedizione<\/td>\n<\/tr>\n<tr style=\"height: 32.00pt;\">\n<td class=\"et3\" style=\"height: 32.00pt;\" height=\"42\">Luogo d&#039;origine<\/td>\n<td class=\"et4\">Guangdong, Cina<\/td>\n<\/tr>\n<\/tbody>\n<\/table>\n<h2>FAQ:<\/h2>\n\t<div id=\"gap-1454467793\" class=\"gap-element clearfix\" style=\"display:block; height:auto;\">\n\t\t\n<style>\n#gap-1454467793 {\n  padding-top: 30px;\n}\n<\/style>\n\t<\/div>\n\t\n<p><strong>1. In che modo l&#039;automazione del trasportatore con elevatore a tramoggia migliora la produttivit\u00e0?<\/strong><\/p>\n<p>La nostra automazione dei trasportatori con elevatore a tramoggia ottimizza i processi di movimentazione dei materiali, garantendo un trasferimento senza interruzioni tra le fasi di produzione. Automatizzando queste attivit\u00e0, elimina i colli di bottiglia, riduce il lavoro manuale e ottimizza l&#039;efficienza del flusso di lavoro, aumentando in definitiva la produttivit\u00e0 complessiva.<\/p>\n<p><strong>2. Il sistema \u00e8 affidabile e durevole per il funzionamento continuo?<\/strong><\/p>\n<p>Assolutamente. Progettato con componenti robusti e tecnologia di automazione avanzata, il nostro sistema di trasporto con elevatore a tramoggia \u00e8 costruito per resistere ad ambienti industriali rigorosi. Dalla produzione in grandi volumi al funzionamento 24 ore su 24, 7 giorni su 7, l&#039;affidabilit\u00e0 \u00e8 al centro della nostra progettazione, garantendo prestazioni ininterrotte.<\/p>\n<p><strong>3. \u00c8 possibile personalizzare il sistema per soddisfare esigenze produttive specifiche?<\/strong><\/p>\n<p>S\u00ec, la flessibilit\u00e0 \u00e8 fondamentale. Comprendiamo che ogni impianto di produzione ha esigenze uniche. La nostra automazione dei trasportatori con elevatore a tramoggia pu\u00f2 essere personalizzata per soddisfare vari tipi di materiali, layout di produzione e richieste di produttivit\u00e0. Se avete bisogno di dimensioni specifiche, regolazioni della velocit\u00e0 o integrazione con i sistemi esistenti, offriamo soluzioni personalizzabili per soddisfare le vostre precise esigenze.<\/p>\n<p><strong>4. In che modo il sistema di automazione contribuisce alla sicurezza dei lavoratori?<\/strong><\/p>\n<p>La sicurezza \u00e8 fondamentale in qualsiasi ambiente produttivo. La nostra automazione dei trasportatori con elevatore a tramoggia riduce la necessit\u00e0 di attivit\u00e0 manuali di movimentazione dei materiali, riducendo al minimo il rischio di incidenti sul posto di lavoro e lesioni da sforzi ripetitivi. Automatizzando questi processi, crea un ambiente di lavoro pi\u00f9 sicuro per il tuo team, consentendo loro di concentrarsi su attivit\u00e0 pi\u00f9 qualificate e a valore aggiunto.<\/p>\n<p><strong>5. Che tipo di servizi di supporto tecnico e manutenzione fornite?<\/strong><\/p>\n<p>Diamo priorit\u00e0 alla soddisfazione del cliente e al successo a lungo termine. Il nostro team di esperti offre supporto tecnico completo e servizi di manutenzione per garantire il buon funzionamento del vostro sistema di trasporto con elevatore a tramoggia. Dall&#039;installazione iniziale e dalla formazione alla manutenzione continua e alla risoluzione dei problemi, ci impegniamo a fornire assistenza tempestiva e a massimizzare il tempo di attivit\u00e0 delle vostre apparecchiature.<\/p>","protected":false},"excerpt":{"rendered":"<p>Ottimizza la produzione con la nostra automazione dei trasportatori con elevatore a tramoggia. Movimentazione efficiente dei materiali e flusso di lavoro senza interruzioni. Affidati alla nostra esperienza per aumentare la produttivit\u00e0.<\/p>","protected":false},"featured_media":1807,"comment_status":"open","ping_status":"closed","template":"","meta":[],"product_cat":[38],"product_tag":[],"yoast_head":"<!-- This site is optimized with the Yoast SEO plugin v22.2 - https:\/\/yoast.com\/wordpress\/plugins\/seo\/ -->\n<title>Hopper Elevator Conveyor Automation - SWOER<\/title>\n<meta name=\"robots\" content=\"index, follow, max-snippet:-1, max-image-preview:large, max-video-preview:-1\" \/>\n<link rel=\"canonical\" href=\"https:\/\/swoer.com\/it\/manufacturer\/hopper-elevator-conveyor-automation\/\" \/>\n<meta property=\"og:locale\" content=\"it_IT\" \/>\n<meta property=\"og:type\" content=\"article\" \/>\n<meta property=\"og:title\" content=\"Hopper Elevator Conveyor Automation - SWOER\" \/>\n<meta property=\"og:description\" content=\"Optimize production with our Hopper Elevator Conveyor Automation. Efficient material handling, and seamless workflow. Trust our expertise to boost productivity.\" \/>\n<meta property=\"og:url\" content=\"https:\/\/swoer.com\/it\/manufacturer\/hopper-elevator-conveyor-automation\/\" \/>\n<meta property=\"og:site_name\" content=\"SWOER\" \/>\n<meta property=\"article:modified_time\" content=\"2024-04-02T02:06:28+00:00\" \/>\n<meta property=\"og:image\" content=\"https:\/\/swoer.com\/wp-content\/uploads\/2024\/04\/Hopper-Elevator-Conveyor-Automation.webp\" \/>\n\t<meta property=\"og:image:width\" content=\"1000\" \/>\n\t<meta property=\"og:image:height\" content=\"1000\" \/>\n\t<meta property=\"og:image:type\" content=\"image\/webp\" \/>\n<meta name=\"twitter:card\" content=\"summary_large_image\" \/>\n<meta name=\"twitter:label1\" content=\"Tempo di lettura stimato\" \/>\n\t<meta name=\"twitter:data1\" content=\"1 minuto\" \/>\n<script type=\"application\/ld+json\" class=\"yoast-schema-graph\">{\"@context\":\"https:\/\/schema.org\",\"@graph\":[{\"@type\":\"WebPage\",\"@id\":\"https:\/\/swoer.com\/manufacturer\/hopper-elevator-conveyor-automation\/\",\"url\":\"https:\/\/swoer.com\/manufacturer\/hopper-elevator-conveyor-automation\/\",\"name\":\"Hopper Elevator Conveyor Automation - SWOER\",\"isPartOf\":{\"@id\":\"https:\/\/swoer.com\/#website\"},\"primaryImageOfPage\":{\"@id\":\"https:\/\/swoer.com\/manufacturer\/hopper-elevator-conveyor-automation\/#primaryimage\"},\"image\":{\"@id\":\"https:\/\/swoer.com\/manufacturer\/hopper-elevator-conveyor-automation\/#primaryimage\"},\"thumbnailUrl\":\"https:\/\/swoer.com\/wp-content\/uploads\/2024\/04\/Hopper-Elevator-Conveyor-Automation.webp\",\"datePublished\":\"2024-04-02T01:56:57+00:00\",\"dateModified\":\"2024-04-02T02:06:28+00:00\",\"breadcrumb\":{\"@id\":\"https:\/\/swoer.com\/manufacturer\/hopper-elevator-conveyor-automation\/#breadcrumb\"},\"inLanguage\":\"it-IT\",\"potentialAction\":[{\"@type\":\"ReadAction\",\"target\":[\"https:\/\/swoer.com\/manufacturer\/hopper-elevator-conveyor-automation\/\"]}]},{\"@type\":\"ImageObject\",\"inLanguage\":\"it-IT\",\"@id\":\"https:\/\/swoer.com\/manufacturer\/hopper-elevator-conveyor-automation\/#primaryimage\",\"url\":\"https:\/\/swoer.com\/wp-content\/uploads\/2024\/04\/Hopper-Elevator-Conveyor-Automation.webp\",\"contentUrl\":\"https:\/\/swoer.com\/wp-content\/uploads\/2024\/04\/Hopper-Elevator-Conveyor-Automation.webp\",\"width\":1000,\"height\":1000,\"caption\":\"Hopper Elevator Conveyor Automation\"},{\"@type\":\"BreadcrumbList\",\"@id\":\"https:\/\/swoer.com\/manufacturer\/hopper-elevator-conveyor-automation\/#breadcrumb\",\"itemListElement\":[{\"@type\":\"ListItem\",\"position\":1,\"name\":\"Home\",\"item\":\"https:\/\/swoer.com\/\"},{\"@type\":\"ListItem\",\"position\":2,\"name\":\"Shop\",\"item\":\"https:\/\/swoer.com\/shop\/\"},{\"@type\":\"ListItem\",\"position\":3,\"name\":\"Hopper Elevator Conveyor Automation\"}]},{\"@type\":\"WebSite\",\"@id\":\"https:\/\/swoer.com\/#website\",\"url\":\"https:\/\/swoer.com\/\",\"name\":\"SWOER\",\"description\":\"Swoer is the top 3 vibratory bowl feeder manufacturer in China\",\"potentialAction\":[{\"@type\":\"SearchAction\",\"target\":{\"@type\":\"EntryPoint\",\"urlTemplate\":\"https:\/\/swoer.com\/?s={search_term_string}\"},\"query-input\":\"required name=search_term_string\"}],\"inLanguage\":\"it-IT\"}]}<\/script>\n<!-- \/ Yoast SEO plugin. -->","yoast_head_json":{"title":"Hopper Elevator Conveyor Automation - SWOER","robots":{"index":"index","follow":"follow","max-snippet":"max-snippet:-1","max-image-preview":"max-image-preview:large","max-video-preview":"max-video-preview:-1"},"canonical":"https:\/\/swoer.com\/it\/manufacturer\/hopper-elevator-conveyor-automation\/","og_locale":"it_IT","og_type":"article","og_title":"Hopper Elevator Conveyor Automation - SWOER","og_description":"Optimize production with our Hopper Elevator Conveyor Automation. Efficient material handling, and seamless workflow. Trust our expertise to boost productivity.","og_url":"https:\/\/swoer.com\/it\/manufacturer\/hopper-elevator-conveyor-automation\/","og_site_name":"SWOER","article_modified_time":"2024-04-02T02:06:28+00:00","og_image":[{"width":1000,"height":1000,"url":"https:\/\/swoer.com\/wp-content\/uploads\/2024\/04\/Hopper-Elevator-Conveyor-Automation.webp","type":"image\/webp"}],"twitter_card":"summary_large_image","twitter_misc":{"Tempo di lettura stimato":"1 minuto"},"schema":{"@context":"https:\/\/schema.org","@graph":[{"@type":"WebPage","@id":"https:\/\/swoer.com\/manufacturer\/hopper-elevator-conveyor-automation\/","url":"https:\/\/swoer.com\/manufacturer\/hopper-elevator-conveyor-automation\/","name":"Hopper Elevator Conveyor Automation - SWOER","isPartOf":{"@id":"https:\/\/swoer.com\/#website"},"primaryImageOfPage":{"@id":"https:\/\/swoer.com\/manufacturer\/hopper-elevator-conveyor-automation\/#primaryimage"},"image":{"@id":"https:\/\/swoer.com\/manufacturer\/hopper-elevator-conveyor-automation\/#primaryimage"},"thumbnailUrl":"https:\/\/swoer.com\/wp-content\/uploads\/2024\/04\/Hopper-Elevator-Conveyor-Automation.webp","datePublished":"2024-04-02T01:56:57+00:00","dateModified":"2024-04-02T02:06:28+00:00","breadcrumb":{"@id":"https:\/\/swoer.com\/manufacturer\/hopper-elevator-conveyor-automation\/#breadcrumb"},"inLanguage":"it-IT","potentialAction":[{"@type":"ReadAction","target":["https:\/\/swoer.com\/manufacturer\/hopper-elevator-conveyor-automation\/"]}]},{"@type":"ImageObject","inLanguage":"it-IT","@id":"https:\/\/swoer.com\/manufacturer\/hopper-elevator-conveyor-automation\/#primaryimage","url":"https:\/\/swoer.com\/wp-content\/uploads\/2024\/04\/Hopper-Elevator-Conveyor-Automation.webp","contentUrl":"https:\/\/swoer.com\/wp-content\/uploads\/2024\/04\/Hopper-Elevator-Conveyor-Automation.webp","width":1000,"height":1000,"caption":"Hopper Elevator Conveyor Automation"},{"@type":"BreadcrumbList","@id":"https:\/\/swoer.com\/manufacturer\/hopper-elevator-conveyor-automation\/#breadcrumb","itemListElement":[{"@type":"ListItem","position":1,"name":"Home","item":"https:\/\/swoer.com\/"},{"@type":"ListItem","position":2,"name":"Shop","item":"https:\/\/swoer.com\/shop\/"},{"@type":"ListItem","position":3,"name":"Hopper Elevator Conveyor Automation"}]},{"@type":"WebSite","@id":"https:\/\/swoer.com\/#website","url":"https:\/\/swoer.com\/","name":"SWOER","description":"Swoer is the top 3 vibratory bowl feeder manufacturer in China","potentialAction":[{"@type":"SearchAction","target":{"@type":"EntryPoint","urlTemplate":"https:\/\/swoer.com\/?s={search_term_string}"},"query-input":"required name=search_term_string"}],"inLanguage":"it-IT"}]}},"_links":{"self":[{"href":"https:\/\/swoer.com\/it\/wp-json\/wp\/v2\/product\/1806"}],"collection":[{"href":"https:\/\/swoer.com\/it\/wp-json\/wp\/v2\/product"}],"about":[{"href":"https:\/\/swoer.com\/it\/wp-json\/wp\/v2\/types\/product"}],"replies":[{"embeddable":true,"href":"https:\/\/swoer.com\/it\/wp-json\/wp\/v2\/comments?post=1806"}],"wp:featuredmedia":[{"embeddable":true,"href":"https:\/\/swoer.com\/it\/wp-json\/wp\/v2\/media\/1807"}],"wp:attachment":[{"href":"https:\/\/swoer.com\/it\/wp-json\/wp\/v2\/media?parent=1806"}],"wp:term":[{"taxonomy":"product_cat","embeddable":true,"href":"https:\/\/swoer.com\/it\/wp-json\/wp\/v2\/product_cat?post=1806"},{"taxonomy":"product_tag","embeddable":true,"href":"https:\/\/swoer.com\/it\/wp-json\/wp\/v2\/product_tag?post=1806"}],"curies":[{"name":"wp","href":"https:\/\/api.w.org\/{rel}","templated":true}]}}