{"id":1823,"date":"2024-04-02T07:05:58","date_gmt":"2024-04-02T07:05:58","guid":{"rendered":"https:\/\/lightgrey-porpoise-816575.hostingersite.com\/?page_id=1823"},"modified":"2024-12-02T17:21:30","modified_gmt":"2024-12-02T09:21:30","slug":"automatic-rivet-machine","status":"publish","type":"page","link":"https:\/\/swoer.com\/it\/automatic-rivet-machine\/","title":{"rendered":"Macchina alimentatore automatico a vite"},"content":{"rendered":"<section class=\"section\" id=\"section_677578253\">\n\t\t<div class=\"bg section-bg fill bg-fill  bg-loaded\" >\n\n\t\t\t\n\t\t\t\n\t\t\t\n\t<div class=\"is-border\"\n\t\tstyle=\"border-color:rgb(235, 235, 235);border-width:1px 0px 0px 0px;\">\n\t<\/div>\n\n\t\t<\/div>\n\n\t\t\n\n\t\t<div class=\"section-content relative\">\n\t\t\t\n<div class=\"row row-large align-middle align-center\"  id=\"row-1848668580\">\n\n\t<div id=\"col-420031932\" class=\"col medium-6 small-12 large-6\"  >\n\t\t\t\t<div class=\"col-inner text-center\"  >\n\t\t\t\n\t\t\t\n<h2><strong><b>Produttore di alimentatori automatici a vite<\/b><\/strong><\/h2>\n<p style=\"text-align: left;\">Specializzato nel settore della rivettatura e del fissaggio da oltre un decennio, SWOER \u00e8 un nome affidabile nelle soluzioni di fissaggio automatizzate.<\/p>\n<p style=\"text-align: left;\">Gli alimentatori automatici di viti SWOER, progettati da CN SWOER CO., LTD, hanno rivoluzionato il processo di rivettatura gestendo automaticamente i rivetti. Sfruttando questa tecnologia puoi risparmiare sui costi di manodopera della tua azienda di oltre 30%.<\/p>\n<p style=\"text-align: left;\">Distinguendosi dalle pistole rivettatrici automatiche standard, la macchina SWOER offre una soluzione completamente automatizzata. Sono finiti i giorni in cui si caricavano manualmente i rivetti o si controllava la posizione dell&#039;ugello; la nostra macchina gestisce tutto. Utilizzando l&#039;aria compressa, trasporta senza sforzo i rivetti all&#039;ugello attraverso una tubazione. Con la rivettatrice automatica SWOER, l&#039;estrazione manuale dei rivetti diventa un ricordo del passato, inaugurando una nuova era di automazione nel settore del fissaggio.<\/p>\n\t\t<\/div>\n\t\t\t\t\t<\/div>\n\n\t\n\n\t<div id=\"col-1694171426\" class=\"col medium-6 small-12 large-6\"  >\n\t\t\t\t<div class=\"col-inner box-shadow-2 box-shadow-5-hover\" style=\"background-color:rgb(255, 255, 255);\" >\n\t\t\t\n\t\t\t\n\t<div class=\"img has-hover x md-x lg-x y md-y lg-y\" id=\"image_1580699957\">\n\t\t\t\t\t\t\t\t<div class=\"img-inner image-cover dark\" style=\"padding-top:75%;\">\n\t\t\t<img loading=\"lazy\" decoding=\"async\" width=\"554\" height=\"412\" src=\"https:\/\/swoer.com\/wp-content\/uploads\/2024\/04\/automatic-rivet-guns.webp\" class=\"attachment-original size-original\" alt=\"pistole rivettatrici automatiche\" srcset=\"https:\/\/swoer.com\/wp-content\/uploads\/2024\/04\/automatic-rivet-guns.webp 554w, https:\/\/swoer.com\/wp-content\/uploads\/2024\/04\/automatic-rivet-guns-300x223.webp 300w\" sizes=\"(max-width: 554px) 100vw, 554px\" \/>\t\t\t\t\t\t\n\t\t\t\t\t<\/div>\n\t\t\t\t\t\t\t\t\n<style>\n#image_1580699957 {\n  width: 100%;\n}\n<\/style>\n\t<\/div>\n\t\n<a href=\"https:\/\/swoer.com\/it\/contact\/\" target=\"_self\" class=\"button primary\"  style=\"border-radius:99px;\">\n    <span>Contattaci<\/span>\n  <\/a>\n\n\t\t<\/div>\n\t\t\t\t\n<style>\n#col-1694171426 > .col-inner {\n  padding: 15px 15px 15px 15px;\n}\n<\/style>\n\t<\/div>\n\n\t\n<\/div>\n\t\t<\/div>\n\n\t\t\n<style>\n#section_677578253 {\n  padding-top: 59px;\n  padding-bottom: 59px;\n  min-height: 300px;\n  background-color: rgb(228, 228, 228);\n}\n#section_677578253 .ux-shape-divider--top svg {\n  height: 150px;\n  --divider-top-width: 100%;\n}\n#section_677578253 .ux-shape-divider--bottom svg {\n  height: 150px;\n  --divider-width: 100%;\n}\n<\/style>\n\t<\/section>\n\t\n\t<section class=\"section\" id=\"section_1328933702\">\n\t\t<div class=\"bg section-bg fill bg-fill  bg-loaded\" >\n\n\t\t\t\n\t\t\t\n\t\t\t\n\n\t\t<\/div>\n\n\t\t\n\n\t\t<div class=\"section-content relative\">\n\t\t\t\n<h2 style=\"text-align: center;\"><strong><b>Macchina alimentatore automatico a vite <\/b><\/strong><strong><b>P<\/b><\/strong><strong><b>prodotto <\/b><\/strong><strong><b>C<\/b><\/strong><strong><b>omposizione<\/b><\/strong><\/h2>\n<p style=\"text-align: center;\">La macchina autoavvolgente SWOER \u00e8 composta da una macchina host e da un gruppo di mitragliatrici.<\/p>\n<div class=\"row\"  id=\"row-1535490421\">\n\n\t<div id=\"col-723436684\" class=\"col medium-6 small-12 large-6\"  >\n\t\t\t\t<div class=\"col-inner\"  >\n\t\t\t\n\t\t\t\n\t<div class=\"img has-hover x md-x lg-x y md-y lg-y\" id=\"image_1480528911\">\n\t\t\t\t\t\t\t\t<div class=\"img-inner dark\" >\n\t\t\t<img loading=\"lazy\" decoding=\"async\" width=\"554\" height=\"275\" src=\"https:\/\/swoer.com\/wp-content\/uploads\/2024\/04\/automatic-rivet-machine.webp\" class=\"attachment-original size-original\" alt=\"rivettatrice automatica\" srcset=\"https:\/\/swoer.com\/wp-content\/uploads\/2024\/04\/automatic-rivet-machine.webp 554w, https:\/\/swoer.com\/wp-content\/uploads\/2024\/04\/automatic-rivet-machine-300x149.webp 300w\" sizes=\"(max-width: 554px) 100vw, 554px\" \/>\t\t\t\t\t\t\n\t\t\t\t\t<\/div>\n\t\t\t\t\t\t\t\t\n<style>\n#image_1480528911 {\n  width: 98%;\n}\n<\/style>\n\t<\/div>\n\t\n<p><strong>Il computer host include il sistema di movimento della macchina, il sistema di controllo della macchina e il sistema di rilevamento.<\/strong><\/p>\n<p>La funzione del sistema di movimento della macchina \u00e8 quella di organizzare i rivetti dalla disposizione disordinata alla separazione in sequenza e di fornire i rivetti all&#039;ugello della pistola rivettatrice uno per uno in una certa direzione; il sistema di controllo della macchina deve controllare le azioni impostate di ciascun componente della macchina. Operazione; il sistema di rilevamento serve a rilevare se la macchina funziona stabilmente secondo il programma impostato.<\/p>\n\t\t<\/div>\n\t\t\t\t\t<\/div>\n\n\t\n\n\t<div id=\"col-313216915\" class=\"col medium-6 small-12 large-6\"  >\n\t\t\t\t<div class=\"col-inner\"  >\n\t\t\t\n\t\t\t\n\t<div class=\"img has-hover x md-x lg-x y md-y lg-y\" id=\"image_1626153183\">\n\t\t\t\t\t\t\t\t<div class=\"img-inner dark\" >\n\t\t\t<img loading=\"lazy\" decoding=\"async\" width=\"554\" height=\"275\" src=\"https:\/\/swoer.com\/wp-content\/uploads\/2024\/04\/Automatic-nail-pulling-machine-factory-line.webp\" class=\"attachment-original size-original\" alt=\"Linea di fabbrica automatica di macchine per l&#039;estrazione dei chiodi\" srcset=\"https:\/\/swoer.com\/wp-content\/uploads\/2024\/04\/Automatic-nail-pulling-machine-factory-line.webp 554w, https:\/\/swoer.com\/wp-content\/uploads\/2024\/04\/Automatic-nail-pulling-machine-factory-line-300x149.webp 300w\" sizes=\"(max-width: 554px) 100vw, 554px\" \/>\t\t\t\t\t\t\n\t\t\t\t\t<\/div>\n\t\t\t\t\t\t\t\t\n<style>\n#image_1626153183 {\n  width: 100%;\n}\n<\/style>\n\t<\/div>\n\t\n<p><strong>Il gruppo della pistola per rivetti \u00e8 composto da una pistola per rivetti, un meccanismo di ricezione del rivetto e un meccanismo di raccolta e uscita del segnale.<\/strong><\/p>\n<p>La pistola rivettatrice \u00e8 fondamentale per la rivettatura, sia manuale che automatizzata. Controllato dal computer host, il meccanismo di ricezione dei rivetti carica i rivetti dalla tubazione all&#039;ugello per rivetti, una tecnologia fondamentale della rivettatrice automatica. Inoltre, il meccanismo di raccolta e emissione dei segnali avvia il funzionamento della macchina raccogliendo ed emettendo segnali.<\/p>\n\t\t<\/div>\n\t\t\t\t\t<\/div>\n\n\t\n<\/div>\n\t\t<\/div>\n\n\t\t\n<style>\n#section_1328933702 {\n  padding-top: 30px;\n  padding-bottom: 30px;\n}\n#section_1328933702 .ux-shape-divider--top svg {\n  height: 150px;\n  --divider-top-width: 100%;\n}\n#section_1328933702 .ux-shape-divider--bottom svg {\n  height: 150px;\n  --divider-width: 100%;\n}\n<\/style>\n\t<\/section>\n\t\n\t<section class=\"section\" id=\"section_1061661803\">\n\t\t<div class=\"bg section-bg fill bg-fill  bg-loaded\" >\n\n\t\t\t\n\t\t\t\n\t\t\t\n\n\t\t<\/div>\n\n\t\t\n\n\t\t<div class=\"section-content relative\">\n\t\t\t\n<h2 style=\"text-align: center;\"><strong><b>Auto <\/b><\/strong><strong><b>Rivettatura <\/b><\/strong><strong><b>M<\/b><\/strong><strong><b>achina<\/b><\/strong><strong><b>\u00a0S<\/b><\/strong><strong><b>specifiche<\/b><\/strong><\/h2>\n<table>\n<tbody>\n<tr>\n<td width=\"85\">Specifica<\/td>\n<td width=\"89\">Dimensione<\/p>\n<p>(mm)<\/td>\n<td width=\"67\">Voltaggio<\/td>\n<td width=\"62\">Pressione dell&#039;aria di lavoro<\/td>\n<td width=\"54\">Peso<\/td>\n<td width=\"77\">Velocit\u00e0 di alimentazione del chiodo (grano\/min)<\/td>\n<td width=\"85\">Massima specifica del chiodo<\/td>\n<td width=\"45\">Rumore (dB)<\/td>\n<\/tr>\n<tr>\n<td width=\"85\">SW-MDJ-240<\/td>\n<td width=\"89\">440*350*420<\/td>\n<td width=\"67\">220<\/td>\n<td width=\"62\">3.2<\/td>\n<td width=\"54\">40<\/td>\n<td width=\"77\">40-60<\/td>\n<td width=\"85\">3,4 \u2264 d &lt; 3<\/td>\n<td width=\"45\">40<\/td>\n<\/tr>\n<tr>\n<td width=\"85\">SW-MDJ-300<\/td>\n<td width=\"89\">440*350*420<\/td>\n<td width=\"67\">220<\/td>\n<td width=\"62\">3.4<\/td>\n<td width=\"54\">46<\/td>\n<td width=\"77\">40-55<\/td>\n<td width=\"85\">3 \u2264 d \u2264 3,2<\/td>\n<td width=\"45\">40<\/td>\n<\/tr>\n<tr>\n<td width=\"85\">SW-MDJ-320<\/td>\n<td width=\"89\">440*350*420<\/td>\n<td width=\"67\">220<\/td>\n<td width=\"62\">3.6<\/td>\n<td width=\"54\">50<\/td>\n<td width=\"77\">40-50<\/td>\n<td width=\"85\">3.2\u2264d\uff1c3.7<\/td>\n<td width=\"45\">40<\/td>\n<\/tr>\n<tr>\n<td width=\"85\">SW-MDJ-400<\/td>\n<td width=\"89\">440*350*420<\/td>\n<td width=\"67\">220<\/td>\n<td width=\"62\">3.8<\/td>\n<td width=\"54\">56<\/td>\n<td width=\"77\">40<\/td>\n<td width=\"85\">3,7 \u2264 d \u2264 4,4<\/td>\n<td width=\"45\">40<\/td>\n<\/tr>\n<tr>\n<td width=\"85\">SW-MDJ-480<\/td>\n<td width=\"89\">440*350*420<\/td>\n<td width=\"67\">220<\/td>\n<td width=\"62\">4<\/td>\n<td width=\"54\">58<\/td>\n<td width=\"77\">35-40<\/td>\n<td width=\"85\">4,5 \u2264 d \u2264 5,0<\/td>\n<td width=\"45\">40<\/td>\n<\/tr>\n<\/tbody>\n<\/table>\n<p><strong><b>Nota:<\/b><\/strong>\u00a0Il modello specifico deve essere determinato in base alle specifiche effettive del rivetto. Questa tabella \u00e8 solo per riferimento.<\/p>\n\t\t<\/div>\n\n\t\t\n<style>\n#section_1061661803 {\n  padding-top: 30px;\n  padding-bottom: 30px;\n}\n#section_1061661803 .ux-shape-divider--top svg {\n  height: 150px;\n  --divider-top-width: 100%;\n}\n#section_1061661803 .ux-shape-divider--bottom svg {\n  height: 150px;\n  --divider-width: 100%;\n}\n<\/style>\n\t<\/section>\n\t\n\t<section class=\"section\" id=\"section_191268189\">\n\t\t<div class=\"bg section-bg fill bg-fill  bg-loaded\" >\n\n\t\t\t\n\t\t\t\n\t\t\t\n\n\t\t<\/div>\n\n\t\t\n\n\t\t<div class=\"section-content relative\">\n\t\t\t\n<h2 style=\"text-align: center;\"><strong><b>GIURARE <\/b><\/strong><strong><b>R<\/b><\/strong><strong><b>ivet<\/b><\/strong><strong><b>ing<\/b><\/strong><strong><b>\u00a0<\/b><\/strong><strong><b>M<\/b><\/strong><strong><b>achina <\/b><\/strong><strong><b>W<\/b><\/strong><strong><b>orking <\/b><\/strong><strong><b>P<\/b><\/strong><strong><b>principio e <\/b><\/strong><strong><b>F<\/b><\/strong><strong><b>unzione<\/b><\/strong><\/h2>\n<h3><strong><b>Principio:<\/b><\/strong><\/h3>\n<p>I rivetti vengono aspirati nell&#039;ugello della pistola rivettatrice facendo affidamento sulla pressione negativa nell&#039;ugello della pistola rivettatrice; la rivettatrice automatica SWOER \u00e8 una versione automatizzata della rivettatrice automatica.<\/p>\n<p>Si basa su una macchina per disporre e separare automaticamente i rivetti e utilizza l&#039;aria compressa come energia per trasportare automaticamente i rivetti all&#039;ugello della pistola rivettatrice attraverso i tubi.<\/p>\n<h3><strong><b>Funzione:<\/b><\/strong><\/h3>\n<p>Con la macchina tirachiodi automatica SWOER \u00e8 possibile svolgere compiti ardui che dipendono fortemente dalle mani di lavoratori qualificati<\/p>\n<p>Le operazioni manuali di estrazione dei chiodi possono essere aggiornate a operazioni automatizzate o senza personale.<\/p>\n<h3><strong><b>Effetto:<\/b><\/strong><\/h3>\n<ol>\n<li><strong><b> Risparmia lavoratori e semplifica la gestione<\/b><\/strong><\/li>\n<\/ol>\n<p>La velocit\u00e0 di estrazione dei chiodi \u00e8 elevata, una persona pu\u00f2 svolgere il lavoro di due persone e ci sono meno lavoratori, il che riduce i costi di gestione o i salari.<\/p>\n<ol start=\"2\">\n<li><strong><b> Alta efficienza e risparmio di costi<\/b><\/strong><\/li>\n<\/ol>\n<p>Non \u00e8 necessario rimuovere i rivetti manualmente, risparmiando tempo nella chiodatura. La produzione viene aumentata rispetto all&#039;originale, la produzione giornaliera viene completata prima del previsto e il volume di produzione viene ridotto. Niente pi\u00f9 straordinari durante le ore di lavoro a breve termine.<\/p>\n<ol start=\"3\">\n<li><strong><b> Super pulito e di buona qualit\u00e0<\/b><\/strong><\/li>\n<\/ol>\n<p>Il rivetto viene inviato automaticamente all&#039;ugello della pistola, senza bisogno di prenderlo a mano, riducendo l&#039;inquinamento secondario; tieni il prodotto con la mano sinistra, non preoccuparti. Le posizioni dei fori non sono uniformi, con conseguente riduzione della produzione o rilavorazione secondaria.<\/p>\n<ol start=\"4\">\n<li><strong><b> Non c&#039;\u00e8 bisogno di prenderlo a mano, pi\u00f9 facile<\/b><\/strong><\/li>\n<\/ol>\n<p>La mano sinistra non ha bisogno di lavorare e pu\u00f2 trattenere il prodotto, il che riduce notevolmente l&#039;intensit\u00e0 del lavoro dei lavoratori.<\/p>\n<ol start=\"5\">\n<li><strong><b> Non c&#039;\u00e8 bisogno di essere esperti, facile da imparare<\/b><\/strong><\/li>\n<\/ol>\n<p>Pu\u00f2 essere utilizzato sia da mani esperte che esperte e non \u00e8 richiesta alcuna formazione. Possono iniziare a lavorare immediatamente; non \u00e8 necessario preoccuparsi della perdita di produzione da parte di mani esperte.<\/p>\n\t\t<\/div>\n\n\t\t\n<style>\n#section_191268189 {\n  padding-top: 30px;\n  padding-bottom: 30px;\n}\n#section_191268189 .ux-shape-divider--top svg {\n  height: 150px;\n  --divider-top-width: 100%;\n}\n#section_191268189 .ux-shape-divider--bottom svg {\n  height: 150px;\n  --divider-width: 100%;\n}\n<\/style>\n\t<\/section>\n\t\n\t<section class=\"section\" id=\"section_2116039617\">\n\t\t<div class=\"bg section-bg fill bg-fill  bg-loaded\" >\n\n\t\t\t\n\t\t\t\n\t\t\t\n\n\t\t<\/div>\n\n\t\t\n\n\t\t<div class=\"section-content relative\">\n\t\t\t\n<h2 style=\"text-align: center;\"><strong><b>Ambito di applicazione <\/b><\/strong><strong><b>UN<\/b><\/strong><strong><b>applicazione di <\/b><\/strong><strong><b>Il chiodo<\/b><\/strong><\/h2>\n\t<div class=\"img has-hover x md-x lg-x y md-y lg-y\" id=\"image_1632438150\">\n\t\t\t\t\t\t\t\t<div class=\"img-inner dark\" >\n\t\t\t<img loading=\"lazy\" decoding=\"async\" width=\"553\" height=\"156\" src=\"https:\/\/swoer.com\/wp-content\/uploads\/2024\/04\/Scope-of-Application-of-The-Nail.webp\" class=\"attachment-original size-original\" alt=\"Ambito di applicazione del chiodo\" srcset=\"https:\/\/swoer.com\/wp-content\/uploads\/2024\/04\/Scope-of-Application-of-The-Nail.webp 553w, https:\/\/swoer.com\/wp-content\/uploads\/2024\/04\/Scope-of-Application-of-The-Nail-300x85.webp 300w\" sizes=\"(max-width: 553px) 100vw, 553px\" \/>\t\t\t\t\t\t\n\t\t\t\t\t<\/div>\n\t\t\t\t\t\t\t\t\n<style>\n#image_1632438150 {\n  width: 100%;\n}\n<\/style>\n\t<\/div>\n\t\n<table>\n<tbody>\n<tr>\n<td colspan=\"3\" width=\"568\">\n<h4 style=\"text-align: center;\"><strong>Gamma di applicazione del rivetto (unit\u00e0: mm)<\/strong><\/h4>\n<\/td>\n<\/tr>\n<tr>\n<td width=\"189\">Codice nome<\/td>\n<td width=\"189\">Dimensione minima<\/td>\n<td width=\"189\">Dimensione massima<\/td>\n<\/tr>\n<tr>\n<td width=\"189\">Diametro del tubo del rivetto A<\/td>\n<td width=\"189\">2.4<\/td>\n<td width=\"189\">4.8<\/td>\n<\/tr>\n<tr>\n<td width=\"189\">Lunghezza del tubo del rivetto B<\/td>\n<td width=\"189\">2<\/td>\n<td width=\"189\">15<\/td>\n<\/tr>\n<tr>\n<td width=\"189\">Diametro tesa del cappello C<\/td>\n<td width=\"189\">4<\/td>\n<td width=\"189\">9.5<\/td>\n<\/tr>\n<tr>\n<td width=\"189\">Tirare il diametro del nucleo D<\/td>\n<td width=\"189\">1.4<\/td>\n<td width=\"189\">3<\/td>\n<\/tr>\n<tr>\n<td width=\"189\">Tirare la lunghezza del nucleo E<\/td>\n<td width=\"189\">24<\/td>\n<td width=\"189\">36<\/td>\n<\/tr>\n<tr>\n<td width=\"189\">Lunghezza totale del rivetto F<\/td>\n<td width=\"189\">28<\/td>\n<td width=\"189\">48<\/td>\n<\/tr>\n<\/tbody>\n<\/table>\n<p><strong><b>Nota:<\/b><\/strong><\/p>\n<ol>\n<li>Le dimensioni esterne dei rivetti devono rientrare in questo intervallo.<\/li>\n<li>Alcuni rivetti speciali: quando la lunghezza del tubo di rivettatura \u00e8 maggiore di 13 mm, la lunghezza del nucleo deve essere maggiore di 28 mm; quando la lunghezza del tubo di rivettatura \u00e8 pari a 17mm, la lunghezza dell&#039;anima non deve essere inferiore a 26mm.<\/li>\n<li>Requisiti del tipo di rivetto: i rivetti in acciaio inossidabile richiedono una bassa purezza, mentre altri rivetti, come chiodi in ferro e chiodi in acciaio, non hanno requisiti.<\/li>\n<\/ol>\n\t\t<\/div>\n\n\t\t\n<style>\n#section_2116039617 {\n  padding-top: 30px;\n  padding-bottom: 30px;\n}\n#section_2116039617 .ux-shape-divider--top svg {\n  height: 150px;\n  --divider-top-width: 100%;\n}\n#section_2116039617 .ux-shape-divider--bottom svg {\n  height: 150px;\n  --divider-width: 100%;\n}\n<\/style>\n\t<\/section>\n\t\n\t<section class=\"section\" id=\"section_1165391454\">\n\t\t<div class=\"bg section-bg fill bg-fill  bg-loaded\" >\n\n\t\t\t\n\t\t\t\n\t\t\t\n\n\t\t<\/div>\n\n\t\t\n\n\t\t<div class=\"section-content relative\">\n\t\t\t\n<h2 style=\"text-align: center;\"><strong><b>Campo di applicazione<\/b><\/strong><\/h2>\n<p>La rivettatrice automatica SWOER \u00e8 adatta per operazioni di rivettatura di collegamento di due o pi\u00f9 strati di pannelli di vari materiali e spessori tramite rivetti. \u00c8 ampiamente utilizzato in telai, armadi, illuminazione, automobili, navi, aerei, piccoli elettrodomestici, operazioni di estrazione di chiodi in server, forni elettrici, forni a microonde, imballaggi di liquori e altri settori.<\/p>\n\t<div class=\"img has-hover x md-x lg-x y md-y lg-y\" id=\"image_761794417\">\n\t\t\t\t\t\t\t\t<div class=\"img-inner dark\" >\n\t\t\t<img loading=\"lazy\" decoding=\"async\" width=\"553\" height=\"212\" src=\"https:\/\/swoer.com\/wp-content\/uploads\/2024\/04\/automatic-riveting-machine-application-field.webp\" class=\"attachment-original size-original\" alt=\"campo di applicazione della rivettatrice automatica\" srcset=\"https:\/\/swoer.com\/wp-content\/uploads\/2024\/04\/automatic-riveting-machine-application-field.webp 553w, https:\/\/swoer.com\/wp-content\/uploads\/2024\/04\/automatic-riveting-machine-application-field-300x115.webp 300w\" sizes=\"(max-width: 553px) 100vw, 553px\" \/>\t\t\t\t\t\t\n\t\t\t\t\t<\/div>\n\t\t\t\t\t\t\t\t\n<style>\n#image_761794417 {\n  width: 100%;\n}\n<\/style>\n\t<\/div>\n\t\n\t\t<\/div>\n\n\t\t\n<style>\n#section_1165391454 {\n  padding-top: 30px;\n  padding-bottom: 30px;\n}\n#section_1165391454 .ux-shape-divider--top svg {\n  height: 150px;\n  --divider-top-width: 100%;\n}\n#section_1165391454 .ux-shape-divider--bottom svg {\n  height: 150px;\n  --divider-width: 100%;\n}\n<\/style>\n\t<\/section>","protected":false},"excerpt":{"rendered":"","protected":false},"author":1,"featured_media":0,"parent":0,"menu_order":0,"comment_status":"closed","ping_status":"closed","template":"","meta":{"footnotes":""},"yoast_head":"<!-- This site is optimized with the Yoast SEO plugin v22.2 - https:\/\/yoast.com\/wordpress\/plugins\/seo\/ -->\n<title>Auto Screw Feeder Machine - SWOER<\/title>\n<meta name=\"description\" content=\"Swoer is a professional manufacturer of auto screw feeder machine.\" \/>\n<meta name=\"robots\" content=\"index, follow, max-snippet:-1, max-image-preview:large, max-video-preview:-1\" \/>\n<link rel=\"canonical\" href=\"https:\/\/swoer.com\/it\/automatic-rivet-machine\/\" \/>\n<meta property=\"og:locale\" content=\"it_IT\" \/>\n<meta property=\"og:type\" content=\"article\" \/>\n<meta property=\"og:title\" content=\"Auto Screw Feeder Machine - SWOER\" \/>\n<meta property=\"og:description\" content=\"Swoer is a professional manufacturer of auto screw feeder machine.\" \/>\n<meta property=\"og:url\" content=\"https:\/\/swoer.com\/it\/automatic-rivet-machine\/\" \/>\n<meta property=\"og:site_name\" content=\"SWOER\" \/>\n<meta property=\"article:modified_time\" content=\"2024-12-02T09:21:30+00:00\" \/>\n<meta name=\"twitter:card\" content=\"summary_large_image\" \/>\n<meta name=\"twitter:label1\" content=\"Tempo di lettura stimato\" \/>\n\t<meta name=\"twitter:data1\" content=\"5 minuti\" \/>\n<script type=\"application\/ld+json\" class=\"yoast-schema-graph\">{\"@context\":\"https:\/\/schema.org\",\"@graph\":[{\"@type\":\"WebPage\",\"@id\":\"https:\/\/swoer.com\/automatic-rivet-machine\/\",\"url\":\"https:\/\/swoer.com\/automatic-rivet-machine\/\",\"name\":\"Auto Screw Feeder Machine - SWOER\",\"isPartOf\":{\"@id\":\"https:\/\/swoer.com\/#website\"},\"datePublished\":\"2024-04-02T07:05:58+00:00\",\"dateModified\":\"2024-12-02T09:21:30+00:00\",\"description\":\"Swoer is a professional manufacturer of auto screw feeder machine.\",\"breadcrumb\":{\"@id\":\"https:\/\/swoer.com\/automatic-rivet-machine\/#breadcrumb\"},\"inLanguage\":\"it-IT\",\"potentialAction\":[{\"@type\":\"ReadAction\",\"target\":[\"https:\/\/swoer.com\/automatic-rivet-machine\/\"]}]},{\"@type\":\"BreadcrumbList\",\"@id\":\"https:\/\/swoer.com\/automatic-rivet-machine\/#breadcrumb\",\"itemListElement\":[{\"@type\":\"ListItem\",\"position\":1,\"name\":\"Home\",\"item\":\"https:\/\/swoer.com\/\"},{\"@type\":\"ListItem\",\"position\":2,\"name\":\"Auto Screw Feeder Machine\"}]},{\"@type\":\"WebSite\",\"@id\":\"https:\/\/swoer.com\/#website\",\"url\":\"https:\/\/swoer.com\/\",\"name\":\"SWOER\",\"description\":\"Swoer is the top 3 vibratory bowl feeder manufacturer in China\",\"potentialAction\":[{\"@type\":\"SearchAction\",\"target\":{\"@type\":\"EntryPoint\",\"urlTemplate\":\"https:\/\/swoer.com\/?s={search_term_string}\"},\"query-input\":\"required name=search_term_string\"}],\"inLanguage\":\"it-IT\"}]}<\/script>\n<!-- \/ Yoast SEO plugin. -->","yoast_head_json":{"title":"Auto Screw Feeder Machine - SWOER","description":"Swoer is a professional manufacturer of auto screw feeder machine.","robots":{"index":"index","follow":"follow","max-snippet":"max-snippet:-1","max-image-preview":"max-image-preview:large","max-video-preview":"max-video-preview:-1"},"canonical":"https:\/\/swoer.com\/it\/automatic-rivet-machine\/","og_locale":"it_IT","og_type":"article","og_title":"Auto Screw Feeder Machine - SWOER","og_description":"Swoer is a professional manufacturer of auto screw feeder machine.","og_url":"https:\/\/swoer.com\/it\/automatic-rivet-machine\/","og_site_name":"SWOER","article_modified_time":"2024-12-02T09:21:30+00:00","twitter_card":"summary_large_image","twitter_misc":{"Tempo di lettura stimato":"5 minuti"},"schema":{"@context":"https:\/\/schema.org","@graph":[{"@type":"WebPage","@id":"https:\/\/swoer.com\/automatic-rivet-machine\/","url":"https:\/\/swoer.com\/automatic-rivet-machine\/","name":"Auto Screw Feeder Machine - SWOER","isPartOf":{"@id":"https:\/\/swoer.com\/#website"},"datePublished":"2024-04-02T07:05:58+00:00","dateModified":"2024-12-02T09:21:30+00:00","description":"Swoer is a professional manufacturer of auto screw feeder machine.","breadcrumb":{"@id":"https:\/\/swoer.com\/automatic-rivet-machine\/#breadcrumb"},"inLanguage":"it-IT","potentialAction":[{"@type":"ReadAction","target":["https:\/\/swoer.com\/automatic-rivet-machine\/"]}]},{"@type":"BreadcrumbList","@id":"https:\/\/swoer.com\/automatic-rivet-machine\/#breadcrumb","itemListElement":[{"@type":"ListItem","position":1,"name":"Home","item":"https:\/\/swoer.com\/"},{"@type":"ListItem","position":2,"name":"Auto Screw Feeder Machine"}]},{"@type":"WebSite","@id":"https:\/\/swoer.com\/#website","url":"https:\/\/swoer.com\/","name":"SWOER","description":"Swoer is the top 3 vibratory bowl feeder manufacturer in China","potentialAction":[{"@type":"SearchAction","target":{"@type":"EntryPoint","urlTemplate":"https:\/\/swoer.com\/?s={search_term_string}"},"query-input":"required name=search_term_string"}],"inLanguage":"it-IT"}]}},"_links":{"self":[{"href":"https:\/\/swoer.com\/it\/wp-json\/wp\/v2\/pages\/1823"}],"collection":[{"href":"https:\/\/swoer.com\/it\/wp-json\/wp\/v2\/pages"}],"about":[{"href":"https:\/\/swoer.com\/it\/wp-json\/wp\/v2\/types\/page"}],"author":[{"embeddable":true,"href":"https:\/\/swoer.com\/it\/wp-json\/wp\/v2\/users\/1"}],"replies":[{"embeddable":true,"href":"https:\/\/swoer.com\/it\/wp-json\/wp\/v2\/comments?post=1823"}],"version-history":[{"count":15,"href":"https:\/\/swoer.com\/it\/wp-json\/wp\/v2\/pages\/1823\/revisions"}],"predecessor-version":[{"id":2952,"href":"https:\/\/swoer.com\/it\/wp-json\/wp\/v2\/pages\/1823\/revisions\/2952"}],"wp:attachment":[{"href":"https:\/\/swoer.com\/it\/wp-json\/wp\/v2\/media?parent=1823"}],"curies":[{"name":"wp","href":"https:\/\/api.w.org\/{rel}","templated":true}]}}