{"id":3334,"date":"2025-04-24T09:39:19","date_gmt":"2025-04-24T01:39:19","guid":{"rendered":"https:\/\/swoer.com\/?post_type=product&#038;p=3334"},"modified":"2025-04-24T16:42:12","modified_gmt":"2025-04-24T08:42:12","slug":"bowl-feeder-manufacturers-uk","status":"publish","type":"product","link":"https:\/\/swoer.com\/fr\/manufacturer\/bowl-feeder-manufacturers-uk\/","title":{"rendered":"Fabricants de bols vibrants au Royaume-Uni | Fournisseur de bols vibrants"},"content":{"rendered":"<h2>Avantages des mangeoires \u00e0 bol personnalis\u00e9es SWOER<\/h2>\n<ul>\n<li><strong>Personnalis\u00e9 selon vos pi\u00e8ces<\/strong><br \/>\nNous concevons chaque bol d&#039;alimentation pour s&#039;adapter \u00e0 la taille, \u00e0 la forme et au sens d&#039;alimentation de votre produit.<\/li>\n<li><strong>D\u00e9lai de livraison rapide<\/strong><br \/>\nGr\u00e2ce \u00e0 notre production efficace, obtenez votre bol d&#039;alimentation personnalis\u00e9 en seulement 1 \u00e0 2 semaines.<\/li>\n<li><strong>Alimentation pr\u00e9cise et stable<\/strong><br \/>\nNos alimentateurs fonctionnent de mani\u00e8re fluide et constante, traitant jusqu&#039;\u00e0 500 pi\u00e8ces par minute avec pr\u00e9cision.<\/li>\n<li><strong>Plus de 10 ans d&#039;exp\u00e9rience<\/strong><br \/>\nB\u00e9n\u00e9ficiant de la confiance de nos clients du monde entier, nous fabriquons des mangeoires \u00e0 bol fiables depuis plus d&#039;une d\u00e9cennie.<\/li>\n<li><strong>Conception compacte<\/strong><br \/>\nLes solutions peu encombrantes sont parfaites pour les lignes de production automatis\u00e9es.<\/li>\n<li><strong>Approuv\u00e9 par les entreprises britanniques<\/strong><br \/>\nNous fournissons des alimentateurs de haute qualit\u00e9 aux entreprises d&#039;automatisation et aux fabricants \u00e0 travers le Royaume-Uni.<\/li>\n<li><strong>Convient \u00e0 de nombreuses industries<\/strong><br \/>\nId\u00e9al pour une utilisation dans l&#039;automobile, l&#039;\u00e9lectronique, les appareils m\u00e9dicaux, les plastiques et plus encore.<\/li>\n<\/ul>\n\t<div id=\"gap-815427406\" class=\"gap-element clearfix\" style=\"display:block; height:auto;\">\n\t\t\n<style>\n#gap-815427406 {\n  padding-top: 30px;\n}\n<\/style>\n\t<\/div>\n\t\n<h2>Options personnalis\u00e9es \u00e0 confirmer avec le fabricant SWOER<\/h2>\n<ol>\n<li><strong>Sp\u00e9cifications des pi\u00e8ces<\/strong><br \/>\n\u00ab Veuillez fournir des dessins de pi\u00e8ces ou des \u00e9chantillons, y compris les dimensions, le mat\u00e9riau et le poids. \u00bb<\/li>\n<li><strong>Direction et orientation de l&#039;alimentation<\/strong><br \/>\n\u00ab Confirmez l&#039;orientation requise de la pi\u00e8ce et le sens d&#039;alimentation (par exemple, debout, couch\u00e9, face vers le haut). \u00bb<\/li>\n<li><strong>Exigences de vitesse d&#039;alimentation<\/strong><br \/>\n\u00ab\u00a0Sp\u00e9cifiez le d\u00e9bit d\u2019alimentation requis (parties par minute).\u00a0\u00bb<\/li>\n<li><strong>Taille et capacit\u00e9 du bol<\/strong><br \/>\n\u00ab Confirmez le diam\u00e8tre et le volume attendus du bol en fonction de la taille et de la quantit\u00e9 de vos pi\u00e8ces. \u00bb<\/li>\n<li><strong>Disposition de la machine et limitations d&#039;espace<\/strong><br \/>\n\u00ab Partagez votre espace disponible et votre am\u00e9nagement d&#039;int\u00e9gration pour garantir un ajustement appropri\u00e9. \u00bb<\/li>\n<li><strong>Alimentation \u00e9lectrique<\/strong><br \/>\n\u00ab Veuillez pr\u00e9ciser la tension et la fr\u00e9quence (par exemple, 220 V\/50 Hz ou 110 V\/60 Hz). \u00bb<\/li>\n<li><strong>Exigences en mati\u00e8re de bruit<\/strong><br \/>\n\u00ab Faites-nous savoir si vous avez des restrictions en mati\u00e8re de niveau sonore ou si vous avez besoin d\u2019enceintes acoustiques. \u00bb<\/li>\n<li><strong>Traitement de surface ou rev\u00eatement<\/strong><br \/>\n\u00ab Si des rev\u00eatements anti-usure, antistatiques ou sp\u00e9ciaux sont n\u00e9cessaires, veuillez le confirmer \u00e0 l&#039;avance. \u00bb<\/li>\n<li><strong>Exigence de tr\u00e9mie ou d&#039;alimentateur lin\u00e9aire<\/strong><br \/>\n\u00ab Avez-vous besoin d\u2019une tr\u00e9mie en vrac ou d\u2019un alimentateur lin\u00e9aire pour permettre une alimentation continue ? \u00bb<\/li>\n<li><strong>Int\u00e9gration avec un syst\u00e8me de vision ou de robot<\/strong><br \/>\n\u00ab Faites-nous savoir si le chargeur doit fonctionner avec un syst\u00e8me de cam\u00e9ra ou un bras robotis\u00e9. \u00bb<\/li>\n<\/ol>\n\t<div id=\"gap-300103265\" class=\"gap-element clearfix\" style=\"display:block; height:auto;\">\n\t\t\n<style>\n#gap-300103265 {\n  padding-top: 30px;\n}\n<\/style>\n\t<\/div>\n\t\n<h2>Contactez SWOER<\/h2>\n<p>Communiquez les d\u00e9tails de conception du bol d&#039;alimentation.<\/p>\n\n<div class=\"wpcf7 no-js\" id=\"wpcf7-f280-o1\" lang=\"en-US\" dir=\"ltr\">\n<div class=\"screen-reader-response\"><p role=\"status\" aria-live=\"polite\" aria-atomic=\"true\"><\/p> <ul><\/ul><\/div>\n<form action=\"\/fr\/wp-json\/wp\/v2\/product\/3334#wpcf7-f280-o1\" method=\"post\" class=\"wpcf7-form init\" aria-label=\"Formulaire de contact\" novalidate=\"novalidate\" data-status=\"init\" data-trp-original-action=\"\/fr\/wp-json\/wp\/v2\/product\/3334#wpcf7-f280-o1\">\n<div style=\"display: none;\">\n<input type=\"hidden\" name=\"_wpcf7\" value=\"280\" \/>\n<input type=\"hidden\" name=\"_wpcf7_version\" value=\"5.9.2\" \/>\n<input type=\"hidden\" name=\"_wpcf7_locale\" value=\"en_US\" \/>\n<input type=\"hidden\" name=\"_wpcf7_unit_tag\" value=\"wpcf7-f280-o1\" \/>\n<input type=\"hidden\" name=\"_wpcf7_container_post\" value=\"0\" \/>\n<input type=\"hidden\" name=\"_wpcf7_posted_data_hash\" value=\"\" \/>\n<\/div>\n<div class='custom_contact_style'>\n\t<div class=\"row row-small\">\n\t\t<div class=\"col medium-6 small-12 large-6\">\n\t\t\t<div class=\"col-inner\">\n\t\t\t\t<p><span class=\"wpcf7-form-control-wrap\" data-name=\"your-name\"><input size=\"40\" class=\"wpcf7-form-control wpcf7-text wpcf7-validates-as-required\" aria-required=\"true\" aria-invalid=\"false\" placeholder=\"Nom*\" value=\"\" type=\"text\" name=\"your-name\" \/><\/span>\n\t\t\t\t<\/p>\n\t\t\t<\/div>\n\t\t<\/div>\n\t\t<div class=\"col medium-6 small-12 large-6\">\n\t\t\t<div class=\"col-inner\">\n\t\t\t\t<p><span class=\"wpcf7-form-control-wrap\" data-name=\"your-email\"><input size=\"40\" class=\"wpcf7-form-control wpcf7-email wpcf7-validates-as-required wpcf7-text wpcf7-validates-as-email\" aria-required=\"true\" aria-invalid=\"false\" placeholder=\"E-mail*\" value=\"\" type=\"email\" name=\"your-email\" \/><\/span>\n\t\t\t\t<\/p>\n\t\t\t<\/div>\n\t\t<\/div>\n\t<\/div>\n\t<div class='cus_contact_form_bottom'>\n\t\t<p><span class=\"wpcf7-form-control-wrap\" data-name=\"your-phone\"><input size=\"40\" class=\"wpcf7-form-control wpcf7-text\" aria-invalid=\"false\" placeholder=\"T\u00e9l\u00e9phone\" value=\"\" type=\"text\" name=\"your-phone\" \/><\/span>\n\t\t<\/p>\n\t<\/div>\n\t<div class='cus_contact_form_bottom'>\n\t\t<p><span class=\"wpcf7-form-control-wrap\" data-name=\"your-country\"><input size=\"40\" class=\"wpcf7-form-control wpcf7-text\" aria-invalid=\"false\" placeholder=\"Pays\" value=\"\" type=\"text\" name=\"your-country\" \/><\/span>\n\t\t<\/p>\n\t<\/div>\n\t<p><span class=\"wpcf7-form-control-wrap\" data-name=\"your-message\"><textarea cols=\"40\" rows=\"10\" class=\"wpcf7-form-control wpcf7-textarea wpcf7-validates-as-required\" aria-required=\"true\" aria-invalid=\"false\" placeholder=\"Votre message *\" name=\"your-message\"><\/textarea><\/span>\n\t<\/p>\n\t<div style=\"margin-bottom:10px;\">\n\t\t<p><span class=\"wpcf7-form-control-wrap kc_captcha cf7ic-toggle\" data-name=\"kc_captcha\"><span class=\"wpcf7-form-control wpcf7-radio\"><span class=\"captcha-image\" style=\"display: none;\"><span class=\"cf7ic_instructions\">Veuillez prouver que vous \u00eates humain en s\u00e9lectionnant le<span> star<\/span>.<\/span><label><input aria-label=\"1\" type=\"radio\" name=\"kc_captcha\" value=\"kc_human\" \/><svg aria-hidden=\"true\" role=\"img\" xmlns=\"http:\/\/www.w3.org\/2000\/svg\" viewbox=\"0 0 576 512\"><path fill=\"currentColor\" d=\"M259 18l-65 132-146 22c-26 3-37 36-18 54l106 103-25 146c-5 26 23 46 46 33l131-68 131 68c23 13 51-7 46-33l-25-146 106-103c19-18 8-51-18-54l-146-22-65-132a32 32 0 00-58 0z\"\/><\/svg><\/label><label><input aria-label=\"2\" type=\"radio\" name=\"kc_captcha\" value=\"bot\" \/><svg aria-hidden=\"true\" role=\"img\" xmlns=\"http:\/\/www.w3.org\/2000\/svg\" viewbox=\"0 0 640 512\"><path fill=\"currentColor\" d=\"M192 384h192c53 0 96-43 96-96h32a128 128 0 000-256H120c-13 0-24 11-24 24v232c0 53 43 96 96 96zM512 96a64 64 0 010 128h-32V96h32zm48 384H48c-47 0-61-64-36-64h584c25 0 11 64-36 64z\"\/><\/svg><\/label><label><input aria-label=\"3\" type=\"radio\" name=\"kc_captcha\" value=\"bot\" \/><svg aria-hidden=\"true\" role=\"img\" xmlns=\"http:\/\/www.w3.org\/2000\/svg\" viewbox=\"0 0 384 512\"><path fill=\"currentColor\" d=\"M377 375l-83-87h34c21 0 32-25 17-40l-82-88h33c21 0 32-25 18-40L210 8c-10-11-26-11-36 0L70 120c-14 15-3 40 18 40h33l-82 88c-15 15-4 40 17 40h34L7 375c-15 16-4 41 17 41h120c0 33-11 49-34 68-12 9-5 28 10 28h144c15 0 22-19 10-28-20-16-34-32-34-68h120c21 0 32-25 17-41z\"\/><\/svg><\/label>\r\n    <\/span>\r\n    <span style=\"display:none\">\r\n        <input type=\"text\" name=\"kc_honeypot\">\r\n    <\/span><\/span><\/span>\n\t\t<\/p>\n\t<\/div>\n\t<p><input class=\"wpcf7-form-control wpcf7-submit has-spinner\" type=\"submit\" value=\"Envoyer le message\" \/>\n\t<\/p>\n<\/div><div class=\"wpcf7-response-output\" aria-hidden=\"true\"><\/div>\n<input type=\"hidden\" name=\"trp-form-language\" value=\"fr\"\/><\/form>\n<\/div>","protected":false},"excerpt":{"rendered":"<p>SWOER fournit des bols vibrants personnalis\u00e9s avec des d\u00e9lais de livraison rapides, une conception de pr\u00e9cision et plus de 10 ans d&#039;expertise en fabrication.<\/p>","protected":false},"featured_media":3336,"comment_status":"open","ping_status":"closed","template":"","meta":[],"product_cat":[37],"product_tag":[],"yoast_head":"<!-- This site is optimized with the Yoast SEO plugin v22.2 - https:\/\/yoast.com\/wordpress\/plugins\/seo\/ -->\n<title>Bowl Feeder Manufacturers UK | Vibratory Bowl Feeders Supplier - SWOER<\/title>\n<meta name=\"description\" content=\"SWOER is a leading bowl feeder manufacturer and supplier, offering high-quality vibratory bowl feeders for automation companies across the UK.\" \/>\n<meta name=\"robots\" content=\"index, follow, max-snippet:-1, max-image-preview:large, max-video-preview:-1\" \/>\n<link rel=\"canonical\" href=\"https:\/\/swoer.com\/fr\/manufacturer\/bowl-feeder-manufacturers-uk\/\" \/>\n<meta property=\"og:locale\" content=\"fr_FR\" \/>\n<meta property=\"og:type\" content=\"article\" \/>\n<meta property=\"og:title\" content=\"Bowl Feeder Manufacturers UK | Vibratory Bowl Feeders Supplier - SWOER\" \/>\n<meta property=\"og:description\" content=\"SWOER is a leading bowl feeder manufacturer and supplier, offering high-quality vibratory bowl feeders for automation companies across the UK.\" \/>\n<meta property=\"og:url\" content=\"https:\/\/swoer.com\/fr\/manufacturer\/bowl-feeder-manufacturers-uk\/\" \/>\n<meta property=\"og:site_name\" content=\"SWOER\" \/>\n<meta property=\"article:modified_time\" content=\"2025-04-24T08:42:12+00:00\" \/>\n<meta property=\"og:image\" content=\"https:\/\/swoer.com\/wp-content\/uploads\/2025\/04\/Bowl-Feeder-Manufacturers-uk.webp\" \/>\n\t<meta property=\"og:image:width\" content=\"800\" \/>\n\t<meta property=\"og:image:height\" content=\"800\" \/>\n\t<meta property=\"og:image:type\" content=\"image\/webp\" \/>\n<meta name=\"twitter:card\" content=\"summary_large_image\" \/>\n<meta name=\"twitter:label1\" content=\"Dur\u00e9e de lecture estim\u00e9e\" \/>\n\t<meta name=\"twitter:data1\" content=\"2 minutes\" \/>\n<script type=\"application\/ld+json\" class=\"yoast-schema-graph\">{\"@context\":\"https:\/\/schema.org\",\"@graph\":[{\"@type\":\"WebPage\",\"@id\":\"https:\/\/swoer.com\/manufacturer\/bowl-feeder-manufacturers-uk\/\",\"url\":\"https:\/\/swoer.com\/manufacturer\/bowl-feeder-manufacturers-uk\/\",\"name\":\"Bowl Feeder Manufacturers UK | Vibratory Bowl Feeders Supplier - SWOER\",\"isPartOf\":{\"@id\":\"https:\/\/swoer.com\/#website\"},\"primaryImageOfPage\":{\"@id\":\"https:\/\/swoer.com\/manufacturer\/bowl-feeder-manufacturers-uk\/#primaryimage\"},\"image\":{\"@id\":\"https:\/\/swoer.com\/manufacturer\/bowl-feeder-manufacturers-uk\/#primaryimage\"},\"thumbnailUrl\":\"https:\/\/swoer.com\/wp-content\/uploads\/2025\/04\/Bowl-Feeder-Manufacturers-uk.webp\",\"datePublished\":\"2025-04-24T01:39:19+00:00\",\"dateModified\":\"2025-04-24T08:42:12+00:00\",\"description\":\"SWOER is a leading bowl feeder manufacturer and supplier, offering high-quality vibratory bowl feeders for automation companies across the UK.\",\"breadcrumb\":{\"@id\":\"https:\/\/swoer.com\/manufacturer\/bowl-feeder-manufacturers-uk\/#breadcrumb\"},\"inLanguage\":\"fr-FR\",\"potentialAction\":[{\"@type\":\"ReadAction\",\"target\":[\"https:\/\/swoer.com\/manufacturer\/bowl-feeder-manufacturers-uk\/\"]}]},{\"@type\":\"ImageObject\",\"inLanguage\":\"fr-FR\",\"@id\":\"https:\/\/swoer.com\/manufacturer\/bowl-feeder-manufacturers-uk\/#primaryimage\",\"url\":\"https:\/\/swoer.com\/wp-content\/uploads\/2025\/04\/Bowl-Feeder-Manufacturers-uk.webp\",\"contentUrl\":\"https:\/\/swoer.com\/wp-content\/uploads\/2025\/04\/Bowl-Feeder-Manufacturers-uk.webp\",\"width\":800,\"height\":800,\"caption\":\"Bowl Feeder Manufacturers uk\"},{\"@type\":\"BreadcrumbList\",\"@id\":\"https:\/\/swoer.com\/manufacturer\/bowl-feeder-manufacturers-uk\/#breadcrumb\",\"itemListElement\":[{\"@type\":\"ListItem\",\"position\":1,\"name\":\"Home\",\"item\":\"https:\/\/swoer.com\/\"},{\"@type\":\"ListItem\",\"position\":2,\"name\":\"Shop\",\"item\":\"https:\/\/swoer.com\/shop\/\"},{\"@type\":\"ListItem\",\"position\":3,\"name\":\"Bowl Feeder Manufacturers UK | Vibratory Bowl Feeders Supplier\"}]},{\"@type\":\"WebSite\",\"@id\":\"https:\/\/swoer.com\/#website\",\"url\":\"https:\/\/swoer.com\/\",\"name\":\"SWOER\",\"description\":\"Swoer is the top 3 vibratory bowl feeder manufacturer in China\",\"potentialAction\":[{\"@type\":\"SearchAction\",\"target\":{\"@type\":\"EntryPoint\",\"urlTemplate\":\"https:\/\/swoer.com\/?s={search_term_string}\"},\"query-input\":\"required name=search_term_string\"}],\"inLanguage\":\"fr-FR\"}]}<\/script>\n<!-- \/ Yoast SEO plugin. -->","yoast_head_json":{"title":"Bowl Feeder Manufacturers UK | Vibratory Bowl Feeders Supplier - SWOER","description":"SWOER is a leading bowl feeder manufacturer and supplier, offering high-quality vibratory bowl feeders for automation companies across the UK.","robots":{"index":"index","follow":"follow","max-snippet":"max-snippet:-1","max-image-preview":"max-image-preview:large","max-video-preview":"max-video-preview:-1"},"canonical":"https:\/\/swoer.com\/fr\/manufacturer\/bowl-feeder-manufacturers-uk\/","og_locale":"fr_FR","og_type":"article","og_title":"Bowl Feeder Manufacturers UK | Vibratory Bowl Feeders Supplier - SWOER","og_description":"SWOER is a leading bowl feeder manufacturer and supplier, offering high-quality vibratory bowl feeders for automation companies across the UK.","og_url":"https:\/\/swoer.com\/fr\/manufacturer\/bowl-feeder-manufacturers-uk\/","og_site_name":"SWOER","article_modified_time":"2025-04-24T08:42:12+00:00","og_image":[{"width":800,"height":800,"url":"https:\/\/swoer.com\/wp-content\/uploads\/2025\/04\/Bowl-Feeder-Manufacturers-uk.webp","type":"image\/webp"}],"twitter_card":"summary_large_image","twitter_misc":{"Dur\u00e9e de lecture estim\u00e9e":"2 minutes"},"schema":{"@context":"https:\/\/schema.org","@graph":[{"@type":"WebPage","@id":"https:\/\/swoer.com\/manufacturer\/bowl-feeder-manufacturers-uk\/","url":"https:\/\/swoer.com\/manufacturer\/bowl-feeder-manufacturers-uk\/","name":"Bowl Feeder Manufacturers UK | Vibratory Bowl Feeders Supplier - SWOER","isPartOf":{"@id":"https:\/\/swoer.com\/#website"},"primaryImageOfPage":{"@id":"https:\/\/swoer.com\/manufacturer\/bowl-feeder-manufacturers-uk\/#primaryimage"},"image":{"@id":"https:\/\/swoer.com\/manufacturer\/bowl-feeder-manufacturers-uk\/#primaryimage"},"thumbnailUrl":"https:\/\/swoer.com\/wp-content\/uploads\/2025\/04\/Bowl-Feeder-Manufacturers-uk.webp","datePublished":"2025-04-24T01:39:19+00:00","dateModified":"2025-04-24T08:42:12+00:00","description":"SWOER is a leading bowl feeder manufacturer and supplier, offering high-quality vibratory bowl feeders for automation companies across the UK.","breadcrumb":{"@id":"https:\/\/swoer.com\/manufacturer\/bowl-feeder-manufacturers-uk\/#breadcrumb"},"inLanguage":"fr-FR","potentialAction":[{"@type":"ReadAction","target":["https:\/\/swoer.com\/manufacturer\/bowl-feeder-manufacturers-uk\/"]}]},{"@type":"ImageObject","inLanguage":"fr-FR","@id":"https:\/\/swoer.com\/manufacturer\/bowl-feeder-manufacturers-uk\/#primaryimage","url":"https:\/\/swoer.com\/wp-content\/uploads\/2025\/04\/Bowl-Feeder-Manufacturers-uk.webp","contentUrl":"https:\/\/swoer.com\/wp-content\/uploads\/2025\/04\/Bowl-Feeder-Manufacturers-uk.webp","width":800,"height":800,"caption":"Bowl Feeder Manufacturers uk"},{"@type":"BreadcrumbList","@id":"https:\/\/swoer.com\/manufacturer\/bowl-feeder-manufacturers-uk\/#breadcrumb","itemListElement":[{"@type":"ListItem","position":1,"name":"Home","item":"https:\/\/swoer.com\/"},{"@type":"ListItem","position":2,"name":"Shop","item":"https:\/\/swoer.com\/shop\/"},{"@type":"ListItem","position":3,"name":"Bowl Feeder Manufacturers UK | Vibratory Bowl Feeders Supplier"}]},{"@type":"WebSite","@id":"https:\/\/swoer.com\/#website","url":"https:\/\/swoer.com\/","name":"SWOER","description":"Swoer is the top 3 vibratory bowl feeder manufacturer in China","potentialAction":[{"@type":"SearchAction","target":{"@type":"EntryPoint","urlTemplate":"https:\/\/swoer.com\/?s={search_term_string}"},"query-input":"required name=search_term_string"}],"inLanguage":"fr-FR"}]}},"_links":{"self":[{"href":"https:\/\/swoer.com\/fr\/wp-json\/wp\/v2\/product\/3334"}],"collection":[{"href":"https:\/\/swoer.com\/fr\/wp-json\/wp\/v2\/product"}],"about":[{"href":"https:\/\/swoer.com\/fr\/wp-json\/wp\/v2\/types\/product"}],"replies":[{"embeddable":true,"href":"https:\/\/swoer.com\/fr\/wp-json\/wp\/v2\/comments?post=3334"}],"wp:featuredmedia":[{"embeddable":true,"href":"https:\/\/swoer.com\/fr\/wp-json\/wp\/v2\/media\/3336"}],"wp:attachment":[{"href":"https:\/\/swoer.com\/fr\/wp-json\/wp\/v2\/media?parent=3334"}],"wp:term":[{"taxonomy":"product_cat","embeddable":true,"href":"https:\/\/swoer.com\/fr\/wp-json\/wp\/v2\/product_cat?post=3334"},{"taxonomy":"product_tag","embeddable":true,"href":"https:\/\/swoer.com\/fr\/wp-json\/wp\/v2\/product_tag?post=3334"}],"curies":[{"name":"wp","href":"https:\/\/api.w.org\/{rel}","templated":true}]}}