{"id":3304,"date":"2025-04-14T14:16:27","date_gmt":"2025-04-14T06:16:27","guid":{"rendered":"https:\/\/swoer.com\/?post_type=product&#038;p=3304"},"modified":"2025-04-14T15:08:00","modified_gmt":"2025-04-14T07:08:00","slug":"flexible-feeder-for-robotic-tray-placement","status":"publish","type":"product","link":"https:\/\/swoer.com\/fr\/manufacturer\/flexible-feeder-for-robotic-tray-placement\/","title":{"rendered":"Distributeur flexible pour le placement robotis\u00e9 de plateaux SW-400"},"content":{"rendered":"<h2 data-start=\"38\" data-end=\"61\"><strong data-start=\"38\" data-end=\"61\">Avantages du SW-400 :<\/strong><\/h2>\n<ul data-start=\"63\" data-end=\"331\">\n<li class=\"\" data-start=\"63\" data-end=\"89\">\n<p class=\"\" data-start=\"65\" data-end=\"89\">Facile \u00e0 utiliser et \u00e0 configurer<\/p>\n<\/li>\n<li class=\"\" data-start=\"90\" data-end=\"131\">\n<p class=\"\" data-start=\"92\" data-end=\"131\">Fonctionne avec de nombreuses formes et tailles de pi\u00e8ces<\/p>\n<\/li>\n<li class=\"\" data-start=\"132\" data-end=\"177\">\n<p class=\"\" data-start=\"134\" data-end=\"177\">Chargement rapide et pr\u00e9cis des plateaux avec des robots<\/p>\n<\/li>\n<li class=\"\" data-start=\"178\" data-end=\"216\">\n<p class=\"\" data-start=\"180\" data-end=\"216\">Permet de gagner du temps et de r\u00e9duire le travail manuel<\/p>\n<\/li>\n<li class=\"\" data-start=\"217\" data-end=\"287\">\n<p class=\"\" data-start=\"219\" data-end=\"287\">Id\u00e9al pour diff\u00e9rentes industries comme l&#039;\u00e9lectronique, le m\u00e9dical et l&#039;automobile<\/p>\n<\/li>\n<li class=\"\" data-start=\"288\" data-end=\"331\">\n<p class=\"\" data-start=\"290\" data-end=\"331\">Peut \u00eatre chang\u00e9 rapidement pour de nouveaux produits<\/p>\n<\/li>\n<\/ul>\n\t<div id=\"gap-116201441\" class=\"gap-element clearfix\" style=\"display:block; height:auto;\">\n\t\t\n<style>\n#gap-116201441 {\n  padding-top: 30px;\n}\n<\/style>\n\t<\/div>\n\t\n<h2><strong>Param\u00e8tres techniques<\/strong><\/h2>\n<table style=\"border-collapse: collapse; width: 500.27pt;\" border=\"0\" width=\"667\" cellspacing=\"0\" cellpadding=\"0\">\n<tbody>\n<tr style=\"height: 26.00pt;\">\n<td class=\"et3\" style=\"height: 26.00pt; width: 170.25pt;\" width=\"227\" height=\"34\">\n<h4><strong>Caract\u00e9ristiques<\/strong><\/h4>\n<\/td>\n<td class=\"et4\" style=\"width: 183.00pt;\" width=\"244\">\n<h4><strong>Param\u00e8tres<\/strong><\/h4>\n<\/td>\n<td class=\"et3\" style=\"width: 147.00pt;\" width=\"196\">\n<h4><strong>Remarques<\/strong><\/h4>\n<\/td>\n<\/tr>\n<tr style=\"height: 22.00pt;\">\n<td class=\"et5\" style=\"height: 22.00pt;\" height=\"29\">Mod\u00e8le<\/td>\n<td class=\"et6\" style=\"width: 183.00pt;\" width=\"244\">SW-400<\/td>\n<td class=\"et5\"><\/td>\n<\/tr>\n<tr style=\"height: 22.00pt;\">\n<td class=\"et5\" style=\"height: 22.00pt;\" height=\"29\">Param\u00e8tres d\u00e9taill\u00e9s<\/td>\n<td class=\"et6\" style=\"width: 183.00pt;\" width=\"244\">Course 400 mm<\/td>\n<td class=\"et5\"><\/td>\n<\/tr>\n<tr style=\"height: 22.00pt;\">\n<td class=\"et5\" style=\"height: 22.00pt;\" height=\"29\">Dimensions<\/td>\n<td class=\"et6\" style=\"width: 183.00pt;\" width=\"244\">L 610 x l 345 x H 648 mm<\/td>\n<td class=\"et5\"><\/td>\n<\/tr>\n<tr style=\"height: 22.00pt;\">\n<td class=\"et5\" style=\"height: 22.00pt;\" height=\"29\">Charger<\/td>\n<td class=\"et6\" style=\"width: 183.00pt;\" width=\"244\">0,5 kg<\/td>\n<td class=\"et5\"><\/td>\n<\/tr>\n<tr style=\"height: 22.00pt;\">\n<td class=\"et5\" style=\"height: 22.00pt;\" height=\"29\">Mangeoire flexible<\/td>\n<td class=\"et6\" style=\"width: 183.00pt;\" width=\"244\">180 mm * 140 mm<\/td>\n<td class=\"et5\">Personnalisation du disque\u00a0: Facultatif<\/td>\n<\/tr>\n<tr style=\"height: 22.00pt;\">\n<td class=\"et5\" style=\"height: 22.00pt;\" height=\"29\">Bac de rangement<\/td>\n<td class=\"et6\" style=\"width: 183.00pt;\" width=\"244\">3L<\/td>\n<td class=\"et5\"><\/td>\n<\/tr>\n<tr style=\"height: 22.00pt;\">\n<td class=\"et5\" style=\"height: 22.00pt;\" height=\"29\">CCD sup\u00e9rieur<\/td>\n<td class=\"et6\" style=\"width: 183.00pt;\" width=\"244\">1200W<\/td>\n<td class=\"et5\"><\/td>\n<\/tr>\n<tr style=\"height: 22.00pt;\">\n<td class=\"et5\" style=\"height: 22.00pt;\" height=\"29\">CCD inf\u00e9rieur<\/td>\n<td class=\"et6\" style=\"width: 183.00pt;\" width=\"244\">500W<\/td>\n<td class=\"et5\">Facultatif<\/td>\n<\/tr>\n<tr style=\"height: 42.00pt;\">\n<td class=\"et5\" style=\"height: 42.00pt;\" height=\"56\">Syst\u00e8me de contr\u00f4le<\/td>\n<td class=\"et6\" style=\"width: 183.00pt;\" width=\"244\">Auto-d\u00e9velopp\u00e9 (Robot + Vision + Contr\u00f4le centralis\u00e9 des vibrations flexibles)<\/td>\n<td class=\"et5\"><\/td>\n<\/tr>\n<tr style=\"height: 22.00pt;\">\n<td class=\"et5\" style=\"height: 22.00pt;\" height=\"29\">Pr\u00e9cision<\/td>\n<td class=\"et6\" style=\"width: 183.00pt;\" width=\"244\">Pas de tir volant : \u00b10,15 mm<\/td>\n<td class=\"et5\">Tir volant : \u00b1 0,05 mm<\/td>\n<\/tr>\n<tr style=\"height: 22.00pt;\">\n<td class=\"et5\" style=\"height: 22.00pt;\" height=\"29\">Vitesse<\/td>\n<td class=\"et6\" style=\"width: 183.00pt;\" width=\"244\">3000-4500PCS\/H<\/td>\n<td class=\"et5\">Selon le produit<\/td>\n<\/tr>\n<tr style=\"height: 22.00pt;\">\n<td class=\"et5\" style=\"height: 22.00pt;\" height=\"29\">Nombre de buses<\/td>\n<td class=\"et6\" style=\"width: 183.00pt;\" width=\"244\">1 pi\u00e8ce<\/td>\n<td class=\"et5\"><\/td>\n<\/tr>\n<tr style=\"height: 22.00pt;\">\n<td class=\"et5\" style=\"height: 22.00pt;\" height=\"29\">Plage de d\u00e9charge<\/td>\n<td class=\"et6\" style=\"width: 183.00pt;\" width=\"244\">250 mm * 200 mm<\/td>\n<td class=\"et5\"><\/td>\n<\/tr>\n<tr style=\"height: 22.00pt;\">\n<td class=\"et5\" style=\"height: 22.00pt;\" height=\"29\">Tension d&#039;alimentation<\/td>\n<td class=\"et6\" style=\"width: 183.00pt;\" width=\"244\">220V\/50HZ<\/td>\n<td class=\"et5\"><\/td>\n<\/tr>\n<tr style=\"height: 22.00pt;\">\n<td class=\"et5\" style=\"height: 22.00pt;\" height=\"29\">Pression atmosph\u00e9rique<\/td>\n<td class=\"et6\" style=\"width: 183.00pt;\" width=\"244\">0,5-0,7 Mpa<\/td>\n<td class=\"et5\"><\/td>\n<\/tr>\n<tr style=\"height: 22.00pt;\">\n<td class=\"et5\" style=\"height: 22.00pt;\" height=\"29\">Poids\/puissance<\/td>\n<td class=\"et6\" style=\"width: 183.00pt;\" width=\"244\">Environ 75 kg\/1 kW<\/td>\n<td class=\"et5\"><\/td>\n<\/tr>\n<\/tbody>\n<\/table>\n\t<div id=\"gap-2146644018\" class=\"gap-element clearfix\" style=\"display:block; height:auto;\">\n\t\t\n<style>\n#gap-2146644018 {\n  padding-top: 30px;\n}\n<\/style>\n\t<\/div>\n\t\n<h2>Dimensions du SW-400<\/h2>\n\t<div class=\"img has-hover x md-x lg-x y md-y lg-y\" id=\"image_1944389160\">\n\t\t\t\t\t\t\t\t<div class=\"img-inner dark\" >\n\t\t\t<img loading=\"lazy\" decoding=\"async\" width=\"960\" height=\"511\" src=\"https:\/\/swoer.com\/wp-content\/uploads\/2025\/04\/SW-400-Dimensions.webp\" class=\"attachment-original size-original\" alt=\"Dimensions du SW-400\" srcset=\"https:\/\/swoer.com\/wp-content\/uploads\/2025\/04\/SW-400-Dimensions.webp 960w, https:\/\/swoer.com\/wp-content\/uploads\/2025\/04\/SW-400-Dimensions-300x160.webp 300w, https:\/\/swoer.com\/wp-content\/uploads\/2025\/04\/SW-400-Dimensions-768x409.webp 768w, https:\/\/swoer.com\/wp-content\/uploads\/2025\/04\/SW-400-Dimensions-18x10.webp 18w, https:\/\/swoer.com\/wp-content\/uploads\/2025\/04\/SW-400-Dimensions-600x319.webp 600w\" sizes=\"(max-width: 960px) 100vw, 960px\" \/>\t\t\t\t\t\t\n\t\t\t\t\t<\/div>\n\t\t\t\t\t\t\t\t\n<style>\n#image_1944389160 {\n  width: 100%;\n}\n<\/style>\n\t<\/div>","protected":false},"excerpt":{"rendered":"<p class=\"\" data-start=\"38\" data-end=\"61\">Le chargeur flexible SW-400 avec positionnement robotis\u00e9 des plateaux permet un chargement rapide et pr\u00e9cis des pi\u00e8ces. Il g\u00e8re des pi\u00e8ces de diff\u00e9rentes tailles, r\u00e9duit le travail manuel et convient \u00e0 de nombreux secteurs d&#039;activit\u00e9.<\/p>","protected":false},"featured_media":3305,"comment_status":"open","ping_status":"closed","template":"","meta":[],"product_cat":[131],"product_tag":[],"yoast_head":"<!-- This site is optimized with the Yoast SEO plugin v22.2 - https:\/\/yoast.com\/wordpress\/plugins\/seo\/ -->\n<title>Flexible Feeder for Robotic Tray Placement SW-400 - SWOER<\/title>\n<meta name=\"description\" content=\"Flexible feeder with robotic tray placement for fast, precise part sorting and loading. Ideal for automation in electronics, medical, and automotive.\" \/>\n<meta name=\"robots\" content=\"index, follow, max-snippet:-1, max-image-preview:large, max-video-preview:-1\" \/>\n<link rel=\"canonical\" href=\"https:\/\/swoer.com\/fr\/manufacturer\/flexible-feeder-for-robotic-tray-placement\/\" \/>\n<meta property=\"og:locale\" content=\"fr_FR\" \/>\n<meta property=\"og:type\" content=\"article\" \/>\n<meta property=\"og:title\" content=\"Flexible Feeder for Robotic Tray Placement SW-400 - SWOER\" \/>\n<meta property=\"og:description\" content=\"Flexible feeder with robotic tray placement for fast, precise part sorting and loading. Ideal for automation in electronics, medical, and automotive.\" \/>\n<meta property=\"og:url\" content=\"https:\/\/swoer.com\/fr\/manufacturer\/flexible-feeder-for-robotic-tray-placement\/\" \/>\n<meta property=\"og:site_name\" content=\"SWOER\" \/>\n<meta property=\"article:modified_time\" content=\"2025-04-14T07:08:00+00:00\" \/>\n<meta property=\"og:image\" content=\"https:\/\/swoer.com\/wp-content\/uploads\/2025\/04\/Robotic-Parts-Feeder.webp\" \/>\n\t<meta property=\"og:image:width\" content=\"1000\" \/>\n\t<meta property=\"og:image:height\" content=\"1000\" \/>\n\t<meta property=\"og:image:type\" content=\"image\/webp\" \/>\n<meta name=\"twitter:card\" content=\"summary_large_image\" \/>\n<meta name=\"twitter:label1\" content=\"Dur\u00e9e de lecture estim\u00e9e\" \/>\n\t<meta name=\"twitter:data1\" content=\"1 minute\" \/>\n<script type=\"application\/ld+json\" class=\"yoast-schema-graph\">{\"@context\":\"https:\/\/schema.org\",\"@graph\":[{\"@type\":\"WebPage\",\"@id\":\"https:\/\/swoer.com\/manufacturer\/flexible-feeder-for-robotic-tray-placement\/\",\"url\":\"https:\/\/swoer.com\/manufacturer\/flexible-feeder-for-robotic-tray-placement\/\",\"name\":\"Flexible Feeder for Robotic Tray Placement SW-400 - SWOER\",\"isPartOf\":{\"@id\":\"https:\/\/swoer.com\/#website\"},\"primaryImageOfPage\":{\"@id\":\"https:\/\/swoer.com\/manufacturer\/flexible-feeder-for-robotic-tray-placement\/#primaryimage\"},\"image\":{\"@id\":\"https:\/\/swoer.com\/manufacturer\/flexible-feeder-for-robotic-tray-placement\/#primaryimage\"},\"thumbnailUrl\":\"https:\/\/swoer.com\/wp-content\/uploads\/2025\/04\/Robotic-Parts-Feeder.webp\",\"datePublished\":\"2025-04-14T06:16:27+00:00\",\"dateModified\":\"2025-04-14T07:08:00+00:00\",\"description\":\"Flexible feeder with robotic tray placement for fast, precise part sorting and loading. Ideal for automation in electronics, medical, and automotive.\",\"breadcrumb\":{\"@id\":\"https:\/\/swoer.com\/manufacturer\/flexible-feeder-for-robotic-tray-placement\/#breadcrumb\"},\"inLanguage\":\"fr-FR\",\"potentialAction\":[{\"@type\":\"ReadAction\",\"target\":[\"https:\/\/swoer.com\/manufacturer\/flexible-feeder-for-robotic-tray-placement\/\"]}]},{\"@type\":\"ImageObject\",\"inLanguage\":\"fr-FR\",\"@id\":\"https:\/\/swoer.com\/manufacturer\/flexible-feeder-for-robotic-tray-placement\/#primaryimage\",\"url\":\"https:\/\/swoer.com\/wp-content\/uploads\/2025\/04\/Robotic-Parts-Feeder.webp\",\"contentUrl\":\"https:\/\/swoer.com\/wp-content\/uploads\/2025\/04\/Robotic-Parts-Feeder.webp\",\"width\":1000,\"height\":1000,\"caption\":\"Robotic Parts Feeder\"},{\"@type\":\"BreadcrumbList\",\"@id\":\"https:\/\/swoer.com\/manufacturer\/flexible-feeder-for-robotic-tray-placement\/#breadcrumb\",\"itemListElement\":[{\"@type\":\"ListItem\",\"position\":1,\"name\":\"Home\",\"item\":\"https:\/\/swoer.com\/\"},{\"@type\":\"ListItem\",\"position\":2,\"name\":\"Shop\",\"item\":\"https:\/\/swoer.com\/shop\/\"},{\"@type\":\"ListItem\",\"position\":3,\"name\":\"Flexible Feeder for Robotic Tray Placement SW-400\"}]},{\"@type\":\"WebSite\",\"@id\":\"https:\/\/swoer.com\/#website\",\"url\":\"https:\/\/swoer.com\/\",\"name\":\"SWOER\",\"description\":\"Swoer is the top 3 vibratory bowl feeder manufacturer in China\",\"potentialAction\":[{\"@type\":\"SearchAction\",\"target\":{\"@type\":\"EntryPoint\",\"urlTemplate\":\"https:\/\/swoer.com\/?s={search_term_string}\"},\"query-input\":\"required name=search_term_string\"}],\"inLanguage\":\"fr-FR\"}]}<\/script>\n<!-- \/ Yoast SEO plugin. -->","yoast_head_json":{"title":"Flexible Feeder for Robotic Tray Placement SW-400 - SWOER","description":"Flexible feeder with robotic tray placement for fast, precise part sorting and loading. Ideal for automation in electronics, medical, and automotive.","robots":{"index":"index","follow":"follow","max-snippet":"max-snippet:-1","max-image-preview":"max-image-preview:large","max-video-preview":"max-video-preview:-1"},"canonical":"https:\/\/swoer.com\/fr\/manufacturer\/flexible-feeder-for-robotic-tray-placement\/","og_locale":"fr_FR","og_type":"article","og_title":"Flexible Feeder for Robotic Tray Placement SW-400 - SWOER","og_description":"Flexible feeder with robotic tray placement for fast, precise part sorting and loading. Ideal for automation in electronics, medical, and automotive.","og_url":"https:\/\/swoer.com\/fr\/manufacturer\/flexible-feeder-for-robotic-tray-placement\/","og_site_name":"SWOER","article_modified_time":"2025-04-14T07:08:00+00:00","og_image":[{"width":1000,"height":1000,"url":"https:\/\/swoer.com\/wp-content\/uploads\/2025\/04\/Robotic-Parts-Feeder.webp","type":"image\/webp"}],"twitter_card":"summary_large_image","twitter_misc":{"Dur\u00e9e de lecture estim\u00e9e":"1 minute"},"schema":{"@context":"https:\/\/schema.org","@graph":[{"@type":"WebPage","@id":"https:\/\/swoer.com\/manufacturer\/flexible-feeder-for-robotic-tray-placement\/","url":"https:\/\/swoer.com\/manufacturer\/flexible-feeder-for-robotic-tray-placement\/","name":"Flexible Feeder for Robotic Tray Placement SW-400 - SWOER","isPartOf":{"@id":"https:\/\/swoer.com\/#website"},"primaryImageOfPage":{"@id":"https:\/\/swoer.com\/manufacturer\/flexible-feeder-for-robotic-tray-placement\/#primaryimage"},"image":{"@id":"https:\/\/swoer.com\/manufacturer\/flexible-feeder-for-robotic-tray-placement\/#primaryimage"},"thumbnailUrl":"https:\/\/swoer.com\/wp-content\/uploads\/2025\/04\/Robotic-Parts-Feeder.webp","datePublished":"2025-04-14T06:16:27+00:00","dateModified":"2025-04-14T07:08:00+00:00","description":"Flexible feeder with robotic tray placement for fast, precise part sorting and loading. Ideal for automation in electronics, medical, and automotive.","breadcrumb":{"@id":"https:\/\/swoer.com\/manufacturer\/flexible-feeder-for-robotic-tray-placement\/#breadcrumb"},"inLanguage":"fr-FR","potentialAction":[{"@type":"ReadAction","target":["https:\/\/swoer.com\/manufacturer\/flexible-feeder-for-robotic-tray-placement\/"]}]},{"@type":"ImageObject","inLanguage":"fr-FR","@id":"https:\/\/swoer.com\/manufacturer\/flexible-feeder-for-robotic-tray-placement\/#primaryimage","url":"https:\/\/swoer.com\/wp-content\/uploads\/2025\/04\/Robotic-Parts-Feeder.webp","contentUrl":"https:\/\/swoer.com\/wp-content\/uploads\/2025\/04\/Robotic-Parts-Feeder.webp","width":1000,"height":1000,"caption":"Robotic Parts Feeder"},{"@type":"BreadcrumbList","@id":"https:\/\/swoer.com\/manufacturer\/flexible-feeder-for-robotic-tray-placement\/#breadcrumb","itemListElement":[{"@type":"ListItem","position":1,"name":"Home","item":"https:\/\/swoer.com\/"},{"@type":"ListItem","position":2,"name":"Shop","item":"https:\/\/swoer.com\/shop\/"},{"@type":"ListItem","position":3,"name":"Flexible Feeder for Robotic Tray Placement SW-400"}]},{"@type":"WebSite","@id":"https:\/\/swoer.com\/#website","url":"https:\/\/swoer.com\/","name":"SWOER","description":"Swoer is the top 3 vibratory bowl feeder manufacturer in China","potentialAction":[{"@type":"SearchAction","target":{"@type":"EntryPoint","urlTemplate":"https:\/\/swoer.com\/?s={search_term_string}"},"query-input":"required name=search_term_string"}],"inLanguage":"fr-FR"}]}},"_links":{"self":[{"href":"https:\/\/swoer.com\/fr\/wp-json\/wp\/v2\/product\/3304"}],"collection":[{"href":"https:\/\/swoer.com\/fr\/wp-json\/wp\/v2\/product"}],"about":[{"href":"https:\/\/swoer.com\/fr\/wp-json\/wp\/v2\/types\/product"}],"replies":[{"embeddable":true,"href":"https:\/\/swoer.com\/fr\/wp-json\/wp\/v2\/comments?post=3304"}],"wp:featuredmedia":[{"embeddable":true,"href":"https:\/\/swoer.com\/fr\/wp-json\/wp\/v2\/media\/3305"}],"wp:attachment":[{"href":"https:\/\/swoer.com\/fr\/wp-json\/wp\/v2\/media?parent=3304"}],"wp:term":[{"taxonomy":"product_cat","embeddable":true,"href":"https:\/\/swoer.com\/fr\/wp-json\/wp\/v2\/product_cat?post=3304"},{"taxonomy":"product_tag","embeddable":true,"href":"https:\/\/swoer.com\/fr\/wp-json\/wp\/v2\/product_tag?post=3304"}],"curies":[{"name":"wp","href":"https:\/\/api.w.org\/{rel}","templated":true}]}}