{"id":2944,"date":"2024-12-02T22:55:27","date_gmt":"2024-12-02T14:55:27","guid":{"rendered":"https:\/\/swoer.com\/?post_type=product&#038;p=2944"},"modified":"2025-03-21T09:08:32","modified_gmt":"2025-03-21T01:08:32","slug":"step-feeders-step-feeder-systems-with-vibratory-feeder","status":"publish","type":"product","link":"https:\/\/swoer.com\/fr\/manufacturer\/step-feeders-step-feeder-systems-with-vibratory-feeder\/","title":{"rendered":"Doseurs \u00e0 paliers \u2013 Syst\u00e8mes de doseurs \u00e0 paliers avec doseur vibrant"},"content":{"rendered":"<section class=\"section\" id=\"section_1423200218\">\n\t\t<div class=\"bg section-bg fill bg-fill  bg-loaded\" >\n\n\t\t\t\n\t\t\t\n\t\t\t\n\n\t\t<\/div>\n\n\t\t\n\n\t\t<div class=\"section-content relative\">\n\t\t\t\n<h2>Avantages des syst\u00e8mes d&#039;alimentation par paliers avec alimentateur vibrant :<\/h2>\n<h3>1. Conception efficace et fiable<\/h3>\n<p>Les alimentateurs \u00e0 paliers se distinguent par leur conception simple mais efficace, capables de soulever et de livrer les pi\u00e8ces avec pr\u00e9cision \u00e0 la position souhait\u00e9e. Cela garantit moins d&#039;erreurs et am\u00e9liore la productivit\u00e9 globale.<\/p>\n<h3>2. Compatibilit\u00e9 parfaite avec les alimentateurs vibrants<\/h3>\n<p>Ces alimentateurs sont con\u00e7us pour fonctionner parfaitement avec les alimentateurs vibrants, garantissant un fonctionnement fluide et une int\u00e9gration facile dans divers environnements de production.<\/p>\n<h3>3. Polyvalence pour diverses applications<\/h3>\n<p>Qu&#039;il s&#039;agisse de manipuler des pi\u00e8ces petites et complexes ou des composants plus volumineux, les alimentateurs par \u00e9tapes peuvent \u00eatre personnalis\u00e9s pour r\u00e9pondre aux exigences sp\u00e9cifiques de diff\u00e9rentes industries.<\/p>\n<h3>4. R\u00e9duction du bruit et de la consommation d&#039;\u00e9nergie<\/h3>\n<p>Par rapport aux syst\u00e8mes d\u2019alimentation traditionnels, les mangeoires \u00e0 \u00e9tages fonctionnent plus silencieusement et sont \u00e9conomes en \u00e9nergie, ce qui les rend id\u00e9ales pour les environnements avec des normes strictes en mati\u00e8re de bruit et d\u2019\u00e9nergie.<\/p>\n<h3>5. Durable et facile \u00e0 entretenir<\/h3>\n<p>Fabriqu\u00e9s avec des mat\u00e9riaux de haute qualit\u00e9, les mangeoires \u00e0 marches sont tr\u00e8s durables et pr\u00e9sentent une conception simple, garantissant une facilit\u00e9 d&#039;entretien et des co\u00fbts d&#039;exploitation \u00e0 long terme r\u00e9duits.<\/p>\n\t<div class=\"img has-hover x md-x lg-x y md-y lg-y\" id=\"image_776102221\">\n\t\t\t\t\t\t\t\t<div class=\"img-inner image-cover dark\" style=\"padding-top:56.25%;\">\n\t\t\t<img loading=\"lazy\" decoding=\"async\" width=\"960\" height=\"540\" src=\"https:\/\/swoer.com\/wp-content\/uploads\/2024\/12\/Step-Feeder-with-Vibratory-Feeder.webp\" class=\"attachment-original size-original\" alt=\"Alimentateur \u00e0 paliers avec alimentateur vibrant\" srcset=\"https:\/\/swoer.com\/wp-content\/uploads\/2024\/12\/Step-Feeder-with-Vibratory-Feeder.webp 960w, https:\/\/swoer.com\/wp-content\/uploads\/2024\/12\/Step-Feeder-with-Vibratory-Feeder-300x169.webp 300w, https:\/\/swoer.com\/wp-content\/uploads\/2024\/12\/Step-Feeder-with-Vibratory-Feeder-768x432.webp 768w, https:\/\/swoer.com\/wp-content\/uploads\/2024\/12\/Step-Feeder-with-Vibratory-Feeder-18x10.webp 18w, https:\/\/swoer.com\/wp-content\/uploads\/2024\/12\/Step-Feeder-with-Vibratory-Feeder-600x338.webp 600w\" sizes=\"(max-width: 960px) 100vw, 960px\" \/>\t\t\t\t\t\t\n\t\t\t\t\t<\/div>\n\t\t\t\t\t\t\t\t\n<style>\n#image_776102221 {\n  width: 100%;\n}\n<\/style>\n\t<\/div>\n\t\n\t\t<\/div>\n\n\t\t\n<style>\n#section_1423200218 {\n  padding-top: 30px;\n  padding-bottom: 30px;\n}\n#section_1423200218 .ux-shape-divider--top svg {\n  height: 150px;\n  --divider-top-width: 100%;\n}\n#section_1423200218 .ux-shape-divider--bottom svg {\n  height: 150px;\n  --divider-width: 100%;\n}\n<\/style>\n\t<\/section>\n\t\n\t<section class=\"section\" id=\"section_1258285553\">\n\t\t<div class=\"bg section-bg fill bg-fill  bg-loaded\" >\n\n\t\t\t\n\t\t\t\n\t\t\t\n\n\t\t<\/div>\n\n\t\t\n\n\t\t<div class=\"section-content relative\">\n\t\t\t\n<h2>Informations requises pour la personnalisation des mangeoires \u00e0 \u00e9tages<\/h2>\n<p>Pour vous assurer que le Step Feeder est adapt\u00e9 \u00e0 vos besoins, veuillez fournir les d\u00e9tails suivants\u00a0:<\/p>\n<h3>1. Sp\u00e9cifications des pi\u00e8ces<\/h3>\n<ul>\n<li>Taille, forme et mat\u00e9riau des pi\u00e8ces \u00e0 manipuler.<\/li>\n<li>Caract\u00e9ristiques particuli\u00e8res ou consid\u00e9rations de fragilit\u00e9.<\/li>\n<\/ul>\n<h3>2. Besoins alimentaires<\/h3>\n<ul>\n<li>Vitesse d&#039;alimentation et orientation souhait\u00e9es.<\/li>\n<li>Des niveaux de d\u00e9bit de sortie et de pr\u00e9cision sont n\u00e9cessaires.<\/li>\n<\/ul>\n<h3>3. D\u00e9tails de l&#039;int\u00e9gration<\/h3>\n<ul>\n<li>Compatibilit\u00e9 avec les machines existantes (par exemple, alimentateurs vibrants, convoyeurs).<\/li>\n<li>Dimensions et disposition de la ligne de production.<\/li>\n<\/ul>\n<h3>4. Environnement d&#039;exploitation<\/h3>\n<ul>\n<li>Facteurs environnementaux (par exemple, poussi\u00e8re, humidit\u00e9, temp\u00e9rature).<\/li>\n<li>Exigences en mati\u00e8re de bruit et d&#039;efficacit\u00e9 \u00e9nerg\u00e9tique.<\/li>\n<\/ul>\n<h3>5. Fonctionnalit\u00e9s personnalis\u00e9es<\/h3>\n<ul>\n<li>Des fonctionnalit\u00e9s suppl\u00e9mentaires, telles que des capteurs, des tr\u00e9mies ou des couvercles.<\/li>\n<li>Mat\u00e9riaux ou rev\u00eatements privil\u00e9gi\u00e9s pour la durabilit\u00e9 ou l&#039;hygi\u00e8ne.<\/li>\n<\/ul>\n<h3>6. Besoins sp\u00e9cifiques \u00e0 l&#039;industrie<\/h3>\n<ul>\n<li>Normes ou certifications requises pour votre secteur d&#039;activit\u00e9.<\/li>\n<li>D\u00e9tails d&#039;application sp\u00e9cifiques, tels que l&#039;assemblage m\u00e9dical ou automobile.<\/li>\n<\/ul>\n<p>En fournissant ces d\u00e9tails, nous pourrons concevoir un alimentateur par \u00e9tapes qui correspond parfaitement \u00e0 vos objectifs op\u00e9rationnels et aux normes de l\u2019industrie.<\/p>\n\t<div class=\"img has-hover x md-x lg-x y md-y lg-y\" id=\"image_664841142\">\n\t\t\t\t\t\t\t\t<div class=\"img-inner image-cover dark\" style=\"padding-top:56.25%;\">\n\t\t\t<img loading=\"lazy\" decoding=\"async\" width=\"960\" height=\"540\" src=\"https:\/\/swoer.com\/wp-content\/uploads\/2024\/12\/step-feeder.webp\" class=\"attachment-original size-original\" alt=\"mangeoire \u00e0 pas\" srcset=\"https:\/\/swoer.com\/wp-content\/uploads\/2024\/12\/step-feeder.webp 960w, https:\/\/swoer.com\/wp-content\/uploads\/2024\/12\/step-feeder-300x169.webp 300w, https:\/\/swoer.com\/wp-content\/uploads\/2024\/12\/step-feeder-768x432.webp 768w, https:\/\/swoer.com\/wp-content\/uploads\/2024\/12\/step-feeder-18x10.webp 18w, https:\/\/swoer.com\/wp-content\/uploads\/2024\/12\/step-feeder-600x338.webp 600w\" sizes=\"(max-width: 960px) 100vw, 960px\" \/>\t\t\t\t\t\t\n\t\t\t\t\t<\/div>\n\t\t\t\t\t\t\t\t\n<style>\n#image_664841142 {\n  width: 100%;\n}\n<\/style>\n\t<\/div>\n\t\n\t\t<\/div>\n\n\t\t\n<style>\n#section_1258285553 {\n  padding-top: 30px;\n  padding-bottom: 30px;\n}\n#section_1258285553 .ux-shape-divider--top svg {\n  height: 150px;\n  --divider-top-width: 100%;\n}\n#section_1258285553 .ux-shape-divider--bottom svg {\n  height: 150px;\n  --divider-width: 100%;\n}\n<\/style>\n\t<\/section>\n\t\n\t<section class=\"section\" id=\"section_913223213\">\n\t\t<div class=\"bg section-bg fill bg-fill  bg-loaded\" >\n\n\t\t\t\n\t\t\t\n\t\t\t\n\n\t\t<\/div>\n\n\t\t\n\n\t\t<div class=\"section-content relative\">\n\t\t\t\n<h2>Contactez-nous<\/h2>\n\n<div class=\"wpcf7 no-js\" id=\"wpcf7-f280-o1\" lang=\"en-US\" dir=\"ltr\">\n<div class=\"screen-reader-response\"><p role=\"status\" aria-live=\"polite\" aria-atomic=\"true\"><\/p> <ul><\/ul><\/div>\n<form action=\"\/fr\/wp-json\/wp\/v2\/product\/2944#wpcf7-f280-o1\" method=\"post\" class=\"wpcf7-form init\" aria-label=\"Formulaire de contact\" novalidate=\"novalidate\" data-status=\"init\" data-trp-original-action=\"\/fr\/wp-json\/wp\/v2\/product\/2944#wpcf7-f280-o1\">\n<div style=\"display: none;\">\n<input type=\"hidden\" name=\"_wpcf7\" value=\"280\" \/>\n<input type=\"hidden\" name=\"_wpcf7_version\" value=\"5.9.2\" \/>\n<input type=\"hidden\" name=\"_wpcf7_locale\" value=\"en_US\" \/>\n<input type=\"hidden\" name=\"_wpcf7_unit_tag\" value=\"wpcf7-f280-o1\" \/>\n<input type=\"hidden\" name=\"_wpcf7_container_post\" value=\"0\" \/>\n<input type=\"hidden\" name=\"_wpcf7_posted_data_hash\" value=\"\" \/>\n<\/div>\n<div class='custom_contact_style'>\n\t<div class=\"row row-small\">\n\t\t<div class=\"col medium-6 small-12 large-6\">\n\t\t\t<div class=\"col-inner\">\n\t\t\t\t<p><span class=\"wpcf7-form-control-wrap\" data-name=\"your-name\"><input size=\"40\" class=\"wpcf7-form-control wpcf7-text wpcf7-validates-as-required\" aria-required=\"true\" aria-invalid=\"false\" placeholder=\"Nom*\" value=\"\" type=\"text\" name=\"your-name\" \/><\/span>\n\t\t\t\t<\/p>\n\t\t\t<\/div>\n\t\t<\/div>\n\t\t<div class=\"col medium-6 small-12 large-6\">\n\t\t\t<div class=\"col-inner\">\n\t\t\t\t<p><span class=\"wpcf7-form-control-wrap\" data-name=\"your-email\"><input size=\"40\" class=\"wpcf7-form-control wpcf7-email wpcf7-validates-as-required wpcf7-text wpcf7-validates-as-email\" aria-required=\"true\" aria-invalid=\"false\" placeholder=\"E-mail*\" value=\"\" type=\"email\" name=\"your-email\" \/><\/span>\n\t\t\t\t<\/p>\n\t\t\t<\/div>\n\t\t<\/div>\n\t<\/div>\n\t<div class='cus_contact_form_bottom'>\n\t\t<p><span class=\"wpcf7-form-control-wrap\" data-name=\"your-phone\"><input size=\"40\" class=\"wpcf7-form-control wpcf7-text\" aria-invalid=\"false\" placeholder=\"T\u00e9l\u00e9phone\" value=\"\" type=\"text\" name=\"your-phone\" \/><\/span>\n\t\t<\/p>\n\t<\/div>\n\t<div class='cus_contact_form_bottom'>\n\t\t<p><span class=\"wpcf7-form-control-wrap\" data-name=\"your-country\"><input size=\"40\" class=\"wpcf7-form-control wpcf7-text\" aria-invalid=\"false\" placeholder=\"Pays\" value=\"\" type=\"text\" name=\"your-country\" \/><\/span>\n\t\t<\/p>\n\t<\/div>\n\t<p><span class=\"wpcf7-form-control-wrap\" data-name=\"your-message\"><textarea cols=\"40\" rows=\"10\" class=\"wpcf7-form-control wpcf7-textarea wpcf7-validates-as-required\" aria-required=\"true\" aria-invalid=\"false\" placeholder=\"Votre message *\" name=\"your-message\"><\/textarea><\/span>\n\t<\/p>\n\t<div style=\"margin-bottom:10px;\">\n\t\t<p><span class=\"wpcf7-form-control-wrap kc_captcha cf7ic-toggle\" data-name=\"kc_captcha\"><span class=\"wpcf7-form-control wpcf7-radio\"><span class=\"captcha-image\" style=\"display: none;\"><span class=\"cf7ic_instructions\">Veuillez prouver que vous \u00eates humain en s\u00e9lectionnant le<span> star<\/span>.<\/span><label><input aria-label=\"1\" type=\"radio\" name=\"kc_captcha\" value=\"bot\" \/><svg aria-hidden=\"true\" role=\"img\" xmlns=\"http:\/\/www.w3.org\/2000\/svg\" viewbox=\"0 0 576 512\"><path fill=\"currentColor\" d=\"M488 313v143c0 13-11 24-24 24H348c-7 0-12-5-12-12V356c0-7-5-12-12-12h-72c-7 0-12 5-12 12v112c0 7-5 12-12 12H112c-13 0-24-11-24-24V313c0-4 2-7 4-10l188-154c5-4 11-4 16 0l188 154c2 3 4 6 4 10zm84-61l-84-69V44c0-6-5-12-12-12h-56c-7 0-12 6-12 12v73l-89-74a48 48 0 00-61 0L4 252c-5 4-5 12-1 17l25 31c5 5 12 5 17 1l235-193c5-4 11-4 16 0l235 193c5 5 13 4 17-1l25-31c4-6 4-13-1-17z\"\/><\/svg><\/label><label><input aria-label=\"2\" type=\"radio\" name=\"kc_captcha\" value=\"kc_human\" \/><svg aria-hidden=\"true\" role=\"img\" xmlns=\"http:\/\/www.w3.org\/2000\/svg\" viewbox=\"0 0 576 512\"><path fill=\"currentColor\" d=\"M259 18l-65 132-146 22c-26 3-37 36-18 54l106 103-25 146c-5 26 23 46 46 33l131-68 131 68c23 13 51-7 46-33l-25-146 106-103c19-18 8-51-18-54l-146-22-65-132a32 32 0 00-58 0z\"\/><\/svg><\/label><label><input aria-label=\"3\" type=\"radio\" name=\"kc_captcha\" value=\"bot\" \/><svg aria-hidden=\"true\" role=\"img\" xmlns=\"http:\/\/www.w3.org\/2000\/svg\" viewbox=\"0 0 384 512\"><path fill=\"currentColor\" d=\"M377 375l-83-87h34c21 0 32-25 17-40l-82-88h33c21 0 32-25 18-40L210 8c-10-11-26-11-36 0L70 120c-14 15-3 40 18 40h33l-82 88c-15 15-4 40 17 40h34L7 375c-15 16-4 41 17 41h120c0 33-11 49-34 68-12 9-5 28 10 28h144c15 0 22-19 10-28-20-16-34-32-34-68h120c21 0 32-25 17-41z\"\/><\/svg><\/label>\r\n    <\/span>\r\n    <span style=\"display:none\">\r\n        <input type=\"text\" name=\"kc_honeypot\">\r\n    <\/span><\/span><\/span>\n\t\t<\/p>\n\t<\/div>\n\t<p><input class=\"wpcf7-form-control wpcf7-submit has-spinner\" type=\"submit\" value=\"Envoyer le message\" \/>\n\t<\/p>\n<\/div><div class=\"wpcf7-response-output\" aria-hidden=\"true\"><\/div>\n<input type=\"hidden\" name=\"trp-form-language\" value=\"fr\"\/><\/form>\n<\/div>\n\n\t\t<\/div>\n\n\t\t\n<style>\n#section_913223213 {\n  padding-top: 30px;\n  padding-bottom: 30px;\n}\n#section_913223213 .ux-shape-divider--top svg {\n  height: 150px;\n  --divider-top-width: 100%;\n}\n#section_913223213 .ux-shape-divider--bottom svg {\n  height: 150px;\n  --divider-width: 100%;\n}\n<\/style>\n\t<\/section>\n\t\n\t<section class=\"section\" id=\"section_1635773337\">\n\t\t<div class=\"bg section-bg fill bg-fill  bg-loaded\" >\n\n\t\t\t\n\t\t\t\n\t\t\t\n\n\t\t<\/div>\n\n\t\t\n\n\t\t<div class=\"section-content relative\">\n\t\t\t\n<h2>Vid\u00e9o sur les syst\u00e8mes d&#039;alimentation par paliers avec alimentateur vibrant<\/h2>\n<div class=\"video video-fit mb\" style=\"padding-top:50%;\"><p><iframe loading=\"lazy\" title=\"Alimentateur \u00e0 paliers avec bol vibrant - Alimentateur \u00e0 paliers avec convoyeur vibrant\" width=\"1020\" height=\"574\" src=\"https:\/\/www.youtube.com\/embed\/fK9paG0UEhE?feature=oembed\" frameborder=\"0\" allow=\"accelerometer; autoplay; clipboard-write; encrypted-media; gyroscope; picture-in-picture; web-share\" referrerpolicy=\"strict-origin-when-cross-origin\" allowfullscreen><\/iframe><\/p>\n<\/div>\n\t\t<\/div>\n\n\t\t\n<style>\n#section_1635773337 {\n  padding-top: 30px;\n  padding-bottom: 30px;\n}\n#section_1635773337 .ux-shape-divider--top svg {\n  height: 150px;\n  --divider-top-width: 100%;\n}\n#section_1635773337 .ux-shape-divider--bottom svg {\n  height: 150px;\n  --divider-width: 100%;\n}\n<\/style>\n\t<\/section>","protected":false},"excerpt":{"rendered":"<p>Les alimentateurs par \u00e9tapes combinent efficacit\u00e9 et pr\u00e9cision pour l&#039;alimentation automatis\u00e9e des pi\u00e8ces.<\/p>\n<p>Con\u00e7us pour fonctionner en toute transparence avec les alimentateurs vibrants, ils garantissent un fonctionnement fluide et une adaptabilit\u00e9 \u00e0 diverses applications.<\/p>","protected":false},"featured_media":2945,"comment_status":"open","ping_status":"closed","template":"","meta":[],"product_cat":[39],"product_tag":[],"yoast_head":"<!-- This site is optimized with the Yoast SEO plugin v22.2 - https:\/\/yoast.com\/wordpress\/plugins\/seo\/ -->\n<title>Step Feeders - Step Feeder Systems with Vibratory Feeder - SWOER<\/title>\n<meta name=\"description\" content=\"Reliable Step Feeders and advanced Step Feeder Systems integrated with vibratory feeders. Perfect for precise, automated part feeding in various industries.\" \/>\n<meta name=\"robots\" content=\"index, follow, max-snippet:-1, max-image-preview:large, max-video-preview:-1\" \/>\n<link rel=\"canonical\" href=\"https:\/\/swoer.com\/fr\/manufacturer\/step-feeders-step-feeder-systems-with-vibratory-feeder\/\" \/>\n<meta property=\"og:locale\" content=\"fr_FR\" \/>\n<meta property=\"og:type\" content=\"article\" \/>\n<meta property=\"og:title\" content=\"Step Feeders - Step Feeder Systems with Vibratory Feeder - SWOER\" \/>\n<meta property=\"og:description\" content=\"Reliable Step Feeders and advanced Step Feeder Systems integrated with vibratory feeders. Perfect for precise, automated part feeding in various industries.\" \/>\n<meta property=\"og:url\" content=\"https:\/\/swoer.com\/fr\/manufacturer\/step-feeders-step-feeder-systems-with-vibratory-feeder\/\" \/>\n<meta property=\"og:site_name\" content=\"SWOER\" \/>\n<meta property=\"article:modified_time\" content=\"2025-03-21T01:08:32+00:00\" \/>\n<meta property=\"og:image\" content=\"https:\/\/swoer.com\/wp-content\/uploads\/2024\/12\/Step-Feeder-Systems-with-Vibratory-Feeder.webp\" \/>\n\t<meta property=\"og:image:width\" content=\"1000\" \/>\n\t<meta property=\"og:image:height\" content=\"1000\" \/>\n\t<meta property=\"og:image:type\" content=\"image\/webp\" \/>\n<meta name=\"twitter:card\" content=\"summary_large_image\" \/>\n<meta name=\"twitter:label1\" content=\"Dur\u00e9e de lecture estim\u00e9e\" \/>\n\t<meta name=\"twitter:data1\" content=\"2 minutes\" \/>\n<script type=\"application\/ld+json\" class=\"yoast-schema-graph\">{\"@context\":\"https:\/\/schema.org\",\"@graph\":[{\"@type\":\"WebPage\",\"@id\":\"https:\/\/swoer.com\/manufacturer\/step-feeders-step-feeder-systems-with-vibratory-feeder\/\",\"url\":\"https:\/\/swoer.com\/manufacturer\/step-feeders-step-feeder-systems-with-vibratory-feeder\/\",\"name\":\"Step Feeders - Step Feeder Systems with Vibratory Feeder - SWOER\",\"isPartOf\":{\"@id\":\"https:\/\/swoer.com\/#website\"},\"primaryImageOfPage\":{\"@id\":\"https:\/\/swoer.com\/manufacturer\/step-feeders-step-feeder-systems-with-vibratory-feeder\/#primaryimage\"},\"image\":{\"@id\":\"https:\/\/swoer.com\/manufacturer\/step-feeders-step-feeder-systems-with-vibratory-feeder\/#primaryimage\"},\"thumbnailUrl\":\"https:\/\/swoer.com\/wp-content\/uploads\/2024\/12\/Step-Feeder-Systems-with-Vibratory-Feeder.webp\",\"datePublished\":\"2024-12-02T14:55:27+00:00\",\"dateModified\":\"2025-03-21T01:08:32+00:00\",\"description\":\"Reliable Step Feeders and advanced Step Feeder Systems integrated with vibratory feeders. Perfect for precise, automated part feeding in various industries.\",\"breadcrumb\":{\"@id\":\"https:\/\/swoer.com\/manufacturer\/step-feeders-step-feeder-systems-with-vibratory-feeder\/#breadcrumb\"},\"inLanguage\":\"fr-FR\",\"potentialAction\":[{\"@type\":\"ReadAction\",\"target\":[\"https:\/\/swoer.com\/manufacturer\/step-feeders-step-feeder-systems-with-vibratory-feeder\/\"]}]},{\"@type\":\"ImageObject\",\"inLanguage\":\"fr-FR\",\"@id\":\"https:\/\/swoer.com\/manufacturer\/step-feeders-step-feeder-systems-with-vibratory-feeder\/#primaryimage\",\"url\":\"https:\/\/swoer.com\/wp-content\/uploads\/2024\/12\/Step-Feeder-Systems-with-Vibratory-Feeder.webp\",\"contentUrl\":\"https:\/\/swoer.com\/wp-content\/uploads\/2024\/12\/Step-Feeder-Systems-with-Vibratory-Feeder.webp\",\"width\":1000,\"height\":1000,\"caption\":\"Step Feeder Systems with Vibratory Feeder\"},{\"@type\":\"BreadcrumbList\",\"@id\":\"https:\/\/swoer.com\/manufacturer\/step-feeders-step-feeder-systems-with-vibratory-feeder\/#breadcrumb\",\"itemListElement\":[{\"@type\":\"ListItem\",\"position\":1,\"name\":\"Home\",\"item\":\"https:\/\/swoer.com\/\"},{\"@type\":\"ListItem\",\"position\":2,\"name\":\"Shop\",\"item\":\"https:\/\/swoer.com\/shop\/\"},{\"@type\":\"ListItem\",\"position\":3,\"name\":\"Step Feeders &#8211; Step Feeder Systems with Vibratory Feeder\"}]},{\"@type\":\"WebSite\",\"@id\":\"https:\/\/swoer.com\/#website\",\"url\":\"https:\/\/swoer.com\/\",\"name\":\"SWOER\",\"description\":\"Swoer is the top 3 vibratory bowl feeder manufacturer in China\",\"potentialAction\":[{\"@type\":\"SearchAction\",\"target\":{\"@type\":\"EntryPoint\",\"urlTemplate\":\"https:\/\/swoer.com\/?s={search_term_string}\"},\"query-input\":\"required name=search_term_string\"}],\"inLanguage\":\"fr-FR\"}]}<\/script>\n<!-- \/ Yoast SEO plugin. -->","yoast_head_json":{"title":"Step Feeders - Step Feeder Systems with Vibratory Feeder - SWOER","description":"Reliable Step Feeders and advanced Step Feeder Systems integrated with vibratory feeders. Perfect for precise, automated part feeding in various industries.","robots":{"index":"index","follow":"follow","max-snippet":"max-snippet:-1","max-image-preview":"max-image-preview:large","max-video-preview":"max-video-preview:-1"},"canonical":"https:\/\/swoer.com\/fr\/manufacturer\/step-feeders-step-feeder-systems-with-vibratory-feeder\/","og_locale":"fr_FR","og_type":"article","og_title":"Step Feeders - Step Feeder Systems with Vibratory Feeder - SWOER","og_description":"Reliable Step Feeders and advanced Step Feeder Systems integrated with vibratory feeders. Perfect for precise, automated part feeding in various industries.","og_url":"https:\/\/swoer.com\/fr\/manufacturer\/step-feeders-step-feeder-systems-with-vibratory-feeder\/","og_site_name":"SWOER","article_modified_time":"2025-03-21T01:08:32+00:00","og_image":[{"width":1000,"height":1000,"url":"https:\/\/swoer.com\/wp-content\/uploads\/2024\/12\/Step-Feeder-Systems-with-Vibratory-Feeder.webp","type":"image\/webp"}],"twitter_card":"summary_large_image","twitter_misc":{"Dur\u00e9e de lecture estim\u00e9e":"2 minutes"},"schema":{"@context":"https:\/\/schema.org","@graph":[{"@type":"WebPage","@id":"https:\/\/swoer.com\/manufacturer\/step-feeders-step-feeder-systems-with-vibratory-feeder\/","url":"https:\/\/swoer.com\/manufacturer\/step-feeders-step-feeder-systems-with-vibratory-feeder\/","name":"Step Feeders - Step Feeder Systems with Vibratory Feeder - SWOER","isPartOf":{"@id":"https:\/\/swoer.com\/#website"},"primaryImageOfPage":{"@id":"https:\/\/swoer.com\/manufacturer\/step-feeders-step-feeder-systems-with-vibratory-feeder\/#primaryimage"},"image":{"@id":"https:\/\/swoer.com\/manufacturer\/step-feeders-step-feeder-systems-with-vibratory-feeder\/#primaryimage"},"thumbnailUrl":"https:\/\/swoer.com\/wp-content\/uploads\/2024\/12\/Step-Feeder-Systems-with-Vibratory-Feeder.webp","datePublished":"2024-12-02T14:55:27+00:00","dateModified":"2025-03-21T01:08:32+00:00","description":"Reliable Step Feeders and advanced Step Feeder Systems integrated with vibratory feeders. Perfect for precise, automated part feeding in various industries.","breadcrumb":{"@id":"https:\/\/swoer.com\/manufacturer\/step-feeders-step-feeder-systems-with-vibratory-feeder\/#breadcrumb"},"inLanguage":"fr-FR","potentialAction":[{"@type":"ReadAction","target":["https:\/\/swoer.com\/manufacturer\/step-feeders-step-feeder-systems-with-vibratory-feeder\/"]}]},{"@type":"ImageObject","inLanguage":"fr-FR","@id":"https:\/\/swoer.com\/manufacturer\/step-feeders-step-feeder-systems-with-vibratory-feeder\/#primaryimage","url":"https:\/\/swoer.com\/wp-content\/uploads\/2024\/12\/Step-Feeder-Systems-with-Vibratory-Feeder.webp","contentUrl":"https:\/\/swoer.com\/wp-content\/uploads\/2024\/12\/Step-Feeder-Systems-with-Vibratory-Feeder.webp","width":1000,"height":1000,"caption":"Step Feeder Systems with Vibratory Feeder"},{"@type":"BreadcrumbList","@id":"https:\/\/swoer.com\/manufacturer\/step-feeders-step-feeder-systems-with-vibratory-feeder\/#breadcrumb","itemListElement":[{"@type":"ListItem","position":1,"name":"Home","item":"https:\/\/swoer.com\/"},{"@type":"ListItem","position":2,"name":"Shop","item":"https:\/\/swoer.com\/shop\/"},{"@type":"ListItem","position":3,"name":"Step Feeders &#8211; Step Feeder Systems with Vibratory Feeder"}]},{"@type":"WebSite","@id":"https:\/\/swoer.com\/#website","url":"https:\/\/swoer.com\/","name":"SWOER","description":"Swoer is the top 3 vibratory bowl feeder manufacturer in China","potentialAction":[{"@type":"SearchAction","target":{"@type":"EntryPoint","urlTemplate":"https:\/\/swoer.com\/?s={search_term_string}"},"query-input":"required name=search_term_string"}],"inLanguage":"fr-FR"}]}},"_links":{"self":[{"href":"https:\/\/swoer.com\/fr\/wp-json\/wp\/v2\/product\/2944"}],"collection":[{"href":"https:\/\/swoer.com\/fr\/wp-json\/wp\/v2\/product"}],"about":[{"href":"https:\/\/swoer.com\/fr\/wp-json\/wp\/v2\/types\/product"}],"replies":[{"embeddable":true,"href":"https:\/\/swoer.com\/fr\/wp-json\/wp\/v2\/comments?post=2944"}],"wp:featuredmedia":[{"embeddable":true,"href":"https:\/\/swoer.com\/fr\/wp-json\/wp\/v2\/media\/2945"}],"wp:attachment":[{"href":"https:\/\/swoer.com\/fr\/wp-json\/wp\/v2\/media?parent=2944"}],"wp:term":[{"taxonomy":"product_cat","embeddable":true,"href":"https:\/\/swoer.com\/fr\/wp-json\/wp\/v2\/product_cat?post=2944"},{"taxonomy":"product_tag","embeddable":true,"href":"https:\/\/swoer.com\/fr\/wp-json\/wp\/v2\/product_tag?post=2944"}],"curies":[{"name":"wp","href":"https:\/\/api.w.org\/{rel}","templated":true}]}}