{"id":2630,"date":"2024-09-07T17:30:09","date_gmt":"2024-09-07T09:30:09","guid":{"rendered":"https:\/\/swoer.com\/?post_type=product&#038;p=2630"},"modified":"2024-09-26T13:53:10","modified_gmt":"2024-09-26T05:53:10","slug":"bowl-feeder-with-vision-system-for-precise-parts-sorting","status":"publish","type":"product","link":"https:\/\/swoer.com\/fr\/manufacturer\/bowl-feeder-with-vision-system-for-precise-parts-sorting\/","title":{"rendered":"Bol d&#039;alimentation avec syst\u00e8me de vision pour un tri pr\u00e9cis des pi\u00e8ces"},"content":{"rendered":"<h2>Le bol d&#039;alimentation avec syst\u00e8me de vision offre plusieurs avantages\u00a0:<\/h2>\n<ol>\n<li><strong>Haute pr\u00e9cision : <\/strong>Trie avec pr\u00e9cision les pi\u00e8ces en fonction de leur orientation, am\u00e9liorant ainsi la qualit\u00e9 du produit.<\/li>\n<li><strong>Efficacit\u00e9 accrue:<\/strong> Automatise le tri, r\u00e9duisant ainsi le travail manuel et les erreurs.<\/li>\n<li><strong>Personnalisation :<\/strong> Vous pouvez l&#039;adapter \u00e0 diff\u00e9rentes formes et tailles de pi\u00e8ces.<\/li>\n<li><strong>Commentaires en temps r\u00e9el\u00a0:<\/strong> Le syst\u00e8me de vision fournit un retour d&#039;information imm\u00e9diat, garantissant des performances constantes.<\/li>\n<li><strong>Rentable :<\/strong> R\u00e9duit les temps d\u2019arr\u00eat et les co\u00fbts op\u00e9rationnels en rationalisant le processus de tri.<\/li>\n<\/ol>\n<p>Cette combinaison d\u2019automatisation et de vision intelligente garantit une manipulation pr\u00e9cise, fiable et efficace des pi\u00e8ces.<\/p>\n\t<div id=\"gap-1753666956\" class=\"gap-element clearfix\" style=\"display:block; height:auto;\">\n\t\t\n<style>\n#gap-1753666956 {\n  padding-top: 30px;\n}\n<\/style>\n\t<\/div>\n\t\n<h2>sp\u00e9cification<\/h2>\n<table width=\"874\">\n<tbody>\n<tr>\n<td width=\"183\">Nom du produit<\/td>\n<td width=\"691\">\u00a0Bol d&#039;alimentation avec syst\u00e8me de vision pour un tri pr\u00e9cis des pi\u00e8ces<\/td>\n<\/tr>\n<tr>\n<td>Mat\u00e9riel<\/td>\n<td>\u00a0SUS201\/304<\/td>\n<\/tr>\n<tr>\n<td>Sp\u00e9cialit\u00e9 mat\u00e9rielle<\/td>\n<td>Alliage de forgeage \u00e0 froid, haute r\u00e9sistance, haute duret\u00e9<\/td>\n<\/tr>\n<tr>\n<td>Tension<\/td>\n<td>220V<\/td>\n<\/tr>\n<tr>\n<td>Pouvoir<\/td>\n<td>65W \/150W \/180W \/ 220W \/ 350W<\/td>\n<\/tr>\n<tr>\n<td>Authentification<\/td>\n<td>CE, ROHS, ISO9001<\/td>\n<\/tr>\n<tr>\n<td>garantie<\/td>\n<td>1 an de garantie<\/td>\n<\/tr>\n<tr>\n<td>Quantit\u00e9 minimale de commande<\/td>\n<td>1 jeu<\/td>\n<\/tr>\n<tr>\n<td>D\u00e9lai de mise en \u0153uvre<\/td>\n<td>10-14 jours<\/td>\n<\/tr>\n<tr>\n<td>Conditions de paiement<\/td>\n<td>T\/T 40% D\u00e9p\u00f4t et solde avant exp\u00e9dition<\/td>\n<\/tr>\n<tr>\n<td>Original du lieu<\/td>\n<td>Chine<\/td>\n<\/tr>\n<\/tbody>\n<\/table>","protected":false},"excerpt":{"rendered":"<p>Am\u00e9liorez la pr\u00e9cision avec notre bol d&#039;alimentation et notre syst\u00e8me de vision, con\u00e7us pour un tri pr\u00e9cis des pi\u00e8ces, garantissant l&#039;efficacit\u00e9 des processus d&#039;automatisation industrielle.<\/p>","protected":false},"featured_media":2631,"comment_status":"open","ping_status":"closed","template":"","meta":[],"product_cat":[37],"product_tag":[],"yoast_head":"<!-- This site is optimized with the Yoast SEO plugin v22.2 - https:\/\/yoast.com\/wordpress\/plugins\/seo\/ -->\n<title>Bowl Feeder with Vision System for Precise Parts Sorting - SWOER<\/title>\n<meta name=\"description\" content=\"The SWOER Bowl feeder has an integrated vision system for reliable and precise parts sorting in automation.\" \/>\n<meta name=\"robots\" content=\"index, follow, max-snippet:-1, max-image-preview:large, max-video-preview:-1\" \/>\n<link rel=\"canonical\" href=\"https:\/\/swoer.com\/fr\/manufacturer\/bowl-feeder-with-vision-system-for-precise-parts-sorting\/\" \/>\n<meta property=\"og:locale\" content=\"fr_FR\" \/>\n<meta property=\"og:type\" content=\"article\" \/>\n<meta property=\"og:title\" content=\"Bowl Feeder with Vision System for Precise Parts Sorting - SWOER\" \/>\n<meta property=\"og:description\" content=\"The SWOER Bowl feeder has an integrated vision system for reliable and precise parts sorting in automation.\" \/>\n<meta property=\"og:url\" content=\"https:\/\/swoer.com\/fr\/manufacturer\/bowl-feeder-with-vision-system-for-precise-parts-sorting\/\" \/>\n<meta property=\"og:site_name\" content=\"SWOER\" \/>\n<meta property=\"article:modified_time\" content=\"2024-09-26T05:53:10+00:00\" \/>\n<meta property=\"og:image\" content=\"https:\/\/swoer.com\/wp-content\/uploads\/2024\/09\/Bowl-Feeder-with-Vision-System-for-Precise-Parts-Sorting.webp\" \/>\n\t<meta property=\"og:image:width\" content=\"1000\" \/>\n\t<meta property=\"og:image:height\" content=\"1000\" \/>\n\t<meta property=\"og:image:type\" content=\"image\/webp\" \/>\n<meta name=\"twitter:card\" content=\"summary_large_image\" \/>\n<meta name=\"twitter:label1\" content=\"Dur\u00e9e de lecture estim\u00e9e\" \/>\n\t<meta name=\"twitter:data1\" content=\"1 minute\" \/>\n<script type=\"application\/ld+json\" class=\"yoast-schema-graph\">{\"@context\":\"https:\/\/schema.org\",\"@graph\":[{\"@type\":\"WebPage\",\"@id\":\"https:\/\/swoer.com\/manufacturer\/bowl-feeder-with-vision-system-for-precise-parts-sorting\/\",\"url\":\"https:\/\/swoer.com\/manufacturer\/bowl-feeder-with-vision-system-for-precise-parts-sorting\/\",\"name\":\"Bowl Feeder with Vision System for Precise Parts Sorting - SWOER\",\"isPartOf\":{\"@id\":\"https:\/\/swoer.com\/#website\"},\"primaryImageOfPage\":{\"@id\":\"https:\/\/swoer.com\/manufacturer\/bowl-feeder-with-vision-system-for-precise-parts-sorting\/#primaryimage\"},\"image\":{\"@id\":\"https:\/\/swoer.com\/manufacturer\/bowl-feeder-with-vision-system-for-precise-parts-sorting\/#primaryimage\"},\"thumbnailUrl\":\"https:\/\/swoer.com\/wp-content\/uploads\/2024\/09\/Bowl-Feeder-with-Vision-System-for-Precise-Parts-Sorting.webp\",\"datePublished\":\"2024-09-07T09:30:09+00:00\",\"dateModified\":\"2024-09-26T05:53:10+00:00\",\"description\":\"The SWOER Bowl feeder has an integrated vision system for reliable and precise parts sorting in automation.\",\"breadcrumb\":{\"@id\":\"https:\/\/swoer.com\/manufacturer\/bowl-feeder-with-vision-system-for-precise-parts-sorting\/#breadcrumb\"},\"inLanguage\":\"fr-FR\",\"potentialAction\":[{\"@type\":\"ReadAction\",\"target\":[\"https:\/\/swoer.com\/manufacturer\/bowl-feeder-with-vision-system-for-precise-parts-sorting\/\"]}]},{\"@type\":\"ImageObject\",\"inLanguage\":\"fr-FR\",\"@id\":\"https:\/\/swoer.com\/manufacturer\/bowl-feeder-with-vision-system-for-precise-parts-sorting\/#primaryimage\",\"url\":\"https:\/\/swoer.com\/wp-content\/uploads\/2024\/09\/Bowl-Feeder-with-Vision-System-for-Precise-Parts-Sorting.webp\",\"contentUrl\":\"https:\/\/swoer.com\/wp-content\/uploads\/2024\/09\/Bowl-Feeder-with-Vision-System-for-Precise-Parts-Sorting.webp\",\"width\":1000,\"height\":1000,\"caption\":\"Bowl Feeder with Vision System for Precise Parts Sorting\"},{\"@type\":\"BreadcrumbList\",\"@id\":\"https:\/\/swoer.com\/manufacturer\/bowl-feeder-with-vision-system-for-precise-parts-sorting\/#breadcrumb\",\"itemListElement\":[{\"@type\":\"ListItem\",\"position\":1,\"name\":\"Home\",\"item\":\"https:\/\/swoer.com\/\"},{\"@type\":\"ListItem\",\"position\":2,\"name\":\"Shop\",\"item\":\"https:\/\/swoer.com\/shop\/\"},{\"@type\":\"ListItem\",\"position\":3,\"name\":\"Bowl Feeder with Vision System for Precise Parts Sorting\"}]},{\"@type\":\"WebSite\",\"@id\":\"https:\/\/swoer.com\/#website\",\"url\":\"https:\/\/swoer.com\/\",\"name\":\"SWOER\",\"description\":\"Swoer is the top 3 vibratory bowl feeder manufacturer in China\",\"potentialAction\":[{\"@type\":\"SearchAction\",\"target\":{\"@type\":\"EntryPoint\",\"urlTemplate\":\"https:\/\/swoer.com\/?s={search_term_string}\"},\"query-input\":\"required name=search_term_string\"}],\"inLanguage\":\"fr-FR\"}]}<\/script>\n<!-- \/ Yoast SEO plugin. -->","yoast_head_json":{"title":"Bowl Feeder with Vision System for Precise Parts Sorting - SWOER","description":"The SWOER Bowl feeder has an integrated vision system for reliable and precise parts sorting in automation.","robots":{"index":"index","follow":"follow","max-snippet":"max-snippet:-1","max-image-preview":"max-image-preview:large","max-video-preview":"max-video-preview:-1"},"canonical":"https:\/\/swoer.com\/fr\/manufacturer\/bowl-feeder-with-vision-system-for-precise-parts-sorting\/","og_locale":"fr_FR","og_type":"article","og_title":"Bowl Feeder with Vision System for Precise Parts Sorting - SWOER","og_description":"The SWOER Bowl feeder has an integrated vision system for reliable and precise parts sorting in automation.","og_url":"https:\/\/swoer.com\/fr\/manufacturer\/bowl-feeder-with-vision-system-for-precise-parts-sorting\/","og_site_name":"SWOER","article_modified_time":"2024-09-26T05:53:10+00:00","og_image":[{"width":1000,"height":1000,"url":"https:\/\/swoer.com\/wp-content\/uploads\/2024\/09\/Bowl-Feeder-with-Vision-System-for-Precise-Parts-Sorting.webp","type":"image\/webp"}],"twitter_card":"summary_large_image","twitter_misc":{"Dur\u00e9e de lecture estim\u00e9e":"1 minute"},"schema":{"@context":"https:\/\/schema.org","@graph":[{"@type":"WebPage","@id":"https:\/\/swoer.com\/manufacturer\/bowl-feeder-with-vision-system-for-precise-parts-sorting\/","url":"https:\/\/swoer.com\/manufacturer\/bowl-feeder-with-vision-system-for-precise-parts-sorting\/","name":"Bowl Feeder with Vision System for Precise Parts Sorting - SWOER","isPartOf":{"@id":"https:\/\/swoer.com\/#website"},"primaryImageOfPage":{"@id":"https:\/\/swoer.com\/manufacturer\/bowl-feeder-with-vision-system-for-precise-parts-sorting\/#primaryimage"},"image":{"@id":"https:\/\/swoer.com\/manufacturer\/bowl-feeder-with-vision-system-for-precise-parts-sorting\/#primaryimage"},"thumbnailUrl":"https:\/\/swoer.com\/wp-content\/uploads\/2024\/09\/Bowl-Feeder-with-Vision-System-for-Precise-Parts-Sorting.webp","datePublished":"2024-09-07T09:30:09+00:00","dateModified":"2024-09-26T05:53:10+00:00","description":"The SWOER Bowl feeder has an integrated vision system for reliable and precise parts sorting in automation.","breadcrumb":{"@id":"https:\/\/swoer.com\/manufacturer\/bowl-feeder-with-vision-system-for-precise-parts-sorting\/#breadcrumb"},"inLanguage":"fr-FR","potentialAction":[{"@type":"ReadAction","target":["https:\/\/swoer.com\/manufacturer\/bowl-feeder-with-vision-system-for-precise-parts-sorting\/"]}]},{"@type":"ImageObject","inLanguage":"fr-FR","@id":"https:\/\/swoer.com\/manufacturer\/bowl-feeder-with-vision-system-for-precise-parts-sorting\/#primaryimage","url":"https:\/\/swoer.com\/wp-content\/uploads\/2024\/09\/Bowl-Feeder-with-Vision-System-for-Precise-Parts-Sorting.webp","contentUrl":"https:\/\/swoer.com\/wp-content\/uploads\/2024\/09\/Bowl-Feeder-with-Vision-System-for-Precise-Parts-Sorting.webp","width":1000,"height":1000,"caption":"Bowl Feeder with Vision System for Precise Parts Sorting"},{"@type":"BreadcrumbList","@id":"https:\/\/swoer.com\/manufacturer\/bowl-feeder-with-vision-system-for-precise-parts-sorting\/#breadcrumb","itemListElement":[{"@type":"ListItem","position":1,"name":"Home","item":"https:\/\/swoer.com\/"},{"@type":"ListItem","position":2,"name":"Shop","item":"https:\/\/swoer.com\/shop\/"},{"@type":"ListItem","position":3,"name":"Bowl Feeder with Vision System for Precise Parts Sorting"}]},{"@type":"WebSite","@id":"https:\/\/swoer.com\/#website","url":"https:\/\/swoer.com\/","name":"SWOER","description":"Swoer is the top 3 vibratory bowl feeder manufacturer in China","potentialAction":[{"@type":"SearchAction","target":{"@type":"EntryPoint","urlTemplate":"https:\/\/swoer.com\/?s={search_term_string}"},"query-input":"required name=search_term_string"}],"inLanguage":"fr-FR"}]}},"_links":{"self":[{"href":"https:\/\/swoer.com\/fr\/wp-json\/wp\/v2\/product\/2630"}],"collection":[{"href":"https:\/\/swoer.com\/fr\/wp-json\/wp\/v2\/product"}],"about":[{"href":"https:\/\/swoer.com\/fr\/wp-json\/wp\/v2\/types\/product"}],"replies":[{"embeddable":true,"href":"https:\/\/swoer.com\/fr\/wp-json\/wp\/v2\/comments?post=2630"}],"wp:featuredmedia":[{"embeddable":true,"href":"https:\/\/swoer.com\/fr\/wp-json\/wp\/v2\/media\/2631"}],"wp:attachment":[{"href":"https:\/\/swoer.com\/fr\/wp-json\/wp\/v2\/media?parent=2630"}],"wp:term":[{"taxonomy":"product_cat","embeddable":true,"href":"https:\/\/swoer.com\/fr\/wp-json\/wp\/v2\/product_cat?post=2630"},{"taxonomy":"product_tag","embeddable":true,"href":"https:\/\/swoer.com\/fr\/wp-json\/wp\/v2\/product_tag?post=2630"}],"curies":[{"name":"wp","href":"https:\/\/api.w.org\/{rel}","templated":true}]}}