{"id":2418,"date":"2024-08-06T09:27:58","date_gmt":"2024-08-06T01:27:58","guid":{"rendered":"https:\/\/swoer.com\/?post_type=product&#038;p=2418"},"modified":"2024-08-06T17:16:47","modified_gmt":"2024-08-06T09:16:47","slug":"vibratory-feeder-for-filter","status":"publish","type":"product","link":"https:\/\/swoer.com\/fr\/manufacturer\/vibratory-feeder-for-filter\/","title":{"rendered":"Alimentateur vibrant pour filtre"},"content":{"rendered":"<p>Swoer, l&#039;un des principaux fabricants de doseurs vibrants de pr\u00e9cision, propose des solutions personnalis\u00e9es adapt\u00e9es aux exigences uniques de l&#039;industrie des filtres. Nos conceptions avanc\u00e9es d&#039;alimentateur \u00e0 bol vibrant garantissent une alimentation fluide, efficace et fiable d&#039;une large gamme de composants de filtre, des petits joints toriques aux bo\u00eetiers complexes.<\/p>\n<h2>\u00a0<\/h2>\n<h2>Principaux avantages de choisir Swoer\u00a0:<\/h2>\n<ol>\n<li><strong>Ing\u00e9nierie de pr\u00e9cision:<\/strong> Nos alimentateurs sont con\u00e7us avec une attention m\u00e9ticuleuse aux d\u00e9tails, garantissant une orientation et un placement pr\u00e9cis des composants.<\/li>\n<li><strong>Design personalis\u00e9:<\/strong> B\u00e9n\u00e9ficiez de notre expertise dans la conception de doseurs parfaitement adapt\u00e9s \u00e0 vos besoins et contraintes sp\u00e9cifiques de production.<\/li>\n<li><strong>Construction durable\u00a0:<\/strong> Con\u00e7us pour r\u00e9sister aux environnements industriels exigeants, les doseurs Swoer offrent des performances et une fiabilit\u00e9 durables.<\/li>\n<li><strong>Efficacit\u00e9 am\u00e9lior\u00e9e\u00a0:<\/strong> Nos alimentateurs optimisent les processus de production en r\u00e9duisant les temps d&#039;arr\u00eat et en am\u00e9liorant le rendement global.<\/li>\n<li><strong>Assistance mondiale\u00a0:<\/strong> Avec un r\u00e9seau mondial de clients, Swoer fournit une assistance et un service complets.<\/li>\n<\/ol>\n<h2>Alimentateur vibrant pour sp\u00e9cifications de filtre<\/h2>\n<table width=\"874\">\n<tbody>\n<tr>\n<td width=\"183\">Nom du produit<\/td>\n<td width=\"691\">Alimentateur vibrant pour filtre<\/td>\n<\/tr>\n<tr>\n<td>Mat\u00e9riel<\/td>\n<td>\u00a0SUS201\/304<\/td>\n<\/tr>\n<tr>\n<td>Sp\u00e9cialit\u00e9 mat\u00e9rielle<\/td>\n<td>Alliage de forgeage \u00e0 froid, haute r\u00e9sistance, haute duret\u00e9<\/td>\n<\/tr>\n<tr>\n<td>Tension<\/td>\n<td>220V<\/td>\n<\/tr>\n<tr>\n<td>Pouvoir<\/td>\n<td>65W \/150W \/180W \/ 220W \/ 350W<\/td>\n<\/tr>\n<tr>\n<td>Authentification<\/td>\n<td>CE, ROHS, ISO9001<\/td>\n<\/tr>\n<tr>\n<td>garantie<\/td>\n<td>1 an de garantie<\/td>\n<\/tr>\n<tr>\n<td>Quantit\u00e9 minimale de commande<\/td>\n<td>1 jeu<\/td>\n<\/tr>\n<tr>\n<td>D\u00e9lai de mise en \u0153uvre<\/td>\n<td>10-14 jours<\/td>\n<\/tr>\n<tr>\n<td>Conditions de paiement<\/td>\n<td>T\/T 40% D\u00e9p\u00f4t et solde avant exp\u00e9dition<\/td>\n<\/tr>\n<tr>\n<td>Original du lieu<\/td>\n<td>Chine<\/td>\n<\/tr>\n<\/tbody>\n<\/table>\n\t<div id=\"gap-308254224\" class=\"gap-element clearfix\" style=\"display:block; height:auto;\">\n\t\t\n<style>\n#gap-308254224 {\n  padding-top: 30px;\n}\n<\/style>\n\t<\/div>\n\t\n<h2>Filtrer la vid\u00e9o du chargeur vibrant<\/h2>\n<div class=\"video video-fit mb\" style=\"padding-top:56.25%;\"><p><iframe loading=\"lazy\" title=\"Filtrer les fabricants d&#039;aliments \u00e0 bol vibrant - Swoer\" width=\"1020\" height=\"574\" src=\"https:\/\/www.youtube.com\/embed\/MgrX5lwqkaY?feature=oembed\" frameborder=\"0\" allow=\"accelerometer; autoplay; clipboard-write; encrypted-media; gyroscope; picture-in-picture; web-share\" referrerpolicy=\"strict-origin-when-cross-origin\" allowfullscreen><\/iframe><\/p>\n<\/div>\n<h2>Alimentateurs vibrants personnalis\u00e9s pour filtres<\/h2>\n<p>SWOER propose des solutions d&#039;alimentation vibrante personnalis\u00e9es con\u00e7ues pour r\u00e9pondre \u00e0 vos besoins sp\u00e9cifiques en mati\u00e8re de filtration. Nos ing\u00e9nieurs travailleront en \u00e9troite collaboration avec vous pour cr\u00e9er un syst\u00e8me qui optimise votre processus et am\u00e9liore la qualit\u00e9 du produit.<\/p>\n<p><strong>Veuillez cliquer \u00e0 droite\u00a0: <span style=\"color: #0000ff;\">Chat en direct<\/span> Consultez-nous<\/strong><\/p>\n<p>D\u00e9couvrez la diff\u00e9rence Swoer. Contactez-nous d\u00e8s aujourd&#039;hui pour discuter de vos besoins en mati\u00e8re d&#039;alimentation par filtre.<\/p>\n\n<div class=\"wpcf7 no-js\" id=\"wpcf7-f5-o1\" lang=\"en-US\" dir=\"ltr\">\n<div class=\"screen-reader-response\"><p role=\"status\" aria-live=\"polite\" aria-atomic=\"true\"><\/p> <ul><\/ul><\/div>\n<form action=\"\/fr\/wp-json\/wp\/v2\/product\/2418#wpcf7-f5-o1\" method=\"post\" class=\"wpcf7-form init\" aria-label=\"Formulaire de contact\" novalidate=\"novalidate\" data-status=\"init\" data-trp-original-action=\"\/fr\/wp-json\/wp\/v2\/product\/2418#wpcf7-f5-o1\">\n<div style=\"display: none;\">\n<input type=\"hidden\" name=\"_wpcf7\" value=\"5\" \/>\n<input type=\"hidden\" name=\"_wpcf7_version\" value=\"5.9.2\" \/>\n<input type=\"hidden\" name=\"_wpcf7_locale\" value=\"en_US\" \/>\n<input type=\"hidden\" name=\"_wpcf7_unit_tag\" value=\"wpcf7-f5-o1\" \/>\n<input type=\"hidden\" name=\"_wpcf7_container_post\" value=\"0\" \/>\n<input type=\"hidden\" name=\"_wpcf7_posted_data_hash\" value=\"\" \/>\n<\/div>\n<div class='custom_contact_style'>\n\t<p><label> Votre nom<br \/>\n<span class=\"wpcf7-form-control-wrap\" data-name=\"your-name\"><input size=\"40\" class=\"wpcf7-form-control wpcf7-text wpcf7-validates-as-required\" autocomplete=\"name\" aria-required=\"true\" aria-invalid=\"false\" value=\"\" type=\"text\" name=\"your-name\" \/><\/span> <\/label>\n\t<\/p>\n\t<p><label> Votre email<br \/>\n<span class=\"wpcf7-form-control-wrap\" data-name=\"your-email\"><input size=\"40\" class=\"wpcf7-form-control wpcf7-email wpcf7-validates-as-required wpcf7-text wpcf7-validates-as-email\" autocomplete=\"email\" aria-required=\"true\" aria-invalid=\"false\" value=\"\" type=\"email\" name=\"your-email\" \/><\/span> <\/label>\n\t<\/p>\n\t<p><label> Votre message (facultatif)<br \/>\n<span class=\"wpcf7-form-control-wrap\" data-name=\"your-message\"><textarea cols=\"40\" rows=\"10\" class=\"wpcf7-form-control wpcf7-textarea\" aria-invalid=\"false\" name=\"your-message\"><\/textarea><\/span> <\/label>\n\t<\/p>\n\t<div style=\"margin-bottom:10px;\">\n\t\t<p><span class=\"wpcf7-form-control-wrap kc_captcha cf7ic-toggle\" data-name=\"kc_captcha\"><span class=\"wpcf7-form-control wpcf7-radio\"><span class=\"captcha-image\" style=\"display: none;\"><span class=\"cf7ic_instructions\">Veuillez prouver que vous \u00eates humain en s\u00e9lectionnant le<span> star<\/span>.<\/span><label><input aria-label=\"1\" type=\"radio\" name=\"kc_captcha\" value=\"bot\" \/><svg aria-hidden=\"true\" role=\"img\" xmlns=\"http:\/\/www.w3.org\/2000\/svg\" viewbox=\"0 0 576 512\"><path fill=\"currentColor\" d=\"M415 24c-53 0-103 42-127 65-24-23-74-65-127-65C70 24 16 77 16 166c0 72 67 133 69 135l187 181c9 8 23 8 32 0l187-180c2-3 69-64 69-136 0-89-54-142-145-142z\"\/><\/svg><\/label><label><input aria-label=\"2\" type=\"radio\" name=\"kc_captcha\" value=\"kc_human\" \/><svg aria-hidden=\"true\" role=\"img\" xmlns=\"http:\/\/www.w3.org\/2000\/svg\" viewbox=\"0 0 576 512\"><path fill=\"currentColor\" d=\"M259 18l-65 132-146 22c-26 3-37 36-18 54l106 103-25 146c-5 26 23 46 46 33l131-68 131 68c23 13 51-7 46-33l-25-146 106-103c19-18 8-51-18-54l-146-22-65-132a32 32 0 00-58 0z\"\/><\/svg><\/label><label><input aria-label=\"3\" type=\"radio\" name=\"kc_captcha\" value=\"bot\" \/><svg aria-hidden=\"true\" role=\"img\" xmlns=\"http:\/\/www.w3.org\/2000\/svg\" viewbox=\"0 0 512 512\"><path fill=\"currentColor\" d=\"M512 176a176 176 0 01-209 173l-24 27a24 24 0 01-18 8h-37v40c0 13-11 24-24 24h-40v40c0 13-11 24-24 24H24c-13 0-24-11-24-24v-78c0-6 3-13 7-17l162-162a176 176 0 11343-55zm-176-48a48 48 0 1096 0 48 48 0 00-96 0z\"\/><\/svg><\/label>\r\n    <\/span>\r\n    <span style=\"display:none\">\r\n        <input type=\"text\" name=\"kc_honeypot\">\r\n    <\/span><\/span><\/span>\n\t\t<\/p>\n\t<\/div>\n\t<p><input class=\"wpcf7-form-control wpcf7-submit has-spinner\" type=\"submit\" value=\"Soumettre\" \/>\n\t<\/p>\n<\/div><div class=\"wpcf7-response-output\" aria-hidden=\"true\"><\/div>\n<input type=\"hidden\" name=\"trp-form-language\" value=\"fr\"\/><\/form>\n<\/div>","protected":false},"excerpt":{"rendered":"<p>L&#039;alimentateur vibrant de Swoer est optimis\u00e9 pour les syst\u00e8mes de filtration, fournissant un flux de mat\u00e9riaux pr\u00e9cis et r\u00e9gulier. Am\u00e9liorez votre processus de filtration avec notre solution robuste et efficace.<\/p>","protected":false},"featured_media":2419,"comment_status":"open","ping_status":"closed","template":"","meta":[],"product_cat":[37],"product_tag":[],"yoast_head":"<!-- This site is optimized with the Yoast SEO plugin v22.2 - https:\/\/yoast.com\/wordpress\/plugins\/seo\/ -->\n<title>Vibratory Feeder for Filter | Vibratory Bowl Feeder Design for Filter<\/title>\n<meta name=\"description\" content=\"Swoer offers custom-made high-quality Vibratory feeders for Filter applications. Improve material flow and filtration efficiency.\" \/>\n<meta name=\"robots\" content=\"index, follow, max-snippet:-1, max-image-preview:large, max-video-preview:-1\" \/>\n<link rel=\"canonical\" href=\"https:\/\/swoer.com\/fr\/manufacturer\/vibratory-feeder-for-filter\/\" \/>\n<meta property=\"og:locale\" content=\"fr_FR\" \/>\n<meta property=\"og:type\" content=\"article\" \/>\n<meta property=\"og:title\" content=\"Vibratory Feeder for Filter | Vibratory Bowl Feeder Design for Filter\" \/>\n<meta property=\"og:description\" content=\"Swoer offers custom-made high-quality Vibratory feeders for Filter applications. Improve material flow and filtration efficiency.\" \/>\n<meta property=\"og:url\" content=\"https:\/\/swoer.com\/fr\/manufacturer\/vibratory-feeder-for-filter\/\" \/>\n<meta property=\"og:site_name\" content=\"SWOER\" \/>\n<meta property=\"article:modified_time\" content=\"2024-08-06T09:16:47+00:00\" \/>\n<meta property=\"og:image\" content=\"https:\/\/swoer.com\/wp-content\/uploads\/2024\/08\/Vibratory-Feeder-for-Filter.webp\" \/>\n\t<meta property=\"og:image:width\" content=\"1000\" \/>\n\t<meta property=\"og:image:height\" content=\"1000\" \/>\n\t<meta property=\"og:image:type\" content=\"image\/webp\" \/>\n<meta name=\"twitter:card\" content=\"summary_large_image\" \/>\n<meta name=\"twitter:label1\" content=\"Dur\u00e9e de lecture estim\u00e9e\" \/>\n\t<meta name=\"twitter:data1\" content=\"2 minutes\" \/>\n<script type=\"application\/ld+json\" class=\"yoast-schema-graph\">{\"@context\":\"https:\/\/schema.org\",\"@graph\":[{\"@type\":\"WebPage\",\"@id\":\"https:\/\/swoer.com\/manufacturer\/vibratory-feeder-for-filter\/\",\"url\":\"https:\/\/swoer.com\/manufacturer\/vibratory-feeder-for-filter\/\",\"name\":\"Vibratory Feeder for Filter | Vibratory Bowl Feeder Design for Filter\",\"isPartOf\":{\"@id\":\"https:\/\/swoer.com\/#website\"},\"primaryImageOfPage\":{\"@id\":\"https:\/\/swoer.com\/manufacturer\/vibratory-feeder-for-filter\/#primaryimage\"},\"image\":{\"@id\":\"https:\/\/swoer.com\/manufacturer\/vibratory-feeder-for-filter\/#primaryimage\"},\"thumbnailUrl\":\"https:\/\/swoer.com\/wp-content\/uploads\/2024\/08\/Vibratory-Feeder-for-Filter.webp\",\"datePublished\":\"2024-08-06T01:27:58+00:00\",\"dateModified\":\"2024-08-06T09:16:47+00:00\",\"description\":\"Swoer offers custom-made high-quality Vibratory feeders for Filter applications. Improve material flow and filtration efficiency.\",\"breadcrumb\":{\"@id\":\"https:\/\/swoer.com\/manufacturer\/vibratory-feeder-for-filter\/#breadcrumb\"},\"inLanguage\":\"fr-FR\",\"potentialAction\":[{\"@type\":\"ReadAction\",\"target\":[\"https:\/\/swoer.com\/manufacturer\/vibratory-feeder-for-filter\/\"]}]},{\"@type\":\"ImageObject\",\"inLanguage\":\"fr-FR\",\"@id\":\"https:\/\/swoer.com\/manufacturer\/vibratory-feeder-for-filter\/#primaryimage\",\"url\":\"https:\/\/swoer.com\/wp-content\/uploads\/2024\/08\/Vibratory-Feeder-for-Filter.webp\",\"contentUrl\":\"https:\/\/swoer.com\/wp-content\/uploads\/2024\/08\/Vibratory-Feeder-for-Filter.webp\",\"width\":1000,\"height\":1000,\"caption\":\"Vibratory Feeder for Filter\"},{\"@type\":\"BreadcrumbList\",\"@id\":\"https:\/\/swoer.com\/manufacturer\/vibratory-feeder-for-filter\/#breadcrumb\",\"itemListElement\":[{\"@type\":\"ListItem\",\"position\":1,\"name\":\"Home\",\"item\":\"https:\/\/swoer.com\/\"},{\"@type\":\"ListItem\",\"position\":2,\"name\":\"Shop\",\"item\":\"https:\/\/swoer.com\/shop\/\"},{\"@type\":\"ListItem\",\"position\":3,\"name\":\"Vibratory Feeder for Filter\"}]},{\"@type\":\"WebSite\",\"@id\":\"https:\/\/swoer.com\/#website\",\"url\":\"https:\/\/swoer.com\/\",\"name\":\"SWOER\",\"description\":\"Swoer is the top 3 vibratory bowl feeder manufacturer in China\",\"potentialAction\":[{\"@type\":\"SearchAction\",\"target\":{\"@type\":\"EntryPoint\",\"urlTemplate\":\"https:\/\/swoer.com\/?s={search_term_string}\"},\"query-input\":\"required name=search_term_string\"}],\"inLanguage\":\"fr-FR\"}]}<\/script>\n<!-- \/ Yoast SEO plugin. -->","yoast_head_json":{"title":"Vibratory Feeder for Filter | Vibratory Bowl Feeder Design for Filter","description":"Swoer offers custom-made high-quality Vibratory feeders for Filter applications. Improve material flow and filtration efficiency.","robots":{"index":"index","follow":"follow","max-snippet":"max-snippet:-1","max-image-preview":"max-image-preview:large","max-video-preview":"max-video-preview:-1"},"canonical":"https:\/\/swoer.com\/fr\/manufacturer\/vibratory-feeder-for-filter\/","og_locale":"fr_FR","og_type":"article","og_title":"Vibratory Feeder for Filter | Vibratory Bowl Feeder Design for Filter","og_description":"Swoer offers custom-made high-quality Vibratory feeders for Filter applications. Improve material flow and filtration efficiency.","og_url":"https:\/\/swoer.com\/fr\/manufacturer\/vibratory-feeder-for-filter\/","og_site_name":"SWOER","article_modified_time":"2024-08-06T09:16:47+00:00","og_image":[{"width":1000,"height":1000,"url":"https:\/\/swoer.com\/wp-content\/uploads\/2024\/08\/Vibratory-Feeder-for-Filter.webp","type":"image\/webp"}],"twitter_card":"summary_large_image","twitter_misc":{"Dur\u00e9e de lecture estim\u00e9e":"2 minutes"},"schema":{"@context":"https:\/\/schema.org","@graph":[{"@type":"WebPage","@id":"https:\/\/swoer.com\/manufacturer\/vibratory-feeder-for-filter\/","url":"https:\/\/swoer.com\/manufacturer\/vibratory-feeder-for-filter\/","name":"Vibratory Feeder for Filter | Vibratory Bowl Feeder Design for Filter","isPartOf":{"@id":"https:\/\/swoer.com\/#website"},"primaryImageOfPage":{"@id":"https:\/\/swoer.com\/manufacturer\/vibratory-feeder-for-filter\/#primaryimage"},"image":{"@id":"https:\/\/swoer.com\/manufacturer\/vibratory-feeder-for-filter\/#primaryimage"},"thumbnailUrl":"https:\/\/swoer.com\/wp-content\/uploads\/2024\/08\/Vibratory-Feeder-for-Filter.webp","datePublished":"2024-08-06T01:27:58+00:00","dateModified":"2024-08-06T09:16:47+00:00","description":"Swoer offers custom-made high-quality Vibratory feeders for Filter applications. Improve material flow and filtration efficiency.","breadcrumb":{"@id":"https:\/\/swoer.com\/manufacturer\/vibratory-feeder-for-filter\/#breadcrumb"},"inLanguage":"fr-FR","potentialAction":[{"@type":"ReadAction","target":["https:\/\/swoer.com\/manufacturer\/vibratory-feeder-for-filter\/"]}]},{"@type":"ImageObject","inLanguage":"fr-FR","@id":"https:\/\/swoer.com\/manufacturer\/vibratory-feeder-for-filter\/#primaryimage","url":"https:\/\/swoer.com\/wp-content\/uploads\/2024\/08\/Vibratory-Feeder-for-Filter.webp","contentUrl":"https:\/\/swoer.com\/wp-content\/uploads\/2024\/08\/Vibratory-Feeder-for-Filter.webp","width":1000,"height":1000,"caption":"Vibratory Feeder for Filter"},{"@type":"BreadcrumbList","@id":"https:\/\/swoer.com\/manufacturer\/vibratory-feeder-for-filter\/#breadcrumb","itemListElement":[{"@type":"ListItem","position":1,"name":"Home","item":"https:\/\/swoer.com\/"},{"@type":"ListItem","position":2,"name":"Shop","item":"https:\/\/swoer.com\/shop\/"},{"@type":"ListItem","position":3,"name":"Vibratory Feeder for Filter"}]},{"@type":"WebSite","@id":"https:\/\/swoer.com\/#website","url":"https:\/\/swoer.com\/","name":"SWOER","description":"Swoer is the top 3 vibratory bowl feeder manufacturer in China","potentialAction":[{"@type":"SearchAction","target":{"@type":"EntryPoint","urlTemplate":"https:\/\/swoer.com\/?s={search_term_string}"},"query-input":"required name=search_term_string"}],"inLanguage":"fr-FR"}]}},"_links":{"self":[{"href":"https:\/\/swoer.com\/fr\/wp-json\/wp\/v2\/product\/2418"}],"collection":[{"href":"https:\/\/swoer.com\/fr\/wp-json\/wp\/v2\/product"}],"about":[{"href":"https:\/\/swoer.com\/fr\/wp-json\/wp\/v2\/types\/product"}],"replies":[{"embeddable":true,"href":"https:\/\/swoer.com\/fr\/wp-json\/wp\/v2\/comments?post=2418"}],"wp:featuredmedia":[{"embeddable":true,"href":"https:\/\/swoer.com\/fr\/wp-json\/wp\/v2\/media\/2419"}],"wp:attachment":[{"href":"https:\/\/swoer.com\/fr\/wp-json\/wp\/v2\/media?parent=2418"}],"wp:term":[{"taxonomy":"product_cat","embeddable":true,"href":"https:\/\/swoer.com\/fr\/wp-json\/wp\/v2\/product_cat?post=2418"},{"taxonomy":"product_tag","embeddable":true,"href":"https:\/\/swoer.com\/fr\/wp-json\/wp\/v2\/product_tag?post=2418"}],"curies":[{"name":"wp","href":"https:\/\/api.w.org\/{rel}","templated":true}]}}