{"id":2342,"date":"2024-07-16T06:33:36","date_gmt":"2024-07-16T06:33:36","guid":{"rendered":"https:\/\/swoer.com\/?post_type=product&#038;p=2342"},"modified":"2024-07-20T00:26:08","modified_gmt":"2024-07-20T00:26:08","slug":"vibratory-bowl-feeder-base-sw-c230","status":"publish","type":"product","link":"https:\/\/swoer.com\/fr\/manufacturer\/vibratory-bowl-feeder-base-sw-c230\/","title":{"rendered":"Base d&#039;alimentation \u00e0 bol vibrant SW-C230"},"content":{"rendered":"<section class=\"section\" id=\"section_471236300\">\n\t\t<div class=\"bg section-bg fill bg-fill  bg-loaded\" >\n\n\t\t\t\n\t\t\t\n\t\t\t\n\n\t\t<\/div>\n\n\t\t\n\n\t\t<div class=\"section-content relative\">\n\t\t\t\n<h2>Param\u00e8tres du produit<\/h2>\n<table style=\"border-collapse: collapse; width: 418.52pt;\" border=\"0\" width=\"558\" cellspacing=\"0\" cellpadding=\"0\">\n<tbody>\n<tr style=\"height: 27.00pt;\">\n<td class=\"et3\" style=\"height: 27.00pt; width: 143.25pt;\" width=\"191\" height=\"36\">Mod\u00e8le<\/td>\n<td class=\"et3\" style=\"width: 275.25pt;\" width=\"367\">SW-C230<\/td>\n<\/tr>\n<tr style=\"height: 27.00pt;\">\n<td class=\"et3\" style=\"height: 27.00pt;\" height=\"36\">Tension nominale<\/td>\n<td class=\"et3\">220V<\/td>\n<\/tr>\n<tr style=\"height: 27.00pt;\">\n<td class=\"et3\" style=\"height: 27.00pt;\" height=\"36\">Fr\u00e9quence<\/td>\n<td class=\"et3\">50 Hz<\/td>\n<\/tr>\n<tr style=\"height: 27.00pt;\">\n<td class=\"et3\" style=\"height: 27.00pt;\" height=\"36\">Courant nominal<\/td>\n<td class=\"et3\">3,4A<\/td>\n<\/tr>\n<tr style=\"height: 27.00pt;\">\n<td class=\"et3\" style=\"height: 27.00pt;\" height=\"36\">Corps maximum<\/td>\n<td class=\"et3\">410mm<\/td>\n<\/tr>\n<tr style=\"height: 27.00pt;\">\n<td class=\"et3\" style=\"height: 27.00pt;\" height=\"36\">Charge maximale<\/td>\n<td class=\"et3\">7,5 kg<\/td>\n<\/tr>\n<tr style=\"height: 27.00pt;\">\n<td class=\"et3\" style=\"height: 27.00pt;\" height=\"36\">Contr\u00f4leur applicable<\/td>\n<td class=\"et3\">Contr\u00f4leur de fr\u00e9quence 3A<\/td>\n<\/tr>\n<tr style=\"height: 27.00pt;\">\n<td class=\"et3\" style=\"height: 27.00pt;\" height=\"36\">Ressort \u00e0 lames applicable<\/td>\n<td class=\"et3\">SW-50CRVA-106x35<\/td>\n<\/tr>\n<tr style=\"height: 27.00pt;\">\n<td class=\"et3\" style=\"height: 27.00pt;\" height=\"36\">Num\u00e9ro de vibration<\/td>\n<td class=\"et3\">50-200Hz<\/td>\n<\/tr>\n<tr style=\"height: 27.00pt;\">\n<td class=\"et4\" style=\"height: 54.00pt;\" rowspan=\"2\" height=\"72\">Poids de base<\/td>\n<td class=\"et4\">28kg \/ Type de base, avec silo auxiliaire \u00e0 l&#039;int\u00e9rieur de la caisse<\/td>\n<\/tr>\n<tr style=\"height: 27.00pt;\">\n<td class=\"et4\">30kg \/ Avec faible s\u00e9paration, avec bride de fixation sur carrosserie<\/td>\n<\/tr>\n<\/tbody>\n<\/table>\n\t<div id=\"gap-589362474\" class=\"gap-element clearfix\" style=\"display:block; height:auto;\">\n\t\t\n<style>\n#gap-589362474 {\n  padding-top: 30px;\n}\n<\/style>\n\t<\/div>\n\t\n<h2>Dimensions du SW-C230<\/h2>\n\t<div class=\"img has-hover x md-x lg-x y md-y lg-y\" id=\"image_1916043538\">\n\t\t\t\t\t\t\t\t<div class=\"img-inner dark\" >\n\t\t\t<img loading=\"lazy\" decoding=\"async\" width=\"833\" height=\"618\" src=\"https:\/\/swoer.com\/wp-content\/uploads\/2024\/07\/SW-C230-Dimensions.jpg\" class=\"attachment-original size-original\" alt=\"Dimensions du SW-C230\" srcset=\"https:\/\/swoer.com\/wp-content\/uploads\/2024\/07\/SW-C230-Dimensions.jpg 833w, https:\/\/swoer.com\/wp-content\/uploads\/2024\/07\/SW-C230-Dimensions-300x223.jpg 300w, https:\/\/swoer.com\/wp-content\/uploads\/2024\/07\/SW-C230-Dimensions-768x570.jpg 768w, https:\/\/swoer.com\/wp-content\/uploads\/2024\/07\/SW-C230-Dimensions-16x12.jpg 16w, https:\/\/swoer.com\/wp-content\/uploads\/2024\/07\/SW-C230-Dimensions-600x445.jpg 600w\" sizes=\"(max-width: 833px) 100vw, 833px\" \/>\t\t\t\t\t\t\n\t\t\t\t\t<\/div>\n\t\t\t\t\t\t\t\t\n<style>\n#image_1916043538 {\n  width: 70%;\n}\n<\/style>\n\t<\/div>\n\t\n\t\t<\/div>\n\n\t\t\n<style>\n#section_471236300 {\n  padding-top: 30px;\n  padding-bottom: 30px;\n}\n#section_471236300 .ux-shape-divider--top svg {\n  height: 150px;\n  --divider-top-width: 100%;\n}\n#section_471236300 .ux-shape-divider--bottom svg {\n  height: 150px;\n  --divider-width: 100%;\n}\n<\/style>\n\t<\/section>","protected":false},"excerpt":{"rendered":"<p>La base d&#039;alimentation \u00e0 bol vibrant SW-C230 est une solution polyvalente et fiable pour les applications de manutention de mat\u00e9riaux en vrac. Sa construction robuste et son contr\u00f4le pr\u00e9cis des vibrations garantissent un flux de mat\u00e9riaux constant et efficace. Le chargeur est facile \u00e0 installer et \u00e0 utiliser, et il peut \u00eatre personnalis\u00e9 pour r\u00e9pondre aux besoins sp\u00e9cifiques de votre application.<\/p>","protected":false},"featured_media":2343,"comment_status":"open","ping_status":"closed","template":"","meta":[],"product_cat":[46],"product_tag":[],"yoast_head":"<!-- This site is optimized with the Yoast SEO plugin v22.2 - https:\/\/yoast.com\/wordpress\/plugins\/seo\/ -->\n<title>Vibratory Bowl Feeder Base SW-C230 - SWOER<\/title>\n<meta name=\"description\" content=\"SW-C230: Efficient, precise vibratory feeder. Ideal for food, pharma, electronics. Durable, customizable. Contact us.\" \/>\n<meta name=\"robots\" content=\"index, follow, max-snippet:-1, max-image-preview:large, max-video-preview:-1\" \/>\n<link rel=\"canonical\" href=\"https:\/\/swoer.com\/fr\/manufacturer\/vibratory-bowl-feeder-base-sw-c230\/\" \/>\n<meta property=\"og:locale\" content=\"fr_FR\" \/>\n<meta property=\"og:type\" content=\"article\" \/>\n<meta property=\"og:title\" content=\"Vibratory Bowl Feeder Base SW-C230 - SWOER\" \/>\n<meta property=\"og:description\" content=\"SW-C230: Efficient, precise vibratory feeder. Ideal for food, pharma, electronics. Durable, customizable. Contact us.\" \/>\n<meta property=\"og:url\" content=\"https:\/\/swoer.com\/fr\/manufacturer\/vibratory-bowl-feeder-base-sw-c230\/\" \/>\n<meta property=\"og:site_name\" content=\"SWOER\" \/>\n<meta property=\"article:modified_time\" content=\"2024-07-20T00:26:08+00:00\" \/>\n<meta property=\"og:image\" content=\"https:\/\/swoer.com\/wp-content\/uploads\/2024\/07\/Vibratory-Bowl-Feeder-Base-SW-C230.jpg\" \/>\n\t<meta property=\"og:image:width\" content=\"1000\" \/>\n\t<meta property=\"og:image:height\" content=\"1000\" \/>\n\t<meta property=\"og:image:type\" content=\"image\/jpeg\" \/>\n<meta name=\"twitter:card\" content=\"summary_large_image\" \/>\n<meta name=\"twitter:label1\" content=\"Dur\u00e9e de lecture estim\u00e9e\" \/>\n\t<meta name=\"twitter:data1\" content=\"1 minute\" \/>\n<script type=\"application\/ld+json\" class=\"yoast-schema-graph\">{\"@context\":\"https:\/\/schema.org\",\"@graph\":[{\"@type\":\"WebPage\",\"@id\":\"https:\/\/swoer.com\/manufacturer\/vibratory-bowl-feeder-base-sw-c230\/\",\"url\":\"https:\/\/swoer.com\/manufacturer\/vibratory-bowl-feeder-base-sw-c230\/\",\"name\":\"Vibratory Bowl Feeder Base SW-C230 - SWOER\",\"isPartOf\":{\"@id\":\"https:\/\/swoer.com\/#website\"},\"primaryImageOfPage\":{\"@id\":\"https:\/\/swoer.com\/manufacturer\/vibratory-bowl-feeder-base-sw-c230\/#primaryimage\"},\"image\":{\"@id\":\"https:\/\/swoer.com\/manufacturer\/vibratory-bowl-feeder-base-sw-c230\/#primaryimage\"},\"thumbnailUrl\":\"https:\/\/swoer.com\/wp-content\/uploads\/2024\/07\/Vibratory-Bowl-Feeder-Base-SW-C230.jpg\",\"datePublished\":\"2024-07-16T06:33:36+00:00\",\"dateModified\":\"2024-07-20T00:26:08+00:00\",\"description\":\"SW-C230: Efficient, precise vibratory feeder. Ideal for food, pharma, electronics. Durable, customizable. Contact us.\",\"breadcrumb\":{\"@id\":\"https:\/\/swoer.com\/manufacturer\/vibratory-bowl-feeder-base-sw-c230\/#breadcrumb\"},\"inLanguage\":\"fr-FR\",\"potentialAction\":[{\"@type\":\"ReadAction\",\"target\":[\"https:\/\/swoer.com\/manufacturer\/vibratory-bowl-feeder-base-sw-c230\/\"]}]},{\"@type\":\"ImageObject\",\"inLanguage\":\"fr-FR\",\"@id\":\"https:\/\/swoer.com\/manufacturer\/vibratory-bowl-feeder-base-sw-c230\/#primaryimage\",\"url\":\"https:\/\/swoer.com\/wp-content\/uploads\/2024\/07\/Vibratory-Bowl-Feeder-Base-SW-C230.jpg\",\"contentUrl\":\"https:\/\/swoer.com\/wp-content\/uploads\/2024\/07\/Vibratory-Bowl-Feeder-Base-SW-C230.jpg\",\"width\":1000,\"height\":1000,\"caption\":\"Vibratory Bowl Feeder Base SW-C230\"},{\"@type\":\"BreadcrumbList\",\"@id\":\"https:\/\/swoer.com\/manufacturer\/vibratory-bowl-feeder-base-sw-c230\/#breadcrumb\",\"itemListElement\":[{\"@type\":\"ListItem\",\"position\":1,\"name\":\"Home\",\"item\":\"https:\/\/swoer.com\/\"},{\"@type\":\"ListItem\",\"position\":2,\"name\":\"Shop\",\"item\":\"https:\/\/swoer.com\/shop\/\"},{\"@type\":\"ListItem\",\"position\":3,\"name\":\"Vibratory Bowl Feeder Base SW-C230\"}]},{\"@type\":\"WebSite\",\"@id\":\"https:\/\/swoer.com\/#website\",\"url\":\"https:\/\/swoer.com\/\",\"name\":\"SWOER\",\"description\":\"Swoer is the top 3 vibratory bowl feeder manufacturer in China\",\"potentialAction\":[{\"@type\":\"SearchAction\",\"target\":{\"@type\":\"EntryPoint\",\"urlTemplate\":\"https:\/\/swoer.com\/?s={search_term_string}\"},\"query-input\":\"required name=search_term_string\"}],\"inLanguage\":\"fr-FR\"}]}<\/script>\n<!-- \/ Yoast SEO plugin. -->","yoast_head_json":{"title":"Vibratory Bowl Feeder Base SW-C230 - SWOER","description":"SW-C230: Efficient, precise vibratory feeder. Ideal for food, pharma, electronics. Durable, customizable. Contact us.","robots":{"index":"index","follow":"follow","max-snippet":"max-snippet:-1","max-image-preview":"max-image-preview:large","max-video-preview":"max-video-preview:-1"},"canonical":"https:\/\/swoer.com\/fr\/manufacturer\/vibratory-bowl-feeder-base-sw-c230\/","og_locale":"fr_FR","og_type":"article","og_title":"Vibratory Bowl Feeder Base SW-C230 - SWOER","og_description":"SW-C230: Efficient, precise vibratory feeder. Ideal for food, pharma, electronics. Durable, customizable. Contact us.","og_url":"https:\/\/swoer.com\/fr\/manufacturer\/vibratory-bowl-feeder-base-sw-c230\/","og_site_name":"SWOER","article_modified_time":"2024-07-20T00:26:08+00:00","og_image":[{"width":1000,"height":1000,"url":"https:\/\/swoer.com\/wp-content\/uploads\/2024\/07\/Vibratory-Bowl-Feeder-Base-SW-C230.jpg","type":"image\/jpeg"}],"twitter_card":"summary_large_image","twitter_misc":{"Dur\u00e9e de lecture estim\u00e9e":"1 minute"},"schema":{"@context":"https:\/\/schema.org","@graph":[{"@type":"WebPage","@id":"https:\/\/swoer.com\/manufacturer\/vibratory-bowl-feeder-base-sw-c230\/","url":"https:\/\/swoer.com\/manufacturer\/vibratory-bowl-feeder-base-sw-c230\/","name":"Vibratory Bowl Feeder Base SW-C230 - SWOER","isPartOf":{"@id":"https:\/\/swoer.com\/#website"},"primaryImageOfPage":{"@id":"https:\/\/swoer.com\/manufacturer\/vibratory-bowl-feeder-base-sw-c230\/#primaryimage"},"image":{"@id":"https:\/\/swoer.com\/manufacturer\/vibratory-bowl-feeder-base-sw-c230\/#primaryimage"},"thumbnailUrl":"https:\/\/swoer.com\/wp-content\/uploads\/2024\/07\/Vibratory-Bowl-Feeder-Base-SW-C230.jpg","datePublished":"2024-07-16T06:33:36+00:00","dateModified":"2024-07-20T00:26:08+00:00","description":"SW-C230: Efficient, precise vibratory feeder. Ideal for food, pharma, electronics. Durable, customizable. Contact us.","breadcrumb":{"@id":"https:\/\/swoer.com\/manufacturer\/vibratory-bowl-feeder-base-sw-c230\/#breadcrumb"},"inLanguage":"fr-FR","potentialAction":[{"@type":"ReadAction","target":["https:\/\/swoer.com\/manufacturer\/vibratory-bowl-feeder-base-sw-c230\/"]}]},{"@type":"ImageObject","inLanguage":"fr-FR","@id":"https:\/\/swoer.com\/manufacturer\/vibratory-bowl-feeder-base-sw-c230\/#primaryimage","url":"https:\/\/swoer.com\/wp-content\/uploads\/2024\/07\/Vibratory-Bowl-Feeder-Base-SW-C230.jpg","contentUrl":"https:\/\/swoer.com\/wp-content\/uploads\/2024\/07\/Vibratory-Bowl-Feeder-Base-SW-C230.jpg","width":1000,"height":1000,"caption":"Vibratory Bowl Feeder Base SW-C230"},{"@type":"BreadcrumbList","@id":"https:\/\/swoer.com\/manufacturer\/vibratory-bowl-feeder-base-sw-c230\/#breadcrumb","itemListElement":[{"@type":"ListItem","position":1,"name":"Home","item":"https:\/\/swoer.com\/"},{"@type":"ListItem","position":2,"name":"Shop","item":"https:\/\/swoer.com\/shop\/"},{"@type":"ListItem","position":3,"name":"Vibratory Bowl Feeder Base SW-C230"}]},{"@type":"WebSite","@id":"https:\/\/swoer.com\/#website","url":"https:\/\/swoer.com\/","name":"SWOER","description":"Swoer is the top 3 vibratory bowl feeder manufacturer in China","potentialAction":[{"@type":"SearchAction","target":{"@type":"EntryPoint","urlTemplate":"https:\/\/swoer.com\/?s={search_term_string}"},"query-input":"required name=search_term_string"}],"inLanguage":"fr-FR"}]}},"_links":{"self":[{"href":"https:\/\/swoer.com\/fr\/wp-json\/wp\/v2\/product\/2342"}],"collection":[{"href":"https:\/\/swoer.com\/fr\/wp-json\/wp\/v2\/product"}],"about":[{"href":"https:\/\/swoer.com\/fr\/wp-json\/wp\/v2\/types\/product"}],"replies":[{"embeddable":true,"href":"https:\/\/swoer.com\/fr\/wp-json\/wp\/v2\/comments?post=2342"}],"wp:featuredmedia":[{"embeddable":true,"href":"https:\/\/swoer.com\/fr\/wp-json\/wp\/v2\/media\/2343"}],"wp:attachment":[{"href":"https:\/\/swoer.com\/fr\/wp-json\/wp\/v2\/media?parent=2342"}],"wp:term":[{"taxonomy":"product_cat","embeddable":true,"href":"https:\/\/swoer.com\/fr\/wp-json\/wp\/v2\/product_cat?post=2342"},{"taxonomy":"product_tag","embeddable":true,"href":"https:\/\/swoer.com\/fr\/wp-json\/wp\/v2\/product_tag?post=2342"}],"curies":[{"name":"wp","href":"https:\/\/api.w.org\/{rel}","templated":true}]}}