{"id":2332,"date":"2024-07-11T02:33:28","date_gmt":"2024-07-11T02:33:28","guid":{"rendered":"https:\/\/swoer.com\/?post_type=product&#038;p=2332"},"modified":"2024-08-16T12:01:29","modified_gmt":"2024-08-16T04:01:29","slug":"vibratory-hopper-controller-sdvc311-m","status":"publish","type":"product","link":"https:\/\/swoer.com\/fr\/manufacturer\/vibratory-hopper-controller-sdvc311-m\/","title":{"rendered":"Contr\u00f4leur de tr\u00e9mie vibrante SDVC311-M"},"content":{"rendered":"<h2>caract\u00e9ristiques du produit<\/h2>\n<p>Le contr\u00f4leur d&#039;alimentation par vibration \u00e0 modulation de fr\u00e9quence num\u00e9rique s\u00e9rie SDVC311 est un contr\u00f4leur de sortie compact et universel offrant des performances uniques avec la derni\u00e8re technologie \u00e9lectronique et une conception soign\u00e9e. Les principales fonctionnalit\u00e9s incluent\u00a0:<\/p>\n<ul>\n<li><strong>Plage de fr\u00e9quence de sortie\u00a0:<\/strong> 5,0 Hz \u00e0 400,0 Hz avec une pr\u00e9cision de 0,1 Hz.<\/li>\n<li><strong>Fonction de freinage\u00a0:<\/strong> Arr\u00eate rapidement la plaque vibrante en d\u00e9pla\u00e7ant le courant de 180\u00b0 pendant le processus de fermeture lente.<\/li>\n<li>Le port photo\u00e9lectrique intelligent prend en charge les capteurs photo\u00e9lectriques, les capteurs de commutation NPN ou PNP.<\/li>\n<li>Le port d\u2019arr\u00eat complet du mat\u00e9riau prend en charge les types d\u2019adaptation NPN, PNP ou automatique.<\/li>\n<li>Le port de sortie de contr\u00f4le prend en charge le mode de sortie NPN, PNP ou push-pull.<\/li>\n<li><strong>Fonctions de protection compl\u00e8tes\u00a0:<\/strong> protection contre les courts-circuits pour la sortie principale, protection contre les surintensit\u00e9s, protection contre la surchauffe, protection contre les sous-tensions\/surtensions de l&#039;alimentation, protection contre les courts-circuits de sortie de commande, protection contre les courts-circuits de sortie 24 V, contr\u00f4le de vitesse, protection contre les courts-circuits de sortie 5 V.<\/li>\n<\/ul>\n<p><strong>Par rapport au contr\u00f4leur SDVC31-M, ce produit pr\u00e9sente des am\u00e9liorations significatives des performances\u00a0:<\/strong><\/p>\n<ol>\n<li>La fr\u00e9quence de sortie est pass\u00e9e de 40,0 \u00e0 400,0 Hz.<\/li>\n<li>Le d\u00e9lai d&#039;activation\/d\u00e9sactivation maximum pour les ports photo\u00e9lectriques intelligents et d&#039;arr\u00eat complet du mat\u00e9riau est pass\u00e9 de 20,0 secondes \u00e0 99,9 secondes.<\/li>\n<li>Nouvelle fonction de fermeture lente : 0,0 ~ 10,0 secondes pour arr\u00eater lentement la plaque vibrante.<\/li>\n<li>Nouvelle fonction de freinage\u00a0: 0 \u00e0 100 cycles de freinage pour arr\u00eater rapidement la plaque vibrante.<\/li>\n<li>Ajout de la prise en charge du capteur PNP au port photo\u00e9lectrique intelligent.<\/li>\n<li>Port d&#039;arr\u00eat complet du mat\u00e9riel mis \u00e0 niveau, de la s\u00e9lection NPN et PNP au r\u00e9glage logiciel, y compris le mode automatique.<\/li>\n<li>Port de sortie de contr\u00f4le mis \u00e0 niveau de la sortie NPN aux modes NPN, PNP et push-pull.<\/li>\n<li>Nouveau d\u00e9lai marche\/arr\u00eat du port de sortie de contr\u00f4le\u00a0: 0,0 \u00e0 99,9 secondes.<\/li>\n<li>Nouveau mode de sortie de contr\u00f4le : mode retard et mode maintien.<\/li>\n<li>Nouvelle fonction de mesure pour surveiller la temp\u00e9rature, la tension du bus, le courant de sortie, la tension du port A de contr\u00f4le de vitesse analogique, la tension du signal du port B, la tension du signal du port C, la tension de sortie du port D et la tension de sortie 24 V.<\/li>\n<\/ol>\n\t<div id=\"gap-311145459\" class=\"gap-element clearfix\" style=\"display:block; height:auto;\">\n\t\t\n<style>\n#gap-311145459 {\n  padding-top: 30px;\n}\n<\/style>\n\t<\/div>\n\t\n<h2>Sp\u00e9cifications techniques<\/h2>\n<table width=\"767\">\n<tbody>\n<tr>\n<td rowspan=\"2\" width=\"225\">Article<\/td>\n<td colspan=\"3\" width=\"216\">Gamme<\/td>\n<td rowspan=\"2\" width=\"72\">Unit\u00e9<\/td>\n<td rowspan=\"2\" width=\"254\">Description<\/td>\n<\/tr>\n<tr>\n<td>Le minimum<\/td>\n<td>Typique<\/td>\n<td>Maximum<\/td>\n<\/tr>\n<tr>\n<td>Tension d&#039;entr\u00e9e<\/td>\n<td>85<\/td>\n<td>220<\/td>\n<td>260<\/td>\n<td>V<\/td>\n<td>Valeur efficace CA<\/td>\n<\/tr>\n<tr>\n<td>Plage de r\u00e9glage de la tension de sortie<\/td>\n<td>0<\/td>\n<td><\/td>\n<td>260<\/td>\n<td>V<\/td>\n<td>Moins de 150% de tension d&#039;entr\u00e9e<\/td>\n<\/tr>\n<tr>\n<td>Pr\u00e9cision du r\u00e9glage de la tension<\/td>\n<td colspan=\"3\">1<\/td>\n<td>V<\/td>\n<td><\/td>\n<\/tr>\n<tr>\n<td>Pr\u00e9cision de la r\u00e9gulation de tension<\/td>\n<td>0<\/td>\n<td><\/td>\n<td>10<\/td>\n<td><\/td>\n<td>Vout\/Vin<\/td>\n<\/tr>\n<tr>\n<td rowspan=\"2\">Plage de r\u00e9glage du courant de sortie<\/td>\n<td>0<\/td>\n<td><\/td>\n<td>1.5<\/td>\n<td>UN<\/td>\n<td>SDVC311-LS<\/td>\n<\/tr>\n<tr>\n<td>0<\/td>\n<td><\/td>\n<td>3<\/td>\n<td>Virginie<\/td>\n<td>SDVC311-LM<\/td>\n<\/tr>\n<tr>\n<td rowspan=\"2\">Puissance de sortie<\/td>\n<td>0<\/td>\n<td><\/td>\n<td>330<\/td>\n<td>Virginie<\/td>\n<td>SDVC311-LS<\/td>\n<\/tr>\n<tr>\n<td>0<\/td>\n<td><\/td>\n<td>660<\/td>\n<td>Virginie<\/td>\n<td>SDVC311-LM<\/td>\n<\/tr>\n<tr>\n<td>Fr\u00e9quence de sortie<\/td>\n<td>40\/5.0<\/td>\n<td><\/td>\n<td>400<\/td>\n<td>Hz<\/td>\n<td><\/td>\n<\/tr>\n<tr>\n<td>Pr\u00e9cision du r\u00e9glage de la fr\u00e9quence<\/td>\n<td colspan=\"3\">0.1<\/td>\n<td>Hz<\/td>\n<td><\/td>\n<\/tr>\n<tr>\n<td>Forme d&#039;onde de sortie<\/td>\n<td colspan=\"3\">sinus<\/td>\n<td><\/td>\n<td><\/td>\n<\/tr>\n<tr>\n<td>Temps de d\u00e9marrage lent<\/td>\n<td>0<\/td>\n<td><\/td>\n<td>10<\/td>\n<td>s<\/td>\n<td>Valeur par d\u00e9faut 0,5<\/td>\n<\/tr>\n<tr>\n<td>Plage de temps de retard<\/td>\n<td>0<\/td>\n<td><\/td>\n<td>20\/99.9<\/td>\n<td>s<\/td>\n<td>Valeur par d\u00e9faut 0,2<\/td>\n<\/tr>\n<tr>\n<td>Pr\u00e9cision du temps de retard<\/td>\n<td colspan=\"3\">0.1<\/td>\n<td>s<\/td>\n<td><\/td>\n<\/tr>\n<tr>\n<td>Temp\u00e9rature de protection contre la surchauffe<\/td>\n<td>58<\/td>\n<td>60<\/td>\n<td>66<\/td>\n<td>\u2103<\/td>\n<td><\/td>\n<\/tr>\n<tr>\n<td>Tension de sortie de commande CC<\/td>\n<td>0<\/td>\n<td><\/td>\n<td>400<\/td>\n<td>V<\/td>\n<td><\/td>\n<\/tr>\n<tr>\n<td>Courant de sortie de contr\u00f4le CC<\/td>\n<td>22<\/td>\n<td>24<\/td>\n<td>26<\/td>\n<td>mA<\/td>\n<td><\/td>\n<\/tr>\n<tr>\n<td>Mod\u00e8le de contr\u00f4le analogique<\/td>\n<td colspan=\"3\">1 &#8211; 5<\/td>\n<td>V<\/td>\n<td>Tension de contr\u00f4le de vitesse \u00e0 distance<\/td>\n<\/tr>\n<tr>\n<td>Signal de commande num\u00e9rique<\/td>\n<td colspan=\"3\">24<\/td>\n<td>V<\/td>\n<td>Contr\u00f4le du signal de commutation<\/td>\n<\/tr>\n<tr>\n<td>M\u00e9thode de r\u00e9glage<\/td>\n<td colspan=\"3\">6<\/td>\n<td>cl\u00e9<\/td>\n<td><\/td>\n<\/tr>\n<tr>\n<td>Consommation d&#039;\u00e9nergie \u00e0 vide<\/td>\n<td><\/td>\n<td>3<\/td>\n<td><\/td>\n<td>W<\/td>\n<td><\/td>\n<\/tr>\n<tr>\n<td>Mode d&#039;affichage<\/td>\n<td colspan=\"3\">5<\/td>\n<td>chiffre<\/td>\n<td>Tube num\u00e9rique LED<\/td>\n<\/tr>\n<tr>\n<td>Temp\u00e9rature de l&#039;environnement salarial<\/td>\n<td>0<\/td>\n<td>25<\/td>\n<td>40<\/td>\n<td>\u2103<\/td>\n<td rowspan=\"3\">Pas de condensation<\/td>\n<\/tr>\n<tr>\n<td>Humidit\u00e9 de l&#039;environnement salarial<\/td>\n<td>10<\/td>\n<td>60<\/td>\n<td>85<\/td>\n<td>%<\/td>\n<\/tr>\n<tr>\n<td>Temp\u00e9rature de stockage<\/td>\n<td>-20<\/td>\n<td>25<\/td>\n<td>85<\/td>\n<td>\u2103<\/td>\n<\/tr>\n<\/tbody>\n<\/table>\n\t<div id=\"gap-1398359874\" class=\"gap-element clearfix\" style=\"display:block; height:auto;\">\n\t\t\n<style>\n#gap-1398359874 {\n  padding-top: 30px;\n}\n<\/style>\n\t<\/div>\n\t\n<p><strong><b>Dimensions:<\/b><\/strong>\u00a0Longueur 94,5 mm \u00d7 Largeur 53,6 mm \u00d7 Hauteur 190 mm<\/p>\n\t<div class=\"img has-hover x md-x lg-x y md-y lg-y\" id=\"image_637503522\">\n\t\t\t\t\t\t\t\t<div class=\"img-inner dark\" >\n\t\t\t<img loading=\"lazy\" decoding=\"async\" width=\"770\" height=\"829\" src=\"https:\/\/swoer.com\/wp-content\/uploads\/2024\/07\/Product-Dimensions.webp\" class=\"attachment-original size-original\" alt=\"dimensions du produit\" srcset=\"https:\/\/swoer.com\/wp-content\/uploads\/2024\/07\/Product-Dimensions.webp 770w, https:\/\/swoer.com\/wp-content\/uploads\/2024\/07\/Product-Dimensions-279x300.webp 279w, https:\/\/swoer.com\/wp-content\/uploads\/2024\/07\/Product-Dimensions-768x827.webp 768w, https:\/\/swoer.com\/wp-content\/uploads\/2024\/07\/Product-Dimensions-11x12.webp 11w, https:\/\/swoer.com\/wp-content\/uploads\/2024\/07\/Product-Dimensions-600x646.webp 600w\" sizes=\"(max-width: 770px) 100vw, 770px\" \/>\t\t\t\t\t\t\n\t\t\t\t\t<\/div>\n\t\t\t\t\t\t\t\t\n<style>\n#image_637503522 {\n  width: 58%;\n}\n<\/style>\n\t<\/div>","protected":false},"excerpt":{"rendered":"<p>Le contr\u00f4leur de tr\u00e9mie vibrante SDVC311-M est con\u00e7u pour une alimentation pr\u00e9cise et efficace des mat\u00e9riaux dans diverses applications d&#039;automatisation. Avec sa large plage de fr\u00e9quences (5,0 Hz \u00e0 400,0 Hz), sa haute pr\u00e9cision (0,1 Hz) et sa prise en charge de capteurs intelligents, le SDVC311-M garantit une manipulation optimale des mat\u00e9riaux.<\/p>","protected":false},"featured_media":2489,"comment_status":"open","ping_status":"closed","template":"","meta":[],"product_cat":[45],"product_tag":[],"yoast_head":"<!-- This site is optimized with the Yoast SEO plugin v22.2 - https:\/\/yoast.com\/wordpress\/plugins\/seo\/ -->\n<title>Vibratory Hopper Controller SDVC311-M - SWOER<\/title>\n<meta name=\"description\" content=\"SDVC311-M vibratory hopper controller features introduction.\" \/>\n<meta name=\"robots\" content=\"index, follow, max-snippet:-1, max-image-preview:large, max-video-preview:-1\" \/>\n<link rel=\"canonical\" href=\"https:\/\/swoer.com\/fr\/manufacturer\/vibratory-hopper-controller-sdvc311-m\/\" \/>\n<meta property=\"og:locale\" content=\"fr_FR\" \/>\n<meta property=\"og:type\" content=\"article\" \/>\n<meta property=\"og:title\" content=\"Vibratory Hopper Controller SDVC311-M - SWOER\" \/>\n<meta property=\"og:description\" content=\"SDVC311-M vibratory hopper controller features introduction.\" \/>\n<meta property=\"og:url\" content=\"https:\/\/swoer.com\/fr\/manufacturer\/vibratory-hopper-controller-sdvc311-m\/\" \/>\n<meta property=\"og:site_name\" content=\"SWOER\" \/>\n<meta property=\"article:modified_time\" content=\"2024-08-16T04:01:29+00:00\" \/>\n<meta property=\"og:image\" content=\"https:\/\/swoer.com\/wp-content\/uploads\/2024\/07\/Vibratory-Hopper-Controller-SDVC311-M-1.webp\" \/>\n\t<meta property=\"og:image:width\" content=\"1000\" \/>\n\t<meta property=\"og:image:height\" content=\"1000\" \/>\n\t<meta property=\"og:image:type\" content=\"image\/webp\" \/>\n<meta name=\"twitter:card\" content=\"summary_large_image\" \/>\n<meta name=\"twitter:label1\" content=\"Dur\u00e9e de lecture estim\u00e9e\" \/>\n\t<meta name=\"twitter:data1\" content=\"3 minutes\" \/>\n<script type=\"application\/ld+json\" class=\"yoast-schema-graph\">{\"@context\":\"https:\/\/schema.org\",\"@graph\":[{\"@type\":\"WebPage\",\"@id\":\"https:\/\/swoer.com\/manufacturer\/vibratory-hopper-controller-sdvc311-m\/\",\"url\":\"https:\/\/swoer.com\/manufacturer\/vibratory-hopper-controller-sdvc311-m\/\",\"name\":\"Vibratory Hopper Controller SDVC311-M - SWOER\",\"isPartOf\":{\"@id\":\"https:\/\/swoer.com\/#website\"},\"primaryImageOfPage\":{\"@id\":\"https:\/\/swoer.com\/manufacturer\/vibratory-hopper-controller-sdvc311-m\/#primaryimage\"},\"image\":{\"@id\":\"https:\/\/swoer.com\/manufacturer\/vibratory-hopper-controller-sdvc311-m\/#primaryimage\"},\"thumbnailUrl\":\"https:\/\/swoer.com\/wp-content\/uploads\/2024\/07\/Vibratory-Hopper-Controller-SDVC311-M-1.webp\",\"datePublished\":\"2024-07-11T02:33:28+00:00\",\"dateModified\":\"2024-08-16T04:01:29+00:00\",\"description\":\"SDVC311-M vibratory hopper controller features introduction.\",\"breadcrumb\":{\"@id\":\"https:\/\/swoer.com\/manufacturer\/vibratory-hopper-controller-sdvc311-m\/#breadcrumb\"},\"inLanguage\":\"fr-FR\",\"potentialAction\":[{\"@type\":\"ReadAction\",\"target\":[\"https:\/\/swoer.com\/manufacturer\/vibratory-hopper-controller-sdvc311-m\/\"]}]},{\"@type\":\"ImageObject\",\"inLanguage\":\"fr-FR\",\"@id\":\"https:\/\/swoer.com\/manufacturer\/vibratory-hopper-controller-sdvc311-m\/#primaryimage\",\"url\":\"https:\/\/swoer.com\/wp-content\/uploads\/2024\/07\/Vibratory-Hopper-Controller-SDVC311-M-1.webp\",\"contentUrl\":\"https:\/\/swoer.com\/wp-content\/uploads\/2024\/07\/Vibratory-Hopper-Controller-SDVC311-M-1.webp\",\"width\":1000,\"height\":1000,\"caption\":\"Vibratory Hopper Controller SDVC311-M\"},{\"@type\":\"BreadcrumbList\",\"@id\":\"https:\/\/swoer.com\/manufacturer\/vibratory-hopper-controller-sdvc311-m\/#breadcrumb\",\"itemListElement\":[{\"@type\":\"ListItem\",\"position\":1,\"name\":\"Home\",\"item\":\"https:\/\/swoer.com\/\"},{\"@type\":\"ListItem\",\"position\":2,\"name\":\"Shop\",\"item\":\"https:\/\/swoer.com\/shop\/\"},{\"@type\":\"ListItem\",\"position\":3,\"name\":\"Vibratory Hopper Controller SDVC311-M\"}]},{\"@type\":\"WebSite\",\"@id\":\"https:\/\/swoer.com\/#website\",\"url\":\"https:\/\/swoer.com\/\",\"name\":\"SWOER\",\"description\":\"Swoer is the top 3 vibratory bowl feeder manufacturer in China\",\"potentialAction\":[{\"@type\":\"SearchAction\",\"target\":{\"@type\":\"EntryPoint\",\"urlTemplate\":\"https:\/\/swoer.com\/?s={search_term_string}\"},\"query-input\":\"required name=search_term_string\"}],\"inLanguage\":\"fr-FR\"}]}<\/script>\n<!-- \/ Yoast SEO plugin. -->","yoast_head_json":{"title":"Vibratory Hopper Controller SDVC311-M - SWOER","description":"SDVC311-M vibratory hopper controller features introduction.","robots":{"index":"index","follow":"follow","max-snippet":"max-snippet:-1","max-image-preview":"max-image-preview:large","max-video-preview":"max-video-preview:-1"},"canonical":"https:\/\/swoer.com\/fr\/manufacturer\/vibratory-hopper-controller-sdvc311-m\/","og_locale":"fr_FR","og_type":"article","og_title":"Vibratory Hopper Controller SDVC311-M - SWOER","og_description":"SDVC311-M vibratory hopper controller features introduction.","og_url":"https:\/\/swoer.com\/fr\/manufacturer\/vibratory-hopper-controller-sdvc311-m\/","og_site_name":"SWOER","article_modified_time":"2024-08-16T04:01:29+00:00","og_image":[{"width":1000,"height":1000,"url":"https:\/\/swoer.com\/wp-content\/uploads\/2024\/07\/Vibratory-Hopper-Controller-SDVC311-M-1.webp","type":"image\/webp"}],"twitter_card":"summary_large_image","twitter_misc":{"Dur\u00e9e de lecture estim\u00e9e":"3 minutes"},"schema":{"@context":"https:\/\/schema.org","@graph":[{"@type":"WebPage","@id":"https:\/\/swoer.com\/manufacturer\/vibratory-hopper-controller-sdvc311-m\/","url":"https:\/\/swoer.com\/manufacturer\/vibratory-hopper-controller-sdvc311-m\/","name":"Vibratory Hopper Controller SDVC311-M - SWOER","isPartOf":{"@id":"https:\/\/swoer.com\/#website"},"primaryImageOfPage":{"@id":"https:\/\/swoer.com\/manufacturer\/vibratory-hopper-controller-sdvc311-m\/#primaryimage"},"image":{"@id":"https:\/\/swoer.com\/manufacturer\/vibratory-hopper-controller-sdvc311-m\/#primaryimage"},"thumbnailUrl":"https:\/\/swoer.com\/wp-content\/uploads\/2024\/07\/Vibratory-Hopper-Controller-SDVC311-M-1.webp","datePublished":"2024-07-11T02:33:28+00:00","dateModified":"2024-08-16T04:01:29+00:00","description":"SDVC311-M vibratory hopper controller features introduction.","breadcrumb":{"@id":"https:\/\/swoer.com\/manufacturer\/vibratory-hopper-controller-sdvc311-m\/#breadcrumb"},"inLanguage":"fr-FR","potentialAction":[{"@type":"ReadAction","target":["https:\/\/swoer.com\/manufacturer\/vibratory-hopper-controller-sdvc311-m\/"]}]},{"@type":"ImageObject","inLanguage":"fr-FR","@id":"https:\/\/swoer.com\/manufacturer\/vibratory-hopper-controller-sdvc311-m\/#primaryimage","url":"https:\/\/swoer.com\/wp-content\/uploads\/2024\/07\/Vibratory-Hopper-Controller-SDVC311-M-1.webp","contentUrl":"https:\/\/swoer.com\/wp-content\/uploads\/2024\/07\/Vibratory-Hopper-Controller-SDVC311-M-1.webp","width":1000,"height":1000,"caption":"Vibratory Hopper Controller SDVC311-M"},{"@type":"BreadcrumbList","@id":"https:\/\/swoer.com\/manufacturer\/vibratory-hopper-controller-sdvc311-m\/#breadcrumb","itemListElement":[{"@type":"ListItem","position":1,"name":"Home","item":"https:\/\/swoer.com\/"},{"@type":"ListItem","position":2,"name":"Shop","item":"https:\/\/swoer.com\/shop\/"},{"@type":"ListItem","position":3,"name":"Vibratory Hopper Controller SDVC311-M"}]},{"@type":"WebSite","@id":"https:\/\/swoer.com\/#website","url":"https:\/\/swoer.com\/","name":"SWOER","description":"Swoer is the top 3 vibratory bowl feeder manufacturer in China","potentialAction":[{"@type":"SearchAction","target":{"@type":"EntryPoint","urlTemplate":"https:\/\/swoer.com\/?s={search_term_string}"},"query-input":"required name=search_term_string"}],"inLanguage":"fr-FR"}]}},"_links":{"self":[{"href":"https:\/\/swoer.com\/fr\/wp-json\/wp\/v2\/product\/2332"}],"collection":[{"href":"https:\/\/swoer.com\/fr\/wp-json\/wp\/v2\/product"}],"about":[{"href":"https:\/\/swoer.com\/fr\/wp-json\/wp\/v2\/types\/product"}],"replies":[{"embeddable":true,"href":"https:\/\/swoer.com\/fr\/wp-json\/wp\/v2\/comments?post=2332"}],"wp:featuredmedia":[{"embeddable":true,"href":"https:\/\/swoer.com\/fr\/wp-json\/wp\/v2\/media\/2489"}],"wp:attachment":[{"href":"https:\/\/swoer.com\/fr\/wp-json\/wp\/v2\/media?parent=2332"}],"wp:term":[{"taxonomy":"product_cat","embeddable":true,"href":"https:\/\/swoer.com\/fr\/wp-json\/wp\/v2\/product_cat?post=2332"},{"taxonomy":"product_tag","embeddable":true,"href":"https:\/\/swoer.com\/fr\/wp-json\/wp\/v2\/product_tag?post=2332"}],"curies":[{"name":"wp","href":"https:\/\/api.w.org\/{rel}","templated":true}]}}