{"id":2302,"date":"2024-07-09T02:48:58","date_gmt":"2024-07-09T02:48:58","guid":{"rendered":"https:\/\/swoer.com\/?post_type=product&#038;p=2302"},"modified":"2024-08-16T14:09:17","modified_gmt":"2024-08-16T06:09:17","slug":"vibratory-feeder-controller-sdvc34-ur","status":"publish","type":"product","link":"https:\/\/swoer.com\/fr\/manufacturer\/vibratory-feeder-controller-sdvc34-ur\/","title":{"rendered":"Contr\u00f4leur d&#039;alimentation vibrant SDVC34-UR"},"content":{"rendered":"<h2><strong><b>Avantages<\/b><\/strong><\/h2>\n<ul>\n<li>Stabilisation automatique de la vitesse<\/li>\n<li>Ajustement automatique de la fr\u00e9quence<\/li>\n<li>Recherche automatique de fr\u00e9quence<\/li>\n<li>Sortie synchrone<\/li>\n<li>Vitesse pr\u00e9d\u00e9finie<\/li>\n<li>D\u00e9marrage lent r\u00e9glable<\/li>\n<li>Stabilisation automatique de la tension de haute pr\u00e9cision<\/li>\n<li>Protection num\u00e9rique contre la surchauffe<\/li>\n<li>Auto-adaptation du capteur<\/li>\n<li>Contr\u00f4le de vitesse \u00e0 distance<\/li>\n<li>Sortie de contr\u00f4le CC<\/li>\n<li>R\u00e9glage de la tension de sortie maximale<\/li>\n<li>Arr\u00eat plein\/vide du capteur \u00e0 double interrupteur<\/li>\n<li>Fonction de comptage<\/li>\n<li>485 communications<\/li>\n<\/ul>\n\t<div id=\"gap-1347416363\" class=\"gap-element clearfix\" style=\"display:block; height:auto;\">\n\t\t\n<style>\n#gap-1347416363 {\n  padding-top: 30px;\n}\n<\/style>\n\t<\/div>\n\t\n<h2><strong>Fonctions du produit<\/strong><\/h2>\n<h3 data-sourcepos=\"5:1-5:149\"><\/h3>\n<ol data-sourcepos=\"7:1-7:119\">\n<li data-sourcepos=\"7:1-7:119\">\n<p data-sourcepos=\"7:4-7:165\"><strong>Modulation de fr\u00e9quence automatique\u00a0:<\/strong> Le contr\u00f4leur ajuste automatiquement la fr\u00e9quence de sortie en temps r\u00e9el, garantissant ainsi que le chargeur fonctionne \u00e0 la fr\u00e9quence optimale.<\/p>\n<\/li>\n<li data-sourcepos=\"9:1-9:140\">\n<p data-sourcepos=\"9:4-9:140\"><strong>Stabilisation automatique de la vitesse\u00a0:<\/strong> Le contr\u00f4leur ajuste automatiquement la tension en temps r\u00e9el. Il garantit ainsi une vitesse d&#039;alimentation constante, ind\u00e9pendamment des changements de pi\u00e8ces.<\/p>\n<\/li>\n<li data-sourcepos=\"11:1-11:137\">\n<p data-sourcepos=\"11:4-11:137\"><strong>Recherche automatique de fr\u00e9quence infaillible\u00a0:<\/strong> Cette fonction d\u00e9termine rapidement la fr\u00e9quence de travail optimale et d&#039;autres param\u00e8tres associ\u00e9s, simplifiant ainsi l&#039;op\u00e9ration de l&#039;utilisateur.<\/p>\n<\/li>\n<li data-sourcepos=\"13:1-14:0\">\n<p data-sourcepos=\"13:4-13:227\"><strong>Stabilisation automatique de la tension\u00a0:<\/strong> M\u00eame si la stabilisation automatique de la vitesse n&#039;est pas activ\u00e9e, le contr\u00f4leur \u00e9limine les changements de vitesse d&#039;alimentation caus\u00e9s par les fluctuations de l&#039;alimentation \u00e9lectrique et les effets de fr\u00e9quence de battement CA de fr\u00e9quence industrielle.<\/p>\n<\/li>\n<li data-sourcepos=\"15:1-16:0\">\n<p data-sourcepos=\"15:4-15:163\"><strong>Sortie synchrone\u00a0:<\/strong> Cette fonction verrouille de mani\u00e8re synchrone les sorties de plusieurs contr\u00f4leurs \u00e0 la m\u00eame fr\u00e9quence et phase, \u00e9vitant ainsi les probl\u00e8mes de fr\u00e9quence de battement.<\/p>\n<\/li>\n<li data-sourcepos=\"17:1-18:0\">\n<p data-sourcepos=\"17:4-17:254\"><strong>Arr\u00eat du mat\u00e9riel plein\/vide\u00a0:<\/strong> Le contr\u00f4leur fournit une interface d&#039;entr\u00e9e de signal de capteur de commutation pour le contr\u00f4le d&#039;arr\u00eat de mat\u00e9riau plein\/vide avec un temps de d\u00e9marrage lent r\u00e9glable, un d\u00e9lai d&#039;ouverture, un d\u00e9lai de fermeture, un r\u00e9glage de direction logique et d&#039;autres fonctions de contr\u00f4le.<\/p>\n<\/li>\n<li data-sourcepos=\"19:1-19:77\">\n<p data-sourcepos=\"19:4-19:77\"><strong>Adaptation du capteur\u00a0:<\/strong> De plus, le contr\u00f4leur s&#039;adapte sans effort aux capteurs NPN et PNP, garantissant une compatibilit\u00e9 et une fiabilit\u00e9 transparentes.<\/p>\n<\/li>\n<li data-sourcepos=\"21:1-22:0\">\n<p data-sourcepos=\"21:4-21:191\"><strong>D\u00e9marrage lent\u00a0:<\/strong> Au d\u00e9marrage, le contr\u00f4leur augmente progressivement la tension de sortie\/vitesse d&#039;alimentation de 0 \u00e0 la valeur pr\u00e9d\u00e9finie, \u00e9liminant ainsi les dommages caus\u00e9s aux \u00e9quipements vibrants par les chocs de d\u00e9marrage.<\/p>\n<\/li>\n<li data-sourcepos=\"23:1-24:0\">\n<p data-sourcepos=\"23:4-23:111\"><strong>Pr\u00e9r\u00e9glage de vitesse\u00a0:<\/strong> Les utilisateurs peuvent s\u00e9lectionner directement jusqu&#039;\u00e0 4 tensions de sortie pr\u00e9d\u00e9finies via des signaux de commande externes.<\/p>\n<\/li>\n<li data-sourcepos=\"25:1-26:0\">\n<p data-sourcepos=\"25:5-25:111\"><strong>Fonction d&#039;acc\u00e9l\u00e9ration\u00a0:<\/strong> Cette fonction augmente la tension de sortie maximale \u00e0 150% de la tension d&#039;entr\u00e9e.<\/p>\n<\/li>\n<li data-sourcepos=\"27:1-28:0\">\n<p data-sourcepos=\"27:5-27:188\"><strong>R\u00e9glage de la tension de sortie maximale\u00a0:<\/strong> Ce param\u00e8tre permet aux utilisateurs de d\u00e9finir la tension maximale r\u00e9glable, \u00e9vitant ainsi les dommages accidentels aux \u00e9quipements vibrants en d\u00e9passant les limites de tension.<\/p>\n<\/li>\n<li data-sourcepos=\"29:1-30:0\">\n<p data-sourcepos=\"29:5-29:107\"><strong>Indice de forme d&#039;onde\u00a0:<\/strong> Les utilisateurs peuvent ajuster ce param\u00e8tre pour \u00e9quilibrer l&#039;efficacit\u00e9 du contr\u00f4leur et la puissance maximale.<\/p>\n<\/li>\n<li data-sourcepos=\"31:1-32:0\">\n<p data-sourcepos=\"31:5-31:188\"><strong>Contr\u00f4le de vitesse \u00e0 distance\u00a0:<\/strong> Le contr\u00f4leur permet un contr\u00f4le direct de la tension de sortie ou de la vitesse d&#039;alimentation \u00e0 l&#039;aide d&#039;un potentiom\u00e8tre externe, d&#039;un PLC, d&#039;un signal de tension de 1 \u00e0 5 V ou d&#039;un signal d&#039;alimentation de 4 \u00e0 20 mA.<\/p>\n<\/li>\n<li data-sourcepos=\"33:1-34:0\">\n<p data-sourcepos=\"33:5-33:185\"><strong>Sortie de contr\u00f4le 24 V CC\u00a0:<\/strong> Le contr\u00f4leur fournit un signal de commande via un transistor pour contr\u00f4ler directement les appareils externes tels que les \u00e9lectrovannes, en coordination avec le contr\u00f4leur.<\/p>\n<\/li>\n<li data-sourcepos=\"35:1-35:12\">\n<p data-sourcepos=\"35:5-35:12\"><strong>Commutateur de sortie\u00a0:<\/strong> Un bouton tactile sur le panneau permet aux utilisateurs de d\u00e9marrer\/arr\u00eater instantan\u00e9ment la machine, facilitant ainsi le d\u00e9bogage de l&#039;\u00e9quipement.<\/p>\n<\/li>\n<li data-sourcepos=\"37:1-38:0\">\n<p data-sourcepos=\"37:5-37:115\"><strong>Verrouillage du clavier\u00a0:<\/strong> Les utilisateurs peuvent appuyer longuement sur le bouton marche\/arr\u00eat pour verrouiller tous les boutons, \u00e9vitant ainsi toute op\u00e9ration accidentelle.<\/p>\n<\/li>\n<li data-sourcepos=\"39:1-40:0\">\n<p data-sourcepos=\"39:5-39:154\"><strong>Mot de passe du param\u00e8tre\u00a0:<\/strong> Les utilisateurs peuvent d\u00e9finir un mot de passe pour verrouiller des param\u00e8tres sp\u00e9cifiques, \u00e0 l&#039;exclusion de la tension de sortie\/vitesse d&#039;alimentation, afin d&#039;emp\u00eacher toute modification non autoris\u00e9e.<\/p>\n<\/li>\n<li data-sourcepos=\"41:1-42:0\">\n<p data-sourcepos=\"41:5-41:183\"><strong>R\u00e9tablir les param\u00e8tres d&#039;usine:<\/strong> Cette fonction permet aux utilisateurs de restaurer rapidement tous les param\u00e8tres ajust\u00e9s aux valeurs par d\u00e9faut d&#039;usine, ramenant ainsi le contr\u00f4leur \u00e0 son \u00e9tat de fonctionnement d&#039;origine.<\/p>\n<\/li>\n<li data-sourcepos=\"43:1-43:108\">\n<p data-sourcepos=\"43:5-43:108\"><strong>485Communications\u00a0:<\/strong> Divers param\u00e8tres du contr\u00f4leur peuvent \u00eatre ajust\u00e9s \u00e0 distance via la communication 485.<\/p>\n<\/li>\n<\/ol>\n\t<div id=\"gap-1958644536\" class=\"gap-element clearfix\" style=\"display:block; height:auto;\">\n\t\t\n<style>\n#gap-1958644536 {\n  padding-top: 30px;\n}\n<\/style>\n\t<\/div>\n\t\n<h2>Sp\u00e9cifications techniques<\/h2>\n<table width=\"767\">\n<tbody>\n<tr>\n<td rowspan=\"2\" width=\"225\">Article<\/td>\n<td colspan=\"3\" width=\"216\">Gamme<\/td>\n<td rowspan=\"2\" width=\"72\">Unit\u00e9<\/td>\n<td rowspan=\"2\" width=\"254\">Description<\/td>\n<\/tr>\n<tr>\n<td>Le minimum<\/td>\n<td>Typique<\/td>\n<td>Maximum<\/td>\n<\/tr>\n<tr>\n<td>Tension d&#039;entr\u00e9e<\/td>\n<td>85<\/td>\n<td>220<\/td>\n<td>260<\/td>\n<td>V<\/td>\n<td>Valeur efficace CA<\/td>\n<\/tr>\n<tr>\n<td>Plage de r\u00e9glage de la tension de sortie<\/td>\n<td>0<\/td>\n<td><\/td>\n<td>260<\/td>\n<td>V<\/td>\n<td>Moins de 150% de tension d&#039;entr\u00e9e<\/td>\n<\/tr>\n<tr>\n<td>Pr\u00e9cision du r\u00e9glage de la tension<\/td>\n<td colspan=\"3\">1<\/td>\n<td>V<\/td>\n<td><\/td>\n<\/tr>\n<tr>\n<td>Pr\u00e9cision de la r\u00e9gulation de tension<\/td>\n<td>0<\/td>\n<td><\/td>\n<td>10<\/td>\n<td><\/td>\n<td>Vout\/Vin<\/td>\n<\/tr>\n<tr>\n<td>Temps de r\u00e9ponse de la r\u00e9gulation de tension<\/td>\n<td>0.0025<\/td>\n<td><\/td>\n<td>0.04<\/td>\n<td>s<\/td>\n<td>Un dixi\u00e8me du cycle de tension de sortie<\/td>\n<\/tr>\n<tr>\n<td rowspan=\"2\">Plage de r\u00e9glage du courant de sortie<\/td>\n<td rowspan=\"2\">0<\/td>\n<td rowspan=\"2\"><\/td>\n<td rowspan=\"2\">10<\/td>\n<td rowspan=\"2\">UN<\/td>\n<td rowspan=\"2\"><\/td>\n<\/tr>\n<tr>\n<td rowspan=\"2\"><\/td>\n<td rowspan=\"2\"><\/td>\n<td rowspan=\"2\"><\/td>\n<td rowspan=\"2\"><\/td>\n<td rowspan=\"2\"><\/td>\n<td rowspan=\"2\"><\/td>\n<\/tr>\n<tr>\n<td>Fr\u00e9quence de sortie<\/td>\n<td>25<\/td>\n<td><\/td>\n<td>400<\/td>\n<td>Hz<\/td>\n<td><\/td>\n<\/tr>\n<tr>\n<td>Pr\u00e9cision du r\u00e9glage de la fr\u00e9quence<\/td>\n<td colspan=\"3\">0.1<\/td>\n<td>Hz<\/td>\n<td><\/td>\n<\/tr>\n<tr>\n<td>Forme d&#039;onde de sortie<\/td>\n<td colspan=\"3\">sinus<\/td>\n<td><\/td>\n<td><\/td>\n<\/tr>\n<tr>\n<td>Temps de d\u00e9marrage lent<\/td>\n<td>0<\/td>\n<td><\/td>\n<td>10<\/td>\n<td>s<\/td>\n<td>Valeur par d\u00e9faut 0,5<\/td>\n<\/tr>\n<tr>\n<td>Plage de temps de retard<\/td>\n<td>0<\/td>\n<td><\/td>\n<td>20<\/td>\n<td>s<\/td>\n<td>Valeur par d\u00e9faut 0,2<\/td>\n<\/tr>\n<tr>\n<td>Pr\u00e9cision du temps de retard<\/td>\n<td colspan=\"3\">0.1<\/td>\n<td>s<\/td>\n<td><\/td>\n<\/tr>\n<tr>\n<td>Temp\u00e9rature de protection contre la surchauffe<\/td>\n<td>60<\/td>\n<td>65<\/td>\n<td>65<\/td>\n<td>\u2103<\/td>\n<td><\/td>\n<\/tr>\n<tr>\n<td>Mod\u00e8le de contr\u00f4le analogique<\/td>\n<td colspan=\"3\">Communication ModBus485<\/td>\n<td>V<\/td>\n<td>Tension de contr\u00f4le de vitesse \u00e0 distance<\/td>\n<\/tr>\n<tr>\n<td>Signal de commande num\u00e9rique<\/td>\n<td colspan=\"3\">24<\/td>\n<td>V<\/td>\n<td>Contr\u00f4le du signal de commutation<\/td>\n<\/tr>\n<tr>\n<td>M\u00e9thode de r\u00e9glage<\/td>\n<td colspan=\"3\">6<\/td>\n<td>cl\u00e9<\/td>\n<td><\/td>\n<\/tr>\n<tr>\n<td>Consommation d&#039;\u00e9nergie \u00e0 vide<\/td>\n<td><\/td>\n<td>3<\/td>\n<td><\/td>\n<td>W<\/td>\n<td><\/td>\n<\/tr>\n<tr>\n<td>Mode d&#039;affichage<\/td>\n<td colspan=\"3\">5<\/td>\n<td>chiffre<\/td>\n<td>Tube num\u00e9rique LED<\/td>\n<\/tr>\n<tr>\n<td>Temp\u00e9rature de l&#039;environnement salarial<\/td>\n<td>0<\/td>\n<td>25<\/td>\n<td>40<\/td>\n<td>\u2103<\/td>\n<td rowspan=\"2\">Pas de condensation<\/td>\n<\/tr>\n<tr>\n<td>Humidit\u00e9 de l&#039;environnement salarial<\/td>\n<td>10<\/td>\n<td>60<\/td>\n<td>85<\/td>\n<td>%<\/td>\n<\/tr>\n<\/tbody>\n<\/table>\n\t<div id=\"gap-2035622794\" class=\"gap-element clearfix\" style=\"display:block; height:auto;\">\n\t\t\n<style>\n#gap-2035622794 {\n  padding-top: 30px;\n}\n<\/style>\n\t<\/div>\n\t\n<h2><strong><b>Dimensions et <\/b><\/strong><strong><b>W<\/b><\/strong><strong><b>huit:<\/b><\/strong><\/h2>\n<ul>\n<li><strong>Dimensions:<\/strong> 190 mm de long x 242 mm de large x 94,5 mm de haut<\/li>\n<li><strong>Poids:<\/strong> 2670g (hors accessoires)<\/li>\n<\/ul>\n\t<div class=\"img has-hover x md-x lg-x y md-y lg-y\" id=\"image_1630909811\">\n\t\t\t\t\t\t\t\t<div class=\"img-inner dark\" >\n\t\t\t<img loading=\"lazy\" decoding=\"async\" width=\"818\" height=\"559\" src=\"https:\/\/swoer.com\/wp-content\/uploads\/2024\/07\/Dimensions.webp\" class=\"attachment-original size-original\" alt=\"Dimensions\" srcset=\"https:\/\/swoer.com\/wp-content\/uploads\/2024\/07\/Dimensions.webp 818w, https:\/\/swoer.com\/wp-content\/uploads\/2024\/07\/Dimensions-300x205.webp 300w, https:\/\/swoer.com\/wp-content\/uploads\/2024\/07\/Dimensions-768x525.webp 768w, https:\/\/swoer.com\/wp-content\/uploads\/2024\/07\/Dimensions-18x12.webp 18w, https:\/\/swoer.com\/wp-content\/uploads\/2024\/07\/Dimensions-600x410.webp 600w\" sizes=\"(max-width: 818px) 100vw, 818px\" \/>\t\t\t\t\t\t\n\t\t\t\t\t<\/div>\n\t\t\t\t\t\t\t\t\n<style>\n#image_1630909811 {\n  width: 67%;\n}\n<\/style>\n\t<\/div>","protected":false},"excerpt":{"rendered":"<p>Ce contr\u00f4leur avanc\u00e9 dispose d&#039;un contr\u00f4le automatique de vitesse\/fr\u00e9quence, d&#039;une sortie synchrone, d&#039;un pr\u00e9r\u00e9glage de vitesse, d&#039;un d\u00e9marrage lent, d&#039;une stabilisation de tension, d&#039;une protection contre la surchauffe, d&#039;une auto-adaptation du capteur, d&#039;une t\u00e9l\u00e9commande, d&#039;une sortie CC, d&#039;un r\u00e9glage de tension, d&#039;un arr\u00eat plein\/vide, d&#039;un comptage et d&#039;une communication 485.<\/p>","protected":false},"featured_media":2497,"comment_status":"open","ping_status":"closed","template":"","meta":[],"product_cat":[45],"product_tag":[],"yoast_head":"<!-- This site is optimized with the Yoast SEO plugin v22.2 - https:\/\/yoast.com\/wordpress\/plugins\/seo\/ -->\n<title>Vibratory Feeder Controller SDVC34-UR - SWOER<\/title>\n<meta name=\"description\" content=\"Optimize your material flow with the Vibratory Feeder Controller SDVC34-UR. Precise control, easy setup, and enhanced efficiency for industrial applications. Order now\uff01\" \/>\n<meta name=\"robots\" content=\"index, follow, max-snippet:-1, max-image-preview:large, max-video-preview:-1\" \/>\n<link rel=\"canonical\" href=\"https:\/\/swoer.com\/fr\/manufacturer\/vibratory-feeder-controller-sdvc34-ur\/\" \/>\n<meta property=\"og:locale\" content=\"fr_FR\" \/>\n<meta property=\"og:type\" content=\"article\" \/>\n<meta property=\"og:title\" content=\"Vibratory Feeder Controller SDVC34-UR - SWOER\" \/>\n<meta property=\"og:description\" content=\"Optimize your material flow with the Vibratory Feeder Controller SDVC34-UR. Precise control, easy setup, and enhanced efficiency for industrial applications. Order now\uff01\" \/>\n<meta property=\"og:url\" content=\"https:\/\/swoer.com\/fr\/manufacturer\/vibratory-feeder-controller-sdvc34-ur\/\" \/>\n<meta property=\"og:site_name\" content=\"SWOER\" \/>\n<meta property=\"article:modified_time\" content=\"2024-08-16T06:09:17+00:00\" \/>\n<meta property=\"og:image\" content=\"https:\/\/swoer.com\/wp-content\/uploads\/2024\/07\/Vibratory-Bowl-Feeder-Controller-SDVC34-UR.webp\" \/>\n\t<meta property=\"og:image:width\" content=\"1000\" \/>\n\t<meta property=\"og:image:height\" content=\"1000\" \/>\n\t<meta property=\"og:image:type\" content=\"image\/webp\" \/>\n<meta name=\"twitter:card\" content=\"summary_large_image\" \/>\n<meta name=\"twitter:label1\" content=\"Dur\u00e9e de lecture estim\u00e9e\" \/>\n\t<meta name=\"twitter:data1\" content=\"3 minutes\" \/>\n<script type=\"application\/ld+json\" class=\"yoast-schema-graph\">{\"@context\":\"https:\/\/schema.org\",\"@graph\":[{\"@type\":\"WebPage\",\"@id\":\"https:\/\/swoer.com\/manufacturer\/vibratory-feeder-controller-sdvc34-ur\/\",\"url\":\"https:\/\/swoer.com\/manufacturer\/vibratory-feeder-controller-sdvc34-ur\/\",\"name\":\"Vibratory Feeder Controller SDVC34-UR - SWOER\",\"isPartOf\":{\"@id\":\"https:\/\/swoer.com\/#website\"},\"primaryImageOfPage\":{\"@id\":\"https:\/\/swoer.com\/manufacturer\/vibratory-feeder-controller-sdvc34-ur\/#primaryimage\"},\"image\":{\"@id\":\"https:\/\/swoer.com\/manufacturer\/vibratory-feeder-controller-sdvc34-ur\/#primaryimage\"},\"thumbnailUrl\":\"https:\/\/swoer.com\/wp-content\/uploads\/2024\/07\/Vibratory-Bowl-Feeder-Controller-SDVC34-UR.webp\",\"datePublished\":\"2024-07-09T02:48:58+00:00\",\"dateModified\":\"2024-08-16T06:09:17+00:00\",\"description\":\"Optimize your material flow with the Vibratory Feeder Controller SDVC34-UR. Precise control, easy setup, and enhanced efficiency for industrial applications. Order now\uff01\",\"breadcrumb\":{\"@id\":\"https:\/\/swoer.com\/manufacturer\/vibratory-feeder-controller-sdvc34-ur\/#breadcrumb\"},\"inLanguage\":\"fr-FR\",\"potentialAction\":[{\"@type\":\"ReadAction\",\"target\":[\"https:\/\/swoer.com\/manufacturer\/vibratory-feeder-controller-sdvc34-ur\/\"]}]},{\"@type\":\"ImageObject\",\"inLanguage\":\"fr-FR\",\"@id\":\"https:\/\/swoer.com\/manufacturer\/vibratory-feeder-controller-sdvc34-ur\/#primaryimage\",\"url\":\"https:\/\/swoer.com\/wp-content\/uploads\/2024\/07\/Vibratory-Bowl-Feeder-Controller-SDVC34-UR.webp\",\"contentUrl\":\"https:\/\/swoer.com\/wp-content\/uploads\/2024\/07\/Vibratory-Bowl-Feeder-Controller-SDVC34-UR.webp\",\"width\":1000,\"height\":1000,\"caption\":\"Vibratory Bowl Feeder Controller SDVC34-UR\"},{\"@type\":\"BreadcrumbList\",\"@id\":\"https:\/\/swoer.com\/manufacturer\/vibratory-feeder-controller-sdvc34-ur\/#breadcrumb\",\"itemListElement\":[{\"@type\":\"ListItem\",\"position\":1,\"name\":\"Home\",\"item\":\"https:\/\/swoer.com\/\"},{\"@type\":\"ListItem\",\"position\":2,\"name\":\"Shop\",\"item\":\"https:\/\/swoer.com\/shop\/\"},{\"@type\":\"ListItem\",\"position\":3,\"name\":\"Vibratory Feeder Controller SDVC34-UR\"}]},{\"@type\":\"WebSite\",\"@id\":\"https:\/\/swoer.com\/#website\",\"url\":\"https:\/\/swoer.com\/\",\"name\":\"SWOER\",\"description\":\"Swoer is the top 3 vibratory bowl feeder manufacturer in China\",\"potentialAction\":[{\"@type\":\"SearchAction\",\"target\":{\"@type\":\"EntryPoint\",\"urlTemplate\":\"https:\/\/swoer.com\/?s={search_term_string}\"},\"query-input\":\"required name=search_term_string\"}],\"inLanguage\":\"fr-FR\"}]}<\/script>\n<!-- \/ Yoast SEO plugin. -->","yoast_head_json":{"title":"Vibratory Feeder Controller SDVC34-UR - SWOER","description":"Optimize your material flow with the Vibratory Feeder Controller SDVC34-UR. Precise control, easy setup, and enhanced efficiency for industrial applications. Order now\uff01","robots":{"index":"index","follow":"follow","max-snippet":"max-snippet:-1","max-image-preview":"max-image-preview:large","max-video-preview":"max-video-preview:-1"},"canonical":"https:\/\/swoer.com\/fr\/manufacturer\/vibratory-feeder-controller-sdvc34-ur\/","og_locale":"fr_FR","og_type":"article","og_title":"Vibratory Feeder Controller SDVC34-UR - SWOER","og_description":"Optimize your material flow with the Vibratory Feeder Controller SDVC34-UR. Precise control, easy setup, and enhanced efficiency for industrial applications. Order now\uff01","og_url":"https:\/\/swoer.com\/fr\/manufacturer\/vibratory-feeder-controller-sdvc34-ur\/","og_site_name":"SWOER","article_modified_time":"2024-08-16T06:09:17+00:00","og_image":[{"width":1000,"height":1000,"url":"https:\/\/swoer.com\/wp-content\/uploads\/2024\/07\/Vibratory-Bowl-Feeder-Controller-SDVC34-UR.webp","type":"image\/webp"}],"twitter_card":"summary_large_image","twitter_misc":{"Dur\u00e9e de lecture estim\u00e9e":"3 minutes"},"schema":{"@context":"https:\/\/schema.org","@graph":[{"@type":"WebPage","@id":"https:\/\/swoer.com\/manufacturer\/vibratory-feeder-controller-sdvc34-ur\/","url":"https:\/\/swoer.com\/manufacturer\/vibratory-feeder-controller-sdvc34-ur\/","name":"Vibratory Feeder Controller SDVC34-UR - SWOER","isPartOf":{"@id":"https:\/\/swoer.com\/#website"},"primaryImageOfPage":{"@id":"https:\/\/swoer.com\/manufacturer\/vibratory-feeder-controller-sdvc34-ur\/#primaryimage"},"image":{"@id":"https:\/\/swoer.com\/manufacturer\/vibratory-feeder-controller-sdvc34-ur\/#primaryimage"},"thumbnailUrl":"https:\/\/swoer.com\/wp-content\/uploads\/2024\/07\/Vibratory-Bowl-Feeder-Controller-SDVC34-UR.webp","datePublished":"2024-07-09T02:48:58+00:00","dateModified":"2024-08-16T06:09:17+00:00","description":"Optimize your material flow with the Vibratory Feeder Controller SDVC34-UR. Precise control, easy setup, and enhanced efficiency for industrial applications. Order now\uff01","breadcrumb":{"@id":"https:\/\/swoer.com\/manufacturer\/vibratory-feeder-controller-sdvc34-ur\/#breadcrumb"},"inLanguage":"fr-FR","potentialAction":[{"@type":"ReadAction","target":["https:\/\/swoer.com\/manufacturer\/vibratory-feeder-controller-sdvc34-ur\/"]}]},{"@type":"ImageObject","inLanguage":"fr-FR","@id":"https:\/\/swoer.com\/manufacturer\/vibratory-feeder-controller-sdvc34-ur\/#primaryimage","url":"https:\/\/swoer.com\/wp-content\/uploads\/2024\/07\/Vibratory-Bowl-Feeder-Controller-SDVC34-UR.webp","contentUrl":"https:\/\/swoer.com\/wp-content\/uploads\/2024\/07\/Vibratory-Bowl-Feeder-Controller-SDVC34-UR.webp","width":1000,"height":1000,"caption":"Vibratory Bowl Feeder Controller SDVC34-UR"},{"@type":"BreadcrumbList","@id":"https:\/\/swoer.com\/manufacturer\/vibratory-feeder-controller-sdvc34-ur\/#breadcrumb","itemListElement":[{"@type":"ListItem","position":1,"name":"Home","item":"https:\/\/swoer.com\/"},{"@type":"ListItem","position":2,"name":"Shop","item":"https:\/\/swoer.com\/shop\/"},{"@type":"ListItem","position":3,"name":"Vibratory Feeder Controller SDVC34-UR"}]},{"@type":"WebSite","@id":"https:\/\/swoer.com\/#website","url":"https:\/\/swoer.com\/","name":"SWOER","description":"Swoer is the top 3 vibratory bowl feeder manufacturer in China","potentialAction":[{"@type":"SearchAction","target":{"@type":"EntryPoint","urlTemplate":"https:\/\/swoer.com\/?s={search_term_string}"},"query-input":"required name=search_term_string"}],"inLanguage":"fr-FR"}]}},"_links":{"self":[{"href":"https:\/\/swoer.com\/fr\/wp-json\/wp\/v2\/product\/2302"}],"collection":[{"href":"https:\/\/swoer.com\/fr\/wp-json\/wp\/v2\/product"}],"about":[{"href":"https:\/\/swoer.com\/fr\/wp-json\/wp\/v2\/types\/product"}],"replies":[{"embeddable":true,"href":"https:\/\/swoer.com\/fr\/wp-json\/wp\/v2\/comments?post=2302"}],"wp:featuredmedia":[{"embeddable":true,"href":"https:\/\/swoer.com\/fr\/wp-json\/wp\/v2\/media\/2497"}],"wp:attachment":[{"href":"https:\/\/swoer.com\/fr\/wp-json\/wp\/v2\/media?parent=2302"}],"wp:term":[{"taxonomy":"product_cat","embeddable":true,"href":"https:\/\/swoer.com\/fr\/wp-json\/wp\/v2\/product_cat?post=2302"},{"taxonomy":"product_tag","embeddable":true,"href":"https:\/\/swoer.com\/fr\/wp-json\/wp\/v2\/product_tag?post=2302"}],"curies":[{"name":"wp","href":"https:\/\/api.w.org\/{rel}","templated":true}]}}