{"id":2284,"date":"2024-07-06T00:52:41","date_gmt":"2024-07-06T00:52:41","guid":{"rendered":"https:\/\/swoer.com\/?post_type=product&#038;p=2284"},"modified":"2024-08-16T14:12:47","modified_gmt":"2024-08-16T06:12:47","slug":"vibratory-bowl-feeder-controller-sdvc34-mr","status":"publish","type":"product","link":"https:\/\/swoer.com\/fr\/manufacturer\/vibratory-bowl-feeder-controller-sdvc34-mr\/","title":{"rendered":"Contr\u00f4leur d&#039;alimentation \u00e0 bol vibrant SDVC34-MR"},"content":{"rendered":"<h2><strong><b>Caract\u00e9ristiques<\/b><\/strong><\/h2>\n<ul>\n<li>Recherche automatique de fr\u00e9quence<\/li>\n<li>Sortie synchronis\u00e9e<\/li>\n<li>Pr\u00e9r\u00e9glage de vitesse<\/li>\n<li>D\u00e9marrage lent r\u00e9glable<\/li>\n<li>Stabilisation automatique de la tension de haute pr\u00e9cision<\/li>\n<li>Capteur adaptatif<\/li>\n<li>Contr\u00f4le de vitesse \u00e0 distance<\/li>\n<li>Sortie de contr\u00f4le CC<\/li>\n<li>Mat\u00e9riau du capteur \u00e0 double interrupteur, arr\u00eat plein\/vide<\/li>\n<li>Fonction de comptage<\/li>\n<li>485 communications<\/li>\n<\/ul>\n<h2><strong><b>caract\u00e9ristiques du produit<\/b><\/strong><\/h2>\n<h3>Fonctionnalit\u00e9s avanc\u00e9es du produit<\/h3>\n<p>Nos contr\u00f4leurs d&#039;alimentation \u00e0 bol vibrant sont con\u00e7us de mani\u00e8re experte pour le contr\u00f4le de l&#039;alimentation par vibration dans les \u00e9quipements d&#039;automatisation, int\u00e9grant une technologie \u00e9lectronique de pointe. Ils offrent aux utilisateurs des fonctions pratiques et pratiques :<\/p>\n<ol>\n<li><strong>R\u00e9glage automatique de la fr\u00e9quence<\/strong>: Le r\u00e9glage de la fr\u00e9quence en temps r\u00e9el garantit que le chargeur fonctionne \u00e0 une fr\u00e9quence optimale.<\/li>\n<li><strong>Stabilisation automatique de la vitesse<\/strong>: Maintient une vitesse d&#039;alimentation constante gr\u00e2ce \u00e0 un r\u00e9glage de la tension en temps r\u00e9el, quel que soit le nombre de pi\u00e8ces.<\/li>\n<li><strong>Recherche automatique de fr\u00e9quence<\/strong>: La fonction infaillible d\u00e9termine rapidement la fr\u00e9quence de travail optimale et les param\u00e8tres associ\u00e9s pour le confort de l&#039;utilisateur.<\/li>\n<li><strong>Stabilisation automatique de la tension<\/strong>: \u00c9limine les fluctuations de vitesse d&#039;alimentation dues aux changements de tension d&#039;alimentation et aux effets de fr\u00e9quence de battement du courant alternatif industriel.<\/li>\n<li><strong>Sortie synchronis\u00e9e<\/strong>: Synchronise plusieurs contr\u00f4leurs \u00e0 la m\u00eame fr\u00e9quence et phase pour \u00e9viter les interf\u00e9rences de fr\u00e9quence.<\/li>\n<li><strong>Arr\u00eat plein\/vide<\/strong>: L&#039;entr\u00e9e du capteur de commutation permet le contr\u00f4le de l&#039;arr\u00eat plein\/vide, avec un temps de d\u00e9marrage lent r\u00e9glable, un d\u00e9lai d&#039;ouverture\/fermeture et des param\u00e8tres de direction logique.<\/li>\n<li><strong>Auto-adaptation du capteur<\/strong>: S&#039;adapte automatiquement aux capteurs de commutation de type NPN et PNP.<\/li>\n<li><strong>D\u00e9marrage lent<\/strong>: Augmente progressivement la tension de sortie\/vitesse d&#039;alimentation de 0 \u00e0 la valeur pr\u00e9d\u00e9finie pendant le d\u00e9marrage, prot\u00e9geant l&#039;\u00e9quipement vibrant des chocs de d\u00e9marrage.<\/li>\n<li><strong>Pr\u00e9r\u00e9glage de vitesse<\/strong>: S\u00e9lectionnez jusqu&#039;\u00e0 4 tensions de sortie pr\u00e9d\u00e9finies via des signaux de commande externes.<\/li>\n<li><strong>Fonction d&#039;acc\u00e9l\u00e9ration<\/strong>: Augmente la tension de sortie maximale \u00e0 150% de la tension d&#039;entr\u00e9e.<\/li>\n<li><strong>R\u00e9glage de la tension de sortie maximale<\/strong>: Emp\u00eache une sortie de tension excessive pour prot\u00e9ger les \u00e9quipements de vibration.<\/li>\n<li><strong>Indice de forme d&#039;onde<\/strong>: \u00c9quilibrez l\u2019efficacit\u00e9 du contr\u00f4leur et la puissance maximale avec ce param\u00e8tre.<\/li>\n<li><strong>Contr\u00f4le de vitesse \u00e0 distance<\/strong>: Contr\u00f4ler la tension de sortie\/la vitesse d&#039;alimentation \u00e0 l&#039;aide d&#039;un potentiom\u00e8tre externe, PLC, 1<del>Signal de tension 5V, ou 4<\/del>Signal d&#039;alimentation 20 mA.<\/li>\n<li><strong>Sortie de contr\u00f4le 24 V CC<\/strong>: Le signal de sortie du transistor peut contr\u00f4ler les \u00e9lectrovannes et autres appareils externes.<\/li>\n<li><strong>Commutateur de sortie<\/strong>: Touche tactile l\u00e9g\u00e8re sur le panneau pour un d\u00e9marrage\/arr\u00eat instantan\u00e9, facilitant le d\u00e9bogage de l&#039;\u00e9quipement.<\/li>\n<li><strong>Verrouillage du clavier<\/strong>: Appuyez longuement sur la touche marche\/arr\u00eat pour verrouiller toutes les touches, \u00e9vitant ainsi une mauvaise utilisation.<\/li>\n<li><strong>Mot de passe du param\u00e8tre<\/strong>: D\u00e9finissez un mot de passe de param\u00e8tre pour verrouiller les param\u00e8tres autres que la tension de sortie\/la vitesse d&#039;alimentation, emp\u00eachant ainsi les modifications non autoris\u00e9es.<\/li>\n<li><strong>R\u00e9tablir les param\u00e8tres d&#039;usine<\/strong>: Restaurez rapidement les param\u00e8tres aux param\u00e8tres d&#039;usine par d\u00e9faut.<\/li>\n<li><strong>485 Communications<\/strong>: Ajustez les param\u00e8tres du contr\u00f4leur \u00e0 distance via la communication 485.<\/li>\n<\/ol>\n<p>Sp\u00e9cifications techniques<\/p>\n<table width=\"767\">\n<tbody>\n<tr>\n<td rowspan=\"2\" width=\"225\">Article<\/td>\n<td colspan=\"3\" width=\"216\">Gamme<\/td>\n<td rowspan=\"2\" width=\"72\">Unit\u00e9<\/td>\n<td rowspan=\"2\" width=\"254\">Description<\/td>\n<\/tr>\n<tr>\n<td>Le minimum<\/td>\n<td>Typique<\/td>\n<td>Maximum<\/td>\n<\/tr>\n<tr>\n<td>Tension d&#039;entr\u00e9e<\/td>\n<td>85<\/td>\n<td>220<\/td>\n<td>260<\/td>\n<td>V<\/td>\n<td>Valeur efficace CA<\/td>\n<\/tr>\n<tr>\n<td>Plage de r\u00e9glage de la tension de sortie<\/td>\n<td>0<\/td>\n<td><\/td>\n<td>260<\/td>\n<td>V<\/td>\n<td>Moins de 150% de tension d&#039;entr\u00e9e<\/td>\n<\/tr>\n<tr>\n<td>Pr\u00e9cision du r\u00e9glage de la tension<\/td>\n<td colspan=\"3\">1<\/td>\n<td>V<\/td>\n<td><\/td>\n<\/tr>\n<tr>\n<td>Pr\u00e9cision de la r\u00e9gulation de tension<\/td>\n<td>0<\/td>\n<td><\/td>\n<td>10<\/td>\n<td><\/td>\n<td>Vout\/Vin<\/td>\n<\/tr>\n<tr>\n<td>Temps de r\u00e9ponse de la r\u00e9gulation de tension<\/td>\n<td>0.0025<\/td>\n<td><\/td>\n<td>0.04<\/td>\n<td>s<\/td>\n<td>Un dixi\u00e8me du cycle de tension de sortie<\/td>\n<\/tr>\n<tr>\n<td rowspan=\"2\">Plage de r\u00e9glage du courant de sortie<\/td>\n<td rowspan=\"2\">0<\/td>\n<td rowspan=\"2\"><\/td>\n<td rowspan=\"2\">3<\/td>\n<td rowspan=\"2\">UN<\/td>\n<td rowspan=\"2\" width=\"254\">SDVC34-MR<br \/>\nSDVC34-MRJ<\/td>\n<\/tr>\n<tr>\n<td rowspan=\"2\"><\/td>\n<td rowspan=\"2\"><\/td>\n<td rowspan=\"2\"><\/td>\n<td rowspan=\"2\"><\/td>\n<td rowspan=\"2\"><\/td>\n<td rowspan=\"2\" width=\"254\"><\/td>\n<\/tr>\n<tr>\n<td>Fr\u00e9quence de sortie<\/td>\n<td>25<\/td>\n<td><\/td>\n<td>400<\/td>\n<td>Hz<\/td>\n<td><\/td>\n<\/tr>\n<tr>\n<td>Pr\u00e9cision du r\u00e9glage de la fr\u00e9quence<\/td>\n<td colspan=\"3\">0.1<\/td>\n<td>Hz<\/td>\n<td><\/td>\n<\/tr>\n<tr>\n<td>Forme d&#039;onde de sortie<\/td>\n<td colspan=\"3\">sinus<\/td>\n<td><\/td>\n<td><\/td>\n<\/tr>\n<tr>\n<td>Temps de d\u00e9marrage lent<\/td>\n<td>0<\/td>\n<td><\/td>\n<td>10<\/td>\n<td>s<\/td>\n<td>Valeur par d\u00e9faut 0,5<\/td>\n<\/tr>\n<tr>\n<td>Plage de temps de retard<\/td>\n<td>0<\/td>\n<td><\/td>\n<td>20<\/td>\n<td>s<\/td>\n<td>Valeur par d\u00e9faut 0,2<\/td>\n<\/tr>\n<tr>\n<td>Pr\u00e9cision du temps de retard<\/td>\n<td colspan=\"3\">0.1<\/td>\n<td>s<\/td>\n<td><\/td>\n<\/tr>\n<tr>\n<td>Temp\u00e9rature de protection contre la surchauffe<\/td>\n<td>60<\/td>\n<td>65<\/td>\n<td>65<\/td>\n<td>\u2103<\/td>\n<td><\/td>\n<\/tr>\n<tr>\n<td>Tension de sortie de commande CC<\/td>\n<td>22<\/td>\n<td>24<\/td>\n<td>26<\/td>\n<td>V<\/td>\n<td><\/td>\n<\/tr>\n<tr>\n<td>Courant de sortie de contr\u00f4le CC<\/td>\n<td>0<\/td>\n<td><\/td>\n<td>200<\/td>\n<td>mA<\/td>\n<td><\/td>\n<\/tr>\n<tr>\n<td>Mod\u00e8le de contr\u00f4le analogique<\/td>\n<td colspan=\"3\">1- 5<\/td>\n<td>V<\/td>\n<td>Tension de contr\u00f4le de vitesse \u00e0 distance<\/td>\n<\/tr>\n<tr>\n<td>Signal de commande num\u00e9rique<\/td>\n<td colspan=\"3\">24<\/td>\n<td>V<\/td>\n<td>Contr\u00f4le du signal de commutation<\/td>\n<\/tr>\n<tr>\n<td>M\u00e9thode de r\u00e9glage<\/td>\n<td colspan=\"3\">6<\/td>\n<td>cl\u00e9<\/td>\n<td><\/td>\n<\/tr>\n<tr>\n<td>Consommation d&#039;\u00e9nergie \u00e0 vide<\/td>\n<td><\/td>\n<td>3<\/td>\n<td><\/td>\n<td>W<\/td>\n<td><\/td>\n<\/tr>\n<tr>\n<td>Mode d&#039;affichage<\/td>\n<td colspan=\"3\">5<\/td>\n<td>chiffre<\/td>\n<td>Tube num\u00e9rique LED<\/td>\n<\/tr>\n<tr>\n<td>Temp\u00e9rature de l&#039;environnement salarial<\/td>\n<td>0<\/td>\n<td>25<\/td>\n<td>40<\/td>\n<td>\u2103<\/td>\n<td rowspan=\"2\">Pas de condensation<\/td>\n<\/tr>\n<tr>\n<td>Humidit\u00e9 de l&#039;environnement salarial<\/td>\n<td>10<\/td>\n<td>60<\/td>\n<td>85<\/td>\n<td>%<\/td>\n<\/tr>\n<\/tbody>\n<\/table>\n\t<div id=\"gap-41255142\" class=\"gap-element clearfix\" style=\"display:block; height:auto;\">\n\t\t\n<style>\n#gap-41255142 {\n  padding-top: 30px;\n}\n<\/style>\n\t<\/div>\n\t\n<h2><strong><b>Dimensions et poids<\/b><\/strong><\/h2>\n<ul>\n<li>Dimension : longueur 190 mm \u00d7 largeur 56 mm \u00d7 hauteur 94,5 mm.<\/li>\n<li>Poids : 560g (sans accessoires)<\/li>\n<\/ul>\n\t<div class=\"img has-hover x md-x lg-x y md-y lg-y\" id=\"image_152890713\">\n\t\t\t\t\t\t\t\t<div class=\"img-inner dark\" >\n\t\t\t<img loading=\"lazy\" decoding=\"async\" width=\"705\" height=\"650\" src=\"https:\/\/swoer.com\/wp-content\/uploads\/2024\/07\/Dimension-Drawing-3.webp\" class=\"attachment-original size-original\" alt=\"Dessin cot\u00e9\" srcset=\"https:\/\/swoer.com\/wp-content\/uploads\/2024\/07\/Dimension-Drawing-3.webp 705w, https:\/\/swoer.com\/wp-content\/uploads\/2024\/07\/Dimension-Drawing-3-300x277.webp 300w, https:\/\/swoer.com\/wp-content\/uploads\/2024\/07\/Dimension-Drawing-3-13x12.webp 13w, https:\/\/swoer.com\/wp-content\/uploads\/2024\/07\/Dimension-Drawing-3-600x553.webp 600w\" sizes=\"(max-width: 705px) 100vw, 705px\" \/>\t\t\t\t\t\t\n\t\t\t\t\t<\/div>\n\t\t\t\t\t\t\t\t\n<style>\n#image_152890713 {\n  width: 65%;\n}\n<\/style>\n\t<\/div>","protected":false},"excerpt":{"rendered":"<p>Am\u00e9liorez l\u2019efficacit\u00e9 et la pr\u00e9cision de votre bol vibrant. Le contr\u00f4leur SDVC34-MR poss\u00e8de des fonctionnalit\u00e9s avanc\u00e9es telles que la recherche automatique de fr\u00e9quence, la sortie synchronis\u00e9e, le pr\u00e9r\u00e9glage de vitesse, le d\u00e9marrage lent r\u00e9glable, la stabilisation automatique de tension de haute pr\u00e9cision, l&#039;adaptation du capteur, le contr\u00f4le de vitesse \u00e0 distance, la sortie de contr\u00f4le CC, l&#039;arr\u00eat plein\/vide du mat\u00e9riau du capteur \u00e0 double interrupteur, fonction de comptage et communication 485 pour assurer une manipulation fluide et coh\u00e9rente des mat\u00e9riaux.<\/p>","protected":false},"featured_media":2501,"comment_status":"open","ping_status":"closed","template":"","meta":[],"product_cat":[45],"product_tag":[],"yoast_head":"<!-- This site is optimized with the Yoast SEO plugin v22.2 - https:\/\/yoast.com\/wordpress\/plugins\/seo\/ -->\n<title>Vibratory Bowl Feeder Controller SDVC34-MR - SWOER<\/title>\n<meta name=\"description\" content=\"The SDVC34-MR is an intelligent controller designed to enhance the efficiency and precision of your vibratory bowl feeder. Its advanced features, including automatic frequency search, synchronized output, speed preset, adjustable slow start, high precision automatic voltage stabilization, sensor adaptability, remote speed control, DC control output, dual switch sensor material full\/empty shutdown, counting function, and 485 communication, ensure smooth, consistent material handling.\" \/>\n<meta name=\"robots\" content=\"index, follow, max-snippet:-1, max-image-preview:large, max-video-preview:-1\" \/>\n<link rel=\"canonical\" href=\"https:\/\/swoer.com\/fr\/manufacturer\/vibratory-bowl-feeder-controller-sdvc34-mr\/\" \/>\n<meta property=\"og:locale\" content=\"fr_FR\" \/>\n<meta property=\"og:type\" content=\"article\" \/>\n<meta property=\"og:title\" content=\"Vibratory Bowl Feeder Controller SDVC34-MR - SWOER\" \/>\n<meta property=\"og:description\" content=\"The SDVC34-MR is an intelligent controller designed to enhance the efficiency and precision of your vibratory bowl feeder. Its advanced features, including automatic frequency search, synchronized output, speed preset, adjustable slow start, high precision automatic voltage stabilization, sensor adaptability, remote speed control, DC control output, dual switch sensor material full\/empty shutdown, counting function, and 485 communication, ensure smooth, consistent material handling.\" \/>\n<meta property=\"og:url\" content=\"https:\/\/swoer.com\/fr\/manufacturer\/vibratory-bowl-feeder-controller-sdvc34-mr\/\" \/>\n<meta property=\"og:site_name\" content=\"SWOER\" \/>\n<meta property=\"article:modified_time\" content=\"2024-08-16T06:12:47+00:00\" \/>\n<meta property=\"og:image\" content=\"https:\/\/swoer.com\/wp-content\/uploads\/2024\/07\/Vibratory-Bowl-Feeder-Controller-SDVC34-MR-1.webp\" \/>\n\t<meta property=\"og:image:width\" content=\"1000\" \/>\n\t<meta property=\"og:image:height\" content=\"1000\" \/>\n\t<meta property=\"og:image:type\" content=\"image\/webp\" \/>\n<meta name=\"twitter:card\" content=\"summary_large_image\" \/>\n<meta name=\"twitter:label1\" content=\"Dur\u00e9e de lecture estim\u00e9e\" \/>\n\t<meta name=\"twitter:data1\" content=\"3 minutes\" \/>\n<script type=\"application\/ld+json\" class=\"yoast-schema-graph\">{\"@context\":\"https:\/\/schema.org\",\"@graph\":[{\"@type\":\"WebPage\",\"@id\":\"https:\/\/swoer.com\/manufacturer\/vibratory-bowl-feeder-controller-sdvc34-mr\/\",\"url\":\"https:\/\/swoer.com\/manufacturer\/vibratory-bowl-feeder-controller-sdvc34-mr\/\",\"name\":\"Vibratory Bowl Feeder Controller SDVC34-MR - SWOER\",\"isPartOf\":{\"@id\":\"https:\/\/swoer.com\/#website\"},\"primaryImageOfPage\":{\"@id\":\"https:\/\/swoer.com\/manufacturer\/vibratory-bowl-feeder-controller-sdvc34-mr\/#primaryimage\"},\"image\":{\"@id\":\"https:\/\/swoer.com\/manufacturer\/vibratory-bowl-feeder-controller-sdvc34-mr\/#primaryimage\"},\"thumbnailUrl\":\"https:\/\/swoer.com\/wp-content\/uploads\/2024\/07\/Vibratory-Bowl-Feeder-Controller-SDVC34-MR-1.webp\",\"datePublished\":\"2024-07-06T00:52:41+00:00\",\"dateModified\":\"2024-08-16T06:12:47+00:00\",\"description\":\"The SDVC34-MR is an intelligent controller designed to enhance the efficiency and precision of your vibratory bowl feeder. Its advanced features, including automatic frequency search, synchronized output, speed preset, adjustable slow start, high precision automatic voltage stabilization, sensor adaptability, remote speed control, DC control output, dual switch sensor material full\/empty shutdown, counting function, and 485 communication, ensure smooth, consistent material handling.\",\"breadcrumb\":{\"@id\":\"https:\/\/swoer.com\/manufacturer\/vibratory-bowl-feeder-controller-sdvc34-mr\/#breadcrumb\"},\"inLanguage\":\"fr-FR\",\"potentialAction\":[{\"@type\":\"ReadAction\",\"target\":[\"https:\/\/swoer.com\/manufacturer\/vibratory-bowl-feeder-controller-sdvc34-mr\/\"]}]},{\"@type\":\"ImageObject\",\"inLanguage\":\"fr-FR\",\"@id\":\"https:\/\/swoer.com\/manufacturer\/vibratory-bowl-feeder-controller-sdvc34-mr\/#primaryimage\",\"url\":\"https:\/\/swoer.com\/wp-content\/uploads\/2024\/07\/Vibratory-Bowl-Feeder-Controller-SDVC34-MR-1.webp\",\"contentUrl\":\"https:\/\/swoer.com\/wp-content\/uploads\/2024\/07\/Vibratory-Bowl-Feeder-Controller-SDVC34-MR-1.webp\",\"width\":1000,\"height\":1000,\"caption\":\"Vibratory Bowl Feeder Controller SDVC34-MR\"},{\"@type\":\"BreadcrumbList\",\"@id\":\"https:\/\/swoer.com\/manufacturer\/vibratory-bowl-feeder-controller-sdvc34-mr\/#breadcrumb\",\"itemListElement\":[{\"@type\":\"ListItem\",\"position\":1,\"name\":\"Home\",\"item\":\"https:\/\/swoer.com\/\"},{\"@type\":\"ListItem\",\"position\":2,\"name\":\"Shop\",\"item\":\"https:\/\/swoer.com\/shop\/\"},{\"@type\":\"ListItem\",\"position\":3,\"name\":\"Vibratory Bowl Feeder Controller SDVC34-MR\"}]},{\"@type\":\"WebSite\",\"@id\":\"https:\/\/swoer.com\/#website\",\"url\":\"https:\/\/swoer.com\/\",\"name\":\"SWOER\",\"description\":\"Swoer is the top 3 vibratory bowl feeder manufacturer in China\",\"potentialAction\":[{\"@type\":\"SearchAction\",\"target\":{\"@type\":\"EntryPoint\",\"urlTemplate\":\"https:\/\/swoer.com\/?s={search_term_string}\"},\"query-input\":\"required name=search_term_string\"}],\"inLanguage\":\"fr-FR\"}]}<\/script>\n<!-- \/ Yoast SEO plugin. -->","yoast_head_json":{"title":"Vibratory Bowl Feeder Controller SDVC34-MR - SWOER","description":"The SDVC34-MR is an intelligent controller designed to enhance the efficiency and precision of your vibratory bowl feeder. Its advanced features, including automatic frequency search, synchronized output, speed preset, adjustable slow start, high precision automatic voltage stabilization, sensor adaptability, remote speed control, DC control output, dual switch sensor material full\/empty shutdown, counting function, and 485 communication, ensure smooth, consistent material handling.","robots":{"index":"index","follow":"follow","max-snippet":"max-snippet:-1","max-image-preview":"max-image-preview:large","max-video-preview":"max-video-preview:-1"},"canonical":"https:\/\/swoer.com\/fr\/manufacturer\/vibratory-bowl-feeder-controller-sdvc34-mr\/","og_locale":"fr_FR","og_type":"article","og_title":"Vibratory Bowl Feeder Controller SDVC34-MR - SWOER","og_description":"The SDVC34-MR is an intelligent controller designed to enhance the efficiency and precision of your vibratory bowl feeder. Its advanced features, including automatic frequency search, synchronized output, speed preset, adjustable slow start, high precision automatic voltage stabilization, sensor adaptability, remote speed control, DC control output, dual switch sensor material full\/empty shutdown, counting function, and 485 communication, ensure smooth, consistent material handling.","og_url":"https:\/\/swoer.com\/fr\/manufacturer\/vibratory-bowl-feeder-controller-sdvc34-mr\/","og_site_name":"SWOER","article_modified_time":"2024-08-16T06:12:47+00:00","og_image":[{"width":1000,"height":1000,"url":"https:\/\/swoer.com\/wp-content\/uploads\/2024\/07\/Vibratory-Bowl-Feeder-Controller-SDVC34-MR-1.webp","type":"image\/webp"}],"twitter_card":"summary_large_image","twitter_misc":{"Dur\u00e9e de lecture estim\u00e9e":"3 minutes"},"schema":{"@context":"https:\/\/schema.org","@graph":[{"@type":"WebPage","@id":"https:\/\/swoer.com\/manufacturer\/vibratory-bowl-feeder-controller-sdvc34-mr\/","url":"https:\/\/swoer.com\/manufacturer\/vibratory-bowl-feeder-controller-sdvc34-mr\/","name":"Vibratory Bowl Feeder Controller SDVC34-MR - SWOER","isPartOf":{"@id":"https:\/\/swoer.com\/#website"},"primaryImageOfPage":{"@id":"https:\/\/swoer.com\/manufacturer\/vibratory-bowl-feeder-controller-sdvc34-mr\/#primaryimage"},"image":{"@id":"https:\/\/swoer.com\/manufacturer\/vibratory-bowl-feeder-controller-sdvc34-mr\/#primaryimage"},"thumbnailUrl":"https:\/\/swoer.com\/wp-content\/uploads\/2024\/07\/Vibratory-Bowl-Feeder-Controller-SDVC34-MR-1.webp","datePublished":"2024-07-06T00:52:41+00:00","dateModified":"2024-08-16T06:12:47+00:00","description":"The SDVC34-MR is an intelligent controller designed to enhance the efficiency and precision of your vibratory bowl feeder. Its advanced features, including automatic frequency search, synchronized output, speed preset, adjustable slow start, high precision automatic voltage stabilization, sensor adaptability, remote speed control, DC control output, dual switch sensor material full\/empty shutdown, counting function, and 485 communication, ensure smooth, consistent material handling.","breadcrumb":{"@id":"https:\/\/swoer.com\/manufacturer\/vibratory-bowl-feeder-controller-sdvc34-mr\/#breadcrumb"},"inLanguage":"fr-FR","potentialAction":[{"@type":"ReadAction","target":["https:\/\/swoer.com\/manufacturer\/vibratory-bowl-feeder-controller-sdvc34-mr\/"]}]},{"@type":"ImageObject","inLanguage":"fr-FR","@id":"https:\/\/swoer.com\/manufacturer\/vibratory-bowl-feeder-controller-sdvc34-mr\/#primaryimage","url":"https:\/\/swoer.com\/wp-content\/uploads\/2024\/07\/Vibratory-Bowl-Feeder-Controller-SDVC34-MR-1.webp","contentUrl":"https:\/\/swoer.com\/wp-content\/uploads\/2024\/07\/Vibratory-Bowl-Feeder-Controller-SDVC34-MR-1.webp","width":1000,"height":1000,"caption":"Vibratory Bowl Feeder Controller SDVC34-MR"},{"@type":"BreadcrumbList","@id":"https:\/\/swoer.com\/manufacturer\/vibratory-bowl-feeder-controller-sdvc34-mr\/#breadcrumb","itemListElement":[{"@type":"ListItem","position":1,"name":"Home","item":"https:\/\/swoer.com\/"},{"@type":"ListItem","position":2,"name":"Shop","item":"https:\/\/swoer.com\/shop\/"},{"@type":"ListItem","position":3,"name":"Vibratory Bowl Feeder Controller SDVC34-MR"}]},{"@type":"WebSite","@id":"https:\/\/swoer.com\/#website","url":"https:\/\/swoer.com\/","name":"SWOER","description":"Swoer is the top 3 vibratory bowl feeder manufacturer in China","potentialAction":[{"@type":"SearchAction","target":{"@type":"EntryPoint","urlTemplate":"https:\/\/swoer.com\/?s={search_term_string}"},"query-input":"required name=search_term_string"}],"inLanguage":"fr-FR"}]}},"_links":{"self":[{"href":"https:\/\/swoer.com\/fr\/wp-json\/wp\/v2\/product\/2284"}],"collection":[{"href":"https:\/\/swoer.com\/fr\/wp-json\/wp\/v2\/product"}],"about":[{"href":"https:\/\/swoer.com\/fr\/wp-json\/wp\/v2\/types\/product"}],"replies":[{"embeddable":true,"href":"https:\/\/swoer.com\/fr\/wp-json\/wp\/v2\/comments?post=2284"}],"wp:featuredmedia":[{"embeddable":true,"href":"https:\/\/swoer.com\/fr\/wp-json\/wp\/v2\/media\/2501"}],"wp:attachment":[{"href":"https:\/\/swoer.com\/fr\/wp-json\/wp\/v2\/media?parent=2284"}],"wp:term":[{"taxonomy":"product_cat","embeddable":true,"href":"https:\/\/swoer.com\/fr\/wp-json\/wp\/v2\/product_cat?post=2284"},{"taxonomy":"product_tag","embeddable":true,"href":"https:\/\/swoer.com\/fr\/wp-json\/wp\/v2\/product_tag?post=2284"}],"curies":[{"name":"wp","href":"https:\/\/api.w.org\/{rel}","templated":true}]}}