{"id":2278,"date":"2024-07-05T03:34:25","date_gmt":"2024-07-05T03:34:25","guid":{"rendered":"https:\/\/swoer.com\/?post_type=product&#038;p=2278"},"modified":"2024-08-16T14:15:24","modified_gmt":"2024-08-16T06:15:24","slug":"automated-feeder-controller-sdvc31-xl-6a","status":"publish","type":"product","link":"https:\/\/swoer.com\/fr\/manufacturer\/automated-feeder-controller-sdvc31-xl-6a\/","title":{"rendered":"Contr\u00f4leur d&#039;alimentation automatis\u00e9 SDVC31-XL 6A"},"content":{"rendered":"<h2><strong><b>Caract\u00e9ristiques<\/b><\/strong><\/h2>\n<ul>\n<li>Stabilisation automatique de la tension de haute pr\u00e9cision<\/li>\n<li>D\u00e9marrage lent r\u00e9glable<\/li>\n<li>Capteur de commutation arr\u00eat plein\/vide<\/li>\n<li>Arr\u00eat plein\/vide du capteur photo\u00e9lectrique<\/li>\n<li>Contr\u00f4le de vitesse \u00e0 distance<\/li>\n<li>Sortie de contr\u00f4le CC<\/li>\n<\/ul>\n<h2><strong><b>Fonction basique<\/b><\/strong><\/h2>\n<ol>\n<li><strong>Ajustement de la fr\u00e9quence\u00a0:<\/strong> Les utilisateurs ajustent la fr\u00e9quence de sortie du contr\u00f4leur pour un effet d&#039;alimentation plus fluide, plus silencieux et \u00e9conome en \u00e9nergie.<\/li>\n<li><strong>Stabilisation automatique de tension de haute pr\u00e9cision\u00a0:<\/strong> En utilisant un circuit num\u00e9rique int\u00e9gr\u00e9, le syst\u00e8me stabilise la tension, \u00e9liminant ainsi les changements de vitesse d&#039;alimentation dus aux fluctuations de l&#039;alimentation \u00e9lectrique.<\/li>\n<li><strong>D\u00e9marrage lent r\u00e9glable\u00a0:<\/strong> La tension de sortie augmente progressivement de z\u00e9ro jusqu&#039;au niveau pr\u00e9d\u00e9fini pour minimiser l&#039;impact sur la plaque vibrante. Les utilisateurs peuvent pr\u00e9d\u00e9finir num\u00e9riquement l\u2019heure de d\u00e9marrage lent.<\/li>\n<li><strong>Capteur de commutation arr\u00eat plein\/vide\u00a0:<\/strong> Prend en charge le capteur de type NPN ou le contr\u00f4le d&#039;arr\u00eat complet\/vide \u00e0 distance PLC.<\/li>\n<li><strong>Capteur photo\u00e9lectrique Arr\u00eat plein\/vide\u00a0:<\/strong> Prend en charge le contr\u00f4le d&#039;arr\u00eat plein\/vide du capteur de compteur photo\u00e9lectrique.<\/li>\n<li><strong>Contr\u00f4le de vitesse \u00e0 distance\u00a0:<\/strong> Les utilisateurs peuvent contr\u00f4ler la tension de sortie \u00e0 distance \u00e0 l&#039;aide d&#039;un potentiom\u00e8tre externe, d&#039;un PLC ou d&#039;un signal de tension 1-5 V.<\/li>\n<li><strong>Sortie de contr\u00f4le CC\u00a0:<\/strong> Le contr\u00f4leur \u00e9met un signal de commande basse tension CC pour piloter des dispositifs tels que des \u00e9lectrovannes.<\/li>\n<li><strong>Verrouillage du clavier:<\/strong> Appuyez longuement sur la touche marche\/arr\u00eat pour verrouiller toutes les touches et \u00e9viter une mauvaise utilisation.<\/li>\n<li><strong>R\u00e9glage de la tension de sortie maximale\u00a0:<\/strong> Les utilisateurs d\u00e9finissent la tension maximale r\u00e9glable pour \u00e9viter les dommages dus \u00e0 une surtension.<\/li>\n<li><strong>Protection contre la surchauffe\u00a0:<\/strong> Pour se prot\u00e9ger, le contr\u00f4leur arr\u00eate la sortie chaque fois que la temp\u00e9rature de fonctionnement devient trop \u00e9lev\u00e9e.<\/li>\n<li><strong>Protection contre les surintensit\u00e9s:<\/strong> Pour prot\u00e9ger le contr\u00f4leur et l&#039;\u00e9quipement de vibration, le syst\u00e8me arr\u00eate la sortie chaque fois que le courant de fonctionnement d\u00e9passe le courant nominal.<\/li>\n<li><strong>Protection r\u00e9cup\u00e9rable contre les courts-circuits\u00a0:<\/strong> Le syst\u00e8me arr\u00eate la sortie lors d&#039;un court-circuit pour prot\u00e9ger \u00e0 la fois le contr\u00f4leur et l&#039;\u00e9quipement. Apr\u00e8s avoir \u00e9limin\u00e9 le court-circuit, le syst\u00e8me peut \u00eatre remis sous tension pour fonctionner normalement.<\/li>\n<\/ol>\n\t<div id=\"gap-864942892\" class=\"gap-element clearfix\" style=\"display:block; height:auto;\">\n\t\t\n<style>\n#gap-864942892 {\n  padding-top: 30px;\n}\n<\/style>\n\t<\/div>\n\t\n<h2><strong>Sp\u00e9cifications techniques<\/strong><\/h2>\n<table width=\"767\">\n<tbody>\n<tr>\n<td rowspan=\"2\" width=\"225\">Article<\/td>\n<td colspan=\"3\" width=\"216\">Gamme<\/td>\n<td rowspan=\"2\" width=\"72\">Unit\u00e9<\/td>\n<td rowspan=\"2\" width=\"254\">Description<\/td>\n<\/tr>\n<tr>\n<td>Le minimum<\/td>\n<td>Typique<\/td>\n<td>Maximum<\/td>\n<\/tr>\n<tr>\n<td>Tension d&#039;entr\u00e9e<\/td>\n<td>85<\/td>\n<td>220<\/td>\n<td>260<\/td>\n<td>V<\/td>\n<td>Valeur efficace CA<\/td>\n<\/tr>\n<tr>\n<td>Plage de r\u00e9glage de la tension de sortie<\/td>\n<td>0<\/td>\n<td><\/td>\n<td>260<\/td>\n<td>V<\/td>\n<td>Moins de 150% de tension d&#039;entr\u00e9e<\/td>\n<\/tr>\n<tr>\n<td>Pr\u00e9cision du r\u00e9glage de la tension<\/td>\n<td colspan=\"3\">1<\/td>\n<td>V<\/td>\n<td><\/td>\n<\/tr>\n<tr>\n<td>Pr\u00e9cision de la r\u00e9gulation de tension<\/td>\n<td>0<\/td>\n<td><\/td>\n<td>10<\/td>\n<td><\/td>\n<td>Vout\/Vin<\/td>\n<\/tr>\n<tr>\n<td>Temps de r\u00e9ponse de la r\u00e9gulation de tension<\/td>\n<td>0.0025<\/td>\n<td><\/td>\n<td>0.025<\/td>\n<td>s<\/td>\n<td>Un dixi\u00e8me du cycle de tension de sortie<\/td>\n<\/tr>\n<tr>\n<td rowspan=\"2\">Plage de r\u00e9glage du courant de sortie<\/td>\n<td rowspan=\"2\">0<\/td>\n<td rowspan=\"2\"><\/td>\n<td rowspan=\"2\">10<\/td>\n<td rowspan=\"2\">UN<\/td>\n<td rowspan=\"2\">SDVC31-U-Extra haute puissance<\/td>\n<\/tr>\n<tr>\n<td rowspan=\"2\"><\/td>\n<td rowspan=\"2\"><\/td>\n<td rowspan=\"2\"><\/td>\n<td rowspan=\"2\"><\/td>\n<td rowspan=\"2\"><\/td>\n<td rowspan=\"2\"><\/td>\n<\/tr>\n<tr>\n<td>Fr\u00e9quence de sortie<\/td>\n<td>40<\/td>\n<td><\/td>\n<td>400<\/td>\n<td>Hz<\/td>\n<td><\/td>\n<\/tr>\n<tr>\n<td>Pr\u00e9cision du r\u00e9glage de la fr\u00e9quence<\/td>\n<td colspan=\"3\">0.1<\/td>\n<td>Hz<\/td>\n<td><\/td>\n<\/tr>\n<tr>\n<td>Forme d&#039;onde de sortie<\/td>\n<td colspan=\"3\">sinus<\/td>\n<td><\/td>\n<td><\/td>\n<\/tr>\n<tr>\n<td>Temps de d\u00e9marrage lent<\/td>\n<td>0<\/td>\n<td><\/td>\n<td>10<\/td>\n<td>s<\/td>\n<td>Valeur par d\u00e9faut 0,5<\/td>\n<\/tr>\n<tr>\n<td>Plage de temps de retard<\/td>\n<td>0<\/td>\n<td><\/td>\n<td>20<\/td>\n<td>s<\/td>\n<td>Valeur par d\u00e9faut 0,2<\/td>\n<\/tr>\n<tr>\n<td>Pr\u00e9cision du temps de retard<\/td>\n<td colspan=\"3\">0.1<\/td>\n<td>s<\/td>\n<td><\/td>\n<\/tr>\n<tr>\n<td>Temp\u00e9rature de protection contre la surchauffe<\/td>\n<td>60<\/td>\n<td>65<\/td>\n<td>65<\/td>\n<td>\u2103<\/td>\n<td><\/td>\n<\/tr>\n<tr>\n<td>Tension de sortie de commande CC<\/td>\n<td>22<\/td>\n<td>24<\/td>\n<td>26<\/td>\n<td>V<\/td>\n<td><\/td>\n<\/tr>\n<tr>\n<td>Courant de sortie de contr\u00f4le CC<\/td>\n<td>0<\/td>\n<td><\/td>\n<td>200<\/td>\n<td>mA<\/td>\n<td><\/td>\n<\/tr>\n<tr>\n<td>Mod\u00e8le de contr\u00f4le analogique<\/td>\n<td colspan=\"3\">1 h 5 h<\/td>\n<td>V<\/td>\n<td>Tension de contr\u00f4le de vitesse \u00e0 distance<\/td>\n<\/tr>\n<tr>\n<td>Signal de commande num\u00e9rique<\/td>\n<td colspan=\"3\">24<\/td>\n<td>V<\/td>\n<td>Contr\u00f4le du signal de commutation<\/td>\n<\/tr>\n<tr>\n<td>M\u00e9thode de r\u00e9glage<\/td>\n<td colspan=\"3\">6<\/td>\n<td>cl\u00e9<\/td>\n<td><\/td>\n<\/tr>\n<tr>\n<td>Consommation d&#039;\u00e9nergie \u00e0 vide<\/td>\n<td><\/td>\n<td>3<\/td>\n<td><\/td>\n<td>W<\/td>\n<td><\/td>\n<\/tr>\n<tr>\n<td>Mode d&#039;affichage<\/td>\n<td colspan=\"3\">5<\/td>\n<td>chiffre<\/td>\n<td>Tube num\u00e9rique LED<\/td>\n<\/tr>\n<tr>\n<td>Temp\u00e9rature de l&#039;environnement salarial<\/td>\n<td>0<\/td>\n<td>25<\/td>\n<td>40<\/td>\n<td>\u2103<\/td>\n<td rowspan=\"2\">Pas de condensation<\/td>\n<\/tr>\n<tr>\n<td>Humidit\u00e9 de l&#039;environnement salarial<\/td>\n<td>10<\/td>\n<td>60<\/td>\n<td>85<\/td>\n<td>%<\/td>\n<\/tr>\n<\/tbody>\n<\/table>\n\t<div id=\"gap-1560902587\" class=\"gap-element clearfix\" style=\"display:block; height:auto;\">\n\t\t\n<style>\n#gap-1560902587 {\n  padding-top: 30px;\n}\n<\/style>\n\t<\/div>\n\t\n<h2><strong><b>Dimensions et poids<\/b><\/strong><\/h2>\n<ul>\n<li>Dimensions : L190 mm x L242 mm x H94,5 mm<\/li>\n<li>Poids : 2670g (sans accessoires)<\/li>\n<\/ul>\n\t<div class=\"img has-hover x md-x lg-x y md-y lg-y\" id=\"image_1771138220\">\n\t\t\t\t\t\t\t\t<div class=\"img-inner dark\" >\n\t\t\t<img loading=\"lazy\" decoding=\"async\" width=\"775\" height=\"574\" src=\"https:\/\/swoer.com\/wp-content\/uploads\/2024\/07\/dimension-drawing-2.webp\" class=\"attachment-original size-original\" alt=\"dessin cot\u00e9\" srcset=\"https:\/\/swoer.com\/wp-content\/uploads\/2024\/07\/dimension-drawing-2.webp 775w, https:\/\/swoer.com\/wp-content\/uploads\/2024\/07\/dimension-drawing-2-300x222.webp 300w, https:\/\/swoer.com\/wp-content\/uploads\/2024\/07\/dimension-drawing-2-768x569.webp 768w, https:\/\/swoer.com\/wp-content\/uploads\/2024\/07\/dimension-drawing-2-16x12.webp 16w, https:\/\/swoer.com\/wp-content\/uploads\/2024\/07\/dimension-drawing-2-600x444.webp 600w\" sizes=\"(max-width: 775px) 100vw, 775px\" \/>\t\t\t\t\t\t\n\t\t\t\t\t<\/div>\n\t\t\t\t\t\t\t\t\n<style>\n#image_1771138220 {\n  width: 62%;\n}\n<\/style>\n\t<\/div>","protected":false},"excerpt":{"rendered":"<p>Le contr\u00f4leur d&#039;alimentation automatis\u00e9 SDVC31-XL 6A offre une stabilisation automatique de la tension de haute pr\u00e9cision, un d\u00e9marrage lent r\u00e9glable et des options de contr\u00f4le polyvalentes, notamment un capteur de commutation et un arr\u00eat plein\/vide du capteur photo\u00e9lectrique. Parfait pour am\u00e9liorer les performances et l\u2019efficacit\u00e9 de votre syst\u00e8me d\u2019alimentation.<\/p>","protected":false},"featured_media":2505,"comment_status":"open","ping_status":"closed","template":"","meta":[],"product_cat":[45],"product_tag":[],"yoast_head":"<!-- This site is optimized with the Yoast SEO plugin v22.2 - https:\/\/yoast.com\/wordpress\/plugins\/seo\/ -->\n<title>Automated Feeder Controller SDVC31-XL 6A - SWOER<\/title>\n<meta name=\"description\" content=\"The Automated Feeder Controller SDVC31-XL 6A has high precision voltage stabilization, adjustable slow start, and remote speed control. It is ideal for efficient and reliable feeding operations.\" \/>\n<meta name=\"robots\" content=\"index, follow, max-snippet:-1, max-image-preview:large, max-video-preview:-1\" \/>\n<link rel=\"canonical\" href=\"https:\/\/swoer.com\/fr\/manufacturer\/automated-feeder-controller-sdvc31-xl-6a\/\" \/>\n<meta property=\"og:locale\" content=\"fr_FR\" \/>\n<meta property=\"og:type\" content=\"article\" \/>\n<meta property=\"og:title\" content=\"Automated Feeder Controller SDVC31-XL 6A - SWOER\" \/>\n<meta property=\"og:description\" content=\"The Automated Feeder Controller SDVC31-XL 6A has high precision voltage stabilization, adjustable slow start, and remote speed control. It is ideal for efficient and reliable feeding operations.\" \/>\n<meta property=\"og:url\" content=\"https:\/\/swoer.com\/fr\/manufacturer\/automated-feeder-controller-sdvc31-xl-6a\/\" \/>\n<meta property=\"og:site_name\" content=\"SWOER\" \/>\n<meta property=\"article:modified_time\" content=\"2024-08-16T06:15:24+00:00\" \/>\n<meta property=\"og:image\" content=\"https:\/\/swoer.com\/wp-content\/uploads\/2024\/07\/Automated-Feeder-Controller-SDVC31-XL-6A-1.webp\" \/>\n\t<meta property=\"og:image:width\" content=\"1000\" \/>\n\t<meta property=\"og:image:height\" content=\"1000\" \/>\n\t<meta property=\"og:image:type\" content=\"image\/webp\" \/>\n<meta name=\"twitter:card\" content=\"summary_large_image\" \/>\n<meta name=\"twitter:label1\" content=\"Dur\u00e9e de lecture estim\u00e9e\" \/>\n\t<meta name=\"twitter:data1\" content=\"3 minutes\" \/>\n<script type=\"application\/ld+json\" class=\"yoast-schema-graph\">{\"@context\":\"https:\/\/schema.org\",\"@graph\":[{\"@type\":\"WebPage\",\"@id\":\"https:\/\/swoer.com\/manufacturer\/automated-feeder-controller-sdvc31-xl-6a\/\",\"url\":\"https:\/\/swoer.com\/manufacturer\/automated-feeder-controller-sdvc31-xl-6a\/\",\"name\":\"Automated Feeder Controller SDVC31-XL 6A - SWOER\",\"isPartOf\":{\"@id\":\"https:\/\/swoer.com\/#website\"},\"primaryImageOfPage\":{\"@id\":\"https:\/\/swoer.com\/manufacturer\/automated-feeder-controller-sdvc31-xl-6a\/#primaryimage\"},\"image\":{\"@id\":\"https:\/\/swoer.com\/manufacturer\/automated-feeder-controller-sdvc31-xl-6a\/#primaryimage\"},\"thumbnailUrl\":\"https:\/\/swoer.com\/wp-content\/uploads\/2024\/07\/Automated-Feeder-Controller-SDVC31-XL-6A-1.webp\",\"datePublished\":\"2024-07-05T03:34:25+00:00\",\"dateModified\":\"2024-08-16T06:15:24+00:00\",\"description\":\"The Automated Feeder Controller SDVC31-XL 6A has high precision voltage stabilization, adjustable slow start, and remote speed control. It is ideal for efficient and reliable feeding operations.\",\"breadcrumb\":{\"@id\":\"https:\/\/swoer.com\/manufacturer\/automated-feeder-controller-sdvc31-xl-6a\/#breadcrumb\"},\"inLanguage\":\"fr-FR\",\"potentialAction\":[{\"@type\":\"ReadAction\",\"target\":[\"https:\/\/swoer.com\/manufacturer\/automated-feeder-controller-sdvc31-xl-6a\/\"]}]},{\"@type\":\"ImageObject\",\"inLanguage\":\"fr-FR\",\"@id\":\"https:\/\/swoer.com\/manufacturer\/automated-feeder-controller-sdvc31-xl-6a\/#primaryimage\",\"url\":\"https:\/\/swoer.com\/wp-content\/uploads\/2024\/07\/Automated-Feeder-Controller-SDVC31-XL-6A-1.webp\",\"contentUrl\":\"https:\/\/swoer.com\/wp-content\/uploads\/2024\/07\/Automated-Feeder-Controller-SDVC31-XL-6A-1.webp\",\"width\":1000,\"height\":1000,\"caption\":\"Automated Feeder Controller SDVC31-XL 6A\"},{\"@type\":\"BreadcrumbList\",\"@id\":\"https:\/\/swoer.com\/manufacturer\/automated-feeder-controller-sdvc31-xl-6a\/#breadcrumb\",\"itemListElement\":[{\"@type\":\"ListItem\",\"position\":1,\"name\":\"Home\",\"item\":\"https:\/\/swoer.com\/\"},{\"@type\":\"ListItem\",\"position\":2,\"name\":\"Shop\",\"item\":\"https:\/\/swoer.com\/shop\/\"},{\"@type\":\"ListItem\",\"position\":3,\"name\":\"Automated Feeder Controller SDVC31-XL 6A\"}]},{\"@type\":\"WebSite\",\"@id\":\"https:\/\/swoer.com\/#website\",\"url\":\"https:\/\/swoer.com\/\",\"name\":\"SWOER\",\"description\":\"Swoer is the top 3 vibratory bowl feeder manufacturer in China\",\"potentialAction\":[{\"@type\":\"SearchAction\",\"target\":{\"@type\":\"EntryPoint\",\"urlTemplate\":\"https:\/\/swoer.com\/?s={search_term_string}\"},\"query-input\":\"required name=search_term_string\"}],\"inLanguage\":\"fr-FR\"}]}<\/script>\n<!-- \/ Yoast SEO plugin. -->","yoast_head_json":{"title":"Automated Feeder Controller SDVC31-XL 6A - SWOER","description":"The Automated Feeder Controller SDVC31-XL 6A has high precision voltage stabilization, adjustable slow start, and remote speed control. It is ideal for efficient and reliable feeding operations.","robots":{"index":"index","follow":"follow","max-snippet":"max-snippet:-1","max-image-preview":"max-image-preview:large","max-video-preview":"max-video-preview:-1"},"canonical":"https:\/\/swoer.com\/fr\/manufacturer\/automated-feeder-controller-sdvc31-xl-6a\/","og_locale":"fr_FR","og_type":"article","og_title":"Automated Feeder Controller SDVC31-XL 6A - SWOER","og_description":"The Automated Feeder Controller SDVC31-XL 6A has high precision voltage stabilization, adjustable slow start, and remote speed control. It is ideal for efficient and reliable feeding operations.","og_url":"https:\/\/swoer.com\/fr\/manufacturer\/automated-feeder-controller-sdvc31-xl-6a\/","og_site_name":"SWOER","article_modified_time":"2024-08-16T06:15:24+00:00","og_image":[{"width":1000,"height":1000,"url":"https:\/\/swoer.com\/wp-content\/uploads\/2024\/07\/Automated-Feeder-Controller-SDVC31-XL-6A-1.webp","type":"image\/webp"}],"twitter_card":"summary_large_image","twitter_misc":{"Dur\u00e9e de lecture estim\u00e9e":"3 minutes"},"schema":{"@context":"https:\/\/schema.org","@graph":[{"@type":"WebPage","@id":"https:\/\/swoer.com\/manufacturer\/automated-feeder-controller-sdvc31-xl-6a\/","url":"https:\/\/swoer.com\/manufacturer\/automated-feeder-controller-sdvc31-xl-6a\/","name":"Automated Feeder Controller SDVC31-XL 6A - SWOER","isPartOf":{"@id":"https:\/\/swoer.com\/#website"},"primaryImageOfPage":{"@id":"https:\/\/swoer.com\/manufacturer\/automated-feeder-controller-sdvc31-xl-6a\/#primaryimage"},"image":{"@id":"https:\/\/swoer.com\/manufacturer\/automated-feeder-controller-sdvc31-xl-6a\/#primaryimage"},"thumbnailUrl":"https:\/\/swoer.com\/wp-content\/uploads\/2024\/07\/Automated-Feeder-Controller-SDVC31-XL-6A-1.webp","datePublished":"2024-07-05T03:34:25+00:00","dateModified":"2024-08-16T06:15:24+00:00","description":"The Automated Feeder Controller SDVC31-XL 6A has high precision voltage stabilization, adjustable slow start, and remote speed control. It is ideal for efficient and reliable feeding operations.","breadcrumb":{"@id":"https:\/\/swoer.com\/manufacturer\/automated-feeder-controller-sdvc31-xl-6a\/#breadcrumb"},"inLanguage":"fr-FR","potentialAction":[{"@type":"ReadAction","target":["https:\/\/swoer.com\/manufacturer\/automated-feeder-controller-sdvc31-xl-6a\/"]}]},{"@type":"ImageObject","inLanguage":"fr-FR","@id":"https:\/\/swoer.com\/manufacturer\/automated-feeder-controller-sdvc31-xl-6a\/#primaryimage","url":"https:\/\/swoer.com\/wp-content\/uploads\/2024\/07\/Automated-Feeder-Controller-SDVC31-XL-6A-1.webp","contentUrl":"https:\/\/swoer.com\/wp-content\/uploads\/2024\/07\/Automated-Feeder-Controller-SDVC31-XL-6A-1.webp","width":1000,"height":1000,"caption":"Automated Feeder Controller SDVC31-XL 6A"},{"@type":"BreadcrumbList","@id":"https:\/\/swoer.com\/manufacturer\/automated-feeder-controller-sdvc31-xl-6a\/#breadcrumb","itemListElement":[{"@type":"ListItem","position":1,"name":"Home","item":"https:\/\/swoer.com\/"},{"@type":"ListItem","position":2,"name":"Shop","item":"https:\/\/swoer.com\/shop\/"},{"@type":"ListItem","position":3,"name":"Automated Feeder Controller SDVC31-XL 6A"}]},{"@type":"WebSite","@id":"https:\/\/swoer.com\/#website","url":"https:\/\/swoer.com\/","name":"SWOER","description":"Swoer is the top 3 vibratory bowl feeder manufacturer in China","potentialAction":[{"@type":"SearchAction","target":{"@type":"EntryPoint","urlTemplate":"https:\/\/swoer.com\/?s={search_term_string}"},"query-input":"required name=search_term_string"}],"inLanguage":"fr-FR"}]}},"_links":{"self":[{"href":"https:\/\/swoer.com\/fr\/wp-json\/wp\/v2\/product\/2278"}],"collection":[{"href":"https:\/\/swoer.com\/fr\/wp-json\/wp\/v2\/product"}],"about":[{"href":"https:\/\/swoer.com\/fr\/wp-json\/wp\/v2\/types\/product"}],"replies":[{"embeddable":true,"href":"https:\/\/swoer.com\/fr\/wp-json\/wp\/v2\/comments?post=2278"}],"wp:featuredmedia":[{"embeddable":true,"href":"https:\/\/swoer.com\/fr\/wp-json\/wp\/v2\/media\/2505"}],"wp:attachment":[{"href":"https:\/\/swoer.com\/fr\/wp-json\/wp\/v2\/media?parent=2278"}],"wp:term":[{"taxonomy":"product_cat","embeddable":true,"href":"https:\/\/swoer.com\/fr\/wp-json\/wp\/v2\/product_cat?post=2278"},{"taxonomy":"product_tag","embeddable":true,"href":"https:\/\/swoer.com\/fr\/wp-json\/wp\/v2\/product_tag?post=2278"}],"curies":[{"name":"wp","href":"https:\/\/api.w.org\/{rel}","templated":true}]}}