{"id":2228,"date":"2024-06-17T06:38:28","date_gmt":"2024-06-17T06:38:28","guid":{"rendered":"https:\/\/swoer.com\/?post_type=product&#038;p=2228"},"modified":"2024-06-17T07:19:14","modified_gmt":"2024-06-17T07:19:14","slug":"ccd-imaging-system","status":"publish","type":"product","link":"https:\/\/swoer.com\/fr\/manufacturer\/ccd-imaging-system\/","title":{"rendered":"Syst\u00e8me d&#039;imagerie CCD"},"content":{"rendered":"<h2>Information produit<\/h2>\n<table>\n<tbody>\n<tr>\n<td width=\"224\"><strong><b>\u00a0Nom du produit<\/b><\/strong><\/td>\n<td width=\"377\">Syst\u00e8me d&#039;imagerie CCD<\/td>\n<\/tr>\n<tr>\n<td width=\"224\"><strong><b>\u00a0M<\/b><\/strong><strong><b>mod\u00e8le<\/b><\/strong><\/td>\n<td width=\"377\">SW-80302<\/td>\n<\/tr>\n<tr>\n<td width=\"224\"><strong><b>\u00a0<\/b><\/strong><strong><b>Marque<\/b><\/strong><\/td>\n<td width=\"377\">SWOER<\/td>\n<\/tr>\n<tr>\n<td width=\"224\"><strong><b>\u00a0Tension<\/b><\/strong><\/td>\n<td width=\"377\">\u00a0220V<\/td>\n<\/tr>\n<tr>\n<td width=\"224\"><strong><b>\u00a0Pouvoir<\/b><\/strong><\/td>\n<td width=\"377\">\u00a065W \/150W \/180W \/ 220W \/ 350W<\/td>\n<\/tr>\n<tr>\n<td width=\"224\"><strong><b>\u00a0Authentification<\/b><\/strong><\/td>\n<td width=\"377\">\u00a0CE, ROHS, ISO9001<\/td>\n<\/tr>\n<tr>\n<td width=\"224\"><strong><b>\u00a0garantie<\/b><\/strong><\/td>\n<td width=\"377\">\u00a01 an de garantie<\/td>\n<\/tr>\n<tr>\n<td width=\"224\"><strong><b>\u00a0Quantit\u00e9 minimale de commande<\/b><\/strong><\/td>\n<td width=\"377\">\u00a01 jeu<\/td>\n<\/tr>\n<tr>\n<td width=\"224\"><strong><b>\u00a0D\u00e9lai de mise en \u0153uvre<\/b><\/strong><\/td>\n<td width=\"377\">\u00a010-14 jours<\/td>\n<\/tr>\n<tr>\n<td width=\"224\"><strong><b>\u00a0D\u00e9lai de paiement<\/b><\/strong><\/td>\n<td width=\"377\">\u00a0T\/T 40% D\u00e9p\u00f4t et solde avant exp\u00e9dition<\/td>\n<\/tr>\n<tr>\n<td width=\"224\"><strong><b>\u00a0Original du lieu<\/b><\/strong><\/td>\n<td width=\"377\">\u00a0Chine<\/td>\n<\/tr>\n<\/tbody>\n<\/table>\n\t<div id=\"gap-891736343\" class=\"gap-element clearfix\" style=\"display:block; height:auto;\">\n\t\t\n<style>\n#gap-891736343 {\n  padding-top: 30px;\n}\n<\/style>\n\t<\/div>\n\t\n<h2><strong><b>Listes de produits<\/b><\/strong><\/h2>\n<table>\n<tbody>\n<tr>\n<td width=\"276\"><strong><b>Ordinateur industriel<\/b><\/strong><\/td>\n<td width=\"276\">1 jeu<\/td>\n<\/tr>\n<tr>\n<td width=\"276\"><strong><b>\u00c9cran de 8 pouces<\/b><\/strong><\/td>\n<td width=\"276\">1 jeu<\/td>\n<\/tr>\n<tr>\n<td width=\"276\"><strong><b>C<\/b><\/strong><strong><b>amera<\/b><\/strong><\/td>\n<td width=\"276\">1 jeu<\/td>\n<\/tr>\n<tr>\n<td width=\"276\"><strong><b>Lentille<\/b><\/strong><\/td>\n<td width=\"276\">1 jeu<\/td>\n<\/tr>\n<tr>\n<td width=\"276\"><strong><b>L<\/b><\/strong><strong><b>source de lumi\u00e8re<\/b><\/strong><\/td>\n<td width=\"276\">1 jeu<\/td>\n<\/tr>\n<tr>\n<td width=\"276\"><strong><b>Support de fixation de la source lumineuse de la cam\u00e9ra<\/b><\/strong><\/td>\n<td width=\"276\">1 jeu<\/td>\n<\/tr>\n<\/tbody>\n<\/table>\n\t<div id=\"gap-328990569\" class=\"gap-element clearfix\" style=\"display:block; height:auto;\">\n\t\t\n<style>\n#gap-328990569 {\n  padding-top: 30px;\n}\n<\/style>\n\t<\/div>\n\t\n<h3 data-sourcepos=\"11:1-11:17\"><strong>Principales caract\u00e9ristiques:<\/strong><\/h3>\n<ul data-sourcepos=\"13:1-19:82\">\n<li data-sourcepos=\"13:1-14:0\">\n<p data-sourcepos=\"13:3-13:143\"><strong>M\u00e9canisme de d\u00e9clenchement interne\u00a0:<\/strong> Tire parti d\u2019un d\u00e9clencheur interne pour une capture d\u2019image pr\u00e9cise et synchronis\u00e9e, garantissant un timing d\u2019inspection optimal.<\/p>\n<\/li>\n<li data-sourcepos=\"15:1-16:0\">\n<p data-sourcepos=\"15:3-15:165\"><strong>Identification multipiste\u00a0:<\/strong> Identifie et suit simultan\u00e9ment jusqu&#039;\u00e0 4 objets, maximisant le d\u00e9bit d&#039;inspection et g\u00e9rant des configurations de produits complexes.<\/p>\n<\/li>\n<li data-sourcepos=\"17:1-18:0\">\n<p data-sourcepos=\"17:3-17:132\"><strong>Vitesse de reconnaissance ultra-rapide\u00a0:<\/strong> Traite un nombre impressionnant de 300 pi\u00e8ces par minute, en suivant le rythme des lignes de production \u00e0 haut volume.<\/p>\n<\/li>\n<li data-sourcepos=\"19:1-19:82\">\n<p data-sourcepos=\"19:3-19:82\"><strong>Pr\u00e9cision de reconnaissance exceptionnelle\u00a0:<\/strong> Atteint un taux de reconnaissance remarquable de 99,99%, minimisant les faux positifs et garantissant l&#039;int\u00e9grit\u00e9 du produit.<\/p>\n<\/li>\n<li data-sourcepos=\"21:1-22:0\">\n<p data-sourcepos=\"21:3-21:164\"><strong>Rapport de mat\u00e9riau inverse n\u00e9gligeable\u00a0:<\/strong> Maintient un rapport de mat\u00e9riaux invers\u00e9s exceptionnellement bas, inf\u00e9rieur \u00e0 0,0001%, r\u00e9duisant ainsi les d\u00e9chets et optimisant l&#039;utilisation des ressources.<\/p>\n<\/li>\n<li data-sourcepos=\"23:1-24:0\">\n<p data-sourcepos=\"23:3-23:146\"><strong>Fonction d&#039;assistance \u00e0 distance\u00a0:<\/strong> Fournit une assistance \u00e0 distance en temps r\u00e9el pour le d\u00e9pannage et la maintenance, garantissant une r\u00e9solution rapide de tout probl\u00e8me.<\/p>\n<\/li>\n<li data-sourcepos=\"25:1-26:0\">\n<p data-sourcepos=\"25:3-25:165\"><strong>Changement de produit en un clic\u00a0:<\/strong> Basculez sans effort entre diff\u00e9rentes t\u00e2ches d\u2019inspection de produits en un seul clic, minimisant ainsi les temps d\u2019arr\u00eat et maximisant l\u2019efficacit\u00e9.<\/p>\n<\/li>\n<li data-sourcepos=\"27:1-28:0\">\n<p data-sourcepos=\"27:3-27:135\"><strong>Installation pr\u00eate \u00e0 l&#039;emploi\u00a0:<\/strong> \u00c9limine le besoin de d\u00e9bogage complexe, garantissant un processus de configuration transparent et minimisant les temps d&#039;arr\u00eat.<\/p>\n<\/li>\n<\/ul>\n<h3 data-sourcepos=\"29:1-29:108\"><\/h3>\n<h3 data-sourcepos=\"29:1-29:108\">Notre syst\u00e8me d&#039;imagerie CCD s&#039;int\u00e8gre parfaitement \u00e0 vos lignes de production existantes, vous permettant d&#039;atteindre\u00a0:<\/h3>\n<ul data-sourcepos=\"31:1-36:0\">\n<li data-sourcepos=\"31:1-32:0\">\n<p data-sourcepos=\"31:3-31:150\"><strong>Qualit\u00e9 du produit am\u00e9lior\u00e9e\u00a0:<\/strong> D\u00e9tectez et \u00e9liminez les d\u00e9fauts avec une pr\u00e9cision exceptionnelle, garantissant une qualit\u00e9 constante des produits et la satisfaction du client.<\/p>\n<\/li>\n<li data-sourcepos=\"33:1-34:0\">\n<p data-sourcepos=\"33:3-33:158\"><strong>Efficacit\u00e9 de production accrue\u00a0:<\/strong> Rationalisez les processus d\u2019inspection et minimisez les temps d\u2019arr\u00eat, augmentant ainsi la production globale et r\u00e9pondant aux demandes des clients.<\/p>\n<\/li>\n<li data-sourcepos=\"35:1-36:0\">\n<p data-sourcepos=\"35:3-35:115\"><strong>Co\u00fbts op\u00e9rationnels r\u00e9duits\u00a0:<\/strong> Minimisez les d\u00e9chets et les reprises, r\u00e9duisant ainsi les co\u00fbts de production et maximisant la rentabilit\u00e9.<\/p>\n<\/li>\n<\/ul>\n<p data-sourcepos=\"37:1-37:113\">Si vous cherchez \u00e0 am\u00e9liorer vos capacit\u00e9s d&#039;inspection de produits et \u00e0 r\u00e9volutionner vos processus de contr\u00f4le qualit\u00e9, notre syst\u00e8me d&#039;imagerie CCD est la solution que vous attendiez. Contactez-nous d\u00e8s aujourd\u2019hui pour d\u00e9couvrir le pouvoir transformateur de la pr\u00e9cision et de l\u2019efficacit\u00e9.<\/p>","protected":false},"excerpt":{"rendered":"<p>R\u00e9volutionnez votre ligne de production avec notre syst\u00e8me d&#039;imagerie CCD de pointe, con\u00e7u pour rationaliser les processus d&#039;inspection, garantir la qualit\u00e9 des produits et maximiser l&#039;efficacit\u00e9. Cette solution sophistiqu\u00e9e dispose d&#039;une gamme compl\u00e8te de fonctionnalit\u00e9s qui vous permettent d&#039;obtenir des r\u00e9sultats sup\u00e9rieurs.<\/p>","protected":false},"featured_media":2229,"comment_status":"open","ping_status":"closed","template":"","meta":[],"product_cat":[58],"product_tag":[],"yoast_head":"<!-- This site is optimized with the Yoast SEO plugin v22.2 - https:\/\/yoast.com\/wordpress\/plugins\/seo\/ -->\n<title>CCD Imaging System - SWOER<\/title>\n<meta name=\"description\" content=\"Enhance your product inspection and quality control with our state-of-the-art CCD Imaging System, featuring high-speed recognition, exceptional accuracy, and seamless integration for unparalleled efficiency and product integrity.\" \/>\n<meta name=\"robots\" content=\"index, follow, max-snippet:-1, max-image-preview:large, max-video-preview:-1\" \/>\n<link rel=\"canonical\" href=\"https:\/\/swoer.com\/fr\/manufacturer\/ccd-imaging-system\/\" \/>\n<meta property=\"og:locale\" content=\"fr_FR\" \/>\n<meta property=\"og:type\" content=\"article\" \/>\n<meta property=\"og:title\" content=\"CCD Imaging System - SWOER\" \/>\n<meta property=\"og:description\" content=\"Enhance your product inspection and quality control with our state-of-the-art CCD Imaging System, featuring high-speed recognition, exceptional accuracy, and seamless integration for unparalleled efficiency and product integrity.\" \/>\n<meta property=\"og:url\" content=\"https:\/\/swoer.com\/fr\/manufacturer\/ccd-imaging-system\/\" \/>\n<meta property=\"og:site_name\" content=\"SWOER\" \/>\n<meta property=\"article:modified_time\" content=\"2024-06-17T07:19:14+00:00\" \/>\n<meta property=\"og:image\" content=\"https:\/\/swoer.com\/wp-content\/uploads\/2024\/06\/CCD-Imaging-System-.jpg\" \/>\n\t<meta property=\"og:image:width\" content=\"1000\" \/>\n\t<meta property=\"og:image:height\" content=\"1000\" \/>\n\t<meta property=\"og:image:type\" content=\"image\/jpeg\" \/>\n<meta name=\"twitter:card\" content=\"summary_large_image\" \/>\n<meta name=\"twitter:label1\" content=\"Dur\u00e9e de lecture estim\u00e9e\" \/>\n\t<meta name=\"twitter:data1\" content=\"2 minutes\" \/>\n<script type=\"application\/ld+json\" class=\"yoast-schema-graph\">{\"@context\":\"https:\/\/schema.org\",\"@graph\":[{\"@type\":\"WebPage\",\"@id\":\"https:\/\/swoer.com\/manufacturer\/ccd-imaging-system\/\",\"url\":\"https:\/\/swoer.com\/manufacturer\/ccd-imaging-system\/\",\"name\":\"CCD Imaging System - SWOER\",\"isPartOf\":{\"@id\":\"https:\/\/swoer.com\/#website\"},\"primaryImageOfPage\":{\"@id\":\"https:\/\/swoer.com\/manufacturer\/ccd-imaging-system\/#primaryimage\"},\"image\":{\"@id\":\"https:\/\/swoer.com\/manufacturer\/ccd-imaging-system\/#primaryimage\"},\"thumbnailUrl\":\"https:\/\/swoer.com\/wp-content\/uploads\/2024\/06\/CCD-Imaging-System-.jpg\",\"datePublished\":\"2024-06-17T06:38:28+00:00\",\"dateModified\":\"2024-06-17T07:19:14+00:00\",\"description\":\"Enhance your product inspection and quality control with our state-of-the-art CCD Imaging System, featuring high-speed recognition, exceptional accuracy, and seamless integration for unparalleled efficiency and product integrity.\",\"breadcrumb\":{\"@id\":\"https:\/\/swoer.com\/manufacturer\/ccd-imaging-system\/#breadcrumb\"},\"inLanguage\":\"fr-FR\",\"potentialAction\":[{\"@type\":\"ReadAction\",\"target\":[\"https:\/\/swoer.com\/manufacturer\/ccd-imaging-system\/\"]}]},{\"@type\":\"ImageObject\",\"inLanguage\":\"fr-FR\",\"@id\":\"https:\/\/swoer.com\/manufacturer\/ccd-imaging-system\/#primaryimage\",\"url\":\"https:\/\/swoer.com\/wp-content\/uploads\/2024\/06\/CCD-Imaging-System-.jpg\",\"contentUrl\":\"https:\/\/swoer.com\/wp-content\/uploads\/2024\/06\/CCD-Imaging-System-.jpg\",\"width\":1000,\"height\":1000,\"caption\":\"CCD Imaging System\"},{\"@type\":\"BreadcrumbList\",\"@id\":\"https:\/\/swoer.com\/manufacturer\/ccd-imaging-system\/#breadcrumb\",\"itemListElement\":[{\"@type\":\"ListItem\",\"position\":1,\"name\":\"Home\",\"item\":\"https:\/\/swoer.com\/\"},{\"@type\":\"ListItem\",\"position\":2,\"name\":\"Shop\",\"item\":\"https:\/\/swoer.com\/shop\/\"},{\"@type\":\"ListItem\",\"position\":3,\"name\":\"CCD Imaging System\"}]},{\"@type\":\"WebSite\",\"@id\":\"https:\/\/swoer.com\/#website\",\"url\":\"https:\/\/swoer.com\/\",\"name\":\"SWOER\",\"description\":\"Swoer is the top 3 vibratory bowl feeder manufacturer in China\",\"potentialAction\":[{\"@type\":\"SearchAction\",\"target\":{\"@type\":\"EntryPoint\",\"urlTemplate\":\"https:\/\/swoer.com\/?s={search_term_string}\"},\"query-input\":\"required name=search_term_string\"}],\"inLanguage\":\"fr-FR\"}]}<\/script>\n<!-- \/ Yoast SEO plugin. -->","yoast_head_json":{"title":"CCD Imaging System - SWOER","description":"Enhance your product inspection and quality control with our state-of-the-art CCD Imaging System, featuring high-speed recognition, exceptional accuracy, and seamless integration for unparalleled efficiency and product integrity.","robots":{"index":"index","follow":"follow","max-snippet":"max-snippet:-1","max-image-preview":"max-image-preview:large","max-video-preview":"max-video-preview:-1"},"canonical":"https:\/\/swoer.com\/fr\/manufacturer\/ccd-imaging-system\/","og_locale":"fr_FR","og_type":"article","og_title":"CCD Imaging System - SWOER","og_description":"Enhance your product inspection and quality control with our state-of-the-art CCD Imaging System, featuring high-speed recognition, exceptional accuracy, and seamless integration for unparalleled efficiency and product integrity.","og_url":"https:\/\/swoer.com\/fr\/manufacturer\/ccd-imaging-system\/","og_site_name":"SWOER","article_modified_time":"2024-06-17T07:19:14+00:00","og_image":[{"width":1000,"height":1000,"url":"https:\/\/swoer.com\/wp-content\/uploads\/2024\/06\/CCD-Imaging-System-.jpg","type":"image\/jpeg"}],"twitter_card":"summary_large_image","twitter_misc":{"Dur\u00e9e de lecture estim\u00e9e":"2 minutes"},"schema":{"@context":"https:\/\/schema.org","@graph":[{"@type":"WebPage","@id":"https:\/\/swoer.com\/manufacturer\/ccd-imaging-system\/","url":"https:\/\/swoer.com\/manufacturer\/ccd-imaging-system\/","name":"CCD Imaging System - SWOER","isPartOf":{"@id":"https:\/\/swoer.com\/#website"},"primaryImageOfPage":{"@id":"https:\/\/swoer.com\/manufacturer\/ccd-imaging-system\/#primaryimage"},"image":{"@id":"https:\/\/swoer.com\/manufacturer\/ccd-imaging-system\/#primaryimage"},"thumbnailUrl":"https:\/\/swoer.com\/wp-content\/uploads\/2024\/06\/CCD-Imaging-System-.jpg","datePublished":"2024-06-17T06:38:28+00:00","dateModified":"2024-06-17T07:19:14+00:00","description":"Enhance your product inspection and quality control with our state-of-the-art CCD Imaging System, featuring high-speed recognition, exceptional accuracy, and seamless integration for unparalleled efficiency and product integrity.","breadcrumb":{"@id":"https:\/\/swoer.com\/manufacturer\/ccd-imaging-system\/#breadcrumb"},"inLanguage":"fr-FR","potentialAction":[{"@type":"ReadAction","target":["https:\/\/swoer.com\/manufacturer\/ccd-imaging-system\/"]}]},{"@type":"ImageObject","inLanguage":"fr-FR","@id":"https:\/\/swoer.com\/manufacturer\/ccd-imaging-system\/#primaryimage","url":"https:\/\/swoer.com\/wp-content\/uploads\/2024\/06\/CCD-Imaging-System-.jpg","contentUrl":"https:\/\/swoer.com\/wp-content\/uploads\/2024\/06\/CCD-Imaging-System-.jpg","width":1000,"height":1000,"caption":"CCD Imaging System"},{"@type":"BreadcrumbList","@id":"https:\/\/swoer.com\/manufacturer\/ccd-imaging-system\/#breadcrumb","itemListElement":[{"@type":"ListItem","position":1,"name":"Home","item":"https:\/\/swoer.com\/"},{"@type":"ListItem","position":2,"name":"Shop","item":"https:\/\/swoer.com\/shop\/"},{"@type":"ListItem","position":3,"name":"CCD Imaging System"}]},{"@type":"WebSite","@id":"https:\/\/swoer.com\/#website","url":"https:\/\/swoer.com\/","name":"SWOER","description":"Swoer is the top 3 vibratory bowl feeder manufacturer in China","potentialAction":[{"@type":"SearchAction","target":{"@type":"EntryPoint","urlTemplate":"https:\/\/swoer.com\/?s={search_term_string}"},"query-input":"required name=search_term_string"}],"inLanguage":"fr-FR"}]}},"_links":{"self":[{"href":"https:\/\/swoer.com\/fr\/wp-json\/wp\/v2\/product\/2228"}],"collection":[{"href":"https:\/\/swoer.com\/fr\/wp-json\/wp\/v2\/product"}],"about":[{"href":"https:\/\/swoer.com\/fr\/wp-json\/wp\/v2\/types\/product"}],"replies":[{"embeddable":true,"href":"https:\/\/swoer.com\/fr\/wp-json\/wp\/v2\/comments?post=2228"}],"wp:featuredmedia":[{"embeddable":true,"href":"https:\/\/swoer.com\/fr\/wp-json\/wp\/v2\/media\/2229"}],"wp:attachment":[{"href":"https:\/\/swoer.com\/fr\/wp-json\/wp\/v2\/media?parent=2228"}],"wp:term":[{"taxonomy":"product_cat","embeddable":true,"href":"https:\/\/swoer.com\/fr\/wp-json\/wp\/v2\/product_cat?post=2228"},{"taxonomy":"product_tag","embeddable":true,"href":"https:\/\/swoer.com\/fr\/wp-json\/wp\/v2\/product_tag?post=2228"}],"curies":[{"name":"wp","href":"https:\/\/api.w.org\/{rel}","templated":true}]}}