{"id":2225,"date":"2024-06-17T06:16:07","date_gmt":"2024-06-17T06:16:07","guid":{"rendered":"https:\/\/swoer.com\/?post_type=product&#038;p=2225"},"modified":"2024-06-17T07:18:41","modified_gmt":"2024-06-17T07:18:41","slug":"ccd-camera-system","status":"publish","type":"product","link":"https:\/\/swoer.com\/fr\/manufacturer\/ccd-camera-system\/","title":{"rendered":"Syst\u00e8me de cam\u00e9ra CCD"},"content":{"rendered":"<h2><strong><b>Produit <\/b><\/strong><strong><b>je<\/b><\/strong><strong><b>informations<\/b><\/strong><\/h2>\n<table>\n<tbody>\n<tr>\n<td width=\"224\"><strong><b>\u00a0Nom du produit<\/b><\/strong><\/td>\n<td width=\"377\">Syst\u00e8me de cam\u00e9ra CCD<\/td>\n<\/tr>\n<tr>\n<td width=\"224\"><strong><b>\u00a0M<\/b><\/strong><strong><b>mod\u00e8le<\/b><\/strong><\/td>\n<td width=\"377\">SW-80301<\/td>\n<\/tr>\n<tr>\n<td width=\"224\"><strong><b>\u00a0<\/b><\/strong><strong><b>Marque<\/b><\/strong><\/td>\n<td width=\"377\">SWOER<\/td>\n<\/tr>\n<tr>\n<td width=\"224\"><strong><b>\u00a0Tension<\/b><\/strong><\/td>\n<td width=\"377\">\u00a0220V<\/td>\n<\/tr>\n<tr>\n<td width=\"224\"><strong><b>\u00a0Pouvoir<\/b><\/strong><\/td>\n<td width=\"377\">\u00a065W \/150W \/180W \/ 220W \/ 350W<\/td>\n<\/tr>\n<tr>\n<td width=\"224\"><strong><b>\u00a0Authentification<\/b><\/strong><\/td>\n<td width=\"377\">\u00a0CE, ROHS, ISO9001<\/td>\n<\/tr>\n<tr>\n<td width=\"224\"><strong><b>\u00a0garantie<\/b><\/strong><\/td>\n<td width=\"377\">\u00a01 an de garantie<\/td>\n<\/tr>\n<tr>\n<td width=\"224\"><strong><b>\u00a0Quantit\u00e9 minimale de commande<\/b><\/strong><\/td>\n<td width=\"377\">\u00a01 jeu<\/td>\n<\/tr>\n<tr>\n<td width=\"224\"><strong><b>\u00a0D\u00e9lai de mise en \u0153uvre<\/b><\/strong><\/td>\n<td width=\"377\">\u00a010-14 jours<\/td>\n<\/tr>\n<tr>\n<td width=\"224\"><strong><b>\u00a0D\u00e9lai de paiement<\/b><\/strong><\/td>\n<td width=\"377\">\u00a0T\/T 40% D\u00e9p\u00f4t et solde avant exp\u00e9dition<\/td>\n<\/tr>\n<tr>\n<td width=\"224\"><strong><b>\u00a0Original du lieu<\/b><\/strong><\/td>\n<td width=\"377\">\u00a0Chine<\/td>\n<\/tr>\n<\/tbody>\n<\/table>\n\t<div id=\"gap-739066564\" class=\"gap-element clearfix\" style=\"display:block; height:auto;\">\n\t\t\n<style>\n#gap-739066564 {\n  padding-top: 30px;\n}\n<\/style>\n\t<\/div>\n\t\n<div class=\"row\"  id=\"row-568177179\">\n\n\t<div id=\"col-461139467\" class=\"col medium-6 small-12 large-6\"  >\n\t\t\t\t<div class=\"col-inner\"  >\n\t\t\t\n\t\t\t\n<h3><strong><b>Liste de produits<\/b><\/strong><\/h3>\n<table>\n<tbody>\n<tr>\n<td width=\"276\"><strong><b>Ordinateur industriel<\/b><\/strong><\/td>\n<td width=\"276\">1 jeu<\/td>\n<\/tr>\n<tr>\n<td width=\"276\"><strong><b>\u00c9cran de 8 pouces<\/b><\/strong><\/td>\n<td width=\"276\">1 jeu<\/td>\n<\/tr>\n<tr>\n<td width=\"276\"><strong><b>C<\/b><\/strong><strong><b>amera<\/b><\/strong><\/td>\n<td width=\"276\">1 jeu<\/td>\n<\/tr>\n<tr>\n<td width=\"276\"><strong><b>Lentille<\/b><\/strong><\/td>\n<td width=\"276\">1 jeu<\/td>\n<\/tr>\n<tr>\n<td width=\"276\"><strong><b>L<\/b><\/strong><strong><b>source de lumi\u00e8re<\/b><\/strong><\/td>\n<td width=\"276\">1 jeu<\/td>\n<\/tr>\n<tr>\n<td width=\"276\"><strong><b>Support de fixation de la source lumineuse de la cam\u00e9ra<\/b><\/strong><\/td>\n<td width=\"276\">1 jeu<\/td>\n<\/tr>\n<\/tbody>\n<\/table>\n\t\t<\/div>\n\t\t\t\t\t<\/div>\n\n\t\n\n\t<div id=\"col-1137134064\" class=\"col medium-6 small-12 large-6\"  >\n\t\t\t\t<div class=\"col-inner\"  >\n\t\t\t\n\t\t\t\n\t<div class=\"img has-hover x md-x lg-x y md-y lg-y\" id=\"image_5161523\">\n\t\t\t\t\t\t\t\t<div class=\"img-inner dark\" >\n\t\t\t<img loading=\"lazy\" decoding=\"async\" width=\"1000\" height=\"1000\" src=\"https:\/\/swoer.com\/wp-content\/uploads\/2024\/06\/ccd-camera-system-.jpg\" class=\"attachment-original size-original\" alt=\"syst\u00e8me de cam\u00e9ra CCD\" srcset=\"https:\/\/swoer.com\/wp-content\/uploads\/2024\/06\/ccd-camera-system-.jpg 1000w, https:\/\/swoer.com\/wp-content\/uploads\/2024\/06\/ccd-camera-system--300x300.jpg 300w, https:\/\/swoer.com\/wp-content\/uploads\/2024\/06\/ccd-camera-system--150x150.jpg 150w, https:\/\/swoer.com\/wp-content\/uploads\/2024\/06\/ccd-camera-system--768x768.jpg 768w, https:\/\/swoer.com\/wp-content\/uploads\/2024\/06\/ccd-camera-system--12x12.jpg 12w, https:\/\/swoer.com\/wp-content\/uploads\/2024\/06\/ccd-camera-system--600x600.jpg 600w, https:\/\/swoer.com\/wp-content\/uploads\/2024\/06\/ccd-camera-system--100x100.jpg 100w\" sizes=\"(max-width: 1000px) 100vw, 1000px\" \/>\t\t\t\t\t\t\n\t\t\t\t\t<\/div>\n\t\t\t\t\t\t\t\t\n<style>\n#image_5161523 {\n  width: 59%;\n}\n<\/style>\n\t<\/div>\n\t\n\t\t<\/div>\n\t\t\t\t\t<\/div>\n\n\t\n<\/div>\n\t<div id=\"gap-481270867\" class=\"gap-element clearfix\" style=\"display:block; height:auto;\">\n\t\t\n<style>\n#gap-481270867 {\n  padding-top: 30px;\n}\n<\/style>\n\t<\/div>\n\t\n<h3 style=\"text-align: left;\"><strong><b>Image du syst\u00e8me de vision CCD appliqu\u00e9 \u00e0 la vibration <\/b><\/strong><strong><b>Bol <\/b><\/strong><strong><b>Mangeoire <\/b><\/strong><\/h3>\n\t<div class=\"img has-hover x md-x lg-x y md-y lg-y\" id=\"image_720845582\">\n\t\t\t\t\t\t\t\t<div class=\"img-inner image-cover dark\" style=\"padding-top:56.25%;\">\n\t\t\t<img loading=\"lazy\" decoding=\"async\" width=\"356\" height=\"335\" src=\"https:\/\/swoer.com\/wp-content\/uploads\/2024\/06\/Image-of-CCD-vision-system-applied-to-vibrating-bowl-feeder-.jpg\" class=\"attachment-original size-original\" alt=\"Image du syst\u00e8me de vision CCD appliqu\u00e9 \u00e0 un alimentateur \u00e0 bol vibrant\" srcset=\"https:\/\/swoer.com\/wp-content\/uploads\/2024\/06\/Image-of-CCD-vision-system-applied-to-vibrating-bowl-feeder-.jpg 356w, https:\/\/swoer.com\/wp-content\/uploads\/2024\/06\/Image-of-CCD-vision-system-applied-to-vibrating-bowl-feeder--300x282.jpg 300w, https:\/\/swoer.com\/wp-content\/uploads\/2024\/06\/Image-of-CCD-vision-system-applied-to-vibrating-bowl-feeder--13x12.jpg 13w\" sizes=\"(max-width: 356px) 100vw, 356px\" \/>\t\t\t\t\t\t\n\t\t\t\t\t<\/div>\n\t\t\t\t\t\t\t\t\n<style>\n#image_720845582 {\n  width: 57%;\n}\n<\/style>\n\t<\/div>\n\t\n\t<div id=\"gap-545812663\" class=\"gap-element clearfix\" style=\"display:block; height:auto;\">\n\t\t\n<style>\n#gap-545812663 {\n  padding-top: 30px;\n}\n<\/style>\n\t<\/div>\n\t\n<h3 data-sourcepos=\"11:1-11:17\"><strong>Principales caract\u00e9ristiques:<\/strong><\/h3>\n<ul data-sourcepos=\"13:1-13:64\">\n<li data-sourcepos=\"13:1-13:64\">\n<p data-sourcepos=\"13:3-13:92\"><strong>M\u00e9canisme de d\u00e9clenchement interne\u00a0:<\/strong> Permet un d\u00e9clenchement pr\u00e9cis pour une capture d&#039;image synchronis\u00e9e.<\/p>\n<\/li>\n<li data-sourcepos=\"15:1-16:0\">\n<p data-sourcepos=\"15:3-15:121\"><strong>Identification multipiste\u00a0:<\/strong> Identifie et suit jusqu&#039;\u00e0 4 objets simultan\u00e9ment, maximisant ainsi le d\u00e9bit d&#039;inspection.<\/p>\n<\/li>\n<li data-sourcepos=\"17:1-18:0\">\n<p data-sourcepos=\"17:3-17:116\"><strong>Vitesse de reconnaissance ultra-rapide\u00a0:<\/strong> Traite 300 pi\u00e8ces par minute, en suivant le rythme des lignes de production exigeantes.<\/p>\n<\/li>\n<li data-sourcepos=\"19:1-20:0\">\n<p data-sourcepos=\"19:3-19:137\"><strong>Pr\u00e9cision de reconnaissance exceptionnelle\u00a0:<\/strong> Atteint un taux de reconnaissance de 99,99%, minimisant les faux positifs et garantissant l&#039;int\u00e9grit\u00e9 du produit.<\/p>\n<\/li>\n<li data-sourcepos=\"21:1-21:85\">\n<p data-sourcepos=\"21:3-21:85\"><strong>Rapport de mat\u00e9riau inverse n\u00e9gligeable\u00a0:<\/strong> Maintient un rapport de mat\u00e9riaux invers\u00e9s inf\u00e9rieur \u00e0 0,0001%, r\u00e9duisant ainsi les d\u00e9chets et optimisant l&#039;utilisation des ressources.<\/p>\n<\/li>\n<li data-sourcepos=\"23:1-24:0\">\n<p data-sourcepos=\"23:3-23:104\"><strong>Fonction d&#039;assistance \u00e0 distance\u00a0:<\/strong> Fournit une assistance \u00e0 distance en temps r\u00e9el pour le d\u00e9pannage et la maintenance.<\/p>\n<\/li>\n<li data-sourcepos=\"25:1-26:0\">\n<p data-sourcepos=\"25:3-25:118\"><strong>Changement de produit en un clic\u00a0:<\/strong> Basculez sans effort entre diff\u00e9rentes t\u00e2ches d\u2019inspection de produits en un seul clic.<\/p>\n<\/li>\n<li data-sourcepos=\"27:1-28:0\">\n<p data-sourcepos=\"27:3-27:111\"><strong>Installation pr\u00eate \u00e0 l&#039;emploi\u00a0:<\/strong> \u00c9limine le besoin de d\u00e9bogage complexe, garantissant un processus de configuration transparent.<\/p>\n<\/li>\n<\/ul>\n<p data-sourcepos=\"29:1-29:121\">Notre syst\u00e8me de cam\u00e9ra CCD est con\u00e7u pour s&#039;int\u00e9grer de mani\u00e8re transparente \u00e0 vos lignes de production existantes, vous permettant d&#039;atteindre\u00a0:<\/p>\n<ul data-sourcepos=\"31:1-36:0\">\n<li data-sourcepos=\"31:1-32:0\">\n<p data-sourcepos=\"31:3-31:124\"><strong>Qualit\u00e9 du produit am\u00e9lior\u00e9e\u00a0:<\/strong> D\u00e9tectez et \u00e9liminez les d\u00e9fauts avec une pr\u00e9cision exceptionnelle, garantissant une qualit\u00e9 de produit constante.<\/p>\n<\/li>\n<li data-sourcepos=\"33:1-34:0\">\n<p data-sourcepos=\"33:3-33:129\"><strong>Efficacit\u00e9 de production accrue\u00a0:<\/strong> Rationalisez les processus d\u2019inspection et minimisez les temps d\u2019arr\u00eat, augmentant ainsi la production globale.<\/p>\n<\/li>\n<li data-sourcepos=\"35:1-36:0\">\n<p data-sourcepos=\"35:3-35:115\"><strong>Co\u00fbts op\u00e9rationnels r\u00e9duits\u00a0:<\/strong> Minimisez les d\u00e9chets et les reprises, r\u00e9duisant ainsi les co\u00fbts de production et maximisant la rentabilit\u00e9.<\/p>\n<\/li>\n<\/ul>\n<p data-sourcepos=\"37:1-37:257\">Si vous cherchez \u00e0 am\u00e9liorer vos capacit\u00e9s d&#039;inspection de produits et \u00e0 r\u00e9volutionner vos processus de contr\u00f4le qualit\u00e9, notre syst\u00e8me de cam\u00e9ra CCD est la solution que vous attendiez. Contactez-nous d\u00e8s aujourd\u2019hui pour d\u00e9couvrir le pouvoir transformateur de la pr\u00e9cision et de l\u2019efficacit\u00e9.<\/p>\n<p data-sourcepos=\"51:1-51:155\">","protected":false},"excerpt":{"rendered":"<p>Am\u00e9liorez vos processus d\u2019inspection de produits et de contr\u00f4le qualit\u00e9 gr\u00e2ce \u00e0 notre syst\u00e8me de cam\u00e9ra CCD de pointe. Cette solution avanc\u00e9e dispose d&#039;un ensemble de fonctionnalit\u00e9s robustes qui rationalisent les op\u00e9rations et garantissent une pr\u00e9cision in\u00e9gal\u00e9e.<\/p>","protected":false},"featured_media":2226,"comment_status":"open","ping_status":"closed","template":"","meta":[],"product_cat":[58],"product_tag":[],"yoast_head":"<!-- This site is optimized with the Yoast SEO plugin v22.2 - https:\/\/yoast.com\/wordpress\/plugins\/seo\/ -->\n<title>CCD Camera System - SWOER<\/title>\n<meta name=\"description\" content=\"Revolutionize your production line with our CCD camera system, featuring high-speed recognition, exceptional accuracy, and seamless integration for enhanced quality control and efficiency.\" \/>\n<meta name=\"robots\" content=\"index, follow, max-snippet:-1, max-image-preview:large, max-video-preview:-1\" \/>\n<link rel=\"canonical\" href=\"https:\/\/swoer.com\/fr\/manufacturer\/ccd-camera-system\/\" \/>\n<meta property=\"og:locale\" content=\"fr_FR\" \/>\n<meta property=\"og:type\" content=\"article\" \/>\n<meta property=\"og:title\" content=\"CCD Camera System - SWOER\" \/>\n<meta property=\"og:description\" content=\"Revolutionize your production line with our CCD camera system, featuring high-speed recognition, exceptional accuracy, and seamless integration for enhanced quality control and efficiency.\" \/>\n<meta property=\"og:url\" content=\"https:\/\/swoer.com\/fr\/manufacturer\/ccd-camera-system\/\" \/>\n<meta property=\"og:site_name\" content=\"SWOER\" \/>\n<meta property=\"article:modified_time\" content=\"2024-06-17T07:18:41+00:00\" \/>\n<meta property=\"og:image\" content=\"https:\/\/swoer.com\/wp-content\/uploads\/2024\/06\/ccd-camera-system-.jpg\" \/>\n\t<meta property=\"og:image:width\" content=\"1000\" \/>\n\t<meta property=\"og:image:height\" content=\"1000\" \/>\n\t<meta property=\"og:image:type\" content=\"image\/jpeg\" \/>\n<meta name=\"twitter:card\" content=\"summary_large_image\" \/>\n<meta name=\"twitter:label1\" content=\"Dur\u00e9e de lecture estim\u00e9e\" \/>\n\t<meta name=\"twitter:data1\" content=\"2 minutes\" \/>\n<script type=\"application\/ld+json\" class=\"yoast-schema-graph\">{\"@context\":\"https:\/\/schema.org\",\"@graph\":[{\"@type\":\"WebPage\",\"@id\":\"https:\/\/swoer.com\/manufacturer\/ccd-camera-system\/\",\"url\":\"https:\/\/swoer.com\/manufacturer\/ccd-camera-system\/\",\"name\":\"CCD Camera System - SWOER\",\"isPartOf\":{\"@id\":\"https:\/\/swoer.com\/#website\"},\"primaryImageOfPage\":{\"@id\":\"https:\/\/swoer.com\/manufacturer\/ccd-camera-system\/#primaryimage\"},\"image\":{\"@id\":\"https:\/\/swoer.com\/manufacturer\/ccd-camera-system\/#primaryimage\"},\"thumbnailUrl\":\"https:\/\/swoer.com\/wp-content\/uploads\/2024\/06\/ccd-camera-system-.jpg\",\"datePublished\":\"2024-06-17T06:16:07+00:00\",\"dateModified\":\"2024-06-17T07:18:41+00:00\",\"description\":\"Revolutionize your production line with our CCD camera system, featuring high-speed recognition, exceptional accuracy, and seamless integration for enhanced quality control and efficiency.\",\"breadcrumb\":{\"@id\":\"https:\/\/swoer.com\/manufacturer\/ccd-camera-system\/#breadcrumb\"},\"inLanguage\":\"fr-FR\",\"potentialAction\":[{\"@type\":\"ReadAction\",\"target\":[\"https:\/\/swoer.com\/manufacturer\/ccd-camera-system\/\"]}]},{\"@type\":\"ImageObject\",\"inLanguage\":\"fr-FR\",\"@id\":\"https:\/\/swoer.com\/manufacturer\/ccd-camera-system\/#primaryimage\",\"url\":\"https:\/\/swoer.com\/wp-content\/uploads\/2024\/06\/ccd-camera-system-.jpg\",\"contentUrl\":\"https:\/\/swoer.com\/wp-content\/uploads\/2024\/06\/ccd-camera-system-.jpg\",\"width\":1000,\"height\":1000,\"caption\":\"ccd camera system\"},{\"@type\":\"BreadcrumbList\",\"@id\":\"https:\/\/swoer.com\/manufacturer\/ccd-camera-system\/#breadcrumb\",\"itemListElement\":[{\"@type\":\"ListItem\",\"position\":1,\"name\":\"Home\",\"item\":\"https:\/\/swoer.com\/\"},{\"@type\":\"ListItem\",\"position\":2,\"name\":\"Shop\",\"item\":\"https:\/\/swoer.com\/shop\/\"},{\"@type\":\"ListItem\",\"position\":3,\"name\":\"CCD Camera System\"}]},{\"@type\":\"WebSite\",\"@id\":\"https:\/\/swoer.com\/#website\",\"url\":\"https:\/\/swoer.com\/\",\"name\":\"SWOER\",\"description\":\"Swoer is the top 3 vibratory bowl feeder manufacturer in China\",\"potentialAction\":[{\"@type\":\"SearchAction\",\"target\":{\"@type\":\"EntryPoint\",\"urlTemplate\":\"https:\/\/swoer.com\/?s={search_term_string}\"},\"query-input\":\"required name=search_term_string\"}],\"inLanguage\":\"fr-FR\"}]}<\/script>\n<!-- \/ Yoast SEO plugin. -->","yoast_head_json":{"title":"CCD Camera System - SWOER","description":"Revolutionize your production line with our CCD camera system, featuring high-speed recognition, exceptional accuracy, and seamless integration for enhanced quality control and efficiency.","robots":{"index":"index","follow":"follow","max-snippet":"max-snippet:-1","max-image-preview":"max-image-preview:large","max-video-preview":"max-video-preview:-1"},"canonical":"https:\/\/swoer.com\/fr\/manufacturer\/ccd-camera-system\/","og_locale":"fr_FR","og_type":"article","og_title":"CCD Camera System - SWOER","og_description":"Revolutionize your production line with our CCD camera system, featuring high-speed recognition, exceptional accuracy, and seamless integration for enhanced quality control and efficiency.","og_url":"https:\/\/swoer.com\/fr\/manufacturer\/ccd-camera-system\/","og_site_name":"SWOER","article_modified_time":"2024-06-17T07:18:41+00:00","og_image":[{"width":1000,"height":1000,"url":"https:\/\/swoer.com\/wp-content\/uploads\/2024\/06\/ccd-camera-system-.jpg","type":"image\/jpeg"}],"twitter_card":"summary_large_image","twitter_misc":{"Dur\u00e9e de lecture estim\u00e9e":"2 minutes"},"schema":{"@context":"https:\/\/schema.org","@graph":[{"@type":"WebPage","@id":"https:\/\/swoer.com\/manufacturer\/ccd-camera-system\/","url":"https:\/\/swoer.com\/manufacturer\/ccd-camera-system\/","name":"CCD Camera System - SWOER","isPartOf":{"@id":"https:\/\/swoer.com\/#website"},"primaryImageOfPage":{"@id":"https:\/\/swoer.com\/manufacturer\/ccd-camera-system\/#primaryimage"},"image":{"@id":"https:\/\/swoer.com\/manufacturer\/ccd-camera-system\/#primaryimage"},"thumbnailUrl":"https:\/\/swoer.com\/wp-content\/uploads\/2024\/06\/ccd-camera-system-.jpg","datePublished":"2024-06-17T06:16:07+00:00","dateModified":"2024-06-17T07:18:41+00:00","description":"Revolutionize your production line with our CCD camera system, featuring high-speed recognition, exceptional accuracy, and seamless integration for enhanced quality control and efficiency.","breadcrumb":{"@id":"https:\/\/swoer.com\/manufacturer\/ccd-camera-system\/#breadcrumb"},"inLanguage":"fr-FR","potentialAction":[{"@type":"ReadAction","target":["https:\/\/swoer.com\/manufacturer\/ccd-camera-system\/"]}]},{"@type":"ImageObject","inLanguage":"fr-FR","@id":"https:\/\/swoer.com\/manufacturer\/ccd-camera-system\/#primaryimage","url":"https:\/\/swoer.com\/wp-content\/uploads\/2024\/06\/ccd-camera-system-.jpg","contentUrl":"https:\/\/swoer.com\/wp-content\/uploads\/2024\/06\/ccd-camera-system-.jpg","width":1000,"height":1000,"caption":"ccd camera system"},{"@type":"BreadcrumbList","@id":"https:\/\/swoer.com\/manufacturer\/ccd-camera-system\/#breadcrumb","itemListElement":[{"@type":"ListItem","position":1,"name":"Home","item":"https:\/\/swoer.com\/"},{"@type":"ListItem","position":2,"name":"Shop","item":"https:\/\/swoer.com\/shop\/"},{"@type":"ListItem","position":3,"name":"CCD Camera System"}]},{"@type":"WebSite","@id":"https:\/\/swoer.com\/#website","url":"https:\/\/swoer.com\/","name":"SWOER","description":"Swoer is the top 3 vibratory bowl feeder manufacturer in China","potentialAction":[{"@type":"SearchAction","target":{"@type":"EntryPoint","urlTemplate":"https:\/\/swoer.com\/?s={search_term_string}"},"query-input":"required name=search_term_string"}],"inLanguage":"fr-FR"}]}},"_links":{"self":[{"href":"https:\/\/swoer.com\/fr\/wp-json\/wp\/v2\/product\/2225"}],"collection":[{"href":"https:\/\/swoer.com\/fr\/wp-json\/wp\/v2\/product"}],"about":[{"href":"https:\/\/swoer.com\/fr\/wp-json\/wp\/v2\/types\/product"}],"replies":[{"embeddable":true,"href":"https:\/\/swoer.com\/fr\/wp-json\/wp\/v2\/comments?post=2225"}],"wp:featuredmedia":[{"embeddable":true,"href":"https:\/\/swoer.com\/fr\/wp-json\/wp\/v2\/media\/2226"}],"wp:attachment":[{"href":"https:\/\/swoer.com\/fr\/wp-json\/wp\/v2\/media?parent=2225"}],"wp:term":[{"taxonomy":"product_cat","embeddable":true,"href":"https:\/\/swoer.com\/fr\/wp-json\/wp\/v2\/product_cat?post=2225"},{"taxonomy":"product_tag","embeddable":true,"href":"https:\/\/swoer.com\/fr\/wp-json\/wp\/v2\/product_tag?post=2225"}],"curies":[{"name":"wp","href":"https:\/\/api.w.org\/{rel}","templated":true}]}}