{"id":2154,"date":"2024-06-04T02:19:44","date_gmt":"2024-06-04T02:19:44","guid":{"rendered":"https:\/\/swoer.com\/?post_type=product&#038;p=2154"},"modified":"2024-06-07T00:48:57","modified_gmt":"2024-06-07T00:48:57","slug":"fluxring-vibratory-bowl-feeder-bowl-feeder-machine-for-fluxring","status":"publish","type":"product","link":"https:\/\/swoer.com\/fr\/manufacturer\/fluxring-vibratory-bowl-feeder-bowl-feeder-machine-for-fluxring\/","title":{"rendered":"Bol vibrant Fluxring | Machine d&#039;alimentation en bol pour Fluxring"},"content":{"rendered":"<p>D\u00e9couvrez l&#039;innovant bol vibrant Fluxring, con\u00e7u et fabriqu\u00e9 par SWOER. Dot\u00e9 d&#039;une structure de support robuste et d&#039;un bo\u00eetier insonoris\u00e9 avanc\u00e9, ce syst\u00e8me d&#039;alimentation de pointe garantit un fonctionnement efficace et silencieux. Faites confiance \u00e0 l&#039;expertise de SWOER dans la cr\u00e9ation d&#039;alimentateurs vibrants polyvalents pour la manutention de pr\u00e9cision des mat\u00e9riaux dans les applications industrielles.<\/p>\n<h2>sp\u00e9cification<\/h2>\n<table width=\"874\">\n<tbody>\n<tr>\n<td width=\"183\">Nom du produit<\/td>\n<td width=\"691\">Bol vibrant Fluxring avec structure de support et bo\u00eetier insonoris\u00e9.<\/td>\n<\/tr>\n<tr>\n<td>Mat\u00e9riel<\/td>\n<td>\u00a0SUS201\/304<\/td>\n<\/tr>\n<tr>\n<td>Sp\u00e9cialit\u00e9 mat\u00e9rielle<\/td>\n<td>Alliage de forgeage \u00e0 froid, haute r\u00e9sistance, haute duret\u00e9<\/td>\n<\/tr>\n<tr>\n<td>Tension<\/td>\n<td>220V<\/td>\n<\/tr>\n<tr>\n<td>Pouvoir<\/td>\n<td>65W \/150W \/180W \/ 220W \/ 350W<\/td>\n<\/tr>\n<tr>\n<td>Authentification<\/td>\n<td>CE, ROHS, ISO9001<\/td>\n<\/tr>\n<tr>\n<td>garantie<\/td>\n<td>1 an de garantie<\/td>\n<\/tr>\n<tr>\n<td>Quantit\u00e9 minimale de commande<\/td>\n<td>1 jeu<\/td>\n<\/tr>\n<tr>\n<td>D\u00e9lai de mise en \u0153uvre<\/td>\n<td>10-14 jours<\/td>\n<\/tr>\n<tr>\n<td>Conditions de paiement<\/td>\n<td>T\/T 40% D\u00e9p\u00f4t et solde avant exp\u00e9dition<\/td>\n<\/tr>\n<tr>\n<td>Original du lieu<\/td>\n<td>Chine<\/td>\n<\/tr>\n<\/tbody>\n<\/table>","protected":false},"excerpt":{"rendered":"<p>Les alimentateurs \u00e0 bol vibrant Fluxring sont des alimentateurs tr\u00e8s efficaces et fiables permettant de transporter uniform\u00e9ment des mat\u00e9riaux en vrac vers les lignes de production. Ils pr\u00e9sentent les avantages suivants :<\/p>\n<ul>\n<li>Fr\u00e9quence et amplitude de vibration r\u00e9glables pour r\u00e9pondre aux exigences d&#039;alimentation de diff\u00e9rents mat\u00e9riaux.<\/li>\n<li>Bol en acier inoxydable pour une r\u00e9sistance \u00e0 la corrosion et un nettoyage facile.<\/li>\n<li>Vitesse d&#039;alimentation stable et contr\u00f4lable pour assurer le bon fonctionnement de la ligne de production.<\/li>\n<li>Structure de support en option et bo\u00eetier insonoris\u00e9 pour r\u00e9pondre aux diff\u00e9rentes exigences de l&#039;environnement d&#039;application.<\/li>\n<\/ul>","protected":false},"featured_media":2155,"comment_status":"open","ping_status":"closed","template":"","meta":[],"product_cat":[37],"product_tag":[],"yoast_head":"<!-- This site is optimized with the Yoast SEO plugin v22.2 - https:\/\/yoast.com\/wordpress\/plugins\/seo\/ -->\n<title>Fluxring Vibratory Bowl Feeder | Bowl Feeder Machine for Fluxring - SWOER<\/title>\n<meta name=\"description\" content=\"Fluxring Vibratory Bowl Feeders with Support Structures and Soundproof Enclosures are widely used in electronics, food, chemical, pharmaceutical, and other industries, and are an important part of production line automation.\" \/>\n<meta name=\"robots\" content=\"index, follow, max-snippet:-1, max-image-preview:large, max-video-preview:-1\" \/>\n<link rel=\"canonical\" href=\"https:\/\/swoer.com\/fr\/manufacturer\/fluxring-vibratory-bowl-feeder-bowl-feeder-machine-for-fluxring\/\" \/>\n<meta property=\"og:locale\" content=\"fr_FR\" \/>\n<meta property=\"og:type\" content=\"article\" \/>\n<meta property=\"og:title\" content=\"Fluxring Vibratory Bowl Feeder | Bowl Feeder Machine for Fluxring - SWOER\" \/>\n<meta property=\"og:description\" content=\"Fluxring Vibratory Bowl Feeders with Support Structures and Soundproof Enclosures are widely used in electronics, food, chemical, pharmaceutical, and other industries, and are an important part of production line automation.\" \/>\n<meta property=\"og:url\" content=\"https:\/\/swoer.com\/fr\/manufacturer\/fluxring-vibratory-bowl-feeder-bowl-feeder-machine-for-fluxring\/\" \/>\n<meta property=\"og:site_name\" content=\"SWOER\" \/>\n<meta property=\"article:modified_time\" content=\"2024-06-07T00:48:57+00:00\" \/>\n<meta property=\"og:image\" content=\"https:\/\/swoer.com\/wp-content\/uploads\/2024\/06\/3D-design-drawing-for-fluxring-bowl-feeder.webp\" \/>\n\t<meta property=\"og:image:width\" content=\"1000\" \/>\n\t<meta property=\"og:image:height\" content=\"1000\" \/>\n\t<meta property=\"og:image:type\" content=\"image\/webp\" \/>\n<meta name=\"twitter:card\" content=\"summary_large_image\" \/>\n<meta name=\"twitter:label1\" content=\"Dur\u00e9e de lecture estim\u00e9e\" \/>\n\t<meta name=\"twitter:data1\" content=\"1 minute\" \/>\n<script type=\"application\/ld+json\" class=\"yoast-schema-graph\">{\"@context\":\"https:\/\/schema.org\",\"@graph\":[{\"@type\":\"WebPage\",\"@id\":\"https:\/\/swoer.com\/manufacturer\/fluxring-vibratory-bowl-feeder-bowl-feeder-machine-for-fluxring\/\",\"url\":\"https:\/\/swoer.com\/manufacturer\/fluxring-vibratory-bowl-feeder-bowl-feeder-machine-for-fluxring\/\",\"name\":\"Fluxring Vibratory Bowl Feeder | Bowl Feeder Machine for Fluxring - SWOER\",\"isPartOf\":{\"@id\":\"https:\/\/swoer.com\/#website\"},\"primaryImageOfPage\":{\"@id\":\"https:\/\/swoer.com\/manufacturer\/fluxring-vibratory-bowl-feeder-bowl-feeder-machine-for-fluxring\/#primaryimage\"},\"image\":{\"@id\":\"https:\/\/swoer.com\/manufacturer\/fluxring-vibratory-bowl-feeder-bowl-feeder-machine-for-fluxring\/#primaryimage\"},\"thumbnailUrl\":\"https:\/\/swoer.com\/wp-content\/uploads\/2024\/06\/3D-design-drawing-for-fluxring-bowl-feeder.webp\",\"datePublished\":\"2024-06-04T02:19:44+00:00\",\"dateModified\":\"2024-06-07T00:48:57+00:00\",\"description\":\"Fluxring Vibratory Bowl Feeders with Support Structures and Soundproof Enclosures are widely used in electronics, food, chemical, pharmaceutical, and other industries, and are an important part of production line automation.\",\"breadcrumb\":{\"@id\":\"https:\/\/swoer.com\/manufacturer\/fluxring-vibratory-bowl-feeder-bowl-feeder-machine-for-fluxring\/#breadcrumb\"},\"inLanguage\":\"fr-FR\",\"potentialAction\":[{\"@type\":\"ReadAction\",\"target\":[\"https:\/\/swoer.com\/manufacturer\/fluxring-vibratory-bowl-feeder-bowl-feeder-machine-for-fluxring\/\"]}]},{\"@type\":\"ImageObject\",\"inLanguage\":\"fr-FR\",\"@id\":\"https:\/\/swoer.com\/manufacturer\/fluxring-vibratory-bowl-feeder-bowl-feeder-machine-for-fluxring\/#primaryimage\",\"url\":\"https:\/\/swoer.com\/wp-content\/uploads\/2024\/06\/3D-design-drawing-for-fluxring-bowl-feeder.webp\",\"contentUrl\":\"https:\/\/swoer.com\/wp-content\/uploads\/2024\/06\/3D-design-drawing-for-fluxring-bowl-feeder.webp\",\"width\":1000,\"height\":1000,\"caption\":\"3D design drawing for fluxring bowl feeder\"},{\"@type\":\"BreadcrumbList\",\"@id\":\"https:\/\/swoer.com\/manufacturer\/fluxring-vibratory-bowl-feeder-bowl-feeder-machine-for-fluxring\/#breadcrumb\",\"itemListElement\":[{\"@type\":\"ListItem\",\"position\":1,\"name\":\"Home\",\"item\":\"https:\/\/swoer.com\/\"},{\"@type\":\"ListItem\",\"position\":2,\"name\":\"Shop\",\"item\":\"https:\/\/swoer.com\/shop\/\"},{\"@type\":\"ListItem\",\"position\":3,\"name\":\"Fluxring Vibratory Bowl Feeder | Bowl Feeder Machine for Fluxring\"}]},{\"@type\":\"WebSite\",\"@id\":\"https:\/\/swoer.com\/#website\",\"url\":\"https:\/\/swoer.com\/\",\"name\":\"SWOER\",\"description\":\"Swoer is the top 3 vibratory bowl feeder manufacturer in China\",\"potentialAction\":[{\"@type\":\"SearchAction\",\"target\":{\"@type\":\"EntryPoint\",\"urlTemplate\":\"https:\/\/swoer.com\/?s={search_term_string}\"},\"query-input\":\"required name=search_term_string\"}],\"inLanguage\":\"fr-FR\"}]}<\/script>\n<!-- \/ Yoast SEO plugin. -->","yoast_head_json":{"title":"Fluxring Vibratory Bowl Feeder | Bowl Feeder Machine for Fluxring - SWOER","description":"Fluxring Vibratory Bowl Feeders with Support Structures and Soundproof Enclosures are widely used in electronics, food, chemical, pharmaceutical, and other industries, and are an important part of production line automation.","robots":{"index":"index","follow":"follow","max-snippet":"max-snippet:-1","max-image-preview":"max-image-preview:large","max-video-preview":"max-video-preview:-1"},"canonical":"https:\/\/swoer.com\/fr\/manufacturer\/fluxring-vibratory-bowl-feeder-bowl-feeder-machine-for-fluxring\/","og_locale":"fr_FR","og_type":"article","og_title":"Fluxring Vibratory Bowl Feeder | Bowl Feeder Machine for Fluxring - SWOER","og_description":"Fluxring Vibratory Bowl Feeders with Support Structures and Soundproof Enclosures are widely used in electronics, food, chemical, pharmaceutical, and other industries, and are an important part of production line automation.","og_url":"https:\/\/swoer.com\/fr\/manufacturer\/fluxring-vibratory-bowl-feeder-bowl-feeder-machine-for-fluxring\/","og_site_name":"SWOER","article_modified_time":"2024-06-07T00:48:57+00:00","og_image":[{"width":1000,"height":1000,"url":"https:\/\/swoer.com\/wp-content\/uploads\/2024\/06\/3D-design-drawing-for-fluxring-bowl-feeder.webp","type":"image\/webp"}],"twitter_card":"summary_large_image","twitter_misc":{"Dur\u00e9e de lecture estim\u00e9e":"1 minute"},"schema":{"@context":"https:\/\/schema.org","@graph":[{"@type":"WebPage","@id":"https:\/\/swoer.com\/manufacturer\/fluxring-vibratory-bowl-feeder-bowl-feeder-machine-for-fluxring\/","url":"https:\/\/swoer.com\/manufacturer\/fluxring-vibratory-bowl-feeder-bowl-feeder-machine-for-fluxring\/","name":"Fluxring Vibratory Bowl Feeder | Bowl Feeder Machine for Fluxring - SWOER","isPartOf":{"@id":"https:\/\/swoer.com\/#website"},"primaryImageOfPage":{"@id":"https:\/\/swoer.com\/manufacturer\/fluxring-vibratory-bowl-feeder-bowl-feeder-machine-for-fluxring\/#primaryimage"},"image":{"@id":"https:\/\/swoer.com\/manufacturer\/fluxring-vibratory-bowl-feeder-bowl-feeder-machine-for-fluxring\/#primaryimage"},"thumbnailUrl":"https:\/\/swoer.com\/wp-content\/uploads\/2024\/06\/3D-design-drawing-for-fluxring-bowl-feeder.webp","datePublished":"2024-06-04T02:19:44+00:00","dateModified":"2024-06-07T00:48:57+00:00","description":"Fluxring Vibratory Bowl Feeders with Support Structures and Soundproof Enclosures are widely used in electronics, food, chemical, pharmaceutical, and other industries, and are an important part of production line automation.","breadcrumb":{"@id":"https:\/\/swoer.com\/manufacturer\/fluxring-vibratory-bowl-feeder-bowl-feeder-machine-for-fluxring\/#breadcrumb"},"inLanguage":"fr-FR","potentialAction":[{"@type":"ReadAction","target":["https:\/\/swoer.com\/manufacturer\/fluxring-vibratory-bowl-feeder-bowl-feeder-machine-for-fluxring\/"]}]},{"@type":"ImageObject","inLanguage":"fr-FR","@id":"https:\/\/swoer.com\/manufacturer\/fluxring-vibratory-bowl-feeder-bowl-feeder-machine-for-fluxring\/#primaryimage","url":"https:\/\/swoer.com\/wp-content\/uploads\/2024\/06\/3D-design-drawing-for-fluxring-bowl-feeder.webp","contentUrl":"https:\/\/swoer.com\/wp-content\/uploads\/2024\/06\/3D-design-drawing-for-fluxring-bowl-feeder.webp","width":1000,"height":1000,"caption":"3D design drawing for fluxring bowl feeder"},{"@type":"BreadcrumbList","@id":"https:\/\/swoer.com\/manufacturer\/fluxring-vibratory-bowl-feeder-bowl-feeder-machine-for-fluxring\/#breadcrumb","itemListElement":[{"@type":"ListItem","position":1,"name":"Home","item":"https:\/\/swoer.com\/"},{"@type":"ListItem","position":2,"name":"Shop","item":"https:\/\/swoer.com\/shop\/"},{"@type":"ListItem","position":3,"name":"Fluxring Vibratory Bowl Feeder | Bowl Feeder Machine for Fluxring"}]},{"@type":"WebSite","@id":"https:\/\/swoer.com\/#website","url":"https:\/\/swoer.com\/","name":"SWOER","description":"Swoer is the top 3 vibratory bowl feeder manufacturer in China","potentialAction":[{"@type":"SearchAction","target":{"@type":"EntryPoint","urlTemplate":"https:\/\/swoer.com\/?s={search_term_string}"},"query-input":"required name=search_term_string"}],"inLanguage":"fr-FR"}]}},"_links":{"self":[{"href":"https:\/\/swoer.com\/fr\/wp-json\/wp\/v2\/product\/2154"}],"collection":[{"href":"https:\/\/swoer.com\/fr\/wp-json\/wp\/v2\/product"}],"about":[{"href":"https:\/\/swoer.com\/fr\/wp-json\/wp\/v2\/types\/product"}],"replies":[{"embeddable":true,"href":"https:\/\/swoer.com\/fr\/wp-json\/wp\/v2\/comments?post=2154"}],"wp:featuredmedia":[{"embeddable":true,"href":"https:\/\/swoer.com\/fr\/wp-json\/wp\/v2\/media\/2155"}],"wp:attachment":[{"href":"https:\/\/swoer.com\/fr\/wp-json\/wp\/v2\/media?parent=2154"}],"wp:term":[{"taxonomy":"product_cat","embeddable":true,"href":"https:\/\/swoer.com\/fr\/wp-json\/wp\/v2\/product_cat?post=2154"},{"taxonomy":"product_tag","embeddable":true,"href":"https:\/\/swoer.com\/fr\/wp-json\/wp\/v2\/product_tag?post=2154"}],"curies":[{"name":"wp","href":"https:\/\/api.w.org\/{rel}","templated":true}]}}