{"id":2063,"date":"2024-05-11T07:32:07","date_gmt":"2024-05-11T07:32:07","guid":{"rendered":"https:\/\/swoer.com\/?post_type=product&#038;p=2063"},"modified":"2024-06-25T01:24:50","modified_gmt":"2024-06-25T01:24:50","slug":"vibratory-linear-feeder-zc-series","status":"publish","type":"product","link":"https:\/\/swoer.com\/fr\/manufacturer\/vibratory-linear-feeder-zc-series\/","title":{"rendered":"Alimentateur lin\u00e9aire vibrant s\u00e9rie ZC"},"content":{"rendered":"<h2><strong>Caract\u00e9ristiques:<\/strong><\/h2>\n<p>La longueur de la piste de transport du produit est augment\u00e9e et l&#039;angle d&#039;entra\u00eenement est ajust\u00e9 rapidement et de mani\u00e8re stable en ajustant l&#039;angle d&#039;amplitude, ce qui convient au transport ultra-long de pi\u00e8ces de petite et moyenne taille. Les consid\u00e9rations suivantes sont particuli\u00e8res\u00a0:<\/p>\n<p><strong>1.<\/strong> Vous ne devez en aucun cas brancher des fils ou tenter de toucher les contacts de la prise pour \u00e9viter les chocs \u00e9lectriques et les accidents.<\/p>\n<p><strong>2.<\/strong> Ne connectez jamais le contr\u00f4leur \u00e0 380 V AC, sinon cela causerait des dommages irr\u00e9parables au contr\u00f4leur\u00a0!<\/p>\n<p><strong>3.<\/strong> Attention! En aucun cas, un alimentateur lin\u00e9aire ne doit \u00eatre utilis\u00e9 au-del\u00e0 des limites de sa conception.<\/p>\n<p><strong>4.<\/strong> Ne percez pas de trous et ne tapez pas de fils sur le chargeur lin\u00e9aire pour \u00e9viter d&#039;endommager l&#039;\u00e9lectro-aimant.<\/p>\n<p><strong>5.<\/strong> Veuillez suivre strictement le manuel d&#039;instructions. La Soci\u00e9t\u00e9 d\u00e9cline toute responsabilit\u00e9 civile et p\u00e9nale pour toute perte ou pr\u00e9judice corporel r\u00e9sultant du non-respect de ces instructions.<\/p>\n\t<div id=\"gap-1875239991\" class=\"gap-element clearfix\" style=\"display:block; height:auto;\">\n\t\t\n<style>\n#gap-1875239991 {\n  padding-top: 30px;\n}\n<\/style>\n\t<\/div>\n\t\n<h3><strong>SW-600ZC<\/strong><\/h3>\n\t<div class=\"img has-hover x md-x lg-x y md-y lg-y\" id=\"image_462079515\">\n\t\t\t\t\t\t\t\t<div class=\"img-inner dark\" >\n\t\t\t<img loading=\"lazy\" decoding=\"async\" width=\"1216\" height=\"634\" src=\"https:\/\/swoer.com\/wp-content\/uploads\/2024\/05\/SW-600ZC.webp\" class=\"attachment-original size-original\" alt=\"SW-600ZC\" srcset=\"https:\/\/swoer.com\/wp-content\/uploads\/2024\/05\/SW-600ZC.webp 1216w, https:\/\/swoer.com\/wp-content\/uploads\/2024\/05\/SW-600ZC-300x156.webp 300w, https:\/\/swoer.com\/wp-content\/uploads\/2024\/05\/SW-600ZC-1024x534.webp 1024w, https:\/\/swoer.com\/wp-content\/uploads\/2024\/05\/SW-600ZC-768x400.webp 768w, https:\/\/swoer.com\/wp-content\/uploads\/2024\/05\/SW-600ZC-18x9.webp 18w, https:\/\/swoer.com\/wp-content\/uploads\/2024\/05\/SW-600ZC-600x313.webp 600w\" sizes=\"(max-width: 1216px) 100vw, 1216px\" \/>\t\t\t\t\t\t\n\t\t\t\t\t<\/div>\n\t\t\t\t\t\t\t\t\n<style>\n#image_462079515 {\n  width: 100%;\n}\n<\/style>\n\t<\/div>\n\t\n<h3><strong>SW-800ZC<\/strong><\/h3>\n\t<div class=\"img has-hover x md-x lg-x y md-y lg-y\" id=\"image_1750816168\">\n\t\t\t\t\t\t\t\t<div class=\"img-inner dark\" >\n\t\t\t<img loading=\"lazy\" decoding=\"async\" width=\"1217\" height=\"654\" src=\"https:\/\/swoer.com\/wp-content\/uploads\/2024\/05\/SW-800ZC.webp\" class=\"attachment-original size-original\" alt=\"SW-800ZC\" srcset=\"https:\/\/swoer.com\/wp-content\/uploads\/2024\/05\/SW-800ZC.webp 1217w, https:\/\/swoer.com\/wp-content\/uploads\/2024\/05\/SW-800ZC-300x161.webp 300w, https:\/\/swoer.com\/wp-content\/uploads\/2024\/05\/SW-800ZC-1024x550.webp 1024w, https:\/\/swoer.com\/wp-content\/uploads\/2024\/05\/SW-800ZC-768x413.webp 768w, https:\/\/swoer.com\/wp-content\/uploads\/2024\/05\/SW-800ZC-18x10.webp 18w, https:\/\/swoer.com\/wp-content\/uploads\/2024\/05\/SW-800ZC-600x322.webp 600w\" sizes=\"(max-width: 1217px) 100vw, 1217px\" \/>\t\t\t\t\t\t\n\t\t\t\t\t<\/div>\n\t\t\t\t\t\t\t\t\n<style>\n#image_1750816168 {\n  width: 100%;\n}\n<\/style>\n\t<\/div>","protected":false},"excerpt":{"rendered":"<p>L&#039;alimentateur lin\u00e9aire vibrant s\u00e9rie ZC est disponible en 2 mod\u00e8les\u00a0:<\/p>\n<p>SW-600ZC<\/p>\n<p>SW-600ZC<\/p>","protected":false},"featured_media":2064,"comment_status":"open","ping_status":"closed","template":"","meta":[],"product_cat":[55],"product_tag":[],"yoast_head":"<!-- This site is optimized with the Yoast SEO plugin v22.2 - https:\/\/yoast.com\/wordpress\/plugins\/seo\/ -->\n<title>Vibratory Linear Feeder ZC Series - SWOER<\/title>\n<meta name=\"description\" content=\"The advanced Vibratory Linear Feeder ZC Series offers precise material handling and consistent performance. Ideal for automation and manufacturing processes, it enhances your production efficiency today!\" \/>\n<meta name=\"robots\" content=\"index, follow, max-snippet:-1, max-image-preview:large, max-video-preview:-1\" \/>\n<link rel=\"canonical\" href=\"https:\/\/swoer.com\/fr\/manufacturer\/vibratory-linear-feeder-zc-series\/\" \/>\n<meta property=\"og:locale\" content=\"fr_FR\" \/>\n<meta property=\"og:type\" content=\"article\" \/>\n<meta property=\"og:title\" content=\"Vibratory Linear Feeder ZC Series - SWOER\" \/>\n<meta property=\"og:description\" content=\"The advanced Vibratory Linear Feeder ZC Series offers precise material handling and consistent performance. Ideal for automation and manufacturing processes, it enhances your production efficiency today!\" \/>\n<meta property=\"og:url\" content=\"https:\/\/swoer.com\/fr\/manufacturer\/vibratory-linear-feeder-zc-series\/\" \/>\n<meta property=\"og:site_name\" content=\"SWOER\" \/>\n<meta property=\"article:modified_time\" content=\"2024-06-25T01:24:50+00:00\" \/>\n<meta property=\"og:image\" content=\"https:\/\/swoer.com\/wp-content\/uploads\/2024\/05\/Vibratory-Linear-Feeder-ZC-Series.webp\" \/>\n\t<meta property=\"og:image:width\" content=\"1000\" \/>\n\t<meta property=\"og:image:height\" content=\"1000\" \/>\n\t<meta property=\"og:image:type\" content=\"image\/webp\" \/>\n<meta name=\"twitter:card\" content=\"summary_large_image\" \/>\n<meta name=\"twitter:label1\" content=\"Dur\u00e9e de lecture estim\u00e9e\" \/>\n\t<meta name=\"twitter:data1\" content=\"1 minute\" \/>\n<script type=\"application\/ld+json\" class=\"yoast-schema-graph\">{\"@context\":\"https:\/\/schema.org\",\"@graph\":[{\"@type\":\"WebPage\",\"@id\":\"https:\/\/swoer.com\/manufacturer\/vibratory-linear-feeder-zc-series\/\",\"url\":\"https:\/\/swoer.com\/manufacturer\/vibratory-linear-feeder-zc-series\/\",\"name\":\"Vibratory Linear Feeder ZC Series - SWOER\",\"isPartOf\":{\"@id\":\"https:\/\/swoer.com\/#website\"},\"primaryImageOfPage\":{\"@id\":\"https:\/\/swoer.com\/manufacturer\/vibratory-linear-feeder-zc-series\/#primaryimage\"},\"image\":{\"@id\":\"https:\/\/swoer.com\/manufacturer\/vibratory-linear-feeder-zc-series\/#primaryimage\"},\"thumbnailUrl\":\"https:\/\/swoer.com\/wp-content\/uploads\/2024\/05\/Vibratory-Linear-Feeder-ZC-Series.webp\",\"datePublished\":\"2024-05-11T07:32:07+00:00\",\"dateModified\":\"2024-06-25T01:24:50+00:00\",\"description\":\"The advanced Vibratory Linear Feeder ZC Series offers precise material handling and consistent performance. Ideal for automation and manufacturing processes, it enhances your production efficiency today!\",\"breadcrumb\":{\"@id\":\"https:\/\/swoer.com\/manufacturer\/vibratory-linear-feeder-zc-series\/#breadcrumb\"},\"inLanguage\":\"fr-FR\",\"potentialAction\":[{\"@type\":\"ReadAction\",\"target\":[\"https:\/\/swoer.com\/manufacturer\/vibratory-linear-feeder-zc-series\/\"]}]},{\"@type\":\"ImageObject\",\"inLanguage\":\"fr-FR\",\"@id\":\"https:\/\/swoer.com\/manufacturer\/vibratory-linear-feeder-zc-series\/#primaryimage\",\"url\":\"https:\/\/swoer.com\/wp-content\/uploads\/2024\/05\/Vibratory-Linear-Feeder-ZC-Series.webp\",\"contentUrl\":\"https:\/\/swoer.com\/wp-content\/uploads\/2024\/05\/Vibratory-Linear-Feeder-ZC-Series.webp\",\"width\":1000,\"height\":1000,\"caption\":\"Vibratory Linear Feeder ZC Series\"},{\"@type\":\"BreadcrumbList\",\"@id\":\"https:\/\/swoer.com\/manufacturer\/vibratory-linear-feeder-zc-series\/#breadcrumb\",\"itemListElement\":[{\"@type\":\"ListItem\",\"position\":1,\"name\":\"Home\",\"item\":\"https:\/\/swoer.com\/\"},{\"@type\":\"ListItem\",\"position\":2,\"name\":\"Shop\",\"item\":\"https:\/\/swoer.com\/shop\/\"},{\"@type\":\"ListItem\",\"position\":3,\"name\":\"Vibratory Linear Feeder ZC Series\"}]},{\"@type\":\"WebSite\",\"@id\":\"https:\/\/swoer.com\/#website\",\"url\":\"https:\/\/swoer.com\/\",\"name\":\"SWOER\",\"description\":\"Swoer is the top 3 vibratory bowl feeder manufacturer in China\",\"potentialAction\":[{\"@type\":\"SearchAction\",\"target\":{\"@type\":\"EntryPoint\",\"urlTemplate\":\"https:\/\/swoer.com\/?s={search_term_string}\"},\"query-input\":\"required name=search_term_string\"}],\"inLanguage\":\"fr-FR\"}]}<\/script>\n<!-- \/ Yoast SEO plugin. -->","yoast_head_json":{"title":"Vibratory Linear Feeder ZC Series - SWOER","description":"The advanced Vibratory Linear Feeder ZC Series offers precise material handling and consistent performance. Ideal for automation and manufacturing processes, it enhances your production efficiency today!","robots":{"index":"index","follow":"follow","max-snippet":"max-snippet:-1","max-image-preview":"max-image-preview:large","max-video-preview":"max-video-preview:-1"},"canonical":"https:\/\/swoer.com\/fr\/manufacturer\/vibratory-linear-feeder-zc-series\/","og_locale":"fr_FR","og_type":"article","og_title":"Vibratory Linear Feeder ZC Series - SWOER","og_description":"The advanced Vibratory Linear Feeder ZC Series offers precise material handling and consistent performance. Ideal for automation and manufacturing processes, it enhances your production efficiency today!","og_url":"https:\/\/swoer.com\/fr\/manufacturer\/vibratory-linear-feeder-zc-series\/","og_site_name":"SWOER","article_modified_time":"2024-06-25T01:24:50+00:00","og_image":[{"width":1000,"height":1000,"url":"https:\/\/swoer.com\/wp-content\/uploads\/2024\/05\/Vibratory-Linear-Feeder-ZC-Series.webp","type":"image\/webp"}],"twitter_card":"summary_large_image","twitter_misc":{"Dur\u00e9e de lecture estim\u00e9e":"1 minute"},"schema":{"@context":"https:\/\/schema.org","@graph":[{"@type":"WebPage","@id":"https:\/\/swoer.com\/manufacturer\/vibratory-linear-feeder-zc-series\/","url":"https:\/\/swoer.com\/manufacturer\/vibratory-linear-feeder-zc-series\/","name":"Vibratory Linear Feeder ZC Series - SWOER","isPartOf":{"@id":"https:\/\/swoer.com\/#website"},"primaryImageOfPage":{"@id":"https:\/\/swoer.com\/manufacturer\/vibratory-linear-feeder-zc-series\/#primaryimage"},"image":{"@id":"https:\/\/swoer.com\/manufacturer\/vibratory-linear-feeder-zc-series\/#primaryimage"},"thumbnailUrl":"https:\/\/swoer.com\/wp-content\/uploads\/2024\/05\/Vibratory-Linear-Feeder-ZC-Series.webp","datePublished":"2024-05-11T07:32:07+00:00","dateModified":"2024-06-25T01:24:50+00:00","description":"The advanced Vibratory Linear Feeder ZC Series offers precise material handling and consistent performance. Ideal for automation and manufacturing processes, it enhances your production efficiency today!","breadcrumb":{"@id":"https:\/\/swoer.com\/manufacturer\/vibratory-linear-feeder-zc-series\/#breadcrumb"},"inLanguage":"fr-FR","potentialAction":[{"@type":"ReadAction","target":["https:\/\/swoer.com\/manufacturer\/vibratory-linear-feeder-zc-series\/"]}]},{"@type":"ImageObject","inLanguage":"fr-FR","@id":"https:\/\/swoer.com\/manufacturer\/vibratory-linear-feeder-zc-series\/#primaryimage","url":"https:\/\/swoer.com\/wp-content\/uploads\/2024\/05\/Vibratory-Linear-Feeder-ZC-Series.webp","contentUrl":"https:\/\/swoer.com\/wp-content\/uploads\/2024\/05\/Vibratory-Linear-Feeder-ZC-Series.webp","width":1000,"height":1000,"caption":"Vibratory Linear Feeder ZC Series"},{"@type":"BreadcrumbList","@id":"https:\/\/swoer.com\/manufacturer\/vibratory-linear-feeder-zc-series\/#breadcrumb","itemListElement":[{"@type":"ListItem","position":1,"name":"Home","item":"https:\/\/swoer.com\/"},{"@type":"ListItem","position":2,"name":"Shop","item":"https:\/\/swoer.com\/shop\/"},{"@type":"ListItem","position":3,"name":"Vibratory Linear Feeder ZC Series"}]},{"@type":"WebSite","@id":"https:\/\/swoer.com\/#website","url":"https:\/\/swoer.com\/","name":"SWOER","description":"Swoer is the top 3 vibratory bowl feeder manufacturer in China","potentialAction":[{"@type":"SearchAction","target":{"@type":"EntryPoint","urlTemplate":"https:\/\/swoer.com\/?s={search_term_string}"},"query-input":"required name=search_term_string"}],"inLanguage":"fr-FR"}]}},"_links":{"self":[{"href":"https:\/\/swoer.com\/fr\/wp-json\/wp\/v2\/product\/2063"}],"collection":[{"href":"https:\/\/swoer.com\/fr\/wp-json\/wp\/v2\/product"}],"about":[{"href":"https:\/\/swoer.com\/fr\/wp-json\/wp\/v2\/types\/product"}],"replies":[{"embeddable":true,"href":"https:\/\/swoer.com\/fr\/wp-json\/wp\/v2\/comments?post=2063"}],"wp:featuredmedia":[{"embeddable":true,"href":"https:\/\/swoer.com\/fr\/wp-json\/wp\/v2\/media\/2064"}],"wp:attachment":[{"href":"https:\/\/swoer.com\/fr\/wp-json\/wp\/v2\/media?parent=2063"}],"wp:term":[{"taxonomy":"product_cat","embeddable":true,"href":"https:\/\/swoer.com\/fr\/wp-json\/wp\/v2\/product_cat?post=2063"},{"taxonomy":"product_tag","embeddable":true,"href":"https:\/\/swoer.com\/fr\/wp-json\/wp\/v2\/product_tag?post=2063"}],"curies":[{"name":"wp","href":"https:\/\/api.w.org\/{rel}","templated":true}]}}