{"id":2033,"date":"2024-04-26T02:25:24","date_gmt":"2024-04-26T02:25:24","guid":{"rendered":"https:\/\/swoer.com\/?post_type=product&#038;p=2033"},"modified":"2024-04-26T02:38:04","modified_gmt":"2024-04-26T02:38:04","slug":"vibratory-linear-feeder-dk-series","status":"publish","type":"product","link":"https:\/\/swoer.com\/fr\/manufacturer\/vibratory-linear-feeder-dk-series\/","title":{"rendered":"Alimentateur lin\u00e9aire vibrant s\u00e9rie DK"},"content":{"rendered":"<h2><strong><b>Caract\u00e9ristiques<\/b><\/strong><\/h2>\n<p>La largeur de la piste de transport du produit est augment\u00e9e et la conduite est rapide et stable en ajustant l&#039;angle d&#039;amplitude, ce qui convient au transport ultra-large de composants de petite et moyenne taille.<\/p>\n<h2><strong>Pr\u00e9cautions d&#039;installation<\/strong><\/h2>\n<ol>\n<li>Le chemin du mat\u00e9riau doit avoir une rigidit\u00e9 suffisante, sinon il sera difficile de former une r\u00e9sonance.<\/li>\n<li>Lorsque la machine est en support suspendu, la poutre de support doit utiliser des raidisseurs.<\/li>\n<li>Lorsque plusieurs vibrateurs directs sont mont\u00e9s sur le m\u00eame support, les interf\u00e9rences qui en r\u00e9sultent cr\u00e9ent du bruit et d\u00e9placent la position de la pi\u00e8ce. Dans de tels cas, un support s\u00e9par\u00e9 doit \u00eatre pr\u00e9vu pour chaque machine oscillant directement.<\/li>\n<li>Si la piste ou le cadre manque de rigidit\u00e9, cela arrivera :<\/li>\n<\/ol>\n<ul>\n<li>La pi\u00e8ce en transit reculera.<\/li>\n<li>La pi\u00e8ce \u00e0 usiner dans le transfert saute de haut en bas et se bloque avant et apr\u00e8s le canal d&#039;alimentation.<\/li>\n<li>La pi\u00e8ce est lente et instable lorsqu&#039;elle quitte la rainure du canal.<\/li>\n<li><strong>\u00a0<\/strong>La pi\u00e8ce en transit produit un ph\u00e9nom\u00e8ne d&#039;interf\u00e9rence r\u00e9gulier.<\/li>\n<\/ul>\n<h3><strong><span class=\"15\">SW-350DK<\/span><\/strong><\/h3>\n\t<div class=\"img has-hover x md-x lg-x y md-y lg-y\" id=\"image_2007250264\">\n\t\t\t\t\t\t\t\t<div class=\"img-inner dark\" >\n\t\t\t<img loading=\"lazy\" decoding=\"async\" width=\"976\" height=\"695\" src=\"https:\/\/swoer.com\/wp-content\/uploads\/2024\/04\/SW-350DK.webp\" class=\"attachment-original size-original\" alt=\"SW-350DK\" srcset=\"https:\/\/swoer.com\/wp-content\/uploads\/2024\/04\/SW-350DK.webp 976w, https:\/\/swoer.com\/wp-content\/uploads\/2024\/04\/SW-350DK-300x214.webp 300w, https:\/\/swoer.com\/wp-content\/uploads\/2024\/04\/SW-350DK-768x547.webp 768w, https:\/\/swoer.com\/wp-content\/uploads\/2024\/04\/SW-350DK-18x12.webp 18w, https:\/\/swoer.com\/wp-content\/uploads\/2024\/04\/SW-350DK-600x427.webp 600w\" sizes=\"(max-width: 976px) 100vw, 976px\" \/>\t\t\t\t\t\t\n\t\t\t\t\t<\/div>\n\t\t\t\t\t\t\t\t\n<style>\n#image_2007250264 {\n  width: 100%;\n}\n<\/style>\n\t<\/div>\n\t\n<h3 class=\"p\"><strong>SW-450DK<\/strong><\/h3>\n\t<div class=\"img has-hover x md-x lg-x y md-y lg-y\" id=\"image_621510904\">\n\t\t\t\t\t\t\t\t<div class=\"img-inner dark\" >\n\t\t\t<img loading=\"lazy\" decoding=\"async\" width=\"937\" height=\"686\" src=\"https:\/\/swoer.com\/wp-content\/uploads\/2024\/04\/SW-450DK.webp\" class=\"attachment-original size-original\" alt=\"SW-450DK\" srcset=\"https:\/\/swoer.com\/wp-content\/uploads\/2024\/04\/SW-450DK.webp 937w, https:\/\/swoer.com\/wp-content\/uploads\/2024\/04\/SW-450DK-300x220.webp 300w, https:\/\/swoer.com\/wp-content\/uploads\/2024\/04\/SW-450DK-768x562.webp 768w, https:\/\/swoer.com\/wp-content\/uploads\/2024\/04\/SW-450DK-16x12.webp 16w, https:\/\/swoer.com\/wp-content\/uploads\/2024\/04\/SW-450DK-600x439.webp 600w\" sizes=\"(max-width: 937px) 100vw, 937px\" \/>\t\t\t\t\t\t\n\t\t\t\t\t<\/div>\n\t\t\t\t\t\t\t\t\n<style>\n#image_621510904 {\n  width: 100%;\n}\n<\/style>\n\t<\/div>\n\t\n<h3><strong>SW-550DK<\/strong><\/h3>\n\t<div class=\"img has-hover x md-x lg-x y md-y lg-y\" id=\"image_1445180140\">\n\t\t\t\t\t\t\t\t<div class=\"img-inner dark\" >\n\t\t\t<img loading=\"lazy\" decoding=\"async\" width=\"1020\" height=\"686\" src=\"https:\/\/swoer.com\/wp-content\/uploads\/2024\/04\/SW-550DK.webp\" class=\"attachment-original size-original\" alt=\"\" srcset=\"https:\/\/swoer.com\/wp-content\/uploads\/2024\/04\/SW-550DK.webp 1020w, https:\/\/swoer.com\/wp-content\/uploads\/2024\/04\/SW-550DK-300x202.webp 300w, https:\/\/swoer.com\/wp-content\/uploads\/2024\/04\/SW-550DK-768x517.webp 768w, https:\/\/swoer.com\/wp-content\/uploads\/2024\/04\/SW-550DK-18x12.webp 18w, https:\/\/swoer.com\/wp-content\/uploads\/2024\/04\/SW-550DK-600x404.webp 600w\" sizes=\"(max-width: 1020px) 100vw, 1020px\" \/>\t\t\t\t\t\t\n\t\t\t\t\t<\/div>\n\t\t\t\t\t\t\t\t\n<style>\n#image_1445180140 {\n  width: 100%;\n}\n<\/style>\n\t<\/div>\n\t\n<h3><strong>SW-1000DK<\/strong><\/h3>\n\t<div class=\"img has-hover x md-x lg-x y md-y lg-y\" id=\"image_196066399\">\n\t\t\t\t\t\t\t\t<div class=\"img-inner dark\" >\n\t\t\t<img loading=\"lazy\" decoding=\"async\" width=\"1319\" height=\"622\" src=\"https:\/\/swoer.com\/wp-content\/uploads\/2024\/04\/SW-1000DK.webp\" class=\"attachment-original size-original\" alt=\"\" srcset=\"https:\/\/swoer.com\/wp-content\/uploads\/2024\/04\/SW-1000DK.webp 1319w, https:\/\/swoer.com\/wp-content\/uploads\/2024\/04\/SW-1000DK-300x141.webp 300w, https:\/\/swoer.com\/wp-content\/uploads\/2024\/04\/SW-1000DK-1024x483.webp 1024w, https:\/\/swoer.com\/wp-content\/uploads\/2024\/04\/SW-1000DK-768x362.webp 768w, https:\/\/swoer.com\/wp-content\/uploads\/2024\/04\/SW-1000DK-18x8.webp 18w, https:\/\/swoer.com\/wp-content\/uploads\/2024\/04\/SW-1000DK-600x283.webp 600w\" sizes=\"(max-width: 1319px) 100vw, 1319px\" \/>\t\t\t\t\t\t\n\t\t\t\t\t<\/div>\n\t\t\t\t\t\t\t\t\n<style>\n#image_196066399 {\n  width: 100%;\n}\n<\/style>\n\t<\/div>","protected":false},"excerpt":{"rendered":"<p>D\u00e9couvrez le distributeur lin\u00e9aire vibrant de la s\u00e9rie DK, dot\u00e9 d&#039;un rail en ligne combin\u00e9 \u00e0 un bol d&#039;alimentation pour des performances optimales.<\/p>\n<p>Ce vibrateur droit de pr\u00e9cision assure une vibration lin\u00e9aire douce, compl\u00e9t\u00e9e par une plaque vibrante con\u00e7ue pour une alimentation \u00e0 plat.<\/p>\n<p>D\u00e9couvrez la commodit\u00e9 d&#039;un chargeur automatique silencieux qui fonctionne efficacement sans interruption. Disponible en quatre mod\u00e8les pour r\u00e9pondre \u00e0 vos besoins :<\/p>\n<p>SW-350DK<\/p>\n<p>SW-450DK<\/p>\n<p>SW-550DK<\/p>\n<p>SW-100DK<\/p>","protected":false},"featured_media":2034,"comment_status":"open","ping_status":"closed","template":"","meta":[],"product_cat":[55],"product_tag":[],"yoast_head":"<!-- This site is optimized with the Yoast SEO plugin v22.2 - https:\/\/yoast.com\/wordpress\/plugins\/seo\/ -->\n<title>Vibratory Linear Feeder DK Series - SWOER<\/title>\n<meta name=\"robots\" content=\"index, follow, max-snippet:-1, max-image-preview:large, max-video-preview:-1\" \/>\n<link rel=\"canonical\" href=\"https:\/\/swoer.com\/fr\/manufacturer\/vibratory-linear-feeder-dk-series\/\" \/>\n<meta property=\"og:locale\" content=\"fr_FR\" \/>\n<meta property=\"og:type\" content=\"article\" \/>\n<meta property=\"og:title\" content=\"Vibratory Linear Feeder DK Series - SWOER\" \/>\n<meta property=\"og:description\" content=\"Discover the DK Series Vibratory Linear Feeder, featuring an inline rail combined with a bowl feeder for optimal performance.  This precision straight vibrator ensures smooth linear vibration, complemented by a vibrating plate designed for flat feeding.  Experience the convenience of a silent automatic feeder that operates efficiently without disruption. Available in four models to suit your needs:  SW-350DK  SW-450DK  SW-550DK  SW-100DK\" \/>\n<meta property=\"og:url\" content=\"https:\/\/swoer.com\/fr\/manufacturer\/vibratory-linear-feeder-dk-series\/\" \/>\n<meta property=\"og:site_name\" content=\"SWOER\" \/>\n<meta property=\"article:modified_time\" content=\"2024-04-26T02:38:04+00:00\" \/>\n<meta property=\"og:image\" content=\"https:\/\/swoer.com\/wp-content\/uploads\/2024\/04\/Vibratory-Linear-Feeder-DK-Series.webp\" \/>\n\t<meta property=\"og:image:width\" content=\"1000\" \/>\n\t<meta property=\"og:image:height\" content=\"1000\" \/>\n\t<meta property=\"og:image:type\" content=\"image\/webp\" \/>\n<meta name=\"twitter:card\" content=\"summary_large_image\" \/>\n<meta name=\"twitter:label1\" content=\"Dur\u00e9e de lecture estim\u00e9e\" \/>\n\t<meta name=\"twitter:data1\" content=\"1 minute\" \/>\n<script type=\"application\/ld+json\" class=\"yoast-schema-graph\">{\"@context\":\"https:\/\/schema.org\",\"@graph\":[{\"@type\":\"WebPage\",\"@id\":\"https:\/\/swoer.com\/manufacturer\/vibratory-linear-feeder-dk-series\/\",\"url\":\"https:\/\/swoer.com\/manufacturer\/vibratory-linear-feeder-dk-series\/\",\"name\":\"Vibratory Linear Feeder DK Series - SWOER\",\"isPartOf\":{\"@id\":\"https:\/\/swoer.com\/#website\"},\"primaryImageOfPage\":{\"@id\":\"https:\/\/swoer.com\/manufacturer\/vibratory-linear-feeder-dk-series\/#primaryimage\"},\"image\":{\"@id\":\"https:\/\/swoer.com\/manufacturer\/vibratory-linear-feeder-dk-series\/#primaryimage\"},\"thumbnailUrl\":\"https:\/\/swoer.com\/wp-content\/uploads\/2024\/04\/Vibratory-Linear-Feeder-DK-Series.webp\",\"datePublished\":\"2024-04-26T02:25:24+00:00\",\"dateModified\":\"2024-04-26T02:38:04+00:00\",\"breadcrumb\":{\"@id\":\"https:\/\/swoer.com\/manufacturer\/vibratory-linear-feeder-dk-series\/#breadcrumb\"},\"inLanguage\":\"fr-FR\",\"potentialAction\":[{\"@type\":\"ReadAction\",\"target\":[\"https:\/\/swoer.com\/manufacturer\/vibratory-linear-feeder-dk-series\/\"]}]},{\"@type\":\"ImageObject\",\"inLanguage\":\"fr-FR\",\"@id\":\"https:\/\/swoer.com\/manufacturer\/vibratory-linear-feeder-dk-series\/#primaryimage\",\"url\":\"https:\/\/swoer.com\/wp-content\/uploads\/2024\/04\/Vibratory-Linear-Feeder-DK-Series.webp\",\"contentUrl\":\"https:\/\/swoer.com\/wp-content\/uploads\/2024\/04\/Vibratory-Linear-Feeder-DK-Series.webp\",\"width\":1000,\"height\":1000,\"caption\":\"Vibratory Linear Feeder DK Series\"},{\"@type\":\"BreadcrumbList\",\"@id\":\"https:\/\/swoer.com\/manufacturer\/vibratory-linear-feeder-dk-series\/#breadcrumb\",\"itemListElement\":[{\"@type\":\"ListItem\",\"position\":1,\"name\":\"Home\",\"item\":\"https:\/\/swoer.com\/\"},{\"@type\":\"ListItem\",\"position\":2,\"name\":\"Shop\",\"item\":\"https:\/\/swoer.com\/shop\/\"},{\"@type\":\"ListItem\",\"position\":3,\"name\":\"Vibratory Linear Feeder DK Series\"}]},{\"@type\":\"WebSite\",\"@id\":\"https:\/\/swoer.com\/#website\",\"url\":\"https:\/\/swoer.com\/\",\"name\":\"SWOER\",\"description\":\"Swoer is the top 3 vibratory bowl feeder manufacturer in China\",\"potentialAction\":[{\"@type\":\"SearchAction\",\"target\":{\"@type\":\"EntryPoint\",\"urlTemplate\":\"https:\/\/swoer.com\/?s={search_term_string}\"},\"query-input\":\"required name=search_term_string\"}],\"inLanguage\":\"fr-FR\"}]}<\/script>\n<!-- \/ Yoast SEO plugin. -->","yoast_head_json":{"title":"Vibratory Linear Feeder DK Series - SWOER","robots":{"index":"index","follow":"follow","max-snippet":"max-snippet:-1","max-image-preview":"max-image-preview:large","max-video-preview":"max-video-preview:-1"},"canonical":"https:\/\/swoer.com\/fr\/manufacturer\/vibratory-linear-feeder-dk-series\/","og_locale":"fr_FR","og_type":"article","og_title":"Vibratory Linear Feeder DK Series - SWOER","og_description":"Discover the DK Series Vibratory Linear Feeder, featuring an inline rail combined with a bowl feeder for optimal performance.  This precision straight vibrator ensures smooth linear vibration, complemented by a vibrating plate designed for flat feeding.  Experience the convenience of a silent automatic feeder that operates efficiently without disruption. Available in four models to suit your needs:  SW-350DK  SW-450DK  SW-550DK  SW-100DK","og_url":"https:\/\/swoer.com\/fr\/manufacturer\/vibratory-linear-feeder-dk-series\/","og_site_name":"SWOER","article_modified_time":"2024-04-26T02:38:04+00:00","og_image":[{"width":1000,"height":1000,"url":"https:\/\/swoer.com\/wp-content\/uploads\/2024\/04\/Vibratory-Linear-Feeder-DK-Series.webp","type":"image\/webp"}],"twitter_card":"summary_large_image","twitter_misc":{"Dur\u00e9e de lecture estim\u00e9e":"1 minute"},"schema":{"@context":"https:\/\/schema.org","@graph":[{"@type":"WebPage","@id":"https:\/\/swoer.com\/manufacturer\/vibratory-linear-feeder-dk-series\/","url":"https:\/\/swoer.com\/manufacturer\/vibratory-linear-feeder-dk-series\/","name":"Vibratory Linear Feeder DK Series - SWOER","isPartOf":{"@id":"https:\/\/swoer.com\/#website"},"primaryImageOfPage":{"@id":"https:\/\/swoer.com\/manufacturer\/vibratory-linear-feeder-dk-series\/#primaryimage"},"image":{"@id":"https:\/\/swoer.com\/manufacturer\/vibratory-linear-feeder-dk-series\/#primaryimage"},"thumbnailUrl":"https:\/\/swoer.com\/wp-content\/uploads\/2024\/04\/Vibratory-Linear-Feeder-DK-Series.webp","datePublished":"2024-04-26T02:25:24+00:00","dateModified":"2024-04-26T02:38:04+00:00","breadcrumb":{"@id":"https:\/\/swoer.com\/manufacturer\/vibratory-linear-feeder-dk-series\/#breadcrumb"},"inLanguage":"fr-FR","potentialAction":[{"@type":"ReadAction","target":["https:\/\/swoer.com\/manufacturer\/vibratory-linear-feeder-dk-series\/"]}]},{"@type":"ImageObject","inLanguage":"fr-FR","@id":"https:\/\/swoer.com\/manufacturer\/vibratory-linear-feeder-dk-series\/#primaryimage","url":"https:\/\/swoer.com\/wp-content\/uploads\/2024\/04\/Vibratory-Linear-Feeder-DK-Series.webp","contentUrl":"https:\/\/swoer.com\/wp-content\/uploads\/2024\/04\/Vibratory-Linear-Feeder-DK-Series.webp","width":1000,"height":1000,"caption":"Vibratory Linear Feeder DK Series"},{"@type":"BreadcrumbList","@id":"https:\/\/swoer.com\/manufacturer\/vibratory-linear-feeder-dk-series\/#breadcrumb","itemListElement":[{"@type":"ListItem","position":1,"name":"Home","item":"https:\/\/swoer.com\/"},{"@type":"ListItem","position":2,"name":"Shop","item":"https:\/\/swoer.com\/shop\/"},{"@type":"ListItem","position":3,"name":"Vibratory Linear Feeder DK Series"}]},{"@type":"WebSite","@id":"https:\/\/swoer.com\/#website","url":"https:\/\/swoer.com\/","name":"SWOER","description":"Swoer is the top 3 vibratory bowl feeder manufacturer in China","potentialAction":[{"@type":"SearchAction","target":{"@type":"EntryPoint","urlTemplate":"https:\/\/swoer.com\/?s={search_term_string}"},"query-input":"required name=search_term_string"}],"inLanguage":"fr-FR"}]}},"_links":{"self":[{"href":"https:\/\/swoer.com\/fr\/wp-json\/wp\/v2\/product\/2033"}],"collection":[{"href":"https:\/\/swoer.com\/fr\/wp-json\/wp\/v2\/product"}],"about":[{"href":"https:\/\/swoer.com\/fr\/wp-json\/wp\/v2\/types\/product"}],"replies":[{"embeddable":true,"href":"https:\/\/swoer.com\/fr\/wp-json\/wp\/v2\/comments?post=2033"}],"wp:featuredmedia":[{"embeddable":true,"href":"https:\/\/swoer.com\/fr\/wp-json\/wp\/v2\/media\/2034"}],"wp:attachment":[{"href":"https:\/\/swoer.com\/fr\/wp-json\/wp\/v2\/media?parent=2033"}],"wp:term":[{"taxonomy":"product_cat","embeddable":true,"href":"https:\/\/swoer.com\/fr\/wp-json\/wp\/v2\/product_cat?post=2033"},{"taxonomy":"product_tag","embeddable":true,"href":"https:\/\/swoer.com\/fr\/wp-json\/wp\/v2\/product_tag?post=2033"}],"curies":[{"name":"wp","href":"https:\/\/api.w.org\/{rel}","templated":true}]}}