{"id":2006,"date":"2024-04-22T02:17:38","date_gmt":"2024-04-22T02:17:38","guid":{"rendered":"https:\/\/swoer.com\/?post_type=product&#038;p=2006"},"modified":"2024-04-23T02:22:17","modified_gmt":"2024-04-23T02:22:17","slug":"electromagnetic-precision-vibratory-bowl-feeder-base-sw-j-serie","status":"publish","type":"product","link":"https:\/\/swoer.com\/fr\/manufacturer\/electromagnetic-precision-vibratory-bowl-feeder-base-sw-j-serie\/","title":{"rendered":"Base d&#039;alimentation \u00e0 bol vibrant de pr\u00e9cision \u00e9lectromagn\u00e9tique s\u00e9rie SW-J"},"content":{"rendered":"<h2>Description du produit<\/h2>\n<table style=\"border-collapse: collapse; width: 488.27pt;\" border=\"0\" width=\"651\" cellspacing=\"0\" cellpadding=\"0\">\n<tbody>\n<tr style=\"height: 35.25pt;\">\n<td class=\"et2\" style=\"height: 35.25pt; width: 166.50pt;\" width=\"222\" height=\"47\">Nom du produit<\/td>\n<td class=\"et3\" style=\"width: 321.75pt;\" width=\"429\">Base d&#039;alimentation \u00e0 bol vibrant de pr\u00e9cision \u00e9lectromagn\u00e9tique s\u00e9rie SW-J<\/td>\n<\/tr>\n<tr style=\"height: 35.25pt;\">\n<td class=\"et4\" style=\"height: 35.25pt; width: 166.50pt;\" width=\"222\" height=\"47\">Marque<\/td>\n<td class=\"et5\" style=\"width: 321.75pt;\" width=\"429\">SWOER<\/td>\n<\/tr>\n<tr style=\"height: 35.25pt;\">\n<td class=\"et4\" style=\"height: 35.25pt; width: 166.50pt;\" width=\"222\" height=\"47\">Tension<\/td>\n<td class=\"et5\" style=\"width: 321.75pt;\" width=\"429\">85-260V<\/td>\n<\/tr>\n<tr style=\"height: 18.00pt;\">\n<td class=\"et4\" style=\"height: 18.00pt; width: 166.50pt;\" width=\"222\" height=\"24\">Fr\u00e9quence<\/td>\n<td class=\"et5\" style=\"width: 321.75pt;\" width=\"429\">40-400 Hz<\/td>\n<\/tr>\n<tr style=\"height: 87.00pt;\">\n<td class=\"et4\" style=\"height: 87.00pt; width: 166.50pt;\" width=\"222\" height=\"116\">Service apr\u00e8s garantie<\/td>\n<td class=\"et6\" style=\"width: 321.75pt;\" width=\"429\">Support technique vid\u00e9o, Support en ligne, Remplacement de pi\u00e8ces d\u00e9tach\u00e9es<\/td>\n<\/tr>\n<tr style=\"height: 35.25pt;\">\n<td class=\"et7\" style=\"height: 35.25pt; width: 166.50pt;\" width=\"222\" height=\"47\">Service apr\u00e8s-vente fourni<\/td>\n<td class=\"et6\" style=\"width: 321.75pt;\" width=\"429\">Pi\u00e8ces de rechange gratuites, installation sur site, mise en service et formation<\/td>\n<\/tr>\n<tr style=\"height: 35.25pt;\">\n<td class=\"et4\" style=\"height: 35.25pt; width: 166.50pt;\" width=\"222\" height=\"47\">garantie<\/td>\n<td class=\"et5\" style=\"width: 321.75pt;\" width=\"429\">1 an<\/td>\n<\/tr>\n<tr style=\"height: 18.00pt;\">\n<td class=\"et4\" style=\"height: 18.00pt; width: 166.50pt;\" width=\"222\" height=\"24\">Quantit\u00e9 minimale de commande<\/td>\n<td class=\"et5\" style=\"width: 321.75pt;\" width=\"429\">1 jeu<\/td>\n<\/tr>\n<tr style=\"height: 36.00pt;\">\n<td class=\"et4\" style=\"height: 36.00pt; width: 166.50pt;\" width=\"222\" height=\"48\">D\u00e9lai de mise en \u0153uvre<\/td>\n<td class=\"et5\" style=\"width: 321.75pt;\" width=\"429\">7-10 jours<\/td>\n<\/tr>\n<tr style=\"height: 18.00pt;\">\n<td class=\"et4\" style=\"height: 18.00pt; width: 166.50pt;\" width=\"222\" height=\"24\">Emballage<\/td>\n<td class=\"et5\" style=\"width: 321.75pt;\" width=\"429\">Caisse en contreplaqu\u00e9<\/td>\n<\/tr>\n<tr style=\"height: 138.75pt;\">\n<td class=\"et4\" style=\"height: 138.75pt; width: 166.50pt;\" width=\"222\" height=\"185\">Conditions de paiement<\/td>\n<td class=\"et5\" style=\"width: 321.75pt;\" width=\"429\">T\/T 40% D\u00e9p\u00f4t et solde avant exp\u00e9dition<\/td>\n<\/tr>\n<tr style=\"height: 51.75pt;\">\n<td class=\"et8\" style=\"height: 51.75pt; width: 166.50pt;\" width=\"222\" height=\"69\">Lieu d&#039;origine<\/td>\n<td class=\"et9\" style=\"width: 321.75pt;\" width=\"429\">Guangdong, Chine<\/td>\n<\/tr>\n<\/tbody>\n<\/table>","protected":false},"excerpt":{"rendered":"<p>SWOER propose la base d&#039;alimentation \u00e0 bol vibrant de pr\u00e9cision \u00e9lectromagn\u00e9tique de la s\u00e9rie SW-J. Ils fabriquent quatre mod\u00e8les diff\u00e9rents, \u00e0 savoir<\/p>\n<p>SW-C230<\/p>\n<p>SW-C270<\/p>\n<p>SW-320<\/p>\n<p>SW-C480<\/p>","protected":false},"featured_media":2007,"comment_status":"open","ping_status":"closed","template":"","meta":[],"product_cat":[46],"product_tag":[],"yoast_head":"<!-- This site is optimized with the Yoast SEO plugin v22.2 - https:\/\/yoast.com\/wordpress\/plugins\/seo\/ -->\n<title>Electromagnetic Precision Vibratory Bowl Feeder Base SW-J Serie - SWOER<\/title>\n<meta name=\"robots\" content=\"index, follow, max-snippet:-1, max-image-preview:large, max-video-preview:-1\" \/>\n<link rel=\"canonical\" href=\"https:\/\/swoer.com\/fr\/manufacturer\/electromagnetic-precision-vibratory-bowl-feeder-base-sw-j-serie\/\" \/>\n<meta property=\"og:locale\" content=\"fr_FR\" \/>\n<meta property=\"og:type\" content=\"article\" \/>\n<meta property=\"og:title\" content=\"Electromagnetic Precision Vibratory Bowl Feeder Base SW-J Serie - SWOER\" \/>\n<meta property=\"og:description\" content=\"SWOER offers the Electromagnetic Precision Vibratory Bowl Feeder Base from SW-J Series. They manufacture four different models, namely  SW-C230  SW-C270  SW-320  SW-C480\" \/>\n<meta property=\"og:url\" content=\"https:\/\/swoer.com\/fr\/manufacturer\/electromagnetic-precision-vibratory-bowl-feeder-base-sw-j-serie\/\" \/>\n<meta property=\"og:site_name\" content=\"SWOER\" \/>\n<meta property=\"article:modified_time\" content=\"2024-04-23T02:22:17+00:00\" \/>\n<meta property=\"og:image\" content=\"https:\/\/swoer.com\/wp-content\/uploads\/2024\/04\/Electromagnetic-Precision-Vibratory-Bowl-Feeder-Base-SW-J-Serie.webp\" \/>\n\t<meta property=\"og:image:width\" content=\"1000\" \/>\n\t<meta property=\"og:image:height\" content=\"1000\" \/>\n\t<meta property=\"og:image:type\" content=\"image\/webp\" \/>\n<meta name=\"twitter:card\" content=\"summary_large_image\" \/>\n<meta name=\"twitter:label1\" content=\"Dur\u00e9e de lecture estim\u00e9e\" \/>\n\t<meta name=\"twitter:data1\" content=\"1 minute\" \/>\n<script type=\"application\/ld+json\" class=\"yoast-schema-graph\">{\"@context\":\"https:\/\/schema.org\",\"@graph\":[{\"@type\":\"WebPage\",\"@id\":\"https:\/\/swoer.com\/manufacturer\/electromagnetic-precision-vibratory-bowl-feeder-base-sw-j-serie\/\",\"url\":\"https:\/\/swoer.com\/manufacturer\/electromagnetic-precision-vibratory-bowl-feeder-base-sw-j-serie\/\",\"name\":\"Electromagnetic Precision Vibratory Bowl Feeder Base SW-J Serie - SWOER\",\"isPartOf\":{\"@id\":\"https:\/\/swoer.com\/#website\"},\"primaryImageOfPage\":{\"@id\":\"https:\/\/swoer.com\/manufacturer\/electromagnetic-precision-vibratory-bowl-feeder-base-sw-j-serie\/#primaryimage\"},\"image\":{\"@id\":\"https:\/\/swoer.com\/manufacturer\/electromagnetic-precision-vibratory-bowl-feeder-base-sw-j-serie\/#primaryimage\"},\"thumbnailUrl\":\"https:\/\/swoer.com\/wp-content\/uploads\/2024\/04\/Electromagnetic-Precision-Vibratory-Bowl-Feeder-Base-SW-J-Serie.webp\",\"datePublished\":\"2024-04-22T02:17:38+00:00\",\"dateModified\":\"2024-04-23T02:22:17+00:00\",\"breadcrumb\":{\"@id\":\"https:\/\/swoer.com\/manufacturer\/electromagnetic-precision-vibratory-bowl-feeder-base-sw-j-serie\/#breadcrumb\"},\"inLanguage\":\"fr-FR\",\"potentialAction\":[{\"@type\":\"ReadAction\",\"target\":[\"https:\/\/swoer.com\/manufacturer\/electromagnetic-precision-vibratory-bowl-feeder-base-sw-j-serie\/\"]}]},{\"@type\":\"ImageObject\",\"inLanguage\":\"fr-FR\",\"@id\":\"https:\/\/swoer.com\/manufacturer\/electromagnetic-precision-vibratory-bowl-feeder-base-sw-j-serie\/#primaryimage\",\"url\":\"https:\/\/swoer.com\/wp-content\/uploads\/2024\/04\/Electromagnetic-Precision-Vibratory-Bowl-Feeder-Base-SW-J-Serie.webp\",\"contentUrl\":\"https:\/\/swoer.com\/wp-content\/uploads\/2024\/04\/Electromagnetic-Precision-Vibratory-Bowl-Feeder-Base-SW-J-Serie.webp\",\"width\":1000,\"height\":1000,\"caption\":\"Electromagnetic Precision Vibratory Bowl Feeder Base SW-J Serie\"},{\"@type\":\"BreadcrumbList\",\"@id\":\"https:\/\/swoer.com\/manufacturer\/electromagnetic-precision-vibratory-bowl-feeder-base-sw-j-serie\/#breadcrumb\",\"itemListElement\":[{\"@type\":\"ListItem\",\"position\":1,\"name\":\"Home\",\"item\":\"https:\/\/swoer.com\/\"},{\"@type\":\"ListItem\",\"position\":2,\"name\":\"Shop\",\"item\":\"https:\/\/swoer.com\/shop\/\"},{\"@type\":\"ListItem\",\"position\":3,\"name\":\"Electromagnetic Precision Vibratory Bowl Feeder Base SW-J Serie\"}]},{\"@type\":\"WebSite\",\"@id\":\"https:\/\/swoer.com\/#website\",\"url\":\"https:\/\/swoer.com\/\",\"name\":\"SWOER\",\"description\":\"Swoer is the top 3 vibratory bowl feeder manufacturer in China\",\"potentialAction\":[{\"@type\":\"SearchAction\",\"target\":{\"@type\":\"EntryPoint\",\"urlTemplate\":\"https:\/\/swoer.com\/?s={search_term_string}\"},\"query-input\":\"required name=search_term_string\"}],\"inLanguage\":\"fr-FR\"}]}<\/script>\n<!-- \/ Yoast SEO plugin. -->","yoast_head_json":{"title":"Electromagnetic Precision Vibratory Bowl Feeder Base SW-J Serie - SWOER","robots":{"index":"index","follow":"follow","max-snippet":"max-snippet:-1","max-image-preview":"max-image-preview:large","max-video-preview":"max-video-preview:-1"},"canonical":"https:\/\/swoer.com\/fr\/manufacturer\/electromagnetic-precision-vibratory-bowl-feeder-base-sw-j-serie\/","og_locale":"fr_FR","og_type":"article","og_title":"Electromagnetic Precision Vibratory Bowl Feeder Base SW-J Serie - SWOER","og_description":"SWOER offers the Electromagnetic Precision Vibratory Bowl Feeder Base from SW-J Series. They manufacture four different models, namely  SW-C230  SW-C270  SW-320  SW-C480","og_url":"https:\/\/swoer.com\/fr\/manufacturer\/electromagnetic-precision-vibratory-bowl-feeder-base-sw-j-serie\/","og_site_name":"SWOER","article_modified_time":"2024-04-23T02:22:17+00:00","og_image":[{"width":1000,"height":1000,"url":"https:\/\/swoer.com\/wp-content\/uploads\/2024\/04\/Electromagnetic-Precision-Vibratory-Bowl-Feeder-Base-SW-J-Serie.webp","type":"image\/webp"}],"twitter_card":"summary_large_image","twitter_misc":{"Dur\u00e9e de lecture estim\u00e9e":"1 minute"},"schema":{"@context":"https:\/\/schema.org","@graph":[{"@type":"WebPage","@id":"https:\/\/swoer.com\/manufacturer\/electromagnetic-precision-vibratory-bowl-feeder-base-sw-j-serie\/","url":"https:\/\/swoer.com\/manufacturer\/electromagnetic-precision-vibratory-bowl-feeder-base-sw-j-serie\/","name":"Electromagnetic Precision Vibratory Bowl Feeder Base SW-J Serie - SWOER","isPartOf":{"@id":"https:\/\/swoer.com\/#website"},"primaryImageOfPage":{"@id":"https:\/\/swoer.com\/manufacturer\/electromagnetic-precision-vibratory-bowl-feeder-base-sw-j-serie\/#primaryimage"},"image":{"@id":"https:\/\/swoer.com\/manufacturer\/electromagnetic-precision-vibratory-bowl-feeder-base-sw-j-serie\/#primaryimage"},"thumbnailUrl":"https:\/\/swoer.com\/wp-content\/uploads\/2024\/04\/Electromagnetic-Precision-Vibratory-Bowl-Feeder-Base-SW-J-Serie.webp","datePublished":"2024-04-22T02:17:38+00:00","dateModified":"2024-04-23T02:22:17+00:00","breadcrumb":{"@id":"https:\/\/swoer.com\/manufacturer\/electromagnetic-precision-vibratory-bowl-feeder-base-sw-j-serie\/#breadcrumb"},"inLanguage":"fr-FR","potentialAction":[{"@type":"ReadAction","target":["https:\/\/swoer.com\/manufacturer\/electromagnetic-precision-vibratory-bowl-feeder-base-sw-j-serie\/"]}]},{"@type":"ImageObject","inLanguage":"fr-FR","@id":"https:\/\/swoer.com\/manufacturer\/electromagnetic-precision-vibratory-bowl-feeder-base-sw-j-serie\/#primaryimage","url":"https:\/\/swoer.com\/wp-content\/uploads\/2024\/04\/Electromagnetic-Precision-Vibratory-Bowl-Feeder-Base-SW-J-Serie.webp","contentUrl":"https:\/\/swoer.com\/wp-content\/uploads\/2024\/04\/Electromagnetic-Precision-Vibratory-Bowl-Feeder-Base-SW-J-Serie.webp","width":1000,"height":1000,"caption":"Electromagnetic Precision Vibratory Bowl Feeder Base SW-J Serie"},{"@type":"BreadcrumbList","@id":"https:\/\/swoer.com\/manufacturer\/electromagnetic-precision-vibratory-bowl-feeder-base-sw-j-serie\/#breadcrumb","itemListElement":[{"@type":"ListItem","position":1,"name":"Home","item":"https:\/\/swoer.com\/"},{"@type":"ListItem","position":2,"name":"Shop","item":"https:\/\/swoer.com\/shop\/"},{"@type":"ListItem","position":3,"name":"Electromagnetic Precision Vibratory Bowl Feeder Base SW-J Serie"}]},{"@type":"WebSite","@id":"https:\/\/swoer.com\/#website","url":"https:\/\/swoer.com\/","name":"SWOER","description":"Swoer is the top 3 vibratory bowl feeder manufacturer in China","potentialAction":[{"@type":"SearchAction","target":{"@type":"EntryPoint","urlTemplate":"https:\/\/swoer.com\/?s={search_term_string}"},"query-input":"required name=search_term_string"}],"inLanguage":"fr-FR"}]}},"_links":{"self":[{"href":"https:\/\/swoer.com\/fr\/wp-json\/wp\/v2\/product\/2006"}],"collection":[{"href":"https:\/\/swoer.com\/fr\/wp-json\/wp\/v2\/product"}],"about":[{"href":"https:\/\/swoer.com\/fr\/wp-json\/wp\/v2\/types\/product"}],"replies":[{"embeddable":true,"href":"https:\/\/swoer.com\/fr\/wp-json\/wp\/v2\/comments?post=2006"}],"wp:featuredmedia":[{"embeddable":true,"href":"https:\/\/swoer.com\/fr\/wp-json\/wp\/v2\/media\/2007"}],"wp:attachment":[{"href":"https:\/\/swoer.com\/fr\/wp-json\/wp\/v2\/media?parent=2006"}],"wp:term":[{"taxonomy":"product_cat","embeddable":true,"href":"https:\/\/swoer.com\/fr\/wp-json\/wp\/v2\/product_cat?post=2006"},{"taxonomy":"product_tag","embeddable":true,"href":"https:\/\/swoer.com\/fr\/wp-json\/wp\/v2\/product_tag?post=2006"}],"curies":[{"name":"wp","href":"https:\/\/api.w.org\/{rel}","templated":true}]}}