{"id":1979,"date":"2024-04-13T07:33:22","date_gmt":"2024-04-13T07:33:22","guid":{"rendered":"https:\/\/swoer.com\/?post_type=product&#038;p=1979"},"modified":"2024-04-13T09:01:56","modified_gmt":"2024-04-13T09:01:56","slug":"vibratory-bowl-feeder-controller-sdvc31-xlr","status":"publish","type":"product","link":"https:\/\/swoer.com\/fr\/manufacturer\/vibratory-bowl-feeder-controller-sdvc31-xlr\/","title":{"rendered":"Contr\u00f4leur d&#039;alimentation \u00e0 bol vibrant SDVC31-XLR"},"content":{"rendered":"<h2><strong><b>Caract\u00e9ristiques:<\/b><\/strong><\/h2>\n<p><strong><b>Certifi\u00e9 CE<\/b><\/strong><strong><b>, <\/b><\/strong><strong><b>Conforme RoHS.<\/b><\/strong><\/p>\n<p><strong><b>Ajustement de la fr\u00e9quence\u00a0:\u00a0<\/b><\/strong>La fr\u00e9quence de sortie du contr\u00f4leur peut \u00eatre ajust\u00e9e manuellement \u00e0 la fr\u00e9quence de r\u00e9sonance de l&#039;alimentateur vibrant pour obtenir un effet d&#039;alimentation fluide, silencieux et \u00e9conome en \u00e9nergie.<\/p>\n<p><strong><b>R\u00e9gulation automatique de tension de haute pr\u00e9cision\u00a0:<\/b><\/strong>\u00a0Le circuit num\u00e9rique interne de r\u00e9gulation de tension peut \u00e9liminer les variations de vitesse d&#039;alimentation caus\u00e9es par les fluctuations de la tension secteur.<\/p>\n<p><strong><b>D\u00e9marrage progressif \u00e0 dur\u00e9e r\u00e9glable\u00a0:<\/b><\/strong>\u00a0Le contr\u00f4leur augmentera doucement la tension de sortie de 0 \u00e0 la valeur pr\u00e9d\u00e9finie lors de la mise sous tension pour \u00e9viter les secousses soudaines. L\u2019heure de d\u00e9marrage progressif peut \u00eatre pr\u00e9d\u00e9finie num\u00e9riquement.<\/p>\n<p><strong><b>Contr\u00f4le marche\/arr\u00eat du capteur\u00a0:\u00a0<\/b><\/strong>1 capteur de commutateur NPN ou PLC peut \u00eatre connect\u00e9 pour allumer\/\u00e9teindre le contr\u00f4leur.<\/p>\n<p><strong><b>Contr\u00f4le marche\/arr\u00eat du capteur photo\u00e9lectrique\u00a0:<\/b><\/strong>\u00a0Le capteur photo\u00e9lectrique intelligent CUH peut \u00eatre connect\u00e9 pour allumer\/\u00e9teindre le contr\u00f4leur.<\/p>\n<p><strong><b>Contr\u00f4le de vitesse \u00e0 distance\u00a0:<\/b><\/strong>\u00a0La tension de sortie du contr\u00f4leur peut \u00eatre ajust\u00e9e \u00e0 distance par un potentiom\u00e8tre externe, un PLC ou un signal 1-5 V DC.<\/p>\n<p><strong><b>Sortie de contr\u00f4le CC\u00a0:<\/b><\/strong>\u00a0Le contr\u00f4leur peut produire une alimentation CC basse tension associ\u00e9e au contr\u00f4le ON\/OFF du contr\u00f4leur pour piloter un sol\u00e9no\u00efde ou d&#039;autres appareils externes.<\/p>\n<p><strong><b>Verrouillage du clavier:<\/b><\/strong>\u00a0Verrouillez tous les boutons du clavier pour \u00e9viter toute mauvaise utilisation en appuyant sur le bouton ON\/OFF et en le maintenant enfonc\u00e9 pendant 2 secondes.<\/p>\n<p><strong><b>Protection contre la surchauffe:\u00a0<\/b><\/strong>Si la temp\u00e9rature interne du contr\u00f4leur devient trop \u00e9lev\u00e9e, le contr\u00f4leur arr\u00eatera sa sortie pour se prot\u00e9ger.<\/p>\n<p><strong><b>Protection contre les surintensit\u00e9s:<\/b><\/strong>\u00a0Si le courant de sortie d\u00e9passe sa valeur nominale, le contr\u00f4leur arr\u00eatera sa sortie pour se prot\u00e9ger ainsi que la charge.<\/p>\n<p><strong><b>Protection contre les courts-circuits restaurable\u00a0:<\/b><\/strong>\u00a0Si la sortie du contr\u00f4leur est court-circuit\u00e9e, le contr\u00f4leur arr\u00eatera sa sortie pour se prot\u00e9ger ainsi que la charge. Mais le fusible \u00e0 l\u2019int\u00e9rieur ne sautera pas. Ainsi, lorsqu&#039;il n&#039;y a pas de court-circuit c\u00f4t\u00e9 sortie, le contr\u00f4leur fonctionnera \u00e0 nouveau apr\u00e8s la mise sous tension.<\/p>\n<p><strong><b>Tension de sortie maximale r\u00e9glable\u00a0:<\/b><\/strong>\u00a0La tension de sortie maximale r\u00e9glable peut \u00eatre pr\u00e9r\u00e9gl\u00e9e pour prot\u00e9ger la charge contre les dommages caus\u00e9s par une tension trop \u00e9lev\u00e9e.<\/p>\n<h2><strong><b>Accessoires standards:<\/b><\/strong><\/h2>\n<p>C\u00e2ble d&#039;alimentation d&#039;entr\u00e9e (1,5 m) * 1<\/p>\n<p>C\u00e2ble d&#039;alimentation de sortie (1,5 m) * 1<\/p>\n<p>Remarque : le c\u00e2ble d&#039;alimentation d&#039;entr\u00e9e peut \u00eatre personnalis\u00e9 pour s&#039;adapter \u00e0 la prise de votre pays.<\/p>\n<h2><strong><b>Accessoires optionnels:<\/b><\/strong><\/h2>\n<p>Capteur photo\u00e9lectrique intelligent (1,5 m)<\/p>\n<h2 class=\"p\"><strong><span class=\"15\">Dimensions et poids\u00a0:<\/span><\/strong><\/h2>\n<p class=\"p\">Dimensions\u00a0: 190*53,6*94,5 (L*L*H, mm)<\/p>\n<p class=\"p\">Poids\u00a0: SDVC31-S\u00a0: 610\u00a0g (sans accessoire)<\/p>\n<h2><strong><b>Sp\u00e9cifications techniques<\/b><\/strong><\/h2>\n<table width=\"710\">\n<tbody>\n<tr>\n<td rowspan=\"2\" width=\"242\">Article<\/td>\n<td colspan=\"3\" width=\"216\">Gamme<\/td>\n<td rowspan=\"2\" width=\"72\">Unit\u00e9<\/td>\n<td rowspan=\"2\" width=\"180\">Description<\/td>\n<\/tr>\n<tr>\n<td width=\"72\">Min.<\/td>\n<td width=\"72\">Typique<\/td>\n<td width=\"72\">Max.<\/td>\n<\/tr>\n<tr>\n<td width=\"242\">Tension d&#039;entr\u00e9e<\/td>\n<td width=\"72\">85<\/td>\n<td width=\"72\">220<\/td>\n<td width=\"72\">260<\/td>\n<td width=\"72\">V<\/td>\n<td width=\"180\">AVRMS<\/td>\n<\/tr>\n<tr>\n<td width=\"242\">Plage de tension de sortie r\u00e9glable<\/td>\n<td width=\"72\">0<\/td>\n<td width=\"72\">&#8212;<\/td>\n<td width=\"72\">260<\/td>\n<td width=\"72\">V<\/td>\n<td width=\"180\">Inf\u00e9rieur \u00e0 150% de tension d&#039;entr\u00e9e<\/td>\n<\/tr>\n<tr>\n<td width=\"242\">Pr\u00e9cision de r\u00e9glage de la tension<\/td>\n<td colspan=\"3\" width=\"216\">1<\/td>\n<td width=\"72\">V<\/td>\n<td width=\"180\"><\/td>\n<\/tr>\n<tr>\n<td width=\"242\">Pr\u00e9cision de r\u00e9gulation de tension<\/td>\n<td width=\"72\">0<\/td>\n<td width=\"72\">&#8212;<\/td>\n<td width=\"72\">10<\/td>\n<td width=\"72\">%<\/td>\n<td width=\"180\">\u25b3Vout\/\u25b3Vin<\/td>\n<\/tr>\n<tr>\n<td width=\"242\">Temps de r\u00e9ponse de la r\u00e9gulation de tension<\/td>\n<td width=\"72\">0.0025<\/td>\n<td width=\"72\">&#8212;<\/td>\n<td width=\"72\">0.025<\/td>\n<td width=\"72\">s<\/td>\n<td width=\"180\">la p\u00e9riode de tension de sortie<\/td>\n<\/tr>\n<tr>\n<td rowspan=\"2\" width=\"242\">Plage de courant de sortie r\u00e9glable<\/td>\n<td width=\"72\">0<\/td>\n<td width=\"72\">&#8212;<\/td>\n<td width=\"72\">1.5<\/td>\n<td width=\"72\">UN<\/td>\n<td width=\"180\">Batterie faible<\/td>\n<\/tr>\n<tr>\n<td width=\"72\">0<\/td>\n<td width=\"72\">&#8212;<\/td>\n<td width=\"72\">3<\/td>\n<td width=\"72\">UN<\/td>\n<td width=\"180\">Puissance moyenne<\/td>\n<\/tr>\n<tr>\n<td rowspan=\"2\" width=\"242\">Puissance de sortie<\/td>\n<td width=\"72\">0<\/td>\n<td width=\"72\">&#8212;<\/td>\n<td width=\"72\">330<\/td>\n<td width=\"72\">Virginie<\/td>\n<td width=\"180\">Batterie faible<\/td>\n<\/tr>\n<tr>\n<td width=\"72\">0<\/td>\n<td width=\"72\">&#8212;<\/td>\n<td width=\"72\">660<\/td>\n<td width=\"72\">Virginie<\/td>\n<td width=\"180\">Puissance moyenne<\/td>\n<\/tr>\n<tr>\n<td width=\"242\">Fr\u00e9quence de sortie<\/td>\n<td width=\"72\">40<\/td>\n<td width=\"72\">&#8212;<\/td>\n<td width=\"72\">400<\/td>\n<td width=\"72\">Hz<\/td>\n<td width=\"180\"><\/td>\n<\/tr>\n<tr>\n<td width=\"242\">Pr\u00e9cision du r\u00e9glage de la fr\u00e9quence<\/td>\n<td colspan=\"3\" width=\"216\">0.1<\/td>\n<td width=\"72\">Hz<\/td>\n<td width=\"180\"><\/td>\n<\/tr>\n<tr>\n<td width=\"242\">Forme d&#039;onde de sortie<\/td>\n<td colspan=\"3\" width=\"216\">sinus<\/td>\n<td width=\"72\"><\/td>\n<td width=\"180\"><\/td>\n<\/tr>\n<tr>\n<td width=\"242\">Heure de d\u00e9marrage progressif<\/td>\n<td width=\"72\">0<\/td>\n<td width=\"72\">&#8212;<\/td>\n<td width=\"72\">10<\/td>\n<td width=\"72\">s<\/td>\n<td width=\"180\">Valeur par d\u00e9faut d&#039;usine\u00a0:\u00a00,5<\/td>\n<\/tr>\n<tr>\n<td width=\"242\">Plage de temps de retard marche\/arr\u00eat<\/td>\n<td width=\"72\">0<\/td>\n<td width=\"72\">&#8212;<\/td>\n<td width=\"72\">20<\/td>\n<td width=\"72\">s<\/td>\n<td width=\"180\">Valeur par d\u00e9faut d&#039;usine\u00a0:\u00a00,2<\/td>\n<\/tr>\n<tr>\n<td width=\"242\">Pr\u00e9cision du d\u00e9lai marche\/arr\u00eat<\/td>\n<td colspan=\"3\" width=\"216\">0.1<\/td>\n<td width=\"72\">s<\/td>\n<td width=\"180\"><\/td>\n<\/tr>\n<tr>\n<td width=\"242\">Temp\u00e9rature de d\u00e9clenchement de la protection contre la surchauffe<\/td>\n<td width=\"72\">58<\/td>\n<td width=\"72\">60<\/td>\n<td width=\"72\">66<\/td>\n<td width=\"72\">\u2103<\/td>\n<td width=\"180\"><\/td>\n<\/tr>\n<tr>\n<td width=\"242\">Courant de sortie de contr\u00f4le CC<\/td>\n<td width=\"72\">0<\/td>\n<td width=\"72\">&#8212;<\/td>\n<td width=\"72\">200<\/td>\n<td width=\"72\">mA<\/td>\n<td width=\"180\"><\/td>\n<\/tr>\n<tr>\n<td width=\"242\">Signal de commande analogique<\/td>\n<td colspan=\"3\" width=\"216\">1-5<\/td>\n<td width=\"72\">V<\/td>\n<td width=\"180\">Tension de contr\u00f4le Renctespeed<\/td>\n<\/tr>\n<tr>\n<td width=\"242\">Signal de commande num\u00e9rique<\/td>\n<td colspan=\"3\" width=\"216\">24<\/td>\n<td width=\"72\">V<\/td>\n<td width=\"180\">Signal de commutation<\/td>\n<\/tr>\n<tr>\n<td width=\"242\">M\u00e9thode d&#039;ajustement<\/td>\n<td colspan=\"3\" width=\"216\">6<\/td>\n<td width=\"72\">Bouton<\/td>\n<td width=\"180\"><\/td>\n<\/tr>\n<tr>\n<td width=\"242\">Consommation d&#039;\u00e9nergie en veille<\/td>\n<td width=\"72\">&#8212;<\/td>\n<td width=\"72\">3<\/td>\n<td width=\"72\"><\/td>\n<td width=\"72\">W<\/td>\n<td width=\"180\"><\/td>\n<\/tr>\n<tr>\n<td width=\"242\">M\u00e9thode d&#039;affichage<\/td>\n<td colspan=\"3\" width=\"216\">5<\/td>\n<td width=\"72\">Chiffre<\/td>\n<td width=\"180\">Tubes num\u00e9riques LED<\/td>\n<\/tr>\n<tr>\n<td width=\"242\">Temp\u00e9rature ambiante<\/td>\n<td width=\"72\">0<\/td>\n<td width=\"72\">25<\/td>\n<td width=\"72\">40<\/td>\n<td width=\"72\">\u2103<\/td>\n<td rowspan=\"2\" width=\"180\">Pas de condensation<\/td>\n<\/tr>\n<tr>\n<td width=\"242\">Humidit\u00e9 ambiante<\/td>\n<td width=\"72\">10<\/td>\n<td width=\"72\">60<\/td>\n<td width=\"72\">85<\/td>\n<td width=\"72\">%<\/td>\n<\/tr>\n<\/tbody>\n<\/table>","protected":false},"excerpt":{"rendered":"<p>Le contr\u00f4leur d&#039;alimentation du bol vibrant SDVC31-XLR : certifi\u00e9 CE, il offre un r\u00e9glage manuel de la fr\u00e9quence pour une alimentation en douceur et une r\u00e9gulation automatique de la tension pour la stabilit\u00e9.<\/p>\n<p>Comprend un d\u00e9marrage progressif, des commandes de capteurs et des protections de s\u00e9curit\u00e9. Comprend des c\u00e2bles standards.<\/p>\n<p>Dimensions : 190<em>53.6<\/em>94,5 mm\u00a0; Poids : 610g (sans accessoires).<\/p>","protected":false},"featured_media":1980,"comment_status":"open","ping_status":"closed","template":"","meta":[],"product_cat":[45],"product_tag":[],"yoast_head":"<!-- This site is optimized with the Yoast SEO plugin v22.2 - https:\/\/yoast.com\/wordpress\/plugins\/seo\/ -->\n<title>Vibratory Bowl Feeder Controller SDVC31-XLR - SWOER<\/title>\n<meta name=\"robots\" content=\"index, follow, max-snippet:-1, max-image-preview:large, max-video-preview:-1\" \/>\n<link rel=\"canonical\" href=\"https:\/\/swoer.com\/fr\/manufacturer\/vibratory-bowl-feeder-controller-sdvc31-xlr\/\" \/>\n<meta property=\"og:locale\" content=\"fr_FR\" \/>\n<meta property=\"og:type\" content=\"article\" \/>\n<meta property=\"og:title\" content=\"Vibratory Bowl Feeder Controller SDVC31-XLR - SWOER\" \/>\n<meta property=\"og:description\" content=\"The vibratory bowl feeder controller SDVC31-XLR: CE-certified, it offers manual frequency adjustment for smooth feeding and automatic voltage regulation for stability.  Features soft start, sensor controls, and safety protections. Includes standard cables.  Dimensions: 19053.694.5mm; Weight: 610g (without accessories).\" \/>\n<meta property=\"og:url\" content=\"https:\/\/swoer.com\/fr\/manufacturer\/vibratory-bowl-feeder-controller-sdvc31-xlr\/\" \/>\n<meta property=\"og:site_name\" content=\"SWOER\" \/>\n<meta property=\"article:modified_time\" content=\"2024-04-13T09:01:56+00:00\" \/>\n<meta property=\"og:image\" content=\"https:\/\/swoer.com\/wp-content\/uploads\/2024\/04\/vibratory-bowl-feeder-controller-SDVC31-XLR.webp\" \/>\n\t<meta property=\"og:image:width\" content=\"1000\" \/>\n\t<meta property=\"og:image:height\" content=\"1000\" \/>\n\t<meta property=\"og:image:type\" content=\"image\/webp\" \/>\n<meta name=\"twitter:card\" content=\"summary_large_image\" \/>\n<meta name=\"twitter:label1\" content=\"Dur\u00e9e de lecture estim\u00e9e\" \/>\n\t<meta name=\"twitter:data1\" content=\"3 minutes\" \/>\n<script type=\"application\/ld+json\" class=\"yoast-schema-graph\">{\"@context\":\"https:\/\/schema.org\",\"@graph\":[{\"@type\":\"WebPage\",\"@id\":\"https:\/\/swoer.com\/manufacturer\/vibratory-bowl-feeder-controller-sdvc31-xlr\/\",\"url\":\"https:\/\/swoer.com\/manufacturer\/vibratory-bowl-feeder-controller-sdvc31-xlr\/\",\"name\":\"Vibratory Bowl Feeder Controller SDVC31-XLR - SWOER\",\"isPartOf\":{\"@id\":\"https:\/\/swoer.com\/#website\"},\"primaryImageOfPage\":{\"@id\":\"https:\/\/swoer.com\/manufacturer\/vibratory-bowl-feeder-controller-sdvc31-xlr\/#primaryimage\"},\"image\":{\"@id\":\"https:\/\/swoer.com\/manufacturer\/vibratory-bowl-feeder-controller-sdvc31-xlr\/#primaryimage\"},\"thumbnailUrl\":\"https:\/\/swoer.com\/wp-content\/uploads\/2024\/04\/vibratory-bowl-feeder-controller-SDVC31-XLR.webp\",\"datePublished\":\"2024-04-13T07:33:22+00:00\",\"dateModified\":\"2024-04-13T09:01:56+00:00\",\"breadcrumb\":{\"@id\":\"https:\/\/swoer.com\/manufacturer\/vibratory-bowl-feeder-controller-sdvc31-xlr\/#breadcrumb\"},\"inLanguage\":\"fr-FR\",\"potentialAction\":[{\"@type\":\"ReadAction\",\"target\":[\"https:\/\/swoer.com\/manufacturer\/vibratory-bowl-feeder-controller-sdvc31-xlr\/\"]}]},{\"@type\":\"ImageObject\",\"inLanguage\":\"fr-FR\",\"@id\":\"https:\/\/swoer.com\/manufacturer\/vibratory-bowl-feeder-controller-sdvc31-xlr\/#primaryimage\",\"url\":\"https:\/\/swoer.com\/wp-content\/uploads\/2024\/04\/vibratory-bowl-feeder-controller-SDVC31-XLR.webp\",\"contentUrl\":\"https:\/\/swoer.com\/wp-content\/uploads\/2024\/04\/vibratory-bowl-feeder-controller-SDVC31-XLR.webp\",\"width\":1000,\"height\":1000,\"caption\":\"vibratory bowl feeder controller SDVC31-XLR\"},{\"@type\":\"BreadcrumbList\",\"@id\":\"https:\/\/swoer.com\/manufacturer\/vibratory-bowl-feeder-controller-sdvc31-xlr\/#breadcrumb\",\"itemListElement\":[{\"@type\":\"ListItem\",\"position\":1,\"name\":\"Home\",\"item\":\"https:\/\/swoer.com\/\"},{\"@type\":\"ListItem\",\"position\":2,\"name\":\"Shop\",\"item\":\"https:\/\/swoer.com\/shop\/\"},{\"@type\":\"ListItem\",\"position\":3,\"name\":\"Vibratory Bowl Feeder Controller SDVC31-XLR\"}]},{\"@type\":\"WebSite\",\"@id\":\"https:\/\/swoer.com\/#website\",\"url\":\"https:\/\/swoer.com\/\",\"name\":\"SWOER\",\"description\":\"Swoer is the top 3 vibratory bowl feeder manufacturer in China\",\"potentialAction\":[{\"@type\":\"SearchAction\",\"target\":{\"@type\":\"EntryPoint\",\"urlTemplate\":\"https:\/\/swoer.com\/?s={search_term_string}\"},\"query-input\":\"required name=search_term_string\"}],\"inLanguage\":\"fr-FR\"}]}<\/script>\n<!-- \/ Yoast SEO plugin. -->","yoast_head_json":{"title":"Vibratory Bowl Feeder Controller SDVC31-XLR - SWOER","robots":{"index":"index","follow":"follow","max-snippet":"max-snippet:-1","max-image-preview":"max-image-preview:large","max-video-preview":"max-video-preview:-1"},"canonical":"https:\/\/swoer.com\/fr\/manufacturer\/vibratory-bowl-feeder-controller-sdvc31-xlr\/","og_locale":"fr_FR","og_type":"article","og_title":"Vibratory Bowl Feeder Controller SDVC31-XLR - SWOER","og_description":"The vibratory bowl feeder controller SDVC31-XLR: CE-certified, it offers manual frequency adjustment for smooth feeding and automatic voltage regulation for stability.  Features soft start, sensor controls, and safety protections. Includes standard cables.  Dimensions: 19053.694.5mm; Weight: 610g (without accessories).","og_url":"https:\/\/swoer.com\/fr\/manufacturer\/vibratory-bowl-feeder-controller-sdvc31-xlr\/","og_site_name":"SWOER","article_modified_time":"2024-04-13T09:01:56+00:00","og_image":[{"width":1000,"height":1000,"url":"https:\/\/swoer.com\/wp-content\/uploads\/2024\/04\/vibratory-bowl-feeder-controller-SDVC31-XLR.webp","type":"image\/webp"}],"twitter_card":"summary_large_image","twitter_misc":{"Dur\u00e9e de lecture estim\u00e9e":"3 minutes"},"schema":{"@context":"https:\/\/schema.org","@graph":[{"@type":"WebPage","@id":"https:\/\/swoer.com\/manufacturer\/vibratory-bowl-feeder-controller-sdvc31-xlr\/","url":"https:\/\/swoer.com\/manufacturer\/vibratory-bowl-feeder-controller-sdvc31-xlr\/","name":"Vibratory Bowl Feeder Controller SDVC31-XLR - SWOER","isPartOf":{"@id":"https:\/\/swoer.com\/#website"},"primaryImageOfPage":{"@id":"https:\/\/swoer.com\/manufacturer\/vibratory-bowl-feeder-controller-sdvc31-xlr\/#primaryimage"},"image":{"@id":"https:\/\/swoer.com\/manufacturer\/vibratory-bowl-feeder-controller-sdvc31-xlr\/#primaryimage"},"thumbnailUrl":"https:\/\/swoer.com\/wp-content\/uploads\/2024\/04\/vibratory-bowl-feeder-controller-SDVC31-XLR.webp","datePublished":"2024-04-13T07:33:22+00:00","dateModified":"2024-04-13T09:01:56+00:00","breadcrumb":{"@id":"https:\/\/swoer.com\/manufacturer\/vibratory-bowl-feeder-controller-sdvc31-xlr\/#breadcrumb"},"inLanguage":"fr-FR","potentialAction":[{"@type":"ReadAction","target":["https:\/\/swoer.com\/manufacturer\/vibratory-bowl-feeder-controller-sdvc31-xlr\/"]}]},{"@type":"ImageObject","inLanguage":"fr-FR","@id":"https:\/\/swoer.com\/manufacturer\/vibratory-bowl-feeder-controller-sdvc31-xlr\/#primaryimage","url":"https:\/\/swoer.com\/wp-content\/uploads\/2024\/04\/vibratory-bowl-feeder-controller-SDVC31-XLR.webp","contentUrl":"https:\/\/swoer.com\/wp-content\/uploads\/2024\/04\/vibratory-bowl-feeder-controller-SDVC31-XLR.webp","width":1000,"height":1000,"caption":"vibratory bowl feeder controller SDVC31-XLR"},{"@type":"BreadcrumbList","@id":"https:\/\/swoer.com\/manufacturer\/vibratory-bowl-feeder-controller-sdvc31-xlr\/#breadcrumb","itemListElement":[{"@type":"ListItem","position":1,"name":"Home","item":"https:\/\/swoer.com\/"},{"@type":"ListItem","position":2,"name":"Shop","item":"https:\/\/swoer.com\/shop\/"},{"@type":"ListItem","position":3,"name":"Vibratory Bowl Feeder Controller SDVC31-XLR"}]},{"@type":"WebSite","@id":"https:\/\/swoer.com\/#website","url":"https:\/\/swoer.com\/","name":"SWOER","description":"Swoer is the top 3 vibratory bowl feeder manufacturer in China","potentialAction":[{"@type":"SearchAction","target":{"@type":"EntryPoint","urlTemplate":"https:\/\/swoer.com\/?s={search_term_string}"},"query-input":"required name=search_term_string"}],"inLanguage":"fr-FR"}]}},"_links":{"self":[{"href":"https:\/\/swoer.com\/fr\/wp-json\/wp\/v2\/product\/1979"}],"collection":[{"href":"https:\/\/swoer.com\/fr\/wp-json\/wp\/v2\/product"}],"about":[{"href":"https:\/\/swoer.com\/fr\/wp-json\/wp\/v2\/types\/product"}],"replies":[{"embeddable":true,"href":"https:\/\/swoer.com\/fr\/wp-json\/wp\/v2\/comments?post=1979"}],"wp:featuredmedia":[{"embeddable":true,"href":"https:\/\/swoer.com\/fr\/wp-json\/wp\/v2\/media\/1980"}],"wp:attachment":[{"href":"https:\/\/swoer.com\/fr\/wp-json\/wp\/v2\/media?parent=1979"}],"wp:term":[{"taxonomy":"product_cat","embeddable":true,"href":"https:\/\/swoer.com\/fr\/wp-json\/wp\/v2\/product_cat?post=1979"},{"taxonomy":"product_tag","embeddable":true,"href":"https:\/\/swoer.com\/fr\/wp-json\/wp\/v2\/product_tag?post=1979"}],"curies":[{"name":"wp","href":"https:\/\/api.w.org\/{rel}","templated":true}]}}