{"id":1855,"date":"2024-04-03T06:07:37","date_gmt":"2024-04-03T06:07:37","guid":{"rendered":"https:\/\/lightgrey-porpoise-816575.hostingersite.com\/?post_type=product&#038;p=1855"},"modified":"2024-08-01T14:30:00","modified_gmt":"2024-08-01T06:30:00","slug":"two-tracks-small-vibratory-bowl-feeder-for-hardware","status":"publish","type":"product","link":"https:\/\/swoer.com\/fr\/manufacturer\/two-tracks-small-vibratory-bowl-feeder-for-hardware\/","title":{"rendered":"Petit alimentateur \u00e0 bol vibrant \u00e0 deux voies pour le mat\u00e9riel"},"content":{"rendered":"<section class=\"section\" id=\"section_2027702473\">\n\t\t<div class=\"bg section-bg fill bg-fill  bg-loaded\" >\n\n\t\t\t\n\t\t\t\n\t\t\t\n\n\t\t<\/div>\n\n\t\t\n\n\t\t<div class=\"section-content relative\">\n\t\t\t\n<p>D\u00e9couvrez des solutions d&#039;alimentation sur mesure pour vos besoins en mat\u00e9riel avec notre petit alimentateur \u00e0 bol vibrant \u00e0 deux voies. Con\u00e7us pour la pr\u00e9cision et la fiabilit\u00e9, nos alimentateurs sur mesure g\u00e8rent de mani\u00e8re transparente divers composants mat\u00e9riels. B\u00e9n\u00e9ficiez de prix directs en usine sans compromettre la qualit\u00e9. Am\u00e9liorez l\u2019efficacit\u00e9 de votre fabrication gr\u00e2ce \u00e0 notre solution d\u2019alimentation compacte et polyvalente. \u00c9levez votre production de mat\u00e9riel d\u00e8s aujourd\u2019hui\u00a0!<\/p>\n\t<div id=\"gap-1637822343\" class=\"gap-element clearfix\" style=\"display:block; height:auto;\">\n\t\t\n<style>\n#gap-1637822343 {\n  padding-top: 30px;\n}\n<\/style>\n\t<\/div>\n\t\n<h2>sp\u00e9cification:<\/h2>\n\t<div id=\"text-2522453263\" class=\"text\">\n\t\t\n<table width=\"684\">\n<tbody>\n<tr>\n<td width=\"183\">Nom du produit<\/td>\n<td width=\"501\">Petit alimentateur \u00e0 bol vibrant \u00e0 deux voies pour le mat\u00e9riel<\/td>\n<\/tr>\n<tr>\n<td>Mat\u00e9riel<\/td>\n<td>\u00a0SUS201\/304<\/td>\n<\/tr>\n<tr>\n<td>Sp\u00e9cialit\u00e9 mat\u00e9rielle<\/td>\n<td>Alliage de forgeage \u00e0 froid, haute r\u00e9sistance, haute duret\u00e9<\/td>\n<\/tr>\n<tr>\n<td>Tension<\/td>\n<td>220V<\/td>\n<\/tr>\n<tr>\n<td>Pouvoir<\/td>\n<td>65W \/150W \/180W \/ 220W \/ 350W<\/td>\n<\/tr>\n<tr>\n<td>Authentification<\/td>\n<td>CE, ROHS, ISO9001<\/td>\n<\/tr>\n<tr>\n<td>garantie<\/td>\n<td>1 an de garantie<\/td>\n<\/tr>\n<tr>\n<td>Quantit\u00e9 minimale de commande<\/td>\n<td>1 jeu<\/td>\n<\/tr>\n<tr>\n<td>D\u00e9lai de mise en \u0153uvre<\/td>\n<td>10-14 jours<\/td>\n<\/tr>\n<tr>\n<td>Conditions de paiement<\/td>\n<td>T\/T 40% D\u00e9p\u00f4t et solde avant exp\u00e9dition<\/td>\n<\/tr>\n<tr>\n<td>Original du lieu<\/td>\n<td>Chine<\/td>\n<\/tr>\n<\/tbody>\n<\/table>\n\t\t\n<style>\n#text-2522453263 {\n  font-size: 1.2rem;\n}\n<\/style>\n\t<\/div>\n\t\n\t\t<\/div>\n\n\t\t\n<style>\n#section_2027702473 {\n  padding-top: 30px;\n  padding-bottom: 30px;\n}\n#section_2027702473 .ux-shape-divider--top svg {\n  height: 150px;\n  --divider-top-width: 100%;\n}\n#section_2027702473 .ux-shape-divider--bottom svg {\n  height: 150px;\n  --divider-width: 100%;\n}\n<\/style>\n\t<\/section>\n\t\n<p>Am\u00e9liorez la manipulation de votre mat\u00e9riel avec notre petit alimentateur \u00e0 bol vibrant \u00e0 deux pistes. Con\u00e7u pour la pr\u00e9cision et l\u2019efficacit\u00e9, ce chargeur offre une solution personnalis\u00e9e adapt\u00e9e \u00e0 vos besoins sp\u00e9cifiques. Il b\u00e9n\u00e9ficie d&#039;une livraison rapide et est livr\u00e9 avec la certification CE\/UL pour l&#039;assurance qualit\u00e9 et s\u00e9curit\u00e9.<\/p>\n<p>Chez SWOER, nous comprenons l\u2019importance de solutions d\u2019alimentation fiables et efficaces. Notre \u00e9quipe exp\u00e9riment\u00e9e travaillera en \u00e9troite collaboration avec vous pour garantir que notre alimentateur vibrant s\u2019int\u00e8gre parfaitement dans votre processus de production. Gr\u00e2ce \u00e0 nos prix d&#039;usine comp\u00e9titifs et \u00e0 notre engagement envers la qualit\u00e9, vous pouvez am\u00e9liorer vos op\u00e9rations sans vous ruiner.<\/p>\n<p><strong>Pr\u00eat \u00e0 am\u00e9liorer votre processus d\u2019alimentation en mat\u00e9riel\u00a0?<\/strong><\/p>\n<p>Contactez-nous d\u00e8s aujourd&#039;hui pour discuter de vos besoins et obtenir un devis personnalis\u00e9. Laissez SWOER \u00eatre votre partenaire pour obtenir une plus grande efficacit\u00e9 et pr\u00e9cision de production.<\/p>\n\n<div class=\"wpcf7 no-js\" id=\"wpcf7-f5-o1\" lang=\"en-US\" dir=\"ltr\">\n<div class=\"screen-reader-response\"><p role=\"status\" aria-live=\"polite\" aria-atomic=\"true\"><\/p> <ul><\/ul><\/div>\n<form action=\"\/fr\/wp-json\/wp\/v2\/product\/1855#wpcf7-f5-o1\" method=\"post\" class=\"wpcf7-form init\" aria-label=\"Formulaire de contact\" novalidate=\"novalidate\" data-status=\"init\" data-trp-original-action=\"\/fr\/wp-json\/wp\/v2\/product\/1855#wpcf7-f5-o1\">\n<div style=\"display: none;\">\n<input type=\"hidden\" name=\"_wpcf7\" value=\"5\" \/>\n<input type=\"hidden\" name=\"_wpcf7_version\" value=\"5.9.2\" \/>\n<input type=\"hidden\" name=\"_wpcf7_locale\" value=\"en_US\" \/>\n<input type=\"hidden\" name=\"_wpcf7_unit_tag\" value=\"wpcf7-f5-o1\" \/>\n<input type=\"hidden\" name=\"_wpcf7_container_post\" value=\"0\" \/>\n<input type=\"hidden\" name=\"_wpcf7_posted_data_hash\" value=\"\" \/>\n<\/div>\n<div class='custom_contact_style'>\n\t<p><label> Votre nom<br \/>\n<span class=\"wpcf7-form-control-wrap\" data-name=\"your-name\"><input size=\"40\" class=\"wpcf7-form-control wpcf7-text wpcf7-validates-as-required\" autocomplete=\"name\" aria-required=\"true\" aria-invalid=\"false\" value=\"\" type=\"text\" name=\"your-name\" \/><\/span> <\/label>\n\t<\/p>\n\t<p><label> Votre email<br \/>\n<span class=\"wpcf7-form-control-wrap\" data-name=\"your-email\"><input size=\"40\" class=\"wpcf7-form-control wpcf7-email wpcf7-validates-as-required wpcf7-text wpcf7-validates-as-email\" autocomplete=\"email\" aria-required=\"true\" aria-invalid=\"false\" value=\"\" type=\"email\" name=\"your-email\" \/><\/span> <\/label>\n\t<\/p>\n\t<p><label> Votre message (facultatif)<br \/>\n<span class=\"wpcf7-form-control-wrap\" data-name=\"your-message\"><textarea cols=\"40\" rows=\"10\" class=\"wpcf7-form-control wpcf7-textarea\" aria-invalid=\"false\" name=\"your-message\"><\/textarea><\/span> <\/label>\n\t<\/p>\n\t<div style=\"margin-bottom:10px;\">\n\t\t<p><span class=\"wpcf7-form-control-wrap kc_captcha cf7ic-toggle\" data-name=\"kc_captcha\"><span class=\"wpcf7-form-control wpcf7-radio\"><span class=\"captcha-image\" style=\"display: none;\"><span class=\"cf7ic_instructions\">Veuillez prouver que vous \u00eates humain en s\u00e9lectionnant le<span> tree<\/span>.<\/span><label><input aria-label=\"1\" type=\"radio\" name=\"kc_captcha\" value=\"bot\" \/><svg aria-hidden=\"true\" role=\"img\" xmlns=\"http:\/\/www.w3.org\/2000\/svg\" viewbox=\"0 0 512 512\"><path fill=\"currentColor\" d=\"M500 168h-55l-8-21a127 127 0 00-120-83H195a127 127 0 00-120 83l-8 21H12c-8 0-14 8-11 16l8 24a12 12 0 0011 8h29a64 64 0 00-33 56v48c0 16 6 31 16 42v62c0 13 11 24 24 24h48c13 0 24-11 24-24v-40h256v40c0 13 11 24 24 24h48c13 0 24-11 24-24v-62c10-11 16-26 16-42v-48c0-24-13-45-33-56h29a12 12 0 0011-8l8-24c3-8-3-16-11-16zm-365 2c9-25 33-42 60-42h122c27 0 51 17 60 42l15 38H120l15-38zM88 328a32 32 0 010-64c18 0 48 30 48 48s-30 16-48 16zm336 0c-18 0-48 2-48-16s30-48 48-48 32 14 32 32-14 32-32 32z\"\/><\/svg><\/label><label><input aria-label=\"2\" type=\"radio\" name=\"kc_captcha\" value=\"kc_human\" \/><svg aria-hidden=\"true\" role=\"img\" xmlns=\"http:\/\/www.w3.org\/2000\/svg\" viewbox=\"0 0 384 512\"><path fill=\"currentColor\" d=\"M377 375l-83-87h34c21 0 32-25 17-40l-82-88h33c21 0 32-25 18-40L210 8c-10-11-26-11-36 0L70 120c-14 15-3 40 18 40h33l-82 88c-15 15-4 40 17 40h34L7 375c-15 16-4 41 17 41h120c0 33-11 49-34 68-12 9-5 28 10 28h144c15 0 22-19 10-28-20-16-34-32-34-68h120c21 0 32-25 17-41z\"\/><\/svg><\/label><label><input aria-label=\"3\" type=\"radio\" name=\"kc_captcha\" value=\"bot\" \/><svg aria-hidden=\"true\" role=\"img\" xmlns=\"http:\/\/www.w3.org\/2000\/svg\" viewbox=\"0 0 576 512\"><path fill=\"currentColor\" d=\"M472 200H360L256 6a12 12 0 00-10-6h-58c-8 0-14 7-12 15l34 185H100l-35-58a12 12 0 00-10-6H12c-8 0-13 7-12 14l21 106L0 362c-1 7 4 14 12 14h43c4 0 8-2 10-6l35-58h110l-34 185c-2 8 4 15 12 15h58a12 12 0 0010-6l104-194h112c57 0 104-25 104-56s-47-56-104-56z\"\/><\/svg><\/label>\r\n    <\/span>\r\n    <span style=\"display:none\">\r\n        <input type=\"text\" name=\"kc_honeypot\">\r\n    <\/span><\/span><\/span>\n\t\t<\/p>\n\t<\/div>\n\t<p><input class=\"wpcf7-form-control wpcf7-submit has-spinner\" type=\"submit\" value=\"Soumettre\" \/>\n\t<\/p>\n<\/div><div class=\"wpcf7-response-output\" aria-hidden=\"true\"><\/div>\n<input type=\"hidden\" name=\"trp-form-language\" value=\"fr\"\/><\/form>\n<\/div>","protected":false},"excerpt":{"rendered":"<p>Notre petit alimentateur \u00e0 bol vibrant \u00e0 deux voies pour le mat\u00e9riel offre des solutions personnalis\u00e9es, une livraison rapide et une certification CE\/UL. Parfait pour optimiser vos op\u00e9rations.<\/p>","protected":false},"featured_media":1856,"comment_status":"open","ping_status":"closed","template":"","meta":[],"product_cat":[37],"product_tag":[],"yoast_head":"<!-- This site is optimized with the Yoast SEO plugin v22.2 - https:\/\/yoast.com\/wordpress\/plugins\/seo\/ -->\n<title>Two Tracks Small Vibratory Bowl Feeder for Hardware - SWOER<\/title>\n<meta name=\"description\" content=\"Boost efficiency with our Two Tracks Small Vibratory Bowl Feeder for hardware. Custom solutions, CE\/UL certified. Contact SWOER for your needs!\" \/>\n<meta name=\"robots\" content=\"index, follow, max-snippet:-1, max-image-preview:large, max-video-preview:-1\" \/>\n<link rel=\"canonical\" href=\"https:\/\/swoer.com\/fr\/manufacturer\/two-tracks-small-vibratory-bowl-feeder-for-hardware\/\" \/>\n<meta property=\"og:locale\" content=\"fr_FR\" \/>\n<meta property=\"og:type\" content=\"article\" \/>\n<meta property=\"og:title\" content=\"Two Tracks Small Vibratory Bowl Feeder for Hardware - SWOER\" \/>\n<meta property=\"og:description\" content=\"Boost efficiency with our Two Tracks Small Vibratory Bowl Feeder for hardware. Custom solutions, CE\/UL certified. Contact SWOER for your needs!\" \/>\n<meta property=\"og:url\" content=\"https:\/\/swoer.com\/fr\/manufacturer\/two-tracks-small-vibratory-bowl-feeder-for-hardware\/\" \/>\n<meta property=\"og:site_name\" content=\"SWOER\" \/>\n<meta property=\"article:modified_time\" content=\"2024-08-01T06:30:00+00:00\" \/>\n<meta property=\"og:image\" content=\"https:\/\/swoer.com\/wp-content\/uploads\/2024\/04\/two-tracks-small-vibratory-bowl-feeder-for-hardware-.jpg\" \/>\n\t<meta property=\"og:image:width\" content=\"1000\" \/>\n\t<meta property=\"og:image:height\" content=\"1000\" \/>\n\t<meta property=\"og:image:type\" content=\"image\/jpeg\" \/>\n<meta name=\"twitter:card\" content=\"summary_large_image\" \/>\n<meta name=\"twitter:label1\" content=\"Dur\u00e9e de lecture estim\u00e9e\" \/>\n\t<meta name=\"twitter:data1\" content=\"2 minutes\" \/>\n<script type=\"application\/ld+json\" class=\"yoast-schema-graph\">{\"@context\":\"https:\/\/schema.org\",\"@graph\":[{\"@type\":\"WebPage\",\"@id\":\"https:\/\/swoer.com\/manufacturer\/two-tracks-small-vibratory-bowl-feeder-for-hardware\/\",\"url\":\"https:\/\/swoer.com\/manufacturer\/two-tracks-small-vibratory-bowl-feeder-for-hardware\/\",\"name\":\"Two Tracks Small Vibratory Bowl Feeder for Hardware - SWOER\",\"isPartOf\":{\"@id\":\"https:\/\/swoer.com\/#website\"},\"primaryImageOfPage\":{\"@id\":\"https:\/\/swoer.com\/manufacturer\/two-tracks-small-vibratory-bowl-feeder-for-hardware\/#primaryimage\"},\"image\":{\"@id\":\"https:\/\/swoer.com\/manufacturer\/two-tracks-small-vibratory-bowl-feeder-for-hardware\/#primaryimage\"},\"thumbnailUrl\":\"https:\/\/swoer.com\/wp-content\/uploads\/2024\/04\/two-tracks-small-vibratory-bowl-feeder-for-hardware-.jpg\",\"datePublished\":\"2024-04-03T06:07:37+00:00\",\"dateModified\":\"2024-08-01T06:30:00+00:00\",\"description\":\"Boost efficiency with our Two Tracks Small Vibratory Bowl Feeder for hardware. Custom solutions, CE\/UL certified. Contact SWOER for your needs!\",\"breadcrumb\":{\"@id\":\"https:\/\/swoer.com\/manufacturer\/two-tracks-small-vibratory-bowl-feeder-for-hardware\/#breadcrumb\"},\"inLanguage\":\"fr-FR\",\"potentialAction\":[{\"@type\":\"ReadAction\",\"target\":[\"https:\/\/swoer.com\/manufacturer\/two-tracks-small-vibratory-bowl-feeder-for-hardware\/\"]}]},{\"@type\":\"ImageObject\",\"inLanguage\":\"fr-FR\",\"@id\":\"https:\/\/swoer.com\/manufacturer\/two-tracks-small-vibratory-bowl-feeder-for-hardware\/#primaryimage\",\"url\":\"https:\/\/swoer.com\/wp-content\/uploads\/2024\/04\/two-tracks-small-vibratory-bowl-feeder-for-hardware-.jpg\",\"contentUrl\":\"https:\/\/swoer.com\/wp-content\/uploads\/2024\/04\/two-tracks-small-vibratory-bowl-feeder-for-hardware-.jpg\",\"width\":1000,\"height\":1000,\"caption\":\"two tracks small vibratory bowl feeder for hardware\"},{\"@type\":\"BreadcrumbList\",\"@id\":\"https:\/\/swoer.com\/manufacturer\/two-tracks-small-vibratory-bowl-feeder-for-hardware\/#breadcrumb\",\"itemListElement\":[{\"@type\":\"ListItem\",\"position\":1,\"name\":\"Home\",\"item\":\"https:\/\/swoer.com\/\"},{\"@type\":\"ListItem\",\"position\":2,\"name\":\"Shop\",\"item\":\"https:\/\/swoer.com\/shop\/\"},{\"@type\":\"ListItem\",\"position\":3,\"name\":\"Two Tracks Small Vibratory Bowl Feeder for Hardware\"}]},{\"@type\":\"WebSite\",\"@id\":\"https:\/\/swoer.com\/#website\",\"url\":\"https:\/\/swoer.com\/\",\"name\":\"SWOER\",\"description\":\"Swoer is the top 3 vibratory bowl feeder manufacturer in China\",\"potentialAction\":[{\"@type\":\"SearchAction\",\"target\":{\"@type\":\"EntryPoint\",\"urlTemplate\":\"https:\/\/swoer.com\/?s={search_term_string}\"},\"query-input\":\"required name=search_term_string\"}],\"inLanguage\":\"fr-FR\"}]}<\/script>\n<!-- \/ Yoast SEO plugin. -->","yoast_head_json":{"title":"Two Tracks Small Vibratory Bowl Feeder for Hardware - SWOER","description":"Boost efficiency with our Two Tracks Small Vibratory Bowl Feeder for hardware. Custom solutions, CE\/UL certified. Contact SWOER for your needs!","robots":{"index":"index","follow":"follow","max-snippet":"max-snippet:-1","max-image-preview":"max-image-preview:large","max-video-preview":"max-video-preview:-1"},"canonical":"https:\/\/swoer.com\/fr\/manufacturer\/two-tracks-small-vibratory-bowl-feeder-for-hardware\/","og_locale":"fr_FR","og_type":"article","og_title":"Two Tracks Small Vibratory Bowl Feeder for Hardware - SWOER","og_description":"Boost efficiency with our Two Tracks Small Vibratory Bowl Feeder for hardware. Custom solutions, CE\/UL certified. Contact SWOER for your needs!","og_url":"https:\/\/swoer.com\/fr\/manufacturer\/two-tracks-small-vibratory-bowl-feeder-for-hardware\/","og_site_name":"SWOER","article_modified_time":"2024-08-01T06:30:00+00:00","og_image":[{"width":1000,"height":1000,"url":"https:\/\/swoer.com\/wp-content\/uploads\/2024\/04\/two-tracks-small-vibratory-bowl-feeder-for-hardware-.jpg","type":"image\/jpeg"}],"twitter_card":"summary_large_image","twitter_misc":{"Dur\u00e9e de lecture estim\u00e9e":"2 minutes"},"schema":{"@context":"https:\/\/schema.org","@graph":[{"@type":"WebPage","@id":"https:\/\/swoer.com\/manufacturer\/two-tracks-small-vibratory-bowl-feeder-for-hardware\/","url":"https:\/\/swoer.com\/manufacturer\/two-tracks-small-vibratory-bowl-feeder-for-hardware\/","name":"Two Tracks Small Vibratory Bowl Feeder for Hardware - SWOER","isPartOf":{"@id":"https:\/\/swoer.com\/#website"},"primaryImageOfPage":{"@id":"https:\/\/swoer.com\/manufacturer\/two-tracks-small-vibratory-bowl-feeder-for-hardware\/#primaryimage"},"image":{"@id":"https:\/\/swoer.com\/manufacturer\/two-tracks-small-vibratory-bowl-feeder-for-hardware\/#primaryimage"},"thumbnailUrl":"https:\/\/swoer.com\/wp-content\/uploads\/2024\/04\/two-tracks-small-vibratory-bowl-feeder-for-hardware-.jpg","datePublished":"2024-04-03T06:07:37+00:00","dateModified":"2024-08-01T06:30:00+00:00","description":"Boost efficiency with our Two Tracks Small Vibratory Bowl Feeder for hardware. Custom solutions, CE\/UL certified. Contact SWOER for your needs!","breadcrumb":{"@id":"https:\/\/swoer.com\/manufacturer\/two-tracks-small-vibratory-bowl-feeder-for-hardware\/#breadcrumb"},"inLanguage":"fr-FR","potentialAction":[{"@type":"ReadAction","target":["https:\/\/swoer.com\/manufacturer\/two-tracks-small-vibratory-bowl-feeder-for-hardware\/"]}]},{"@type":"ImageObject","inLanguage":"fr-FR","@id":"https:\/\/swoer.com\/manufacturer\/two-tracks-small-vibratory-bowl-feeder-for-hardware\/#primaryimage","url":"https:\/\/swoer.com\/wp-content\/uploads\/2024\/04\/two-tracks-small-vibratory-bowl-feeder-for-hardware-.jpg","contentUrl":"https:\/\/swoer.com\/wp-content\/uploads\/2024\/04\/two-tracks-small-vibratory-bowl-feeder-for-hardware-.jpg","width":1000,"height":1000,"caption":"two tracks small vibratory bowl feeder for hardware"},{"@type":"BreadcrumbList","@id":"https:\/\/swoer.com\/manufacturer\/two-tracks-small-vibratory-bowl-feeder-for-hardware\/#breadcrumb","itemListElement":[{"@type":"ListItem","position":1,"name":"Home","item":"https:\/\/swoer.com\/"},{"@type":"ListItem","position":2,"name":"Shop","item":"https:\/\/swoer.com\/shop\/"},{"@type":"ListItem","position":3,"name":"Two Tracks Small Vibratory Bowl Feeder for Hardware"}]},{"@type":"WebSite","@id":"https:\/\/swoer.com\/#website","url":"https:\/\/swoer.com\/","name":"SWOER","description":"Swoer is the top 3 vibratory bowl feeder manufacturer in China","potentialAction":[{"@type":"SearchAction","target":{"@type":"EntryPoint","urlTemplate":"https:\/\/swoer.com\/?s={search_term_string}"},"query-input":"required name=search_term_string"}],"inLanguage":"fr-FR"}]}},"_links":{"self":[{"href":"https:\/\/swoer.com\/fr\/wp-json\/wp\/v2\/product\/1855"}],"collection":[{"href":"https:\/\/swoer.com\/fr\/wp-json\/wp\/v2\/product"}],"about":[{"href":"https:\/\/swoer.com\/fr\/wp-json\/wp\/v2\/types\/product"}],"replies":[{"embeddable":true,"href":"https:\/\/swoer.com\/fr\/wp-json\/wp\/v2\/comments?post=1855"}],"wp:featuredmedia":[{"embeddable":true,"href":"https:\/\/swoer.com\/fr\/wp-json\/wp\/v2\/media\/1856"}],"wp:attachment":[{"href":"https:\/\/swoer.com\/fr\/wp-json\/wp\/v2\/media?parent=1855"}],"wp:term":[{"taxonomy":"product_cat","embeddable":true,"href":"https:\/\/swoer.com\/fr\/wp-json\/wp\/v2\/product_cat?post=1855"},{"taxonomy":"product_tag","embeddable":true,"href":"https:\/\/swoer.com\/fr\/wp-json\/wp\/v2\/product_tag?post=1855"}],"curies":[{"name":"wp","href":"https:\/\/api.w.org\/{rel}","templated":true}]}}