{"id":1839,"date":"2024-04-02T08:27:07","date_gmt":"2024-04-02T08:27:07","guid":{"rendered":"https:\/\/lightgrey-porpoise-816575.hostingersite.com\/?post_type=product&#038;p=1839"},"modified":"2024-07-31T09:05:56","modified_gmt":"2024-07-31T01:05:56","slug":"automatic-riveting-machine","status":"publish","type":"product","link":"https:\/\/swoer.com\/fr\/manufacturer\/automatic-riveting-machine\/","title":{"rendered":"Machine \u00e0 riveter automatique"},"content":{"rendered":"<p data-sourcepos=\"3:1-3:9\">La machine \u00e0 riveter automatique SWOER est un syst\u00e8me avanc\u00e9 qui transf\u00e8re automatiquement les rivets dans la museli\u00e8re tire-clou. Nous avons con\u00e7u cette machine pour combler des lacunes critiques dans l&#039;industrie chinoise et elle a obtenu de nombreux brevets. L&#039;utilisation de cette machine peut permettre \u00e0 votre entreprise d&#039;\u00e9conomiser plus de 30% en co\u00fbts de main-d&#039;\u0153uvre.<\/p>\n<p data-sourcepos=\"5:1-5:135\">Contrairement aux autres riveteuses automatiques, le mod\u00e8le SWOER fonctionne de mani\u00e8re distincte. Alors que les machines conventionnelles n\u00e9cessitent un placement manuel des rivets et un contr\u00f4le de la bouche, en s&#039;appuyant sur une pression n\u00e9gative pour l&#039;admission des rivets, la machine \u00e0 riveter automatique SWOER, en revanche, offre une approche automatis\u00e9e. Notre machine utilise de l&#039;air comprim\u00e9 pour transporter les rivets directement vers la bouche du pistolet \u00e0 clous via un rivetage automatis\u00e9. arrangement et s\u00e9paration. En adoptant la machine \u00e0 riveter automatique SWOER, vous pouvez transformer les op\u00e9rations manuelles de clouage \u00e0 forte intensit\u00e9 de main-d&#039;\u0153uvre en processus automatis\u00e9s ou sans personnel, marquant ainsi une avanc\u00e9e technologique significative dans l&#039;industrie du clouage.<\/p>\n\t<div id=\"gap-1348972941\" class=\"gap-element clearfix\" style=\"display:block; height:auto;\">\n\t\t\n<style>\n#gap-1348972941 {\n  padding-top: 30px;\n}\n<\/style>\n\t<\/div>\n\t\n<h2><strong>Sp\u00e9cification:<\/strong><\/h2>\n\t<div id=\"text-202816720\" class=\"text\">\n\t\t\n<table style=\"border-collapse: collapse; width: 432.77pt;\" border=\"0\" width=\"577\" cellspacing=\"0\" cellpadding=\"0\">\n<tbody>\n<tr style=\"height: 15.00pt;\">\n<td class=\"et2\" style=\"height: 15.00pt; width: 206.25pt;\" width=\"275\" height=\"20\">Article<\/td>\n<td class=\"et2\" style=\"width: 226.50pt;\" width=\"302\">Valeur<\/td>\n<\/tr>\n<tr style=\"height: 15.00pt;\">\n<td class=\"et2\" style=\"height: 15.00pt; width: 206.25pt;\" width=\"275\" height=\"20\">Num\u00e9ro de mod\u00e8le<\/td>\n<td class=\"et2\" style=\"width: 226.50pt;\" width=\"302\">SW-1000A<\/td>\n<\/tr>\n<tr style=\"height: 15.00pt;\">\n<td class=\"et2\" style=\"height: 15.00pt; width: 206.25pt;\" width=\"275\" height=\"20\">garantie<\/td>\n<td class=\"et2\" style=\"width: 226.50pt;\" width=\"302\">1 an<\/td>\n<\/tr>\n<tr style=\"height: 15.00pt;\">\n<td class=\"et2\" style=\"height: 15.00pt; width: 206.25pt;\" width=\"275\" height=\"20\">Vitesse \u00e0 vide<\/td>\n<td class=\"et3\" style=\"width: 226.50pt;\" width=\"302\">0<\/td>\n<\/tr>\n<tr style=\"height: 15.00pt;\">\n<td class=\"et2\" style=\"height: 15.00pt; width: 206.25pt;\" width=\"275\" height=\"20\">Un accompagnement personnalis\u00e9<\/td>\n<td class=\"et2\" style=\"width: 226.50pt;\" width=\"302\">OEM<\/td>\n<\/tr>\n<tr style=\"height: 15.00pt;\">\n<td class=\"et2\" style=\"height: 15.00pt; width: 206.25pt;\" width=\"275\" height=\"20\">Lieu d&#039;origine<\/td>\n<td class=\"et2\" style=\"width: 226.50pt;\" width=\"302\">Chine<\/td>\n<\/tr>\n<tr style=\"height: 15.00pt;\">\n<td class=\"et2\" style=\"height: 15.00pt; width: 206.25pt;\" width=\"275\" height=\"20\">Nom<\/td>\n<td class=\"et2\" style=\"width: 226.50pt;\" width=\"302\">Machine \u00e0 riveter automatique<\/td>\n<\/tr>\n<tr style=\"height: 15.00pt;\">\n<td class=\"et2\" style=\"height: 15.00pt; width: 206.25pt;\" width=\"275\" height=\"20\">Couleur<\/td>\n<td class=\"et2\" style=\"width: 226.50pt;\" width=\"302\">P\u00e2le<\/td>\n<\/tr>\n<tr style=\"height: 15.00pt;\">\n<td class=\"et2\" style=\"height: 15.00pt; width: 206.25pt;\" width=\"275\" height=\"20\">Poids<\/td>\n<td class=\"et2\" style=\"width: 226.50pt;\" width=\"302\">50KG<\/td>\n<\/tr>\n<tr style=\"height: 15.00pt;\">\n<td class=\"et2\" style=\"height: 15.00pt; width: 206.25pt;\" width=\"275\" height=\"20\">Vitesse d&#039;alimentation des ongles<\/td>\n<td class=\"et2\" style=\"width: 226.50pt;\" width=\"302\">60 ~ 120 pi\u00e8ces\/min<\/td>\n<\/tr>\n<tr style=\"height: 15.00pt;\">\n<td class=\"et2\" style=\"height: 15.00pt; width: 206.25pt;\" width=\"275\" height=\"20\">Pression<\/td>\n<td class=\"et2\" style=\"width: 226.50pt;\" width=\"302\">5,5 ~ 6,5 bars<\/td>\n<\/tr>\n<tr style=\"height: 15.00pt;\">\n<td class=\"et2\" style=\"height: 15.00pt; width: 206.25pt;\" width=\"275\" height=\"20\">Taille du ch\u00e2ssis<\/td>\n<td class=\"et2\" style=\"width: 226.50pt;\" width=\"302\">530*360*380mm<\/td>\n<\/tr>\n<\/tbody>\n<\/table>\n\t\t\n<style>\n#text-202816720 {\n  font-size: 1.15rem;\n  line-height: 3;\n}\n<\/style>\n\t<\/div>\n\t\n\t<div id=\"gap-338307782\" class=\"gap-element clearfix\" style=\"display:block; height:auto;\">\n\t\t\n<style>\n#gap-338307782 {\n  padding-top: 30px;\n}\n<\/style>\n\t<\/div>\n\t\n<h3><strong>La riveteuse automatique SWOER se compose de deux composants principaux : le moteur principal et les composants du pistolet \u00e0 clous.<\/strong><\/h3>\n<ol>\n<li>Le moteur principal comprend le syst\u00e8me de mouvement de la machine, le syst\u00e8me de commande de la machine et le syst\u00e8me de d\u00e9tection. Le r\u00f4le du syst\u00e8me de mouvement de la machine est d&#039;ordonner la s\u00e9paration des rivets et de les transporter vers la buse du pistolet dans une direction sp\u00e9cifique. Pendant ce temps, le syst\u00e8me de contr\u00f4le de la machine r\u00e9git les actions des diff\u00e9rentes pi\u00e8ces selon des instructions pr\u00e9d\u00e9finies. Dans le m\u00eame temps, le syst\u00e8me de d\u00e9tection assure un fonctionnement stable de la machine selon les param\u00e8tres programm\u00e9s.<\/li>\n<\/ol>\n<p>2. Le composant du pistolet \u00e0 clous comprend le pistolet \u00e0 clous, le m\u00e9canisme de r\u00e9ception des rivets et le m\u00e9canisme de collecte et de sortie du signal. De plus, le pistolet \u00e0 clous, un pistolet \u00e0 clous automatique standard disponible sur le march\u00e9, sert d&#039;outil principal pour les op\u00e9rations de clouage, qu&#039;elles soient manuelles ou automatiques. Le m\u00e9canisme de r\u00e9ception des rivets capture et charge les rivets transport\u00e9s par le moteur principal \u00e0 travers le pipeline dans le composant de la buse de rivet, repr\u00e9sentant la technologie de base de la riveteuse automatique. Enfin, le m\u00e9canisme de collecte et de sortie des signaux, comme son nom l&#039;indique, collecte et \u00e9met des signaux pour lancer le fonctionnement de la machine et accomplir les t\u00e2ches.<\/p>\n<h3><strong>Directives de nettoyage et d\u2019entretien pour la riveteuse automatique\u00a0:<\/strong><\/h3>\n<p><strong>1.<\/strong> Nettoyez r\u00e9guli\u00e8rement le bac \u00e0 clous pour maintenir la propret\u00e9, en utilisant du gaz \u00e0 haute pression pour \u00e9liminer tout r\u00e9sidu accumul\u00e9 \u00e0 l&#039;int\u00e9rieur.<\/p>\n<p><strong>2.<\/strong> Nettoyez r\u00e9guli\u00e8rement les chenilles de votre riveteuse pour garantir un bon fonctionnement.<\/p>\n<p><strong>3.<\/strong> Nettoyez p\u00e9riodiquement le syst\u00e8me de distribution des clous pour conserver sa fonctionnalit\u00e9 et envisagez d&#039;appliquer de la graisse pour lubrifier les pi\u00e8ces mobiles pour des performances optimales.<\/p>\n<p><strong>4.<\/strong> Maintenez la propret\u00e9 de la surface ext\u00e9rieure du bo\u00eetier de la machine gr\u00e2ce \u00e0 des routines de nettoyage r\u00e9guli\u00e8res.<\/p>\n<p><strong>5.<\/strong> \u00c9vitez d&#039;utiliser la bouche du pistolet \u00e0 clous pour frapper des pi\u00e8ces ou d&#039;autres objets. De plus, n&#039;oubliez pas d&#039;\u00e9teindre la machine lorsqu&#039;elle n&#039;est pas utilis\u00e9e pour \u00e9viter les accidents.<\/p>","protected":false},"excerpt":{"rendered":"<p>Fabricant et fournisseur de machines de rivetage automatiques personnalis\u00e9es SWOER en Chine.<\/p>\n<p>-MOQ\u00a0: 1\u00a0pi\u00e8ce<\/p>\n<p>-Service OEM\/ODM offert<\/p>\n<p>-Accepter la personnalisation<\/p>\n<p>Si vous souhaitez obtenir les prix des \u00e9quipements de rivetage automatique, veuillez nous contacter.<\/p>","protected":false},"featured_media":1840,"comment_status":"open","ping_status":"closed","template":"","meta":[],"product_cat":[42],"product_tag":[],"yoast_head":"<!-- This site is optimized with the Yoast SEO plugin v22.2 - https:\/\/yoast.com\/wordpress\/plugins\/seo\/ -->\n<title>Automatic Riveting Machine - SWOER<\/title>\n<meta name=\"description\" content=\"Experience advanced automation with SOWER&#039;s riveting machine. Automate rivet transfer, saving over 30% in labor and boosting efficiency.\" \/>\n<meta name=\"robots\" content=\"index, follow, max-snippet:-1, max-image-preview:large, max-video-preview:-1\" \/>\n<link rel=\"canonical\" href=\"https:\/\/swoer.com\/fr\/manufacturer\/automatic-riveting-machine\/\" \/>\n<meta property=\"og:locale\" content=\"fr_FR\" \/>\n<meta property=\"og:type\" content=\"article\" \/>\n<meta property=\"og:title\" content=\"Automatic Riveting Machine - SWOER\" \/>\n<meta property=\"og:description\" content=\"Experience advanced automation with SOWER&#039;s riveting machine. Automate rivet transfer, saving over 30% in labor and boosting efficiency.\" \/>\n<meta property=\"og:url\" content=\"https:\/\/swoer.com\/fr\/manufacturer\/automatic-riveting-machine\/\" \/>\n<meta property=\"og:site_name\" content=\"SWOER\" \/>\n<meta property=\"article:modified_time\" content=\"2024-07-31T01:05:56+00:00\" \/>\n<meta property=\"og:image\" content=\"https:\/\/swoer.com\/wp-content\/uploads\/2024\/04\/auto-rivet-tools.webp\" \/>\n\t<meta property=\"og:image:width\" content=\"1000\" \/>\n\t<meta property=\"og:image:height\" content=\"1000\" \/>\n\t<meta property=\"og:image:type\" content=\"image\/webp\" \/>\n<meta name=\"twitter:card\" content=\"summary_large_image\" \/>\n<meta name=\"twitter:label1\" content=\"Dur\u00e9e de lecture estim\u00e9e\" \/>\n\t<meta name=\"twitter:data1\" content=\"3 minutes\" \/>\n<script type=\"application\/ld+json\" class=\"yoast-schema-graph\">{\"@context\":\"https:\/\/schema.org\",\"@graph\":[{\"@type\":\"WebPage\",\"@id\":\"https:\/\/swoer.com\/manufacturer\/automatic-riveting-machine\/\",\"url\":\"https:\/\/swoer.com\/manufacturer\/automatic-riveting-machine\/\",\"name\":\"Automatic Riveting Machine - SWOER\",\"isPartOf\":{\"@id\":\"https:\/\/swoer.com\/#website\"},\"primaryImageOfPage\":{\"@id\":\"https:\/\/swoer.com\/manufacturer\/automatic-riveting-machine\/#primaryimage\"},\"image\":{\"@id\":\"https:\/\/swoer.com\/manufacturer\/automatic-riveting-machine\/#primaryimage\"},\"thumbnailUrl\":\"https:\/\/swoer.com\/wp-content\/uploads\/2024\/04\/auto-rivet-tools.webp\",\"datePublished\":\"2024-04-02T08:27:07+00:00\",\"dateModified\":\"2024-07-31T01:05:56+00:00\",\"description\":\"Experience advanced automation with SOWER's riveting machine. Automate rivet transfer, saving over 30% in labor and boosting efficiency.\",\"breadcrumb\":{\"@id\":\"https:\/\/swoer.com\/manufacturer\/automatic-riveting-machine\/#breadcrumb\"},\"inLanguage\":\"fr-FR\",\"potentialAction\":[{\"@type\":\"ReadAction\",\"target\":[\"https:\/\/swoer.com\/manufacturer\/automatic-riveting-machine\/\"]}]},{\"@type\":\"ImageObject\",\"inLanguage\":\"fr-FR\",\"@id\":\"https:\/\/swoer.com\/manufacturer\/automatic-riveting-machine\/#primaryimage\",\"url\":\"https:\/\/swoer.com\/wp-content\/uploads\/2024\/04\/auto-rivet-tools.webp\",\"contentUrl\":\"https:\/\/swoer.com\/wp-content\/uploads\/2024\/04\/auto-rivet-tools.webp\",\"width\":1000,\"height\":1000,\"caption\":\"auto rivet tools\"},{\"@type\":\"BreadcrumbList\",\"@id\":\"https:\/\/swoer.com\/manufacturer\/automatic-riveting-machine\/#breadcrumb\",\"itemListElement\":[{\"@type\":\"ListItem\",\"position\":1,\"name\":\"Home\",\"item\":\"https:\/\/swoer.com\/\"},{\"@type\":\"ListItem\",\"position\":2,\"name\":\"Shop\",\"item\":\"https:\/\/swoer.com\/shop\/\"},{\"@type\":\"ListItem\",\"position\":3,\"name\":\"Automatic Riveting Machine\"}]},{\"@type\":\"WebSite\",\"@id\":\"https:\/\/swoer.com\/#website\",\"url\":\"https:\/\/swoer.com\/\",\"name\":\"SWOER\",\"description\":\"Swoer is the top 3 vibratory bowl feeder manufacturer in China\",\"potentialAction\":[{\"@type\":\"SearchAction\",\"target\":{\"@type\":\"EntryPoint\",\"urlTemplate\":\"https:\/\/swoer.com\/?s={search_term_string}\"},\"query-input\":\"required name=search_term_string\"}],\"inLanguage\":\"fr-FR\"}]}<\/script>\n<!-- \/ Yoast SEO plugin. -->","yoast_head_json":{"title":"Automatic Riveting Machine - SWOER","description":"Experience advanced automation with SOWER's riveting machine. Automate rivet transfer, saving over 30% in labor and boosting efficiency.","robots":{"index":"index","follow":"follow","max-snippet":"max-snippet:-1","max-image-preview":"max-image-preview:large","max-video-preview":"max-video-preview:-1"},"canonical":"https:\/\/swoer.com\/fr\/manufacturer\/automatic-riveting-machine\/","og_locale":"fr_FR","og_type":"article","og_title":"Automatic Riveting Machine - SWOER","og_description":"Experience advanced automation with SOWER's riveting machine. Automate rivet transfer, saving over 30% in labor and boosting efficiency.","og_url":"https:\/\/swoer.com\/fr\/manufacturer\/automatic-riveting-machine\/","og_site_name":"SWOER","article_modified_time":"2024-07-31T01:05:56+00:00","og_image":[{"width":1000,"height":1000,"url":"https:\/\/swoer.com\/wp-content\/uploads\/2024\/04\/auto-rivet-tools.webp","type":"image\/webp"}],"twitter_card":"summary_large_image","twitter_misc":{"Dur\u00e9e de lecture estim\u00e9e":"3 minutes"},"schema":{"@context":"https:\/\/schema.org","@graph":[{"@type":"WebPage","@id":"https:\/\/swoer.com\/manufacturer\/automatic-riveting-machine\/","url":"https:\/\/swoer.com\/manufacturer\/automatic-riveting-machine\/","name":"Automatic Riveting Machine - SWOER","isPartOf":{"@id":"https:\/\/swoer.com\/#website"},"primaryImageOfPage":{"@id":"https:\/\/swoer.com\/manufacturer\/automatic-riveting-machine\/#primaryimage"},"image":{"@id":"https:\/\/swoer.com\/manufacturer\/automatic-riveting-machine\/#primaryimage"},"thumbnailUrl":"https:\/\/swoer.com\/wp-content\/uploads\/2024\/04\/auto-rivet-tools.webp","datePublished":"2024-04-02T08:27:07+00:00","dateModified":"2024-07-31T01:05:56+00:00","description":"Experience advanced automation with SOWER's riveting machine. Automate rivet transfer, saving over 30% in labor and boosting efficiency.","breadcrumb":{"@id":"https:\/\/swoer.com\/manufacturer\/automatic-riveting-machine\/#breadcrumb"},"inLanguage":"fr-FR","potentialAction":[{"@type":"ReadAction","target":["https:\/\/swoer.com\/manufacturer\/automatic-riveting-machine\/"]}]},{"@type":"ImageObject","inLanguage":"fr-FR","@id":"https:\/\/swoer.com\/manufacturer\/automatic-riveting-machine\/#primaryimage","url":"https:\/\/swoer.com\/wp-content\/uploads\/2024\/04\/auto-rivet-tools.webp","contentUrl":"https:\/\/swoer.com\/wp-content\/uploads\/2024\/04\/auto-rivet-tools.webp","width":1000,"height":1000,"caption":"auto rivet tools"},{"@type":"BreadcrumbList","@id":"https:\/\/swoer.com\/manufacturer\/automatic-riveting-machine\/#breadcrumb","itemListElement":[{"@type":"ListItem","position":1,"name":"Home","item":"https:\/\/swoer.com\/"},{"@type":"ListItem","position":2,"name":"Shop","item":"https:\/\/swoer.com\/shop\/"},{"@type":"ListItem","position":3,"name":"Automatic Riveting Machine"}]},{"@type":"WebSite","@id":"https:\/\/swoer.com\/#website","url":"https:\/\/swoer.com\/","name":"SWOER","description":"Swoer is the top 3 vibratory bowl feeder manufacturer in China","potentialAction":[{"@type":"SearchAction","target":{"@type":"EntryPoint","urlTemplate":"https:\/\/swoer.com\/?s={search_term_string}"},"query-input":"required name=search_term_string"}],"inLanguage":"fr-FR"}]}},"_links":{"self":[{"href":"https:\/\/swoer.com\/fr\/wp-json\/wp\/v2\/product\/1839"}],"collection":[{"href":"https:\/\/swoer.com\/fr\/wp-json\/wp\/v2\/product"}],"about":[{"href":"https:\/\/swoer.com\/fr\/wp-json\/wp\/v2\/types\/product"}],"replies":[{"embeddable":true,"href":"https:\/\/swoer.com\/fr\/wp-json\/wp\/v2\/comments?post=1839"}],"wp:featuredmedia":[{"embeddable":true,"href":"https:\/\/swoer.com\/fr\/wp-json\/wp\/v2\/media\/1840"}],"wp:attachment":[{"href":"https:\/\/swoer.com\/fr\/wp-json\/wp\/v2\/media?parent=1839"}],"wp:term":[{"taxonomy":"product_cat","embeddable":true,"href":"https:\/\/swoer.com\/fr\/wp-json\/wp\/v2\/product_cat?post=1839"},{"taxonomy":"product_tag","embeddable":true,"href":"https:\/\/swoer.com\/fr\/wp-json\/wp\/v2\/product_tag?post=1839"}],"curies":[{"name":"wp","href":"https:\/\/api.w.org\/{rel}","templated":true}]}}