{"id":1815,"date":"2024-04-02T02:41:23","date_gmt":"2024-04-02T02:41:23","guid":{"rendered":"https:\/\/lightgrey-porpoise-816575.hostingersite.com\/?post_type=product&#038;p=1815"},"modified":"2024-04-02T02:57:02","modified_gmt":"2024-04-02T02:57:02","slug":"electromagnetic-vibrating-magnetic-feeder","status":"publish","type":"product","link":"https:\/\/swoer.com\/fr\/manufacturer\/electromagnetic-vibrating-magnetic-feeder\/","title":{"rendered":"Alimentateur magn\u00e9tique vibrant \u00e9lectromagn\u00e9tique"},"content":{"rendered":"<p>Faites l\u2019exp\u00e9rience d\u2019une manipulation de mat\u00e9riaux de pr\u00e9cision avec notre alimentateur magn\u00e9tique vibrant \u00e9lectromagn\u00e9tique. Con\u00e7u pour la fiabilit\u00e9, il garantit un flux de mat\u00e9riaux contr\u00f4l\u00e9 pour des processus de production fluides.<\/p>\n<p>Augmentez l\u2019efficacit\u00e9 avec notre alimentateur magn\u00e9tique vibrant \u00e9lectromagn\u00e9tique. Con\u00e7u pour un fonctionnement fluide, il optimise la manutention des mat\u00e9riaux dans diverses applications industrielles.<\/p>\n\t<div id=\"gap-1218225786\" class=\"gap-element clearfix\" style=\"display:block; height:auto;\">\n\t\t\n<style>\n#gap-1218225786 {\n  padding-top: 30px;\n}\n<\/style>\n\t<\/div>\n\t\n<h2>Description:<\/h2>\n<table style=\"border-collapse: collapse; width: 585.77pt;\" border=\"0\" width=\"781\" cellspacing=\"0\" cellpadding=\"0\">\n<tbody>\n<tr style=\"height: 32.00pt;\">\n<td class=\"et3\" style=\"height: 32.00pt; width: 145.50pt;\" width=\"194\" height=\"42\">Nom du produit<\/td>\n<td class=\"et4\" style=\"width: 440.25pt;\" width=\"587\">Alimentateur magn\u00e9tique vibrant \u00e9lectromagn\u00e9tique<\/td>\n<\/tr>\n<tr style=\"height: 32.00pt;\">\n<td class=\"et3\" style=\"height: 32.00pt;\" height=\"42\">Marque<\/td>\n<td class=\"et4\">SWOER<\/td>\n<\/tr>\n<tr style=\"height: 32.00pt;\">\n<td class=\"et3\" style=\"height: 32.00pt;\" height=\"42\">Dimension(L*L*H)<\/td>\n<td class=\"et4\">Sur mesure<\/td>\n<\/tr>\n<tr style=\"height: 32.00pt;\">\n<td class=\"et3\" style=\"height: 32.00pt;\" height=\"42\">Poids<\/td>\n<td class=\"et4\">Sur mesure<\/td>\n<\/tr>\n<tr style=\"height: 32.00pt;\">\n<td class=\"et3\" style=\"height: 32.00pt;\" height=\"42\">Couleur<\/td>\n<td class=\"et4\">Les exigences des clients<\/td>\n<\/tr>\n<tr style=\"height: 32.00pt;\">\n<td class=\"et3\" style=\"height: 32.00pt;\" height=\"42\">Capacit\u00e9 (t\/h)<\/td>\n<td class=\"et4\">0,1-6t\/h<\/td>\n<\/tr>\n<tr style=\"height: 32.00pt;\">\n<td class=\"et3\" style=\"height: 32.00pt;\" height=\"42\">Tension<\/td>\n<td class=\"et4\">85-260V<\/td>\n<\/tr>\n<tr style=\"height: 32.00pt;\">\n<td class=\"et3\" style=\"height: 32.00pt;\" height=\"42\">Fr\u00e9quence<\/td>\n<td class=\"et4\">40-400 Hz<\/td>\n<\/tr>\n<tr style=\"height: 32.00pt;\">\n<td class=\"et3\" style=\"height: 32.00pt;\" height=\"42\">garantie<\/td>\n<td class=\"et4\">1 an<\/td>\n<\/tr>\n<tr style=\"height: 32.00pt;\">\n<td class=\"et3\" style=\"height: 32.00pt;\" height=\"42\">Quantit\u00e9 minimale de commande<\/td>\n<td class=\"et4\">1 jeu<\/td>\n<\/tr>\n<tr style=\"height: 32.00pt;\">\n<td class=\"et3\" style=\"height: 32.00pt;\" height=\"42\">D\u00e9lai de mise en \u0153uvre<\/td>\n<td class=\"et4\">7-10 jours<\/td>\n<\/tr>\n<tr style=\"height: 32.00pt;\">\n<td class=\"et3\" style=\"height: 32.00pt;\" height=\"42\">7-10 jours<\/td>\n<td class=\"et4\">Caisse en contreplaqu\u00e9<\/td>\n<\/tr>\n<tr style=\"height: 32.00pt;\">\n<td class=\"et3\" style=\"height: 32.00pt;\" height=\"42\">D\u00e9lai de paiement<\/td>\n<td class=\"et4\">T\/T 40% D\u00e9p\u00f4t et solde avant exp\u00e9dition<\/td>\n<\/tr>\n<tr style=\"height: 32.00pt;\">\n<td class=\"et3\" style=\"height: 32.00pt;\" height=\"42\">Lieu d&#039;origine<\/td>\n<td class=\"et4\">Guangdong, Chine<\/td>\n<\/tr>\n<\/tbody>\n<\/table>\n\t<div id=\"gap-1857594497\" class=\"gap-element clearfix\" style=\"display:block; height:auto;\">\n\t\t\n<style>\n#gap-1857594497 {\n  padding-top: 30px;\n}\n<\/style>\n\t<\/div>\n\t\n<h2>FAQ:<\/h2>\n<p><strong>1. Comment le chargeur magn\u00e9tique vibrant \u00e9lectromagn\u00e9tique am\u00e9liore-t-il la manutention des mat\u00e9riaux\u00a0?<\/strong><\/p>\n<p>Notre alimentateur magn\u00e9tique vibrant \u00e9lectromagn\u00e9tique assure une alimentation en mat\u00e9riau fluide et pr\u00e9cise, r\u00e9duisant ainsi le risque de bouchons et de blocages. Ses vibrations contr\u00f4l\u00e9es garantissent un d\u00e9bit constant, am\u00e9liorant ainsi l&#039;efficacit\u00e9 globale des processus de manutention.<\/p>\n<p><strong>2. Cette mangeoire peut-elle accueillir diff\u00e9rents types de mat\u00e9riaux\u00a0?<\/strong><\/p>\n<p>Oui, notre doseur est polyvalent et capable de traiter une large gamme de mat\u00e9riaux, des poudres fines aux granul\u00e9s grossiers. Que vous traitiez des min\u00e9raux, des produits chimiques ou des produits alimentaires, notre doseur offre des performances fiables dans diverses industries.<\/p>\n<p><strong>3. Le processus d\u2019installation est-il complexe ?<\/strong><\/p>\n<p>Pas du tout. Notre alimentateur magn\u00e9tique vibrant \u00e9lectromagn\u00e9tique est con\u00e7u pour une installation et une int\u00e9gration faciles dans votre ligne de production existante. Notre \u00e9quipe fournit une assistance compl\u00e8te pour garantir un processus de configuration fluide, minimisant les temps d&#039;arr\u00eat et les interruptions de vos op\u00e9rations.<\/p>\n<p><strong>4. Comment ce chargeur contribue-t-il \u00e0 l&#039;efficacit\u00e9 de la production\u00a0?<\/strong><\/p>\n<p>En assurant une alimentation pr\u00e9cise et contr\u00f4l\u00e9e des mat\u00e9riaux, notre alimentateur minimise les d\u00e9chets et am\u00e9liore l&#039;efficacit\u00e9 globale de la production. Sa technologie \u00e9lectromagn\u00e9tique permet des taux d&#039;alimentation personnalisables, vous permettant d&#039;optimiser le d\u00e9bit en fonction de vos besoins de production sp\u00e9cifiques.<\/p>\n<p><strong>5. Quel type d&#039;entretien est requis pour ce chargeur\u00a0?<\/strong><\/p>\n<p>Notre alimentateur magn\u00e9tique vibrant \u00e9lectromagn\u00e9tique est con\u00e7u pour un fonctionnement n\u00e9cessitant peu d\u2019entretien. Des inspections et un nettoyage r\u00e9guliers sont recommand\u00e9s pour garantir des performances optimales. Notre \u00e9quipe vous conseille sur les meilleures pratiques de maintenance pour vous aider \u00e0 maximiser la dur\u00e9e de vie de votre distributeur.<\/p>","protected":false},"excerpt":{"rendered":"<p>Am\u00e9liorez l&#039;efficacit\u00e9 de votre manutention avec notre alimentateur magn\u00e9tique vibrant \u00e9lectromagn\u00e9tique. Con\u00e7u avec pr\u00e9cision pour un fonctionnement fluide, il garantit un flux de mat\u00e9riaux coh\u00e9rent et contr\u00f4l\u00e9, optimisant ainsi vos processus de production sans effort.<\/p>","protected":false},"featured_media":1816,"comment_status":"open","ping_status":"closed","template":"","meta":[],"product_cat":[38],"product_tag":[],"yoast_head":"<!-- This site is optimized with the Yoast SEO plugin v22.2 - https:\/\/yoast.com\/wordpress\/plugins\/seo\/ -->\n<title>Electromagnetic Vibrating Magnetic Feeder - SWOER<\/title>\n<meta name=\"robots\" content=\"index, follow, max-snippet:-1, max-image-preview:large, max-video-preview:-1\" \/>\n<link rel=\"canonical\" href=\"https:\/\/swoer.com\/fr\/manufacturer\/electromagnetic-vibrating-magnetic-feeder\/\" \/>\n<meta property=\"og:locale\" content=\"fr_FR\" \/>\n<meta property=\"og:type\" content=\"article\" \/>\n<meta property=\"og:title\" content=\"Electromagnetic Vibrating Magnetic Feeder - SWOER\" \/>\n<meta property=\"og:description\" content=\"Elevate your material handling efficiency with our Electromagnetic Vibrating Magnetic Feeder. Precisely engineered for seamless operation, it ensures consistent and controlled material flow, optimizing your production processes effortlessly.\" \/>\n<meta property=\"og:url\" content=\"https:\/\/swoer.com\/fr\/manufacturer\/electromagnetic-vibrating-magnetic-feeder\/\" \/>\n<meta property=\"og:site_name\" content=\"SWOER\" \/>\n<meta property=\"article:modified_time\" content=\"2024-04-02T02:57:02+00:00\" \/>\n<meta property=\"og:image\" content=\"https:\/\/swoer.com\/wp-content\/uploads\/2024\/04\/Electromagnetic-Vibrating-Magnetic-Feeder.webp\" \/>\n\t<meta property=\"og:image:width\" content=\"1000\" \/>\n\t<meta property=\"og:image:height\" content=\"1000\" \/>\n\t<meta property=\"og:image:type\" content=\"image\/webp\" \/>\n<meta name=\"twitter:card\" content=\"summary_large_image\" \/>\n<script type=\"application\/ld+json\" class=\"yoast-schema-graph\">{\"@context\":\"https:\/\/schema.org\",\"@graph\":[{\"@type\":\"WebPage\",\"@id\":\"https:\/\/swoer.com\/manufacturer\/electromagnetic-vibrating-magnetic-feeder\/\",\"url\":\"https:\/\/swoer.com\/manufacturer\/electromagnetic-vibrating-magnetic-feeder\/\",\"name\":\"Electromagnetic Vibrating Magnetic Feeder - SWOER\",\"isPartOf\":{\"@id\":\"https:\/\/swoer.com\/#website\"},\"primaryImageOfPage\":{\"@id\":\"https:\/\/swoer.com\/manufacturer\/electromagnetic-vibrating-magnetic-feeder\/#primaryimage\"},\"image\":{\"@id\":\"https:\/\/swoer.com\/manufacturer\/electromagnetic-vibrating-magnetic-feeder\/#primaryimage\"},\"thumbnailUrl\":\"https:\/\/swoer.com\/wp-content\/uploads\/2024\/04\/Electromagnetic-Vibrating-Magnetic-Feeder.webp\",\"datePublished\":\"2024-04-02T02:41:23+00:00\",\"dateModified\":\"2024-04-02T02:57:02+00:00\",\"breadcrumb\":{\"@id\":\"https:\/\/swoer.com\/manufacturer\/electromagnetic-vibrating-magnetic-feeder\/#breadcrumb\"},\"inLanguage\":\"fr-FR\",\"potentialAction\":[{\"@type\":\"ReadAction\",\"target\":[\"https:\/\/swoer.com\/manufacturer\/electromagnetic-vibrating-magnetic-feeder\/\"]}]},{\"@type\":\"ImageObject\",\"inLanguage\":\"fr-FR\",\"@id\":\"https:\/\/swoer.com\/manufacturer\/electromagnetic-vibrating-magnetic-feeder\/#primaryimage\",\"url\":\"https:\/\/swoer.com\/wp-content\/uploads\/2024\/04\/Electromagnetic-Vibrating-Magnetic-Feeder.webp\",\"contentUrl\":\"https:\/\/swoer.com\/wp-content\/uploads\/2024\/04\/Electromagnetic-Vibrating-Magnetic-Feeder.webp\",\"width\":1000,\"height\":1000,\"caption\":\"Electromagnetic Vibrating Magnetic Feeder\"},{\"@type\":\"BreadcrumbList\",\"@id\":\"https:\/\/swoer.com\/manufacturer\/electromagnetic-vibrating-magnetic-feeder\/#breadcrumb\",\"itemListElement\":[{\"@type\":\"ListItem\",\"position\":1,\"name\":\"Home\",\"item\":\"https:\/\/swoer.com\/\"},{\"@type\":\"ListItem\",\"position\":2,\"name\":\"Shop\",\"item\":\"https:\/\/swoer.com\/shop\/\"},{\"@type\":\"ListItem\",\"position\":3,\"name\":\"Electromagnetic Vibrating Magnetic Feeder\"}]},{\"@type\":\"WebSite\",\"@id\":\"https:\/\/swoer.com\/#website\",\"url\":\"https:\/\/swoer.com\/\",\"name\":\"SWOER\",\"description\":\"Swoer is the top 3 vibratory bowl feeder manufacturer in China\",\"potentialAction\":[{\"@type\":\"SearchAction\",\"target\":{\"@type\":\"EntryPoint\",\"urlTemplate\":\"https:\/\/swoer.com\/?s={search_term_string}\"},\"query-input\":\"required name=search_term_string\"}],\"inLanguage\":\"fr-FR\"}]}<\/script>\n<!-- \/ Yoast SEO plugin. -->","yoast_head_json":{"title":"Electromagnetic Vibrating Magnetic Feeder - SWOER","robots":{"index":"index","follow":"follow","max-snippet":"max-snippet:-1","max-image-preview":"max-image-preview:large","max-video-preview":"max-video-preview:-1"},"canonical":"https:\/\/swoer.com\/fr\/manufacturer\/electromagnetic-vibrating-magnetic-feeder\/","og_locale":"fr_FR","og_type":"article","og_title":"Electromagnetic Vibrating Magnetic Feeder - SWOER","og_description":"Elevate your material handling efficiency with our Electromagnetic Vibrating Magnetic Feeder. Precisely engineered for seamless operation, it ensures consistent and controlled material flow, optimizing your production processes effortlessly.","og_url":"https:\/\/swoer.com\/fr\/manufacturer\/electromagnetic-vibrating-magnetic-feeder\/","og_site_name":"SWOER","article_modified_time":"2024-04-02T02:57:02+00:00","og_image":[{"width":1000,"height":1000,"url":"https:\/\/swoer.com\/wp-content\/uploads\/2024\/04\/Electromagnetic-Vibrating-Magnetic-Feeder.webp","type":"image\/webp"}],"twitter_card":"summary_large_image","schema":{"@context":"https:\/\/schema.org","@graph":[{"@type":"WebPage","@id":"https:\/\/swoer.com\/manufacturer\/electromagnetic-vibrating-magnetic-feeder\/","url":"https:\/\/swoer.com\/manufacturer\/electromagnetic-vibrating-magnetic-feeder\/","name":"Electromagnetic Vibrating Magnetic Feeder - SWOER","isPartOf":{"@id":"https:\/\/swoer.com\/#website"},"primaryImageOfPage":{"@id":"https:\/\/swoer.com\/manufacturer\/electromagnetic-vibrating-magnetic-feeder\/#primaryimage"},"image":{"@id":"https:\/\/swoer.com\/manufacturer\/electromagnetic-vibrating-magnetic-feeder\/#primaryimage"},"thumbnailUrl":"https:\/\/swoer.com\/wp-content\/uploads\/2024\/04\/Electromagnetic-Vibrating-Magnetic-Feeder.webp","datePublished":"2024-04-02T02:41:23+00:00","dateModified":"2024-04-02T02:57:02+00:00","breadcrumb":{"@id":"https:\/\/swoer.com\/manufacturer\/electromagnetic-vibrating-magnetic-feeder\/#breadcrumb"},"inLanguage":"fr-FR","potentialAction":[{"@type":"ReadAction","target":["https:\/\/swoer.com\/manufacturer\/electromagnetic-vibrating-magnetic-feeder\/"]}]},{"@type":"ImageObject","inLanguage":"fr-FR","@id":"https:\/\/swoer.com\/manufacturer\/electromagnetic-vibrating-magnetic-feeder\/#primaryimage","url":"https:\/\/swoer.com\/wp-content\/uploads\/2024\/04\/Electromagnetic-Vibrating-Magnetic-Feeder.webp","contentUrl":"https:\/\/swoer.com\/wp-content\/uploads\/2024\/04\/Electromagnetic-Vibrating-Magnetic-Feeder.webp","width":1000,"height":1000,"caption":"Electromagnetic Vibrating Magnetic Feeder"},{"@type":"BreadcrumbList","@id":"https:\/\/swoer.com\/manufacturer\/electromagnetic-vibrating-magnetic-feeder\/#breadcrumb","itemListElement":[{"@type":"ListItem","position":1,"name":"Home","item":"https:\/\/swoer.com\/"},{"@type":"ListItem","position":2,"name":"Shop","item":"https:\/\/swoer.com\/shop\/"},{"@type":"ListItem","position":3,"name":"Electromagnetic Vibrating Magnetic Feeder"}]},{"@type":"WebSite","@id":"https:\/\/swoer.com\/#website","url":"https:\/\/swoer.com\/","name":"SWOER","description":"Swoer is the top 3 vibratory bowl feeder manufacturer in China","potentialAction":[{"@type":"SearchAction","target":{"@type":"EntryPoint","urlTemplate":"https:\/\/swoer.com\/?s={search_term_string}"},"query-input":"required name=search_term_string"}],"inLanguage":"fr-FR"}]}},"_links":{"self":[{"href":"https:\/\/swoer.com\/fr\/wp-json\/wp\/v2\/product\/1815"}],"collection":[{"href":"https:\/\/swoer.com\/fr\/wp-json\/wp\/v2\/product"}],"about":[{"href":"https:\/\/swoer.com\/fr\/wp-json\/wp\/v2\/types\/product"}],"replies":[{"embeddable":true,"href":"https:\/\/swoer.com\/fr\/wp-json\/wp\/v2\/comments?post=1815"}],"wp:featuredmedia":[{"embeddable":true,"href":"https:\/\/swoer.com\/fr\/wp-json\/wp\/v2\/media\/1816"}],"wp:attachment":[{"href":"https:\/\/swoer.com\/fr\/wp-json\/wp\/v2\/media?parent=1815"}],"wp:term":[{"taxonomy":"product_cat","embeddable":true,"href":"https:\/\/swoer.com\/fr\/wp-json\/wp\/v2\/product_cat?post=1815"},{"taxonomy":"product_tag","embeddable":true,"href":"https:\/\/swoer.com\/fr\/wp-json\/wp\/v2\/product_tag?post=1815"}],"curies":[{"name":"wp","href":"https:\/\/api.w.org\/{rel}","templated":true}]}}