{"id":1806,"date":"2024-04-02T01:56:57","date_gmt":"2024-04-02T01:56:57","guid":{"rendered":"https:\/\/lightgrey-porpoise-816575.hostingersite.com\/?post_type=product&#038;p=1806"},"modified":"2024-04-02T02:06:28","modified_gmt":"2024-04-02T02:06:28","slug":"hopper-elevator-conveyor-automation","status":"publish","type":"product","link":"https:\/\/swoer.com\/fr\/manufacturer\/hopper-elevator-conveyor-automation\/","title":{"rendered":"Automatisation du convoyeur \u00e9l\u00e9vateur \u00e0 tr\u00e9mie"},"content":{"rendered":"<p>Faites l\u2019exp\u00e9rience d\u2019une efficacit\u00e9 de manutention transparente avec notre solution de pointe d\u2019automatisation des convoyeurs \u00e0 tr\u00e9mie. Con\u00e7u pour la fiabilit\u00e9 et la pr\u00e9cision, notre syst\u00e8me optimise le flux de travail en transf\u00e9rant de mani\u00e8re transparente les mat\u00e9riaux entre les diff\u00e9rentes \u00e9tapes de production. Con\u00e7u avec une technologie pneumatique avanc\u00e9e, il assure un mouvement vertical fluide et efficace, am\u00e9liorant ainsi la productivit\u00e9 tout en minimisant les temps d&#039;arr\u00eat. Faites confiance \u00e0 notre expertise pour rationaliser vos op\u00e9rations et augmenter vos capacit\u00e9s de production.<\/p>\n<h2>Description:<\/h2>\n<table style=\"border-collapse: collapse; width: 464.27pt;\" border=\"0\" width=\"619\" cellspacing=\"0\" cellpadding=\"0\">\n<tbody>\n<tr style=\"height: 32.00pt;\">\n<td class=\"et3\" style=\"height: 32.00pt; width: 145.50pt;\" width=\"194\" height=\"42\">Nom du produit<\/td>\n<td class=\"et4\" style=\"width: 318.75pt;\" width=\"425\">Automatisation du convoyeur \u00e9l\u00e9vateur \u00e0 tr\u00e9mie<\/td>\n<\/tr>\n<tr style=\"height: 32.00pt;\">\n<td class=\"et3\" style=\"height: 32.00pt;\" height=\"42\">Marque<\/td>\n<td class=\"et4\">SWOER<\/td>\n<\/tr>\n<tr style=\"height: 32.00pt;\">\n<td class=\"et3\" style=\"height: 32.00pt;\" height=\"42\">Dimension(L*L*H)<\/td>\n<td class=\"et4\">2200*1000*1500mm<\/td>\n<\/tr>\n<tr style=\"height: 32.00pt;\">\n<td class=\"et3\" style=\"height: 32.00pt;\" height=\"42\">Poids<\/td>\n<td class=\"et4\">120 kg<\/td>\n<\/tr>\n<tr style=\"height: 32.00pt;\">\n<td class=\"et3\" style=\"height: 32.00pt;\" height=\"42\">Couleur<\/td>\n<td class=\"et4\">Les exigences des clients<\/td>\n<\/tr>\n<tr style=\"height: 32.00pt;\">\n<td class=\"et3\" style=\"height: 32.00pt;\" height=\"42\">Capacit\u00e9 (t\/h)<\/td>\n<td class=\"et4\">0,1-6t\/h<\/td>\n<\/tr>\n<tr style=\"height: 32.00pt;\">\n<td class=\"et3\" style=\"height: 32.00pt;\" height=\"42\">Tension<\/td>\n<td class=\"et4\">85-260V<\/td>\n<\/tr>\n<tr style=\"height: 32.00pt;\">\n<td class=\"et3\" style=\"height: 32.00pt;\" height=\"42\">Fr\u00e9quence<\/td>\n<td class=\"et4\">40-400 Hz<\/td>\n<\/tr>\n<tr style=\"height: 32.00pt;\">\n<td class=\"et3\" style=\"height: 32.00pt;\" height=\"42\">garantie<\/td>\n<td class=\"et4\">1 an<\/td>\n<\/tr>\n<tr style=\"height: 32.00pt;\">\n<td class=\"et3\" style=\"height: 32.00pt;\" height=\"42\">Quantit\u00e9 minimale de commande<\/td>\n<td class=\"et4\">1 jeu<\/td>\n<\/tr>\n<tr style=\"height: 32.00pt;\">\n<td class=\"et3\" style=\"height: 32.00pt;\" height=\"42\">D\u00e9lai de mise en \u0153uvre<\/td>\n<td class=\"et4\">7-10 jours<\/td>\n<\/tr>\n<tr style=\"height: 32.00pt;\">\n<td class=\"et3\" style=\"height: 32.00pt;\" height=\"42\">7-10 jours<\/td>\n<td class=\"et4\">Caisse en contreplaqu\u00e9<\/td>\n<\/tr>\n<tr style=\"height: 32.00pt;\">\n<td class=\"et3\" style=\"height: 32.00pt;\" height=\"42\">D\u00e9lai de paiement<\/td>\n<td class=\"et4\">T\/T 40% D\u00e9p\u00f4t et solde avant exp\u00e9dition<\/td>\n<\/tr>\n<tr style=\"height: 32.00pt;\">\n<td class=\"et3\" style=\"height: 32.00pt;\" height=\"42\">Lieu d&#039;origine<\/td>\n<td class=\"et4\">Guangdong, Chine<\/td>\n<\/tr>\n<\/tbody>\n<\/table>\n<h2>FAQ:<\/h2>\n\t<div id=\"gap-1356415758\" class=\"gap-element clearfix\" style=\"display:block; height:auto;\">\n\t\t\n<style>\n#gap-1356415758 {\n  padding-top: 30px;\n}\n<\/style>\n\t<\/div>\n\t\n<p><strong>1. Comment l&#039;automatisation du convoyeur \u00e0 \u00e9l\u00e9vateur \u00e0 tr\u00e9mie am\u00e9liore-t-elle la productivit\u00e9\u00a0?<\/strong><\/p>\n<p>Notre automatisation de convoyeur \u00e0 \u00e9l\u00e9vateur \u00e0 tr\u00e9mie rationalise les processus de manutention des mat\u00e9riaux, garantissant un transfert transparent entre les \u00e9tapes de production. En automatisant ces t\u00e2ches, il \u00e9limine les goulots d&#039;\u00e9tranglement, r\u00e9duit le travail manuel et optimise l&#039;efficacit\u00e9 du flux de travail, augmentant ainsi la productivit\u00e9 globale.<\/p>\n<p><strong>2. Le syst\u00e8me est-il fiable et durable pour un fonctionnement continu\u00a0?<\/strong><\/p>\n<p>Absolument. Con\u00e7u avec des composants robustes et une technologie d\u2019automatisation avanc\u00e9e, notre syst\u00e8me de convoyeur \u00e9l\u00e9vateur \u00e0 tr\u00e9mie est con\u00e7u pour r\u00e9sister aux environnements industriels rigoureux. De la production en grand volume au fonctionnement 24h\/24 et 7j\/7, la fiabilit\u00e9 est au c\u0153ur de notre conception, garantissant des performances ininterrompues.<\/p>\n<p><strong>3. Le syst\u00e8me peut-il \u00eatre personnalis\u00e9 pour r\u00e9pondre \u00e0 des exigences de production sp\u00e9cifiques ?<\/strong><\/p>\n<p>Oui, la flexibilit\u00e9 est la cl\u00e9. Nous comprenons que chaque installation de production a des besoins uniques. Notre automatisation de convoyeur \u00e0 \u00e9l\u00e9vateur \u00e0 tr\u00e9mie peut \u00eatre adapt\u00e9e pour s&#039;adapter \u00e0 diff\u00e9rents types de mat\u00e9riaux, configurations de production et demandes de d\u00e9bit. Que vous ayez besoin de dimensions sp\u00e9cifiques, d&#039;ajustements de vitesse ou d&#039;int\u00e9gration avec des syst\u00e8mes existants, nous proposons des solutions personnalisables pour r\u00e9pondre exactement \u00e0 vos besoins.<\/p>\n<p><strong>4. Comment le syst\u00e8me d&#039;automatisation contribue-t-il \u00e0 la s\u00e9curit\u00e9 des travailleurs\u00a0?<\/strong><\/p>\n<p>La s\u00e9curit\u00e9 est primordiale dans tout environnement de production. Notre automatisation de convoyeur \u00e9l\u00e9vateur \u00e0 tr\u00e9mie r\u00e9duit le besoin de t\u00e2ches de manutention manuelle, minimisant ainsi le risque d&#039;accidents du travail et de microtraumatismes r\u00e9p\u00e9t\u00e9s. En automatisant ces processus, cela cr\u00e9e un environnement de travail plus s\u00fbr pour votre \u00e9quipe, leur permettant de se concentrer sur des t\u00e2ches plus comp\u00e9tentes et \u00e0 valeur ajout\u00e9e.<\/p>\n<p><strong>5. Quels types de services de support technique et de maintenance fournissez-vous\u00a0?<\/strong><\/p>\n<p>Nous accordons la priorit\u00e9 \u00e0 la satisfaction du client et au succ\u00e8s \u00e0 long terme. Notre \u00e9quipe d\u2019experts propose des services complets d\u2019assistance technique et de maintenance pour assurer le bon fonctionnement de votre syst\u00e8me de convoyeur \u00e9l\u00e9vateur \u00e0 tr\u00e9mie. De l\u2019installation initiale et de la formation \u00e0 la maintenance continue et au d\u00e9pannage, nous nous engageons \u00e0 fournir une assistance rapide et \u00e0 maximiser la disponibilit\u00e9 de votre \u00e9quipement.<\/p>","protected":false},"excerpt":{"rendered":"<p>Optimisez la production avec notre automatisation de convoyeur \u00e0 tr\u00e9mie. Manipulation efficace des mat\u00e9riaux et flux de travail fluide. Faites confiance \u00e0 notre expertise pour booster la productivit\u00e9.<\/p>","protected":false},"featured_media":1807,"comment_status":"open","ping_status":"closed","template":"","meta":[],"product_cat":[38],"product_tag":[],"yoast_head":"<!-- This site is optimized with the Yoast SEO plugin v22.2 - https:\/\/yoast.com\/wordpress\/plugins\/seo\/ -->\n<title>Hopper Elevator Conveyor Automation - SWOER<\/title>\n<meta name=\"robots\" content=\"index, follow, max-snippet:-1, max-image-preview:large, max-video-preview:-1\" \/>\n<link rel=\"canonical\" href=\"https:\/\/swoer.com\/fr\/manufacturer\/hopper-elevator-conveyor-automation\/\" \/>\n<meta property=\"og:locale\" content=\"fr_FR\" \/>\n<meta property=\"og:type\" content=\"article\" \/>\n<meta property=\"og:title\" content=\"Hopper Elevator Conveyor Automation - SWOER\" \/>\n<meta property=\"og:description\" content=\"Optimize production with our Hopper Elevator Conveyor Automation. Efficient material handling, and seamless workflow. Trust our expertise to boost productivity.\" \/>\n<meta property=\"og:url\" content=\"https:\/\/swoer.com\/fr\/manufacturer\/hopper-elevator-conveyor-automation\/\" \/>\n<meta property=\"og:site_name\" content=\"SWOER\" \/>\n<meta property=\"article:modified_time\" content=\"2024-04-02T02:06:28+00:00\" \/>\n<meta property=\"og:image\" content=\"https:\/\/swoer.com\/wp-content\/uploads\/2024\/04\/Hopper-Elevator-Conveyor-Automation.webp\" \/>\n\t<meta property=\"og:image:width\" content=\"1000\" \/>\n\t<meta property=\"og:image:height\" content=\"1000\" \/>\n\t<meta property=\"og:image:type\" content=\"image\/webp\" \/>\n<meta name=\"twitter:card\" content=\"summary_large_image\" \/>\n<meta name=\"twitter:label1\" content=\"Dur\u00e9e de lecture estim\u00e9e\" \/>\n\t<meta name=\"twitter:data1\" content=\"1 minute\" \/>\n<script type=\"application\/ld+json\" class=\"yoast-schema-graph\">{\"@context\":\"https:\/\/schema.org\",\"@graph\":[{\"@type\":\"WebPage\",\"@id\":\"https:\/\/swoer.com\/manufacturer\/hopper-elevator-conveyor-automation\/\",\"url\":\"https:\/\/swoer.com\/manufacturer\/hopper-elevator-conveyor-automation\/\",\"name\":\"Hopper Elevator Conveyor Automation - SWOER\",\"isPartOf\":{\"@id\":\"https:\/\/swoer.com\/#website\"},\"primaryImageOfPage\":{\"@id\":\"https:\/\/swoer.com\/manufacturer\/hopper-elevator-conveyor-automation\/#primaryimage\"},\"image\":{\"@id\":\"https:\/\/swoer.com\/manufacturer\/hopper-elevator-conveyor-automation\/#primaryimage\"},\"thumbnailUrl\":\"https:\/\/swoer.com\/wp-content\/uploads\/2024\/04\/Hopper-Elevator-Conveyor-Automation.webp\",\"datePublished\":\"2024-04-02T01:56:57+00:00\",\"dateModified\":\"2024-04-02T02:06:28+00:00\",\"breadcrumb\":{\"@id\":\"https:\/\/swoer.com\/manufacturer\/hopper-elevator-conveyor-automation\/#breadcrumb\"},\"inLanguage\":\"fr-FR\",\"potentialAction\":[{\"@type\":\"ReadAction\",\"target\":[\"https:\/\/swoer.com\/manufacturer\/hopper-elevator-conveyor-automation\/\"]}]},{\"@type\":\"ImageObject\",\"inLanguage\":\"fr-FR\",\"@id\":\"https:\/\/swoer.com\/manufacturer\/hopper-elevator-conveyor-automation\/#primaryimage\",\"url\":\"https:\/\/swoer.com\/wp-content\/uploads\/2024\/04\/Hopper-Elevator-Conveyor-Automation.webp\",\"contentUrl\":\"https:\/\/swoer.com\/wp-content\/uploads\/2024\/04\/Hopper-Elevator-Conveyor-Automation.webp\",\"width\":1000,\"height\":1000,\"caption\":\"Hopper Elevator Conveyor Automation\"},{\"@type\":\"BreadcrumbList\",\"@id\":\"https:\/\/swoer.com\/manufacturer\/hopper-elevator-conveyor-automation\/#breadcrumb\",\"itemListElement\":[{\"@type\":\"ListItem\",\"position\":1,\"name\":\"Home\",\"item\":\"https:\/\/swoer.com\/\"},{\"@type\":\"ListItem\",\"position\":2,\"name\":\"Shop\",\"item\":\"https:\/\/swoer.com\/shop\/\"},{\"@type\":\"ListItem\",\"position\":3,\"name\":\"Hopper Elevator Conveyor Automation\"}]},{\"@type\":\"WebSite\",\"@id\":\"https:\/\/swoer.com\/#website\",\"url\":\"https:\/\/swoer.com\/\",\"name\":\"SWOER\",\"description\":\"Swoer is the top 3 vibratory bowl feeder manufacturer in China\",\"potentialAction\":[{\"@type\":\"SearchAction\",\"target\":{\"@type\":\"EntryPoint\",\"urlTemplate\":\"https:\/\/swoer.com\/?s={search_term_string}\"},\"query-input\":\"required name=search_term_string\"}],\"inLanguage\":\"fr-FR\"}]}<\/script>\n<!-- \/ Yoast SEO plugin. -->","yoast_head_json":{"title":"Hopper Elevator Conveyor Automation - SWOER","robots":{"index":"index","follow":"follow","max-snippet":"max-snippet:-1","max-image-preview":"max-image-preview:large","max-video-preview":"max-video-preview:-1"},"canonical":"https:\/\/swoer.com\/fr\/manufacturer\/hopper-elevator-conveyor-automation\/","og_locale":"fr_FR","og_type":"article","og_title":"Hopper Elevator Conveyor Automation - SWOER","og_description":"Optimize production with our Hopper Elevator Conveyor Automation. Efficient material handling, and seamless workflow. Trust our expertise to boost productivity.","og_url":"https:\/\/swoer.com\/fr\/manufacturer\/hopper-elevator-conveyor-automation\/","og_site_name":"SWOER","article_modified_time":"2024-04-02T02:06:28+00:00","og_image":[{"width":1000,"height":1000,"url":"https:\/\/swoer.com\/wp-content\/uploads\/2024\/04\/Hopper-Elevator-Conveyor-Automation.webp","type":"image\/webp"}],"twitter_card":"summary_large_image","twitter_misc":{"Dur\u00e9e de lecture estim\u00e9e":"1 minute"},"schema":{"@context":"https:\/\/schema.org","@graph":[{"@type":"WebPage","@id":"https:\/\/swoer.com\/manufacturer\/hopper-elevator-conveyor-automation\/","url":"https:\/\/swoer.com\/manufacturer\/hopper-elevator-conveyor-automation\/","name":"Hopper Elevator Conveyor Automation - SWOER","isPartOf":{"@id":"https:\/\/swoer.com\/#website"},"primaryImageOfPage":{"@id":"https:\/\/swoer.com\/manufacturer\/hopper-elevator-conveyor-automation\/#primaryimage"},"image":{"@id":"https:\/\/swoer.com\/manufacturer\/hopper-elevator-conveyor-automation\/#primaryimage"},"thumbnailUrl":"https:\/\/swoer.com\/wp-content\/uploads\/2024\/04\/Hopper-Elevator-Conveyor-Automation.webp","datePublished":"2024-04-02T01:56:57+00:00","dateModified":"2024-04-02T02:06:28+00:00","breadcrumb":{"@id":"https:\/\/swoer.com\/manufacturer\/hopper-elevator-conveyor-automation\/#breadcrumb"},"inLanguage":"fr-FR","potentialAction":[{"@type":"ReadAction","target":["https:\/\/swoer.com\/manufacturer\/hopper-elevator-conveyor-automation\/"]}]},{"@type":"ImageObject","inLanguage":"fr-FR","@id":"https:\/\/swoer.com\/manufacturer\/hopper-elevator-conveyor-automation\/#primaryimage","url":"https:\/\/swoer.com\/wp-content\/uploads\/2024\/04\/Hopper-Elevator-Conveyor-Automation.webp","contentUrl":"https:\/\/swoer.com\/wp-content\/uploads\/2024\/04\/Hopper-Elevator-Conveyor-Automation.webp","width":1000,"height":1000,"caption":"Hopper Elevator Conveyor Automation"},{"@type":"BreadcrumbList","@id":"https:\/\/swoer.com\/manufacturer\/hopper-elevator-conveyor-automation\/#breadcrumb","itemListElement":[{"@type":"ListItem","position":1,"name":"Home","item":"https:\/\/swoer.com\/"},{"@type":"ListItem","position":2,"name":"Shop","item":"https:\/\/swoer.com\/shop\/"},{"@type":"ListItem","position":3,"name":"Hopper Elevator Conveyor Automation"}]},{"@type":"WebSite","@id":"https:\/\/swoer.com\/#website","url":"https:\/\/swoer.com\/","name":"SWOER","description":"Swoer is the top 3 vibratory bowl feeder manufacturer in China","potentialAction":[{"@type":"SearchAction","target":{"@type":"EntryPoint","urlTemplate":"https:\/\/swoer.com\/?s={search_term_string}"},"query-input":"required name=search_term_string"}],"inLanguage":"fr-FR"}]}},"_links":{"self":[{"href":"https:\/\/swoer.com\/fr\/wp-json\/wp\/v2\/product\/1806"}],"collection":[{"href":"https:\/\/swoer.com\/fr\/wp-json\/wp\/v2\/product"}],"about":[{"href":"https:\/\/swoer.com\/fr\/wp-json\/wp\/v2\/types\/product"}],"replies":[{"embeddable":true,"href":"https:\/\/swoer.com\/fr\/wp-json\/wp\/v2\/comments?post=1806"}],"wp:featuredmedia":[{"embeddable":true,"href":"https:\/\/swoer.com\/fr\/wp-json\/wp\/v2\/media\/1807"}],"wp:attachment":[{"href":"https:\/\/swoer.com\/fr\/wp-json\/wp\/v2\/media?parent=1806"}],"wp:term":[{"taxonomy":"product_cat","embeddable":true,"href":"https:\/\/swoer.com\/fr\/wp-json\/wp\/v2\/product_cat?post=1806"},{"taxonomy":"product_tag","embeddable":true,"href":"https:\/\/swoer.com\/fr\/wp-json\/wp\/v2\/product_tag?post=1806"}],"curies":[{"name":"wp","href":"https:\/\/api.w.org\/{rel}","templated":true}]}}