{"id":1798,"date":"2024-04-01T05:59:22","date_gmt":"2024-04-01T05:59:22","guid":{"rendered":"https:\/\/lightgrey-porpoise-816575.hostingersite.com\/?post_type=product&#038;p=1798"},"modified":"2024-04-01T06:09:12","modified_gmt":"2024-04-01T06:09:12","slug":"centrifugal-hopper-feeders-in-automation","status":"publish","type":"product","link":"https:\/\/swoer.com\/fr\/manufacturer\/centrifugal-hopper-feeders-in-automation\/","title":{"rendered":"Alimentateurs \u00e0 tr\u00e9mie centrifuges en automatisation"},"content":{"rendered":"<p>Avec plus d\u2019une d\u00e9cennie d\u2019expertise dans la conception et la production professionnelles, nous nous sp\u00e9cialisons dans les alimentateurs centrifuges \u00e0 tr\u00e9mie. Faites confiance \u00e0 nos solutions fiables pour une automatisation transparente dans diverses industries.<\/p>\n\t<div id=\"gap-1111218436\" class=\"gap-element clearfix\" style=\"display:block; height:auto;\">\n\t\t\n<style>\n#gap-1111218436 {\n  padding-top: 30px;\n}\n<\/style>\n\t<\/div>\n\t\n<h2>Description:<\/h2>\n<table style=\"border-collapse: collapse; width: 488.27pt;\" border=\"0\" width=\"651\" cellspacing=\"0\" cellpadding=\"0\">\n<tbody>\n<tr style=\"height: 30.00pt;\">\n<td class=\"et3\" style=\"height: 30.00pt; width: 210.75pt;\" width=\"281\" height=\"40\">Nom<\/td>\n<td class=\"et3\" style=\"width: 277.50pt;\" width=\"370\">Alimentateurs \u00e0 tr\u00e9mie centrifuges en automatisation<\/td>\n<\/tr>\n<tr style=\"height: 29.00pt;\">\n<td class=\"et3\" style=\"height: 29.00pt;\" height=\"38\">Marque<\/td>\n<td class=\"et3\">SWOER<\/td>\n<\/tr>\n<tr style=\"height: 25.00pt;\">\n<td class=\"et3\" style=\"height: 25.00pt;\" height=\"33\">Mat\u00e9riel<\/td>\n<td class=\"et3\">SUS304, plastique<\/td>\n<\/tr>\n<tr style=\"height: 30.00pt;\">\n<td class=\"et3\" style=\"height: 30.00pt;\" height=\"40\">Taille<\/td>\n<td class=\"et3\">Coutume<\/td>\n<\/tr>\n<tr style=\"height: 30.00pt;\">\n<td class=\"et3\" style=\"height: 30.00pt;\" height=\"40\">Fonction<\/td>\n<td class=\"et3\">Mat\u00e9riel de transport<\/td>\n<\/tr>\n<tr style=\"height: 30.00pt;\">\n<td class=\"et3\" style=\"height: 30.00pt;\" height=\"40\">Usage<\/td>\n<td class=\"et3\">Trieur, compte<\/td>\n<\/tr>\n<tr style=\"height: 28.00pt;\">\n<td class=\"et3\" style=\"height: 28.00pt;\" height=\"37\">Avantage<\/td>\n<td class=\"et3\">\u00c9conomiser les ressources humaines<\/td>\n<\/tr>\n<tr style=\"height: 32.00pt;\">\n<td class=\"et3\" style=\"height: 32.00pt;\" height=\"42\">Type de machine<\/td>\n<td class=\"et3\">Ensemble complet<\/td>\n<\/tr>\n<tr style=\"height: 29.00pt;\">\n<td class=\"et3\" style=\"height: 29.00pt;\" height=\"38\">Article<\/td>\n<td class=\"et3\">\u00c9quipement automatique<\/td>\n<\/tr>\n<tr style=\"height: 33.00pt;\">\n<td class=\"et3\" style=\"height: 33.00pt;\" height=\"44\">Industries applicables<\/td>\n<td class=\"et3\">Usine de fabrication, fermes, industrielles<\/td>\n<\/tr>\n<tr style=\"height: 31.00pt;\">\n<td class=\"et3\" style=\"height: 31.00pt;\" height=\"41\">Service apr\u00e8s-vente fourni<\/td>\n<td class=\"et3\">Support technique vid\u00e9o, support en ligne<\/td>\n<\/tr>\n<\/tbody>\n<\/table>","protected":false},"excerpt":{"rendered":"<p>-MOQ\u00a0: 1\u00a0pi\u00e8ce<\/p>\n<p>-Service OEM\/ODM offert<\/p>\n<p>-Accepter la personnalisation<\/p>\n<p>Si vous souhaitez obtenir les prix des alimentateurs \u00e0 tr\u00e9mie centrifuge, veuillez nous contacter.<\/p>","protected":false},"featured_media":1799,"comment_status":"open","ping_status":"closed","template":"","meta":[],"product_cat":[36],"product_tag":[],"yoast_head":"<!-- This site is optimized with the Yoast SEO plugin v22.2 - https:\/\/yoast.com\/wordpress\/plugins\/seo\/ -->\n<title>Centrifugal Hopper Feeders in Automation - SWOER<\/title>\n<meta name=\"robots\" content=\"index, follow, max-snippet:-1, max-image-preview:large, max-video-preview:-1\" \/>\n<link rel=\"canonical\" href=\"https:\/\/swoer.com\/fr\/manufacturer\/centrifugal-hopper-feeders-in-automation\/\" \/>\n<meta property=\"og:locale\" content=\"fr_FR\" \/>\n<meta property=\"og:type\" content=\"article\" \/>\n<meta property=\"og:title\" content=\"Centrifugal Hopper Feeders in Automation - SWOER\" \/>\n<meta property=\"og:description\" content=\"-MOQ:1 pcs  -OEM\/ODM service offered  -Accept Customization  If you want to get centrifugal hopper feeder prices, please get in touch with us.\" \/>\n<meta property=\"og:url\" content=\"https:\/\/swoer.com\/fr\/manufacturer\/centrifugal-hopper-feeders-in-automation\/\" \/>\n<meta property=\"og:site_name\" content=\"SWOER\" \/>\n<meta property=\"article:modified_time\" content=\"2024-04-01T06:09:12+00:00\" \/>\n<meta property=\"og:image\" content=\"https:\/\/swoer.com\/wp-content\/uploads\/2024\/04\/centrifugal-hopper-feeders-in-automation.webp\" \/>\n\t<meta property=\"og:image:width\" content=\"1000\" \/>\n\t<meta property=\"og:image:height\" content=\"1000\" \/>\n\t<meta property=\"og:image:type\" content=\"image\/webp\" \/>\n<meta name=\"twitter:card\" content=\"summary_large_image\" \/>\n<meta name=\"twitter:label1\" content=\"Dur\u00e9e de lecture estim\u00e9e\" \/>\n\t<meta name=\"twitter:data1\" content=\"1 minute\" \/>\n<script type=\"application\/ld+json\" class=\"yoast-schema-graph\">{\"@context\":\"https:\/\/schema.org\",\"@graph\":[{\"@type\":\"WebPage\",\"@id\":\"https:\/\/swoer.com\/manufacturer\/centrifugal-hopper-feeders-in-automation\/\",\"url\":\"https:\/\/swoer.com\/manufacturer\/centrifugal-hopper-feeders-in-automation\/\",\"name\":\"Centrifugal Hopper Feeders in Automation - SWOER\",\"isPartOf\":{\"@id\":\"https:\/\/swoer.com\/#website\"},\"primaryImageOfPage\":{\"@id\":\"https:\/\/swoer.com\/manufacturer\/centrifugal-hopper-feeders-in-automation\/#primaryimage\"},\"image\":{\"@id\":\"https:\/\/swoer.com\/manufacturer\/centrifugal-hopper-feeders-in-automation\/#primaryimage\"},\"thumbnailUrl\":\"https:\/\/swoer.com\/wp-content\/uploads\/2024\/04\/centrifugal-hopper-feeders-in-automation.webp\",\"datePublished\":\"2024-04-01T05:59:22+00:00\",\"dateModified\":\"2024-04-01T06:09:12+00:00\",\"breadcrumb\":{\"@id\":\"https:\/\/swoer.com\/manufacturer\/centrifugal-hopper-feeders-in-automation\/#breadcrumb\"},\"inLanguage\":\"fr-FR\",\"potentialAction\":[{\"@type\":\"ReadAction\",\"target\":[\"https:\/\/swoer.com\/manufacturer\/centrifugal-hopper-feeders-in-automation\/\"]}]},{\"@type\":\"ImageObject\",\"inLanguage\":\"fr-FR\",\"@id\":\"https:\/\/swoer.com\/manufacturer\/centrifugal-hopper-feeders-in-automation\/#primaryimage\",\"url\":\"https:\/\/swoer.com\/wp-content\/uploads\/2024\/04\/centrifugal-hopper-feeders-in-automation.webp\",\"contentUrl\":\"https:\/\/swoer.com\/wp-content\/uploads\/2024\/04\/centrifugal-hopper-feeders-in-automation.webp\",\"width\":1000,\"height\":1000,\"caption\":\"centrifugal hopper feeders in automation\"},{\"@type\":\"BreadcrumbList\",\"@id\":\"https:\/\/swoer.com\/manufacturer\/centrifugal-hopper-feeders-in-automation\/#breadcrumb\",\"itemListElement\":[{\"@type\":\"ListItem\",\"position\":1,\"name\":\"Home\",\"item\":\"https:\/\/swoer.com\/\"},{\"@type\":\"ListItem\",\"position\":2,\"name\":\"Shop\",\"item\":\"https:\/\/swoer.com\/shop\/\"},{\"@type\":\"ListItem\",\"position\":3,\"name\":\"Centrifugal Hopper Feeders in Automation\"}]},{\"@type\":\"WebSite\",\"@id\":\"https:\/\/swoer.com\/#website\",\"url\":\"https:\/\/swoer.com\/\",\"name\":\"SWOER\",\"description\":\"Swoer is the top 3 vibratory bowl feeder manufacturer in China\",\"potentialAction\":[{\"@type\":\"SearchAction\",\"target\":{\"@type\":\"EntryPoint\",\"urlTemplate\":\"https:\/\/swoer.com\/?s={search_term_string}\"},\"query-input\":\"required name=search_term_string\"}],\"inLanguage\":\"fr-FR\"}]}<\/script>\n<!-- \/ Yoast SEO plugin. -->","yoast_head_json":{"title":"Centrifugal Hopper Feeders in Automation - SWOER","robots":{"index":"index","follow":"follow","max-snippet":"max-snippet:-1","max-image-preview":"max-image-preview:large","max-video-preview":"max-video-preview:-1"},"canonical":"https:\/\/swoer.com\/fr\/manufacturer\/centrifugal-hopper-feeders-in-automation\/","og_locale":"fr_FR","og_type":"article","og_title":"Centrifugal Hopper Feeders in Automation - SWOER","og_description":"-MOQ:1 pcs  -OEM\/ODM service offered  -Accept Customization  If you want to get centrifugal hopper feeder prices, please get in touch with us.","og_url":"https:\/\/swoer.com\/fr\/manufacturer\/centrifugal-hopper-feeders-in-automation\/","og_site_name":"SWOER","article_modified_time":"2024-04-01T06:09:12+00:00","og_image":[{"width":1000,"height":1000,"url":"https:\/\/swoer.com\/wp-content\/uploads\/2024\/04\/centrifugal-hopper-feeders-in-automation.webp","type":"image\/webp"}],"twitter_card":"summary_large_image","twitter_misc":{"Dur\u00e9e de lecture estim\u00e9e":"1 minute"},"schema":{"@context":"https:\/\/schema.org","@graph":[{"@type":"WebPage","@id":"https:\/\/swoer.com\/manufacturer\/centrifugal-hopper-feeders-in-automation\/","url":"https:\/\/swoer.com\/manufacturer\/centrifugal-hopper-feeders-in-automation\/","name":"Centrifugal Hopper Feeders in Automation - SWOER","isPartOf":{"@id":"https:\/\/swoer.com\/#website"},"primaryImageOfPage":{"@id":"https:\/\/swoer.com\/manufacturer\/centrifugal-hopper-feeders-in-automation\/#primaryimage"},"image":{"@id":"https:\/\/swoer.com\/manufacturer\/centrifugal-hopper-feeders-in-automation\/#primaryimage"},"thumbnailUrl":"https:\/\/swoer.com\/wp-content\/uploads\/2024\/04\/centrifugal-hopper-feeders-in-automation.webp","datePublished":"2024-04-01T05:59:22+00:00","dateModified":"2024-04-01T06:09:12+00:00","breadcrumb":{"@id":"https:\/\/swoer.com\/manufacturer\/centrifugal-hopper-feeders-in-automation\/#breadcrumb"},"inLanguage":"fr-FR","potentialAction":[{"@type":"ReadAction","target":["https:\/\/swoer.com\/manufacturer\/centrifugal-hopper-feeders-in-automation\/"]}]},{"@type":"ImageObject","inLanguage":"fr-FR","@id":"https:\/\/swoer.com\/manufacturer\/centrifugal-hopper-feeders-in-automation\/#primaryimage","url":"https:\/\/swoer.com\/wp-content\/uploads\/2024\/04\/centrifugal-hopper-feeders-in-automation.webp","contentUrl":"https:\/\/swoer.com\/wp-content\/uploads\/2024\/04\/centrifugal-hopper-feeders-in-automation.webp","width":1000,"height":1000,"caption":"centrifugal hopper feeders in automation"},{"@type":"BreadcrumbList","@id":"https:\/\/swoer.com\/manufacturer\/centrifugal-hopper-feeders-in-automation\/#breadcrumb","itemListElement":[{"@type":"ListItem","position":1,"name":"Home","item":"https:\/\/swoer.com\/"},{"@type":"ListItem","position":2,"name":"Shop","item":"https:\/\/swoer.com\/shop\/"},{"@type":"ListItem","position":3,"name":"Centrifugal Hopper Feeders in Automation"}]},{"@type":"WebSite","@id":"https:\/\/swoer.com\/#website","url":"https:\/\/swoer.com\/","name":"SWOER","description":"Swoer is the top 3 vibratory bowl feeder manufacturer in China","potentialAction":[{"@type":"SearchAction","target":{"@type":"EntryPoint","urlTemplate":"https:\/\/swoer.com\/?s={search_term_string}"},"query-input":"required name=search_term_string"}],"inLanguage":"fr-FR"}]}},"_links":{"self":[{"href":"https:\/\/swoer.com\/fr\/wp-json\/wp\/v2\/product\/1798"}],"collection":[{"href":"https:\/\/swoer.com\/fr\/wp-json\/wp\/v2\/product"}],"about":[{"href":"https:\/\/swoer.com\/fr\/wp-json\/wp\/v2\/types\/product"}],"replies":[{"embeddable":true,"href":"https:\/\/swoer.com\/fr\/wp-json\/wp\/v2\/comments?post=1798"}],"wp:featuredmedia":[{"embeddable":true,"href":"https:\/\/swoer.com\/fr\/wp-json\/wp\/v2\/media\/1799"}],"wp:attachment":[{"href":"https:\/\/swoer.com\/fr\/wp-json\/wp\/v2\/media?parent=1798"}],"wp:term":[{"taxonomy":"product_cat","embeddable":true,"href":"https:\/\/swoer.com\/fr\/wp-json\/wp\/v2\/product_cat?post=1798"},{"taxonomy":"product_tag","embeddable":true,"href":"https:\/\/swoer.com\/fr\/wp-json\/wp\/v2\/product_tag?post=1798"}],"curies":[{"name":"wp","href":"https:\/\/api.w.org\/{rel}","templated":true}]}}