{"id":1793,"date":"2024-04-01T03:57:20","date_gmt":"2024-04-01T03:57:20","guid":{"rendered":"https:\/\/lightgrey-porpoise-816575.hostingersite.com\/?post_type=product&#038;p=1793"},"modified":"2024-06-13T00:44:49","modified_gmt":"2024-06-13T00:44:49","slug":"white-caps-centrifugal-feeder","status":"publish","type":"product","link":"https:\/\/swoer.com\/fr\/manufacturer\/white-caps-centrifugal-feeder\/","title":{"rendered":"Alimentateur centrifuge \u00e0 bouchons blancs | Alimentateur de bouchon centrifuge"},"content":{"rendered":"<p>Am\u00e9liorez vos op\u00e9rations industrielles avec nos doseurs \u00e0 bouchon centrifuge haut de gamme, con\u00e7us pour rationaliser la manutention des mat\u00e9riaux et garantir une qualit\u00e9 constante des produits. Nos doseurs innovants utilisent la force centrifuge pour distribuer et disperser avec pr\u00e9cision les mat\u00e9riaux en vrac, maximisant ainsi l&#039;efficacit\u00e9 et minimisant les d\u00e9chets. Qu&#039;il s&#039;agisse de poudres, de granul\u00e9s ou de petits solides, nos doseurs \u00e0 bouchon centrifuge offrent des performances et une fiabilit\u00e9 in\u00e9gal\u00e9es.<\/p>\n<h2>Description:<\/h2>\n<table style=\"border-collapse: collapse; width: 488.27pt;\" border=\"0\" width=\"651\" cellspacing=\"0\" cellpadding=\"0\">\n<tbody>\n<tr style=\"height: 30.00pt;\">\n<td class=\"et3\" style=\"height: 30.00pt; width: 210.75pt;\" width=\"281\" height=\"40\">Nom<\/td>\n<td class=\"et3\" style=\"width: 277.50pt;\" width=\"370\">Alimentateur centrifuge \u00e0 bouchons blancs<\/td>\n<\/tr>\n<tr style=\"height: 29.00pt;\">\n<td class=\"et3\" style=\"height: 29.00pt;\" height=\"38\">Marque<\/td>\n<td class=\"et3\">SWOER<\/td>\n<\/tr>\n<tr style=\"height: 25.00pt;\">\n<td class=\"et3\" style=\"height: 25.00pt;\" height=\"33\">Mat\u00e9riel<\/td>\n<td class=\"et3\">SUS304, plastique<\/td>\n<\/tr>\n<tr style=\"height: 30.00pt;\">\n<td class=\"et3\" style=\"height: 30.00pt;\" height=\"40\">Taille<\/td>\n<td class=\"et3\">Coutume<\/td>\n<\/tr>\n<tr style=\"height: 30.00pt;\">\n<td class=\"et3\" style=\"height: 30.00pt;\" height=\"40\">Fonction<\/td>\n<td class=\"et3\">Mat\u00e9riel de transport<\/td>\n<\/tr>\n<tr style=\"height: 30.00pt;\">\n<td class=\"et3\" style=\"height: 30.00pt;\" height=\"40\">Usage<\/td>\n<td class=\"et3\">Trieur, compte<\/td>\n<\/tr>\n<tr style=\"height: 28.00pt;\">\n<td class=\"et3\" style=\"height: 28.00pt;\" height=\"37\">Avantage<\/td>\n<td class=\"et3\">\u00c9conomiser les ressources humaines<\/td>\n<\/tr>\n<tr style=\"height: 32.00pt;\">\n<td class=\"et3\" style=\"height: 32.00pt;\" height=\"42\">Type de machine<\/td>\n<td class=\"et3\">Ensemble complet<\/td>\n<\/tr>\n<tr style=\"height: 29.00pt;\">\n<td class=\"et3\" style=\"height: 29.00pt;\" height=\"38\">Article<\/td>\n<td class=\"et3\">\u00c9quipement automatique<\/td>\n<\/tr>\n<tr style=\"height: 33.00pt;\">\n<td class=\"et3\" style=\"height: 33.00pt;\" height=\"44\">Industries applicables<\/td>\n<td class=\"et3\">Usine de fabrication, fermes, industrielles<\/td>\n<\/tr>\n<tr style=\"height: 31.00pt;\">\n<td class=\"et3\" style=\"height: 31.00pt;\" height=\"41\">Service apr\u00e8s-vente fourni<\/td>\n<td class=\"et3\">Support technique vid\u00e9o, support en ligne<\/td>\n<\/tr>\n<\/tbody>\n<\/table>\n\t<div id=\"gap-389184179\" class=\"gap-element clearfix\" style=\"display:block; height:auto;\">\n\t\t\n<style>\n#gap-389184179 {\n  padding-top: 30px;\n}\n<\/style>\n\t<\/div>\n\t\n<h2>Principales caract\u00e9ristiques:<\/h2>\n<ul>\n<li>Alimentation pr\u00e9cise et uniforme : nos alimentateurs \u00e0 bouchon centrifuge assurent un flux de mat\u00e9riau constant et uniforme, \u00e9vitant ainsi les blocages et les incoh\u00e9rences du produit.<\/li>\n<li>Efficacit\u00e9 am\u00e9lior\u00e9e\u00a0: r\u00e9duisez le gaspillage de mat\u00e9riaux et les temps d&#039;arr\u00eat gr\u00e2ce \u00e0 la capacit\u00e9 de nos alimentateurs \u00e0 contr\u00f4ler avec pr\u00e9cision la distribution des mat\u00e9riaux.<\/li>\n<li>Manipulation douce des produits\u00a0: pr\u00e9servez l&#039;int\u00e9grit\u00e9 de vos produits d\u00e9licats gr\u00e2ce aux m\u00e9canismes de manipulation douce de nos alimentateurs.<\/li>\n<li>Applications polyvalentes : nos doseurs \u00e0 bouchon centrifuge conviennent \u00e0 un large \u00e9ventail d&#039;industries, notamment la transformation des aliments, les produits pharmaceutiques, les produits chimiques, etc.<\/li>\n<\/ul>\n<h2><\/h2>\n<h2>Avantages:<\/h2>\n<ul>\n<li>Productivit\u00e9 am\u00e9lior\u00e9e\u00a0: augmentez votre rendement de production gr\u00e2ce \u00e0 la capacit\u00e9 de nos alimentateurs \u00e0 maintenir un flux de mat\u00e9riaux constant.<\/li>\n<li>R\u00e9duction des d\u00e9chets de mat\u00e9riaux\u00a0: minimisez les pertes de mat\u00e9riaux et \u00e9conomisez de l&#039;argent gr\u00e2ce aux capacit\u00e9s de distribution pr\u00e9cises de nos alimentateurs.<\/li>\n<li>Qualit\u00e9 des produits am\u00e9lior\u00e9e\u00a0:\u00a0garantissez une qualit\u00e9 de produit constante gr\u00e2ce \u00e0 la capacit\u00e9 de nos alimentateurs \u00e0 manipuler les mat\u00e9riaux en douceur.<\/li>\n<li>Op\u00e9rations rationalis\u00e9es\u00a0: simplifiez vos processus de manutention gr\u00e2ce \u00e0 la conception conviviale et aux performances fiables de nos alimentateurs.<\/li>\n<li>Investissez dans des doseurs \u00e0 bouchon centrifuge pour une manipulation sup\u00e9rieure des mat\u00e9riaux<\/li>\n<\/ul>\n<p>Nos doseurs \u00e0 capuchon centrifuges repr\u00e9sentent l&#039;aboutissement d&#039;une technologie de pointe et d&#039;une expertise en ing\u00e9nierie, offrant des performances et une valeur exceptionnelles. Contactez-nous d\u00e8s aujourd&#039;hui pour en savoir plus sur la fa\u00e7on dont nos doseurs \u00e0 bouchon centrifuge peuvent r\u00e9volutionner vos processus industriels.<\/p>","protected":false},"excerpt":{"rendered":"<p>Notre alimentateur centrifuge \u00e0 bouchons blancs offre des solutions professionnelles et fiables. Des vitesses personnalis\u00e9es pour correspondre aux sp\u00e9cifications du client, avec un mod\u00e8le CAO 3D d\u00e9taill\u00e9 pour une int\u00e9gration transparente. Faites confiance \u00e0 notre expertise pour des performances fiables.<\/p>","protected":false},"featured_media":1794,"comment_status":"open","ping_status":"closed","template":"","meta":[],"product_cat":[36],"product_tag":[],"yoast_head":"<!-- This site is optimized with the Yoast SEO plugin v22.2 - https:\/\/yoast.com\/wordpress\/plugins\/seo\/ -->\n<title>White Caps Centrifugal Feeder | Centrifugal Cap Feeder<\/title>\n<meta name=\"description\" content=\"Discover high-efficiency centrifugal cap feeders designed for precision and speed in automated production lines. Enhance your manufacturing process with reliable and customizable cap feeding solutions.\" \/>\n<meta name=\"robots\" content=\"index, follow, max-snippet:-1, max-image-preview:large, max-video-preview:-1\" \/>\n<link rel=\"canonical\" href=\"https:\/\/swoer.com\/fr\/manufacturer\/white-caps-centrifugal-feeder\/\" \/>\n<meta property=\"og:locale\" content=\"fr_FR\" \/>\n<meta property=\"og:type\" content=\"article\" \/>\n<meta property=\"og:title\" content=\"White Caps Centrifugal Feeder | Centrifugal Cap Feeder\" \/>\n<meta property=\"og:description\" content=\"Discover high-efficiency centrifugal cap feeders designed for precision and speed in automated production lines. Enhance your manufacturing process with reliable and customizable cap feeding solutions.\" \/>\n<meta property=\"og:url\" content=\"https:\/\/swoer.com\/fr\/manufacturer\/white-caps-centrifugal-feeder\/\" \/>\n<meta property=\"og:site_name\" content=\"SWOER\" \/>\n<meta property=\"article:modified_time\" content=\"2024-06-13T00:44:49+00:00\" \/>\n<meta property=\"og:image\" content=\"https:\/\/swoer.com\/wp-content\/uploads\/2024\/04\/white-caps-centrifugal-feeder.webp\" \/>\n\t<meta property=\"og:image:width\" content=\"1000\" \/>\n\t<meta property=\"og:image:height\" content=\"1000\" \/>\n\t<meta property=\"og:image:type\" content=\"image\/webp\" \/>\n<meta name=\"twitter:card\" content=\"summary_large_image\" \/>\n<meta name=\"twitter:label1\" content=\"Dur\u00e9e de lecture estim\u00e9e\" \/>\n\t<meta name=\"twitter:data1\" content=\"2 minutes\" \/>\n<script type=\"application\/ld+json\" class=\"yoast-schema-graph\">{\"@context\":\"https:\/\/schema.org\",\"@graph\":[{\"@type\":\"WebPage\",\"@id\":\"https:\/\/swoer.com\/manufacturer\/white-caps-centrifugal-feeder\/\",\"url\":\"https:\/\/swoer.com\/manufacturer\/white-caps-centrifugal-feeder\/\",\"name\":\"White Caps Centrifugal Feeder | Centrifugal Cap Feeder\",\"isPartOf\":{\"@id\":\"https:\/\/swoer.com\/#website\"},\"primaryImageOfPage\":{\"@id\":\"https:\/\/swoer.com\/manufacturer\/white-caps-centrifugal-feeder\/#primaryimage\"},\"image\":{\"@id\":\"https:\/\/swoer.com\/manufacturer\/white-caps-centrifugal-feeder\/#primaryimage\"},\"thumbnailUrl\":\"https:\/\/swoer.com\/wp-content\/uploads\/2024\/04\/white-caps-centrifugal-feeder.webp\",\"datePublished\":\"2024-04-01T03:57:20+00:00\",\"dateModified\":\"2024-06-13T00:44:49+00:00\",\"description\":\"Discover high-efficiency centrifugal cap feeders designed for precision and speed in automated production lines. Enhance your manufacturing process with reliable and customizable cap feeding solutions.\",\"breadcrumb\":{\"@id\":\"https:\/\/swoer.com\/manufacturer\/white-caps-centrifugal-feeder\/#breadcrumb\"},\"inLanguage\":\"fr-FR\",\"potentialAction\":[{\"@type\":\"ReadAction\",\"target\":[\"https:\/\/swoer.com\/manufacturer\/white-caps-centrifugal-feeder\/\"]}]},{\"@type\":\"ImageObject\",\"inLanguage\":\"fr-FR\",\"@id\":\"https:\/\/swoer.com\/manufacturer\/white-caps-centrifugal-feeder\/#primaryimage\",\"url\":\"https:\/\/swoer.com\/wp-content\/uploads\/2024\/04\/white-caps-centrifugal-feeder.webp\",\"contentUrl\":\"https:\/\/swoer.com\/wp-content\/uploads\/2024\/04\/white-caps-centrifugal-feeder.webp\",\"width\":1000,\"height\":1000,\"caption\":\"white caps centrifugal feeder\"},{\"@type\":\"BreadcrumbList\",\"@id\":\"https:\/\/swoer.com\/manufacturer\/white-caps-centrifugal-feeder\/#breadcrumb\",\"itemListElement\":[{\"@type\":\"ListItem\",\"position\":1,\"name\":\"Home\",\"item\":\"https:\/\/swoer.com\/\"},{\"@type\":\"ListItem\",\"position\":2,\"name\":\"Shop\",\"item\":\"https:\/\/swoer.com\/shop\/\"},{\"@type\":\"ListItem\",\"position\":3,\"name\":\"White Caps Centrifugal Feeder | Centrifugal Cap Feeder\"}]},{\"@type\":\"WebSite\",\"@id\":\"https:\/\/swoer.com\/#website\",\"url\":\"https:\/\/swoer.com\/\",\"name\":\"SWOER\",\"description\":\"Swoer is the top 3 vibratory bowl feeder manufacturer in China\",\"potentialAction\":[{\"@type\":\"SearchAction\",\"target\":{\"@type\":\"EntryPoint\",\"urlTemplate\":\"https:\/\/swoer.com\/?s={search_term_string}\"},\"query-input\":\"required name=search_term_string\"}],\"inLanguage\":\"fr-FR\"}]}<\/script>\n<!-- \/ Yoast SEO plugin. -->","yoast_head_json":{"title":"White Caps Centrifugal Feeder | Centrifugal Cap Feeder","description":"Discover high-efficiency centrifugal cap feeders designed for precision and speed in automated production lines. Enhance your manufacturing process with reliable and customizable cap feeding solutions.","robots":{"index":"index","follow":"follow","max-snippet":"max-snippet:-1","max-image-preview":"max-image-preview:large","max-video-preview":"max-video-preview:-1"},"canonical":"https:\/\/swoer.com\/fr\/manufacturer\/white-caps-centrifugal-feeder\/","og_locale":"fr_FR","og_type":"article","og_title":"White Caps Centrifugal Feeder | Centrifugal Cap Feeder","og_description":"Discover high-efficiency centrifugal cap feeders designed for precision and speed in automated production lines. Enhance your manufacturing process with reliable and customizable cap feeding solutions.","og_url":"https:\/\/swoer.com\/fr\/manufacturer\/white-caps-centrifugal-feeder\/","og_site_name":"SWOER","article_modified_time":"2024-06-13T00:44:49+00:00","og_image":[{"width":1000,"height":1000,"url":"https:\/\/swoer.com\/wp-content\/uploads\/2024\/04\/white-caps-centrifugal-feeder.webp","type":"image\/webp"}],"twitter_card":"summary_large_image","twitter_misc":{"Dur\u00e9e de lecture estim\u00e9e":"2 minutes"},"schema":{"@context":"https:\/\/schema.org","@graph":[{"@type":"WebPage","@id":"https:\/\/swoer.com\/manufacturer\/white-caps-centrifugal-feeder\/","url":"https:\/\/swoer.com\/manufacturer\/white-caps-centrifugal-feeder\/","name":"White Caps Centrifugal Feeder | Centrifugal Cap Feeder","isPartOf":{"@id":"https:\/\/swoer.com\/#website"},"primaryImageOfPage":{"@id":"https:\/\/swoer.com\/manufacturer\/white-caps-centrifugal-feeder\/#primaryimage"},"image":{"@id":"https:\/\/swoer.com\/manufacturer\/white-caps-centrifugal-feeder\/#primaryimage"},"thumbnailUrl":"https:\/\/swoer.com\/wp-content\/uploads\/2024\/04\/white-caps-centrifugal-feeder.webp","datePublished":"2024-04-01T03:57:20+00:00","dateModified":"2024-06-13T00:44:49+00:00","description":"Discover high-efficiency centrifugal cap feeders designed for precision and speed in automated production lines. Enhance your manufacturing process with reliable and customizable cap feeding solutions.","breadcrumb":{"@id":"https:\/\/swoer.com\/manufacturer\/white-caps-centrifugal-feeder\/#breadcrumb"},"inLanguage":"fr-FR","potentialAction":[{"@type":"ReadAction","target":["https:\/\/swoer.com\/manufacturer\/white-caps-centrifugal-feeder\/"]}]},{"@type":"ImageObject","inLanguage":"fr-FR","@id":"https:\/\/swoer.com\/manufacturer\/white-caps-centrifugal-feeder\/#primaryimage","url":"https:\/\/swoer.com\/wp-content\/uploads\/2024\/04\/white-caps-centrifugal-feeder.webp","contentUrl":"https:\/\/swoer.com\/wp-content\/uploads\/2024\/04\/white-caps-centrifugal-feeder.webp","width":1000,"height":1000,"caption":"white caps centrifugal feeder"},{"@type":"BreadcrumbList","@id":"https:\/\/swoer.com\/manufacturer\/white-caps-centrifugal-feeder\/#breadcrumb","itemListElement":[{"@type":"ListItem","position":1,"name":"Home","item":"https:\/\/swoer.com\/"},{"@type":"ListItem","position":2,"name":"Shop","item":"https:\/\/swoer.com\/shop\/"},{"@type":"ListItem","position":3,"name":"White Caps Centrifugal Feeder | Centrifugal Cap Feeder"}]},{"@type":"WebSite","@id":"https:\/\/swoer.com\/#website","url":"https:\/\/swoer.com\/","name":"SWOER","description":"Swoer is the top 3 vibratory bowl feeder manufacturer in China","potentialAction":[{"@type":"SearchAction","target":{"@type":"EntryPoint","urlTemplate":"https:\/\/swoer.com\/?s={search_term_string}"},"query-input":"required name=search_term_string"}],"inLanguage":"fr-FR"}]}},"_links":{"self":[{"href":"https:\/\/swoer.com\/fr\/wp-json\/wp\/v2\/product\/1793"}],"collection":[{"href":"https:\/\/swoer.com\/fr\/wp-json\/wp\/v2\/product"}],"about":[{"href":"https:\/\/swoer.com\/fr\/wp-json\/wp\/v2\/types\/product"}],"replies":[{"embeddable":true,"href":"https:\/\/swoer.com\/fr\/wp-json\/wp\/v2\/comments?post=1793"}],"wp:featuredmedia":[{"embeddable":true,"href":"https:\/\/swoer.com\/fr\/wp-json\/wp\/v2\/media\/1794"}],"wp:attachment":[{"href":"https:\/\/swoer.com\/fr\/wp-json\/wp\/v2\/media?parent=1793"}],"wp:term":[{"taxonomy":"product_cat","embeddable":true,"href":"https:\/\/swoer.com\/fr\/wp-json\/wp\/v2\/product_cat?post=1793"},{"taxonomy":"product_tag","embeddable":true,"href":"https:\/\/swoer.com\/fr\/wp-json\/wp\/v2\/product_tag?post=1793"}],"curies":[{"name":"wp","href":"https:\/\/api.w.org\/{rel}","templated":true}]}}