{"id":1790,"date":"2024-04-01T03:46:11","date_gmt":"2024-04-01T03:46:11","guid":{"rendered":"https:\/\/lightgrey-porpoise-816575.hostingersite.com\/?post_type=product&#038;p=1790"},"modified":"2024-06-13T00:52:50","modified_gmt":"2024-06-13T00:52:50","slug":"cap-centrifugal-feeder-price","status":"publish","type":"product","link":"https:\/\/swoer.com\/fr\/manufacturer\/cap-centrifugal-feeder-price\/","title":{"rendered":"Alimentateur de bouchon d&#039;eau centrifuge | Prix du chargeur centrifuge Cap"},"content":{"rendered":"<p>R\u00e9volutionnez votre processus de bouchage de bouteilles d&#039;eau avec nos doseurs de bouchons d&#039;eau centrifuges \u00e0 la pointe de l&#039;industrie. Nos alimentateurs innovants s&#039;int\u00e8grent parfaitement \u00e0 votre ligne de production, garantissant une orientation et une livraison pr\u00e9cises et efficaces des bouchons. B\u00e9n\u00e9ficiez des avantages d\u2019une productivit\u00e9 am\u00e9lior\u00e9e, d\u2019une r\u00e9duction des temps d\u2019arr\u00eat et d\u2019une qualit\u00e9 de produit am\u00e9lior\u00e9e.<\/p>\n\t<div id=\"gap-129900940\" class=\"gap-element clearfix\" style=\"display:block; height:auto;\">\n\t\t\n<style>\n#gap-129900940 {\n  padding-top: 30px;\n}\n<\/style>\n\t<\/div>\n\t\n<h2>Description:<\/h2>\n<table style=\"border-collapse: collapse; width: 488.27pt;\" border=\"0\" width=\"651\" cellspacing=\"0\" cellpadding=\"0\">\n<tbody>\n<tr style=\"height: 30.00pt;\">\n<td class=\"et3\" style=\"height: 30.00pt; width: 210.75pt;\" width=\"281\" height=\"40\">Nom<\/td>\n<td class=\"et3\" style=\"width: 277.50pt;\" width=\"370\">Prix du chargeur centrifuge Cap<\/td>\n<\/tr>\n<tr style=\"height: 29.00pt;\">\n<td class=\"et3\" style=\"height: 29.00pt;\" height=\"38\">Marque<\/td>\n<td class=\"et3\">SWOER<\/td>\n<\/tr>\n<tr style=\"height: 25.00pt;\">\n<td class=\"et3\" style=\"height: 25.00pt;\" height=\"33\">Mat\u00e9riel<\/td>\n<td class=\"et3\">SUS304, plastique<\/td>\n<\/tr>\n<tr style=\"height: 30.00pt;\">\n<td class=\"et3\" style=\"height: 30.00pt;\" height=\"40\">Taille<\/td>\n<td class=\"et3\">Coutume<\/td>\n<\/tr>\n<tr style=\"height: 30.00pt;\">\n<td class=\"et3\" style=\"height: 30.00pt;\" height=\"40\">Fonction<\/td>\n<td class=\"et3\">Mat\u00e9riel de transport<\/td>\n<\/tr>\n<tr style=\"height: 30.00pt;\">\n<td class=\"et3\" style=\"height: 30.00pt;\" height=\"40\">Usage<\/td>\n<td class=\"et3\">Trieur, compte<\/td>\n<\/tr>\n<tr style=\"height: 28.00pt;\">\n<td class=\"et3\" style=\"height: 28.00pt;\" height=\"37\">Avantage<\/td>\n<td class=\"et3\">\u00c9conomiser les ressources humaines<\/td>\n<\/tr>\n<tr style=\"height: 32.00pt;\">\n<td class=\"et3\" style=\"height: 32.00pt;\" height=\"42\">Type de machine<\/td>\n<td class=\"et3\">Ensemble complet<\/td>\n<\/tr>\n<tr style=\"height: 29.00pt;\">\n<td class=\"et3\" style=\"height: 29.00pt;\" height=\"38\">Article<\/td>\n<td class=\"et3\">\u00c9quipement automatique<\/td>\n<\/tr>\n<tr style=\"height: 33.00pt;\">\n<td class=\"et3\" style=\"height: 33.00pt;\" height=\"44\">Industries applicables<\/td>\n<td class=\"et3\">Usine de fabrication, fermes, industrielles<\/td>\n<\/tr>\n<tr style=\"height: 31.00pt;\">\n<td class=\"et3\" style=\"height: 31.00pt;\" height=\"41\">Service apr\u00e8s-vente fourni<\/td>\n<td class=\"et3\">Support technique vid\u00e9o, support en ligne<\/td>\n<\/tr>\n<\/tbody>\n<\/table>\n\t<div id=\"gap-1351380821\" class=\"gap-element clearfix\" style=\"display:block; height:auto;\">\n\t\t\n<style>\n#gap-1351380821 {\n  padding-top: 30px;\n}\n<\/style>\n\t<\/div>\n\t\n<h2>Principales caract\u00e9ristiques:<\/h2>\n<ul>\n<li><strong>Orientation pr\u00e9cise du capuchon\u00a0:<\/strong> \u00c9liminez les bouchons mal align\u00e9s gr\u00e2ce aux capacit\u00e9s d\u2019orientation pr\u00e9cise de nos alimentateurs.<\/li>\n<li><strong>Alimentation \u00e0 grande vitesse\u00a0:<\/strong> Obtenez une production maximale gr\u00e2ce aux taux de livraison rapides des bouchons de nos alimentateurs.<\/li>\n<li><strong>Manipulation douce du capuchon\u00a0:<\/strong> Pr\u00e9servez l\u2019int\u00e9grit\u00e9 de vos bouchons gr\u00e2ce aux m\u00e9canismes de manipulation doux de nos alimentateurs.<\/li>\n<li><strong>Int\u00e9gration facile\u00a0:<\/strong> Int\u00e9grez de mani\u00e8re transparente nos alimentateurs dans vos syst\u00e8mes de bouchage existants.<\/li>\n<\/ul>\n<h2>\u00a0<\/h2>\n<h2>Avantages:<\/h2>\n<ol>\n<li><strong>Productivit\u00e9 accrue\u00a0:<\/strong> Augmentez le rendement de bouchage de vos bouteilles d&#039;eau gr\u00e2ce aux performances efficaces de nos mangeoires.<\/li>\n<li><strong>Temps d&#039;arr\u00eat r\u00e9duit\u00a0:<\/strong> Minimisez les interruptions de production caus\u00e9es par un d\u00e9salignement ou des dommages du capuchon.<\/li>\n<li><strong>Qualit\u00e9 du produit am\u00e9lior\u00e9e\u00a0:<\/strong> Assurez-vous que les bouteilles d\u2019eau sont toujours scell\u00e9es et inviolables.<\/li>\n<li><strong>Op\u00e9rations rationalis\u00e9es\u00a0:<\/strong> Simplifiez votre processus de bouchage gr\u00e2ce \u00e0 la conception conviviale de nos mangeoires.<\/li>\n<\/ol>\n<p>\u00a0<\/p>\n<h3>D\u00e9couvrez la sup\u00e9riorit\u00e9 des distributeurs centrifuges \u00e0 bouchon d&#039;eau<\/h3>\n<p>Nos doseurs centrifuges \u00e0 bouchon d&#039;eau sont m\u00e9ticuleusement con\u00e7us pour offrir des performances et une fiabilit\u00e9 exceptionnelles dans des environnements de production exigeants. Contactez-nous d\u00e8s aujourd&#039;hui pour d\u00e9couvrir comment nos doseurs peuvent am\u00e9liorer vos op\u00e9rations de bouchage de bouteilles d&#039;eau.<\/p>","protected":false},"excerpt":{"rendered":"<p>D\u00e9couvrez nos solutions d&#039;alimentation centrifuge de bouchons professionnelles et fiables : des vitesses personnalisables adapt\u00e9es \u00e0 vos besoins, avec des mod\u00e8les CAO 3D d\u00e9taill\u00e9s fournis pour une int\u00e9gration transparente. Obtenez une efficacit\u00e9 optimale \u00e0 un prix comp\u00e9titif.<\/p>","protected":false},"featured_media":1791,"comment_status":"open","ping_status":"closed","template":"","meta":[],"product_cat":[36],"product_tag":[],"yoast_head":"<!-- This site is optimized with the Yoast SEO plugin v22.2 - https:\/\/yoast.com\/wordpress\/plugins\/seo\/ -->\n<title>Centrifugal Water Cap Feeder | Cap Centrifugal Feeder Price - SWOER<\/title>\n<meta name=\"description\" content=\"Optimize your bottling line with our centrifugal water cap feeder. Experience fast, precise, and reliable cap feeding for enhanced productivity and efficiency in your automated operations.\" \/>\n<meta name=\"robots\" content=\"index, follow, max-snippet:-1, max-image-preview:large, max-video-preview:-1\" \/>\n<link rel=\"canonical\" href=\"https:\/\/swoer.com\/fr\/manufacturer\/cap-centrifugal-feeder-price\/\" \/>\n<meta property=\"og:locale\" content=\"fr_FR\" \/>\n<meta property=\"og:type\" content=\"article\" \/>\n<meta property=\"og:title\" content=\"Centrifugal Water Cap Feeder | Cap Centrifugal Feeder Price - SWOER\" \/>\n<meta property=\"og:description\" content=\"Optimize your bottling line with our centrifugal water cap feeder. Experience fast, precise, and reliable cap feeding for enhanced productivity and efficiency in your automated operations.\" \/>\n<meta property=\"og:url\" content=\"https:\/\/swoer.com\/fr\/manufacturer\/cap-centrifugal-feeder-price\/\" \/>\n<meta property=\"og:site_name\" content=\"SWOER\" \/>\n<meta property=\"article:modified_time\" content=\"2024-06-13T00:52:50+00:00\" \/>\n<meta property=\"og:image\" content=\"https:\/\/swoer.com\/wp-content\/uploads\/2024\/04\/cap-centrifugal-feeder-price.webp\" \/>\n\t<meta property=\"og:image:width\" content=\"1000\" \/>\n\t<meta property=\"og:image:height\" content=\"1000\" \/>\n\t<meta property=\"og:image:type\" content=\"image\/webp\" \/>\n<meta name=\"twitter:card\" content=\"summary_large_image\" \/>\n<meta name=\"twitter:label1\" content=\"Dur\u00e9e de lecture estim\u00e9e\" \/>\n\t<meta name=\"twitter:data1\" content=\"1 minute\" \/>\n<script type=\"application\/ld+json\" class=\"yoast-schema-graph\">{\"@context\":\"https:\/\/schema.org\",\"@graph\":[{\"@type\":\"WebPage\",\"@id\":\"https:\/\/swoer.com\/manufacturer\/cap-centrifugal-feeder-price\/\",\"url\":\"https:\/\/swoer.com\/manufacturer\/cap-centrifugal-feeder-price\/\",\"name\":\"Centrifugal Water Cap Feeder | Cap Centrifugal Feeder Price - SWOER\",\"isPartOf\":{\"@id\":\"https:\/\/swoer.com\/#website\"},\"primaryImageOfPage\":{\"@id\":\"https:\/\/swoer.com\/manufacturer\/cap-centrifugal-feeder-price\/#primaryimage\"},\"image\":{\"@id\":\"https:\/\/swoer.com\/manufacturer\/cap-centrifugal-feeder-price\/#primaryimage\"},\"thumbnailUrl\":\"https:\/\/swoer.com\/wp-content\/uploads\/2024\/04\/cap-centrifugal-feeder-price.webp\",\"datePublished\":\"2024-04-01T03:46:11+00:00\",\"dateModified\":\"2024-06-13T00:52:50+00:00\",\"description\":\"Optimize your bottling line with our centrifugal water cap feeder. Experience fast, precise, and reliable cap feeding for enhanced productivity and efficiency in your automated operations.\",\"breadcrumb\":{\"@id\":\"https:\/\/swoer.com\/manufacturer\/cap-centrifugal-feeder-price\/#breadcrumb\"},\"inLanguage\":\"fr-FR\",\"potentialAction\":[{\"@type\":\"ReadAction\",\"target\":[\"https:\/\/swoer.com\/manufacturer\/cap-centrifugal-feeder-price\/\"]}]},{\"@type\":\"ImageObject\",\"inLanguage\":\"fr-FR\",\"@id\":\"https:\/\/swoer.com\/manufacturer\/cap-centrifugal-feeder-price\/#primaryimage\",\"url\":\"https:\/\/swoer.com\/wp-content\/uploads\/2024\/04\/cap-centrifugal-feeder-price.webp\",\"contentUrl\":\"https:\/\/swoer.com\/wp-content\/uploads\/2024\/04\/cap-centrifugal-feeder-price.webp\",\"width\":1000,\"height\":1000,\"caption\":\"cap centrifugal feeder price\"},{\"@type\":\"BreadcrumbList\",\"@id\":\"https:\/\/swoer.com\/manufacturer\/cap-centrifugal-feeder-price\/#breadcrumb\",\"itemListElement\":[{\"@type\":\"ListItem\",\"position\":1,\"name\":\"Home\",\"item\":\"https:\/\/swoer.com\/\"},{\"@type\":\"ListItem\",\"position\":2,\"name\":\"Shop\",\"item\":\"https:\/\/swoer.com\/shop\/\"},{\"@type\":\"ListItem\",\"position\":3,\"name\":\"Centrifugal Water Cap Feeder | Cap Centrifugal Feeder Price\"}]},{\"@type\":\"WebSite\",\"@id\":\"https:\/\/swoer.com\/#website\",\"url\":\"https:\/\/swoer.com\/\",\"name\":\"SWOER\",\"description\":\"Swoer is the top 3 vibratory bowl feeder manufacturer in China\",\"potentialAction\":[{\"@type\":\"SearchAction\",\"target\":{\"@type\":\"EntryPoint\",\"urlTemplate\":\"https:\/\/swoer.com\/?s={search_term_string}\"},\"query-input\":\"required name=search_term_string\"}],\"inLanguage\":\"fr-FR\"}]}<\/script>\n<!-- \/ Yoast SEO plugin. -->","yoast_head_json":{"title":"Centrifugal Water Cap Feeder | Cap Centrifugal Feeder Price - SWOER","description":"Optimize your bottling line with our centrifugal water cap feeder. Experience fast, precise, and reliable cap feeding for enhanced productivity and efficiency in your automated operations.","robots":{"index":"index","follow":"follow","max-snippet":"max-snippet:-1","max-image-preview":"max-image-preview:large","max-video-preview":"max-video-preview:-1"},"canonical":"https:\/\/swoer.com\/fr\/manufacturer\/cap-centrifugal-feeder-price\/","og_locale":"fr_FR","og_type":"article","og_title":"Centrifugal Water Cap Feeder | Cap Centrifugal Feeder Price - SWOER","og_description":"Optimize your bottling line with our centrifugal water cap feeder. Experience fast, precise, and reliable cap feeding for enhanced productivity and efficiency in your automated operations.","og_url":"https:\/\/swoer.com\/fr\/manufacturer\/cap-centrifugal-feeder-price\/","og_site_name":"SWOER","article_modified_time":"2024-06-13T00:52:50+00:00","og_image":[{"width":1000,"height":1000,"url":"https:\/\/swoer.com\/wp-content\/uploads\/2024\/04\/cap-centrifugal-feeder-price.webp","type":"image\/webp"}],"twitter_card":"summary_large_image","twitter_misc":{"Dur\u00e9e de lecture estim\u00e9e":"1 minute"},"schema":{"@context":"https:\/\/schema.org","@graph":[{"@type":"WebPage","@id":"https:\/\/swoer.com\/manufacturer\/cap-centrifugal-feeder-price\/","url":"https:\/\/swoer.com\/manufacturer\/cap-centrifugal-feeder-price\/","name":"Centrifugal Water Cap Feeder | Cap Centrifugal Feeder Price - SWOER","isPartOf":{"@id":"https:\/\/swoer.com\/#website"},"primaryImageOfPage":{"@id":"https:\/\/swoer.com\/manufacturer\/cap-centrifugal-feeder-price\/#primaryimage"},"image":{"@id":"https:\/\/swoer.com\/manufacturer\/cap-centrifugal-feeder-price\/#primaryimage"},"thumbnailUrl":"https:\/\/swoer.com\/wp-content\/uploads\/2024\/04\/cap-centrifugal-feeder-price.webp","datePublished":"2024-04-01T03:46:11+00:00","dateModified":"2024-06-13T00:52:50+00:00","description":"Optimize your bottling line with our centrifugal water cap feeder. Experience fast, precise, and reliable cap feeding for enhanced productivity and efficiency in your automated operations.","breadcrumb":{"@id":"https:\/\/swoer.com\/manufacturer\/cap-centrifugal-feeder-price\/#breadcrumb"},"inLanguage":"fr-FR","potentialAction":[{"@type":"ReadAction","target":["https:\/\/swoer.com\/manufacturer\/cap-centrifugal-feeder-price\/"]}]},{"@type":"ImageObject","inLanguage":"fr-FR","@id":"https:\/\/swoer.com\/manufacturer\/cap-centrifugal-feeder-price\/#primaryimage","url":"https:\/\/swoer.com\/wp-content\/uploads\/2024\/04\/cap-centrifugal-feeder-price.webp","contentUrl":"https:\/\/swoer.com\/wp-content\/uploads\/2024\/04\/cap-centrifugal-feeder-price.webp","width":1000,"height":1000,"caption":"cap centrifugal feeder price"},{"@type":"BreadcrumbList","@id":"https:\/\/swoer.com\/manufacturer\/cap-centrifugal-feeder-price\/#breadcrumb","itemListElement":[{"@type":"ListItem","position":1,"name":"Home","item":"https:\/\/swoer.com\/"},{"@type":"ListItem","position":2,"name":"Shop","item":"https:\/\/swoer.com\/shop\/"},{"@type":"ListItem","position":3,"name":"Centrifugal Water Cap Feeder | Cap Centrifugal Feeder Price"}]},{"@type":"WebSite","@id":"https:\/\/swoer.com\/#website","url":"https:\/\/swoer.com\/","name":"SWOER","description":"Swoer is the top 3 vibratory bowl feeder manufacturer in China","potentialAction":[{"@type":"SearchAction","target":{"@type":"EntryPoint","urlTemplate":"https:\/\/swoer.com\/?s={search_term_string}"},"query-input":"required name=search_term_string"}],"inLanguage":"fr-FR"}]}},"_links":{"self":[{"href":"https:\/\/swoer.com\/fr\/wp-json\/wp\/v2\/product\/1790"}],"collection":[{"href":"https:\/\/swoer.com\/fr\/wp-json\/wp\/v2\/product"}],"about":[{"href":"https:\/\/swoer.com\/fr\/wp-json\/wp\/v2\/types\/product"}],"replies":[{"embeddable":true,"href":"https:\/\/swoer.com\/fr\/wp-json\/wp\/v2\/comments?post=1790"}],"wp:featuredmedia":[{"embeddable":true,"href":"https:\/\/swoer.com\/fr\/wp-json\/wp\/v2\/media\/1791"}],"wp:attachment":[{"href":"https:\/\/swoer.com\/fr\/wp-json\/wp\/v2\/media?parent=1790"}],"wp:term":[{"taxonomy":"product_cat","embeddable":true,"href":"https:\/\/swoer.com\/fr\/wp-json\/wp\/v2\/product_cat?post=1790"},{"taxonomy":"product_tag","embeddable":true,"href":"https:\/\/swoer.com\/fr\/wp-json\/wp\/v2\/product_tag?post=1790"}],"curies":[{"name":"wp","href":"https:\/\/api.w.org\/{rel}","templated":true}]}}