{"id":1754,"date":"2024-03-30T06:40:49","date_gmt":"2024-03-30T06:40:49","guid":{"rendered":"https:\/\/lightgrey-porpoise-816575.hostingersite.com\/?post_type=product&#038;p=1754"},"modified":"2025-02-07T16:49:43","modified_gmt":"2025-02-07T08:49:43","slug":"flexible-feeder-system-sw-340","status":"publish","type":"product","link":"https:\/\/swoer.com\/fr\/manufacturer\/flexible-feeder-system-sw-340\/","title":{"rendered":"Syst\u00e8me d&#039;alimentation flexible SW-340"},"content":{"rendered":"<p>SWOER se distingue dans la production de syst\u00e8mes d&#039;alimentation flexibles, offrant des solutions sur mesure qui s&#039;alignent pr\u00e9cis\u00e9ment \u00e0 la fois sur les caract\u00e9ristiques uniques des pi\u00e8ces et sur les exigences sp\u00e9cifiques des clients. Nous garantissons l&#039;accessibilit\u00e9 gr\u00e2ce \u00e0 notre engagement envers des prix d&#039;usine comp\u00e9titifs sans compromettre la qualit\u00e9. De plus, nos syst\u00e8mes s&#039;int\u00e8grent parfaitement aux robots et \u00e0 la vision CCD, \u00e9levant l&#039;efficacit\u00e9 et la pr\u00e9cision de la production \u00e0 des niveaux in\u00e9gal\u00e9s. Faites confiance \u00e0 SWOER pour des solutions fiables et innovantes qui conviennent parfaitement \u00e0 vos besoins et \u00e0 votre budget.<\/p>\n\t<div id=\"gap-26799980\" class=\"gap-element clearfix\" style=\"display:block; height:auto;\">\n\t\t\n<style>\n#gap-26799980 {\n  padding-top: 30px;\n}\n<\/style>\n\t<\/div>\n\t\n<h2>Caract\u00e9ristiques:<\/h2>\n<table style=\"border-collapse: collapse; width: 596.27pt;\" border=\"0\" width=\"795\" cellspacing=\"0\" cellpadding=\"0\">\n<tbody>\n<tr style=\"height: 27.00pt;\">\n<td class=\"et3\" style=\"height: 27.00pt; width: 237.00pt;\" width=\"316\" height=\"36\">Mod\u00e8le<\/td>\n<td class=\"et4\" style=\"width: 359.25pt;\" width=\"479\">SW-340<\/td>\n<\/tr>\n<tr style=\"height: 27.00pt;\">\n<td class=\"et3\" style=\"height: 27.00pt;\" height=\"36\">Dimension(mm)<\/td>\n<td class=\"et4\">470*311*164<\/td>\n<\/tr>\n<tr style=\"height: 27.00pt;\">\n<td class=\"et3\" style=\"height: 27.00pt;\" height=\"36\">Dimension du chargeur (mm)<\/td>\n<td class=\"et4\">360*300*40<\/td>\n<\/tr>\n<tr style=\"height: 27.00pt;\">\n<td class=\"et3\" style=\"height: 27.00pt;\" height=\"36\">Poids<\/td>\n<td class=\"et4\">Environ 25,5 kg<\/td>\n<\/tr>\n<tr style=\"height: 27.00pt;\">\n<td class=\"et3\" style=\"height: 27.00pt;\" height=\"36\">Tension<\/td>\n<td class=\"et4\">DC20-30V (recommand\u00e9 24V)<\/td>\n<\/tr>\n<tr style=\"height: 27.00pt;\">\n<td class=\"et3\" style=\"height: 27.00pt;\" height=\"36\">Courant maximal<\/td>\n<td class=\"et4\">6A<\/td>\n<\/tr>\n<tr style=\"height: 81.00pt;\">\n<td class=\"et3\" style=\"height: 81.00pt;\" height=\"108\">Formulaire d&#039;op\u00e9ration<\/td>\n<td class=\"et5\" style=\"width: 359.25pt;\" width=\"479\">D\u00e9placez-vous vers le haut, le bas, la gauche, la droite, le haut \u00e0 gauche, le bas \u00e0 gauche, le haut \u00e0 droite et le bas \u00e0 droite, le centre de haut en bas, le centre \u00e0 gauche et \u00e0 droite, secouez et retournez et vibrez directement pour nourrir.<\/td>\n<\/tr>\n<tr style=\"height: 27.00pt;\">\n<td class=\"et3\" style=\"height: 27.00pt;\" height=\"36\">Fr\u00e9quence<\/td>\n<td class=\"et4\">10-92Hz<\/td>\n<\/tr>\n<tr style=\"height: 27.00pt;\">\n<td class=\"et3\" style=\"height: 27.00pt;\" height=\"36\">Bruit de fonctionnement<\/td>\n<td class=\"et6\"><span class=\"font4\">\uff1c<\/span><span class=\"font3\">50dB<\/span><\/td>\n<\/tr>\n<tr style=\"height: 27.00pt;\">\n<td class=\"et3\" style=\"height: 27.00pt;\" height=\"36\">Charge maximale<\/td>\n<td class=\"et4\">1,0 kg<\/td>\n<\/tr>\n<tr style=\"height: 27.00pt;\">\n<td class=\"et3\" style=\"height: 27.00pt;\" height=\"36\">Le poids d&#039;un seul mat\u00e9riau retourn\u00e9<\/td>\n<td class=\"et6\">&lt;50<span class=\"font3\">g<\/span><\/td>\n<\/tr>\n<tr style=\"height: 27.00pt;\">\n<td class=\"et3\" style=\"height: 54.00pt;\" rowspan=\"2\" height=\"72\">Interaction des signaux<\/td>\n<td class=\"et4\">Communication TCP\/IP<\/td>\n<\/tr>\n<tr style=\"height: 27.00pt;\">\n<td class=\"et4\">Interface E\/S<\/td>\n<\/tr>\n<\/tbody>\n<\/table>\n\t<div id=\"gap-1277966691\" class=\"gap-element clearfix\" style=\"display:block; height:auto;\">\n\t\t\n<style>\n#gap-1277966691 {\n  padding-top: 30px;\n}\n<\/style>\n\t<\/div>\n\t\n<h2>Dessin dimensionnel\u00a0:<\/h2>\n\t<div class=\"img has-hover x md-x lg-x y md-y lg-y\" id=\"image_1386115143\">\n\t\t\t\t\t\t\t\t<div class=\"img-inner dark\" >\n\t\t\t<img loading=\"lazy\" decoding=\"async\" width=\"652\" height=\"600\" src=\"https:\/\/swoer.com\/wp-content\/uploads\/2024\/03\/flex-feeder-system-SW-260-dimension-drawing.webp\" class=\"attachment-original size-original\" alt=\"Sch\u00e9ma dimensionnel du syst\u00e8me d&#039;alimentation flexible SW-260\" srcset=\"https:\/\/swoer.com\/wp-content\/uploads\/2024\/03\/flex-feeder-system-SW-260-dimension-drawing.webp 652w, https:\/\/swoer.com\/wp-content\/uploads\/2024\/03\/flex-feeder-system-SW-260-dimension-drawing-300x276.webp 300w, https:\/\/swoer.com\/wp-content\/uploads\/2024\/03\/flex-feeder-system-SW-260-dimension-drawing-600x552.webp 600w\" sizes=\"(max-width: 652px) 100vw, 652px\" \/>\t\t\t\t\t\t\n\t\t\t\t\t<\/div>\n\t\t\t\t\t\t\t\t\n<style>\n#image_1386115143 {\n  width: 70%;\n}\n<\/style>\n\t<\/div>\n\t\n\t<div id=\"gap-1666067869\" class=\"gap-element clearfix\" style=\"display:block; height:auto;\">\n\t\t\n<style>\n#gap-1666067869 {\n  padding-top: 30px;\n}\n<\/style>\n\t<\/div>\n\t\n\n  \n    <div class=\"row large-columns-4 medium-columns-3 small-columns-2 row-small slider row-slider slider-nav-reveal slider-nav-push\"  data-flickity-options='{\"imagesLoaded\": true, \"groupCells\": \"100%\", \"dragThreshold\" : 5, \"cellAlign\": \"left\",\"wrapAround\": true,\"prevNextButtons\": true,\"percentPosition\": true,\"pageDots\": false, \"rightToLeft\": false, \"autoPlay\" : false}'>\n\n  \t\n\t     <div class=\"product-small col has-hover product type-product post-3884 status-publish first instock product_cat-delta-robots has-post-thumbnail shipping-taxable product-type-simple\">\n\t<div class=\"col-inner\">\n\t\n<div class=\"badge-container absolute left top z-1\">\n\n<\/div>\n\t<div class=\"product-small box\">\n\t\t<div class=\"box-image\">\n\t\t\t<div class=\"image-zoom_in\">\n\t\t\t\t<a href=\"https:\/\/swoer.com\/fr\/manufacturer\/custom-industrial-delta-robot-sw-hrd5s-sd-m\/\" aria-label=\"Custom Industrial Delta Robot SW-HRD5S-SD-M\">\n\t\t\t\t\t<img loading=\"lazy\" decoding=\"async\" width=\"300\" height=\"300\" src=\"https:\/\/swoer.com\/wp-content\/uploads\/2026\/04\/Custom-Industrial-Delta-Robot-SW-HRD5S-SD-M-300x300.webp\" class=\"attachment-woocommerce_thumbnail size-woocommerce_thumbnail\" alt=\"Custom Industrial Delta Robot SW-HRD5S-SD-M\" srcset=\"https:\/\/swoer.com\/wp-content\/uploads\/2026\/04\/Custom-Industrial-Delta-Robot-SW-HRD5S-SD-M-300x300.webp 300w, https:\/\/swoer.com\/wp-content\/uploads\/2026\/04\/Custom-Industrial-Delta-Robot-SW-HRD5S-SD-M-150x150.webp 150w, https:\/\/swoer.com\/wp-content\/uploads\/2026\/04\/Custom-Industrial-Delta-Robot-SW-HRD5S-SD-M-768x768.webp 768w, https:\/\/swoer.com\/wp-content\/uploads\/2026\/04\/Custom-Industrial-Delta-Robot-SW-HRD5S-SD-M-12x12.webp 12w, https:\/\/swoer.com\/wp-content\/uploads\/2026\/04\/Custom-Industrial-Delta-Robot-SW-HRD5S-SD-M-600x600.webp 600w, https:\/\/swoer.com\/wp-content\/uploads\/2026\/04\/Custom-Industrial-Delta-Robot-SW-HRD5S-SD-M-100x100.webp 100w, https:\/\/swoer.com\/wp-content\/uploads\/2026\/04\/Custom-Industrial-Delta-Robot-SW-HRD5S-SD-M.webp 800w\" sizes=\"(max-width: 300px) 100vw, 300px\" \/><img loading=\"lazy\" decoding=\"async\" width=\"300\" height=\"300\" src=\"https:\/\/swoer.com\/wp-content\/uploads\/2026\/04\/Custom-Industrial-Delta-Robot-SW-HRD5S-SD-M-300x300.webp\" class=\"show-on-hover absolute fill hide-for-small back-imageshow-on-hover absolute fill hide-for-small back-image hover-zoom\" alt=\"Custom Industrial Delta Robot SW-HRD5S-SD-M\" srcset=\"https:\/\/swoer.com\/wp-content\/uploads\/2026\/04\/Custom-Industrial-Delta-Robot-SW-HRD5S-SD-M-300x300.webp 300w, https:\/\/swoer.com\/wp-content\/uploads\/2026\/04\/Custom-Industrial-Delta-Robot-SW-HRD5S-SD-M-150x150.webp 150w, https:\/\/swoer.com\/wp-content\/uploads\/2026\/04\/Custom-Industrial-Delta-Robot-SW-HRD5S-SD-M-768x768.webp 768w, https:\/\/swoer.com\/wp-content\/uploads\/2026\/04\/Custom-Industrial-Delta-Robot-SW-HRD5S-SD-M-12x12.webp 12w, https:\/\/swoer.com\/wp-content\/uploads\/2026\/04\/Custom-Industrial-Delta-Robot-SW-HRD5S-SD-M-600x600.webp 600w, https:\/\/swoer.com\/wp-content\/uploads\/2026\/04\/Custom-Industrial-Delta-Robot-SW-HRD5S-SD-M-100x100.webp 100w, https:\/\/swoer.com\/wp-content\/uploads\/2026\/04\/Custom-Industrial-Delta-Robot-SW-HRD5S-SD-M.webp 800w\" sizes=\"(max-width: 300px) 100vw, 300px\" \/>\t\t\t\t<\/a>\n\t\t\t<\/div>\n\t\t\t<div class=\"image-tools is-small top right show-on-hover\">\n\t\t\t\t\t\t\t<\/div>\n\t\t\t<div class=\"image-tools is-small hide-for-small bottom left show-on-hover\">\n\t\t\t\t\t\t\t<\/div>\n\t\t\t<div class=\"image-tools grid-tools text-center hide-for-small bottom hover-slide-in show-on-hover\">\n\t\t\t\t  <a class=\"quick-view\" data-prod=\"3884\" href=\"#quick-view\">Aper\u00e7u<\/a>\t\t\t<\/div>\n\t\t\t\t\t<\/div>\n\n\t\t<div class=\"box-text box-text-products\">\n\t\t\t<div class=\"title-wrapper\"><p class=\"name product-title woocommerce-loop-product__title\"><a href=\"https:\/\/swoer.com\/fr\/manufacturer\/custom-industrial-delta-robot-sw-hrd5s-sd-m\/\" class=\"woocommerce-LoopProduct-link woocommerce-loop-product__link\">Custom Industrial Delta Robot SW-HRD5S-SD-M<\/a><\/p><\/div><div class=\"price-wrapper\">\n<\/div>\t\t<\/div>\n\t<\/div>\n\t\t<\/div>\n<\/div><div class=\"product-small col has-hover product type-product post-3882 status-publish instock product_cat-delta-robots has-post-thumbnail shipping-taxable product-type-simple\">\n\t<div class=\"col-inner\">\n\t\n<div class=\"badge-container absolute left top z-1\">\n\n<\/div>\n\t<div class=\"product-small box\">\n\t\t<div class=\"box-image\">\n\t\t\t<div class=\"image-zoom_in\">\n\t\t\t\t<a href=\"https:\/\/swoer.com\/fr\/manufacturer\/custom-delta-robot-pick-and-place-sw-hrd5s-sd-f\/\" aria-label=\"Custom Delta Robot Pick and Place SW-HRD5S-SD-F\">\n\t\t\t\t\t<img loading=\"lazy\" decoding=\"async\" width=\"300\" height=\"300\" src=\"https:\/\/swoer.com\/wp-content\/uploads\/2026\/04\/Custom-Delta-Robot-Pick-and-Place-SW-HRD5S-SD-F-300x300.webp\" class=\"attachment-woocommerce_thumbnail size-woocommerce_thumbnail\" alt=\"Custom Delta Robot Pick and Place SW-HRD5S-SD-F\" srcset=\"https:\/\/swoer.com\/wp-content\/uploads\/2026\/04\/Custom-Delta-Robot-Pick-and-Place-SW-HRD5S-SD-F-300x300.webp 300w, https:\/\/swoer.com\/wp-content\/uploads\/2026\/04\/Custom-Delta-Robot-Pick-and-Place-SW-HRD5S-SD-F-150x150.webp 150w, https:\/\/swoer.com\/wp-content\/uploads\/2026\/04\/Custom-Delta-Robot-Pick-and-Place-SW-HRD5S-SD-F-768x768.webp 768w, https:\/\/swoer.com\/wp-content\/uploads\/2026\/04\/Custom-Delta-Robot-Pick-and-Place-SW-HRD5S-SD-F-12x12.webp 12w, https:\/\/swoer.com\/wp-content\/uploads\/2026\/04\/Custom-Delta-Robot-Pick-and-Place-SW-HRD5S-SD-F-600x600.webp 600w, https:\/\/swoer.com\/wp-content\/uploads\/2026\/04\/Custom-Delta-Robot-Pick-and-Place-SW-HRD5S-SD-F-100x100.webp 100w, https:\/\/swoer.com\/wp-content\/uploads\/2026\/04\/Custom-Delta-Robot-Pick-and-Place-SW-HRD5S-SD-F.webp 800w\" sizes=\"(max-width: 300px) 100vw, 300px\" \/><img loading=\"lazy\" decoding=\"async\" width=\"300\" height=\"300\" src=\"https:\/\/swoer.com\/wp-content\/uploads\/2026\/04\/Custom-Delta-Robot-Pick-and-Place-SW-HRD5S-SD-F-300x300.webp\" class=\"show-on-hover absolute fill hide-for-small back-imageshow-on-hover absolute fill hide-for-small back-image hover-zoom\" alt=\"Custom Delta Robot Pick and Place SW-HRD5S-SD-F\" srcset=\"https:\/\/swoer.com\/wp-content\/uploads\/2026\/04\/Custom-Delta-Robot-Pick-and-Place-SW-HRD5S-SD-F-300x300.webp 300w, https:\/\/swoer.com\/wp-content\/uploads\/2026\/04\/Custom-Delta-Robot-Pick-and-Place-SW-HRD5S-SD-F-150x150.webp 150w, https:\/\/swoer.com\/wp-content\/uploads\/2026\/04\/Custom-Delta-Robot-Pick-and-Place-SW-HRD5S-SD-F-768x768.webp 768w, https:\/\/swoer.com\/wp-content\/uploads\/2026\/04\/Custom-Delta-Robot-Pick-and-Place-SW-HRD5S-SD-F-12x12.webp 12w, https:\/\/swoer.com\/wp-content\/uploads\/2026\/04\/Custom-Delta-Robot-Pick-and-Place-SW-HRD5S-SD-F-600x600.webp 600w, https:\/\/swoer.com\/wp-content\/uploads\/2026\/04\/Custom-Delta-Robot-Pick-and-Place-SW-HRD5S-SD-F-100x100.webp 100w, https:\/\/swoer.com\/wp-content\/uploads\/2026\/04\/Custom-Delta-Robot-Pick-and-Place-SW-HRD5S-SD-F.webp 800w\" sizes=\"(max-width: 300px) 100vw, 300px\" \/>\t\t\t\t<\/a>\n\t\t\t<\/div>\n\t\t\t<div class=\"image-tools is-small top right show-on-hover\">\n\t\t\t\t\t\t\t<\/div>\n\t\t\t<div class=\"image-tools is-small hide-for-small bottom left show-on-hover\">\n\t\t\t\t\t\t\t<\/div>\n\t\t\t<div class=\"image-tools grid-tools text-center hide-for-small bottom hover-slide-in show-on-hover\">\n\t\t\t\t  <a class=\"quick-view\" data-prod=\"3882\" href=\"#quick-view\">Aper\u00e7u<\/a>\t\t\t<\/div>\n\t\t\t\t\t<\/div>\n\n\t\t<div class=\"box-text box-text-products\">\n\t\t\t<div class=\"title-wrapper\"><p class=\"name product-title woocommerce-loop-product__title\"><a href=\"https:\/\/swoer.com\/fr\/manufacturer\/custom-delta-robot-pick-and-place-sw-hrd5s-sd-f\/\" class=\"woocommerce-LoopProduct-link woocommerce-loop-product__link\">Custom Delta Robot Pick and Place SW-HRD5S-SD-F<\/a><\/p><\/div><div class=\"price-wrapper\">\n<\/div>\t\t<\/div>\n\t<\/div>\n\t\t<\/div>\n<\/div><\/div>","protected":false},"excerpt":{"rendered":"<p>SWOER fabrique des syst\u00e8mes d&#039;alimentation flexibles sur mesure pour r\u00e9pondre aux sp\u00e9cificit\u00e9s des pi\u00e8ces et aux besoins des clients. Nos prix d\u2019usine comp\u00e9titifs garantissent une qualit\u00e9 abordable. De plus, l&#039;int\u00e9gration transparente avec les robots et la vision CCD optimise l&#039;efficacit\u00e9 et la pr\u00e9cision. Faites confiance \u00e0 SWOER pour des solutions fiables et sur mesure.<\/p>\n<p>Si vous souhaitez obtenir les prix des syst\u00e8mes d&#039;alimentation flexibles, veuillez nous contacter.<\/p>","protected":false},"featured_media":1755,"comment_status":"open","ping_status":"closed","template":"","meta":[],"product_cat":[15],"product_tag":[],"yoast_head":"<!-- This site is optimized with the Yoast SEO plugin v22.2 - https:\/\/yoast.com\/wordpress\/plugins\/seo\/ -->\n<title>Flexible Feeder System SW-340 - SWOER<\/title>\n<meta name=\"description\" content=\"SW-340 Flex Feeder System offers custom solutions at competitive prices. Integrates with robots and CCD vision for unmatched efficiency and precision.\" \/>\n<meta name=\"robots\" content=\"index, follow, max-snippet:-1, max-image-preview:large, max-video-preview:-1\" \/>\n<link rel=\"canonical\" href=\"https:\/\/swoer.com\/fr\/manufacturer\/flexible-feeder-system-sw-340\/\" \/>\n<meta property=\"og:locale\" content=\"fr_FR\" \/>\n<meta property=\"og:type\" content=\"article\" \/>\n<meta property=\"og:title\" content=\"Flexible Feeder System SW-340 - SWOER\" \/>\n<meta property=\"og:description\" content=\"SW-340 Flex Feeder System offers custom solutions at competitive prices. Integrates with robots and CCD vision for unmatched efficiency and precision.\" \/>\n<meta property=\"og:url\" content=\"https:\/\/swoer.com\/fr\/manufacturer\/flexible-feeder-system-sw-340\/\" \/>\n<meta property=\"og:site_name\" content=\"SWOER\" \/>\n<meta property=\"article:modified_time\" content=\"2025-02-07T08:49:43+00:00\" \/>\n<meta property=\"og:image\" content=\"https:\/\/swoer.com\/wp-content\/uploads\/2024\/03\/Flexible-Feeder-System-SW-340.webp\" \/>\n\t<meta property=\"og:image:width\" content=\"1000\" \/>\n\t<meta property=\"og:image:height\" content=\"1000\" \/>\n\t<meta property=\"og:image:type\" content=\"image\/webp\" \/>\n<meta name=\"twitter:card\" content=\"summary_large_image\" \/>\n<meta name=\"twitter:label1\" content=\"Dur\u00e9e de lecture estim\u00e9e\" \/>\n\t<meta name=\"twitter:data1\" content=\"1 minute\" \/>\n<script type=\"application\/ld+json\" class=\"yoast-schema-graph\">{\"@context\":\"https:\/\/schema.org\",\"@graph\":[{\"@type\":\"WebPage\",\"@id\":\"https:\/\/swoer.com\/manufacturer\/flexible-feeder-system-sw-340\/\",\"url\":\"https:\/\/swoer.com\/manufacturer\/flexible-feeder-system-sw-340\/\",\"name\":\"Flexible Feeder System SW-340 - SWOER\",\"isPartOf\":{\"@id\":\"https:\/\/swoer.com\/#website\"},\"primaryImageOfPage\":{\"@id\":\"https:\/\/swoer.com\/manufacturer\/flexible-feeder-system-sw-340\/#primaryimage\"},\"image\":{\"@id\":\"https:\/\/swoer.com\/manufacturer\/flexible-feeder-system-sw-340\/#primaryimage\"},\"thumbnailUrl\":\"https:\/\/swoer.com\/wp-content\/uploads\/2024\/03\/Flexible-Feeder-System-SW-340.webp\",\"datePublished\":\"2024-03-30T06:40:49+00:00\",\"dateModified\":\"2025-02-07T08:49:43+00:00\",\"description\":\"SW-340 Flex Feeder System offers custom solutions at competitive prices. Integrates with robots and CCD vision for unmatched efficiency and precision.\",\"breadcrumb\":{\"@id\":\"https:\/\/swoer.com\/manufacturer\/flexible-feeder-system-sw-340\/#breadcrumb\"},\"inLanguage\":\"fr-FR\",\"potentialAction\":[{\"@type\":\"ReadAction\",\"target\":[\"https:\/\/swoer.com\/manufacturer\/flexible-feeder-system-sw-340\/\"]}]},{\"@type\":\"ImageObject\",\"inLanguage\":\"fr-FR\",\"@id\":\"https:\/\/swoer.com\/manufacturer\/flexible-feeder-system-sw-340\/#primaryimage\",\"url\":\"https:\/\/swoer.com\/wp-content\/uploads\/2024\/03\/Flexible-Feeder-System-SW-340.webp\",\"contentUrl\":\"https:\/\/swoer.com\/wp-content\/uploads\/2024\/03\/Flexible-Feeder-System-SW-340.webp\",\"width\":1000,\"height\":1000,\"caption\":\"Flexible Feeder System SW-340\"},{\"@type\":\"BreadcrumbList\",\"@id\":\"https:\/\/swoer.com\/manufacturer\/flexible-feeder-system-sw-340\/#breadcrumb\",\"itemListElement\":[{\"@type\":\"ListItem\",\"position\":1,\"name\":\"Home\",\"item\":\"https:\/\/swoer.com\/\"},{\"@type\":\"ListItem\",\"position\":2,\"name\":\"Shop\",\"item\":\"https:\/\/swoer.com\/shop\/\"},{\"@type\":\"ListItem\",\"position\":3,\"name\":\"Flexible Feeder System SW-340\"}]},{\"@type\":\"WebSite\",\"@id\":\"https:\/\/swoer.com\/#website\",\"url\":\"https:\/\/swoer.com\/\",\"name\":\"SWOER\",\"description\":\"Swoer is the top 3 vibratory bowl feeder manufacturer in China\",\"potentialAction\":[{\"@type\":\"SearchAction\",\"target\":{\"@type\":\"EntryPoint\",\"urlTemplate\":\"https:\/\/swoer.com\/?s={search_term_string}\"},\"query-input\":\"required name=search_term_string\"}],\"inLanguage\":\"fr-FR\"}]}<\/script>\n<!-- \/ Yoast SEO plugin. -->","yoast_head_json":{"title":"Flexible Feeder System SW-340 - SWOER","description":"SW-340 Flex Feeder System offers custom solutions at competitive prices. Integrates with robots and CCD vision for unmatched efficiency and precision.","robots":{"index":"index","follow":"follow","max-snippet":"max-snippet:-1","max-image-preview":"max-image-preview:large","max-video-preview":"max-video-preview:-1"},"canonical":"https:\/\/swoer.com\/fr\/manufacturer\/flexible-feeder-system-sw-340\/","og_locale":"fr_FR","og_type":"article","og_title":"Flexible Feeder System SW-340 - SWOER","og_description":"SW-340 Flex Feeder System offers custom solutions at competitive prices. Integrates with robots and CCD vision for unmatched efficiency and precision.","og_url":"https:\/\/swoer.com\/fr\/manufacturer\/flexible-feeder-system-sw-340\/","og_site_name":"SWOER","article_modified_time":"2025-02-07T08:49:43+00:00","og_image":[{"width":1000,"height":1000,"url":"https:\/\/swoer.com\/wp-content\/uploads\/2024\/03\/Flexible-Feeder-System-SW-340.webp","type":"image\/webp"}],"twitter_card":"summary_large_image","twitter_misc":{"Dur\u00e9e de lecture estim\u00e9e":"1 minute"},"schema":{"@context":"https:\/\/schema.org","@graph":[{"@type":"WebPage","@id":"https:\/\/swoer.com\/manufacturer\/flexible-feeder-system-sw-340\/","url":"https:\/\/swoer.com\/manufacturer\/flexible-feeder-system-sw-340\/","name":"Flexible Feeder System SW-340 - SWOER","isPartOf":{"@id":"https:\/\/swoer.com\/#website"},"primaryImageOfPage":{"@id":"https:\/\/swoer.com\/manufacturer\/flexible-feeder-system-sw-340\/#primaryimage"},"image":{"@id":"https:\/\/swoer.com\/manufacturer\/flexible-feeder-system-sw-340\/#primaryimage"},"thumbnailUrl":"https:\/\/swoer.com\/wp-content\/uploads\/2024\/03\/Flexible-Feeder-System-SW-340.webp","datePublished":"2024-03-30T06:40:49+00:00","dateModified":"2025-02-07T08:49:43+00:00","description":"SW-340 Flex Feeder System offers custom solutions at competitive prices. Integrates with robots and CCD vision for unmatched efficiency and precision.","breadcrumb":{"@id":"https:\/\/swoer.com\/manufacturer\/flexible-feeder-system-sw-340\/#breadcrumb"},"inLanguage":"fr-FR","potentialAction":[{"@type":"ReadAction","target":["https:\/\/swoer.com\/manufacturer\/flexible-feeder-system-sw-340\/"]}]},{"@type":"ImageObject","inLanguage":"fr-FR","@id":"https:\/\/swoer.com\/manufacturer\/flexible-feeder-system-sw-340\/#primaryimage","url":"https:\/\/swoer.com\/wp-content\/uploads\/2024\/03\/Flexible-Feeder-System-SW-340.webp","contentUrl":"https:\/\/swoer.com\/wp-content\/uploads\/2024\/03\/Flexible-Feeder-System-SW-340.webp","width":1000,"height":1000,"caption":"Flexible Feeder System SW-340"},{"@type":"BreadcrumbList","@id":"https:\/\/swoer.com\/manufacturer\/flexible-feeder-system-sw-340\/#breadcrumb","itemListElement":[{"@type":"ListItem","position":1,"name":"Home","item":"https:\/\/swoer.com\/"},{"@type":"ListItem","position":2,"name":"Shop","item":"https:\/\/swoer.com\/shop\/"},{"@type":"ListItem","position":3,"name":"Flexible Feeder System SW-340"}]},{"@type":"WebSite","@id":"https:\/\/swoer.com\/#website","url":"https:\/\/swoer.com\/","name":"SWOER","description":"Swoer is the top 3 vibratory bowl feeder manufacturer in China","potentialAction":[{"@type":"SearchAction","target":{"@type":"EntryPoint","urlTemplate":"https:\/\/swoer.com\/?s={search_term_string}"},"query-input":"required name=search_term_string"}],"inLanguage":"fr-FR"}]}},"_links":{"self":[{"href":"https:\/\/swoer.com\/fr\/wp-json\/wp\/v2\/product\/1754"}],"collection":[{"href":"https:\/\/swoer.com\/fr\/wp-json\/wp\/v2\/product"}],"about":[{"href":"https:\/\/swoer.com\/fr\/wp-json\/wp\/v2\/types\/product"}],"replies":[{"embeddable":true,"href":"https:\/\/swoer.com\/fr\/wp-json\/wp\/v2\/comments?post=1754"}],"wp:featuredmedia":[{"embeddable":true,"href":"https:\/\/swoer.com\/fr\/wp-json\/wp\/v2\/media\/1755"}],"wp:attachment":[{"href":"https:\/\/swoer.com\/fr\/wp-json\/wp\/v2\/media?parent=1754"}],"wp:term":[{"taxonomy":"product_cat","embeddable":true,"href":"https:\/\/swoer.com\/fr\/wp-json\/wp\/v2\/product_cat?post=1754"},{"taxonomy":"product_tag","embeddable":true,"href":"https:\/\/swoer.com\/fr\/wp-json\/wp\/v2\/product_tag?post=1754"}],"curies":[{"name":"wp","href":"https:\/\/api.w.org\/{rel}","templated":true}]}}