{"id":1708,"date":"2024-03-29T08:32:52","date_gmt":"2024-03-29T08:32:52","guid":{"rendered":"https:\/\/lightgrey-porpoise-816575.hostingersite.com\/?post_type=product&#038;p=1708"},"modified":"2024-08-01T09:55:42","modified_gmt":"2024-08-01T01:55:42","slug":"red-caps-bowl-feeder-3d-model","status":"publish","type":"product","link":"https:\/\/swoer.com\/fr\/manufacturer\/red-caps-bowl-feeder-3d-model\/","title":{"rendered":"Mangeoire \u00e0 bol \u00e0 capuchons rouges mod\u00e8le 3D"},"content":{"rendered":"<h2>Sp\u00e9cifications du chargeur de bol\u00a0:<\/h2>\n<table width=\"684\">\n<tbody>\n<tr>\n<td width=\"183\">Nom du produit<\/td>\n<td width=\"501\">Mangeoire \u00e0 bol \u00e0 capuchons rouges mod\u00e8le 3D<\/td>\n<\/tr>\n<tr>\n<td>Mat\u00e9riel<\/td>\n<td>\u00a0SUS201\/304<\/td>\n<\/tr>\n<tr>\n<td>Sp\u00e9cialit\u00e9 mat\u00e9rielle<\/td>\n<td>Alliage de forgeage \u00e0 froid, haute r\u00e9sistance, haute duret\u00e9<\/td>\n<\/tr>\n<tr>\n<td>Tension<\/td>\n<td>220V<\/td>\n<\/tr>\n<tr>\n<td>Pouvoir<\/td>\n<td>65W \/150W \/180W \/ 220W \/ 350W<\/td>\n<\/tr>\n<tr>\n<td>Authentification<\/td>\n<td>CE, ROHS, ISO9001<\/td>\n<\/tr>\n<tr>\n<td>garantie<\/td>\n<td>1 an de garantie<\/td>\n<\/tr>\n<tr>\n<td>Quantit\u00e9 minimale de commande<\/td>\n<td>1 jeu<\/td>\n<\/tr>\n<tr>\n<td>D\u00e9lai de mise en \u0153uvre<\/td>\n<td>10-14 jours<\/td>\n<\/tr>\n<tr>\n<td>Conditions de paiement<\/td>\n<td>T\/T 40% D\u00e9p\u00f4t et solde avant exp\u00e9dition<\/td>\n<\/tr>\n<tr>\n<td>Original du lieu<\/td>\n<td>Chine<\/td>\n<\/tr>\n<\/tbody>\n<\/table>\n<h3><\/h3>\n<h2>D\u00e9tails du bonnet rouge\u00a0:<\/h2>\n\t<div class=\"img has-hover x md-x lg-x y md-y lg-y\" id=\"image_924895494\">\n\t\t\t\t\t\t\t\t<div class=\"img-inner dark\" >\n\t\t\t<img loading=\"lazy\" decoding=\"async\" width=\"336\" height=\"191\" src=\"https:\/\/swoer.com\/wp-content\/uploads\/2024\/03\/Red-Cap-Detail.webp\" class=\"attachment-original size-original\" alt=\"D\u00e9tail du bonnet rouge\" srcset=\"https:\/\/swoer.com\/wp-content\/uploads\/2024\/03\/Red-Cap-Detail.webp 336w, https:\/\/swoer.com\/wp-content\/uploads\/2024\/03\/Red-Cap-Detail-300x171.webp 300w\" sizes=\"(max-width: 336px) 100vw, 336px\" \/>\t\t\t\t\t\t\n\t\t\t\t\t<\/div>\n\t\t\t\t\t\t\t\t\n<style>\n#image_924895494 {\n  width: 48%;\n}\n<\/style>\n\t<\/div>\n\t\n\t<div id=\"gap-1565729738\" class=\"gap-element clearfix\" style=\"display:block; height:auto;\">\n\t\t\n<style>\n#gap-1565729738 {\n  padding-top: 30px;\n}\n<\/style>\n\t<\/div>\n\t\n<p><strong>Pr\u00eat \u00e0 donner vie \u00e0 votre projet d&#039;automatisation ?<\/strong>\u00a0SWOER peut vous aider.<\/p>\n<p><strong>Partagez vos besoins sp\u00e9cifiques<\/strong>\u00a0et nous vous fournirons un devis personnalis\u00e9 pour votre mangeoire \u00e0 bol Red Caps. Parles nous de:<\/p>\n<ul>\n<li><strong>D\u00e9tails de la pi\u00e8ce\u00a0:<\/strong>T\u00e9l\u00e9chargez des images, des dimensions ou des mod\u00e8les 3D de vos composants.<\/li>\n<li><strong>Vitesse souhait\u00e9e :<\/strong>De combien de pi\u00e8ces par minute avez-vous besoin\u00a0?<\/li>\n<li><strong>Orientation:<\/strong>Avez-vous besoin d\u2019une rotation dans le sens des aiguilles d\u2019une montre ou dans le sens inverse ? Quelle est l\u2019orientation alimentaire id\u00e9ale ?<\/li>\n<li><strong>\u00c9quipement suppl\u00e9mentaire:<\/strong>Besoin d&#039;un alimentateur lin\u00e9aire, d&#039;une plinthe ou d&#039;une tr\u00e9mie ?<\/li>\n<\/ul>\n<p><strong>Nous travaillerons en \u00e9troite collaboration avec vous pour concevoir une solution qui r\u00e9pond exactement \u00e0 vos besoins.<\/strong>\u00a0Nos ing\u00e9nieurs exp\u00e9riment\u00e9s cr\u00e9eront un bol d&#039;alimentation personnalis\u00e9 qui garantit des performances et une efficacit\u00e9 optimales.<\/p>\n<p><strong>Contactez-nous aujourd&#039;hui<\/strong>\u00a0pour discuter de votre projet et vous lancer.<\/p>\n\t<div id=\"gap-1279044180\" class=\"gap-element clearfix\" style=\"display:block; height:auto;\">\n\t\t\n<style>\n#gap-1279044180 {\n  padding-top: 30px;\n}\n<\/style>\n\t<\/div>\n\t\n<h2 style=\"text-align: center;\"><strong>Contactez-nous<\/strong><\/h2>\n\n<div class=\"wpcf7 no-js\" id=\"wpcf7-f280-o1\" lang=\"en-US\" dir=\"ltr\">\n<div class=\"screen-reader-response\"><p role=\"status\" aria-live=\"polite\" aria-atomic=\"true\"><\/p> <ul><\/ul><\/div>\n<form action=\"\/fr\/wp-json\/wp\/v2\/product\/1708#wpcf7-f280-o1\" method=\"post\" class=\"wpcf7-form init\" aria-label=\"Formulaire de contact\" novalidate=\"novalidate\" data-status=\"init\" data-trp-original-action=\"\/fr\/wp-json\/wp\/v2\/product\/1708#wpcf7-f280-o1\">\n<div style=\"display: none;\">\n<input type=\"hidden\" name=\"_wpcf7\" value=\"280\" \/>\n<input type=\"hidden\" name=\"_wpcf7_version\" value=\"5.9.2\" \/>\n<input type=\"hidden\" name=\"_wpcf7_locale\" value=\"en_US\" \/>\n<input type=\"hidden\" name=\"_wpcf7_unit_tag\" value=\"wpcf7-f280-o1\" \/>\n<input type=\"hidden\" name=\"_wpcf7_container_post\" value=\"0\" \/>\n<input type=\"hidden\" name=\"_wpcf7_posted_data_hash\" value=\"\" \/>\n<\/div>\n<div class='custom_contact_style'>\n\t<div class=\"row row-small\">\n\t\t<div class=\"col medium-6 small-12 large-6\">\n\t\t\t<div class=\"col-inner\">\n\t\t\t\t<p><span class=\"wpcf7-form-control-wrap\" data-name=\"your-name\"><input size=\"40\" class=\"wpcf7-form-control wpcf7-text wpcf7-validates-as-required\" aria-required=\"true\" aria-invalid=\"false\" placeholder=\"Nom*\" value=\"\" type=\"text\" name=\"your-name\" \/><\/span>\n\t\t\t\t<\/p>\n\t\t\t<\/div>\n\t\t<\/div>\n\t\t<div class=\"col medium-6 small-12 large-6\">\n\t\t\t<div class=\"col-inner\">\n\t\t\t\t<p><span class=\"wpcf7-form-control-wrap\" data-name=\"your-email\"><input size=\"40\" class=\"wpcf7-form-control wpcf7-email wpcf7-validates-as-required wpcf7-text wpcf7-validates-as-email\" aria-required=\"true\" aria-invalid=\"false\" placeholder=\"E-mail*\" value=\"\" type=\"email\" name=\"your-email\" \/><\/span>\n\t\t\t\t<\/p>\n\t\t\t<\/div>\n\t\t<\/div>\n\t<\/div>\n\t<div class='cus_contact_form_bottom'>\n\t\t<p><span class=\"wpcf7-form-control-wrap\" data-name=\"your-phone\"><input size=\"40\" class=\"wpcf7-form-control wpcf7-text\" aria-invalid=\"false\" placeholder=\"T\u00e9l\u00e9phone\" value=\"\" type=\"text\" name=\"your-phone\" \/><\/span>\n\t\t<\/p>\n\t<\/div>\n\t<div class='cus_contact_form_bottom'>\n\t\t<p><span class=\"wpcf7-form-control-wrap\" data-name=\"your-country\"><input size=\"40\" class=\"wpcf7-form-control wpcf7-text\" aria-invalid=\"false\" placeholder=\"Pays\" value=\"\" type=\"text\" name=\"your-country\" \/><\/span>\n\t\t<\/p>\n\t<\/div>\n\t<p><span class=\"wpcf7-form-control-wrap\" data-name=\"your-message\"><textarea cols=\"40\" rows=\"10\" class=\"wpcf7-form-control wpcf7-textarea wpcf7-validates-as-required\" aria-required=\"true\" aria-invalid=\"false\" placeholder=\"Votre message *\" name=\"your-message\"><\/textarea><\/span>\n\t<\/p>\n\t<div style=\"margin-bottom:10px;\">\n\t\t<p><span class=\"wpcf7-form-control-wrap kc_captcha cf7ic-toggle\" data-name=\"kc_captcha\"><span class=\"wpcf7-form-control wpcf7-radio\"><span class=\"captcha-image\" style=\"display: none;\"><span class=\"cf7ic_instructions\">Veuillez prouver que vous \u00eates humain en s\u00e9lectionnant le<span> house<\/span>.<\/span><label><input aria-label=\"1\" type=\"radio\" name=\"kc_captcha\" value=\"kc_human\" \/><svg aria-hidden=\"true\" role=\"img\" xmlns=\"http:\/\/www.w3.org\/2000\/svg\" viewbox=\"0 0 576 512\"><path fill=\"currentColor\" d=\"M488 313v143c0 13-11 24-24 24H348c-7 0-12-5-12-12V356c0-7-5-12-12-12h-72c-7 0-12 5-12 12v112c0 7-5 12-12 12H112c-13 0-24-11-24-24V313c0-4 2-7 4-10l188-154c5-4 11-4 16 0l188 154c2 3 4 6 4 10zm84-61l-84-69V44c0-6-5-12-12-12h-56c-7 0-12 6-12 12v73l-89-74a48 48 0 00-61 0L4 252c-5 4-5 12-1 17l25 31c5 5 12 5 17 1l235-193c5-4 11-4 16 0l235 193c5 5 13 4 17-1l25-31c4-6 4-13-1-17z\"\/><\/svg><\/label><label><input aria-label=\"2\" type=\"radio\" name=\"kc_captcha\" value=\"bot\" \/><svg aria-hidden=\"true\" role=\"img\" xmlns=\"http:\/\/www.w3.org\/2000\/svg\" viewbox=\"0 0 512 512\"><path fill=\"currentColor\" d=\"M350 99c-54 0-98-35-166-35-25 0-47 4-68 12a56 56 0 004-24C118 24 95 1 66 0a56 56 0 00-34 102v386c0 13 11 24 24 24h16c13 0 24-11 24-24v-94c28-12 64-23 114-23 54 0 98 35 166 35 48 0 86-16 122-41 9-6 14-15 14-26V96c0-23-24-39-45-29-35 16-77 32-117 32z\"\/><\/svg><\/label><label><input aria-label=\"3\" type=\"radio\" name=\"kc_captcha\" value=\"bot\" \/><svg aria-hidden=\"true\" role=\"img\" xmlns=\"http:\/\/www.w3.org\/2000\/svg\" viewbox=\"0 0 512 512\"><path fill=\"currentColor\" d=\"M512 176a176 176 0 01-209 173l-24 27a24 24 0 01-18 8h-37v40c0 13-11 24-24 24h-40v40c0 13-11 24-24 24H24c-13 0-24-11-24-24v-78c0-6 3-13 7-17l162-162a176 176 0 11343-55zm-176-48a48 48 0 1096 0 48 48 0 00-96 0z\"\/><\/svg><\/label>\r\n    <\/span>\r\n    <span style=\"display:none\">\r\n        <input type=\"text\" name=\"kc_honeypot\">\r\n    <\/span><\/span><\/span>\n\t\t<\/p>\n\t<\/div>\n\t<p><input class=\"wpcf7-form-control wpcf7-submit has-spinner\" type=\"submit\" value=\"Envoyer le message\" \/>\n\t<\/p>\n<\/div><div class=\"wpcf7-response-output\" aria-hidden=\"true\"><\/div>\n<input type=\"hidden\" name=\"trp-form-language\" value=\"fr\"\/><\/form>\n<\/div>","protected":false},"excerpt":{"rendered":"<p>Mod\u00e8le 3D d&#039;alimentateur de bol SWOER Red Caps : les fabricants professionnels d&#039;alimentateurs vibrants vous proposent des solutions de conception 3D gratuites.<\/p>","protected":false},"featured_media":1709,"comment_status":"open","ping_status":"closed","template":"","meta":[],"product_cat":[37],"product_tag":[],"yoast_head":"<!-- This site is optimized with the Yoast SEO plugin v22.2 - https:\/\/yoast.com\/wordpress\/plugins\/seo\/ -->\n<title>Red Caps Bowl Feeder 3D Model | Bowl Feeder 3D Model Design<\/title>\n<meta name=\"description\" content=\"Need a custom bowl feeder solution? Our engineering team can design a bowl feeder tailored to your specific needs. Contact us today for a quote.\" \/>\n<meta name=\"robots\" content=\"index, follow, max-snippet:-1, max-image-preview:large, max-video-preview:-1\" \/>\n<link rel=\"canonical\" href=\"https:\/\/swoer.com\/fr\/manufacturer\/red-caps-bowl-feeder-3d-model\/\" \/>\n<meta property=\"og:locale\" content=\"fr_FR\" \/>\n<meta property=\"og:type\" content=\"article\" \/>\n<meta property=\"og:title\" content=\"Red Caps Bowl Feeder 3D Model | Bowl Feeder 3D Model Design\" \/>\n<meta property=\"og:description\" content=\"Need a custom bowl feeder solution? Our engineering team can design a bowl feeder tailored to your specific needs. Contact us today for a quote.\" \/>\n<meta property=\"og:url\" content=\"https:\/\/swoer.com\/fr\/manufacturer\/red-caps-bowl-feeder-3d-model\/\" \/>\n<meta property=\"og:site_name\" content=\"SWOER\" \/>\n<meta property=\"article:modified_time\" content=\"2024-08-01T01:55:42+00:00\" \/>\n<meta property=\"og:image\" content=\"https:\/\/swoer.com\/wp-content\/uploads\/2024\/03\/red-caps-bowl-feeder-3D-model-.webp\" \/>\n\t<meta property=\"og:image:width\" content=\"1000\" \/>\n\t<meta property=\"og:image:height\" content=\"1000\" \/>\n\t<meta property=\"og:image:type\" content=\"image\/webp\" \/>\n<meta name=\"twitter:card\" content=\"summary_large_image\" \/>\n<meta name=\"twitter:label1\" content=\"Dur\u00e9e de lecture estim\u00e9e\" \/>\n\t<meta name=\"twitter:data1\" content=\"2 minutes\" \/>\n<script type=\"application\/ld+json\" class=\"yoast-schema-graph\">{\"@context\":\"https:\/\/schema.org\",\"@graph\":[{\"@type\":\"WebPage\",\"@id\":\"https:\/\/swoer.com\/manufacturer\/red-caps-bowl-feeder-3d-model\/\",\"url\":\"https:\/\/swoer.com\/manufacturer\/red-caps-bowl-feeder-3d-model\/\",\"name\":\"Red Caps Bowl Feeder 3D Model | Bowl Feeder 3D Model Design\",\"isPartOf\":{\"@id\":\"https:\/\/swoer.com\/#website\"},\"primaryImageOfPage\":{\"@id\":\"https:\/\/swoer.com\/manufacturer\/red-caps-bowl-feeder-3d-model\/#primaryimage\"},\"image\":{\"@id\":\"https:\/\/swoer.com\/manufacturer\/red-caps-bowl-feeder-3d-model\/#primaryimage\"},\"thumbnailUrl\":\"https:\/\/swoer.com\/wp-content\/uploads\/2024\/03\/red-caps-bowl-feeder-3D-model-.webp\",\"datePublished\":\"2024-03-29T08:32:52+00:00\",\"dateModified\":\"2024-08-01T01:55:42+00:00\",\"description\":\"Need a custom bowl feeder solution? Our engineering team can design a bowl feeder tailored to your specific needs. Contact us today for a quote.\",\"breadcrumb\":{\"@id\":\"https:\/\/swoer.com\/manufacturer\/red-caps-bowl-feeder-3d-model\/#breadcrumb\"},\"inLanguage\":\"fr-FR\",\"potentialAction\":[{\"@type\":\"ReadAction\",\"target\":[\"https:\/\/swoer.com\/manufacturer\/red-caps-bowl-feeder-3d-model\/\"]}]},{\"@type\":\"ImageObject\",\"inLanguage\":\"fr-FR\",\"@id\":\"https:\/\/swoer.com\/manufacturer\/red-caps-bowl-feeder-3d-model\/#primaryimage\",\"url\":\"https:\/\/swoer.com\/wp-content\/uploads\/2024\/03\/red-caps-bowl-feeder-3D-model-.webp\",\"contentUrl\":\"https:\/\/swoer.com\/wp-content\/uploads\/2024\/03\/red-caps-bowl-feeder-3D-model-.webp\",\"width\":1000,\"height\":1000,\"caption\":\"red caps bowl feeder 3D model\"},{\"@type\":\"BreadcrumbList\",\"@id\":\"https:\/\/swoer.com\/manufacturer\/red-caps-bowl-feeder-3d-model\/#breadcrumb\",\"itemListElement\":[{\"@type\":\"ListItem\",\"position\":1,\"name\":\"Home\",\"item\":\"https:\/\/swoer.com\/\"},{\"@type\":\"ListItem\",\"position\":2,\"name\":\"Shop\",\"item\":\"https:\/\/swoer.com\/shop\/\"},{\"@type\":\"ListItem\",\"position\":3,\"name\":\"Red Caps Bowl Feeder 3D Model\"}]},{\"@type\":\"WebSite\",\"@id\":\"https:\/\/swoer.com\/#website\",\"url\":\"https:\/\/swoer.com\/\",\"name\":\"SWOER\",\"description\":\"Swoer is the top 3 vibratory bowl feeder manufacturer in China\",\"potentialAction\":[{\"@type\":\"SearchAction\",\"target\":{\"@type\":\"EntryPoint\",\"urlTemplate\":\"https:\/\/swoer.com\/?s={search_term_string}\"},\"query-input\":\"required name=search_term_string\"}],\"inLanguage\":\"fr-FR\"}]}<\/script>\n<!-- \/ Yoast SEO plugin. -->","yoast_head_json":{"title":"Red Caps Bowl Feeder 3D Model | Bowl Feeder 3D Model Design","description":"Need a custom bowl feeder solution? Our engineering team can design a bowl feeder tailored to your specific needs. Contact us today for a quote.","robots":{"index":"index","follow":"follow","max-snippet":"max-snippet:-1","max-image-preview":"max-image-preview:large","max-video-preview":"max-video-preview:-1"},"canonical":"https:\/\/swoer.com\/fr\/manufacturer\/red-caps-bowl-feeder-3d-model\/","og_locale":"fr_FR","og_type":"article","og_title":"Red Caps Bowl Feeder 3D Model | Bowl Feeder 3D Model Design","og_description":"Need a custom bowl feeder solution? Our engineering team can design a bowl feeder tailored to your specific needs. Contact us today for a quote.","og_url":"https:\/\/swoer.com\/fr\/manufacturer\/red-caps-bowl-feeder-3d-model\/","og_site_name":"SWOER","article_modified_time":"2024-08-01T01:55:42+00:00","og_image":[{"width":1000,"height":1000,"url":"https:\/\/swoer.com\/wp-content\/uploads\/2024\/03\/red-caps-bowl-feeder-3D-model-.webp","type":"image\/webp"}],"twitter_card":"summary_large_image","twitter_misc":{"Dur\u00e9e de lecture estim\u00e9e":"2 minutes"},"schema":{"@context":"https:\/\/schema.org","@graph":[{"@type":"WebPage","@id":"https:\/\/swoer.com\/manufacturer\/red-caps-bowl-feeder-3d-model\/","url":"https:\/\/swoer.com\/manufacturer\/red-caps-bowl-feeder-3d-model\/","name":"Red Caps Bowl Feeder 3D Model | Bowl Feeder 3D Model Design","isPartOf":{"@id":"https:\/\/swoer.com\/#website"},"primaryImageOfPage":{"@id":"https:\/\/swoer.com\/manufacturer\/red-caps-bowl-feeder-3d-model\/#primaryimage"},"image":{"@id":"https:\/\/swoer.com\/manufacturer\/red-caps-bowl-feeder-3d-model\/#primaryimage"},"thumbnailUrl":"https:\/\/swoer.com\/wp-content\/uploads\/2024\/03\/red-caps-bowl-feeder-3D-model-.webp","datePublished":"2024-03-29T08:32:52+00:00","dateModified":"2024-08-01T01:55:42+00:00","description":"Need a custom bowl feeder solution? Our engineering team can design a bowl feeder tailored to your specific needs. Contact us today for a quote.","breadcrumb":{"@id":"https:\/\/swoer.com\/manufacturer\/red-caps-bowl-feeder-3d-model\/#breadcrumb"},"inLanguage":"fr-FR","potentialAction":[{"@type":"ReadAction","target":["https:\/\/swoer.com\/manufacturer\/red-caps-bowl-feeder-3d-model\/"]}]},{"@type":"ImageObject","inLanguage":"fr-FR","@id":"https:\/\/swoer.com\/manufacturer\/red-caps-bowl-feeder-3d-model\/#primaryimage","url":"https:\/\/swoer.com\/wp-content\/uploads\/2024\/03\/red-caps-bowl-feeder-3D-model-.webp","contentUrl":"https:\/\/swoer.com\/wp-content\/uploads\/2024\/03\/red-caps-bowl-feeder-3D-model-.webp","width":1000,"height":1000,"caption":"red caps bowl feeder 3D model"},{"@type":"BreadcrumbList","@id":"https:\/\/swoer.com\/manufacturer\/red-caps-bowl-feeder-3d-model\/#breadcrumb","itemListElement":[{"@type":"ListItem","position":1,"name":"Home","item":"https:\/\/swoer.com\/"},{"@type":"ListItem","position":2,"name":"Shop","item":"https:\/\/swoer.com\/shop\/"},{"@type":"ListItem","position":3,"name":"Red Caps Bowl Feeder 3D Model"}]},{"@type":"WebSite","@id":"https:\/\/swoer.com\/#website","url":"https:\/\/swoer.com\/","name":"SWOER","description":"Swoer is the top 3 vibratory bowl feeder manufacturer in China","potentialAction":[{"@type":"SearchAction","target":{"@type":"EntryPoint","urlTemplate":"https:\/\/swoer.com\/?s={search_term_string}"},"query-input":"required name=search_term_string"}],"inLanguage":"fr-FR"}]}},"_links":{"self":[{"href":"https:\/\/swoer.com\/fr\/wp-json\/wp\/v2\/product\/1708"}],"collection":[{"href":"https:\/\/swoer.com\/fr\/wp-json\/wp\/v2\/product"}],"about":[{"href":"https:\/\/swoer.com\/fr\/wp-json\/wp\/v2\/types\/product"}],"replies":[{"embeddable":true,"href":"https:\/\/swoer.com\/fr\/wp-json\/wp\/v2\/comments?post=1708"}],"wp:featuredmedia":[{"embeddable":true,"href":"https:\/\/swoer.com\/fr\/wp-json\/wp\/v2\/media\/1709"}],"wp:attachment":[{"href":"https:\/\/swoer.com\/fr\/wp-json\/wp\/v2\/media?parent=1708"}],"wp:term":[{"taxonomy":"product_cat","embeddable":true,"href":"https:\/\/swoer.com\/fr\/wp-json\/wp\/v2\/product_cat?post=1708"},{"taxonomy":"product_tag","embeddable":true,"href":"https:\/\/swoer.com\/fr\/wp-json\/wp\/v2\/product_tag?post=1708"}],"curies":[{"name":"wp","href":"https:\/\/api.w.org\/{rel}","templated":true}]}}