{"id":1823,"date":"2024-04-02T07:05:58","date_gmt":"2024-04-02T07:05:58","guid":{"rendered":"https:\/\/lightgrey-porpoise-816575.hostingersite.com\/?page_id=1823"},"modified":"2024-12-02T17:21:30","modified_gmt":"2024-12-02T09:21:30","slug":"automatic-rivet-machine","status":"publish","type":"page","link":"https:\/\/swoer.com\/fr\/automatic-rivet-machine\/","title":{"rendered":"Machine d&#039;alimentation automatique \u00e0 vis"},"content":{"rendered":"<section class=\"section\" id=\"section_1451980326\">\n\t\t<div class=\"bg section-bg fill bg-fill  bg-loaded\" >\n\n\t\t\t\n\t\t\t\n\t\t\t\n\t<div class=\"is-border\"\n\t\tstyle=\"border-color:rgb(235, 235, 235);border-width:1px 0px 0px 0px;\">\n\t<\/div>\n\n\t\t<\/div>\n\n\t\t\n\n\t\t<div class=\"section-content relative\">\n\t\t\t\n<div class=\"row row-large align-middle align-center\"  id=\"row-1367475479\">\n\n\t<div id=\"col-648125628\" class=\"col medium-6 small-12 large-6\"  >\n\t\t\t\t<div class=\"col-inner text-center\"  >\n\t\t\t\n\t\t\t\n<h2><strong><b>Fabricant de doseurs \u00e0 vis automatiques<\/b><\/strong><\/h2>\n<p style=\"text-align: left;\">Sp\u00e9cialis\u00e9 dans l&#039;industrie du rivetage et de la fixation depuis plus d&#039;une d\u00e9cennie, SWOER est un nom de confiance dans les solutions de fixation automatis\u00e9es.<\/p>\n<p style=\"text-align: left;\">Les alimentateurs automatiques \u00e0 vis SWOER, con\u00e7us par CN SWOER CO., LTD, ont r\u00e9volutionn\u00e9 le processus de rivetage en g\u00e9rant automatiquement les rivets. L&#039;exploitation de cette technologie peut permettre \u00e0 votre entreprise d&#039;\u00e9conomiser plus de 30% sur les co\u00fbts de main-d&#039;\u0153uvre.<\/p>\n<p style=\"text-align: left;\">Se distinguant des pistolets \u00e0 rivets automatiques standards, la machine SWOER offre une solution enti\u00e8rement automatis\u00e9e. Il est r\u00e9volu le temps de charger manuellement les rivets ou de contr\u00f4ler la position de la buse\u00a0; notre machine g\u00e8re tout. Utilisant de l\u2019air comprim\u00e9, il transporte sans effort les rivets jusqu\u2019\u00e0 la buse via un pipeline. Avec la machine \u00e0 riveter automatique SWOER, le tirage manuel des rivets devient une chose du pass\u00e9, ouvrant la voie \u00e0 une nouvelle \u00e8re d&#039;automatisation dans l&#039;industrie de la fixation.<\/p>\n\t\t<\/div>\n\t\t\t\t\t<\/div>\n\n\t\n\n\t<div id=\"col-1132140982\" class=\"col medium-6 small-12 large-6\"  >\n\t\t\t\t<div class=\"col-inner box-shadow-2 box-shadow-5-hover\" style=\"background-color:rgb(255, 255, 255);\" >\n\t\t\t\n\t\t\t\n\t<div class=\"img has-hover x md-x lg-x y md-y lg-y\" id=\"image_432059048\">\n\t\t\t\t\t\t\t\t<div class=\"img-inner image-cover dark\" style=\"padding-top:75%;\">\n\t\t\t<img loading=\"lazy\" decoding=\"async\" width=\"554\" height=\"412\" src=\"https:\/\/swoer.com\/wp-content\/uploads\/2024\/04\/automatic-rivet-guns.webp\" class=\"attachment-original size-original\" alt=\"pistolets \u00e0 rivets automatiques\" srcset=\"https:\/\/swoer.com\/wp-content\/uploads\/2024\/04\/automatic-rivet-guns.webp 554w, https:\/\/swoer.com\/wp-content\/uploads\/2024\/04\/automatic-rivet-guns-300x223.webp 300w\" sizes=\"(max-width: 554px) 100vw, 554px\" \/>\t\t\t\t\t\t\n\t\t\t\t\t<\/div>\n\t\t\t\t\t\t\t\t\n<style>\n#image_432059048 {\n  width: 100%;\n}\n<\/style>\n\t<\/div>\n\t\n<a href=\"https:\/\/swoer.com\/fr\/contact\/\" target=\"_self\" class=\"button primary\"  style=\"border-radius:99px;\">\n    <span>Contactez-nous<\/span>\n  <\/a>\n\n\t\t<\/div>\n\t\t\t\t\n<style>\n#col-1132140982 > .col-inner {\n  padding: 15px 15px 15px 15px;\n}\n<\/style>\n\t<\/div>\n\n\t\n<\/div>\n\t\t<\/div>\n\n\t\t\n<style>\n#section_1451980326 {\n  padding-top: 59px;\n  padding-bottom: 59px;\n  min-height: 300px;\n  background-color: rgb(228, 228, 228);\n}\n#section_1451980326 .ux-shape-divider--top svg {\n  height: 150px;\n  --divider-top-width: 100%;\n}\n#section_1451980326 .ux-shape-divider--bottom svg {\n  height: 150px;\n  --divider-width: 100%;\n}\n<\/style>\n\t<\/section>\n\t\n\t<section class=\"section\" id=\"section_1925726345\">\n\t\t<div class=\"bg section-bg fill bg-fill  bg-loaded\" >\n\n\t\t\t\n\t\t\t\n\t\t\t\n\n\t\t<\/div>\n\n\t\t\n\n\t\t<div class=\"section-content relative\">\n\t\t\t\n<h2 style=\"text-align: center;\"><strong><b>Machine d&#039;alimentation automatique \u00e0 vis <\/b><\/strong><strong><b>P.<\/b><\/strong><strong><b>produit <\/b><\/strong><strong><b>C<\/b><\/strong><strong><b>omposition<\/b><\/strong><\/h2>\n<p style=\"text-align: center;\">La machine d&#039;alimentation automatique de vis SWOER est compos\u00e9e d&#039;une machine h\u00f4te et d&#039;un ensemble de pistolets \u00e0 riveter.<\/p>\n<div class=\"row\"  id=\"row-35847036\">\n\n\t<div id=\"col-1118866495\" class=\"col medium-6 small-12 large-6\"  >\n\t\t\t\t<div class=\"col-inner\"  >\n\t\t\t\n\t\t\t\n\t<div class=\"img has-hover x md-x lg-x y md-y lg-y\" id=\"image_1358664546\">\n\t\t\t\t\t\t\t\t<div class=\"img-inner dark\" >\n\t\t\t<img loading=\"lazy\" decoding=\"async\" width=\"554\" height=\"275\" src=\"https:\/\/swoer.com\/wp-content\/uploads\/2024\/04\/automatic-rivet-machine.webp\" class=\"attachment-original size-original\" alt=\"machine \u00e0 riveter automatique\" srcset=\"https:\/\/swoer.com\/wp-content\/uploads\/2024\/04\/automatic-rivet-machine.webp 554w, https:\/\/swoer.com\/wp-content\/uploads\/2024\/04\/automatic-rivet-machine-300x149.webp 300w\" sizes=\"(max-width: 554px) 100vw, 554px\" \/>\t\t\t\t\t\t\n\t\t\t\t\t<\/div>\n\t\t\t\t\t\t\t\t\n<style>\n#image_1358664546 {\n  width: 98%;\n}\n<\/style>\n\t<\/div>\n\t\n<p><strong>L&#039;ordinateur h\u00f4te comprend un syst\u00e8me de mouvement de machine, un syst\u00e8me de commande de machine et un syst\u00e8me de d\u00e9tection.<\/strong><\/p>\n<p>La fonction du syst\u00e8me de mouvement de la machine est d&#039;organiser les rivets depuis leur disposition d\u00e9sordonn\u00e9e jusqu&#039;\u00e0 leur s\u00e9paration en s\u00e9quence et de livrer les rivets \u00e0 la buse du pistolet \u00e0 riveter un par un dans une certaine direction\u00a0; le syst\u00e8me de contr\u00f4le de la machine doit contr\u00f4ler les actions d\u00e9finies de chaque composant de la machine. Op\u00e9ration; le syst\u00e8me de d\u00e9tection doit d\u00e9tecter si la machine fonctionne de mani\u00e8re stable selon le programme d\u00e9fini.<\/p>\n\t\t<\/div>\n\t\t\t\t\t<\/div>\n\n\t\n\n\t<div id=\"col-577029054\" class=\"col medium-6 small-12 large-6\"  >\n\t\t\t\t<div class=\"col-inner\"  >\n\t\t\t\n\t\t\t\n\t<div class=\"img has-hover x md-x lg-x y md-y lg-y\" id=\"image_1635393746\">\n\t\t\t\t\t\t\t\t<div class=\"img-inner dark\" >\n\t\t\t<img loading=\"lazy\" decoding=\"async\" width=\"554\" height=\"275\" src=\"https:\/\/swoer.com\/wp-content\/uploads\/2024\/04\/Automatic-nail-pulling-machine-factory-line.webp\" class=\"attachment-original size-original\" alt=\"Ligne d&#039;usine de machine \u00e0 tirer les ongles automatique\" srcset=\"https:\/\/swoer.com\/wp-content\/uploads\/2024\/04\/Automatic-nail-pulling-machine-factory-line.webp 554w, https:\/\/swoer.com\/wp-content\/uploads\/2024\/04\/Automatic-nail-pulling-machine-factory-line-300x149.webp 300w\" sizes=\"(max-width: 554px) 100vw, 554px\" \/>\t\t\t\t\t\t\n\t\t\t\t\t<\/div>\n\t\t\t\t\t\t\t\t\n<style>\n#image_1635393746 {\n  width: 100%;\n}\n<\/style>\n\t<\/div>\n\t\n<p><strong>L&#039;ensemble pistolet \u00e0 riveter est compos\u00e9 d&#039;un pistolet \u00e0 riveter, d&#039;un m\u00e9canisme de r\u00e9ception de rivets et d&#039;un m\u00e9canisme de collecte et de sortie de signaux.<\/strong><\/p>\n<p>Le pistolet \u00e0 riveter est crucial pour le rivetage, qu&#039;il soit manuel ou automatis\u00e9. Contr\u00f4l\u00e9 par l&#039;ordinateur h\u00f4te, le m\u00e9canisme de r\u00e9ception des rivets charge les rivets du pipeline dans la buse \u00e0 rivets, une technologie de base de la machine \u00e0 riveter automatique. De plus, le m\u00e9canisme de collecte et de sortie des signaux d\u00e9marre le fonctionnement de la machine en collectant et en \u00e9mettant des signaux.<\/p>\n\t\t<\/div>\n\t\t\t\t\t<\/div>\n\n\t\n<\/div>\n\t\t<\/div>\n\n\t\t\n<style>\n#section_1925726345 {\n  padding-top: 30px;\n  padding-bottom: 30px;\n}\n#section_1925726345 .ux-shape-divider--top svg {\n  height: 150px;\n  --divider-top-width: 100%;\n}\n#section_1925726345 .ux-shape-divider--bottom svg {\n  height: 150px;\n  --divider-width: 100%;\n}\n<\/style>\n\t<\/section>\n\t\n\t<section class=\"section\" id=\"section_515858765\">\n\t\t<div class=\"bg section-bg fill bg-fill  bg-loaded\" >\n\n\t\t\t\n\t\t\t\n\t\t\t\n\n\t\t<\/div>\n\n\t\t\n\n\t\t<div class=\"section-content relative\">\n\t\t\t\n<h2 style=\"text-align: center;\"><strong><b>Auto <\/b><\/strong><strong><b>Rivetage <\/b><\/strong><strong><b>M<\/b><\/strong><strong><b>achine<\/b><\/strong><strong><b>\u00a0S<\/b><\/strong><strong><b>sp\u00e9cifications<\/b><\/strong><\/h2>\n<table>\n<tbody>\n<tr>\n<td width=\"85\">sp\u00e9cification<\/td>\n<td width=\"89\">Dimension<\/p>\n<p>(mm)<\/td>\n<td width=\"67\">Tension<\/td>\n<td width=\"62\">Pression atmosph\u00e9rique de travail<\/td>\n<td width=\"54\">Poids<\/td>\n<td width=\"77\">Vitesse d&#039;alimentation des ongles (grain\/min)<\/td>\n<td width=\"85\">Sp\u00e9cification maximale des ongles<\/td>\n<td width=\"45\">Bruit (dB)<\/td>\n<\/tr>\n<tr>\n<td width=\"85\">SW-MDJ-240<\/td>\n<td width=\"89\">440*350*420<\/td>\n<td width=\"67\">220<\/td>\n<td width=\"62\">3.2<\/td>\n<td width=\"54\">40<\/td>\n<td width=\"77\">40-60<\/td>\n<td width=\"85\">3,4\u2264d\uff1c3<\/td>\n<td width=\"45\">40<\/td>\n<\/tr>\n<tr>\n<td width=\"85\">SW-MDJ-300<\/td>\n<td width=\"89\">440*350*420<\/td>\n<td width=\"67\">220<\/td>\n<td width=\"62\">3.4<\/td>\n<td width=\"54\">46<\/td>\n<td width=\"77\">40-55<\/td>\n<td width=\"85\">3\u2264d\u22643,2<\/td>\n<td width=\"45\">40<\/td>\n<\/tr>\n<tr>\n<td width=\"85\">SW-MDJ-320<\/td>\n<td width=\"89\">440*350*420<\/td>\n<td width=\"67\">220<\/td>\n<td width=\"62\">3.6<\/td>\n<td width=\"54\">50<\/td>\n<td width=\"77\">40-50<\/td>\n<td width=\"85\">3,2\u2264d\uff1c3,7<\/td>\n<td width=\"45\">40<\/td>\n<\/tr>\n<tr>\n<td width=\"85\">SW-MDJ-400<\/td>\n<td width=\"89\">440*350*420<\/td>\n<td width=\"67\">220<\/td>\n<td width=\"62\">3.8<\/td>\n<td width=\"54\">56<\/td>\n<td width=\"77\">40<\/td>\n<td width=\"85\">3,7\u2264d\u22644,4<\/td>\n<td width=\"45\">40<\/td>\n<\/tr>\n<tr>\n<td width=\"85\">SW-MDJ-480<\/td>\n<td width=\"89\">440*350*420<\/td>\n<td width=\"67\">220<\/td>\n<td width=\"62\">4<\/td>\n<td width=\"54\">58<\/td>\n<td width=\"77\">35-40<\/td>\n<td width=\"85\">4,5\u2264d\u22645,0<\/td>\n<td width=\"45\">40<\/td>\n<\/tr>\n<\/tbody>\n<\/table>\n<p><strong><b>Note:<\/b><\/strong>\u00a0Le mod\u00e8le sp\u00e9cifique doit \u00eatre d\u00e9termin\u00e9 en fonction des sp\u00e9cifications r\u00e9elles du rivet. Ce tableau est uniquement \u00e0 titre de r\u00e9f\u00e9rence.<\/p>\n\t\t<\/div>\n\n\t\t\n<style>\n#section_515858765 {\n  padding-top: 30px;\n  padding-bottom: 30px;\n}\n#section_515858765 .ux-shape-divider--top svg {\n  height: 150px;\n  --divider-top-width: 100%;\n}\n#section_515858765 .ux-shape-divider--bottom svg {\n  height: 150px;\n  --divider-width: 100%;\n}\n<\/style>\n\t<\/section>\n\t\n\t<section class=\"section\" id=\"section_1645706928\">\n\t\t<div class=\"bg section-bg fill bg-fill  bg-loaded\" >\n\n\t\t\t\n\t\t\t\n\t\t\t\n\n\t\t<\/div>\n\n\t\t\n\n\t\t<div class=\"section-content relative\">\n\t\t\t\n<h2 style=\"text-align: center;\"><strong><b>SWOER <\/b><\/strong><strong><b>R.<\/b><\/strong><strong><b>ivet<\/b><\/strong><strong><b>ing<\/b><\/strong><strong><b>\u00a0<\/b><\/strong><strong><b>M<\/b><\/strong><strong><b>achine <\/b><\/strong><strong><b>W<\/b><\/strong><strong><b>travail <\/b><\/strong><strong><b>P.<\/b><\/strong><strong><b>principe et <\/b><\/strong><strong><b>F<\/b><\/strong><strong><b>onction<\/b><\/strong><\/h2>\n<h3><strong><b>Principe:<\/b><\/strong><\/h3>\n<p>Les rivets sont aspir\u00e9s dans la buse du pistolet \u00e0 riveter en s&#039;appuyant sur la pression n\u00e9gative dans la buse du pistolet \u00e0 riveter\u00a0; la riveteuse automatique SWOER est une version automatis\u00e9e du pistolet \u00e0 riveter automatique.<\/p>\n<p>Il s&#039;appuie sur une machine pour disposer et s\u00e9parer automatiquement les rivets et utilise l&#039;air comprim\u00e9 comme \u00e9nergie pour transporter automatiquement les rivets jusqu&#039;\u00e0 la buse du pistolet \u00e0 riveter \u00e0 travers des tuyaux.<\/p>\n<h3><strong><b>Fonction:<\/b><\/strong><\/h3>\n<p>Avec la machine \u00e0 arracher les clous automatique SWOER, des t\u00e2ches ardues qui d\u00e9pendent fortement des mains de travailleurs qualifi\u00e9s peuvent \u00eatre effectu\u00e9es<\/p>\n<p>Les op\u00e9rations manuelles d\u2019arrachage des clous peuvent \u00eatre mises \u00e0 niveau vers des op\u00e9rations automatis\u00e9es ou sans personnel.<\/p>\n<h3><strong><b>Effet:<\/b><\/strong><\/h3>\n<ol>\n<li><strong><b> \u00c9conomisez des travailleurs et facilitez la gestion<\/b><\/strong><\/li>\n<\/ol>\n<p>La vitesse d&#039;arrachage des clous est rapide, une personne peut faire le travail de deux personnes et il y a moins de travailleurs, ce qui r\u00e9duit les co\u00fbts de gestion ou les salaires.<\/p>\n<ol start=\"2\">\n<li><strong><b> Haute efficacit\u00e9 et \u00e9conomie de co\u00fbts<\/b><\/strong><\/li>\n<\/ol>\n<p>Plus besoin de retirer les rivets \u00e0 la main, gain de temps lors du clouage. La production est augment\u00e9e par rapport \u00e0 l&#039;original, la production quotidienne est termin\u00e9e plus t\u00f4t que pr\u00e9vu et le volume de production est r\u00e9duit. Plus d&#039;heures suppl\u00e9mentaires pendant les heures de travail \u00e0 court terme.<\/p>\n<ol start=\"3\">\n<li><strong><b> Super propre et de bonne qualit\u00e9<\/b><\/strong><\/li>\n<\/ol>\n<p>Le rivet est automatiquement envoy\u00e9 vers la buse du pistolet, pas besoin de le prendre \u00e0 la main, r\u00e9duisant ainsi la pollution secondaire ; Tenez le produit avec votre main gauche, pas besoin de vous inqui\u00e9ter. Les positions des trous sont in\u00e9gales, ce qui entra\u00eene une production r\u00e9duite ou des retouches secondaires.<\/p>\n<ol start=\"4\">\n<li><strong><b> Pas besoin de le prendre \u00e0 la main, c&#039;est plus facile<\/b><\/strong><\/li>\n<\/ol>\n<p>La main gauche n&#039;a pas besoin de travailler et peut contenir le produit, ce qui r\u00e9duit consid\u00e9rablement l&#039;intensit\u00e9 du travail des travailleurs.<\/p>\n<ol start=\"5\">\n<li><strong><b> Pas besoin d&#039;\u00eatre exp\u00e9riment\u00e9, facile \u00e0 apprendre<\/b><\/strong><\/li>\n<\/ol>\n<p>Il peut \u00eatre utilis\u00e9 par des mains exp\u00e9riment\u00e9es et exp\u00e9riment\u00e9es, et aucune formation n&#039;est requise. Ils peuvent commencer \u00e0 travailler imm\u00e9diatement ; il n&#039;y a pas lieu de s&#039;inqui\u00e9ter de la perte de production par des mains exp\u00e9riment\u00e9es.<\/p>\n\t\t<\/div>\n\n\t\t\n<style>\n#section_1645706928 {\n  padding-top: 30px;\n  padding-bottom: 30px;\n}\n#section_1645706928 .ux-shape-divider--top svg {\n  height: 150px;\n  --divider-top-width: 100%;\n}\n#section_1645706928 .ux-shape-divider--bottom svg {\n  height: 150px;\n  --divider-width: 100%;\n}\n<\/style>\n\t<\/section>\n\t\n\t<section class=\"section\" id=\"section_128301445\">\n\t\t<div class=\"bg section-bg fill bg-fill  bg-loaded\" >\n\n\t\t\t\n\t\t\t\n\t\t\t\n\n\t\t<\/div>\n\n\t\t\n\n\t\t<div class=\"section-content relative\">\n\t\t\t\n<h2 style=\"text-align: center;\"><strong><b>Champ d&#039;application <\/b><\/strong><strong><b>UN<\/b><\/strong><strong><b>application de <\/b><\/strong><strong><b>Le clou<\/b><\/strong><\/h2>\n\t<div class=\"img has-hover x md-x lg-x y md-y lg-y\" id=\"image_727031883\">\n\t\t\t\t\t\t\t\t<div class=\"img-inner dark\" >\n\t\t\t<img loading=\"lazy\" decoding=\"async\" width=\"553\" height=\"156\" src=\"https:\/\/swoer.com\/wp-content\/uploads\/2024\/04\/Scope-of-Application-of-The-Nail.webp\" class=\"attachment-original size-original\" alt=\"Champ d&#039;application de l&#039;ongle\" srcset=\"https:\/\/swoer.com\/wp-content\/uploads\/2024\/04\/Scope-of-Application-of-The-Nail.webp 553w, https:\/\/swoer.com\/wp-content\/uploads\/2024\/04\/Scope-of-Application-of-The-Nail-300x85.webp 300w\" sizes=\"(max-width: 553px) 100vw, 553px\" \/>\t\t\t\t\t\t\n\t\t\t\t\t<\/div>\n\t\t\t\t\t\t\t\t\n<style>\n#image_727031883 {\n  width: 100%;\n}\n<\/style>\n\t<\/div>\n\t\n<table>\n<tbody>\n<tr>\n<td colspan=\"3\" width=\"568\">\n<h4 style=\"text-align: center;\"><strong>Plage d&#039;application des rivets (unit\u00e9\u00a0:\u00a0mm)<\/strong><\/h4>\n<\/td>\n<\/tr>\n<tr>\n<td width=\"189\">Nom Code<\/td>\n<td width=\"189\">Taille minimale<\/td>\n<td width=\"189\">Taille max<\/td>\n<\/tr>\n<tr>\n<td width=\"189\">Diam\u00e8tre du tube \u00e0 rivets A<\/td>\n<td width=\"189\">2.4<\/td>\n<td width=\"189\">4.8<\/td>\n<\/tr>\n<tr>\n<td width=\"189\">Longueur du tube \u00e0 riveter B<\/td>\n<td width=\"189\">2<\/td>\n<td width=\"189\">15<\/td>\n<\/tr>\n<tr>\n<td width=\"189\">Diam\u00e8tre du bord du chapeau C<\/td>\n<td width=\"189\">4<\/td>\n<td width=\"189\">9.5<\/td>\n<\/tr>\n<tr>\n<td width=\"189\">Diam\u00e8tre du noyau de traction D<\/td>\n<td width=\"189\">1.4<\/td>\n<td width=\"189\">3<\/td>\n<\/tr>\n<tr>\n<td width=\"189\">Longueur du noyau de traction E<\/td>\n<td width=\"189\">24<\/td>\n<td width=\"189\">36<\/td>\n<\/tr>\n<tr>\n<td width=\"189\">Longueur totale du rivet F<\/td>\n<td width=\"189\">28<\/td>\n<td width=\"189\">48<\/td>\n<\/tr>\n<\/tbody>\n<\/table>\n<p><strong><b>Note:<\/b><\/strong><\/p>\n<ol>\n<li>Les dimensions ext\u00e9rieures des rivets doivent correspondre \u00e0 cette plage.<\/li>\n<li>Quelques rivets sp\u00e9ciaux : lorsque la longueur du tube de rivetage est sup\u00e9rieure \u00e0 13 mm, la longueur de l&#039;\u00e2me doit \u00eatre sup\u00e9rieure \u00e0 28 mm ; lorsque la longueur du tube de rivetage est \u00e9gale \u00e0 17 mm, la longueur de l&#039;\u00e2me ne doit pas \u00eatre inf\u00e9rieure \u00e0 26 mm.<\/li>\n<li>Exigences relatives au type de rivet : les rivets en acier inoxydable n\u00e9cessitent une faible puret\u00e9, tandis que les autres rivets, tels que les clous en fer et les clous en acier, n&#039;ont aucune exigence.<\/li>\n<\/ol>\n\t\t<\/div>\n\n\t\t\n<style>\n#section_128301445 {\n  padding-top: 30px;\n  padding-bottom: 30px;\n}\n#section_128301445 .ux-shape-divider--top svg {\n  height: 150px;\n  --divider-top-width: 100%;\n}\n#section_128301445 .ux-shape-divider--bottom svg {\n  height: 150px;\n  --divider-width: 100%;\n}\n<\/style>\n\t<\/section>\n\t\n\t<section class=\"section\" id=\"section_621501916\">\n\t\t<div class=\"bg section-bg fill bg-fill  bg-loaded\" >\n\n\t\t\t\n\t\t\t\n\t\t\t\n\n\t\t<\/div>\n\n\t\t\n\n\t\t<div class=\"section-content relative\">\n\t\t\t\n<h2 style=\"text-align: center;\"><strong><b>Champ d&#039;application<\/b><\/strong><\/h2>\n<p>La riveteuse automatique SWOER convient aux op\u00e9rations de rivetage consistant \u00e0 relier deux ou plusieurs couches de panneaux de divers mat\u00e9riaux et \u00e9paisseurs \u00e0 l&#039;aide de rivets. Il est largement utilis\u00e9 dans les ch\u00e2ssis, les armoires, l&#039;\u00e9clairage, les automobiles, les navires, les avions, les petits appareils \u00e9lectrom\u00e9nagers, les op\u00e9rations de tirage de clous dans les serveurs, les fours \u00e9lectriques, les fours \u00e0 micro-ondes, les emballages d&#039;alcool et d&#039;autres industries.<\/p>\n\t<div class=\"img has-hover x md-x lg-x y md-y lg-y\" id=\"image_1202646338\">\n\t\t\t\t\t\t\t\t<div class=\"img-inner dark\" >\n\t\t\t<img loading=\"lazy\" decoding=\"async\" width=\"553\" height=\"212\" src=\"https:\/\/swoer.com\/wp-content\/uploads\/2024\/04\/automatic-riveting-machine-application-field.webp\" class=\"attachment-original size-original\" alt=\"Domaine d&#039;application de la machine \u00e0 riveter automatique\" srcset=\"https:\/\/swoer.com\/wp-content\/uploads\/2024\/04\/automatic-riveting-machine-application-field.webp 553w, https:\/\/swoer.com\/wp-content\/uploads\/2024\/04\/automatic-riveting-machine-application-field-300x115.webp 300w\" sizes=\"(max-width: 553px) 100vw, 553px\" \/>\t\t\t\t\t\t\n\t\t\t\t\t<\/div>\n\t\t\t\t\t\t\t\t\n<style>\n#image_1202646338 {\n  width: 100%;\n}\n<\/style>\n\t<\/div>\n\t\n\t\t<\/div>\n\n\t\t\n<style>\n#section_621501916 {\n  padding-top: 30px;\n  padding-bottom: 30px;\n}\n#section_621501916 .ux-shape-divider--top svg {\n  height: 150px;\n  --divider-top-width: 100%;\n}\n#section_621501916 .ux-shape-divider--bottom svg {\n  height: 150px;\n  --divider-width: 100%;\n}\n<\/style>\n\t<\/section>","protected":false},"excerpt":{"rendered":"","protected":false},"author":1,"featured_media":0,"parent":0,"menu_order":0,"comment_status":"closed","ping_status":"closed","template":"","meta":{"footnotes":""},"yoast_head":"<!-- This site is optimized with the Yoast SEO plugin v22.2 - https:\/\/yoast.com\/wordpress\/plugins\/seo\/ -->\n<title>Auto Screw Feeder Machine - SWOER<\/title>\n<meta name=\"description\" content=\"Swoer is a professional manufacturer of auto screw feeder machine.\" \/>\n<meta name=\"robots\" content=\"index, follow, max-snippet:-1, max-image-preview:large, max-video-preview:-1\" \/>\n<link rel=\"canonical\" href=\"https:\/\/swoer.com\/fr\/automatic-rivet-machine\/\" \/>\n<meta property=\"og:locale\" content=\"fr_FR\" \/>\n<meta property=\"og:type\" content=\"article\" \/>\n<meta property=\"og:title\" content=\"Auto Screw Feeder Machine - SWOER\" \/>\n<meta property=\"og:description\" content=\"Swoer is a professional manufacturer of auto screw feeder machine.\" \/>\n<meta property=\"og:url\" content=\"https:\/\/swoer.com\/fr\/automatic-rivet-machine\/\" \/>\n<meta property=\"og:site_name\" content=\"SWOER\" \/>\n<meta property=\"article:modified_time\" content=\"2024-12-02T09:21:30+00:00\" \/>\n<meta name=\"twitter:card\" content=\"summary_large_image\" \/>\n<meta name=\"twitter:label1\" content=\"Dur\u00e9e de lecture estim\u00e9e\" \/>\n\t<meta name=\"twitter:data1\" content=\"5 minutes\" \/>\n<script type=\"application\/ld+json\" class=\"yoast-schema-graph\">{\"@context\":\"https:\/\/schema.org\",\"@graph\":[{\"@type\":\"WebPage\",\"@id\":\"https:\/\/swoer.com\/automatic-rivet-machine\/\",\"url\":\"https:\/\/swoer.com\/automatic-rivet-machine\/\",\"name\":\"Auto Screw Feeder Machine - SWOER\",\"isPartOf\":{\"@id\":\"https:\/\/swoer.com\/#website\"},\"datePublished\":\"2024-04-02T07:05:58+00:00\",\"dateModified\":\"2024-12-02T09:21:30+00:00\",\"description\":\"Swoer is a professional manufacturer of auto screw feeder machine.\",\"breadcrumb\":{\"@id\":\"https:\/\/swoer.com\/automatic-rivet-machine\/#breadcrumb\"},\"inLanguage\":\"fr-FR\",\"potentialAction\":[{\"@type\":\"ReadAction\",\"target\":[\"https:\/\/swoer.com\/automatic-rivet-machine\/\"]}]},{\"@type\":\"BreadcrumbList\",\"@id\":\"https:\/\/swoer.com\/automatic-rivet-machine\/#breadcrumb\",\"itemListElement\":[{\"@type\":\"ListItem\",\"position\":1,\"name\":\"Home\",\"item\":\"https:\/\/swoer.com\/\"},{\"@type\":\"ListItem\",\"position\":2,\"name\":\"Auto Screw Feeder Machine\"}]},{\"@type\":\"WebSite\",\"@id\":\"https:\/\/swoer.com\/#website\",\"url\":\"https:\/\/swoer.com\/\",\"name\":\"SWOER\",\"description\":\"Swoer is the top 3 vibratory bowl feeder manufacturer in China\",\"potentialAction\":[{\"@type\":\"SearchAction\",\"target\":{\"@type\":\"EntryPoint\",\"urlTemplate\":\"https:\/\/swoer.com\/?s={search_term_string}\"},\"query-input\":\"required name=search_term_string\"}],\"inLanguage\":\"fr-FR\"}]}<\/script>\n<!-- \/ Yoast SEO plugin. -->","yoast_head_json":{"title":"Auto Screw Feeder Machine - SWOER","description":"Swoer is a professional manufacturer of auto screw feeder machine.","robots":{"index":"index","follow":"follow","max-snippet":"max-snippet:-1","max-image-preview":"max-image-preview:large","max-video-preview":"max-video-preview:-1"},"canonical":"https:\/\/swoer.com\/fr\/automatic-rivet-machine\/","og_locale":"fr_FR","og_type":"article","og_title":"Auto Screw Feeder Machine - SWOER","og_description":"Swoer is a professional manufacturer of auto screw feeder machine.","og_url":"https:\/\/swoer.com\/fr\/automatic-rivet-machine\/","og_site_name":"SWOER","article_modified_time":"2024-12-02T09:21:30+00:00","twitter_card":"summary_large_image","twitter_misc":{"Dur\u00e9e de lecture estim\u00e9e":"5 minutes"},"schema":{"@context":"https:\/\/schema.org","@graph":[{"@type":"WebPage","@id":"https:\/\/swoer.com\/automatic-rivet-machine\/","url":"https:\/\/swoer.com\/automatic-rivet-machine\/","name":"Auto Screw Feeder Machine - SWOER","isPartOf":{"@id":"https:\/\/swoer.com\/#website"},"datePublished":"2024-04-02T07:05:58+00:00","dateModified":"2024-12-02T09:21:30+00:00","description":"Swoer is a professional manufacturer of auto screw feeder machine.","breadcrumb":{"@id":"https:\/\/swoer.com\/automatic-rivet-machine\/#breadcrumb"},"inLanguage":"fr-FR","potentialAction":[{"@type":"ReadAction","target":["https:\/\/swoer.com\/automatic-rivet-machine\/"]}]},{"@type":"BreadcrumbList","@id":"https:\/\/swoer.com\/automatic-rivet-machine\/#breadcrumb","itemListElement":[{"@type":"ListItem","position":1,"name":"Home","item":"https:\/\/swoer.com\/"},{"@type":"ListItem","position":2,"name":"Auto Screw Feeder Machine"}]},{"@type":"WebSite","@id":"https:\/\/swoer.com\/#website","url":"https:\/\/swoer.com\/","name":"SWOER","description":"Swoer is the top 3 vibratory bowl feeder manufacturer in China","potentialAction":[{"@type":"SearchAction","target":{"@type":"EntryPoint","urlTemplate":"https:\/\/swoer.com\/?s={search_term_string}"},"query-input":"required name=search_term_string"}],"inLanguage":"fr-FR"}]}},"_links":{"self":[{"href":"https:\/\/swoer.com\/fr\/wp-json\/wp\/v2\/pages\/1823"}],"collection":[{"href":"https:\/\/swoer.com\/fr\/wp-json\/wp\/v2\/pages"}],"about":[{"href":"https:\/\/swoer.com\/fr\/wp-json\/wp\/v2\/types\/page"}],"author":[{"embeddable":true,"href":"https:\/\/swoer.com\/fr\/wp-json\/wp\/v2\/users\/1"}],"replies":[{"embeddable":true,"href":"https:\/\/swoer.com\/fr\/wp-json\/wp\/v2\/comments?post=1823"}],"version-history":[{"count":15,"href":"https:\/\/swoer.com\/fr\/wp-json\/wp\/v2\/pages\/1823\/revisions"}],"predecessor-version":[{"id":2952,"href":"https:\/\/swoer.com\/fr\/wp-json\/wp\/v2\/pages\/1823\/revisions\/2952"}],"wp:attachment":[{"href":"https:\/\/swoer.com\/fr\/wp-json\/wp\/v2\/media?parent=1823"}],"curies":[{"name":"wp","href":"https:\/\/api.w.org\/{rel}","templated":true}]}}