{"id":2944,"date":"2024-12-02T22:55:27","date_gmt":"2024-12-02T14:55:27","guid":{"rendered":"https:\/\/swoer.com\/?post_type=product&#038;p=2944"},"modified":"2025-03-21T09:08:32","modified_gmt":"2025-03-21T01:08:32","slug":"step-feeders-step-feeder-systems-with-vibratory-feeder","status":"publish","type":"product","link":"https:\/\/swoer.com\/es_ve\/manufacturer\/step-feeders-step-feeder-systems-with-vibratory-feeder\/","title":{"rendered":"Alimentadores escalonados: sistemas de alimentaci\u00f3n escalonada con alimentador vibratorio"},"content":{"rendered":"<section class=\"section\" id=\"section_1576661394\">\n\t\t<div class=\"bg section-bg fill bg-fill  bg-loaded\" >\n\n\t\t\t\n\t\t\t\n\t\t\t\n\n\t\t<\/div>\n\n\t\t\n\n\t\t<div class=\"section-content relative\">\n\t\t\t\n<h2>Ventajas de los sistemas de alimentaci\u00f3n por pasos con alimentador vibratorio:<\/h2>\n<h3>1. Dise\u00f1o eficiente y confiable<\/h3>\n<p>Los alimentadores escalonados se destacan por su dise\u00f1o simple pero eficiente, capaz de levantar y entregar piezas con precisi\u00f3n a la posici\u00f3n deseada. Esto garantiza menos errores y mejora la productividad general.<\/p>\n<h3>2. Perfecta compatibilidad con alimentadores vibratorios<\/h3>\n<p>Estos alimentadores est\u00e1n dise\u00f1ados para funcionar perfectamente con alimentadores vibratorios, garantizando un funcionamiento suave y una f\u00e1cil integraci\u00f3n en diversos entornos de producci\u00f3n.<\/p>\n<h3>3. Versatilidad para diversas aplicaciones<\/h3>\n<p>Ya sea que se trate de piezas peque\u00f1as e intrincadas o de componentes m\u00e1s grandes, los alimentadores escalonados se pueden personalizar para satisfacer los requisitos espec\u00edficos de diferentes industrias.<\/p>\n<h3>4. Reducci\u00f3n del ruido y del consumo energ\u00e9tico<\/h3>\n<p>En comparaci\u00f3n con los sistemas de alimentaci\u00f3n tradicionales, los alimentadores escalonados funcionan de manera m\u00e1s silenciosa y son energ\u00e9ticamente eficientes, lo que los hace ideales para entornos con est\u00e1ndares estrictos de ruido y energ\u00eda.<\/p>\n<h3>5. Durable y f\u00e1cil de mantener.<\/h3>\n<p>Construidos con materiales de alta calidad, los alimentadores escalonados son muy duraderos y presentan un dise\u00f1o sencillo, lo que garantiza facilidad de mantenimiento y menores costos operativos a largo plazo.<\/p>\n\t<div class=\"img has-hover x md-x lg-x y md-y lg-y\" id=\"image_1209111033\">\n\t\t\t\t\t\t\t\t<div class=\"img-inner image-cover dark\" style=\"padding-top:56.25%;\">\n\t\t\t<img loading=\"lazy\" decoding=\"async\" width=\"960\" height=\"540\" src=\"https:\/\/swoer.com\/wp-content\/uploads\/2024\/12\/Step-Feeder-with-Vibratory-Feeder.webp\" class=\"attachment-original size-original\" alt=\"Alimentador por pasos con alimentador vibratorio\" srcset=\"https:\/\/swoer.com\/wp-content\/uploads\/2024\/12\/Step-Feeder-with-Vibratory-Feeder.webp 960w, https:\/\/swoer.com\/wp-content\/uploads\/2024\/12\/Step-Feeder-with-Vibratory-Feeder-300x169.webp 300w, https:\/\/swoer.com\/wp-content\/uploads\/2024\/12\/Step-Feeder-with-Vibratory-Feeder-768x432.webp 768w, https:\/\/swoer.com\/wp-content\/uploads\/2024\/12\/Step-Feeder-with-Vibratory-Feeder-18x10.webp 18w, https:\/\/swoer.com\/wp-content\/uploads\/2024\/12\/Step-Feeder-with-Vibratory-Feeder-600x338.webp 600w\" sizes=\"(max-width: 960px) 100vw, 960px\" \/>\t\t\t\t\t\t\n\t\t\t\t\t<\/div>\n\t\t\t\t\t\t\t\t\n<style>\n#image_1209111033 {\n  width: 100%;\n}\n<\/style>\n\t<\/div>\n\t\n\t\t<\/div>\n\n\t\t\n<style>\n#section_1576661394 {\n  padding-top: 30px;\n  padding-bottom: 30px;\n}\n#section_1576661394 .ux-shape-divider--top svg {\n  height: 150px;\n  --divider-top-width: 100%;\n}\n#section_1576661394 .ux-shape-divider--bottom svg {\n  height: 150px;\n  --divider-width: 100%;\n}\n<\/style>\n\t<\/section>\n\t\n\t<section class=\"section\" id=\"section_418588866\">\n\t\t<div class=\"bg section-bg fill bg-fill  bg-loaded\" >\n\n\t\t\t\n\t\t\t\n\t\t\t\n\n\t\t<\/div>\n\n\t\t\n\n\t\t<div class=\"section-content relative\">\n\t\t\t\n<h2>Informaci\u00f3n necesaria para personalizar los alimentadores escalonados<\/h2>\n<p>Para garantizar que el alimentador escalonado se adapte a sus necesidades, proporcione los siguientes detalles:<\/p>\n<h3>1. Especificaciones de las piezas<\/h3>\n<ul>\n<li>Tama\u00f1o, forma y material de las piezas a manipular.<\/li>\n<li>Caracter\u00edsticas especiales o consideraciones de fragilidad.<\/li>\n<\/ul>\n<h3>2. Requisitos de alimentaci\u00f3n<\/h3>\n<ul>\n<li>Velocidad y orientaci\u00f3n de alimentaci\u00f3n deseadas.<\/li>\n<li>Se necesitan niveles de precisi\u00f3n y velocidad de salida.<\/li>\n<\/ul>\n<h3>3. Detalles de integraci\u00f3n<\/h3>\n<ul>\n<li>Compatibilidad con maquinaria existente (por ejemplo, alimentadores vibratorios, transportadores).<\/li>\n<li>Dimensiones y disposici\u00f3n de la l\u00ednea de producci\u00f3n.<\/li>\n<\/ul>\n<h3>4. Entorno operativo<\/h3>\n<ul>\n<li>Factores ambientales (por ejemplo, polvo, humedad, temperatura).<\/li>\n<li>Requisitos de ruido y eficiencia energ\u00e9tica.<\/li>\n<\/ul>\n<h3>5. Funciones personalizadas<\/h3>\n<ul>\n<li>Cualquier caracter\u00edstica adicional, como sensores, tolvas o cubiertas.<\/li>\n<li>Materiales o recubrimientos preferidos por su durabilidad o higiene.<\/li>\n<\/ul>\n<h3>6. Necesidades espec\u00edficas de la industria<\/h3>\n<ul>\n<li>Normas o certificaciones requeridas para su industria.<\/li>\n<li>Detalles de aplicaci\u00f3n espec\u00edficos, como ensamblaje m\u00e9dico o automotriz.<\/li>\n<\/ul>\n<p>Proporcionar estos detalles nos ayudar\u00e1 a dise\u00f1ar un alimentador escalonado que se adapte perfectamente a sus objetivos operativos y est\u00e1ndares de la industria.<\/p>\n\t<div class=\"img has-hover x md-x lg-x y md-y lg-y\" id=\"image_145214289\">\n\t\t\t\t\t\t\t\t<div class=\"img-inner image-cover dark\" style=\"padding-top:56.25%;\">\n\t\t\t<img loading=\"lazy\" decoding=\"async\" width=\"960\" height=\"540\" src=\"https:\/\/swoer.com\/wp-content\/uploads\/2024\/12\/step-feeder.webp\" class=\"attachment-original size-original\" alt=\"alimentador de pasos\" srcset=\"https:\/\/swoer.com\/wp-content\/uploads\/2024\/12\/step-feeder.webp 960w, https:\/\/swoer.com\/wp-content\/uploads\/2024\/12\/step-feeder-300x169.webp 300w, https:\/\/swoer.com\/wp-content\/uploads\/2024\/12\/step-feeder-768x432.webp 768w, https:\/\/swoer.com\/wp-content\/uploads\/2024\/12\/step-feeder-18x10.webp 18w, https:\/\/swoer.com\/wp-content\/uploads\/2024\/12\/step-feeder-600x338.webp 600w\" sizes=\"(max-width: 960px) 100vw, 960px\" \/>\t\t\t\t\t\t\n\t\t\t\t\t<\/div>\n\t\t\t\t\t\t\t\t\n<style>\n#image_145214289 {\n  width: 100%;\n}\n<\/style>\n\t<\/div>\n\t\n\t\t<\/div>\n\n\t\t\n<style>\n#section_418588866 {\n  padding-top: 30px;\n  padding-bottom: 30px;\n}\n#section_418588866 .ux-shape-divider--top svg {\n  height: 150px;\n  --divider-top-width: 100%;\n}\n#section_418588866 .ux-shape-divider--bottom svg {\n  height: 150px;\n  --divider-width: 100%;\n}\n<\/style>\n\t<\/section>\n\t\n\t<section class=\"section\" id=\"section_1406176483\">\n\t\t<div class=\"bg section-bg fill bg-fill  bg-loaded\" >\n\n\t\t\t\n\t\t\t\n\t\t\t\n\n\t\t<\/div>\n\n\t\t\n\n\t\t<div class=\"section-content relative\">\n\t\t\t\n<h2>Cont\u00e1ctenos<\/h2>\n\n<div class=\"wpcf7 no-js\" id=\"wpcf7-f280-o1\" lang=\"en-US\" dir=\"ltr\">\n<div class=\"screen-reader-response\"><p role=\"status\" aria-live=\"polite\" aria-atomic=\"true\"><\/p> <ul><\/ul><\/div>\n<form action=\"\/es_ve\/wp-json\/wp\/v2\/product\/2944#wpcf7-f280-o1\" method=\"post\" class=\"wpcf7-form init\" aria-label=\"Formulario de contacto\" novalidate=\"novalidate\" data-status=\"init\" data-trp-original-action=\"\/es_ve\/wp-json\/wp\/v2\/product\/2944#wpcf7-f280-o1\">\n<div style=\"display: none;\">\n<input type=\"hidden\" name=\"_wpcf7\" value=\"280\" \/>\n<input type=\"hidden\" name=\"_wpcf7_version\" value=\"5.9.2\" \/>\n<input type=\"hidden\" name=\"_wpcf7_locale\" value=\"en_US\" \/>\n<input type=\"hidden\" name=\"_wpcf7_unit_tag\" value=\"wpcf7-f280-o1\" \/>\n<input type=\"hidden\" name=\"_wpcf7_container_post\" value=\"0\" \/>\n<input type=\"hidden\" name=\"_wpcf7_posted_data_hash\" value=\"\" \/>\n<\/div>\n<div class='custom_contact_style'>\n\t<div class=\"row row-small\">\n\t\t<div class=\"col medium-6 small-12 large-6\">\n\t\t\t<div class=\"col-inner\">\n\t\t\t\t<p><span class=\"wpcf7-form-control-wrap\" data-name=\"your-name\"><input size=\"40\" class=\"wpcf7-form-control wpcf7-text wpcf7-validates-as-required\" aria-required=\"true\" aria-invalid=\"false\" placeholder=\"Nombre*\" value=\"\" type=\"text\" name=\"your-name\" \/><\/span>\n\t\t\t\t<\/p>\n\t\t\t<\/div>\n\t\t<\/div>\n\t\t<div class=\"col medium-6 small-12 large-6\">\n\t\t\t<div class=\"col-inner\">\n\t\t\t\t<p><span class=\"wpcf7-form-control-wrap\" data-name=\"your-email\"><input size=\"40\" class=\"wpcf7-form-control wpcf7-email wpcf7-validates-as-required wpcf7-text wpcf7-validates-as-email\" aria-required=\"true\" aria-invalid=\"false\" placeholder=\"Correo electr\u00f3nico*\" value=\"\" type=\"email\" name=\"your-email\" \/><\/span>\n\t\t\t\t<\/p>\n\t\t\t<\/div>\n\t\t<\/div>\n\t<\/div>\n\t<div class='cus_contact_form_bottom'>\n\t\t<p><span class=\"wpcf7-form-control-wrap\" data-name=\"your-phone\"><input size=\"40\" class=\"wpcf7-form-control wpcf7-text\" aria-invalid=\"false\" placeholder=\"Tel\u00e9fono\" value=\"\" type=\"text\" name=\"your-phone\" \/><\/span>\n\t\t<\/p>\n\t<\/div>\n\t<div class='cus_contact_form_bottom'>\n\t\t<p><span class=\"wpcf7-form-control-wrap\" data-name=\"your-country\"><input size=\"40\" class=\"wpcf7-form-control wpcf7-text\" aria-invalid=\"false\" placeholder=\"Pa\u00eds\" value=\"\" type=\"text\" name=\"your-country\" \/><\/span>\n\t\t<\/p>\n\t<\/div>\n\t<p><span class=\"wpcf7-form-control-wrap\" data-name=\"your-message\"><textarea cols=\"40\" rows=\"10\" class=\"wpcf7-form-control wpcf7-textarea wpcf7-validates-as-required\" aria-required=\"true\" aria-invalid=\"false\" placeholder=\"Tu mensaje *\" name=\"your-message\"><\/textarea><\/span>\n\t<\/p>\n\t<div style=\"margin-bottom:10px;\">\n\t\t<p><span class=\"wpcf7-form-control-wrap kc_captcha cf7ic-toggle\" data-name=\"kc_captcha\"><span class=\"wpcf7-form-control wpcf7-radio\"><span class=\"captcha-image\" style=\"display: none;\"><span class=\"cf7ic_instructions\">Por favor, demuestre que es humano seleccionando el<span> house<\/span>.<\/span><label><input aria-label=\"1\" type=\"radio\" name=\"kc_captcha\" value=\"kc_human\" \/><svg aria-hidden=\"true\" role=\"img\" xmlns=\"http:\/\/www.w3.org\/2000\/svg\" viewbox=\"0 0 576 512\"><path fill=\"currentColor\" d=\"M488 313v143c0 13-11 24-24 24H348c-7 0-12-5-12-12V356c0-7-5-12-12-12h-72c-7 0-12 5-12 12v112c0 7-5 12-12 12H112c-13 0-24-11-24-24V313c0-4 2-7 4-10l188-154c5-4 11-4 16 0l188 154c2 3 4 6 4 10zm84-61l-84-69V44c0-6-5-12-12-12h-56c-7 0-12 6-12 12v73l-89-74a48 48 0 00-61 0L4 252c-5 4-5 12-1 17l25 31c5 5 12 5 17 1l235-193c5-4 11-4 16 0l235 193c5 5 13 4 17-1l25-31c4-6 4-13-1-17z\"\/><\/svg><\/label><label><input aria-label=\"2\" type=\"radio\" name=\"kc_captcha\" value=\"bot\" \/><svg aria-hidden=\"true\" role=\"img\" xmlns=\"http:\/\/www.w3.org\/2000\/svg\" viewbox=\"0 0 512 512\"><path fill=\"currentColor\" d=\"M512 176a176 176 0 01-209 173l-24 27a24 24 0 01-18 8h-37v40c0 13-11 24-24 24h-40v40c0 13-11 24-24 24H24c-13 0-24-11-24-24v-78c0-6 3-13 7-17l162-162a176 176 0 11343-55zm-176-48a48 48 0 1096 0 48 48 0 00-96 0z\"\/><\/svg><\/label><label><input aria-label=\"3\" type=\"radio\" name=\"kc_captcha\" value=\"bot\" \/><svg aria-hidden=\"true\" role=\"img\" xmlns=\"http:\/\/www.w3.org\/2000\/svg\" viewbox=\"0 0 576 512\"><path fill=\"currentColor\" d=\"M472 200H360L256 6a12 12 0 00-10-6h-58c-8 0-14 7-12 15l34 185H100l-35-58a12 12 0 00-10-6H12c-8 0-13 7-12 14l21 106L0 362c-1 7 4 14 12 14h43c4 0 8-2 10-6l35-58h110l-34 185c-2 8 4 15 12 15h58a12 12 0 0010-6l104-194h112c57 0 104-25 104-56s-47-56-104-56z\"\/><\/svg><\/label>\r\n    <\/span>\r\n    <span style=\"display:none\">\r\n        <input type=\"text\" name=\"kc_honeypot\">\r\n    <\/span><\/span><\/span>\n\t\t<\/p>\n\t<\/div>\n\t<p><input class=\"wpcf7-form-control wpcf7-submit has-spinner\" type=\"submit\" value=\"Enviar mensaje\" \/>\n\t<\/p>\n<\/div><div class=\"wpcf7-response-output\" aria-hidden=\"true\"><\/div>\n<input type=\"hidden\" name=\"trp-form-language\" value=\"es_ve\"\/><\/form>\n<\/div>\n\n\t\t<\/div>\n\n\t\t\n<style>\n#section_1406176483 {\n  padding-top: 30px;\n  padding-bottom: 30px;\n}\n#section_1406176483 .ux-shape-divider--top svg {\n  height: 150px;\n  --divider-top-width: 100%;\n}\n#section_1406176483 .ux-shape-divider--bottom svg {\n  height: 150px;\n  --divider-width: 100%;\n}\n<\/style>\n\t<\/section>\n\t\n\t<section class=\"section\" id=\"section_117647138\">\n\t\t<div class=\"bg section-bg fill bg-fill  bg-loaded\" >\n\n\t\t\t\n\t\t\t\n\t\t\t\n\n\t\t<\/div>\n\n\t\t\n\n\t\t<div class=\"section-content relative\">\n\t\t\t\n<h2>Sistemas de alimentaci\u00f3n por pasos con alimentador vibratorio<\/h2>\n<div class=\"video video-fit mb\" style=\"padding-top:50%;\"><p><iframe loading=\"lazy\" title=\"Alimentador por pasos con alimentador vibratorio - Alimentador vibratorio con transportador de alimentaci\u00f3n por pasos\" width=\"1020\" height=\"574\" src=\"https:\/\/www.youtube.com\/embed\/fK9paG0UEhE?feature=oembed\" frameborder=\"0\" allow=\"accelerometer; autoplay; clipboard-write; encrypted-media; gyroscope; picture-in-picture; web-share\" referrerpolicy=\"strict-origin-when-cross-origin\" allowfullscreen><\/iframe><\/p>\n<\/div>\n\t\t<\/div>\n\n\t\t\n<style>\n#section_117647138 {\n  padding-top: 30px;\n  padding-bottom: 30px;\n}\n#section_117647138 .ux-shape-divider--top svg {\n  height: 150px;\n  --divider-top-width: 100%;\n}\n#section_117647138 .ux-shape-divider--bottom svg {\n  height: 150px;\n  --divider-width: 100%;\n}\n<\/style>\n\t<\/section>","protected":false},"excerpt":{"rendered":"<p>Los alimentadores escalonados combinan eficiencia y precisi\u00f3n para la alimentaci\u00f3n automatizada de piezas.<\/p>\n<p>Dise\u00f1ados para funcionar perfectamente con alimentadores vibratorios, garantizan un funcionamiento suave y adaptabilidad para diversas aplicaciones.<\/p>","protected":false},"featured_media":2945,"comment_status":"open","ping_status":"closed","template":"","meta":[],"product_cat":[39],"product_tag":[],"yoast_head":"<!-- This site is optimized with the Yoast SEO plugin v22.2 - https:\/\/yoast.com\/wordpress\/plugins\/seo\/ -->\n<title>Step Feeders - Step Feeder Systems with Vibratory Feeder - SWOER<\/title>\n<meta name=\"description\" content=\"Reliable Step Feeders and advanced Step Feeder Systems integrated with vibratory feeders. Perfect for precise, automated part feeding in various industries.\" \/>\n<meta name=\"robots\" content=\"index, follow, max-snippet:-1, max-image-preview:large, max-video-preview:-1\" \/>\n<link rel=\"canonical\" href=\"https:\/\/swoer.com\/es_ve\/manufacturer\/step-feeders-step-feeder-systems-with-vibratory-feeder\/\" \/>\n<meta property=\"og:locale\" content=\"es_ES\" \/>\n<meta property=\"og:type\" content=\"article\" \/>\n<meta property=\"og:title\" content=\"Step Feeders - Step Feeder Systems with Vibratory Feeder - SWOER\" \/>\n<meta property=\"og:description\" content=\"Reliable Step Feeders and advanced Step Feeder Systems integrated with vibratory feeders. Perfect for precise, automated part feeding in various industries.\" \/>\n<meta property=\"og:url\" content=\"https:\/\/swoer.com\/es_ve\/manufacturer\/step-feeders-step-feeder-systems-with-vibratory-feeder\/\" \/>\n<meta property=\"og:site_name\" content=\"SWOER\" \/>\n<meta property=\"article:modified_time\" content=\"2025-03-21T01:08:32+00:00\" \/>\n<meta property=\"og:image\" content=\"https:\/\/swoer.com\/wp-content\/uploads\/2024\/12\/Step-Feeder-Systems-with-Vibratory-Feeder.webp\" \/>\n\t<meta property=\"og:image:width\" content=\"1000\" \/>\n\t<meta property=\"og:image:height\" content=\"1000\" \/>\n\t<meta property=\"og:image:type\" content=\"image\/webp\" \/>\n<meta name=\"twitter:card\" content=\"summary_large_image\" \/>\n<meta name=\"twitter:label1\" content=\"Tiempo estimado de lectura\" \/>\n\t<meta name=\"twitter:data1\" content=\"2 minutos\" \/>\n<script type=\"application\/ld+json\" class=\"yoast-schema-graph\">{\"@context\":\"https:\/\/schema.org\",\"@graph\":[{\"@type\":\"WebPage\",\"@id\":\"https:\/\/swoer.com\/manufacturer\/step-feeders-step-feeder-systems-with-vibratory-feeder\/\",\"url\":\"https:\/\/swoer.com\/manufacturer\/step-feeders-step-feeder-systems-with-vibratory-feeder\/\",\"name\":\"Step Feeders - Step Feeder Systems with Vibratory Feeder - SWOER\",\"isPartOf\":{\"@id\":\"https:\/\/swoer.com\/#website\"},\"primaryImageOfPage\":{\"@id\":\"https:\/\/swoer.com\/manufacturer\/step-feeders-step-feeder-systems-with-vibratory-feeder\/#primaryimage\"},\"image\":{\"@id\":\"https:\/\/swoer.com\/manufacturer\/step-feeders-step-feeder-systems-with-vibratory-feeder\/#primaryimage\"},\"thumbnailUrl\":\"https:\/\/swoer.com\/wp-content\/uploads\/2024\/12\/Step-Feeder-Systems-with-Vibratory-Feeder.webp\",\"datePublished\":\"2024-12-02T14:55:27+00:00\",\"dateModified\":\"2025-03-21T01:08:32+00:00\",\"description\":\"Reliable Step Feeders and advanced Step Feeder Systems integrated with vibratory feeders. Perfect for precise, automated part feeding in various industries.\",\"breadcrumb\":{\"@id\":\"https:\/\/swoer.com\/manufacturer\/step-feeders-step-feeder-systems-with-vibratory-feeder\/#breadcrumb\"},\"inLanguage\":\"es\",\"potentialAction\":[{\"@type\":\"ReadAction\",\"target\":[\"https:\/\/swoer.com\/manufacturer\/step-feeders-step-feeder-systems-with-vibratory-feeder\/\"]}]},{\"@type\":\"ImageObject\",\"inLanguage\":\"es\",\"@id\":\"https:\/\/swoer.com\/manufacturer\/step-feeders-step-feeder-systems-with-vibratory-feeder\/#primaryimage\",\"url\":\"https:\/\/swoer.com\/wp-content\/uploads\/2024\/12\/Step-Feeder-Systems-with-Vibratory-Feeder.webp\",\"contentUrl\":\"https:\/\/swoer.com\/wp-content\/uploads\/2024\/12\/Step-Feeder-Systems-with-Vibratory-Feeder.webp\",\"width\":1000,\"height\":1000,\"caption\":\"Step Feeder Systems with Vibratory Feeder\"},{\"@type\":\"BreadcrumbList\",\"@id\":\"https:\/\/swoer.com\/manufacturer\/step-feeders-step-feeder-systems-with-vibratory-feeder\/#breadcrumb\",\"itemListElement\":[{\"@type\":\"ListItem\",\"position\":1,\"name\":\"Home\",\"item\":\"https:\/\/swoer.com\/\"},{\"@type\":\"ListItem\",\"position\":2,\"name\":\"Shop\",\"item\":\"https:\/\/swoer.com\/shop\/\"},{\"@type\":\"ListItem\",\"position\":3,\"name\":\"Step Feeders &#8211; Step Feeder Systems with Vibratory Feeder\"}]},{\"@type\":\"WebSite\",\"@id\":\"https:\/\/swoer.com\/#website\",\"url\":\"https:\/\/swoer.com\/\",\"name\":\"SWOER\",\"description\":\"Swoer is the top 3 vibratory bowl feeder manufacturer in China\",\"potentialAction\":[{\"@type\":\"SearchAction\",\"target\":{\"@type\":\"EntryPoint\",\"urlTemplate\":\"https:\/\/swoer.com\/?s={search_term_string}\"},\"query-input\":\"required name=search_term_string\"}],\"inLanguage\":\"es\"}]}<\/script>\n<!-- \/ Yoast SEO plugin. -->","yoast_head_json":{"title":"Step Feeders - Step Feeder Systems with Vibratory Feeder - SWOER","description":"Reliable Step Feeders and advanced Step Feeder Systems integrated with vibratory feeders. Perfect for precise, automated part feeding in various industries.","robots":{"index":"index","follow":"follow","max-snippet":"max-snippet:-1","max-image-preview":"max-image-preview:large","max-video-preview":"max-video-preview:-1"},"canonical":"https:\/\/swoer.com\/es_ve\/manufacturer\/step-feeders-step-feeder-systems-with-vibratory-feeder\/","og_locale":"es_ES","og_type":"article","og_title":"Step Feeders - Step Feeder Systems with Vibratory Feeder - SWOER","og_description":"Reliable Step Feeders and advanced Step Feeder Systems integrated with vibratory feeders. Perfect for precise, automated part feeding in various industries.","og_url":"https:\/\/swoer.com\/es_ve\/manufacturer\/step-feeders-step-feeder-systems-with-vibratory-feeder\/","og_site_name":"SWOER","article_modified_time":"2025-03-21T01:08:32+00:00","og_image":[{"width":1000,"height":1000,"url":"https:\/\/swoer.com\/wp-content\/uploads\/2024\/12\/Step-Feeder-Systems-with-Vibratory-Feeder.webp","type":"image\/webp"}],"twitter_card":"summary_large_image","twitter_misc":{"Tiempo estimado de lectura":"2 minutos"},"schema":{"@context":"https:\/\/schema.org","@graph":[{"@type":"WebPage","@id":"https:\/\/swoer.com\/manufacturer\/step-feeders-step-feeder-systems-with-vibratory-feeder\/","url":"https:\/\/swoer.com\/manufacturer\/step-feeders-step-feeder-systems-with-vibratory-feeder\/","name":"Step Feeders - Step Feeder Systems with Vibratory Feeder - SWOER","isPartOf":{"@id":"https:\/\/swoer.com\/#website"},"primaryImageOfPage":{"@id":"https:\/\/swoer.com\/manufacturer\/step-feeders-step-feeder-systems-with-vibratory-feeder\/#primaryimage"},"image":{"@id":"https:\/\/swoer.com\/manufacturer\/step-feeders-step-feeder-systems-with-vibratory-feeder\/#primaryimage"},"thumbnailUrl":"https:\/\/swoer.com\/wp-content\/uploads\/2024\/12\/Step-Feeder-Systems-with-Vibratory-Feeder.webp","datePublished":"2024-12-02T14:55:27+00:00","dateModified":"2025-03-21T01:08:32+00:00","description":"Reliable Step Feeders and advanced Step Feeder Systems integrated with vibratory feeders. Perfect for precise, automated part feeding in various industries.","breadcrumb":{"@id":"https:\/\/swoer.com\/manufacturer\/step-feeders-step-feeder-systems-with-vibratory-feeder\/#breadcrumb"},"inLanguage":"es","potentialAction":[{"@type":"ReadAction","target":["https:\/\/swoer.com\/manufacturer\/step-feeders-step-feeder-systems-with-vibratory-feeder\/"]}]},{"@type":"ImageObject","inLanguage":"es","@id":"https:\/\/swoer.com\/manufacturer\/step-feeders-step-feeder-systems-with-vibratory-feeder\/#primaryimage","url":"https:\/\/swoer.com\/wp-content\/uploads\/2024\/12\/Step-Feeder-Systems-with-Vibratory-Feeder.webp","contentUrl":"https:\/\/swoer.com\/wp-content\/uploads\/2024\/12\/Step-Feeder-Systems-with-Vibratory-Feeder.webp","width":1000,"height":1000,"caption":"Step Feeder Systems with Vibratory Feeder"},{"@type":"BreadcrumbList","@id":"https:\/\/swoer.com\/manufacturer\/step-feeders-step-feeder-systems-with-vibratory-feeder\/#breadcrumb","itemListElement":[{"@type":"ListItem","position":1,"name":"Home","item":"https:\/\/swoer.com\/"},{"@type":"ListItem","position":2,"name":"Shop","item":"https:\/\/swoer.com\/shop\/"},{"@type":"ListItem","position":3,"name":"Step Feeders &#8211; Step Feeder Systems with Vibratory Feeder"}]},{"@type":"WebSite","@id":"https:\/\/swoer.com\/#website","url":"https:\/\/swoer.com\/","name":"SWOER","description":"Swoer is the top 3 vibratory bowl feeder manufacturer in China","potentialAction":[{"@type":"SearchAction","target":{"@type":"EntryPoint","urlTemplate":"https:\/\/swoer.com\/?s={search_term_string}"},"query-input":"required name=search_term_string"}],"inLanguage":"es"}]}},"_links":{"self":[{"href":"https:\/\/swoer.com\/es_ve\/wp-json\/wp\/v2\/product\/2944"}],"collection":[{"href":"https:\/\/swoer.com\/es_ve\/wp-json\/wp\/v2\/product"}],"about":[{"href":"https:\/\/swoer.com\/es_ve\/wp-json\/wp\/v2\/types\/product"}],"replies":[{"embeddable":true,"href":"https:\/\/swoer.com\/es_ve\/wp-json\/wp\/v2\/comments?post=2944"}],"wp:featuredmedia":[{"embeddable":true,"href":"https:\/\/swoer.com\/es_ve\/wp-json\/wp\/v2\/media\/2945"}],"wp:attachment":[{"href":"https:\/\/swoer.com\/es_ve\/wp-json\/wp\/v2\/media?parent=2944"}],"wp:term":[{"taxonomy":"product_cat","embeddable":true,"href":"https:\/\/swoer.com\/es_ve\/wp-json\/wp\/v2\/product_cat?post=2944"},{"taxonomy":"product_tag","embeddable":true,"href":"https:\/\/swoer.com\/es_ve\/wp-json\/wp\/v2\/product_tag?post=2944"}],"curies":[{"name":"wp","href":"https:\/\/api.w.org\/{rel}","templated":true}]}}