{"id":2418,"date":"2024-08-06T09:27:58","date_gmt":"2024-08-06T01:27:58","guid":{"rendered":"https:\/\/swoer.com\/?post_type=product&#038;p=2418"},"modified":"2024-08-06T17:16:47","modified_gmt":"2024-08-06T09:16:47","slug":"vibratory-feeder-for-filter","status":"publish","type":"product","link":"https:\/\/swoer.com\/es_ve\/manufacturer\/vibratory-feeder-for-filter\/","title":{"rendered":"Alimentador vibratorio para filtro"},"content":{"rendered":"<p>Swoer, un fabricante l\u00edder de alimentadores vibratorios de precisi\u00f3n, ofrece soluciones personalizadas adaptadas a los requisitos exclusivos de la industria de los filtros. Nuestros avanzados dise\u00f1os de alimentadores vibratorios garantizan una alimentaci\u00f3n uniforme, eficiente y confiable de una amplia gama de componentes de filtros, desde peque\u00f1as juntas t\u00f3ricas hasta carcasas complejas.<\/p>\n<h2>\u00a0<\/h2>\n<h2>Principales beneficios de elegir Swoer:<\/h2>\n<ol>\n<li><strong>Ingenier\u00eda de precisi\u00f3n:<\/strong> Nuestros alimentadores est\u00e1n dise\u00f1ados con meticulosa atenci\u00f3n a los detalles, garantizando una orientaci\u00f3n y colocaci\u00f3n precisa de los componentes.<\/li>\n<li><strong>Dise\u00f1o personalizado:<\/strong> Benef\u00edciese de nuestra experiencia en el dise\u00f1o de alimentadores que se adapten perfectamente a sus necesidades y limitaciones de producci\u00f3n espec\u00edficas.<\/li>\n<li><strong>Construcci\u00f3n duradera:<\/strong> Dise\u00f1ados para soportar entornos industriales exigentes, los alimentadores Swoer ofrecen rendimiento y confiabilidad duraderos.<\/li>\n<li><strong>Eficiencia mejorada:<\/strong> Nuestros alimentadores optimizan los procesos de producci\u00f3n al reducir el tiempo de inactividad y mejorar la producci\u00f3n general.<\/li>\n<li><strong>Soporte global:<\/strong> Con una red mundial de clientes, Swoer ofrece soporte y servicio integrales.<\/li>\n<\/ol>\n<h2>Especificaci\u00f3n del alimentador vibratorio para filtro<\/h2>\n<table width=\"874\">\n<tbody>\n<tr>\n<td width=\"183\">Nombre del producto<\/td>\n<td width=\"691\">Alimentador vibratorio para filtro<\/td>\n<\/tr>\n<tr>\n<td>Material<\/td>\n<td>\u00a0SUS201\/304<\/td>\n<\/tr>\n<tr>\n<td>Especialidad del material<\/td>\n<td>Aleaci\u00f3n de forja con tratamiento en fr\u00edo, alta resistencia, alta dureza.<\/td>\n<\/tr>\n<tr>\n<td>Voltaje<\/td>\n<td>220 V<\/td>\n<\/tr>\n<tr>\n<td>Fuerza<\/td>\n<td>65 W\/150 W\/180 W\/220 W\/350 W<\/td>\n<\/tr>\n<tr>\n<td>Autenticaci\u00f3n<\/td>\n<td>Certificaci\u00f3n CE, RoHS, ISO9001<\/td>\n<\/tr>\n<tr>\n<td>Garant\u00eda<\/td>\n<td>1 a\u00f1o de garant\u00eda<\/td>\n<\/tr>\n<tr>\n<td>Cantidad m\u00ednima de pedido<\/td>\n<td>1 juego<\/td>\n<\/tr>\n<tr>\n<td>Plazo de entrega<\/td>\n<td>10-14 d\u00edas<\/td>\n<\/tr>\n<tr>\n<td>Plazo de pago<\/td>\n<td>T\/T 40% Dep\u00f3sito y saldo antes del env\u00edo<\/td>\n<\/tr>\n<tr>\n<td>Original del lugar<\/td>\n<td>Porcelana<\/td>\n<\/tr>\n<\/tbody>\n<\/table>\n\t<div id=\"gap-1708045149\" class=\"gap-element clearfix\" style=\"display:block; height:auto;\">\n\t\t\n<style>\n#gap-1708045149 {\n  padding-top: 30px;\n}\n<\/style>\n\t<\/div>\n\t\n<h2>V\u00eddeo del alimentador vibratorio de filtro<\/h2>\n<div class=\"video video-fit mb\" style=\"padding-top:56.25%;\"><p><iframe loading=\"lazy\" title=\"Fabricantes de alimentadores de cuencos vibratorios con filtro - Swoer\" width=\"1020\" height=\"574\" src=\"https:\/\/www.youtube.com\/embed\/MgrX5lwqkaY?feature=oembed\" frameborder=\"0\" allow=\"accelerometer; autoplay; clipboard-write; encrypted-media; gyroscope; picture-in-picture; web-share\" referrerpolicy=\"strict-origin-when-cross-origin\" allowfullscreen><\/iframe><\/p>\n<\/div>\n<h2>Alimentadores vibratorios personalizados para filtros<\/h2>\n<p>SWOER ofrece soluciones de alimentadores vibratorios personalizados dise\u00f1ados para satisfacer sus necesidades espec\u00edficas de filtraci\u00f3n. Nuestros ingenieros trabajar\u00e1n en estrecha colaboraci\u00f3n con usted para crear un sistema que optimice su proceso y mejore la calidad del producto.<\/p>\n<p><strong>Por favor haga clic a la derecha: <span style=\"color: #0000ff;\">Chat en vivo<\/span> Cons\u00faltenos<\/strong><\/p>\n<p>Experimente la diferencia de Swoer. Cont\u00e1ctenos hoy para analizar sus necesidades de alimentaci\u00f3n por filtraci\u00f3n.<\/p>\n\n<div class=\"wpcf7 no-js\" id=\"wpcf7-f5-o1\" lang=\"en-US\" dir=\"ltr\">\n<div class=\"screen-reader-response\"><p role=\"status\" aria-live=\"polite\" aria-atomic=\"true\"><\/p> <ul><\/ul><\/div>\n<form action=\"\/es_ve\/wp-json\/wp\/v2\/product\/2418#wpcf7-f5-o1\" method=\"post\" class=\"wpcf7-form init\" aria-label=\"Formulario de contacto\" novalidate=\"novalidate\" data-status=\"init\" data-trp-original-action=\"\/es_ve\/wp-json\/wp\/v2\/product\/2418#wpcf7-f5-o1\">\n<div style=\"display: none;\">\n<input type=\"hidden\" name=\"_wpcf7\" value=\"5\" \/>\n<input type=\"hidden\" name=\"_wpcf7_version\" value=\"5.9.2\" \/>\n<input type=\"hidden\" name=\"_wpcf7_locale\" value=\"en_US\" \/>\n<input type=\"hidden\" name=\"_wpcf7_unit_tag\" value=\"wpcf7-f5-o1\" \/>\n<input type=\"hidden\" name=\"_wpcf7_container_post\" value=\"0\" \/>\n<input type=\"hidden\" name=\"_wpcf7_posted_data_hash\" value=\"\" \/>\n<\/div>\n<div class='custom_contact_style'>\n\t<p><label> Su nombre<br \/>\n<span class=\"wpcf7-form-control-wrap\" data-name=\"your-name\"><input size=\"40\" class=\"wpcf7-form-control wpcf7-text wpcf7-validates-as-required\" autocomplete=\"name\" aria-required=\"true\" aria-invalid=\"false\" value=\"\" type=\"text\" name=\"your-name\" \/><\/span> <\/label>\n\t<\/p>\n\t<p><label> Tu correo electr\u00f3nico<br \/>\n<span class=\"wpcf7-form-control-wrap\" data-name=\"your-email\"><input size=\"40\" class=\"wpcf7-form-control wpcf7-email wpcf7-validates-as-required wpcf7-text wpcf7-validates-as-email\" autocomplete=\"email\" aria-required=\"true\" aria-invalid=\"false\" value=\"\" type=\"email\" name=\"your-email\" \/><\/span> <\/label>\n\t<\/p>\n\t<p><label> Tu mensaje (opcional)<br \/>\n<span class=\"wpcf7-form-control-wrap\" data-name=\"your-message\"><textarea cols=\"40\" rows=\"10\" class=\"wpcf7-form-control wpcf7-textarea\" aria-invalid=\"false\" name=\"your-message\"><\/textarea><\/span> <\/label>\n\t<\/p>\n\t<div style=\"margin-bottom:10px;\">\n\t\t<p><span class=\"wpcf7-form-control-wrap kc_captcha cf7ic-toggle\" data-name=\"kc_captcha\"><span class=\"wpcf7-form-control wpcf7-radio\"><span class=\"captcha-image\" style=\"display: none;\"><span class=\"cf7ic_instructions\">Por favor, demuestre que es humano seleccionando el<span> llave<\/span>.<\/span><label><input aria-label=\"1\" type=\"radio\" name=\"kc_captcha\" value=\"bot\" \/><svg aria-hidden=\"true\" role=\"img\" xmlns=\"http:\/\/www.w3.org\/2000\/svg\" viewbox=\"0 0 576 512\"><path fill=\"currentColor\" d=\"M488 313v143c0 13-11 24-24 24H348c-7 0-12-5-12-12V356c0-7-5-12-12-12h-72c-7 0-12 5-12 12v112c0 7-5 12-12 12H112c-13 0-24-11-24-24V313c0-4 2-7 4-10l188-154c5-4 11-4 16 0l188 154c2 3 4 6 4 10zm84-61l-84-69V44c0-6-5-12-12-12h-56c-7 0-12 6-12 12v73l-89-74a48 48 0 00-61 0L4 252c-5 4-5 12-1 17l25 31c5 5 12 5 17 1l235-193c5-4 11-4 16 0l235 193c5 5 13 4 17-1l25-31c4-6 4-13-1-17z\"\/><\/svg><\/label><label><input aria-label=\"2\" type=\"radio\" name=\"kc_captcha\" value=\"kc_human\" \/><svg aria-hidden=\"true\" role=\"img\" xmlns=\"http:\/\/www.w3.org\/2000\/svg\" viewbox=\"0 0 512 512\"><path fill=\"currentColor\" d=\"M512 176a176 176 0 01-209 173l-24 27a24 24 0 01-18 8h-37v40c0 13-11 24-24 24h-40v40c0 13-11 24-24 24H24c-13 0-24-11-24-24v-78c0-6 3-13 7-17l162-162a176 176 0 11343-55zm-176-48a48 48 0 1096 0 48 48 0 00-96 0z\"\/><\/svg><\/label><label><input aria-label=\"3\" type=\"radio\" name=\"kc_captcha\" value=\"bot\" \/><svg aria-hidden=\"true\" role=\"img\" xmlns=\"http:\/\/www.w3.org\/2000\/svg\" viewbox=\"0 0 384 512\"><path fill=\"currentColor\" d=\"M377 375l-83-87h34c21 0 32-25 17-40l-82-88h33c21 0 32-25 18-40L210 8c-10-11-26-11-36 0L70 120c-14 15-3 40 18 40h33l-82 88c-15 15-4 40 17 40h34L7 375c-15 16-4 41 17 41h120c0 33-11 49-34 68-12 9-5 28 10 28h144c15 0 22-19 10-28-20-16-34-32-34-68h120c21 0 32-25 17-41z\"\/><\/svg><\/label>\r\n    <\/span>\r\n    <span style=\"display:none\">\r\n        <input type=\"text\" name=\"kc_honeypot\">\r\n    <\/span><\/span><\/span>\n\t\t<\/p>\n\t<\/div>\n\t<p><input class=\"wpcf7-form-control wpcf7-submit has-spinner\" type=\"submit\" value=\"Entregar\" \/>\n\t<\/p>\n<\/div><div class=\"wpcf7-response-output\" aria-hidden=\"true\"><\/div>\n<input type=\"hidden\" name=\"trp-form-language\" value=\"es_ve\"\/><\/form>\n<\/div>","protected":false},"excerpt":{"rendered":"<p>El alimentador vibratorio de Swoer est\u00e1 optimizado para sistemas de filtrado y proporciona un flujo de material preciso y constante. Mejore su proceso de filtraci\u00f3n con nuestra soluci\u00f3n robusta y eficiente.<\/p>","protected":false},"featured_media":2419,"comment_status":"open","ping_status":"closed","template":"","meta":[],"product_cat":[37],"product_tag":[],"yoast_head":"<!-- This site is optimized with the Yoast SEO plugin v22.2 - https:\/\/yoast.com\/wordpress\/plugins\/seo\/ -->\n<title>Vibratory Feeder for Filter | Vibratory Bowl Feeder Design for Filter<\/title>\n<meta name=\"description\" content=\"Swoer offers custom-made high-quality Vibratory feeders for Filter applications. Improve material flow and filtration efficiency.\" \/>\n<meta name=\"robots\" content=\"index, follow, max-snippet:-1, max-image-preview:large, max-video-preview:-1\" \/>\n<link rel=\"canonical\" href=\"https:\/\/swoer.com\/es_ve\/manufacturer\/vibratory-feeder-for-filter\/\" \/>\n<meta property=\"og:locale\" content=\"es_ES\" \/>\n<meta property=\"og:type\" content=\"article\" \/>\n<meta property=\"og:title\" content=\"Vibratory Feeder for Filter | Vibratory Bowl Feeder Design for Filter\" \/>\n<meta property=\"og:description\" content=\"Swoer offers custom-made high-quality Vibratory feeders for Filter applications. Improve material flow and filtration efficiency.\" \/>\n<meta property=\"og:url\" content=\"https:\/\/swoer.com\/es_ve\/manufacturer\/vibratory-feeder-for-filter\/\" \/>\n<meta property=\"og:site_name\" content=\"SWOER\" \/>\n<meta property=\"article:modified_time\" content=\"2024-08-06T09:16:47+00:00\" \/>\n<meta property=\"og:image\" content=\"https:\/\/swoer.com\/wp-content\/uploads\/2024\/08\/Vibratory-Feeder-for-Filter.webp\" \/>\n\t<meta property=\"og:image:width\" content=\"1000\" \/>\n\t<meta property=\"og:image:height\" content=\"1000\" \/>\n\t<meta property=\"og:image:type\" content=\"image\/webp\" \/>\n<meta name=\"twitter:card\" content=\"summary_large_image\" \/>\n<meta name=\"twitter:label1\" content=\"Tiempo estimado de lectura\" \/>\n\t<meta name=\"twitter:data1\" content=\"2 minutos\" \/>\n<script type=\"application\/ld+json\" class=\"yoast-schema-graph\">{\"@context\":\"https:\/\/schema.org\",\"@graph\":[{\"@type\":\"WebPage\",\"@id\":\"https:\/\/swoer.com\/manufacturer\/vibratory-feeder-for-filter\/\",\"url\":\"https:\/\/swoer.com\/manufacturer\/vibratory-feeder-for-filter\/\",\"name\":\"Vibratory Feeder for Filter | Vibratory Bowl Feeder Design for Filter\",\"isPartOf\":{\"@id\":\"https:\/\/swoer.com\/#website\"},\"primaryImageOfPage\":{\"@id\":\"https:\/\/swoer.com\/manufacturer\/vibratory-feeder-for-filter\/#primaryimage\"},\"image\":{\"@id\":\"https:\/\/swoer.com\/manufacturer\/vibratory-feeder-for-filter\/#primaryimage\"},\"thumbnailUrl\":\"https:\/\/swoer.com\/wp-content\/uploads\/2024\/08\/Vibratory-Feeder-for-Filter.webp\",\"datePublished\":\"2024-08-06T01:27:58+00:00\",\"dateModified\":\"2024-08-06T09:16:47+00:00\",\"description\":\"Swoer offers custom-made high-quality Vibratory feeders for Filter applications. Improve material flow and filtration efficiency.\",\"breadcrumb\":{\"@id\":\"https:\/\/swoer.com\/manufacturer\/vibratory-feeder-for-filter\/#breadcrumb\"},\"inLanguage\":\"es\",\"potentialAction\":[{\"@type\":\"ReadAction\",\"target\":[\"https:\/\/swoer.com\/manufacturer\/vibratory-feeder-for-filter\/\"]}]},{\"@type\":\"ImageObject\",\"inLanguage\":\"es\",\"@id\":\"https:\/\/swoer.com\/manufacturer\/vibratory-feeder-for-filter\/#primaryimage\",\"url\":\"https:\/\/swoer.com\/wp-content\/uploads\/2024\/08\/Vibratory-Feeder-for-Filter.webp\",\"contentUrl\":\"https:\/\/swoer.com\/wp-content\/uploads\/2024\/08\/Vibratory-Feeder-for-Filter.webp\",\"width\":1000,\"height\":1000,\"caption\":\"Vibratory Feeder for Filter\"},{\"@type\":\"BreadcrumbList\",\"@id\":\"https:\/\/swoer.com\/manufacturer\/vibratory-feeder-for-filter\/#breadcrumb\",\"itemListElement\":[{\"@type\":\"ListItem\",\"position\":1,\"name\":\"Home\",\"item\":\"https:\/\/swoer.com\/\"},{\"@type\":\"ListItem\",\"position\":2,\"name\":\"Shop\",\"item\":\"https:\/\/swoer.com\/shop\/\"},{\"@type\":\"ListItem\",\"position\":3,\"name\":\"Vibratory Feeder for Filter\"}]},{\"@type\":\"WebSite\",\"@id\":\"https:\/\/swoer.com\/#website\",\"url\":\"https:\/\/swoer.com\/\",\"name\":\"SWOER\",\"description\":\"Swoer is the top 3 vibratory bowl feeder manufacturer in China\",\"potentialAction\":[{\"@type\":\"SearchAction\",\"target\":{\"@type\":\"EntryPoint\",\"urlTemplate\":\"https:\/\/swoer.com\/?s={search_term_string}\"},\"query-input\":\"required name=search_term_string\"}],\"inLanguage\":\"es\"}]}<\/script>\n<!-- \/ Yoast SEO plugin. -->","yoast_head_json":{"title":"Vibratory Feeder for Filter | Vibratory Bowl Feeder Design for Filter","description":"Swoer offers custom-made high-quality Vibratory feeders for Filter applications. Improve material flow and filtration efficiency.","robots":{"index":"index","follow":"follow","max-snippet":"max-snippet:-1","max-image-preview":"max-image-preview:large","max-video-preview":"max-video-preview:-1"},"canonical":"https:\/\/swoer.com\/es_ve\/manufacturer\/vibratory-feeder-for-filter\/","og_locale":"es_ES","og_type":"article","og_title":"Vibratory Feeder for Filter | Vibratory Bowl Feeder Design for Filter","og_description":"Swoer offers custom-made high-quality Vibratory feeders for Filter applications. Improve material flow and filtration efficiency.","og_url":"https:\/\/swoer.com\/es_ve\/manufacturer\/vibratory-feeder-for-filter\/","og_site_name":"SWOER","article_modified_time":"2024-08-06T09:16:47+00:00","og_image":[{"width":1000,"height":1000,"url":"https:\/\/swoer.com\/wp-content\/uploads\/2024\/08\/Vibratory-Feeder-for-Filter.webp","type":"image\/webp"}],"twitter_card":"summary_large_image","twitter_misc":{"Tiempo estimado de lectura":"2 minutos"},"schema":{"@context":"https:\/\/schema.org","@graph":[{"@type":"WebPage","@id":"https:\/\/swoer.com\/manufacturer\/vibratory-feeder-for-filter\/","url":"https:\/\/swoer.com\/manufacturer\/vibratory-feeder-for-filter\/","name":"Vibratory Feeder for Filter | Vibratory Bowl Feeder Design for Filter","isPartOf":{"@id":"https:\/\/swoer.com\/#website"},"primaryImageOfPage":{"@id":"https:\/\/swoer.com\/manufacturer\/vibratory-feeder-for-filter\/#primaryimage"},"image":{"@id":"https:\/\/swoer.com\/manufacturer\/vibratory-feeder-for-filter\/#primaryimage"},"thumbnailUrl":"https:\/\/swoer.com\/wp-content\/uploads\/2024\/08\/Vibratory-Feeder-for-Filter.webp","datePublished":"2024-08-06T01:27:58+00:00","dateModified":"2024-08-06T09:16:47+00:00","description":"Swoer offers custom-made high-quality Vibratory feeders for Filter applications. Improve material flow and filtration efficiency.","breadcrumb":{"@id":"https:\/\/swoer.com\/manufacturer\/vibratory-feeder-for-filter\/#breadcrumb"},"inLanguage":"es","potentialAction":[{"@type":"ReadAction","target":["https:\/\/swoer.com\/manufacturer\/vibratory-feeder-for-filter\/"]}]},{"@type":"ImageObject","inLanguage":"es","@id":"https:\/\/swoer.com\/manufacturer\/vibratory-feeder-for-filter\/#primaryimage","url":"https:\/\/swoer.com\/wp-content\/uploads\/2024\/08\/Vibratory-Feeder-for-Filter.webp","contentUrl":"https:\/\/swoer.com\/wp-content\/uploads\/2024\/08\/Vibratory-Feeder-for-Filter.webp","width":1000,"height":1000,"caption":"Vibratory Feeder for Filter"},{"@type":"BreadcrumbList","@id":"https:\/\/swoer.com\/manufacturer\/vibratory-feeder-for-filter\/#breadcrumb","itemListElement":[{"@type":"ListItem","position":1,"name":"Home","item":"https:\/\/swoer.com\/"},{"@type":"ListItem","position":2,"name":"Shop","item":"https:\/\/swoer.com\/shop\/"},{"@type":"ListItem","position":3,"name":"Vibratory Feeder for Filter"}]},{"@type":"WebSite","@id":"https:\/\/swoer.com\/#website","url":"https:\/\/swoer.com\/","name":"SWOER","description":"Swoer is the top 3 vibratory bowl feeder manufacturer in China","potentialAction":[{"@type":"SearchAction","target":{"@type":"EntryPoint","urlTemplate":"https:\/\/swoer.com\/?s={search_term_string}"},"query-input":"required name=search_term_string"}],"inLanguage":"es"}]}},"_links":{"self":[{"href":"https:\/\/swoer.com\/es_ve\/wp-json\/wp\/v2\/product\/2418"}],"collection":[{"href":"https:\/\/swoer.com\/es_ve\/wp-json\/wp\/v2\/product"}],"about":[{"href":"https:\/\/swoer.com\/es_ve\/wp-json\/wp\/v2\/types\/product"}],"replies":[{"embeddable":true,"href":"https:\/\/swoer.com\/es_ve\/wp-json\/wp\/v2\/comments?post=2418"}],"wp:featuredmedia":[{"embeddable":true,"href":"https:\/\/swoer.com\/es_ve\/wp-json\/wp\/v2\/media\/2419"}],"wp:attachment":[{"href":"https:\/\/swoer.com\/es_ve\/wp-json\/wp\/v2\/media?parent=2418"}],"wp:term":[{"taxonomy":"product_cat","embeddable":true,"href":"https:\/\/swoer.com\/es_ve\/wp-json\/wp\/v2\/product_cat?post=2418"},{"taxonomy":"product_tag","embeddable":true,"href":"https:\/\/swoer.com\/es_ve\/wp-json\/wp\/v2\/product_tag?post=2418"}],"curies":[{"name":"wp","href":"https:\/\/api.w.org\/{rel}","templated":true}]}}