{"id":2302,"date":"2024-07-09T02:48:58","date_gmt":"2024-07-09T02:48:58","guid":{"rendered":"https:\/\/swoer.com\/?post_type=product&#038;p=2302"},"modified":"2024-08-16T14:09:17","modified_gmt":"2024-08-16T06:09:17","slug":"vibratory-feeder-controller-sdvc34-ur","status":"publish","type":"product","link":"https:\/\/swoer.com\/es_ve\/manufacturer\/vibratory-feeder-controller-sdvc34-ur\/","title":{"rendered":"Controlador de alimentador vibratorio SDVC34-UR"},"content":{"rendered":"<h2><strong><b>Ventajas<\/b><\/strong><\/h2>\n<ul>\n<li>Estabilizaci\u00f3n autom\u00e1tica de velocidad<\/li>\n<li>Ajuste autom\u00e1tico de frecuencia<\/li>\n<li>B\u00fasqueda autom\u00e1tica de frecuencia<\/li>\n<li>Salida sincr\u00f3nica<\/li>\n<li>Preajuste de velocidad<\/li>\n<li>Arranque lento ajustable<\/li>\n<li>Estabilizaci\u00f3n autom\u00e1tica de voltaje de alta precisi\u00f3n<\/li>\n<li>Protecci\u00f3n digital contra sobrecalentamiento<\/li>\n<li>Autoadaptaci\u00f3n del sensor<\/li>\n<li>Control de velocidad remoto<\/li>\n<li>Salida de control de CC<\/li>\n<li>Ajuste de voltaje de salida m\u00e1ximo<\/li>\n<li>Sensor de doble interruptor de apagado lleno\/vac\u00edo<\/li>\n<li>Funci\u00f3n de conteo<\/li>\n<li>485 comunicaci\u00f3n<\/li>\n<\/ul>\n\t<div id=\"gap-1674176506\" class=\"gap-element clearfix\" style=\"display:block; height:auto;\">\n\t\t\n<style>\n#gap-1674176506 {\n  padding-top: 30px;\n}\n<\/style>\n\t<\/div>\n\t\n<h2><strong>Funciones del producto<\/strong><\/h2>\n<h3 data-sourcepos=\"5:1-5:149\"><\/h3>\n<ol data-sourcepos=\"7:1-7:119\">\n<li data-sourcepos=\"7:1-7:119\">\n<p data-sourcepos=\"7:4-7:165\"><strong>Modulaci\u00f3n autom\u00e1tica de frecuencia:<\/strong> El controlador ajusta autom\u00e1ticamente la frecuencia de salida en tiempo real, garantizando que el alimentador funcione en la frecuencia \u00f3ptima.<\/p>\n<\/li>\n<li data-sourcepos=\"9:1-9:140\">\n<p data-sourcepos=\"9:4-9:140\"><strong>Estabilizaci\u00f3n autom\u00e1tica de velocidad:<\/strong> El controlador ajusta autom\u00e1ticamente el voltaje en tiempo real, lo que garantiza una velocidad de alimentaci\u00f3n constante, independientemente de los cambios en la pieza de trabajo.<\/p>\n<\/li>\n<li data-sourcepos=\"11:1-11:137\">\n<p data-sourcepos=\"11:4-11:137\"><strong>B\u00fasqueda autom\u00e1tica de frecuencias infalible:<\/strong> Esta funci\u00f3n determina r\u00e1pidamente la frecuencia de trabajo \u00f3ptima y otros par\u00e1metros relacionados, simplificando la operaci\u00f3n del usuario.<\/p>\n<\/li>\n<li data-sourcepos=\"13:1-14:0\">\n<p data-sourcepos=\"13:4-13:227\"><strong>Estabilizaci\u00f3n autom\u00e1tica de voltaje:<\/strong> Incluso sin la estabilizaci\u00f3n autom\u00e1tica de velocidad habilitada, el controlador elimina los cambios de velocidad de alimentaci\u00f3n causados por fluctuaciones en el suministro de energ\u00eda y efectos de frecuencia de batido de CA de frecuencia industrial.<\/p>\n<\/li>\n<li data-sourcepos=\"15:1-16:0\">\n<p data-sourcepos=\"15:4-15:163\"><strong>Salida sincr\u00f3nica:<\/strong> Esta funci\u00f3n bloquea sincr\u00f3nicamente las salidas de m\u00faltiples controladores en la misma frecuencia y fase, evitando problemas de frecuencia de batido.<\/p>\n<\/li>\n<li data-sourcepos=\"17:1-18:0\">\n<p data-sourcepos=\"17:4-17:254\"><strong>Apagado por material lleno\/vac\u00edo:<\/strong> El controlador proporciona una interfaz de entrada de se\u00f1al de sensor de interruptor para control de apagado de material lleno\/vac\u00edo con tiempo de inicio lento ajustable, retardo de apertura, retardo de cierre, configuraci\u00f3n de direcci\u00f3n l\u00f3gica y otras funciones de control.<\/p>\n<\/li>\n<li data-sourcepos=\"19:1-19:77\">\n<p data-sourcepos=\"19:4-19:77\"><strong>Adaptaci\u00f3n del sensor:<\/strong> Adem\u00e1s, el controlador se adapta sin esfuerzo a los sensores NPN y PNP, lo que garantiza una compatibilidad y confiabilidad perfectas.<\/p>\n<\/li>\n<li data-sourcepos=\"21:1-22:0\">\n<p data-sourcepos=\"21:4-21:191\"><strong>Inicio lento:<\/strong> Al iniciarse, el controlador aumenta gradualmente el voltaje de salida\/velocidad de alimentaci\u00f3n desde 0 hasta el valor preestablecido, eliminando as\u00ed da\u00f1os al equipo de vibraci\u00f3n causados por el impacto de arranque.<\/p>\n<\/li>\n<li data-sourcepos=\"23:1-24:0\">\n<p data-sourcepos=\"23:4-23:111\"><strong>Preajuste de velocidad:<\/strong> Los usuarios pueden seleccionar directamente hasta 4 voltajes de salida preestablecidos a trav\u00e9s de se\u00f1ales de control externas.<\/p>\n<\/li>\n<li data-sourcepos=\"25:1-26:0\">\n<p data-sourcepos=\"25:5-25:111\"><strong>Funci\u00f3n de aceleraci\u00f3n:<\/strong> Esta funci\u00f3n aumenta el voltaje de salida m\u00e1ximo a 150% del voltaje de entrada.<\/p>\n<\/li>\n<li data-sourcepos=\"27:1-28:0\">\n<p data-sourcepos=\"27:5-27:188\"><strong>Configuraci\u00f3n de voltaje de salida m\u00e1ximo:<\/strong> Esta configuraci\u00f3n permite a los usuarios definir el voltaje m\u00e1ximo ajustable, evitando da\u00f1os accidentales al equipo de vibraci\u00f3n al exceder los l\u00edmites de voltaje.<\/p>\n<\/li>\n<li data-sourcepos=\"29:1-30:0\">\n<p data-sourcepos=\"29:5-29:107\"><strong>\u00cdndice de forma de onda:<\/strong> Los usuarios pueden ajustar este par\u00e1metro para equilibrar la eficiencia del controlador y la potencia m\u00e1xima.<\/p>\n<\/li>\n<li data-sourcepos=\"31:1-32:0\">\n<p data-sourcepos=\"31:5-31:188\"><strong>Control remoto de velocidad:<\/strong> El controlador permite el control directo del voltaje de salida o la velocidad de alimentaci\u00f3n utilizando un potenci\u00f3metro externo, PLC, se\u00f1al de voltaje de 1~5 V o se\u00f1al de potencia de 4~20 mA.<\/p>\n<\/li>\n<li data-sourcepos=\"33:1-34:0\">\n<p data-sourcepos=\"33:5-33:185\"><strong>Salida de control de 24 V CC:<\/strong> El controlador proporciona una se\u00f1al de control a trav\u00e9s de un transistor para controlar directamente dispositivos externos como v\u00e1lvulas solenoides, coordin\u00e1ndose con el controlador.<\/p>\n<\/li>\n<li data-sourcepos=\"35:1-35:12\">\n<p data-sourcepos=\"35:5-35:12\"><strong>Interruptor de salida:<\/strong> Un bot\u00f3n t\u00e1ctil en el panel permite a los usuarios iniciar\/detener instant\u00e1neamente la m\u00e1quina, facilitando la depuraci\u00f3n del equipo.<\/p>\n<\/li>\n<li data-sourcepos=\"37:1-38:0\">\n<p data-sourcepos=\"37:5-37:115\"><strong>Bloqueo del teclado:<\/strong> Los usuarios pueden mantener presionado el bot\u00f3n de encendido\/apagado para bloquear todos los botones y evitar operaciones accidentales.<\/p>\n<\/li>\n<li data-sourcepos=\"39:1-40:0\">\n<p data-sourcepos=\"39:5-39:154\"><strong>Contrase\u00f1a del par\u00e1metro:<\/strong> Los usuarios pueden establecer una contrase\u00f1a para bloquear par\u00e1metros espec\u00edficos, excluyendo el voltaje de salida\/velocidad de alimentaci\u00f3n, para evitar cambios no autorizados.<\/p>\n<\/li>\n<li data-sourcepos=\"41:1-42:0\">\n<p data-sourcepos=\"41:5-41:183\"><strong>Restaurar configuraci\u00f3n de f\u00e1brica:<\/strong> Esta funci\u00f3n permite a los usuarios restaurar r\u00e1pidamente todos los par\u00e1metros ajustados a los valores predeterminados de f\u00e1brica, devolviendo el controlador a su estado de funcionamiento original.<\/p>\n<\/li>\n<li data-sourcepos=\"43:1-43:108\">\n<p data-sourcepos=\"43:5-43:108\"><strong>485 Comunicaci\u00f3n:<\/strong> Se pueden ajustar varios par\u00e1metros del controlador de forma remota a trav\u00e9s de la comunicaci\u00f3n 485.<\/p>\n<\/li>\n<\/ol>\n\t<div id=\"gap-1844561286\" class=\"gap-element clearfix\" style=\"display:block; height:auto;\">\n\t\t\n<style>\n#gap-1844561286 {\n  padding-top: 30px;\n}\n<\/style>\n\t<\/div>\n\t\n<h2>Especificaciones t\u00e9cnicas<\/h2>\n<table width=\"767\">\n<tbody>\n<tr>\n<td rowspan=\"2\" width=\"225\">Art\u00edculo<\/td>\n<td colspan=\"3\" width=\"216\">Rango<\/td>\n<td rowspan=\"2\" width=\"72\">Unidad<\/td>\n<td rowspan=\"2\" width=\"254\">Descripci\u00f3n<\/td>\n<\/tr>\n<tr>\n<td>M\u00ednimo<\/td>\n<td>T\u00edpico<\/td>\n<td>M\u00e1ximo<\/td>\n<\/tr>\n<tr>\n<td>Voltaje de entrada<\/td>\n<td>85<\/td>\n<td>220<\/td>\n<td>260<\/td>\n<td>V<\/td>\n<td>Valor efectivo de CA<\/td>\n<\/tr>\n<tr>\n<td>Rango de ajuste de voltaje de salida<\/td>\n<td>0<\/td>\n<td><\/td>\n<td>260<\/td>\n<td>V<\/td>\n<td>Menos de 150% de voltaje de entrada<\/td>\n<\/tr>\n<tr>\n<td>Precisi\u00f3n del ajuste de voltaje<\/td>\n<td colspan=\"3\">1<\/td>\n<td>V<\/td>\n<td><\/td>\n<\/tr>\n<tr>\n<td>Precisi\u00f3n de regulaci\u00f3n de voltaje<\/td>\n<td>0<\/td>\n<td><\/td>\n<td>10<\/td>\n<td><\/td>\n<td>Salir\/Vin<\/td>\n<\/tr>\n<tr>\n<td>Tiempo de respuesta de la regulaci\u00f3n de voltaje<\/td>\n<td>0.0025<\/td>\n<td><\/td>\n<td>0.04<\/td>\n<td>s<\/td>\n<td>Una d\u00e9cima parte del ciclo de voltaje de salida<\/td>\n<\/tr>\n<tr>\n<td rowspan=\"2\">Rango de ajuste de la corriente de salida<\/td>\n<td rowspan=\"2\">0<\/td>\n<td rowspan=\"2\"><\/td>\n<td rowspan=\"2\">10<\/td>\n<td rowspan=\"2\">A<\/td>\n<td rowspan=\"2\"><\/td>\n<\/tr>\n<tr>\n<td rowspan=\"2\"><\/td>\n<td rowspan=\"2\"><\/td>\n<td rowspan=\"2\"><\/td>\n<td rowspan=\"2\"><\/td>\n<td rowspan=\"2\"><\/td>\n<td rowspan=\"2\"><\/td>\n<\/tr>\n<tr>\n<td>Frecuencia de salida<\/td>\n<td>25<\/td>\n<td><\/td>\n<td>400<\/td>\n<td>Hz<\/td>\n<td><\/td>\n<\/tr>\n<tr>\n<td>Precisi\u00f3n del ajuste de frecuencia<\/td>\n<td colspan=\"3\">0.1<\/td>\n<td>Hz<\/td>\n<td><\/td>\n<\/tr>\n<tr>\n<td>Forma de onda de salida<\/td>\n<td colspan=\"3\">seno<\/td>\n<td><\/td>\n<td><\/td>\n<\/tr>\n<tr>\n<td>Tiempo de inicio lento<\/td>\n<td>0<\/td>\n<td><\/td>\n<td>10<\/td>\n<td>s<\/td>\n<td>Valor predeterminado de f\u00e1brica: 0,5<\/td>\n<\/tr>\n<tr>\n<td>Intervalo de tiempo de retardo<\/td>\n<td>0<\/td>\n<td><\/td>\n<td>20<\/td>\n<td>s<\/td>\n<td>Valor predeterminado de f\u00e1brica: 0,2<\/td>\n<\/tr>\n<tr>\n<td>Precisi\u00f3n del tiempo de retardo<\/td>\n<td colspan=\"3\">0.1<\/td>\n<td>s<\/td>\n<td><\/td>\n<\/tr>\n<tr>\n<td>Temperatura de protecci\u00f3n contra sobrecalentamiento<\/td>\n<td>60<\/td>\n<td>65<\/td>\n<td>65<\/td>\n<td>\u2103<\/td>\n<td><\/td>\n<\/tr>\n<tr>\n<td>Modelo de control anal\u00f3gico<\/td>\n<td colspan=\"3\">Comunicaci\u00f3n ModBus485<\/td>\n<td>V<\/td>\n<td>Voltaje de control de velocidad remoto<\/td>\n<\/tr>\n<tr>\n<td>Se\u00f1al de control digital<\/td>\n<td colspan=\"3\">24<\/td>\n<td>V<\/td>\n<td>Control de se\u00f1al de conmutaci\u00f3n<\/td>\n<\/tr>\n<tr>\n<td>M\u00e9todo de ajuste<\/td>\n<td colspan=\"3\">6<\/td>\n<td>llave<\/td>\n<td><\/td>\n<\/tr>\n<tr>\n<td>Consumo de energ\u00eda sin carga<\/td>\n<td><\/td>\n<td>3<\/td>\n<td><\/td>\n<td>Yo<\/td>\n<td><\/td>\n<\/tr>\n<tr>\n<td>Modo de visualizaci\u00f3n<\/td>\n<td colspan=\"3\">5<\/td>\n<td>d\u00edgito<\/td>\n<td>Tubo digital LED<\/td>\n<\/tr>\n<tr>\n<td>Temperatura ambiente salarial<\/td>\n<td>0<\/td>\n<td>25<\/td>\n<td>40<\/td>\n<td>\u2103<\/td>\n<td rowspan=\"2\">Sin condensaci\u00f3n<\/td>\n<\/tr>\n<tr>\n<td>Humedad del ambiente salarial<\/td>\n<td>10<\/td>\n<td>60<\/td>\n<td>85<\/td>\n<td>%<\/td>\n<\/tr>\n<\/tbody>\n<\/table>\n\t<div id=\"gap-841116817\" class=\"gap-element clearfix\" style=\"display:block; height:auto;\">\n\t\t\n<style>\n#gap-841116817 {\n  padding-top: 30px;\n}\n<\/style>\n\t<\/div>\n\t\n<h2><strong><b>Dimensiones y <\/b><\/strong><strong><b>Yo<\/b><\/strong><strong><b>ocho:<\/b><\/strong><\/h2>\n<ul>\n<li><strong>Dimensiones:<\/strong> 190 mm de largo x 242 mm de ancho x 94,5 mm de alto<\/li>\n<li><strong>Peso:<\/strong> 2670 g (sin accesorios)<\/li>\n<\/ul>\n\t<div class=\"img has-hover x md-x lg-x y md-y lg-y\" id=\"image_1020408184\">\n\t\t\t\t\t\t\t\t<div class=\"img-inner dark\" >\n\t\t\t<img loading=\"lazy\" decoding=\"async\" width=\"818\" height=\"559\" src=\"https:\/\/swoer.com\/wp-content\/uploads\/2024\/07\/Dimensions.webp\" class=\"attachment-original size-original\" alt=\"Dimensiones\" srcset=\"https:\/\/swoer.com\/wp-content\/uploads\/2024\/07\/Dimensions.webp 818w, https:\/\/swoer.com\/wp-content\/uploads\/2024\/07\/Dimensions-300x205.webp 300w, https:\/\/swoer.com\/wp-content\/uploads\/2024\/07\/Dimensions-768x525.webp 768w, https:\/\/swoer.com\/wp-content\/uploads\/2024\/07\/Dimensions-18x12.webp 18w, https:\/\/swoer.com\/wp-content\/uploads\/2024\/07\/Dimensions-600x410.webp 600w\" sizes=\"(max-width: 818px) 100vw, 818px\" \/>\t\t\t\t\t\t\n\t\t\t\t\t<\/div>\n\t\t\t\t\t\t\t\t\n<style>\n#image_1020408184 {\n  width: 67%;\n}\n<\/style>\n\t<\/div>","protected":false},"excerpt":{"rendered":"<p>Este controlador avanzado cuenta con control autom\u00e1tico de velocidad\/frecuencia, salida sincr\u00f3nica, preajuste de velocidad, inicio lento, estabilizaci\u00f3n de voltaje, protecci\u00f3n contra sobrecalentamiento, autoadaptaci\u00f3n del sensor, control remoto, salida de CC, configuraci\u00f3n de voltaje, apagado lleno\/vac\u00edo, conteo y comunicaci\u00f3n 485.<\/p>","protected":false},"featured_media":2497,"comment_status":"open","ping_status":"closed","template":"","meta":[],"product_cat":[45],"product_tag":[],"yoast_head":"<!-- This site is optimized with the Yoast SEO plugin v22.2 - https:\/\/yoast.com\/wordpress\/plugins\/seo\/ -->\n<title>Vibratory Feeder Controller SDVC34-UR - SWOER<\/title>\n<meta name=\"description\" content=\"Optimize your material flow with the Vibratory Feeder Controller SDVC34-UR. Precise control, easy setup, and enhanced efficiency for industrial applications. Order now\uff01\" \/>\n<meta name=\"robots\" content=\"index, follow, max-snippet:-1, max-image-preview:large, max-video-preview:-1\" \/>\n<link rel=\"canonical\" href=\"https:\/\/swoer.com\/es_ve\/manufacturer\/vibratory-feeder-controller-sdvc34-ur\/\" \/>\n<meta property=\"og:locale\" content=\"es_ES\" \/>\n<meta property=\"og:type\" content=\"article\" \/>\n<meta property=\"og:title\" content=\"Vibratory Feeder Controller SDVC34-UR - SWOER\" \/>\n<meta property=\"og:description\" content=\"Optimize your material flow with the Vibratory Feeder Controller SDVC34-UR. Precise control, easy setup, and enhanced efficiency for industrial applications. Order now\uff01\" \/>\n<meta property=\"og:url\" content=\"https:\/\/swoer.com\/es_ve\/manufacturer\/vibratory-feeder-controller-sdvc34-ur\/\" \/>\n<meta property=\"og:site_name\" content=\"SWOER\" \/>\n<meta property=\"article:modified_time\" content=\"2024-08-16T06:09:17+00:00\" \/>\n<meta property=\"og:image\" content=\"https:\/\/swoer.com\/wp-content\/uploads\/2024\/07\/Vibratory-Bowl-Feeder-Controller-SDVC34-UR.webp\" \/>\n\t<meta property=\"og:image:width\" content=\"1000\" \/>\n\t<meta property=\"og:image:height\" content=\"1000\" \/>\n\t<meta property=\"og:image:type\" content=\"image\/webp\" \/>\n<meta name=\"twitter:card\" content=\"summary_large_image\" \/>\n<meta name=\"twitter:label1\" content=\"Tiempo estimado de lectura\" \/>\n\t<meta name=\"twitter:data1\" content=\"3 minutos\" \/>\n<script type=\"application\/ld+json\" class=\"yoast-schema-graph\">{\"@context\":\"https:\/\/schema.org\",\"@graph\":[{\"@type\":\"WebPage\",\"@id\":\"https:\/\/swoer.com\/manufacturer\/vibratory-feeder-controller-sdvc34-ur\/\",\"url\":\"https:\/\/swoer.com\/manufacturer\/vibratory-feeder-controller-sdvc34-ur\/\",\"name\":\"Vibratory Feeder Controller SDVC34-UR - SWOER\",\"isPartOf\":{\"@id\":\"https:\/\/swoer.com\/#website\"},\"primaryImageOfPage\":{\"@id\":\"https:\/\/swoer.com\/manufacturer\/vibratory-feeder-controller-sdvc34-ur\/#primaryimage\"},\"image\":{\"@id\":\"https:\/\/swoer.com\/manufacturer\/vibratory-feeder-controller-sdvc34-ur\/#primaryimage\"},\"thumbnailUrl\":\"https:\/\/swoer.com\/wp-content\/uploads\/2024\/07\/Vibratory-Bowl-Feeder-Controller-SDVC34-UR.webp\",\"datePublished\":\"2024-07-09T02:48:58+00:00\",\"dateModified\":\"2024-08-16T06:09:17+00:00\",\"description\":\"Optimize your material flow with the Vibratory Feeder Controller SDVC34-UR. Precise control, easy setup, and enhanced efficiency for industrial applications. Order now\uff01\",\"breadcrumb\":{\"@id\":\"https:\/\/swoer.com\/manufacturer\/vibratory-feeder-controller-sdvc34-ur\/#breadcrumb\"},\"inLanguage\":\"es\",\"potentialAction\":[{\"@type\":\"ReadAction\",\"target\":[\"https:\/\/swoer.com\/manufacturer\/vibratory-feeder-controller-sdvc34-ur\/\"]}]},{\"@type\":\"ImageObject\",\"inLanguage\":\"es\",\"@id\":\"https:\/\/swoer.com\/manufacturer\/vibratory-feeder-controller-sdvc34-ur\/#primaryimage\",\"url\":\"https:\/\/swoer.com\/wp-content\/uploads\/2024\/07\/Vibratory-Bowl-Feeder-Controller-SDVC34-UR.webp\",\"contentUrl\":\"https:\/\/swoer.com\/wp-content\/uploads\/2024\/07\/Vibratory-Bowl-Feeder-Controller-SDVC34-UR.webp\",\"width\":1000,\"height\":1000,\"caption\":\"Vibratory Bowl Feeder Controller SDVC34-UR\"},{\"@type\":\"BreadcrumbList\",\"@id\":\"https:\/\/swoer.com\/manufacturer\/vibratory-feeder-controller-sdvc34-ur\/#breadcrumb\",\"itemListElement\":[{\"@type\":\"ListItem\",\"position\":1,\"name\":\"Home\",\"item\":\"https:\/\/swoer.com\/\"},{\"@type\":\"ListItem\",\"position\":2,\"name\":\"Shop\",\"item\":\"https:\/\/swoer.com\/shop\/\"},{\"@type\":\"ListItem\",\"position\":3,\"name\":\"Vibratory Feeder Controller SDVC34-UR\"}]},{\"@type\":\"WebSite\",\"@id\":\"https:\/\/swoer.com\/#website\",\"url\":\"https:\/\/swoer.com\/\",\"name\":\"SWOER\",\"description\":\"Swoer is the top 3 vibratory bowl feeder manufacturer in China\",\"potentialAction\":[{\"@type\":\"SearchAction\",\"target\":{\"@type\":\"EntryPoint\",\"urlTemplate\":\"https:\/\/swoer.com\/?s={search_term_string}\"},\"query-input\":\"required name=search_term_string\"}],\"inLanguage\":\"es\"}]}<\/script>\n<!-- \/ Yoast SEO plugin. -->","yoast_head_json":{"title":"Vibratory Feeder Controller SDVC34-UR - SWOER","description":"Optimize your material flow with the Vibratory Feeder Controller SDVC34-UR. Precise control, easy setup, and enhanced efficiency for industrial applications. Order now\uff01","robots":{"index":"index","follow":"follow","max-snippet":"max-snippet:-1","max-image-preview":"max-image-preview:large","max-video-preview":"max-video-preview:-1"},"canonical":"https:\/\/swoer.com\/es_ve\/manufacturer\/vibratory-feeder-controller-sdvc34-ur\/","og_locale":"es_ES","og_type":"article","og_title":"Vibratory Feeder Controller SDVC34-UR - SWOER","og_description":"Optimize your material flow with the Vibratory Feeder Controller SDVC34-UR. Precise control, easy setup, and enhanced efficiency for industrial applications. Order now\uff01","og_url":"https:\/\/swoer.com\/es_ve\/manufacturer\/vibratory-feeder-controller-sdvc34-ur\/","og_site_name":"SWOER","article_modified_time":"2024-08-16T06:09:17+00:00","og_image":[{"width":1000,"height":1000,"url":"https:\/\/swoer.com\/wp-content\/uploads\/2024\/07\/Vibratory-Bowl-Feeder-Controller-SDVC34-UR.webp","type":"image\/webp"}],"twitter_card":"summary_large_image","twitter_misc":{"Tiempo estimado de lectura":"3 minutos"},"schema":{"@context":"https:\/\/schema.org","@graph":[{"@type":"WebPage","@id":"https:\/\/swoer.com\/manufacturer\/vibratory-feeder-controller-sdvc34-ur\/","url":"https:\/\/swoer.com\/manufacturer\/vibratory-feeder-controller-sdvc34-ur\/","name":"Vibratory Feeder Controller SDVC34-UR - SWOER","isPartOf":{"@id":"https:\/\/swoer.com\/#website"},"primaryImageOfPage":{"@id":"https:\/\/swoer.com\/manufacturer\/vibratory-feeder-controller-sdvc34-ur\/#primaryimage"},"image":{"@id":"https:\/\/swoer.com\/manufacturer\/vibratory-feeder-controller-sdvc34-ur\/#primaryimage"},"thumbnailUrl":"https:\/\/swoer.com\/wp-content\/uploads\/2024\/07\/Vibratory-Bowl-Feeder-Controller-SDVC34-UR.webp","datePublished":"2024-07-09T02:48:58+00:00","dateModified":"2024-08-16T06:09:17+00:00","description":"Optimize your material flow with the Vibratory Feeder Controller SDVC34-UR. Precise control, easy setup, and enhanced efficiency for industrial applications. Order now\uff01","breadcrumb":{"@id":"https:\/\/swoer.com\/manufacturer\/vibratory-feeder-controller-sdvc34-ur\/#breadcrumb"},"inLanguage":"es","potentialAction":[{"@type":"ReadAction","target":["https:\/\/swoer.com\/manufacturer\/vibratory-feeder-controller-sdvc34-ur\/"]}]},{"@type":"ImageObject","inLanguage":"es","@id":"https:\/\/swoer.com\/manufacturer\/vibratory-feeder-controller-sdvc34-ur\/#primaryimage","url":"https:\/\/swoer.com\/wp-content\/uploads\/2024\/07\/Vibratory-Bowl-Feeder-Controller-SDVC34-UR.webp","contentUrl":"https:\/\/swoer.com\/wp-content\/uploads\/2024\/07\/Vibratory-Bowl-Feeder-Controller-SDVC34-UR.webp","width":1000,"height":1000,"caption":"Vibratory Bowl Feeder Controller SDVC34-UR"},{"@type":"BreadcrumbList","@id":"https:\/\/swoer.com\/manufacturer\/vibratory-feeder-controller-sdvc34-ur\/#breadcrumb","itemListElement":[{"@type":"ListItem","position":1,"name":"Home","item":"https:\/\/swoer.com\/"},{"@type":"ListItem","position":2,"name":"Shop","item":"https:\/\/swoer.com\/shop\/"},{"@type":"ListItem","position":3,"name":"Vibratory Feeder Controller SDVC34-UR"}]},{"@type":"WebSite","@id":"https:\/\/swoer.com\/#website","url":"https:\/\/swoer.com\/","name":"SWOER","description":"Swoer is the top 3 vibratory bowl feeder manufacturer in China","potentialAction":[{"@type":"SearchAction","target":{"@type":"EntryPoint","urlTemplate":"https:\/\/swoer.com\/?s={search_term_string}"},"query-input":"required name=search_term_string"}],"inLanguage":"es"}]}},"_links":{"self":[{"href":"https:\/\/swoer.com\/es_ve\/wp-json\/wp\/v2\/product\/2302"}],"collection":[{"href":"https:\/\/swoer.com\/es_ve\/wp-json\/wp\/v2\/product"}],"about":[{"href":"https:\/\/swoer.com\/es_ve\/wp-json\/wp\/v2\/types\/product"}],"replies":[{"embeddable":true,"href":"https:\/\/swoer.com\/es_ve\/wp-json\/wp\/v2\/comments?post=2302"}],"wp:featuredmedia":[{"embeddable":true,"href":"https:\/\/swoer.com\/es_ve\/wp-json\/wp\/v2\/media\/2497"}],"wp:attachment":[{"href":"https:\/\/swoer.com\/es_ve\/wp-json\/wp\/v2\/media?parent=2302"}],"wp:term":[{"taxonomy":"product_cat","embeddable":true,"href":"https:\/\/swoer.com\/es_ve\/wp-json\/wp\/v2\/product_cat?post=2302"},{"taxonomy":"product_tag","embeddable":true,"href":"https:\/\/swoer.com\/es_ve\/wp-json\/wp\/v2\/product_tag?post=2302"}],"curies":[{"name":"wp","href":"https:\/\/api.w.org\/{rel}","templated":true}]}}