{"id":1991,"date":"2024-04-17T08:17:36","date_gmt":"2024-04-17T08:17:36","guid":{"rendered":"https:\/\/swoer.com\/?post_type=product&#038;p=1991"},"modified":"2024-04-17T08:24:59","modified_gmt":"2024-04-17T08:24:59","slug":"variable-voltage-digital-controller-for-vibratory-feeder-sw-30","status":"publish","type":"product","link":"https:\/\/swoer.com\/es_ve\/manufacturer\/variable-voltage-digital-controller-for-vibratory-feeder-sw-30\/","title":{"rendered":"Controlador digital de voltaje variable para alimentador vibratorio SW-30"},"content":{"rendered":"<h2>Caracter\u00edsticas<\/h2>\n<p>Dimensiones: L150mm*W69mm*H70mm90mm<br \/>Tama\u00f1o del orificio de instalaci\u00f3n: 130 mm x 62 mm 3 a\u00f1os de garant\u00eda<\/p>\n<p><strong>1.<\/strong> Alto factor de potencia, lo que permite ahorrar costes de electricidad de forma significativa. En comparaci\u00f3n con el controlador habitual, como el m\u00e1s utilizado, que tiene una corriente de accionamiento de 1,5 A (supongamos que 1,0 RMB por kilovatio), el uso de este controlador durante ocho horas al d\u00eda puede ahorrar unos 1,6 RMB de electricidad. <\/p>\n<p><strong>2.<\/strong> Interfaz fotoel\u00e9ctrica inteligente de alto rendimiento para conectar un sensor fotoel\u00e9ctrico externo (radiaci\u00f3n y reflexi\u00f3n est\u00e1n disponibles), la m\u00e1quina incorpora tecnolog\u00eda de reconocimiento difuso digital, adem\u00e1s de la luz ambiental adaptable, la sensibilidad se puede configurar en 99 fotoel\u00e9ctrico, sin costoso sensor de fibra \u00f3ptica, identificaci\u00f3n precisa de la alimentaci\u00f3n peque\u00f1a o transl\u00facida de la pieza de trabajo. <\/p>\n<p><strong>3.<\/strong> Operaci\u00f3n de lanzadera de velocidad, dise\u00f1o patentado, r\u00e1pido y preciso, confiable y duradero. <\/p>\n<p><strong>4.<\/strong> Optimizaci\u00f3n del conector de control externo, instalaci\u00f3n flexible y conveniente. <\/p>\n<p><strong>5.<\/strong> Programa inteligente de inicio lento y parada lenta incorporado, garantiza que el momento de inicio y parada de la alimentaci\u00f3n sea suave. <\/p>\n<p><strong>6.<\/strong> Salida de fuente de alimentaci\u00f3n CC de 24 V 200 mA. <\/p>\n<p><strong>7.<\/strong> Adopta dispositivos de potencia de alto rendimiento, reduce la p\u00e9rdida de calor, optimiza el dise\u00f1o t\u00e9rmico, reduce el aumento de temperatura y funciona de manera m\u00e1s estable y confiable. <\/p>\n<p><strong>8.<\/strong> Regulador de alta precisi\u00f3n, en el caso de fluctuaciones de voltaje de la red el\u00e9ctrica, mantiene estable el voltaje de salida y puede inhibir eficazmente el efecto de batido causado por la frecuencia de la red el\u00e9ctrica. <\/p>\n<p><strong>9.<\/strong> Conjunto personalizable del l\u00edmite de voltaje de salida superior para cumplir con diversas aplicaciones y equipos de maquinaria requeridos. <br \/>10. Sistema altamente integrado, dimensiones optimizadas, peso ligero, tama\u00f1o reducido, f\u00e1cil instalaci\u00f3n. <\/p>\n<p><strong>11.<\/strong> Vivienda totalmente cerrada, adaptada al entorno de trabajo hostil. <\/p>\n<p><strong>12.<\/strong> Con protecci\u00f3n contra sobrecalentamiento, sobrecarga y cortocircuito en la salida.<\/p>\n<h2><strong>Especificaciones t\u00e9cnicas<\/strong><\/h2>\n<table style=\"border-collapse: collapse; width: 540.77pt;\" border=\"0\" width=\"721\" cellspacing=\"0\" cellpadding=\"0\">\n<tbody>\n<tr style=\"height: 17.25pt;\">\n<td class=\"et2\" style=\"height: 33.75pt; width: 135.75pt;\" rowspan=\"2\" width=\"181\" height=\"45\">Art\u00edculo<\/td>\n<td class=\"et3\" style=\"width: 181.50pt;\" colspan=\"2\" width=\"242\">Valor de rango<\/td>\n<td class=\"et4\" style=\"width: 84.00pt; border-bottom: 1.0pt solid #DDDDDD;\" rowspan=\"2\" width=\"112\">Unidad<\/td>\n<td class=\"et5\" style=\"width: 139.50pt;\" rowspan=\"2\" width=\"186\">Observaci\u00f3n<\/td>\n<\/tr>\n<tr style=\"height: 16.50pt;\">\n<td class=\"et7\" style=\"width: 87.75pt;\" width=\"117\">M\u00edn.<\/td>\n<td class=\"et7\" style=\"width: 93.75pt;\" width=\"125\">M\u00e1x.<\/td>\n<\/tr>\n<tr style=\"height: 45.75pt;\">\n<td class=\"et6\" style=\"height: 45.75pt; width: 135.75pt;\" width=\"181\" height=\"61\">Voltaje de entrada<\/td>\n<td class=\"et10\" style=\"width: 87.75pt;\" width=\"117\">85<\/td>\n<td class=\"et10\" style=\"width: 93.75pt;\" width=\"125\">265<\/td>\n<td class=\"et10\" style=\"width: 84.00pt;\" width=\"112\">V<\/td>\n<td class=\"et11\" style=\"width: 139.50pt;\" width=\"186\">Onda sinusoidal 50\/60 Hz<\/td>\n<\/tr>\n<tr style=\"height: 75.75pt;\">\n<td class=\"et6\" style=\"height: 75.75pt; width: 135.75pt;\" width=\"181\" height=\"101\">Voltaje de salida<\/td>\n<td class=\"et10\" style=\"width: 87.75pt;\" width=\"117\">0<\/td>\n<td class=\"et10\" style=\"width: 93.75pt;\" width=\"125\">250<\/td>\n<td class=\"et10\" style=\"width: 84.00pt;\" width=\"112\">V<\/td>\n<td class=\"et11\" style=\"width: 139.50pt;\" width=\"186\">Precisi\u00f3n de regulaci\u00f3n de voltaje: 1v<\/td>\n<\/tr>\n<tr style=\"height: 60.75pt;\">\n<td class=\"et6\" style=\"height: 60.75pt; width: 135.75pt;\" width=\"181\" height=\"81\">Corriente de salida<\/td>\n<td class=\"et10\" style=\"width: 87.75pt;\" width=\"117\">0<\/td>\n<td class=\"et10\" style=\"width: 93.75pt;\" width=\"125\">4.5<\/td>\n<td class=\"et10\" style=\"width: 84.00pt;\" width=\"112\">A<\/td>\n<td class=\"et11\" style=\"width: 139.50pt;\" width=\"186\">Potencia nominal: 1,5 A\/3 A\/4,5 A<\/td>\n<\/tr>\n<tr style=\"height: 60.75pt;\">\n<td class=\"et6\" style=\"height: 60.75pt; width: 135.75pt;\" width=\"181\" height=\"81\">Frecuencia de salida<\/td>\n<td class=\"et10\" style=\"width: 87.75pt;\" width=\"117\">40<\/td>\n<td class=\"et10\" style=\"width: 93.75pt;\" width=\"125\">400<\/td>\n<td class=\"et10\" style=\"width: 84.00pt;\" width=\"112\">Hz<\/td>\n<td class=\"et11\" style=\"width: 139.50pt;\" width=\"186\">Precisi\u00f3n del rango de frecuencia: 0,1 Hz<\/td>\n<\/tr>\n<tr style=\"height: 33.00pt;\">\n<td class=\"et6\" style=\"height: 33.00pt; width: 135.75pt;\" width=\"181\" height=\"44\">Onda de salida<\/td>\n<td class=\"et10\" style=\"width: 405.00pt;\" colspan=\"4\" width=\"540\">Onda sinusoidal<\/td>\n<\/tr>\n<tr style=\"height: 63.75pt;\">\n<td class=\"et6\" style=\"height: 63.75pt; width: 135.75pt;\" width=\"181\" height=\"85\">Intervalo de tiempo de retardo de inicio<\/td>\n<td class=\"et10\" style=\"width: 87.75pt;\" width=\"117\">0<\/td>\n<td class=\"et10\" style=\"width: 93.75pt;\" width=\"125\">30<\/td>\n<td class=\"et10\" style=\"width: 84.00pt;\" width=\"112\">S<\/td>\n<td class=\"et11\" style=\"width: 139.50pt;\" width=\"186\">Precisi\u00f3n del tiempo de retardo: 15<\/td>\n<\/tr>\n<tr style=\"height: 60.75pt;\">\n<td class=\"et6\" style=\"height: 60.75pt; width: 135.75pt;\" width=\"181\" height=\"81\">Intervalo de tiempo de retardo de apagado<\/td>\n<td class=\"et10\" style=\"width: 87.75pt;\" width=\"117\">0<\/td>\n<td class=\"et10\" style=\"width: 93.75pt;\" width=\"125\">30<\/td>\n<td class=\"et10\" style=\"width: 84.00pt;\" width=\"112\">S<\/td>\n<td class=\"et11\" style=\"width: 139.50pt;\" width=\"186\">Precisi\u00f3n del tiempo de retardo: 15<\/td>\n<\/tr>\n<tr style=\"height: 60.75pt;\">\n<td class=\"et6\" style=\"height: 60.75pt; width: 135.75pt;\" width=\"181\" height=\"81\">Tiempo de inicio lento<\/td>\n<td class=\"et10\" style=\"width: 87.75pt;\" width=\"117\">0.1<\/td>\n<td class=\"et10\" style=\"width: 93.75pt;\" width=\"125\">9.9<\/td>\n<td class=\"et10\" style=\"width: 84.00pt;\" width=\"112\">S<\/td>\n<td class=\"et11\" style=\"width: 139.50pt;\" width=\"186\">Tiempo de inicio lento: 0,15<\/td>\n<\/tr>\n<tr style=\"height: 48.00pt;\">\n<td class=\"et6\" style=\"height: 48.00pt; width: 135.75pt;\" width=\"181\" height=\"64\">Tiempo de parada lento<\/td>\n<td class=\"et10\" style=\"width: 87.75pt;\" width=\"117\">0.1<\/td>\n<td class=\"et10\" style=\"width: 93.75pt;\" width=\"125\">0.3<\/td>\n<td class=\"et10\" style=\"width: 84.00pt;\" width=\"112\">S<\/td>\n<td class=\"et11\" style=\"width: 139.50pt;\" width=\"186\">Programa de control autom\u00e1tico<\/td>\n<\/tr>\n<tr style=\"height: 120.75pt;\">\n<td class=\"et6\" style=\"height: 120.75pt; width: 135.75pt;\" width=\"181\" height=\"161\">Sensibilidad fotoel\u00e9ctrica<\/td>\n<td class=\"et10\" style=\"width: 87.75pt;\" width=\"117\">0<\/td>\n<td class=\"et10\" style=\"width: 93.75pt;\" width=\"125\">99<\/td>\n<td class=\"et12\" style=\"width: 84.00pt;\" width=\"112\">\u00a0<\/td>\n<td class=\"et11\" style=\"width: 139.50pt;\" width=\"186\">Cuanto mayor sea el valor, mayor ser\u00e1 la sensibilidad.<\/td>\n<\/tr>\n<tr style=\"height: 136.50pt;\">\n<td class=\"et6\" style=\"height: 136.50pt; width: 135.75pt;\" width=\"181\" height=\"182\">Salida de control de CC<\/td>\n<td class=\"et10\" style=\"width: 181.50pt;\" colspan=\"2\" width=\"242\">24 V 200 mA<\/td>\n<td class=\"et12\" style=\"width: 84.00pt;\" width=\"112\">\u00a0<\/td>\n<td class=\"et11\" style=\"width: 139.50pt;\" width=\"186\">Acciona sensores externos y v\u00e1lvulas solenoides de bajo consumo para suministro de energ\u00eda.<\/td>\n<\/tr>\n<tr style=\"height: 64.50pt;\">\n<td class=\"et6\" style=\"height: 64.50pt; width: 135.75pt;\" width=\"181\" height=\"86\">Consumo de energ\u00eda sin carga<\/td>\n<td class=\"et10\" style=\"width: 181.50pt;\" colspan=\"2\" width=\"242\">&lt;3W<\/td>\n<td class=\"et10\" style=\"width: 84.00pt;\" width=\"112\">Yo<\/td>\n<td class=\"et11\" style=\"width: 139.50pt;\" width=\"186\">Voltaje de entrada: 220 V 50 Hz<\/td>\n<\/tr>\n<tr style=\"height: 33.00pt;\">\n<td class=\"et6\" style=\"height: 33.00pt; width: 135.75pt;\" width=\"181\" height=\"44\">Modo de visualizaci\u00f3n<\/td>\n<td class=\"et10\" style=\"width: 181.50pt;\" colspan=\"2\" width=\"242\">LED+Luz indicadora 5<\/td>\n<td class=\"et12\" style=\"width: 84.00pt;\" width=\"112\">\u00a0<\/td>\n<td class=\"et13\" style=\"width: 139.50pt;\" width=\"186\">\u00a0<\/td>\n<\/tr>\n<tr style=\"height: 91.50pt;\">\n<td class=\"et6\" style=\"height: 91.50pt; width: 135.75pt;\" width=\"181\" height=\"122\">Modo de operaci\u00f3n<\/td>\n<td class=\"et10\" style=\"width: 181.50pt;\" colspan=\"2\" width=\"242\">Interruptor de codificaci\u00f3n Keys+<\/td>\n<td class=\"et12\" style=\"width: 84.00pt;\" width=\"112\">\u00a0<\/td>\n<td class=\"et11\" style=\"width: 139.50pt;\" width=\"186\">Funcionamiento con lanzadera de alta velocidad, dise\u00f1o patentado<\/td>\n<\/tr>\n<tr style=\"height: 76.50pt;\">\n<td class=\"et6\" style=\"height: 182.25pt; width: 135.75pt;\" rowspan=\"2\" width=\"181\" height=\"243\">Modo de control<\/td>\n<td class=\"et10\" style=\"width: 87.75pt;\" width=\"117\">Con sensor fotoel\u00e9ctrico infrarrojo<\/td>\n<td class=\"et12\" style=\"width: 93.75pt;\" width=\"125\">\u00a0<\/td>\n<td class=\"et12\" style=\"width: 84.00pt;\" width=\"112\">\u00a0<\/td>\n<td class=\"et11\" style=\"width: 139.50pt;\" rowspan=\"2\" width=\"186\">Control de apagado de material lleno\/vac\u00edo<\/td>\n<\/tr>\n<tr style=\"height: 105.75pt;\">\n<td class=\"et10\" style=\"width: 87.75pt;\" width=\"117\">Se\u00f1al de nivel bajo (sensor de prop\u00f3sito general NPN o PLC)<\/td>\n<td class=\"et12\" style=\"width: 93.75pt;\" width=\"125\">\u00a0<\/td>\n<td class=\"et12\" style=\"width: 84.00pt;\" width=\"112\">\u00a0<\/td>\n<\/tr>\n<tr style=\"height: 60.75pt;\">\n<td class=\"et6\" style=\"height: 60.75pt; width: 135.75pt;\" width=\"181\" height=\"81\">Temperatura de trabajo<\/td>\n<td class=\"et10\" style=\"width: 87.75pt;\" width=\"117\">-20<\/td>\n<td class=\"et10\" style=\"width: 93.75pt;\" width=\"125\">40<\/td>\n<td class=\"et10\" style=\"width: 84.00pt;\" width=\"112\">\u2103<\/td>\n<td class=\"et11\" style=\"width: 139.50pt;\" width=\"186\">Protecci\u00f3n contra sobrecalentamiento: 58 \u2103<\/td>\n<\/tr>\n<tr style=\"height: 48.00pt;\">\n<td class=\"et6\" style=\"height: 48.00pt; width: 135.75pt;\" width=\"181\" height=\"64\">Humedad relativa de trabajo<\/td>\n<td class=\"et10\" style=\"width: 87.75pt;\" width=\"117\">0<\/td>\n<td class=\"et10\" style=\"width: 93.75pt;\" width=\"125\">90<\/td>\n<td class=\"et10\" style=\"width: 84.00pt;\" width=\"112\">%<\/td>\n<td class=\"et11\" style=\"width: 139.50pt;\" width=\"186\">Sin condensaci\u00f3n<\/td>\n<\/tr>\n<tr style=\"height: 64.50pt;\">\n<td class=\"et6\" style=\"height: 64.50pt; width: 135.75pt;\" width=\"181\" height=\"86\">Medidas de protecci\u00f3n<\/td>\n<td class=\"et10\" style=\"width: 405.00pt;\" colspan=\"4\" width=\"540\">Protecci\u00f3n contra sobrecalentamiento, sobrecorriente y cortocircuito en la salida.<\/td>\n<\/tr>\n<tr style=\"height: 31.50pt;\">\n<td class=\"et14\" style=\"height: 31.50pt; width: 135.75pt;\" width=\"181\" height=\"42\">Solicitud<\/td>\n<td class=\"et15\" style=\"width: 405.00pt;\" colspan=\"4\" width=\"540\">Electromagn\u00e9tico<\/td>\n<\/tr>\n<\/tbody>\n<\/table>","protected":false},"excerpt":{"rendered":"<p>Controlador compacto de 150 mm de largo, 69 mm de ancho y 70 mm de alto, 90 mm de alto, instalaci\u00f3n de 130 mm x 62 mm. Alto ahorro de factor de potencia, interfaz \u00f3ptica inteligente, funcionamiento de velocidad patentado, salida de 24 V 200 mA, garant\u00eda de 3 a\u00f1os.<\/p>","protected":false},"featured_media":1992,"comment_status":"open","ping_status":"closed","template":"","meta":[],"product_cat":[45],"product_tag":[],"yoast_head":"<!-- This site is optimized with the Yoast SEO plugin v22.2 - https:\/\/yoast.com\/wordpress\/plugins\/seo\/ -->\n<title>Variable Voltage Digital Controller for Vibratory Feeder SW-30 - SWOER<\/title>\n<meta name=\"robots\" content=\"index, follow, max-snippet:-1, max-image-preview:large, max-video-preview:-1\" \/>\n<link rel=\"canonical\" href=\"https:\/\/swoer.com\/es_ve\/manufacturer\/variable-voltage-digital-controller-for-vibratory-feeder-sw-30\/\" \/>\n<meta property=\"og:locale\" content=\"es_ES\" \/>\n<meta property=\"og:type\" content=\"article\" \/>\n<meta property=\"og:title\" content=\"Variable Voltage Digital Controller for Vibratory Feeder SW-30 - SWOER\" \/>\n<meta property=\"og:description\" content=\"Compact controller L150mmW69mmH70mm90mm, 130mm*62mm installation. High power factor saving, smart optical interface, patented speed operation, 24V 200mA output, 3-year warranty.\" \/>\n<meta property=\"og:url\" content=\"https:\/\/swoer.com\/es_ve\/manufacturer\/variable-voltage-digital-controller-for-vibratory-feeder-sw-30\/\" \/>\n<meta property=\"og:site_name\" content=\"SWOER\" \/>\n<meta property=\"article:modified_time\" content=\"2024-04-17T08:24:59+00:00\" \/>\n<meta property=\"og:image\" content=\"https:\/\/swoer.com\/wp-content\/uploads\/2024\/04\/variable-voltage-digital-controller-for-vibratory-feeder-SW-30.webp\" \/>\n\t<meta property=\"og:image:width\" content=\"1000\" \/>\n\t<meta property=\"og:image:height\" content=\"1000\" \/>\n\t<meta property=\"og:image:type\" content=\"image\/webp\" \/>\n<meta name=\"twitter:card\" content=\"summary_large_image\" \/>\n<meta name=\"twitter:label1\" content=\"Tiempo estimado de lectura\" \/>\n\t<meta name=\"twitter:data1\" content=\"1 minuto\" \/>\n<script type=\"application\/ld+json\" class=\"yoast-schema-graph\">{\"@context\":\"https:\/\/schema.org\",\"@graph\":[{\"@type\":\"WebPage\",\"@id\":\"https:\/\/swoer.com\/manufacturer\/variable-voltage-digital-controller-for-vibratory-feeder-sw-30\/\",\"url\":\"https:\/\/swoer.com\/manufacturer\/variable-voltage-digital-controller-for-vibratory-feeder-sw-30\/\",\"name\":\"Variable Voltage Digital Controller for Vibratory Feeder SW-30 - SWOER\",\"isPartOf\":{\"@id\":\"https:\/\/swoer.com\/#website\"},\"primaryImageOfPage\":{\"@id\":\"https:\/\/swoer.com\/manufacturer\/variable-voltage-digital-controller-for-vibratory-feeder-sw-30\/#primaryimage\"},\"image\":{\"@id\":\"https:\/\/swoer.com\/manufacturer\/variable-voltage-digital-controller-for-vibratory-feeder-sw-30\/#primaryimage\"},\"thumbnailUrl\":\"https:\/\/swoer.com\/wp-content\/uploads\/2024\/04\/variable-voltage-digital-controller-for-vibratory-feeder-SW-30.webp\",\"datePublished\":\"2024-04-17T08:17:36+00:00\",\"dateModified\":\"2024-04-17T08:24:59+00:00\",\"breadcrumb\":{\"@id\":\"https:\/\/swoer.com\/manufacturer\/variable-voltage-digital-controller-for-vibratory-feeder-sw-30\/#breadcrumb\"},\"inLanguage\":\"es\",\"potentialAction\":[{\"@type\":\"ReadAction\",\"target\":[\"https:\/\/swoer.com\/manufacturer\/variable-voltage-digital-controller-for-vibratory-feeder-sw-30\/\"]}]},{\"@type\":\"ImageObject\",\"inLanguage\":\"es\",\"@id\":\"https:\/\/swoer.com\/manufacturer\/variable-voltage-digital-controller-for-vibratory-feeder-sw-30\/#primaryimage\",\"url\":\"https:\/\/swoer.com\/wp-content\/uploads\/2024\/04\/variable-voltage-digital-controller-for-vibratory-feeder-SW-30.webp\",\"contentUrl\":\"https:\/\/swoer.com\/wp-content\/uploads\/2024\/04\/variable-voltage-digital-controller-for-vibratory-feeder-SW-30.webp\",\"width\":1000,\"height\":1000,\"caption\":\"variable voltage digital controller for vibratory feeder SW-30\"},{\"@type\":\"BreadcrumbList\",\"@id\":\"https:\/\/swoer.com\/manufacturer\/variable-voltage-digital-controller-for-vibratory-feeder-sw-30\/#breadcrumb\",\"itemListElement\":[{\"@type\":\"ListItem\",\"position\":1,\"name\":\"Home\",\"item\":\"https:\/\/swoer.com\/\"},{\"@type\":\"ListItem\",\"position\":2,\"name\":\"Shop\",\"item\":\"https:\/\/swoer.com\/shop\/\"},{\"@type\":\"ListItem\",\"position\":3,\"name\":\"Variable Voltage Digital Controller for Vibratory Feeder SW-30\"}]},{\"@type\":\"WebSite\",\"@id\":\"https:\/\/swoer.com\/#website\",\"url\":\"https:\/\/swoer.com\/\",\"name\":\"SWOER\",\"description\":\"Swoer is the top 3 vibratory bowl feeder manufacturer in China\",\"potentialAction\":[{\"@type\":\"SearchAction\",\"target\":{\"@type\":\"EntryPoint\",\"urlTemplate\":\"https:\/\/swoer.com\/?s={search_term_string}\"},\"query-input\":\"required name=search_term_string\"}],\"inLanguage\":\"es\"}]}<\/script>\n<!-- \/ Yoast SEO plugin. -->","yoast_head_json":{"title":"Variable Voltage Digital Controller for Vibratory Feeder SW-30 - SWOER","robots":{"index":"index","follow":"follow","max-snippet":"max-snippet:-1","max-image-preview":"max-image-preview:large","max-video-preview":"max-video-preview:-1"},"canonical":"https:\/\/swoer.com\/es_ve\/manufacturer\/variable-voltage-digital-controller-for-vibratory-feeder-sw-30\/","og_locale":"es_ES","og_type":"article","og_title":"Variable Voltage Digital Controller for Vibratory Feeder SW-30 - SWOER","og_description":"Compact controller L150mmW69mmH70mm90mm, 130mm*62mm installation. High power factor saving, smart optical interface, patented speed operation, 24V 200mA output, 3-year warranty.","og_url":"https:\/\/swoer.com\/es_ve\/manufacturer\/variable-voltage-digital-controller-for-vibratory-feeder-sw-30\/","og_site_name":"SWOER","article_modified_time":"2024-04-17T08:24:59+00:00","og_image":[{"width":1000,"height":1000,"url":"https:\/\/swoer.com\/wp-content\/uploads\/2024\/04\/variable-voltage-digital-controller-for-vibratory-feeder-SW-30.webp","type":"image\/webp"}],"twitter_card":"summary_large_image","twitter_misc":{"Tiempo estimado de lectura":"1 minuto"},"schema":{"@context":"https:\/\/schema.org","@graph":[{"@type":"WebPage","@id":"https:\/\/swoer.com\/manufacturer\/variable-voltage-digital-controller-for-vibratory-feeder-sw-30\/","url":"https:\/\/swoer.com\/manufacturer\/variable-voltage-digital-controller-for-vibratory-feeder-sw-30\/","name":"Variable Voltage Digital Controller for Vibratory Feeder SW-30 - SWOER","isPartOf":{"@id":"https:\/\/swoer.com\/#website"},"primaryImageOfPage":{"@id":"https:\/\/swoer.com\/manufacturer\/variable-voltage-digital-controller-for-vibratory-feeder-sw-30\/#primaryimage"},"image":{"@id":"https:\/\/swoer.com\/manufacturer\/variable-voltage-digital-controller-for-vibratory-feeder-sw-30\/#primaryimage"},"thumbnailUrl":"https:\/\/swoer.com\/wp-content\/uploads\/2024\/04\/variable-voltage-digital-controller-for-vibratory-feeder-SW-30.webp","datePublished":"2024-04-17T08:17:36+00:00","dateModified":"2024-04-17T08:24:59+00:00","breadcrumb":{"@id":"https:\/\/swoer.com\/manufacturer\/variable-voltage-digital-controller-for-vibratory-feeder-sw-30\/#breadcrumb"},"inLanguage":"es","potentialAction":[{"@type":"ReadAction","target":["https:\/\/swoer.com\/manufacturer\/variable-voltage-digital-controller-for-vibratory-feeder-sw-30\/"]}]},{"@type":"ImageObject","inLanguage":"es","@id":"https:\/\/swoer.com\/manufacturer\/variable-voltage-digital-controller-for-vibratory-feeder-sw-30\/#primaryimage","url":"https:\/\/swoer.com\/wp-content\/uploads\/2024\/04\/variable-voltage-digital-controller-for-vibratory-feeder-SW-30.webp","contentUrl":"https:\/\/swoer.com\/wp-content\/uploads\/2024\/04\/variable-voltage-digital-controller-for-vibratory-feeder-SW-30.webp","width":1000,"height":1000,"caption":"variable voltage digital controller for vibratory feeder SW-30"},{"@type":"BreadcrumbList","@id":"https:\/\/swoer.com\/manufacturer\/variable-voltage-digital-controller-for-vibratory-feeder-sw-30\/#breadcrumb","itemListElement":[{"@type":"ListItem","position":1,"name":"Home","item":"https:\/\/swoer.com\/"},{"@type":"ListItem","position":2,"name":"Shop","item":"https:\/\/swoer.com\/shop\/"},{"@type":"ListItem","position":3,"name":"Variable Voltage Digital Controller for Vibratory Feeder SW-30"}]},{"@type":"WebSite","@id":"https:\/\/swoer.com\/#website","url":"https:\/\/swoer.com\/","name":"SWOER","description":"Swoer is the top 3 vibratory bowl feeder manufacturer in China","potentialAction":[{"@type":"SearchAction","target":{"@type":"EntryPoint","urlTemplate":"https:\/\/swoer.com\/?s={search_term_string}"},"query-input":"required name=search_term_string"}],"inLanguage":"es"}]}},"_links":{"self":[{"href":"https:\/\/swoer.com\/es_ve\/wp-json\/wp\/v2\/product\/1991"}],"collection":[{"href":"https:\/\/swoer.com\/es_ve\/wp-json\/wp\/v2\/product"}],"about":[{"href":"https:\/\/swoer.com\/es_ve\/wp-json\/wp\/v2\/types\/product"}],"replies":[{"embeddable":true,"href":"https:\/\/swoer.com\/es_ve\/wp-json\/wp\/v2\/comments?post=1991"}],"wp:featuredmedia":[{"embeddable":true,"href":"https:\/\/swoer.com\/es_ve\/wp-json\/wp\/v2\/media\/1992"}],"wp:attachment":[{"href":"https:\/\/swoer.com\/es_ve\/wp-json\/wp\/v2\/media?parent=1991"}],"wp:term":[{"taxonomy":"product_cat","embeddable":true,"href":"https:\/\/swoer.com\/es_ve\/wp-json\/wp\/v2\/product_cat?post=1991"},{"taxonomy":"product_tag","embeddable":true,"href":"https:\/\/swoer.com\/es_ve\/wp-json\/wp\/v2\/product_tag?post=1991"}],"curies":[{"name":"wp","href":"https:\/\/api.w.org\/{rel}","templated":true}]}}