{"id":1800,"date":"2024-04-01T06:22:06","date_gmt":"2024-04-01T06:22:06","guid":{"rendered":"https:\/\/lightgrey-porpoise-816575.hostingersite.com\/?post_type=product&#038;p=1800"},"modified":"2024-04-01T06:25:30","modified_gmt":"2024-04-01T06:25:30","slug":"iron-ring-centrifugal-bowl-feeder","status":"publish","type":"product","link":"https:\/\/swoer.com\/es_ve\/manufacturer\/iron-ring-centrifugal-bowl-feeder\/","title":{"rendered":"Alimentador centr\u00edfugo de cuenco con anillo de hierro"},"content":{"rendered":"<p>Con m\u00e1s de una d\u00e9cada de experiencia profesional en dise\u00f1o y fabricaci\u00f3n, nos especializamos en alimentadores centr\u00edfugos. Conf\u00ede en nuestras soluciones confiables para una alimentaci\u00f3n de piezas eficiente y sin inconvenientes en diversas industrias.<\/p>\n\t<div id=\"gap-1546991381\" class=\"gap-element clearfix\" style=\"display:block; height:auto;\">\n\t\t\n<style>\n#gap-1546991381 {\n  padding-top: 30px;\n}\n<\/style>\n\t<\/div>\n\t\n<h2>Descripci\u00f3n:<\/h2>\n<table style=\"border-collapse: collapse; width: 488.27pt;\" border=\"0\" width=\"651\" cellspacing=\"0\" cellpadding=\"0\">\n<tbody>\n<tr style=\"height: 30.00pt;\">\n<td class=\"et3\" style=\"height: 30.00pt; width: 210.75pt;\" width=\"281\" height=\"40\">Nombre<\/td>\n<td class=\"et3\" style=\"width: 277.50pt;\" width=\"370\">Alimentador centr\u00edfugo de cuenco con anillo de hierro<\/td>\n<\/tr>\n<tr style=\"height: 29.00pt;\">\n<td class=\"et3\" style=\"height: 29.00pt;\" height=\"38\">Marca<\/td>\n<td class=\"et3\">PALABRAS<\/td>\n<\/tr>\n<tr style=\"height: 25.00pt;\">\n<td class=\"et3\" style=\"height: 25.00pt;\" height=\"33\">Material<\/td>\n<td class=\"et3\">SUS304, Pl\u00e1stico<\/td>\n<\/tr>\n<tr style=\"height: 30.00pt;\">\n<td class=\"et3\" style=\"height: 30.00pt;\" height=\"40\">Tama\u00f1o<\/td>\n<td class=\"et3\">Costumbre<\/td>\n<\/tr>\n<tr style=\"height: 30.00pt;\">\n<td class=\"et3\" style=\"height: 30.00pt;\" height=\"40\">Funci\u00f3n<\/td>\n<td class=\"et3\">Material de transporte<\/td>\n<\/tr>\n<tr style=\"height: 30.00pt;\">\n<td class=\"et3\" style=\"height: 30.00pt;\" height=\"40\">Uso<\/td>\n<td class=\"et3\">Clasificador, conteo<\/td>\n<\/tr>\n<tr style=\"height: 28.00pt;\">\n<td class=\"et3\" style=\"height: 28.00pt;\" height=\"37\">Ventaja<\/td>\n<td class=\"et3\">Ahorrar recursos humanos<\/td>\n<\/tr>\n<tr style=\"height: 32.00pt;\">\n<td class=\"et3\" style=\"height: 32.00pt;\" height=\"42\">Tipo de m\u00e1quina<\/td>\n<td class=\"et3\">Conjunto completo<\/td>\n<\/tr>\n<tr style=\"height: 29.00pt;\">\n<td class=\"et3\" style=\"height: 29.00pt;\" height=\"38\">Art\u00edculo<\/td>\n<td class=\"et3\">Equipo autom\u00e1tico<\/td>\n<\/tr>\n<tr style=\"height: 33.00pt;\">\n<td class=\"et3\" style=\"height: 33.00pt;\" height=\"44\">Industrias aplicables<\/td>\n<td class=\"et3\">Plantas manufactureras, granjas, industria<\/td>\n<\/tr>\n<tr style=\"height: 31.00pt;\">\n<td class=\"et3\" style=\"height: 31.00pt;\" height=\"41\">Servicio posventa proporcionado<\/td>\n<td class=\"et3\">Soporte t\u00e9cnico por video, Soporte en l\u00ednea<\/td>\n<\/tr>\n<\/tbody>\n<\/table>","protected":false},"excerpt":{"rendered":"<p>- Cantidad m\u00ednima de pedido: 1 pieza<\/p>\n<p>-Servicio OEM\/ODM ofrecido<\/p>\n<p>-Aceptar personalizaci\u00f3n<\/p>\n<p>Si desea obtener precios de alimentadores de cuenco centr\u00edfugos, comun\u00edquese con nosotros.<\/p>","protected":false},"featured_media":1801,"comment_status":"open","ping_status":"closed","template":"","meta":[],"product_cat":[36],"product_tag":[],"yoast_head":"<!-- This site is optimized with the Yoast SEO plugin v22.2 - https:\/\/yoast.com\/wordpress\/plugins\/seo\/ -->\n<title>Iron Ring Centrifugal Bowl Feeder - SWOER<\/title>\n<meta name=\"robots\" content=\"index, follow, max-snippet:-1, max-image-preview:large, max-video-preview:-1\" \/>\n<link rel=\"canonical\" href=\"https:\/\/swoer.com\/es_ve\/manufacturer\/iron-ring-centrifugal-bowl-feeder\/\" \/>\n<meta property=\"og:locale\" content=\"es_ES\" \/>\n<meta property=\"og:type\" content=\"article\" \/>\n<meta property=\"og:title\" content=\"Iron Ring Centrifugal Bowl Feeder - SWOER\" \/>\n<meta property=\"og:description\" content=\"-MOQ:1 pcs  -OEM\/ODM service offered  -Accept Customization  If you want to get centrifugal bowl feeder prices, please get in touch with us.\" \/>\n<meta property=\"og:url\" content=\"https:\/\/swoer.com\/es_ve\/manufacturer\/iron-ring-centrifugal-bowl-feeder\/\" \/>\n<meta property=\"og:site_name\" content=\"SWOER\" \/>\n<meta property=\"article:modified_time\" content=\"2024-04-01T06:25:30+00:00\" \/>\n<meta property=\"og:image\" content=\"https:\/\/swoer.com\/wp-content\/uploads\/2024\/04\/iron-ring-centrifugal-bowl-feeder.webp\" \/>\n\t<meta property=\"og:image:width\" content=\"1000\" \/>\n\t<meta property=\"og:image:height\" content=\"1000\" \/>\n\t<meta property=\"og:image:type\" content=\"image\/webp\" \/>\n<meta name=\"twitter:card\" content=\"summary_large_image\" \/>\n<meta name=\"twitter:label1\" content=\"Tiempo estimado de lectura\" \/>\n\t<meta name=\"twitter:data1\" content=\"1 minuto\" \/>\n<script type=\"application\/ld+json\" class=\"yoast-schema-graph\">{\"@context\":\"https:\/\/schema.org\",\"@graph\":[{\"@type\":\"WebPage\",\"@id\":\"https:\/\/swoer.com\/manufacturer\/iron-ring-centrifugal-bowl-feeder\/\",\"url\":\"https:\/\/swoer.com\/manufacturer\/iron-ring-centrifugal-bowl-feeder\/\",\"name\":\"Iron Ring Centrifugal Bowl Feeder - SWOER\",\"isPartOf\":{\"@id\":\"https:\/\/swoer.com\/#website\"},\"primaryImageOfPage\":{\"@id\":\"https:\/\/swoer.com\/manufacturer\/iron-ring-centrifugal-bowl-feeder\/#primaryimage\"},\"image\":{\"@id\":\"https:\/\/swoer.com\/manufacturer\/iron-ring-centrifugal-bowl-feeder\/#primaryimage\"},\"thumbnailUrl\":\"https:\/\/swoer.com\/wp-content\/uploads\/2024\/04\/iron-ring-centrifugal-bowl-feeder.webp\",\"datePublished\":\"2024-04-01T06:22:06+00:00\",\"dateModified\":\"2024-04-01T06:25:30+00:00\",\"breadcrumb\":{\"@id\":\"https:\/\/swoer.com\/manufacturer\/iron-ring-centrifugal-bowl-feeder\/#breadcrumb\"},\"inLanguage\":\"es\",\"potentialAction\":[{\"@type\":\"ReadAction\",\"target\":[\"https:\/\/swoer.com\/manufacturer\/iron-ring-centrifugal-bowl-feeder\/\"]}]},{\"@type\":\"ImageObject\",\"inLanguage\":\"es\",\"@id\":\"https:\/\/swoer.com\/manufacturer\/iron-ring-centrifugal-bowl-feeder\/#primaryimage\",\"url\":\"https:\/\/swoer.com\/wp-content\/uploads\/2024\/04\/iron-ring-centrifugal-bowl-feeder.webp\",\"contentUrl\":\"https:\/\/swoer.com\/wp-content\/uploads\/2024\/04\/iron-ring-centrifugal-bowl-feeder.webp\",\"width\":1000,\"height\":1000,\"caption\":\"iron ring centrifugal bowl feeder\"},{\"@type\":\"BreadcrumbList\",\"@id\":\"https:\/\/swoer.com\/manufacturer\/iron-ring-centrifugal-bowl-feeder\/#breadcrumb\",\"itemListElement\":[{\"@type\":\"ListItem\",\"position\":1,\"name\":\"Home\",\"item\":\"https:\/\/swoer.com\/\"},{\"@type\":\"ListItem\",\"position\":2,\"name\":\"Shop\",\"item\":\"https:\/\/swoer.com\/shop\/\"},{\"@type\":\"ListItem\",\"position\":3,\"name\":\"Iron Ring Centrifugal Bowl Feeder\"}]},{\"@type\":\"WebSite\",\"@id\":\"https:\/\/swoer.com\/#website\",\"url\":\"https:\/\/swoer.com\/\",\"name\":\"SWOER\",\"description\":\"Swoer is the top 3 vibratory bowl feeder manufacturer in China\",\"potentialAction\":[{\"@type\":\"SearchAction\",\"target\":{\"@type\":\"EntryPoint\",\"urlTemplate\":\"https:\/\/swoer.com\/?s={search_term_string}\"},\"query-input\":\"required name=search_term_string\"}],\"inLanguage\":\"es\"}]}<\/script>\n<!-- \/ Yoast SEO plugin. -->","yoast_head_json":{"title":"Iron Ring Centrifugal Bowl Feeder - SWOER","robots":{"index":"index","follow":"follow","max-snippet":"max-snippet:-1","max-image-preview":"max-image-preview:large","max-video-preview":"max-video-preview:-1"},"canonical":"https:\/\/swoer.com\/es_ve\/manufacturer\/iron-ring-centrifugal-bowl-feeder\/","og_locale":"es_ES","og_type":"article","og_title":"Iron Ring Centrifugal Bowl Feeder - SWOER","og_description":"-MOQ:1 pcs  -OEM\/ODM service offered  -Accept Customization  If you want to get centrifugal bowl feeder prices, please get in touch with us.","og_url":"https:\/\/swoer.com\/es_ve\/manufacturer\/iron-ring-centrifugal-bowl-feeder\/","og_site_name":"SWOER","article_modified_time":"2024-04-01T06:25:30+00:00","og_image":[{"width":1000,"height":1000,"url":"https:\/\/swoer.com\/wp-content\/uploads\/2024\/04\/iron-ring-centrifugal-bowl-feeder.webp","type":"image\/webp"}],"twitter_card":"summary_large_image","twitter_misc":{"Tiempo estimado de lectura":"1 minuto"},"schema":{"@context":"https:\/\/schema.org","@graph":[{"@type":"WebPage","@id":"https:\/\/swoer.com\/manufacturer\/iron-ring-centrifugal-bowl-feeder\/","url":"https:\/\/swoer.com\/manufacturer\/iron-ring-centrifugal-bowl-feeder\/","name":"Iron Ring Centrifugal Bowl Feeder - SWOER","isPartOf":{"@id":"https:\/\/swoer.com\/#website"},"primaryImageOfPage":{"@id":"https:\/\/swoer.com\/manufacturer\/iron-ring-centrifugal-bowl-feeder\/#primaryimage"},"image":{"@id":"https:\/\/swoer.com\/manufacturer\/iron-ring-centrifugal-bowl-feeder\/#primaryimage"},"thumbnailUrl":"https:\/\/swoer.com\/wp-content\/uploads\/2024\/04\/iron-ring-centrifugal-bowl-feeder.webp","datePublished":"2024-04-01T06:22:06+00:00","dateModified":"2024-04-01T06:25:30+00:00","breadcrumb":{"@id":"https:\/\/swoer.com\/manufacturer\/iron-ring-centrifugal-bowl-feeder\/#breadcrumb"},"inLanguage":"es","potentialAction":[{"@type":"ReadAction","target":["https:\/\/swoer.com\/manufacturer\/iron-ring-centrifugal-bowl-feeder\/"]}]},{"@type":"ImageObject","inLanguage":"es","@id":"https:\/\/swoer.com\/manufacturer\/iron-ring-centrifugal-bowl-feeder\/#primaryimage","url":"https:\/\/swoer.com\/wp-content\/uploads\/2024\/04\/iron-ring-centrifugal-bowl-feeder.webp","contentUrl":"https:\/\/swoer.com\/wp-content\/uploads\/2024\/04\/iron-ring-centrifugal-bowl-feeder.webp","width":1000,"height":1000,"caption":"iron ring centrifugal bowl feeder"},{"@type":"BreadcrumbList","@id":"https:\/\/swoer.com\/manufacturer\/iron-ring-centrifugal-bowl-feeder\/#breadcrumb","itemListElement":[{"@type":"ListItem","position":1,"name":"Home","item":"https:\/\/swoer.com\/"},{"@type":"ListItem","position":2,"name":"Shop","item":"https:\/\/swoer.com\/shop\/"},{"@type":"ListItem","position":3,"name":"Iron Ring Centrifugal Bowl Feeder"}]},{"@type":"WebSite","@id":"https:\/\/swoer.com\/#website","url":"https:\/\/swoer.com\/","name":"SWOER","description":"Swoer is the top 3 vibratory bowl feeder manufacturer in China","potentialAction":[{"@type":"SearchAction","target":{"@type":"EntryPoint","urlTemplate":"https:\/\/swoer.com\/?s={search_term_string}"},"query-input":"required name=search_term_string"}],"inLanguage":"es"}]}},"_links":{"self":[{"href":"https:\/\/swoer.com\/es_ve\/wp-json\/wp\/v2\/product\/1800"}],"collection":[{"href":"https:\/\/swoer.com\/es_ve\/wp-json\/wp\/v2\/product"}],"about":[{"href":"https:\/\/swoer.com\/es_ve\/wp-json\/wp\/v2\/types\/product"}],"replies":[{"embeddable":true,"href":"https:\/\/swoer.com\/es_ve\/wp-json\/wp\/v2\/comments?post=1800"}],"wp:featuredmedia":[{"embeddable":true,"href":"https:\/\/swoer.com\/es_ve\/wp-json\/wp\/v2\/media\/1801"}],"wp:attachment":[{"href":"https:\/\/swoer.com\/es_ve\/wp-json\/wp\/v2\/media?parent=1800"}],"wp:term":[{"taxonomy":"product_cat","embeddable":true,"href":"https:\/\/swoer.com\/es_ve\/wp-json\/wp\/v2\/product_cat?post=1800"},{"taxonomy":"product_tag","embeddable":true,"href":"https:\/\/swoer.com\/es_ve\/wp-json\/wp\/v2\/product_tag?post=1800"}],"curies":[{"name":"wp","href":"https:\/\/api.w.org\/{rel}","templated":true}]}}